{"id":1442889,"date":"2023-05-14T14:13:06","date_gmt":"2023-05-14T14:13:06","guid":{"rendered":"https:\/\/talkpal.ai\/gramatika-norvegjeze\/"},"modified":"2025-12-17T17:37:03","modified_gmt":"2025-12-17T17:37:03","slug":"gramatika-norvegjeze","status":"publish","type":"page","link":"https:\/\/talkpal.ai\/sq\/gramatika-norvegjeze\/","title":{"rendered":"Gramatika norvegjeze"},"content":{"rendered":"\r\n\r\n\r\n<section class=\"languageChallengeSection\">\r\n    <div class=\"languageInfoWrapper\">\r\n        \r\n        <h1>Gramatika norvegjeze<\/h1>\r\n        <p>Zbuloni bazat e gramatik\u00ebs norvegjeze dhe zhbllokoni aft\u00ebsin\u00eb p\u00ebr t\u00eb komunikuar me besim n\u00eb nj\u00eb nga gjuh\u00ebt m\u00eb t\u00eb bukura t\u00eb Skandinavis\u00eb. T\u00eb kuptuarit e gramatik\u00ebs norvegjeze do t\u00eb hap\u00eb dyert p\u00ebr p\u00ebrvoja t\u00eb reja kulturore dhe biseda kuptimplota. Filloni t\u00eb m\u00ebsoni gramatik\u00ebn norvegjeze sot dhe hidhni hapin tuaj t\u00eb par\u00eb drejt rrjedhshm\u00ebris\u00eb!<\/p>\r\n\r\n                            <a class=\"getStartedHidden\" href=\"https:\/\/app.talkpal.ai\/signup?lng=\">Filloni<\/a>\r\n        \r\n    <\/div>\r\n\r\n    <figure>\r\n    <img decoding=\"async\" width=\"768\" height=\"768\" src=\"https:\/\/talkpal.ai\/wp-content\/uploads\/2023\/06\/norwegian-768x768.png\" class=\"languageImage no-lazy\" alt=\"Language learning for extensive vocabulary\" fetchpriority=\"high\" sizes=\"(max-width: 768px) 150px, 768px\" srcset=\"https:\/\/talkpal.ai\/wp-content\/uploads\/2023\/06\/norwegian-768x768.png 768w, https:\/\/talkpal.ai\/wp-content\/uploads\/2023\/06\/norwegian-300x300.png 300w\" \/>\r\n    \r\n\r\n    <\/figure>\r\n\r\n            <a class=\"getStartedVisible\" href=\"https:\/\/app.talkpal.ai\/signup?lng=\">Filloni<\/a>\r\n    \r\n<\/section>\r\n<section class=\"promotionalBanner\">\r\n    <p class=\"promotionalText\">M\u00ebnyra m\u00eb efikase p\u00ebr t\u00eb m\u00ebsuar nj\u00eb gjuh\u00eb<\/p>\r\n    <a class=\"promotionalLink\" href=\"https:\/\/app.talkpal.ai\/signup?lng=\">Provoni Talkpal falas<\/a>\r\n<\/section>\n<div class=\"wp-block-group pageContainerStyle\"><div class=\"wp-block-group__inner-container is-layout-constrained wp-block-group-is-layout-constrained\">\n<h2 class=\"wp-block-heading\" id=\"h-dive-into-norwegian-grammar-a-comprehensive-guide\">Zhytuni n\u00eb gramatik\u00ebn norvegjeze: Nj\u00eb udh\u00ebzues gjith\u00ebp\u00ebrfshir\u00ebs<\/h2>\n\n\n\n<p>Norvegjishtja, nj\u00eb gjuh\u00eb magjeps\u00ebse dhe ekspresive, ofron nj\u00eb mund\u00ebsi unike p\u00ebr nx\u00ebn\u00ebsit e gjuh\u00ebs p\u00ebr t\u00eb eksploruar trash\u00ebgimin\u00eb e pasur kulturore dhe historike t\u00eb Norvegjis\u00eb. Lajmi i mir\u00eb \u00ebsht\u00eb se <a href=\"https:\/\/talkpal.ai\/sq\/gramatika\/\">gramatika<\/a> norvegjeze ndan disa ngjashm\u00ebri me anglishten, duke e b\u00ebr\u00eb at\u00eb nj\u00eb gjuh\u00eb t\u00eb aksesueshme p\u00ebr t&#8217;u m\u00ebsuar. Ky artikull do t&#8217;ju udh\u00ebheq\u00eb p\u00ebrmes aspekteve thelb\u00ebsore t\u00eb gramatik\u00ebs norvegjeze, duke siguruar q\u00eb t\u00eb nd\u00ebrtoni nj\u00eb baz\u00eb t\u00eb fort\u00eb dhe t\u00eb kuptoni gjuh\u00ebn me besim.<\/p>\n\n\n\n<h3 class=\"wp-block-heading\" id=\"h-1-embracing-norwegian-nouns-and-articles\">1. P\u00ebrqafimi i emrave dhe artikujve norvegjez\u00eb<\/h3>\n\n\n\n<p>Emrat norvegjez\u00eb, si homolog\u00ebt e <a href=\"https:\/\/talkpal.ai\/locations\/language-courses-in-tyre\/\">tyre<\/a> anglez\u00eb, p\u00ebrfaq\u00ebsojn\u00eb njer\u00ebz, vende, gj\u00ebra ose ide. Ato klasifikohen n\u00eb tre gjini: mashkullore, fem\u00ebrore dhe neutre. Gjinia \u00ebsht\u00eb kritike n\u00eb p\u00ebrcaktimin e p\u00ebrfundimeve t\u00eb emrit dhe artikujve me t\u00eb cil\u00ebt duhet t\u00eb \u00e7iftohet.<\/p>\n\n\n\n<p>Ekzistojn\u00eb dy lloje artikujsh n\u00eb <a href=\"https:\/\/talkpal.ai\/learn-norwegian\/\">norvegjisht<\/a>: t\u00eb p\u00ebrcaktuar dhe t\u00eb pacaktuar. Artikujt e caktuar shfaqen si prapashtesa n\u00eb fund t\u00eb emrave, nd\u00ebrsa artikujt e pacaktuar jan\u00eb fjal\u00eb t\u00eb ve\u00e7anta q\u00eb i paraprijn\u00eb emrave. Artikujt duhet t\u00eb pajtohen me emrat n\u00eb gjini dhe num\u00ebr.<\/p>\n\n\n\n<p><strong>\u2013 Artikuj t\u00eb caktuar: -en (mashkullor), -a (fem\u00ebror), -et (neutr)<\/strong><\/p>\n\n\n\n<p><strong>\u2013 Artikuj t\u00eb pacaktuar: en (mashkullor), ei (fem\u00ebror), et (neutr)<\/strong><\/p>\n\n\n\n<h3 class=\"wp-block-heading\" id=\"h-2-mastering-norwegian-verbs-conjugation-and-tenses\">2. Zot\u00ebrimi i foljeve norvegjeze: Konjugimi dhe koh\u00ebt<\/h3>\n\n\n\n<p>Foljet norvegjeze jan\u00eb relativisht t\u00eb lehta p\u00ebr t&#8217;u m\u00ebsuar, pasi ato kan\u00eb m\u00eb pak konjugime se shum\u00eb gjuh\u00eb t\u00eb tjera. Foljet jan\u00eb t\u00eb lidhura sipas koh\u00ebs dhe humorit. Foljet norvegjeze ndahen kryesisht n\u00eb kat\u00ebr grupe, secila me modelin e saj t\u00eb konjugimit. Megjithat\u00eb, lajmi i mir\u00eb \u00ebsht\u00eb se, ndryshe nga shum\u00eb gjuh\u00eb t\u00eb tjera, foljet norvegjeze nuk ndryshojn\u00eb form\u00ebn e tyre n\u00eb baz\u00eb t\u00eb subjektit ose numrit.<\/p>\n\n\n\n<p>Norvegjishtja ka m\u00eb pak koh\u00eb se anglishtja, me vet\u00ebm tre koh\u00eb: koha e tashme, koha e kaluar dhe koha e kaluar e p\u00ebrsosur. Koha e tashme p\u00ebrdoret p\u00ebr t\u00eb shprehur ngjarjet e tashmes dhe t\u00eb ardhshme, nd\u00ebrsa koha e kaluar tregon veprime t\u00eb p\u00ebrfunduara, dhe koha e kaluar e p\u00ebrsosur tregon p\u00ebrvoj\u00ebn ose gjendjet q\u00eb kan\u00eb ndodhur para nj\u00eb pike t\u00eb caktuar n\u00eb t\u00eb kaluar\u00ebn.<\/p>\n\n\n\n<h3 class=\"wp-block-heading\" id=\"h-3-expressing-yourself-with-norwegian-adjectives-and-adverbs\">3. Shprehja me mbiemra dhe ndajfolje norvegjeze<\/h3>\n\n\n\n<p>P\u00ebrdorimi i mbiemrave rrit n\u00eb m\u00ebnyr\u00eb efektive aft\u00ebsin\u00eb tuaj p\u00ebr t&#8217;u shprehur n\u00eb norvegjisht. Mbiemrat p\u00ebrshkruajn\u00eb cil\u00ebsit\u00eb ose karakteristikat e emrave dhe duhet t\u00eb pajtohen me emrat n\u00eb gjini dhe num\u00ebr. N\u00eb norvegjisht, mbiemrat zakonisht vijn\u00eb para emrit q\u00eb p\u00ebrshkruajn\u00eb.<\/p>\n\n\n\n<p>Ndajfoljet n\u00eb norvegjisht modifikojn\u00eb foljet, mbiemrat ose ndajfoljet e tjera. Ato p\u00ebrcjellin informacion <a href=\"https:\/\/talkpal.ai\/culture\/what-is-the-difference-between-se-and-si\/\">se si<\/a>, kur, ku dhe n\u00eb \u00e7far\u00eb mase ndodh nj\u00eb veprim. Ndryshe nga mbiemrat, ndajfoljet mbeten t\u00eb nj\u00ebjta pavar\u00ebsisht nga gjinia ose numri i emrave q\u00eb p\u00ebrshkruhen.<\/p>\n\n\n\n<h3 class=\"wp-block-heading\" id=\"h-4-constructing-sentences-with-norwegian-pronouns-and-word-order\">4. Nd\u00ebrtimi i fjalive me p\u00ebremra norvegjez\u00eb dhe renditjen e fjal\u00ebve<\/h3>\n\n\n\n<p>P\u00ebremrat norvegjez\u00eb z\u00ebvend\u00ebsojn\u00eb emrat dhe zakonisht pajtohen me emrin q\u00eb p\u00ebrfaq\u00ebsojn\u00eb n\u00eb gjini, num\u00ebr dhe rast. Ekzistojn\u00eb lloje t\u00eb ndryshme p\u00ebremrash n\u00eb norvegjisht, duke p\u00ebrfshir\u00eb p\u00ebremrat personal\u00eb, posesiv, demonstrativ, refleksiv, relativ\u00eb dhe pyet\u00ebs.<\/p>\n\n\n\n<p>Struktura norvegjeze e fjalis\u00eb ndjek rendin subjekt-folje-objekt (SVO), e ngjashme me anglishten. Megjithat\u00eb, <a href=\"https:\/\/talkpal.ai\/speaking-with-ai\/\">ai<\/a> gjithashtu p\u00ebrdor nj\u00eb rregull folje-sekond\u00eb (V2) n\u00eb t\u00eb cilin folja zakonisht z\u00eb pozicionin e dyt\u00eb n\u00eb fjalit\u00eb kryesore. Kuptimi dhe praktikimi i rendit t\u00eb fjal\u00ebve norvegjeze \u00ebsht\u00eb thelb\u00ebsor p\u00ebr t\u00eb arritur rrjedhshm\u00ebrin\u00eb e gjuh\u00ebs.<\/p>\n\n\n\n<h3 class=\"wp-block-heading\" id=\"h-conclusion\">P\u00ebrfundimi<\/h3>\n\n\n\n<p>Arritja e rrjedhshm\u00ebris\u00eb n\u00eb gramatik\u00ebn norvegjeze k\u00ebrkon p\u00ebrkushtim, praktik\u00eb dhe mendje t\u00eb hapur p\u00ebr t\u00eb eksploruar karakteristikat unike t\u00eb gjuh\u00ebs. Pavar\u00ebsisht n\u00ebse jeni t\u00eb interesuar t\u00eb zhyteni n\u00eb kultur\u00ebn e Norvegjis\u00eb ose jeni t\u00eb etur p\u00ebr t\u00eb m\u00ebsuar nj\u00eb gjuh\u00eb t\u00eb re, zot\u00ebrimi i gramatik\u00ebs norvegjeze hedh themelet p\u00ebr komunikim t\u00eb suksessh\u00ebm. Nd\u00ebrsa g\u00ebrmoni n\u00eb emrat norvegjez\u00eb, foljet, mbiemrat dhe rendin e fjal\u00ebve, mos harroni t\u00eb shijoni procesin dhe t\u00eb vler\u00ebsoni p\u00ebrvojat e pasura gjuh\u00ebsore q\u00eb ju presin. <a href=\"https:\/\/talkpal.ai\/culture\/how-do-you-say-good-luck-with-that-in-norwegian\/\">Lykke til<\/a>!<\/p>\n<\/div><\/div>\n\r\n<section class=\"learnNavigationSection\">\r\n            \r\n        <a href=\"https:\/\/talkpal.ai\/sq\/meso-norvegjisht\/\">\r\n            <div class=\"learnNavigationWrapper\">\r\n                <div class=\"learnNavigationContent\">\r\n                    <img decoding=\"async\" src=\"https:\/\/talkpal.ai\/wp-content\/uploads\/2024\/08\/Norwegian.jpg\" alt=\"Norwegian Flag\">\r\n                    <div>\r\n                        <h4>Rreth m\u00ebsimit t\u00eb norvegjishtes<\/h4>\r\n                        <p>M\u00ebsoni gjith\u00e7ka rreth gramatik\u00ebs norvegjeze.<\/p>\r\n                    <\/div>\r\n                <\/div>\r\n            <\/div>\r\n        <\/a>\r\n\r\n        \r\n        <a href=\"https:\/\/talkpal.ai\/sq\/ushtrime-gramatikore-norvegjeze\/\">\r\n            <div class=\"learnNavigationWrapper\">\r\n                <div class=\"learnNavigationContent\">\r\n                    <img decoding=\"async\" src=\"https:\/\/talkpal.ai\/wp-content\/uploads\/2024\/08\/Norwegian.jpg\" alt=\"Norwegian Flag\">\r\n                    <div>\r\n                        <h4>Ushtrimi i gramatik\u00ebs norvegjeze<\/h4>\r\n                        <p>Praktikoni gramatik\u00ebn norvegjeze.<\/p>\r\n                    <\/div>\r\n                <\/div>\r\n            <\/div>\r\n        <\/a>\r\n\r\n        \r\n        <a href=\"https:\/\/talkpal.ai\/vocabulary_language\/norwegian\/\">\r\n            <div class=\"learnNavigationWrapper\">\r\n                <div class=\"learnNavigationContent\">\r\n                    <img decoding=\"async\" src=\"https:\/\/talkpal.ai\/wp-content\/uploads\/2024\/08\/Norwegian.jpg\" alt=\"Norwegian Flag\">\r\n                    <div>\r\n                        <h4>Fjalori norvegjez<\/h4>\r\n                        <p>Zgjeroni fjalorin tuaj norvegjez.<\/p>\r\n                    <\/div>\r\n                <\/div>\r\n            <\/div>\r\n        <\/a>\r\n\r\n            <\/section>","protected":false},"excerpt":{"rendered":"<p>Zhytuni n\u00eb gramatik\u00ebn norvegjeze: Nj\u00eb udh\u00ebzues gjith\u00ebp\u00ebrfshir\u00ebs Norvegjishtja, nj\u00eb gjuh\u00eb magjeps\u00ebse dhe ekspresive, ofron nj\u00eb mund\u00ebsi unike p\u00ebr nx\u00ebn\u00ebsit e gjuh\u00ebs p\u00ebr t\u00eb eksploruar trash\u00ebgimin\u00eb e pasur kulturore dhe historike t\u00eb Norvegjis\u00eb. Lajmi i mir\u00eb \u00ebsht\u00eb se gramatika norvegjeze ndan disa ngjashm\u00ebri me anglishten, duke e b\u00ebr\u00eb at\u00eb nj\u00eb gjuh\u00eb t\u00eb aksesueshme p\u00ebr t&#8217;u m\u00ebsuar. [&hellip;]<\/p>\n","protected":false},"author":1,"featured_media":1442890,"parent":0,"menu_order":0,"comment_status":"closed","ping_status":"closed","template":"LearningContentPage.php","meta":{"_acf_changed":false,"footnotes":""},"class_list":["post-1442889","page","type-page","status-publish","has-post-thumbnail","hentry"],"acf":[],"yoast_head":"<!-- This site is optimized with the Yoast SEO Premium plugin v27.2 (Yoast SEO v27.2) - https:\/\/yoast.com\/product\/yoast-seo-premium-wordpress\/ -->\n<title>Gramatika norvegjeze - Talkpal<\/title>\n<meta name=\"description\" content=\"Eksploroni nd\u00ebrlikimet e gramatik\u00ebs norvegjeze dhe ngrini aft\u00ebsit\u00eb tuaja gjuh\u00ebsore n\u00eb nj\u00eb nivel tjet\u00ebr.\" \/>\n<meta name=\"robots\" content=\"index, follow, max-snippet:-1, max-image-preview:large, max-video-preview:-1\" \/>\n<link rel=\"canonical\" href=\"https:\/\/talkpal.ai\/sq\/gramatika-norvegjeze\/\" \/>\n<meta property=\"og:locale\" content=\"sq_AL\" \/>\n<meta property=\"og:type\" content=\"article\" \/>\n<meta property=\"og:title\" content=\"Gramatika norvegjeze\" \/>\n<meta property=\"og:description\" content=\"Zhytuni n\u00eb gramatik\u00ebn norvegjeze: Nj\u00eb udh\u00ebzues gjith\u00ebp\u00ebrfshir\u00ebs Norvegjishtja, nj\u00eb gjuh\u00eb magjeps\u00ebse dhe ekspresive, ofron nj\u00eb mund\u00ebsi unike p\u00ebr nx\u00ebn\u00ebsit e\" \/>\n<meta property=\"og:url\" content=\"https:\/\/talkpal.ai\/sq\/gramatika-norvegjeze\/\" \/>\n<meta property=\"og:site_name\" content=\"Talkpal\" \/>\n<meta property=\"article:publisher\" content=\"https:\/\/www.facebook.com\/profile.php?id=100090733639311\" \/>\n<meta property=\"article:modified_time\" content=\"2025-12-17T17:37:03+00:00\" \/>\n<meta property=\"og:image\" content=\"https:\/\/talkpal.ai\/wp-content\/uploads\/2023\/05\/norway.png\" \/>\n\t<meta property=\"og:image:width\" content=\"512\" \/>\n\t<meta property=\"og:image:height\" content=\"512\" \/>\n\t<meta property=\"og:image:type\" content=\"image\/png\" \/>\n<meta name=\"twitter:card\" content=\"summary_large_image\" \/>\n<meta name=\"twitter:site\" content=\"@talkpalai\" \/>\n<meta name=\"twitter:label1\" content=\"Est. reading time\" \/>\n\t<meta name=\"twitter:data1\" content=\"3 minutes\" \/>\n<script type=\"application\/ld+json\" class=\"yoast-schema-graph\">{\"@context\":\"https:\/\/schema.org\",\"@graph\":[{\"@type\":\"WebPage\",\"@id\":\"https:\/\/talkpal.ai\/sq\/gramatika-norvegjeze\/\",\"url\":\"https:\/\/talkpal.ai\/sq\/gramatika-norvegjeze\/\",\"name\":\"Gramatika norvegjeze - Talkpal\",\"isPartOf\":{\"@id\":\"https:\/\/talkpal.ai\/sq\/#website\"},\"primaryImageOfPage\":{\"@id\":\"https:\/\/talkpal.ai\/sq\/gramatika-norvegjeze\/#primaryimage\"},\"image\":{\"@id\":\"https:\/\/talkpal.ai\/sq\/gramatika-norvegjeze\/#primaryimage\"},\"thumbnailUrl\":\"https:\/\/talkpal.ai\/wp-content\/uploads\/2023\/05\/norway.png\",\"datePublished\":\"2023-05-14T14:13:06+00:00\",\"dateModified\":\"2025-12-17T17:37:03+00:00\",\"description\":\"Eksploroni nd\u00ebrlikimet e gramatik\u00ebs norvegjeze dhe ngrini aft\u00ebsit\u00eb tuaja gjuh\u00ebsore n\u00eb nj\u00eb nivel tjet\u00ebr.\",\"breadcrumb\":{\"@id\":\"https:\/\/talkpal.ai\/sq\/gramatika-norvegjeze\/#breadcrumb\"},\"inLanguage\":\"sq-AL\",\"potentialAction\":[{\"@type\":\"ReadAction\",\"target\":[\"https:\/\/talkpal.ai\/sq\/gramatika-norvegjeze\/\"]}]},{\"@type\":\"ImageObject\",\"inLanguage\":\"sq-AL\",\"@id\":\"https:\/\/talkpal.ai\/sq\/gramatika-norvegjeze\/#primaryimage\",\"url\":\"https:\/\/talkpal.ai\/wp-content\/uploads\/2023\/05\/norway.png\",\"contentUrl\":\"https:\/\/talkpal.ai\/wp-content\/uploads\/2023\/05\/norway.png\",\"width\":512,\"height\":512,\"caption\":\"TalkPal Norway\u00a0 Flag\"},{\"@type\":\"BreadcrumbList\",\"@id\":\"https:\/\/talkpal.ai\/sq\/gramatika-norvegjeze\/#breadcrumb\",\"itemListElement\":[{\"@type\":\"ListItem\",\"position\":1,\"name\":\"Homepage\",\"item\":\"https:\/\/talkpal.ai\/sq\/\"},{\"@type\":\"ListItem\",\"position\":2,\"name\":\"Gramatika norvegjeze\"}]},{\"@type\":\"WebSite\",\"@id\":\"https:\/\/talkpal.ai\/sq\/#website\",\"url\":\"https:\/\/talkpal.ai\/sq\/\",\"name\":\"Talkpal\",\"description\":\"AI Language Learning\",\"publisher\":{\"@id\":\"https:\/\/talkpal.ai\/sq\/#organization\"},\"alternateName\":\"Talkpal AI\",\"potentialAction\":[{\"@type\":\"SearchAction\",\"target\":{\"@type\":\"EntryPoint\",\"urlTemplate\":\"https:\/\/talkpal.ai\/sq\/?s={search_term_string}\"},\"query-input\":{\"@type\":\"PropertyValueSpecification\",\"valueRequired\":true,\"valueName\":\"search_term_string\"}}],\"inLanguage\":\"sq-AL\"},{\"@type\":\"Organization\",\"@id\":\"https:\/\/talkpal.ai\/sq\/#organization\",\"name\":\"Talkpal, Inc.\",\"alternateName\":\"Talkpal AI\",\"url\":\"https:\/\/talkpal.ai\/sq\/\",\"logo\":{\"@type\":\"ImageObject\",\"inLanguage\":\"sq-AL\",\"@id\":\"https:\/\/talkpal.ai\/sq\/#\/schema\/logo\/image\/\",\"url\":\"https:\/\/talkpal.ai\/wp-content\/uploads\/2024\/03\/Talkpal-Logo-Icon.png\",\"contentUrl\":\"https:\/\/talkpal.ai\/wp-content\/uploads\/2024\/03\/Talkpal-Logo-Icon.png\",\"width\":2880,\"height\":2880,\"caption\":\"Talkpal, Inc.\"},\"image\":{\"@id\":\"https:\/\/talkpal.ai\/sq\/#\/schema\/logo\/image\/\"},\"sameAs\":[\"https:\/\/www.facebook.com\/profile.php?id=100090733639311\",\"https:\/\/x.com\/talkpalai\",\"https:\/\/www.linkedin.com\/company\/talkpal\/\",\"https:\/\/www.youtube.com\/@TalkPal\/\",\"https:\/\/www.tiktok.com\/@talkpal\",\"https:\/\/www.instagram.com\/talkpal_ai\/\",\"https:\/\/www.crunchbase.com\/organization\/talkpal-9cde\",\"https:\/\/www.g2.com\/products\/talkpal-for-business\/\",\"https:\/\/www.trustpilot.com\/review\/talkpal.ai\",\"https:\/\/www.capterra.com\/p\/10006800\/TalkPal\/\"],\"description\":\"Talkpal is a language learning web and mobile education app, powered by the latest AI technologies, that provides engaging experiences to its customers in many different languages to help them improve their language skills. Users can chat about unlimited amount of topics with the app and use other modes to practice their language learning.\",\"email\":\"support@talkpal.ai\",\"legalName\":\"Talkpal, Inc.\",\"foundingDate\":\"2023-04-03\",\"duns\":\"118989042\",\"numberOfEmployees\":{\"@type\":\"QuantitativeValue\",\"minValue\":\"11\",\"maxValue\":\"50\"},\"publishingPrinciples\":\"https:\/\/talkpal.ai\/publishing-principles\/\",\"actionableFeedbackPolicy\":\"https:\/\/talkpal.ai\/actionable-feedback-policy\/\",\"correctionsPolicy\":\"https:\/\/talkpal.ai\/corrections-policy\/\",\"ethicsPolicy\":\"https:\/\/talkpal.ai\/ethics-policy\/\",\"diversityPolicy\":\"https:\/\/talkpal.ai\/diversity-policy\/\",\"diversityStaffingReport\":\"https:\/\/talkpal.ai\/diversity-policy\/\"}]}<\/script>\n<!-- \/ Yoast SEO Premium plugin. -->","yoast_head_json":{"title":"Gramatika norvegjeze - Talkpal","description":"Eksploroni nd\u00ebrlikimet e gramatik\u00ebs norvegjeze dhe ngrini aft\u00ebsit\u00eb tuaja gjuh\u00ebsore n\u00eb nj\u00eb nivel tjet\u00ebr.","robots":{"index":"index","follow":"follow","max-snippet":"max-snippet:-1","max-image-preview":"max-image-preview:large","max-video-preview":"max-video-preview:-1"},"canonical":"https:\/\/talkpal.ai\/sq\/gramatika-norvegjeze\/","og_locale":"sq_AL","og_type":"article","og_title":"Gramatika norvegjeze","og_description":"Zhytuni n\u00eb gramatik\u00ebn norvegjeze: Nj\u00eb udh\u00ebzues gjith\u00ebp\u00ebrfshir\u00ebs Norvegjishtja, nj\u00eb gjuh\u00eb magjeps\u00ebse dhe ekspresive, ofron nj\u00eb mund\u00ebsi unike p\u00ebr nx\u00ebn\u00ebsit e","og_url":"https:\/\/talkpal.ai\/sq\/gramatika-norvegjeze\/","og_site_name":"Talkpal","article_publisher":"https:\/\/www.facebook.com\/profile.php?id=100090733639311","article_modified_time":"2025-12-17T17:37:03+00:00","og_image":[{"width":512,"height":512,"url":"https:\/\/talkpal.ai\/wp-content\/uploads\/2023\/05\/norway.png","type":"image\/png"}],"twitter_card":"summary_large_image","twitter_site":"@talkpalai","twitter_misc":{"Est. reading time":"3 minutes"},"schema":{"@context":"https:\/\/schema.org","@graph":[{"@type":"WebPage","@id":"https:\/\/talkpal.ai\/sq\/gramatika-norvegjeze\/","url":"https:\/\/talkpal.ai\/sq\/gramatika-norvegjeze\/","name":"Gramatika norvegjeze - Talkpal","isPartOf":{"@id":"https:\/\/talkpal.ai\/sq\/#website"},"primaryImageOfPage":{"@id":"https:\/\/talkpal.ai\/sq\/gramatika-norvegjeze\/#primaryimage"},"image":{"@id":"https:\/\/talkpal.ai\/sq\/gramatika-norvegjeze\/#primaryimage"},"thumbnailUrl":"https:\/\/talkpal.ai\/wp-content\/uploads\/2023\/05\/norway.png","datePublished":"2023-05-14T14:13:06+00:00","dateModified":"2025-12-17T17:37:03+00:00","description":"Eksploroni nd\u00ebrlikimet e gramatik\u00ebs norvegjeze dhe ngrini aft\u00ebsit\u00eb tuaja gjuh\u00ebsore n\u00eb nj\u00eb nivel tjet\u00ebr.","breadcrumb":{"@id":"https:\/\/talkpal.ai\/sq\/gramatika-norvegjeze\/#breadcrumb"},"inLanguage":"sq-AL","potentialAction":[{"@type":"ReadAction","target":["https:\/\/talkpal.ai\/sq\/gramatika-norvegjeze\/"]}]},{"@type":"ImageObject","inLanguage":"sq-AL","@id":"https:\/\/talkpal.ai\/sq\/gramatika-norvegjeze\/#primaryimage","url":"https:\/\/talkpal.ai\/wp-content\/uploads\/2023\/05\/norway.png","contentUrl":"https:\/\/talkpal.ai\/wp-content\/uploads\/2023\/05\/norway.png","width":512,"height":512,"caption":"TalkPal Norway\u00a0 Flag"},{"@type":"BreadcrumbList","@id":"https:\/\/talkpal.ai\/sq\/gramatika-norvegjeze\/#breadcrumb","itemListElement":[{"@type":"ListItem","position":1,"name":"Homepage","item":"https:\/\/talkpal.ai\/sq\/"},{"@type":"ListItem","position":2,"name":"Gramatika norvegjeze"}]},{"@type":"WebSite","@id":"https:\/\/talkpal.ai\/sq\/#website","url":"https:\/\/talkpal.ai\/sq\/","name":"Talkpal","description":"AI Language Learning","publisher":{"@id":"https:\/\/talkpal.ai\/sq\/#organization"},"alternateName":"Talkpal AI","potentialAction":[{"@type":"SearchAction","target":{"@type":"EntryPoint","urlTemplate":"https:\/\/talkpal.ai\/sq\/?s={search_term_string}"},"query-input":{"@type":"PropertyValueSpecification","valueRequired":true,"valueName":"search_term_string"}}],"inLanguage":"sq-AL"},{"@type":"Organization","@id":"https:\/\/talkpal.ai\/sq\/#organization","name":"Talkpal, Inc.","alternateName":"Talkpal AI","url":"https:\/\/talkpal.ai\/sq\/","logo":{"@type":"ImageObject","inLanguage":"sq-AL","@id":"https:\/\/talkpal.ai\/sq\/#\/schema\/logo\/image\/","url":"https:\/\/talkpal.ai\/wp-content\/uploads\/2024\/03\/Talkpal-Logo-Icon.png","contentUrl":"https:\/\/talkpal.ai\/wp-content\/uploads\/2024\/03\/Talkpal-Logo-Icon.png","width":2880,"height":2880,"caption":"Talkpal, Inc."},"image":{"@id":"https:\/\/talkpal.ai\/sq\/#\/schema\/logo\/image\/"},"sameAs":["https:\/\/www.facebook.com\/profile.php?id=100090733639311","https:\/\/x.com\/talkpalai","https:\/\/www.linkedin.com\/company\/talkpal\/","https:\/\/www.youtube.com\/@TalkPal\/","https:\/\/www.tiktok.com\/@talkpal","https:\/\/www.instagram.com\/talkpal_ai\/","https:\/\/www.crunchbase.com\/organization\/talkpal-9cde","https:\/\/www.g2.com\/products\/talkpal-for-business\/","https:\/\/www.trustpilot.com\/review\/talkpal.ai","https:\/\/www.capterra.com\/p\/10006800\/TalkPal\/"],"description":"Talkpal is a language learning web and mobile education app, powered by the latest AI technologies, that provides engaging experiences to its customers in many different languages to help them improve their language skills. Users can chat about unlimited amount of topics with the app and use other modes to practice their language learning.","email":"support@talkpal.ai","legalName":"Talkpal, Inc.","foundingDate":"2023-04-03","duns":"118989042","numberOfEmployees":{"@type":"QuantitativeValue","minValue":"11","maxValue":"50"},"publishingPrinciples":"https:\/\/talkpal.ai\/publishing-principles\/","actionableFeedbackPolicy":"https:\/\/talkpal.ai\/actionable-feedback-policy\/","correctionsPolicy":"https:\/\/talkpal.ai\/corrections-policy\/","ethicsPolicy":"https:\/\/talkpal.ai\/ethics-policy\/","diversityPolicy":"https:\/\/talkpal.ai\/diversity-policy\/","diversityStaffingReport":"https:\/\/talkpal.ai\/diversity-policy\/"}]}},"_links":{"self":[{"href":"https:\/\/talkpal.ai\/sq\/wp-json\/wp\/v2\/pages\/1442889","targetHints":{"allow":["GET"]}}],"collection":[{"href":"https:\/\/talkpal.ai\/sq\/wp-json\/wp\/v2\/pages"}],"about":[{"href":"https:\/\/talkpal.ai\/sq\/wp-json\/wp\/v2\/types\/page"}],"author":[{"embeddable":true,"href":"https:\/\/talkpal.ai\/sq\/wp-json\/wp\/v2\/users\/1"}],"replies":[{"embeddable":true,"href":"https:\/\/talkpal.ai\/sq\/wp-json\/wp\/v2\/comments?post=1442889"}],"version-history":[{"count":0,"href":"https:\/\/talkpal.ai\/sq\/wp-json\/wp\/v2\/pages\/1442889\/revisions"}],"wp:featuredmedia":[{"embeddable":true,"href":"https:\/\/talkpal.ai\/sq\/wp-json\/wp\/v2\/media\/1442890"}],"wp:attachment":[{"href":"https:\/\/talkpal.ai\/sq\/wp-json\/wp\/v2\/media?parent=1442889"}],"curies":[{"name":"wp","href":"https:\/\/api.w.org\/{rel}","templated":true}]}}