{"id":1442885,"date":"2023-05-14T14:12:45","date_gmt":"2023-05-14T14:12:45","guid":{"rendered":"https:\/\/talkpal.ai\/gramatika-nepale\/"},"modified":"2025-12-17T17:01:05","modified_gmt":"2025-12-17T17:01:05","slug":"gramatika-nepale","status":"publish","type":"page","link":"https:\/\/talkpal.ai\/sq\/gramatika-nepale\/","title":{"rendered":"Gramatika Nepale"},"content":{"rendered":"\r\n\r\n\r\n<section class=\"languageChallengeSection\">\r\n    <div class=\"languageInfoWrapper\">\r\n        \r\n        <h1>Gramatika Nepale<\/h1>\r\n        <p>Jeni kurioz p\u00ebr Nepalishten? Zbuloni gramatik\u00ebn <a href=\"https:\/\/talkpal.ai\/learn-nepali\/\">nepalese<\/a>, me emra gjinor\u00eb, postpozicione dhe nj\u00eb struktur\u00eb fleksib\u00ebl fjalie q\u00eb e b\u00ebn gjuh\u00ebn shpreh\u00ebse dhe t\u00ebrheq\u00ebse. Filloni t\u00eb m\u00ebsoni sot &#8211; zot\u00ebrimi i gramatik\u00ebs nepalese do t\u00eb zhbllokoj\u00eb biseda kuptimplota dhe do t&#039;ju lidh\u00eb me kulturat dhe traditat e ndryshme t\u00eb Nepalit!<\/p>\r\n\r\n                            <a class=\"getStartedHidden\" href=\"https:\/\/app.talkpal.ai\/signup?lng=\">Filloni<\/a>\r\n        \r\n    <\/div>\r\n\r\n    <figure>\r\n    <img decoding=\"async\" width=\"768\" height=\"768\" src=\"https:\/\/talkpal.ai\/wp-content\/uploads\/2023\/06\/nepali-768x768.png\" class=\"languageImage no-lazy\" alt=\"Practical language learning for real-life application\" fetchpriority=\"high\" sizes=\"(max-width: 768px) 150px, 768px\" srcset=\"https:\/\/talkpal.ai\/wp-content\/uploads\/2023\/06\/nepali-768x768.png 768w, https:\/\/talkpal.ai\/wp-content\/uploads\/2023\/06\/nepali-300x300.png 300w\" \/>\r\n    \r\n\r\n    <\/figure>\r\n\r\n            <a class=\"getStartedVisible\" href=\"https:\/\/app.talkpal.ai\/signup?lng=\">Filloni<\/a>\r\n    \r\n<\/section>\r\n<section class=\"promotionalBanner\">\r\n    <p class=\"promotionalText\">M\u00ebnyra m\u00eb efikase p\u00ebr t\u00eb m\u00ebsuar nj\u00eb gjuh\u00eb<\/p>\r\n    <a class=\"promotionalLink\" href=\"https:\/\/app.talkpal.ai\/signup?lng=\">Provoni Talkpal falas<\/a>\r\n<\/section>\n<div class=\"wp-block-group pageContainerStyle\"><div class=\"wp-block-group__inner-container is-layout-constrained wp-block-group-is-layout-constrained\">\n<h2 class=\"wp-block-heading\" id=\"h-delving-into-the-richness-of-nepali-grammar-an-insightful-guide\">Thellimi n\u00eb pasurin\u00eb e gramatik\u00ebs nepalese: Nj\u00eb udh\u00ebzues i dep\u00ebrtuar<\/h2>\n\n\n\n<p>Nepalishtja, nj\u00eb gjuh\u00eb indo-ariane e folur nga mbi 25 milion\u00eb njer\u00ebz n\u00eb Nepal dhe rajonet fqinje, \u00ebsht\u00eb nj\u00eb gjuh\u00eb e lezetshme q\u00eb tregon pasurin\u00eb kulturore dhe diversitetin gjuh\u00ebsor t\u00eb Azis\u00eb Jugore. P\u00ebr t\u00eb komunikuar n\u00eb m\u00ebnyr\u00eb efektive n\u00eb Nepal dhe p\u00ebr t\u00eb vler\u00ebsuar v\u00ebrtet bukurin\u00eb e tij, duhet t\u00eb kuptoni gramatik\u00ebn e tij. N\u00eb k\u00ebt\u00eb artikull, ne do t\u00eb ofrojm\u00eb nj\u00eb p\u00ebrmbledhje t\u00eb aspekteve thelb\u00ebsore t\u00eb gramatik\u00ebs nepalese dhe do t&#8217;ju ofrojm\u00eb k\u00ebshilla praktike p\u00ebr t&#8217;ju ndihmuar t\u00eb zot\u00ebroni k\u00ebt\u00eb gjuh\u00eb magjeps\u00ebse.<\/p>\n\n\n\n<h3 class=\"wp-block-heading\" id=\"h-key-aspects-of-nepali-grammar\">Aspektet kryesore t\u00eb gramatik\u00ebs nepaliteze:<\/h3>\n\n\n\n<p><a href=\"https:\/\/talkpal.ai\/sq\/gramatika\/\">Gramatika<\/a> nepalese fillimisht mund t\u00eb duket sfiduese, por me koh\u00eb dhe praktik\u00eb, ju mund ta kuptoni at\u00eb. K\u00ebtu jan\u00eb disa komponent\u00eb themelor\u00eb t\u00eb gramatik\u00ebs nepalese p\u00ebr t&#8217;u njohur:<\/p>\n\n\n\n<p><strong>1. Emrat:<\/strong> Emrat nepalesi nuk kan\u00eb gjini gramatikore, duke e b\u00ebr\u00eb m\u00eb t\u00eb leht\u00eb p\u00ebr nx\u00ebn\u00ebsit pasi nuk ka nevoj\u00eb t\u00eb m\u00ebsoni p\u00ebrmend\u00ebsh gjinin\u00eb e secilit em\u00ebr. Megjithat\u00eb, emrat p\u00ebrkulen p\u00ebr numrin (nj\u00ebj\u00ebs dhe shum\u00ebs) dhe rastin (nominativ, gjenitiv, dativ, etj.).<\/p>\n\n\n\n<p><strong>2. P\u00ebremrat:<\/strong> P\u00ebremrat personal\u00eb n\u00eb Nepali kan\u00eb tre forma: subjektive, objektive dhe posesive. Ata pajtohen me emrin t\u00eb cilit i referohen p\u00ebr sa i p\u00ebrket numrit, por jo gjinis\u00eb. Ekzistojn\u00eb gjithashtu p\u00ebremra t\u00eb ndrysh\u00ebm dhe forma t\u00eb konjugimit t\u00eb foljeve bazuar n\u00eb nivelin e formalitetit (i sjellsh\u00ebm, i njohur ose intim).<\/p>\n\n\n\n<p><strong>3. Foljet:<\/strong> Foljet nepalese p\u00ebrkulen p\u00ebr koh\u00ebn (e tashmja, e kaluara dhe e ardhmja), humorin (tregues, <a href=\"https:\/\/talkpal.ai\/ja\/grammar_exercises\/imperatif-%e3%83%95%e3%83%a9%e3%83%b3%e3%82%b9%e3%81%ae%e6%96%87%e6%b3%95%e3%81%ae%e3%81%9f%e3%82%81%e3%81%ae%e6%bc%94%e7%bf%92\/\">imperativ<\/a> ose n\u00ebnlidh\u00ebs) dhe aspektin (i vazhduesh\u00ebm, i p\u00ebrsosur ose i thjesht\u00eb). Ekzistojn\u00eb gjithashtu modele t\u00eb dallueshme t\u00eb konjugimit t\u00eb foljeve n\u00eb var\u00ebsi t\u00eb nivelit t\u00eb formalitetit t\u00eb subjektit.<\/p>\n\n\n\n<p><strong>4. Mbiemrat dhe ndajfoljet:<\/strong> Mbiemrat n\u00eb Nepal zakonisht ndjekin emrin q\u00eb modifikojn\u00eb dhe bien dakord n\u00eb num\u00ebr dhe rast. Ndajfoljet mund t\u00eb p\u00ebrdoren p\u00ebr t\u00eb dh\u00ebn\u00eb informacion shtes\u00eb dhe n\u00eb p\u00ebrgjith\u00ebsi nuk ndryshojn\u00eb form\u00ebn e <a href=\"https:\/\/talkpal.ai\/locations\/language-courses-in-tyre\/\">tyre<\/a>.<\/p>\n\n\n\n<p><strong>5. Struktura e fjalis\u00eb:<\/strong> Struktura tipike e fjalis\u00eb nepalese ndjek rendin Subjekt-Objekt-Folje (SOV). Megjithat\u00eb, rendi i fjal\u00ebve mund t\u00eb jet\u00eb fleksib\u00ebl, n\u00eb var\u00ebsi t\u00eb theksit dhe kontekstit.<\/p>\n\n\n\n<h3 class=\"wp-block-heading\" id=\"h-tips-for-learning-nepali-grammar\">K\u00ebshilla p\u00ebr t\u00eb m\u00ebsuar gramatik\u00ebn nepaliteze:<\/h3>\n\n\n\n<p>K\u00ebtu jan\u00eb disa strategji efektive p\u00ebr ta b\u00ebr\u00eb udh\u00ebtimin tuaj t\u00eb m\u00ebsimit t\u00eb gramatik\u00ebs n\u00eb Nepal m\u00eb t\u00eb qet\u00eb:<\/p>\n\n\n\n<p><strong>1. Filloni me bazat:<\/strong> P\u00ebrqendrohuni n\u00eb m\u00ebsimin e bazave t\u00eb gramatik\u00ebs nepalese, t\u00eb tilla si rastet e emrave, p\u00ebremrat dhe konjugimi i foljeve. Nd\u00ebrsa t\u00eb kuptuarit tuaj rritet, gradualisht p\u00ebrfshini struktura dhe rregulla m\u00eb komplekse.<\/p>\n\n\n\n<p><strong>2. Praktikoni rregullisht:<\/strong> Q\u00ebndrueshm\u00ebria \u00ebsht\u00eb kritike kur m\u00ebsoni nj\u00eb gjuh\u00eb t\u00eb re. Caktoni koh\u00eb specifike \u00e7do dit\u00eb ose jav\u00eb p\u00ebr t\u00eb praktikuar ushtrimet gramatikore, leximin dhe shkrimin n\u00eb Nepali.<\/p>\n\n\n\n<p><strong>3. P\u00ebrdorni burime vendase:<\/strong> Zhytuni n\u00eb materiale autentike nepalese, t\u00eb tilla si let\u00ebrsia, artikujt e lajmeve dhe podkastet. Kjo jo vet\u00ebm q\u00eb do t&#8217;ju ndihmoj\u00eb t\u00eb kuptoni gramatik\u00ebn nepalese n\u00eb kontekst, por edhe t\u00eb p\u00ebrmir\u00ebsoni aft\u00ebsit\u00eb tuaja t\u00eb p\u00ebrgjithshme gjuh\u00ebsore.<\/p>\n\n\n\n<p><strong>4. Lidhuni me fol\u00ebsit amtare:<\/strong> Angazhimi n\u00eb biseda me fol\u00ebsit amtare t\u00eb Nepalit ju lejon t\u00eb praktikoni gramatik\u00ebn n\u00eb situata t\u00eb jet\u00ebs reale dhe t\u00eb merrni <a href=\"https:\/\/talkpal.ai\/contact\/\">reagime<\/a> t\u00eb vlefshme. Konsideroni t&#8217;i bashkoheni grupeve t\u00eb shk\u00ebmbimit gjuh\u00ebsor ose forumeve online p\u00ebr t&#8217;u lidhur me individ\u00eb q\u00eb flasin Nepalisht.<\/p>\n\n\n\n<p><strong>5. Jini t\u00eb duruesh\u00ebm dhe k\u00ebmb\u00ebngul\u00ebs:<\/strong> Mos harroni se m\u00ebsimi i nj\u00eb gjuhe t\u00eb re k\u00ebrkon koh\u00eb, k\u00ebmb\u00ebngulje dhe durim. P\u00ebrqafoni sfidat dhe festoni p\u00ebrparimin tuaj gjat\u00eb rrug\u00ebs.<\/p>\n\n\n\n<h3 class=\"wp-block-heading\" id=\"h-conclusion\">P\u00ebrfundim:<\/h3>\n\n\n\n<p>Gramatika nepalese, me karakteristikat dhe lidhjet e saj unike me familjen e gjuh\u00ebve indo-ariane, ofron nj\u00eb udh\u00ebtim magjeps\u00ebs gjuh\u00ebsor. Duke kuptuar aspektet kryesore t\u00eb tij dhe duke ndjekur k\u00ebshillat tona praktike, ju do t\u00eb hapni rrug\u00ebn drejt aft\u00ebsis\u00eb gjuh\u00ebsore dhe do t\u00eb fitoni nj\u00eb vler\u00ebsim m\u00eb t\u00eb thell\u00eb t\u00eb gjuh\u00ebs Nepaleze. Pra, ecni p\u00ebrpara me entuziaz\u00ebm dhe kuriozitet dhe p\u00ebrqafoni thesaret gjuh\u00ebsore t\u00eb Nepalit!<\/p>\n<\/div><\/div>\n\r\n<section class=\"learnNavigationSection\">\r\n            \r\n        <a href=\"https:\/\/talkpal.ai\/sq\/meso-nepalisht\/\">\r\n            <div class=\"learnNavigationWrapper\">\r\n                <div class=\"learnNavigationContent\">\r\n                    <img decoding=\"async\" src=\"https:\/\/talkpal.ai\/wp-content\/uploads\/2024\/08\/Nepali.jpg\" alt=\"Nepali Flag\">\r\n                    <div>\r\n                        <h4>Rreth t\u00eb m\u00ebsuarit n\u00eb Nepal<\/h4>\r\n                        <p>M\u00ebsoni gjith\u00e7ka rreth gramatik\u00ebs nepaliteze.<\/p>\r\n                    <\/div>\r\n                <\/div>\r\n            <\/div>\r\n        <\/a>\r\n\r\n        \r\n        <a href=\"https:\/\/talkpal.ai\/sq\/ushtrime-gramatikore-nepaleze\/\">\r\n            <div class=\"learnNavigationWrapper\">\r\n                <div class=\"learnNavigationContent\">\r\n                    <img decoding=\"async\" src=\"https:\/\/talkpal.ai\/wp-content\/uploads\/2024\/08\/Nepali.jpg\" alt=\"Nepali Flag\">\r\n                    <div>\r\n                        <h4>Ushtrimi i gramatik\u00ebs nepalese<\/h4>\r\n                        <p>Praktikoni gramatik\u00ebn nepalese.<\/p>\r\n                    <\/div>\r\n                <\/div>\r\n            <\/div>\r\n        <\/a>\r\n\r\n        \r\n        <a href=\"https:\/\/talkpal.ai\/vocabulary_language\/nepali\/\">\r\n            <div class=\"learnNavigationWrapper\">\r\n                <div class=\"learnNavigationContent\">\r\n                    <img decoding=\"async\" src=\"https:\/\/talkpal.ai\/wp-content\/uploads\/2024\/08\/Nepali.jpg\" alt=\"Nepali Flag\">\r\n                    <div>\r\n                        <h4>Fjalori Nepali<\/h4>\r\n                        <p>Zgjeroni fjalorin tuaj Nepal.<\/p>\r\n                    <\/div>\r\n                <\/div>\r\n            <\/div>\r\n        <\/a>\r\n\r\n            <\/section>","protected":false},"excerpt":{"rendered":"<p>Thellimi n\u00eb pasurin\u00eb e gramatik\u00ebs nepalese: Nj\u00eb udh\u00ebzues i dep\u00ebrtuar Nepalishtja, nj\u00eb gjuh\u00eb indo-ariane e folur nga mbi 25 milion\u00eb njer\u00ebz n\u00eb Nepal dhe rajonet fqinje, \u00ebsht\u00eb nj\u00eb gjuh\u00eb e lezetshme q\u00eb tregon pasurin\u00eb kulturore dhe diversitetin gjuh\u00ebsor t\u00eb Azis\u00eb Jugore. P\u00ebr t\u00eb komunikuar n\u00eb m\u00ebnyr\u00eb efektive n\u00eb Nepal dhe p\u00ebr t\u00eb vler\u00ebsuar v\u00ebrtet bukurin\u00eb [&hellip;]<\/p>\n","protected":false},"author":1,"featured_media":1442886,"parent":0,"menu_order":0,"comment_status":"closed","ping_status":"closed","template":"LearningContentPage.php","meta":{"_acf_changed":false,"footnotes":""},"class_list":["post-1442885","page","type-page","status-publish","has-post-thumbnail","hentry"],"acf":[],"yoast_head":"<!-- This site is optimized with the Yoast SEO Premium plugin v27.2 (Yoast SEO v27.2) - https:\/\/yoast.com\/product\/yoast-seo-premium-wordpress\/ -->\n<title>Gramatika Nepale - Talkpal<\/title>\n<meta name=\"description\" content=\"Eksploroni gramatik\u00ebn nepalese dhe p\u00ebrmir\u00ebsoni t\u00eb kuptuarit tuaj t\u00eb gjuh\u00ebs me shpjegime t\u00eb qarta dhe koncize.\" \/>\n<meta name=\"robots\" content=\"index, follow, max-snippet:-1, max-image-preview:large, max-video-preview:-1\" \/>\n<link rel=\"canonical\" href=\"https:\/\/talkpal.ai\/sq\/gramatika-nepale\/\" \/>\n<meta property=\"og:locale\" content=\"sq_AL\" \/>\n<meta property=\"og:type\" content=\"article\" \/>\n<meta property=\"og:title\" content=\"Gramatika Nepale\" \/>\n<meta property=\"og:description\" content=\"Thellimi n\u00eb pasurin\u00eb e gramatik\u00ebs nepalese: Nj\u00eb udh\u00ebzues i dep\u00ebrtuar Nepalishtja, nj\u00eb gjuh\u00eb indo-ariane e folur nga mbi 25 milion\u00eb njer\u00ebz n\u00eb Nepal dhe\" \/>\n<meta property=\"og:url\" content=\"https:\/\/talkpal.ai\/sq\/gramatika-nepale\/\" \/>\n<meta property=\"og:site_name\" content=\"Talkpal\" \/>\n<meta property=\"article:publisher\" content=\"https:\/\/www.facebook.com\/profile.php?id=100090733639311\" \/>\n<meta property=\"article:modified_time\" content=\"2025-12-17T17:01:05+00:00\" \/>\n<meta property=\"og:image\" content=\"https:\/\/talkpal.ai\/wp-content\/uploads\/2023\/05\/nepal.png\" \/>\n\t<meta property=\"og:image:width\" content=\"512\" \/>\n\t<meta property=\"og:image:height\" content=\"512\" \/>\n\t<meta property=\"og:image:type\" content=\"image\/png\" \/>\n<meta name=\"twitter:card\" content=\"summary_large_image\" \/>\n<meta name=\"twitter:site\" content=\"@talkpalai\" \/>\n<meta name=\"twitter:label1\" content=\"Est. reading time\" \/>\n\t<meta name=\"twitter:data1\" content=\"4 minutes\" \/>\n<script type=\"application\/ld+json\" class=\"yoast-schema-graph\">{\"@context\":\"https:\/\/schema.org\",\"@graph\":[{\"@type\":\"WebPage\",\"@id\":\"https:\/\/talkpal.ai\/sq\/gramatika-nepale\/\",\"url\":\"https:\/\/talkpal.ai\/sq\/gramatika-nepale\/\",\"name\":\"Gramatika Nepale - Talkpal\",\"isPartOf\":{\"@id\":\"https:\/\/talkpal.ai\/sq\/#website\"},\"primaryImageOfPage\":{\"@id\":\"https:\/\/talkpal.ai\/sq\/gramatika-nepale\/#primaryimage\"},\"image\":{\"@id\":\"https:\/\/talkpal.ai\/sq\/gramatika-nepale\/#primaryimage\"},\"thumbnailUrl\":\"https:\/\/talkpal.ai\/wp-content\/uploads\/2023\/05\/nepal.png\",\"datePublished\":\"2023-05-14T14:12:45+00:00\",\"dateModified\":\"2025-12-17T17:01:05+00:00\",\"description\":\"Eksploroni gramatik\u00ebn nepalese dhe p\u00ebrmir\u00ebsoni t\u00eb kuptuarit tuaj t\u00eb gjuh\u00ebs me shpjegime t\u00eb qarta dhe koncize.\",\"breadcrumb\":{\"@id\":\"https:\/\/talkpal.ai\/sq\/gramatika-nepale\/#breadcrumb\"},\"inLanguage\":\"sq-AL\",\"potentialAction\":[{\"@type\":\"ReadAction\",\"target\":[\"https:\/\/talkpal.ai\/sq\/gramatika-nepale\/\"]}]},{\"@type\":\"ImageObject\",\"inLanguage\":\"sq-AL\",\"@id\":\"https:\/\/talkpal.ai\/sq\/gramatika-nepale\/#primaryimage\",\"url\":\"https:\/\/talkpal.ai\/wp-content\/uploads\/2023\/05\/nepal.png\",\"contentUrl\":\"https:\/\/talkpal.ai\/wp-content\/uploads\/2023\/05\/nepal.png\",\"width\":512,\"height\":512,\"caption\":\"TalkPal Nepal Flag\"},{\"@type\":\"BreadcrumbList\",\"@id\":\"https:\/\/talkpal.ai\/sq\/gramatika-nepale\/#breadcrumb\",\"itemListElement\":[{\"@type\":\"ListItem\",\"position\":1,\"name\":\"Homepage\",\"item\":\"https:\/\/talkpal.ai\/sq\/\"},{\"@type\":\"ListItem\",\"position\":2,\"name\":\"Gramatika Nepale\"}]},{\"@type\":\"WebSite\",\"@id\":\"https:\/\/talkpal.ai\/sq\/#website\",\"url\":\"https:\/\/talkpal.ai\/sq\/\",\"name\":\"Talkpal\",\"description\":\"AI Language Learning\",\"publisher\":{\"@id\":\"https:\/\/talkpal.ai\/sq\/#organization\"},\"alternateName\":\"Talkpal AI\",\"potentialAction\":[{\"@type\":\"SearchAction\",\"target\":{\"@type\":\"EntryPoint\",\"urlTemplate\":\"https:\/\/talkpal.ai\/sq\/?s={search_term_string}\"},\"query-input\":{\"@type\":\"PropertyValueSpecification\",\"valueRequired\":true,\"valueName\":\"search_term_string\"}}],\"inLanguage\":\"sq-AL\"},{\"@type\":\"Organization\",\"@id\":\"https:\/\/talkpal.ai\/sq\/#organization\",\"name\":\"Talkpal, Inc.\",\"alternateName\":\"Talkpal AI\",\"url\":\"https:\/\/talkpal.ai\/sq\/\",\"logo\":{\"@type\":\"ImageObject\",\"inLanguage\":\"sq-AL\",\"@id\":\"https:\/\/talkpal.ai\/sq\/#\/schema\/logo\/image\/\",\"url\":\"https:\/\/talkpal.ai\/wp-content\/uploads\/2024\/03\/Talkpal-Logo-Icon.png\",\"contentUrl\":\"https:\/\/talkpal.ai\/wp-content\/uploads\/2024\/03\/Talkpal-Logo-Icon.png\",\"width\":2880,\"height\":2880,\"caption\":\"Talkpal, Inc.\"},\"image\":{\"@id\":\"https:\/\/talkpal.ai\/sq\/#\/schema\/logo\/image\/\"},\"sameAs\":[\"https:\/\/www.facebook.com\/profile.php?id=100090733639311\",\"https:\/\/x.com\/talkpalai\",\"https:\/\/www.linkedin.com\/company\/talkpal\/\",\"https:\/\/www.youtube.com\/@TalkPal\/\",\"https:\/\/www.tiktok.com\/@talkpal\",\"https:\/\/www.instagram.com\/talkpal_ai\/\",\"https:\/\/www.crunchbase.com\/organization\/talkpal-9cde\",\"https:\/\/www.g2.com\/products\/talkpal-for-business\/\",\"https:\/\/www.trustpilot.com\/review\/talkpal.ai\",\"https:\/\/www.capterra.com\/p\/10006800\/TalkPal\/\"],\"description\":\"Talkpal is a language learning web and mobile education app, powered by the latest AI technologies, that provides engaging experiences to its customers in many different languages to help them improve their language skills. Users can chat about unlimited amount of topics with the app and use other modes to practice their language learning.\",\"email\":\"support@talkpal.ai\",\"legalName\":\"Talkpal, Inc.\",\"foundingDate\":\"2023-04-03\",\"duns\":\"118989042\",\"numberOfEmployees\":{\"@type\":\"QuantitativeValue\",\"minValue\":\"11\",\"maxValue\":\"50\"},\"publishingPrinciples\":\"https:\/\/talkpal.ai\/publishing-principles\/\",\"actionableFeedbackPolicy\":\"https:\/\/talkpal.ai\/actionable-feedback-policy\/\",\"correctionsPolicy\":\"https:\/\/talkpal.ai\/corrections-policy\/\",\"ethicsPolicy\":\"https:\/\/talkpal.ai\/ethics-policy\/\",\"diversityPolicy\":\"https:\/\/talkpal.ai\/diversity-policy\/\",\"diversityStaffingReport\":\"https:\/\/talkpal.ai\/diversity-policy\/\"}]}<\/script>\n<!-- \/ Yoast SEO Premium plugin. -->","yoast_head_json":{"title":"Gramatika Nepale - Talkpal","description":"Eksploroni gramatik\u00ebn nepalese dhe p\u00ebrmir\u00ebsoni t\u00eb kuptuarit tuaj t\u00eb gjuh\u00ebs me shpjegime t\u00eb qarta dhe koncize.","robots":{"index":"index","follow":"follow","max-snippet":"max-snippet:-1","max-image-preview":"max-image-preview:large","max-video-preview":"max-video-preview:-1"},"canonical":"https:\/\/talkpal.ai\/sq\/gramatika-nepale\/","og_locale":"sq_AL","og_type":"article","og_title":"Gramatika Nepale","og_description":"Thellimi n\u00eb pasurin\u00eb e gramatik\u00ebs nepalese: Nj\u00eb udh\u00ebzues i dep\u00ebrtuar Nepalishtja, nj\u00eb gjuh\u00eb indo-ariane e folur nga mbi 25 milion\u00eb njer\u00ebz n\u00eb Nepal dhe","og_url":"https:\/\/talkpal.ai\/sq\/gramatika-nepale\/","og_site_name":"Talkpal","article_publisher":"https:\/\/www.facebook.com\/profile.php?id=100090733639311","article_modified_time":"2025-12-17T17:01:05+00:00","og_image":[{"width":512,"height":512,"url":"https:\/\/talkpal.ai\/wp-content\/uploads\/2023\/05\/nepal.png","type":"image\/png"}],"twitter_card":"summary_large_image","twitter_site":"@talkpalai","twitter_misc":{"Est. reading time":"4 minutes"},"schema":{"@context":"https:\/\/schema.org","@graph":[{"@type":"WebPage","@id":"https:\/\/talkpal.ai\/sq\/gramatika-nepale\/","url":"https:\/\/talkpal.ai\/sq\/gramatika-nepale\/","name":"Gramatika Nepale - Talkpal","isPartOf":{"@id":"https:\/\/talkpal.ai\/sq\/#website"},"primaryImageOfPage":{"@id":"https:\/\/talkpal.ai\/sq\/gramatika-nepale\/#primaryimage"},"image":{"@id":"https:\/\/talkpal.ai\/sq\/gramatika-nepale\/#primaryimage"},"thumbnailUrl":"https:\/\/talkpal.ai\/wp-content\/uploads\/2023\/05\/nepal.png","datePublished":"2023-05-14T14:12:45+00:00","dateModified":"2025-12-17T17:01:05+00:00","description":"Eksploroni gramatik\u00ebn nepalese dhe p\u00ebrmir\u00ebsoni t\u00eb kuptuarit tuaj t\u00eb gjuh\u00ebs me shpjegime t\u00eb qarta dhe koncize.","breadcrumb":{"@id":"https:\/\/talkpal.ai\/sq\/gramatika-nepale\/#breadcrumb"},"inLanguage":"sq-AL","potentialAction":[{"@type":"ReadAction","target":["https:\/\/talkpal.ai\/sq\/gramatika-nepale\/"]}]},{"@type":"ImageObject","inLanguage":"sq-AL","@id":"https:\/\/talkpal.ai\/sq\/gramatika-nepale\/#primaryimage","url":"https:\/\/talkpal.ai\/wp-content\/uploads\/2023\/05\/nepal.png","contentUrl":"https:\/\/talkpal.ai\/wp-content\/uploads\/2023\/05\/nepal.png","width":512,"height":512,"caption":"TalkPal Nepal Flag"},{"@type":"BreadcrumbList","@id":"https:\/\/talkpal.ai\/sq\/gramatika-nepale\/#breadcrumb","itemListElement":[{"@type":"ListItem","position":1,"name":"Homepage","item":"https:\/\/talkpal.ai\/sq\/"},{"@type":"ListItem","position":2,"name":"Gramatika Nepale"}]},{"@type":"WebSite","@id":"https:\/\/talkpal.ai\/sq\/#website","url":"https:\/\/talkpal.ai\/sq\/","name":"Talkpal","description":"AI Language Learning","publisher":{"@id":"https:\/\/talkpal.ai\/sq\/#organization"},"alternateName":"Talkpal AI","potentialAction":[{"@type":"SearchAction","target":{"@type":"EntryPoint","urlTemplate":"https:\/\/talkpal.ai\/sq\/?s={search_term_string}"},"query-input":{"@type":"PropertyValueSpecification","valueRequired":true,"valueName":"search_term_string"}}],"inLanguage":"sq-AL"},{"@type":"Organization","@id":"https:\/\/talkpal.ai\/sq\/#organization","name":"Talkpal, Inc.","alternateName":"Talkpal AI","url":"https:\/\/talkpal.ai\/sq\/","logo":{"@type":"ImageObject","inLanguage":"sq-AL","@id":"https:\/\/talkpal.ai\/sq\/#\/schema\/logo\/image\/","url":"https:\/\/talkpal.ai\/wp-content\/uploads\/2024\/03\/Talkpal-Logo-Icon.png","contentUrl":"https:\/\/talkpal.ai\/wp-content\/uploads\/2024\/03\/Talkpal-Logo-Icon.png","width":2880,"height":2880,"caption":"Talkpal, Inc."},"image":{"@id":"https:\/\/talkpal.ai\/sq\/#\/schema\/logo\/image\/"},"sameAs":["https:\/\/www.facebook.com\/profile.php?id=100090733639311","https:\/\/x.com\/talkpalai","https:\/\/www.linkedin.com\/company\/talkpal\/","https:\/\/www.youtube.com\/@TalkPal\/","https:\/\/www.tiktok.com\/@talkpal","https:\/\/www.instagram.com\/talkpal_ai\/","https:\/\/www.crunchbase.com\/organization\/talkpal-9cde","https:\/\/www.g2.com\/products\/talkpal-for-business\/","https:\/\/www.trustpilot.com\/review\/talkpal.ai","https:\/\/www.capterra.com\/p\/10006800\/TalkPal\/"],"description":"Talkpal is a language learning web and mobile education app, powered by the latest AI technologies, that provides engaging experiences to its customers in many different languages to help them improve their language skills. Users can chat about unlimited amount of topics with the app and use other modes to practice their language learning.","email":"support@talkpal.ai","legalName":"Talkpal, Inc.","foundingDate":"2023-04-03","duns":"118989042","numberOfEmployees":{"@type":"QuantitativeValue","minValue":"11","maxValue":"50"},"publishingPrinciples":"https:\/\/talkpal.ai\/publishing-principles\/","actionableFeedbackPolicy":"https:\/\/talkpal.ai\/actionable-feedback-policy\/","correctionsPolicy":"https:\/\/talkpal.ai\/corrections-policy\/","ethicsPolicy":"https:\/\/talkpal.ai\/ethics-policy\/","diversityPolicy":"https:\/\/talkpal.ai\/diversity-policy\/","diversityStaffingReport":"https:\/\/talkpal.ai\/diversity-policy\/"}]}},"_links":{"self":[{"href":"https:\/\/talkpal.ai\/sq\/wp-json\/wp\/v2\/pages\/1442885","targetHints":{"allow":["GET"]}}],"collection":[{"href":"https:\/\/talkpal.ai\/sq\/wp-json\/wp\/v2\/pages"}],"about":[{"href":"https:\/\/talkpal.ai\/sq\/wp-json\/wp\/v2\/types\/page"}],"author":[{"embeddable":true,"href":"https:\/\/talkpal.ai\/sq\/wp-json\/wp\/v2\/users\/1"}],"replies":[{"embeddable":true,"href":"https:\/\/talkpal.ai\/sq\/wp-json\/wp\/v2\/comments?post=1442885"}],"version-history":[{"count":0,"href":"https:\/\/talkpal.ai\/sq\/wp-json\/wp\/v2\/pages\/1442885\/revisions"}],"wp:featuredmedia":[{"embeddable":true,"href":"https:\/\/talkpal.ai\/sq\/wp-json\/wp\/v2\/media\/1442886"}],"wp:attachment":[{"href":"https:\/\/talkpal.ai\/sq\/wp-json\/wp\/v2\/media?parent=1442885"}],"curies":[{"name":"wp","href":"https:\/\/api.w.org\/{rel}","templated":true}]}}