{"id":1442879,"date":"2023-05-14T14:11:00","date_gmt":"2023-05-14T14:11:00","guid":{"rendered":"https:\/\/talkpal.ai\/gramatika-kazake\/"},"modified":"2025-12-17T16:58:21","modified_gmt":"2025-12-17T16:58:21","slug":"gramatika-kazake","status":"publish","type":"page","link":"https:\/\/talkpal.ai\/sq\/gramatika-kazake\/","title":{"rendered":"Gramatika Kazake"},"content":{"rendered":"\r\n\r\n\r\n<section class=\"languageChallengeSection\">\r\n    <div class=\"languageInfoWrapper\">\r\n        \r\n        <h1>Gramatika Kazake<\/h1>\r\n        <p>M\u00ebsimi i Kazakishtes hap der\u00ebn p\u00ebr nj\u00eb gjuh\u00eb t\u00eb pasur me histori dhe kultur\u00eb, dhe n\u00eb zem\u00ebr t\u00eb saj q\u00ebndron nj\u00eb sistem magjeps\u00ebs gramatikore. Nd\u00ebrsa <a href=\"https:\/\/talkpal.ai\/sq\/gramatika\/\">gramatika<\/a> <a href=\"https:\/\/talkpal.ai\/learn-kazakh\/\">kazake<\/a> mund t\u00eb duket komplekse n\u00eb fillim, t\u00eb kuptuarit e ve\u00e7orive t\u00eb saj thelb\u00ebsore &#8211; si harmonia zanore, rastet e emrave dhe koh\u00ebt e foljeve &#8211; e b\u00ebn zot\u00ebrimin e gjuh\u00ebs t\u00eb arritsh\u00ebm dhe shp\u00ebrblyes. Zhytuni dhe zbuloni se \u00e7far\u00eb e b\u00ebn kazakishten unike!<\/p>\r\n\r\n                            <a class=\"getStartedHidden\" href=\"https:\/\/app.talkpal.ai\/signup?lng=\">Filloni<\/a>\r\n        \r\n    <\/div>\r\n\r\n    <figure>\r\n    <img decoding=\"async\" width=\"768\" height=\"768\" src=\"https:\/\/talkpal.ai\/wp-content\/uploads\/2023\/06\/Khazak-768x768.png\" class=\"languageImage no-lazy\" alt=\"Language learning for increased negotiation skills\" fetchpriority=\"high\" sizes=\"(max-width: 768px) 150px, 768px\" srcset=\"https:\/\/talkpal.ai\/wp-content\/uploads\/2023\/06\/Khazak-768x768.png 768w, https:\/\/talkpal.ai\/wp-content\/uploads\/2023\/06\/Khazak-300x300.png 300w\" \/>\r\n    \r\n\r\n    <\/figure>\r\n\r\n            <a class=\"getStartedVisible\" href=\"https:\/\/app.talkpal.ai\/signup?lng=\">Filloni<\/a>\r\n    \r\n<\/section>\r\n<section class=\"promotionalBanner\">\r\n    <p class=\"promotionalText\">M\u00ebnyra m\u00eb efikase p\u00ebr t\u00eb m\u00ebsuar nj\u00eb gjuh\u00eb<\/p>\r\n    <a class=\"promotionalLink\" href=\"https:\/\/app.talkpal.ai\/signup?lng=\">Provoni Talkpal falas<\/a>\r\n<\/section>\n<div class=\"wp-block-group pageContainerStyle\"><div class=\"wp-block-group__inner-container is-layout-constrained wp-block-group-is-layout-constrained\">\n<h2 class=\"wp-block-heading\" id=\"h-kazakh-grammar-unlocking-the-secrets-of-the-kazakh-language\">Gramatika Kazake: Zbulimi i sekreteve t\u00eb gjuh\u00ebs kazake<\/h2>\n\n\n\n<p>Kur b\u00ebhet fjal\u00eb p\u00ebr m\u00ebsimin e gjuh\u00ebs <a href=\"https:\/\/talkpal.ai\/learn-kazakh\/\">kazake<\/a>, t\u00eb kuptuarit e bazave t\u00eb gramatik\u00ebs kazake \u00ebsht\u00eb thelb\u00ebsor p\u00ebr t\u00eb zbuluar sekretet e saj. Megjith\u00ebse mund t\u00eb duket frik\u00ebsuese n\u00eb fillim, sistemi gramatikor krenohet me ve\u00e7ori unike q\u00eb e b\u00ebjn\u00eb gjuh\u00ebn magjeps\u00ebse. Ky artikull k\u00ebrkon t\u00eb hedh\u00eb drit\u00eb mbi aspektet kryesore t\u00eb gramatik\u00ebs kazake, duke ofruar nj\u00eb hyrje bisedore dhe joformale n\u00eb struktur\u00ebn e pasur t\u00eb gjuh\u00ebs.<\/p>\n\n\n\n<h3 class=\"wp-block-heading\" id=\"h-1-nouns-harmony-in-cases-and-declensions\">1. Emrat \u2013 Harmonia n\u00eb raste dhe deformime<\/h3>\n\n\n\n<p>Nj\u00eb nga gj\u00ebrat e para q\u00eb duhet marr\u00eb parasysh n\u00eb gramatik\u00ebn kazake \u00ebsht\u00eb struktura e emrit. Gjuha p\u00ebrdor nj\u00eb sistem harmonie zanoresh, ku zanoret jan\u00eb ose p\u00ebrpara ose mbrapa, dhe preferohen kombinime harmonike. Ky sistem lidhet me emrat shum\u00ebs, t\u00eb cil\u00ebt formohen p\u00ebrmes prapashteshave t\u00eb ndryshme q\u00eb p\u00ebrputhen me grupin harmonik t\u00eb emrit fillestar.<\/p>\n\n\n\n<p>Emrat kazak\u00eb i p\u00ebrmbahen shtat\u00eb rasteve: nominativ, gjenitiv, dativ, akuzativ, lokativ, ablativ dhe instrumental. Edhe pse i friksh\u00ebm n\u00eb fillim, zot\u00ebrimi i k\u00ebtyre rasteve \u00ebsht\u00eb thelb\u00ebsor n\u00eb formimin e strukturave t\u00eb sakta t\u00eb fjalive. Rastet p\u00ebrcaktojn\u00eb marr\u00ebdh\u00ebniet midis fjal\u00ebve, duke lejuar fleksibilitet n\u00eb rendin e fjal\u00ebve pa humbur kuptimin.<\/p>\n\n\n\n<h3 class=\"wp-block-heading\" id=\"h-2-adjectives-agreement-and-comparison\">2. Mbiemrat \u2013 Marr\u00ebveshja dhe krahasimi<\/h3>\n\n\n\n<p>Mbiemrat kazak\u00eb p\u00ebrdoren p\u00ebr t\u00eb p\u00ebrshkruar dhe dh\u00ebn\u00eb m\u00eb shum\u00eb informacion <a href=\"https:\/\/talkpal.ai\/sq\/rreth\/\">rreth<\/a> emrave. Ata duhet t\u00eb pajtohen me emrin q\u00eb modifikojn\u00eb p\u00ebr sa i p\u00ebrket rastit dhe numrit. P\u00ebr m\u00eb tep\u00ebr, mbiemrat mund t\u00eb krahasohen duke p\u00ebrdorur shkall\u00eb krahasuese dhe superlative, t\u00eb arritura duke shtuar prapashtesat p\u00ebrkat\u00ebse, p\u00ebr t\u00eb p\u00ebrcjell\u00eb nivele t\u00eb ndryshme theksi.<\/p>\n\n\n\n<p>P\u00ebr shembull, fjala p\u00ebr &#8220;e bukur&#8221; n\u00eb Kazakisht \u00ebsht\u00eb &#8220;\u0441\u044b\u04a3\u0448\u044b&#8221;. Kur p\u00ebrshkruani nj\u00eb kopsht t\u00eb bukur (\u0431\u0430\u049b), fraza do t\u00eb ishte &#8220;\u0441\u044b\u04a3\u0448\u044b \u0431\u0430\u049b&#8221;. P\u00ebr t\u00eb th\u00ebn\u00eb &#8220;m\u00eb e bukur&#8221;, do t\u00eb p\u00ebrdorni &#8220;\u0441\u044b\u04a3\u0448\u044b\u0440\u0430\u049b&#8221;, nd\u00ebrsa &#8220;m\u00eb e bukura&#8221; do t\u00eb formohej duke p\u00ebrdorur &#8220;\u0441\u044b\u04a3\u0448\u044b&#8221;. P\u00ebr t\u00eb th\u00ebn\u00eb &#8220;kopshti m\u00eb i bukur&#8221;, do t\u00eb p\u00ebrdorni &#8220;\u0441\u044b\u04a3\u0448\u044b \u0431\u0430\u049b&#8221;.<\/p>\n\n\n\n<h3 class=\"wp-block-heading\" id=\"h-3-verbs-tense-mood-and-aspect\">3. Foljet \u2013 Koha, humori dhe aspekti<\/h3>\n\n\n\n<p>Foljet n\u00eb kazakisht portretizojn\u00eb koh\u00ebn, humorin dhe aspektin. Gjuha p\u00ebrmban tre koh\u00eb kryesore: e kaluara, e tashmja dhe e ardhmja. \u00c7do koh\u00eb ka forma t\u00eb dallueshme bazuar n\u00eb p\u00ebremrin e subjektit, humorin (si <a href=\"https:\/\/talkpal.ai\/ja\/grammar_exercises\/imperatif-%e3%83%95%e3%83%a9%e3%83%b3%e3%82%b9%e3%81%ae%e6%96%87%e6%b3%95%e3%81%ae%e3%81%9f%e3%82%81%e3%81%ae%e6%bc%94%e7%bf%92\/\">imperativ<\/a> ose i kusht\u00ebzuar) dhe aspektin (n\u00ebse veprimi \u00ebsht\u00eb i p\u00ebrsosur, q\u00eb pasqyron nj\u00eb veprim t\u00eb p\u00ebrfunduar, ose i pap\u00ebrsosur, q\u00eb tregon veprim t\u00eb vazhduesh\u00ebm ose t\u00eb zakonsh\u00ebm).<\/p>\n\n\n\n<h3 class=\"wp-block-heading\" id=\"h-4-pronouns-personal-and-demonstrative\">4. P\u00ebremrat \u2013 Personal dhe demonstrativ<\/h3>\n\n\n\n<p>P\u00ebremrat n\u00eb gramatik\u00ebn kazake p\u00ebrfshijn\u00eb varietetet personale, posesive, demonstrative, pyet\u00ebse dhe relative. Ata duhet t\u00eb bien dakord n\u00eb rast dhe num\u00ebr me emrin q\u00eb i referohen ose z\u00ebvend\u00ebsojn\u00eb. P\u00ebremrat demonstrues, p\u00ebr shembull, kan\u00eb tre forma: proksimale (\u0431\u04b1\u043b), mediale (\u043e\u0441\u044b) dhe distale (\u0430\u043d\u0430\u0443), n\u00eb var\u00ebsi t\u00eb distanc\u00ebs nga fol\u00ebsi.<\/p>\n\n\n\n<h3 class=\"wp-block-heading\" id=\"h-5-embracing-the-uniqueness-of-kazakh-grammar\">5. P\u00ebrqafimi i ve\u00e7antis\u00eb s\u00eb gramatik\u00ebs kazake<\/h3>\n\n\n\n<p>Nd\u00ebrsa filloni udh\u00ebtimin tuaj n\u00eb gjuh\u00ebn kazake, mbani mend se nuk ka t\u00eb b\u00ebj\u00eb me zot\u00ebrimin e nuancave menj\u00ebher\u00eb. K\u00ebnaquni n\u00eb zbulimin e sistemit unik gramatikor q\u00eb e ve\u00e7on Kazakishten dhe merr koh\u00eb p\u00ebr ta kuptuar at\u00eb pa u ndjer\u00eb i mbingarkuar.<\/p>\n\n\n\n<p>Duke vler\u00ebsuar dhe eksploruar ve\u00e7orit\u00eb e gramatik\u00ebs kazake, ju mund t\u00eb zhbllokoni v\u00ebrtet bukurin\u00eb e gjuh\u00ebs, duke fituar akses m\u00eb t\u00eb madh n\u00eb trash\u00ebgimin\u00eb e pasur kulturore q\u00eb mish\u00ebron. \u0421\u04d9\u0442\u0442\u0456 \u043e\u049b\u0443 \u2013 G\u00ebzuar m\u00ebsimin!<\/p>\n<\/div><\/div>\n\r\n<section class=\"learnNavigationSection\">\r\n            \r\n        <a href=\"https:\/\/talkpal.ai\/sq\/meso-kazakistanisht\/\">\r\n            <div class=\"learnNavigationWrapper\">\r\n                <div class=\"learnNavigationContent\">\r\n                    <img decoding=\"async\" src=\"https:\/\/talkpal.ai\/wp-content\/uploads\/2024\/08\/Kazakh.jpg\" alt=\"Kazakh Flag\">\r\n                    <div>\r\n                        <h4>Rreth m\u00ebsimit kazakh<\/h4>\r\n                        <p>M\u00ebsoni gjith\u00e7ka rreth gramatik\u00ebs kazake.<\/p>\r\n                    <\/div>\r\n                <\/div>\r\n            <\/div>\r\n        <\/a>\r\n\r\n        \r\n        <a href=\"https:\/\/talkpal.ai\/sq\/ushtrimet-e-gramatikes-kazake\/\">\r\n            <div class=\"learnNavigationWrapper\">\r\n                <div class=\"learnNavigationContent\">\r\n                    <img decoding=\"async\" src=\"https:\/\/talkpal.ai\/wp-content\/uploads\/2024\/08\/Kazakh.jpg\" alt=\"Kazakh Flag\">\r\n                    <div>\r\n                        <h4>Ushtrimi i gramatik\u00ebs kazake<\/h4>\r\n                        <p>Praktikoni gramatik\u00ebn kazake.<\/p>\r\n                    <\/div>\r\n                <\/div>\r\n            <\/div>\r\n        <\/a>\r\n\r\n        \r\n        <a href=\"https:\/\/talkpal.ai\/vocabulary_language\/kazakh\/\">\r\n            <div class=\"learnNavigationWrapper\">\r\n                <div class=\"learnNavigationContent\">\r\n                    <img decoding=\"async\" src=\"https:\/\/talkpal.ai\/wp-content\/uploads\/2024\/08\/Kazakh.jpg\" alt=\"Kazakh Flag\">\r\n                    <div>\r\n                        <h4>Fjalori kazakh<\/h4>\r\n                        <p>Zgjeroni fjalorin tuaj kazak.<\/p>\r\n                    <\/div>\r\n                <\/div>\r\n            <\/div>\r\n        <\/a>\r\n\r\n            <\/section>","protected":false},"excerpt":{"rendered":"<p>Gramatika Kazake: Zbulimi i sekreteve t\u00eb gjuh\u00ebs kazake Kur b\u00ebhet fjal\u00eb p\u00ebr m\u00ebsimin e gjuh\u00ebs kazake, t\u00eb kuptuarit e bazave t\u00eb gramatik\u00ebs kazake \u00ebsht\u00eb thelb\u00ebsor p\u00ebr t\u00eb zbuluar sekretet e saj. Megjith\u00ebse mund t\u00eb duket frik\u00ebsuese n\u00eb fillim, sistemi gramatikor krenohet me ve\u00e7ori unike q\u00eb e b\u00ebjn\u00eb gjuh\u00ebn magjeps\u00ebse. Ky artikull k\u00ebrkon t\u00eb hedh\u00eb drit\u00eb [&hellip;]<\/p>\n","protected":false},"author":1,"featured_media":1442881,"parent":0,"menu_order":0,"comment_status":"closed","ping_status":"closed","template":"LearningContentPage.php","meta":{"_acf_changed":false,"footnotes":""},"class_list":["post-1442879","page","type-page","status-publish","has-post-thumbnail","hentry"],"acf":[],"yoast_head":"<!-- This site is optimized with the Yoast SEO Premium plugin v27.2 (Yoast SEO v27.2) - https:\/\/yoast.com\/product\/yoast-seo-premium-wordpress\/ -->\n<title>Gramatika Kazake - Talkpal<\/title>\n<meta name=\"description\" content=\"Zot\u00ebroni gramatik\u00ebn kazake pa mundim - m\u00ebsoni rregullat thelb\u00ebsore, praktikoni struktur\u00ebn e fjalis\u00eb dhe p\u00ebrmir\u00ebsoni rrjedhshm\u00ebrin\u00eb tuaj shpejt\" \/>\n<meta name=\"robots\" content=\"index, follow, max-snippet:-1, max-image-preview:large, max-video-preview:-1\" \/>\n<link rel=\"canonical\" href=\"https:\/\/talkpal.ai\/sq\/gramatika-kazake\/\" \/>\n<meta property=\"og:locale\" content=\"sq_AL\" \/>\n<meta property=\"og:type\" content=\"article\" \/>\n<meta property=\"og:title\" content=\"Gramatika Kazake\" \/>\n<meta property=\"og:description\" content=\"Gramatika Kazake: Zbulimi i sekreteve t\u00eb gjuh\u00ebs kazake Kur b\u00ebhet fjal\u00eb p\u00ebr m\u00ebsimin e gjuh\u00ebs kazake, t\u00eb kuptuarit e bazave t\u00eb gramatik\u00ebs kazake \u00ebsht\u00eb\" \/>\n<meta property=\"og:url\" content=\"https:\/\/talkpal.ai\/sq\/gramatika-kazake\/\" \/>\n<meta property=\"og:site_name\" content=\"Talkpal\" \/>\n<meta property=\"article:publisher\" content=\"https:\/\/www.facebook.com\/profile.php?id=100090733639311\" \/>\n<meta property=\"article:modified_time\" content=\"2025-12-17T16:58:21+00:00\" \/>\n<meta property=\"og:image\" content=\"https:\/\/talkpal.ai\/wp-content\/uploads\/2023\/05\/kazakhstan.png\" \/>\n\t<meta property=\"og:image:width\" content=\"512\" \/>\n\t<meta property=\"og:image:height\" content=\"512\" \/>\n\t<meta property=\"og:image:type\" content=\"image\/png\" \/>\n<meta name=\"twitter:card\" content=\"summary_large_image\" \/>\n<meta name=\"twitter:site\" content=\"@talkpalai\" \/>\n<meta name=\"twitter:label1\" content=\"Est. reading time\" \/>\n\t<meta name=\"twitter:data1\" content=\"3 minutes\" \/>\n<script type=\"application\/ld+json\" class=\"yoast-schema-graph\">{\"@context\":\"https:\/\/schema.org\",\"@graph\":[{\"@type\":\"WebPage\",\"@id\":\"https:\/\/talkpal.ai\/sq\/gramatika-kazake\/\",\"url\":\"https:\/\/talkpal.ai\/sq\/gramatika-kazake\/\",\"name\":\"Gramatika Kazake - Talkpal\",\"isPartOf\":{\"@id\":\"https:\/\/talkpal.ai\/sq\/#website\"},\"primaryImageOfPage\":{\"@id\":\"https:\/\/talkpal.ai\/sq\/gramatika-kazake\/#primaryimage\"},\"image\":{\"@id\":\"https:\/\/talkpal.ai\/sq\/gramatika-kazake\/#primaryimage\"},\"thumbnailUrl\":\"https:\/\/talkpal.ai\/wp-content\/uploads\/2023\/05\/kazakhstan.png\",\"datePublished\":\"2023-05-14T14:11:00+00:00\",\"dateModified\":\"2025-12-17T16:58:21+00:00\",\"description\":\"Zot\u00ebroni gramatik\u00ebn kazake pa mundim - m\u00ebsoni rregullat thelb\u00ebsore, praktikoni struktur\u00ebn e fjalis\u00eb dhe p\u00ebrmir\u00ebsoni rrjedhshm\u00ebrin\u00eb tuaj shpejt\",\"breadcrumb\":{\"@id\":\"https:\/\/talkpal.ai\/sq\/gramatika-kazake\/#breadcrumb\"},\"inLanguage\":\"sq-AL\",\"potentialAction\":[{\"@type\":\"ReadAction\",\"target\":[\"https:\/\/talkpal.ai\/sq\/gramatika-kazake\/\"]}]},{\"@type\":\"ImageObject\",\"inLanguage\":\"sq-AL\",\"@id\":\"https:\/\/talkpal.ai\/sq\/gramatika-kazake\/#primaryimage\",\"url\":\"https:\/\/talkpal.ai\/wp-content\/uploads\/2023\/05\/kazakhstan.png\",\"contentUrl\":\"https:\/\/talkpal.ai\/wp-content\/uploads\/2023\/05\/kazakhstan.png\",\"width\":512,\"height\":512,\"caption\":\"TalkPal Kazakhstan Flag\"},{\"@type\":\"BreadcrumbList\",\"@id\":\"https:\/\/talkpal.ai\/sq\/gramatika-kazake\/#breadcrumb\",\"itemListElement\":[{\"@type\":\"ListItem\",\"position\":1,\"name\":\"Homepage\",\"item\":\"https:\/\/talkpal.ai\/sq\/\"},{\"@type\":\"ListItem\",\"position\":2,\"name\":\"Gramatika Kazake\"}]},{\"@type\":\"WebSite\",\"@id\":\"https:\/\/talkpal.ai\/sq\/#website\",\"url\":\"https:\/\/talkpal.ai\/sq\/\",\"name\":\"Talkpal\",\"description\":\"AI Language Learning\",\"publisher\":{\"@id\":\"https:\/\/talkpal.ai\/sq\/#organization\"},\"alternateName\":\"Talkpal AI\",\"potentialAction\":[{\"@type\":\"SearchAction\",\"target\":{\"@type\":\"EntryPoint\",\"urlTemplate\":\"https:\/\/talkpal.ai\/sq\/?s={search_term_string}\"},\"query-input\":{\"@type\":\"PropertyValueSpecification\",\"valueRequired\":true,\"valueName\":\"search_term_string\"}}],\"inLanguage\":\"sq-AL\"},{\"@type\":\"Organization\",\"@id\":\"https:\/\/talkpal.ai\/sq\/#organization\",\"name\":\"Talkpal, Inc.\",\"alternateName\":\"Talkpal AI\",\"url\":\"https:\/\/talkpal.ai\/sq\/\",\"logo\":{\"@type\":\"ImageObject\",\"inLanguage\":\"sq-AL\",\"@id\":\"https:\/\/talkpal.ai\/sq\/#\/schema\/logo\/image\/\",\"url\":\"https:\/\/talkpal.ai\/wp-content\/uploads\/2024\/03\/Talkpal-Logo-Icon.png\",\"contentUrl\":\"https:\/\/talkpal.ai\/wp-content\/uploads\/2024\/03\/Talkpal-Logo-Icon.png\",\"width\":2880,\"height\":2880,\"caption\":\"Talkpal, Inc.\"},\"image\":{\"@id\":\"https:\/\/talkpal.ai\/sq\/#\/schema\/logo\/image\/\"},\"sameAs\":[\"https:\/\/www.facebook.com\/profile.php?id=100090733639311\",\"https:\/\/x.com\/talkpalai\",\"https:\/\/www.linkedin.com\/company\/talkpal\/\",\"https:\/\/www.youtube.com\/@TalkPal\/\",\"https:\/\/www.tiktok.com\/@talkpal\",\"https:\/\/www.instagram.com\/talkpal_ai\/\",\"https:\/\/www.crunchbase.com\/organization\/talkpal-9cde\",\"https:\/\/www.g2.com\/products\/talkpal-for-business\/\",\"https:\/\/www.trustpilot.com\/review\/talkpal.ai\",\"https:\/\/www.capterra.com\/p\/10006800\/TalkPal\/\"],\"description\":\"Talkpal is a language learning web and mobile education app, powered by the latest AI technologies, that provides engaging experiences to its customers in many different languages to help them improve their language skills. Users can chat about unlimited amount of topics with the app and use other modes to practice their language learning.\",\"email\":\"support@talkpal.ai\",\"legalName\":\"Talkpal, Inc.\",\"foundingDate\":\"2023-04-03\",\"duns\":\"118989042\",\"numberOfEmployees\":{\"@type\":\"QuantitativeValue\",\"minValue\":\"11\",\"maxValue\":\"50\"},\"publishingPrinciples\":\"https:\/\/talkpal.ai\/publishing-principles\/\",\"actionableFeedbackPolicy\":\"https:\/\/talkpal.ai\/actionable-feedback-policy\/\",\"correctionsPolicy\":\"https:\/\/talkpal.ai\/corrections-policy\/\",\"ethicsPolicy\":\"https:\/\/talkpal.ai\/ethics-policy\/\",\"diversityPolicy\":\"https:\/\/talkpal.ai\/diversity-policy\/\",\"diversityStaffingReport\":\"https:\/\/talkpal.ai\/diversity-policy\/\"}]}<\/script>\n<!-- \/ Yoast SEO Premium plugin. -->","yoast_head_json":{"title":"Gramatika Kazake - Talkpal","description":"Zot\u00ebroni gramatik\u00ebn kazake pa mundim - m\u00ebsoni rregullat thelb\u00ebsore, praktikoni struktur\u00ebn e fjalis\u00eb dhe p\u00ebrmir\u00ebsoni rrjedhshm\u00ebrin\u00eb tuaj shpejt","robots":{"index":"index","follow":"follow","max-snippet":"max-snippet:-1","max-image-preview":"max-image-preview:large","max-video-preview":"max-video-preview:-1"},"canonical":"https:\/\/talkpal.ai\/sq\/gramatika-kazake\/","og_locale":"sq_AL","og_type":"article","og_title":"Gramatika Kazake","og_description":"Gramatika Kazake: Zbulimi i sekreteve t\u00eb gjuh\u00ebs kazake Kur b\u00ebhet fjal\u00eb p\u00ebr m\u00ebsimin e gjuh\u00ebs kazake, t\u00eb kuptuarit e bazave t\u00eb gramatik\u00ebs kazake \u00ebsht\u00eb","og_url":"https:\/\/talkpal.ai\/sq\/gramatika-kazake\/","og_site_name":"Talkpal","article_publisher":"https:\/\/www.facebook.com\/profile.php?id=100090733639311","article_modified_time":"2025-12-17T16:58:21+00:00","og_image":[{"width":512,"height":512,"url":"https:\/\/talkpal.ai\/wp-content\/uploads\/2023\/05\/kazakhstan.png","type":"image\/png"}],"twitter_card":"summary_large_image","twitter_site":"@talkpalai","twitter_misc":{"Est. reading time":"3 minutes"},"schema":{"@context":"https:\/\/schema.org","@graph":[{"@type":"WebPage","@id":"https:\/\/talkpal.ai\/sq\/gramatika-kazake\/","url":"https:\/\/talkpal.ai\/sq\/gramatika-kazake\/","name":"Gramatika Kazake - Talkpal","isPartOf":{"@id":"https:\/\/talkpal.ai\/sq\/#website"},"primaryImageOfPage":{"@id":"https:\/\/talkpal.ai\/sq\/gramatika-kazake\/#primaryimage"},"image":{"@id":"https:\/\/talkpal.ai\/sq\/gramatika-kazake\/#primaryimage"},"thumbnailUrl":"https:\/\/talkpal.ai\/wp-content\/uploads\/2023\/05\/kazakhstan.png","datePublished":"2023-05-14T14:11:00+00:00","dateModified":"2025-12-17T16:58:21+00:00","description":"Zot\u00ebroni gramatik\u00ebn kazake pa mundim - m\u00ebsoni rregullat thelb\u00ebsore, praktikoni struktur\u00ebn e fjalis\u00eb dhe p\u00ebrmir\u00ebsoni rrjedhshm\u00ebrin\u00eb tuaj shpejt","breadcrumb":{"@id":"https:\/\/talkpal.ai\/sq\/gramatika-kazake\/#breadcrumb"},"inLanguage":"sq-AL","potentialAction":[{"@type":"ReadAction","target":["https:\/\/talkpal.ai\/sq\/gramatika-kazake\/"]}]},{"@type":"ImageObject","inLanguage":"sq-AL","@id":"https:\/\/talkpal.ai\/sq\/gramatika-kazake\/#primaryimage","url":"https:\/\/talkpal.ai\/wp-content\/uploads\/2023\/05\/kazakhstan.png","contentUrl":"https:\/\/talkpal.ai\/wp-content\/uploads\/2023\/05\/kazakhstan.png","width":512,"height":512,"caption":"TalkPal Kazakhstan Flag"},{"@type":"BreadcrumbList","@id":"https:\/\/talkpal.ai\/sq\/gramatika-kazake\/#breadcrumb","itemListElement":[{"@type":"ListItem","position":1,"name":"Homepage","item":"https:\/\/talkpal.ai\/sq\/"},{"@type":"ListItem","position":2,"name":"Gramatika Kazake"}]},{"@type":"WebSite","@id":"https:\/\/talkpal.ai\/sq\/#website","url":"https:\/\/talkpal.ai\/sq\/","name":"Talkpal","description":"AI Language Learning","publisher":{"@id":"https:\/\/talkpal.ai\/sq\/#organization"},"alternateName":"Talkpal AI","potentialAction":[{"@type":"SearchAction","target":{"@type":"EntryPoint","urlTemplate":"https:\/\/talkpal.ai\/sq\/?s={search_term_string}"},"query-input":{"@type":"PropertyValueSpecification","valueRequired":true,"valueName":"search_term_string"}}],"inLanguage":"sq-AL"},{"@type":"Organization","@id":"https:\/\/talkpal.ai\/sq\/#organization","name":"Talkpal, Inc.","alternateName":"Talkpal AI","url":"https:\/\/talkpal.ai\/sq\/","logo":{"@type":"ImageObject","inLanguage":"sq-AL","@id":"https:\/\/talkpal.ai\/sq\/#\/schema\/logo\/image\/","url":"https:\/\/talkpal.ai\/wp-content\/uploads\/2024\/03\/Talkpal-Logo-Icon.png","contentUrl":"https:\/\/talkpal.ai\/wp-content\/uploads\/2024\/03\/Talkpal-Logo-Icon.png","width":2880,"height":2880,"caption":"Talkpal, Inc."},"image":{"@id":"https:\/\/talkpal.ai\/sq\/#\/schema\/logo\/image\/"},"sameAs":["https:\/\/www.facebook.com\/profile.php?id=100090733639311","https:\/\/x.com\/talkpalai","https:\/\/www.linkedin.com\/company\/talkpal\/","https:\/\/www.youtube.com\/@TalkPal\/","https:\/\/www.tiktok.com\/@talkpal","https:\/\/www.instagram.com\/talkpal_ai\/","https:\/\/www.crunchbase.com\/organization\/talkpal-9cde","https:\/\/www.g2.com\/products\/talkpal-for-business\/","https:\/\/www.trustpilot.com\/review\/talkpal.ai","https:\/\/www.capterra.com\/p\/10006800\/TalkPal\/"],"description":"Talkpal is a language learning web and mobile education app, powered by the latest AI technologies, that provides engaging experiences to its customers in many different languages to help them improve their language skills. Users can chat about unlimited amount of topics with the app and use other modes to practice their language learning.","email":"support@talkpal.ai","legalName":"Talkpal, Inc.","foundingDate":"2023-04-03","duns":"118989042","numberOfEmployees":{"@type":"QuantitativeValue","minValue":"11","maxValue":"50"},"publishingPrinciples":"https:\/\/talkpal.ai\/publishing-principles\/","actionableFeedbackPolicy":"https:\/\/talkpal.ai\/actionable-feedback-policy\/","correctionsPolicy":"https:\/\/talkpal.ai\/corrections-policy\/","ethicsPolicy":"https:\/\/talkpal.ai\/ethics-policy\/","diversityPolicy":"https:\/\/talkpal.ai\/diversity-policy\/","diversityStaffingReport":"https:\/\/talkpal.ai\/diversity-policy\/"}]}},"_links":{"self":[{"href":"https:\/\/talkpal.ai\/sq\/wp-json\/wp\/v2\/pages\/1442879","targetHints":{"allow":["GET"]}}],"collection":[{"href":"https:\/\/talkpal.ai\/sq\/wp-json\/wp\/v2\/pages"}],"about":[{"href":"https:\/\/talkpal.ai\/sq\/wp-json\/wp\/v2\/types\/page"}],"author":[{"embeddable":true,"href":"https:\/\/talkpal.ai\/sq\/wp-json\/wp\/v2\/users\/1"}],"replies":[{"embeddable":true,"href":"https:\/\/talkpal.ai\/sq\/wp-json\/wp\/v2\/comments?post=1442879"}],"version-history":[{"count":0,"href":"https:\/\/talkpal.ai\/sq\/wp-json\/wp\/v2\/pages\/1442879\/revisions"}],"wp:featuredmedia":[{"embeddable":true,"href":"https:\/\/talkpal.ai\/sq\/wp-json\/wp\/v2\/media\/1442881"}],"wp:attachment":[{"href":"https:\/\/talkpal.ai\/sq\/wp-json\/wp\/v2\/media?parent=1442879"}],"curies":[{"name":"wp","href":"https:\/\/api.w.org\/{rel}","templated":true}]}}