{"id":1442878,"date":"2023-05-14T14:12:25","date_gmt":"2023-05-14T14:12:25","guid":{"rendered":"https:\/\/talkpal.ai\/gramatika-maori\/"},"modified":"2025-12-17T16:45:14","modified_gmt":"2025-12-17T16:45:14","slug":"gramatika-maori","status":"publish","type":"page","link":"https:\/\/talkpal.ai\/sq\/gramatika-maori\/","title":{"rendered":"Gramatika Maori"},"content":{"rendered":"\r\n\r\n\r\n<section class=\"languageChallengeSection\">\r\n    <div class=\"languageInfoWrapper\">\r\n        \r\n        <h1>Gramatika Maori<\/h1>\r\n        <p>D\u00ebshironi t\u00eb m\u00ebsoni <a href=\"https:\/\/talkpal.ai\/learn-maori\/\">Maori<\/a>? G\u00ebrmoni n\u00eb gramatik\u00ebn Maori, e njohur p\u00ebr thjesht\u00ebsin\u00eb e saj, p\u00ebrdorimin e artikujve dhe rolin e r\u00ebnd\u00ebsish\u00ebm t\u00eb grimcave p\u00ebr t\u00eb formuar kuptimin. Filloni sot &#8211; zot\u00ebrimi i gramatik\u00ebs M\u0101ori do t&#039;ju ndihmoj\u00eb t\u00eb lidheni m\u00eb thell\u00eb me trash\u00ebgimin\u00eb e pasur t\u00eb gjuh\u00ebs dhe kultur\u00ebn e gjall\u00eb t\u00eb Aotearoa Zeland\u00ebs s\u00eb Re!<\/p>\r\n\r\n                            <a class=\"getStartedHidden\" href=\"https:\/\/app.talkpal.ai\/signup?lng=\">Filloni<\/a>\r\n        \r\n    <\/div>\r\n\r\n    <figure>\r\n    <img decoding=\"async\" width=\"768\" height=\"768\" src=\"https:\/\/talkpal.ai\/wp-content\/uploads\/2023\/06\/maori-768x768.png\" class=\"languageImage no-lazy\" alt=\"Language learning for social and professional settings\" fetchpriority=\"high\" sizes=\"(max-width: 768px) 150px, 768px\" srcset=\"https:\/\/talkpal.ai\/wp-content\/uploads\/2023\/06\/maori-768x768.png 768w, https:\/\/talkpal.ai\/wp-content\/uploads\/2023\/06\/maori-300x300.png 300w\" \/>\r\n    \r\n\r\n    <\/figure>\r\n\r\n            <a class=\"getStartedVisible\" href=\"https:\/\/app.talkpal.ai\/signup?lng=\">Filloni<\/a>\r\n    \r\n<\/section>\r\n<section class=\"promotionalBanner\">\r\n    <p class=\"promotionalText\">M\u00ebnyra m\u00eb efikase p\u00ebr t\u00eb m\u00ebsuar nj\u00eb gjuh\u00eb<\/p>\r\n    <a class=\"promotionalLink\" href=\"https:\/\/app.talkpal.ai\/signup?lng=\">Provoni Talkpal falas<\/a>\r\n<\/section>\n<div class=\"wp-block-group pageContainerStyle\"><div class=\"wp-block-group__inner-container is-layout-constrained wp-block-group-is-layout-constrained\">\n<h2 class=\"wp-block-heading\" id=\"h-maori-grammar-your-ticket-to-a-vibrant-bicultural-world\">Gramatika Maori: Bileta juaj p\u00ebr nj\u00eb bot\u00eb t\u00eb gjall\u00eb bikulturore<\/h2>\n\n\n\n<p><a href=\"https:\/\/talkpal.ai\/culture\/how-do-you-say-lets-go-in-maori\/\">Kia ora<\/a>! Mir\u00eb se vini n\u00eb bot\u00ebn e mrekullueshme t\u00eb gjuh\u00ebs Maori. Si gjuha indigjene e Zeland\u00ebs s\u00eb Re, Maori ose te reo Maori ju ofron nj\u00eb mund\u00ebsi unike p\u00ebr t&#8217;u lidhur me nj\u00eb kultur\u00eb t\u00eb lasht\u00eb dhe komunitetin e saj t\u00eb gjall\u00eb t\u00eb fol\u00ebsve. Si \u00e7do gjuh\u00eb, <a href=\"https:\/\/talkpal.ai\/maori-grammar\/\">gramatika Maori<\/a> mund t\u00eb duket sfiduese, por mos u shqet\u00ebsoni! Ky udh\u00ebzues miq\u00ebsor p\u00ebr fillestar\u00ebt do t\u00eb thjeshtoj\u00eb komponent\u00ebt kryesor\u00eb t\u00eb gramatik\u00ebs Maori p\u00ebr nj\u00eb udh\u00ebtim vizualisht t\u00ebrheq\u00ebs dhe informues.<\/p>\n\n\n\n<h3 class=\"wp-block-heading\" id=\"h-1-starting-with-the-basics-maori-alphabet-and-pronunciation\">1. Duke filluar me bazat: Alfabeti Maori dhe shqiptimi<\/h3>\n\n\n\n<p>Maori p\u00ebrdor nj\u00eb shkrim latin t\u00eb modifikuar, i p\u00ebrb\u00ebr\u00eb nga vet\u00ebm 15 shkronja: pes\u00eb zanore (a, e, i, o dhe you) dhe dhjet\u00eb bashk\u00ebting\u00ebllore (h, k, m, n, p, r, t, w, ng dhe wh). Njihuni me k\u00ebto shkronja dhe shqiptimet e <a href=\"https:\/\/talkpal.ai\/locations\/language-courses-in-tyre\/\">tyre<\/a> t\u00eb ve\u00e7anta, pasi ato hedhin bazat p\u00ebr t\u00eb gjith\u00eb m\u00ebsimin e m\u00ebvonsh\u00ebm t\u00eb gramatik\u00ebs Maori.<\/p>\n\n\n\n<h3 class=\"wp-block-heading\" id=\"h-2-exploring-maori-sentence-structure\">2. Eksplorimi i struktur\u00ebs s\u00eb fjalis\u00eb Maori<\/h3>\n\n\n\n<p>N\u00eb thelbin e saj, <a href=\"https:\/\/talkpal.ai\/maori-grammar\/\">gramatika Maori<\/a> ndjek nj\u00eb struktur\u00eb t\u00eb thjesht\u00eb subjekt-folje (-objekt), me foljen q\u00eb zakonisht i paraprin subjektit. M\u00ebnyra m\u00eb e qart\u00eb p\u00ebr t\u00eb kuptuar k\u00ebt\u00eb struktur\u00eb \u00ebsht\u00eb ta shoh\u00ebsh at\u00eb n\u00eb veprim:<\/p>\n\n\n\n<p><strong>Anglisht: F\u00ebmija po luan.<\/strong><\/p>\n\n\n\n<p><strong>Maori: Kei te t\u0101karo te tamaiti.<\/strong><\/p>\n\n\n\n<p>N\u00eb Maori, koha e foljes tregohet p\u00ebrmes nj\u00eb kombinimi grimcash ose duke shtuar nj\u00eb tregues kohe n\u00eb fjali.<\/p>\n\n\n\n<h3 class=\"wp-block-heading\" id=\"h-3-demystifying-particles-building-blocks-of-maori-grammar\">3. Demistifikimi i grimcave: Blloqet nd\u00ebrtuese t\u00eb gramatik\u00ebs Maori<\/h3>\n\n\n\n<p>Grimcat luajn\u00eb nj\u00eb rol vendimtar n\u00eb gramatik\u00ebn Maori, duke lidhur fjal\u00ebt dhe frazat s\u00eb bashku p\u00ebr t\u00eb krijuar fjali koherente dhe ekspresive. Si fillestar, p\u00ebrqendrohuni n\u00eb t\u00eb kuptuarit e disa grimcave thelb\u00ebsore:<\/p>\n\n\n\n<p><strong>\u2013 Kia: p\u00ebrdoret p\u00ebr komanda, d\u00ebshira dhe p\u00ebr t\u00eb treguar q\u00ebllimin e nj\u00eb veprimi.<\/strong><\/p>\n\n\n\n<p><strong>\u2013 Kei: p\u00ebrdoret p\u00ebr t\u00eb formuar koh\u00ebn e vazhdueshme.<\/strong><\/p>\n\n\n\n<p><strong>\u2013 Ko: p\u00ebrdoret p\u00ebr t\u00eb sinjalizuar subjektin e nj\u00eb fjalie.<\/strong><\/p>\n\n\n\n<h3 class=\"wp-block-heading\" id=\"h-4-getting-to-know-maori-pronouns\">4. Njohja me p\u00ebremrat Maori<\/h3>\n\n\n\n<p>P\u00ebremrat n\u00eb Maori z\u00ebvend\u00ebsojn\u00eb emrat dhe ndihmojn\u00eb n\u00eb mbajtjen e bisedave tuaja natyrale dhe fluide. Si fillestar, p\u00ebrqendrohuni n\u00eb t\u00eb kuptuarit e p\u00ebremrave personale dhe proneror\u00eb:<\/p>\n\n\n\n<p>P\u00ebremrat personal\u00eb: ahau (I), koe (ti, nj\u00ebj\u00ebs), ia (ai\/ajo), t\u0101ua (ne, duke p\u00ebrfshir\u00eb personin me t\u00eb cilin flitet), m\u0101ua (ne, duke p\u00ebrjashtuar personin me t\u00eb cilin flitet), koutou (ti, shum\u00ebs), r\u0101tau (ata)<\/p>\n\n\n\n<p>P\u00ebremrat pronor\u00eb: taku\/t\u014dku (im), t\u014du (juaj, nj\u00ebj\u00ebs), t\u014dna (i tij\/ajo), t\u014d t\u0101ua (toni, duke p\u00ebrfshir\u00eb fol\u00ebsin dhe d\u00ebgjuesin), t\u014d m\u0101ua (yn\u00eb, fol\u00ebsi dhe dikush tjet\u00ebr), t\u014d koutou (juaja, shum\u00ebsi), t\u014d r\u0101tau (e tyre)<\/p>\n\n\n\n<h3 class=\"wp-block-heading\" id=\"h-5-navigating-maori-nouns-and-adjectives\">5. Lundrimi i emrave dhe mbiemrave Maori<\/h3>\n\n\n\n<p>Emrat dhe mbiemrat Maori ndjekin rregulla t\u00eb thjeshta gramatikore, duke e b\u00ebr\u00eb t\u00eb leht\u00eb p\u00ebr fillestar\u00ebt ta kuptojn\u00eb. Mbiemrat zakonisht ndjekin emrin q\u00eb po p\u00ebrshkruajn\u00eb, dhe emrat shum\u00ebs thjesht p\u00ebrfshijn\u00eb shtimin e nj\u00eb grimce, &#8220;ng\u0101&#8221;, para emrit. P\u00ebr shembull:<\/p>\n\n\n\n<p><strong>Te whare nui \u2013 &#8220;sht\u00ebpia e madhe&#8221;<\/strong><\/p>\n\n\n\n<p><strong>Ng\u0101 tamariki \u2013 &#8220;f\u00ebmij\u00ebt&#8221;<\/strong><\/p>\n\n\n\n<p>Ja ku e keni! Ju keni hedhur hapat e par\u00eb drejt zot\u00ebrimit t\u00eb gramatik\u00ebs Maori dhe pasurimit t\u00eb udh\u00ebtimit tuaj me gjuh\u00ebn dhe kultur\u00ebn Maori. Mos harroni se praktika, k\u00ebmb\u00ebngulja dhe zhytja jan\u00eb thelb\u00ebsore p\u00ebr sukses, k\u00ebshtu q\u00eb angazhohuni me fol\u00ebsit amtare, eksploroni tekstet Maori dhe forconi themelin tuaj gjuh\u00ebsor. Kia kaha! (Shko i fort\u00eb!)<\/p>\n<\/div><\/div>\n\r\n<section class=\"learnNavigationSection\">\r\n            \r\n        <a href=\"https:\/\/talkpal.ai\/sq\/meso-maori\/\">\r\n            <div class=\"learnNavigationWrapper\">\r\n                <div class=\"learnNavigationContent\">\r\n                    <img decoding=\"async\" src=\"https:\/\/talkpal.ai\/wp-content\/uploads\/2024\/08\/Maori.jpg\" alt=\"New Zealand Flag\">\r\n                    <div>\r\n                        <h4>M\u00ebsimet e gramatik\u00ebs Maori<\/h4>\r\n                        <p>M\u00ebsoni gjith\u00e7ka rreth gramatik\u00ebs Maori.<\/p>\r\n                    <\/div>\r\n                <\/div>\r\n            <\/div>\r\n        <\/a>\r\n\r\n        \r\n        <a href=\"https:\/\/talkpal.ai\/sq\/ushtrimet-e-gramatikes-maori\/\">\r\n            <div class=\"learnNavigationWrapper\">\r\n                <div class=\"learnNavigationContent\">\r\n                    <img decoding=\"async\" src=\"https:\/\/talkpal.ai\/wp-content\/uploads\/2024\/08\/Maori.jpg\" alt=\"New Zealand Flag\">\r\n                    <div>\r\n                        <h4>Ushtrimi i gramatik\u00ebs Maori<\/h4>\r\n                        <p>Praktikoni gramatik\u00ebn Maori.<\/p>\r\n                    <\/div>\r\n                <\/div>\r\n            <\/div>\r\n        <\/a>\r\n\r\n        \r\n        <a href=\"https:\/\/talkpal.ai\/vocabulary_language\/maori\/\">\r\n            <div class=\"learnNavigationWrapper\">\r\n                <div class=\"learnNavigationContent\">\r\n                    <img decoding=\"async\" src=\"https:\/\/talkpal.ai\/wp-content\/uploads\/2024\/08\/Maori.jpg\" alt=\"New Zealand Flag\">\r\n                    <div>\r\n                        <h4>Fjalori Maori<\/h4>\r\n                        <p>Zgjeroni fjalorin tuaj Maori.<\/p>\r\n                    <\/div>\r\n                <\/div>\r\n            <\/div>\r\n        <\/a>\r\n\r\n            <\/section>","protected":false},"excerpt":{"rendered":"<p>Gramatika Maori: Bileta juaj p\u00ebr nj\u00eb bot\u00eb t\u00eb gjall\u00eb bikulturore Kia ora! Mir\u00eb se vini n\u00eb bot\u00ebn e mrekullueshme t\u00eb gjuh\u00ebs Maori. Si gjuha indigjene e Zeland\u00ebs s\u00eb Re, Maori ose te reo Maori ju ofron nj\u00eb mund\u00ebsi unike p\u00ebr t&#8217;u lidhur me nj\u00eb kultur\u00eb t\u00eb lasht\u00eb dhe komunitetin e saj t\u00eb gjall\u00eb t\u00eb fol\u00ebsve. [&hellip;]<\/p>\n","protected":false},"author":1,"featured_media":1442880,"parent":0,"menu_order":0,"comment_status":"closed","ping_status":"closed","template":"LearningContentPage.php","meta":{"_acf_changed":false,"footnotes":""},"class_list":["post-1442878","page","type-page","status-publish","has-post-thumbnail","hentry"],"acf":[],"yoast_head":"<!-- This site is optimized with the Yoast SEO Premium plugin v27.2 (Yoast SEO v27.2) - https:\/\/yoast.com\/product\/yoast-seo-premium-wordpress\/ -->\n<title>Gramatika Maori - Talkpal<\/title>\n<meta name=\"description\" content=\"Eksploroni bazat e gramatik\u00ebs Maori me udh\u00ebzuesin ton\u00eb miq\u00ebsor p\u00ebr fillestar\u00ebt. Zbuloni 15 shkronjat dhe rregullat thelb\u00ebsore t\u00eb te reo Maori.\" \/>\n<meta name=\"robots\" content=\"index, follow, max-snippet:-1, max-image-preview:large, max-video-preview:-1\" \/>\n<link rel=\"canonical\" href=\"https:\/\/talkpal.ai\/sq\/gramatika-maori\/\" \/>\n<meta property=\"og:locale\" content=\"sq_AL\" \/>\n<meta property=\"og:type\" content=\"article\" \/>\n<meta property=\"og:title\" content=\"Gramatika Maori\" \/>\n<meta property=\"og:description\" content=\"Gramatika Maori: Bileta juaj p\u00ebr nj\u00eb bot\u00eb t\u00eb gjall\u00eb bikulturore Kia ora! Mir\u00eb se vini n\u00eb bot\u00ebn e mrekullueshme t\u00eb gjuh\u00ebs Maori. Si gjuha indigjene e\" \/>\n<meta property=\"og:url\" content=\"https:\/\/talkpal.ai\/sq\/gramatika-maori\/\" \/>\n<meta property=\"og:site_name\" content=\"Talkpal\" \/>\n<meta property=\"article:publisher\" content=\"https:\/\/www.facebook.com\/profile.php?id=100090733639311\" \/>\n<meta property=\"article:modified_time\" content=\"2025-12-17T16:45:14+00:00\" \/>\n<meta property=\"og:image\" content=\"https:\/\/talkpal.ai\/wp-content\/uploads\/2023\/05\/Maori-new-zealand.png\" \/>\n\t<meta property=\"og:image:width\" content=\"512\" \/>\n\t<meta property=\"og:image:height\" content=\"512\" \/>\n\t<meta property=\"og:image:type\" content=\"image\/png\" \/>\n<meta name=\"twitter:card\" content=\"summary_large_image\" \/>\n<meta name=\"twitter:site\" content=\"@talkpalai\" \/>\n<meta name=\"twitter:label1\" content=\"Est. reading time\" \/>\n\t<meta name=\"twitter:data1\" content=\"3 minutes\" \/>\n<script type=\"application\/ld+json\" class=\"yoast-schema-graph\">{\"@context\":\"https:\/\/schema.org\",\"@graph\":[{\"@type\":\"WebPage\",\"@id\":\"https:\/\/talkpal.ai\/sq\/gramatika-maori\/\",\"url\":\"https:\/\/talkpal.ai\/sq\/gramatika-maori\/\",\"name\":\"Gramatika Maori - Talkpal\",\"isPartOf\":{\"@id\":\"https:\/\/talkpal.ai\/sq\/#website\"},\"primaryImageOfPage\":{\"@id\":\"https:\/\/talkpal.ai\/sq\/gramatika-maori\/#primaryimage\"},\"image\":{\"@id\":\"https:\/\/talkpal.ai\/sq\/gramatika-maori\/#primaryimage\"},\"thumbnailUrl\":\"https:\/\/talkpal.ai\/wp-content\/uploads\/2023\/05\/Maori-new-zealand.png\",\"datePublished\":\"2023-05-14T14:12:25+00:00\",\"dateModified\":\"2025-12-17T16:45:14+00:00\",\"description\":\"Eksploroni bazat e gramatik\u00ebs Maori me udh\u00ebzuesin ton\u00eb miq\u00ebsor p\u00ebr fillestar\u00ebt. Zbuloni 15 shkronjat dhe rregullat thelb\u00ebsore t\u00eb te reo Maori.\",\"breadcrumb\":{\"@id\":\"https:\/\/talkpal.ai\/sq\/gramatika-maori\/#breadcrumb\"},\"inLanguage\":\"sq-AL\",\"potentialAction\":[{\"@type\":\"ReadAction\",\"target\":[\"https:\/\/talkpal.ai\/sq\/gramatika-maori\/\"]}]},{\"@type\":\"ImageObject\",\"inLanguage\":\"sq-AL\",\"@id\":\"https:\/\/talkpal.ai\/sq\/gramatika-maori\/#primaryimage\",\"url\":\"https:\/\/talkpal.ai\/wp-content\/uploads\/2023\/05\/Maori-new-zealand.png\",\"contentUrl\":\"https:\/\/talkpal.ai\/wp-content\/uploads\/2023\/05\/Maori-new-zealand.png\",\"width\":512,\"height\":512,\"caption\":\"TalkPal Maori Flag\"},{\"@type\":\"BreadcrumbList\",\"@id\":\"https:\/\/talkpal.ai\/sq\/gramatika-maori\/#breadcrumb\",\"itemListElement\":[{\"@type\":\"ListItem\",\"position\":1,\"name\":\"Homepage\",\"item\":\"https:\/\/talkpal.ai\/sq\/\"},{\"@type\":\"ListItem\",\"position\":2,\"name\":\"Gramatika Maori\"}]},{\"@type\":\"WebSite\",\"@id\":\"https:\/\/talkpal.ai\/sq\/#website\",\"url\":\"https:\/\/talkpal.ai\/sq\/\",\"name\":\"Talkpal\",\"description\":\"AI Language Learning\",\"publisher\":{\"@id\":\"https:\/\/talkpal.ai\/sq\/#organization\"},\"alternateName\":\"Talkpal AI\",\"potentialAction\":[{\"@type\":\"SearchAction\",\"target\":{\"@type\":\"EntryPoint\",\"urlTemplate\":\"https:\/\/talkpal.ai\/sq\/?s={search_term_string}\"},\"query-input\":{\"@type\":\"PropertyValueSpecification\",\"valueRequired\":true,\"valueName\":\"search_term_string\"}}],\"inLanguage\":\"sq-AL\"},{\"@type\":\"Organization\",\"@id\":\"https:\/\/talkpal.ai\/sq\/#organization\",\"name\":\"Talkpal, Inc.\",\"alternateName\":\"Talkpal AI\",\"url\":\"https:\/\/talkpal.ai\/sq\/\",\"logo\":{\"@type\":\"ImageObject\",\"inLanguage\":\"sq-AL\",\"@id\":\"https:\/\/talkpal.ai\/sq\/#\/schema\/logo\/image\/\",\"url\":\"https:\/\/talkpal.ai\/wp-content\/uploads\/2024\/03\/Talkpal-Logo-Icon.png\",\"contentUrl\":\"https:\/\/talkpal.ai\/wp-content\/uploads\/2024\/03\/Talkpal-Logo-Icon.png\",\"width\":2880,\"height\":2880,\"caption\":\"Talkpal, Inc.\"},\"image\":{\"@id\":\"https:\/\/talkpal.ai\/sq\/#\/schema\/logo\/image\/\"},\"sameAs\":[\"https:\/\/www.facebook.com\/profile.php?id=100090733639311\",\"https:\/\/x.com\/talkpalai\",\"https:\/\/www.linkedin.com\/company\/talkpal\/\",\"https:\/\/www.youtube.com\/@TalkPal\/\",\"https:\/\/www.tiktok.com\/@talkpal\",\"https:\/\/www.instagram.com\/talkpal_ai\/\",\"https:\/\/www.crunchbase.com\/organization\/talkpal-9cde\",\"https:\/\/www.g2.com\/products\/talkpal-for-business\/\",\"https:\/\/www.trustpilot.com\/review\/talkpal.ai\",\"https:\/\/www.capterra.com\/p\/10006800\/TalkPal\/\"],\"description\":\"Talkpal is a language learning web and mobile education app, powered by the latest AI technologies, that provides engaging experiences to its customers in many different languages to help them improve their language skills. Users can chat about unlimited amount of topics with the app and use other modes to practice their language learning.\",\"email\":\"support@talkpal.ai\",\"legalName\":\"Talkpal, Inc.\",\"foundingDate\":\"2023-04-03\",\"duns\":\"118989042\",\"numberOfEmployees\":{\"@type\":\"QuantitativeValue\",\"minValue\":\"11\",\"maxValue\":\"50\"},\"publishingPrinciples\":\"https:\/\/talkpal.ai\/publishing-principles\/\",\"actionableFeedbackPolicy\":\"https:\/\/talkpal.ai\/actionable-feedback-policy\/\",\"correctionsPolicy\":\"https:\/\/talkpal.ai\/corrections-policy\/\",\"ethicsPolicy\":\"https:\/\/talkpal.ai\/ethics-policy\/\",\"diversityPolicy\":\"https:\/\/talkpal.ai\/diversity-policy\/\",\"diversityStaffingReport\":\"https:\/\/talkpal.ai\/diversity-policy\/\"}]}<\/script>\n<!-- \/ Yoast SEO Premium plugin. -->","yoast_head_json":{"title":"Gramatika Maori - Talkpal","description":"Eksploroni bazat e gramatik\u00ebs Maori me udh\u00ebzuesin ton\u00eb miq\u00ebsor p\u00ebr fillestar\u00ebt. Zbuloni 15 shkronjat dhe rregullat thelb\u00ebsore t\u00eb te reo Maori.","robots":{"index":"index","follow":"follow","max-snippet":"max-snippet:-1","max-image-preview":"max-image-preview:large","max-video-preview":"max-video-preview:-1"},"canonical":"https:\/\/talkpal.ai\/sq\/gramatika-maori\/","og_locale":"sq_AL","og_type":"article","og_title":"Gramatika Maori","og_description":"Gramatika Maori: Bileta juaj p\u00ebr nj\u00eb bot\u00eb t\u00eb gjall\u00eb bikulturore Kia ora! Mir\u00eb se vini n\u00eb bot\u00ebn e mrekullueshme t\u00eb gjuh\u00ebs Maori. Si gjuha indigjene e","og_url":"https:\/\/talkpal.ai\/sq\/gramatika-maori\/","og_site_name":"Talkpal","article_publisher":"https:\/\/www.facebook.com\/profile.php?id=100090733639311","article_modified_time":"2025-12-17T16:45:14+00:00","og_image":[{"width":512,"height":512,"url":"https:\/\/talkpal.ai\/wp-content\/uploads\/2023\/05\/Maori-new-zealand.png","type":"image\/png"}],"twitter_card":"summary_large_image","twitter_site":"@talkpalai","twitter_misc":{"Est. reading time":"3 minutes"},"schema":{"@context":"https:\/\/schema.org","@graph":[{"@type":"WebPage","@id":"https:\/\/talkpal.ai\/sq\/gramatika-maori\/","url":"https:\/\/talkpal.ai\/sq\/gramatika-maori\/","name":"Gramatika Maori - Talkpal","isPartOf":{"@id":"https:\/\/talkpal.ai\/sq\/#website"},"primaryImageOfPage":{"@id":"https:\/\/talkpal.ai\/sq\/gramatika-maori\/#primaryimage"},"image":{"@id":"https:\/\/talkpal.ai\/sq\/gramatika-maori\/#primaryimage"},"thumbnailUrl":"https:\/\/talkpal.ai\/wp-content\/uploads\/2023\/05\/Maori-new-zealand.png","datePublished":"2023-05-14T14:12:25+00:00","dateModified":"2025-12-17T16:45:14+00:00","description":"Eksploroni bazat e gramatik\u00ebs Maori me udh\u00ebzuesin ton\u00eb miq\u00ebsor p\u00ebr fillestar\u00ebt. Zbuloni 15 shkronjat dhe rregullat thelb\u00ebsore t\u00eb te reo Maori.","breadcrumb":{"@id":"https:\/\/talkpal.ai\/sq\/gramatika-maori\/#breadcrumb"},"inLanguage":"sq-AL","potentialAction":[{"@type":"ReadAction","target":["https:\/\/talkpal.ai\/sq\/gramatika-maori\/"]}]},{"@type":"ImageObject","inLanguage":"sq-AL","@id":"https:\/\/talkpal.ai\/sq\/gramatika-maori\/#primaryimage","url":"https:\/\/talkpal.ai\/wp-content\/uploads\/2023\/05\/Maori-new-zealand.png","contentUrl":"https:\/\/talkpal.ai\/wp-content\/uploads\/2023\/05\/Maori-new-zealand.png","width":512,"height":512,"caption":"TalkPal Maori Flag"},{"@type":"BreadcrumbList","@id":"https:\/\/talkpal.ai\/sq\/gramatika-maori\/#breadcrumb","itemListElement":[{"@type":"ListItem","position":1,"name":"Homepage","item":"https:\/\/talkpal.ai\/sq\/"},{"@type":"ListItem","position":2,"name":"Gramatika Maori"}]},{"@type":"WebSite","@id":"https:\/\/talkpal.ai\/sq\/#website","url":"https:\/\/talkpal.ai\/sq\/","name":"Talkpal","description":"AI Language Learning","publisher":{"@id":"https:\/\/talkpal.ai\/sq\/#organization"},"alternateName":"Talkpal AI","potentialAction":[{"@type":"SearchAction","target":{"@type":"EntryPoint","urlTemplate":"https:\/\/talkpal.ai\/sq\/?s={search_term_string}"},"query-input":{"@type":"PropertyValueSpecification","valueRequired":true,"valueName":"search_term_string"}}],"inLanguage":"sq-AL"},{"@type":"Organization","@id":"https:\/\/talkpal.ai\/sq\/#organization","name":"Talkpal, Inc.","alternateName":"Talkpal AI","url":"https:\/\/talkpal.ai\/sq\/","logo":{"@type":"ImageObject","inLanguage":"sq-AL","@id":"https:\/\/talkpal.ai\/sq\/#\/schema\/logo\/image\/","url":"https:\/\/talkpal.ai\/wp-content\/uploads\/2024\/03\/Talkpal-Logo-Icon.png","contentUrl":"https:\/\/talkpal.ai\/wp-content\/uploads\/2024\/03\/Talkpal-Logo-Icon.png","width":2880,"height":2880,"caption":"Talkpal, Inc."},"image":{"@id":"https:\/\/talkpal.ai\/sq\/#\/schema\/logo\/image\/"},"sameAs":["https:\/\/www.facebook.com\/profile.php?id=100090733639311","https:\/\/x.com\/talkpalai","https:\/\/www.linkedin.com\/company\/talkpal\/","https:\/\/www.youtube.com\/@TalkPal\/","https:\/\/www.tiktok.com\/@talkpal","https:\/\/www.instagram.com\/talkpal_ai\/","https:\/\/www.crunchbase.com\/organization\/talkpal-9cde","https:\/\/www.g2.com\/products\/talkpal-for-business\/","https:\/\/www.trustpilot.com\/review\/talkpal.ai","https:\/\/www.capterra.com\/p\/10006800\/TalkPal\/"],"description":"Talkpal is a language learning web and mobile education app, powered by the latest AI technologies, that provides engaging experiences to its customers in many different languages to help them improve their language skills. Users can chat about unlimited amount of topics with the app and use other modes to practice their language learning.","email":"support@talkpal.ai","legalName":"Talkpal, Inc.","foundingDate":"2023-04-03","duns":"118989042","numberOfEmployees":{"@type":"QuantitativeValue","minValue":"11","maxValue":"50"},"publishingPrinciples":"https:\/\/talkpal.ai\/publishing-principles\/","actionableFeedbackPolicy":"https:\/\/talkpal.ai\/actionable-feedback-policy\/","correctionsPolicy":"https:\/\/talkpal.ai\/corrections-policy\/","ethicsPolicy":"https:\/\/talkpal.ai\/ethics-policy\/","diversityPolicy":"https:\/\/talkpal.ai\/diversity-policy\/","diversityStaffingReport":"https:\/\/talkpal.ai\/diversity-policy\/"}]}},"_links":{"self":[{"href":"https:\/\/talkpal.ai\/sq\/wp-json\/wp\/v2\/pages\/1442878","targetHints":{"allow":["GET"]}}],"collection":[{"href":"https:\/\/talkpal.ai\/sq\/wp-json\/wp\/v2\/pages"}],"about":[{"href":"https:\/\/talkpal.ai\/sq\/wp-json\/wp\/v2\/types\/page"}],"author":[{"embeddable":true,"href":"https:\/\/talkpal.ai\/sq\/wp-json\/wp\/v2\/users\/1"}],"replies":[{"embeddable":true,"href":"https:\/\/talkpal.ai\/sq\/wp-json\/wp\/v2\/comments?post=1442878"}],"version-history":[{"count":0,"href":"https:\/\/talkpal.ai\/sq\/wp-json\/wp\/v2\/pages\/1442878\/revisions"}],"wp:featuredmedia":[{"embeddable":true,"href":"https:\/\/talkpal.ai\/sq\/wp-json\/wp\/v2\/media\/1442880"}],"wp:attachment":[{"href":"https:\/\/talkpal.ai\/sq\/wp-json\/wp\/v2\/media?parent=1442878"}],"curies":[{"name":"wp","href":"https:\/\/api.w.org\/{rel}","templated":true}]}}