{"id":1442867,"date":"2023-05-14T14:10:24","date_gmt":"2023-05-14T14:10:24","guid":{"rendered":"https:\/\/talkpal.ai\/gramatika-letoneze\/"},"modified":"2025-12-17T17:14:01","modified_gmt":"2025-12-17T17:14:01","slug":"gramatika-letoneze","status":"publish","type":"page","link":"https:\/\/talkpal.ai\/sq\/gramatika-letoneze\/","title":{"rendered":"Gramatika letoneze"},"content":{"rendered":"\r\n\r\n\r\n<section class=\"languageChallengeSection\">\r\n    <div class=\"languageInfoWrapper\">\r\n        \r\n        <h1>Gramatika letoneze<\/h1>\r\n        <p>Eksploroni bot\u00ebn unike t\u00eb gramatik\u00ebs letoneze dhe zhbllokoni bukurin\u00eb e nj\u00eb prej gjuh\u00ebve m\u00eb t\u00eb gjalla t\u00eb rajonit Baltik. Duke kuptuar struktur\u00ebn dhe rregullat e tij, ju do t\u00eb rrisni besimin dhe aft\u00ebsit\u00eb tuaja t\u00eb komunikimit. Filloni t\u00eb m\u00ebsoni gramatik\u00ebn letoneze sot dhe hidhni hapin tuaj t\u00eb par\u00eb drejt rrjedhshm\u00ebris\u00eb!\n\n<\/p>\r\n\r\n                            <a class=\"getStartedHidden\" href=\"https:\/\/app.talkpal.ai\/signup?lng=\">Filloni<\/a>\r\n        \r\n    <\/div>\r\n\r\n    <figure>\r\n    <img decoding=\"async\" width=\"768\" height=\"768\" src=\"https:\/\/talkpal.ai\/wp-content\/uploads\/2023\/06\/latvian-768x768.png\" class=\"languageImage no-lazy\" alt=\"Language learning to access more cultures\" fetchpriority=\"high\" sizes=\"(max-width: 768px) 150px, 768px\" srcset=\"https:\/\/talkpal.ai\/wp-content\/uploads\/2023\/06\/latvian-768x768.png 768w, https:\/\/talkpal.ai\/wp-content\/uploads\/2023\/06\/latvian-300x300.png 300w\" \/>\r\n    \r\n\r\n    <\/figure>\r\n\r\n            <a class=\"getStartedVisible\" href=\"https:\/\/app.talkpal.ai\/signup?lng=\">Filloni<\/a>\r\n    \r\n<\/section>\r\n<section class=\"promotionalBanner\">\r\n    <p class=\"promotionalText\">M\u00ebnyra m\u00eb efikase p\u00ebr t\u00eb m\u00ebsuar nj\u00eb gjuh\u00eb<\/p>\r\n    <a class=\"promotionalLink\" href=\"https:\/\/app.talkpal.ai\/signup?lng=\">Provoni Talkpal falas<\/a>\r\n<\/section>\n<div class=\"wp-block-group pageContainerStyle\"><div class=\"wp-block-group__inner-container is-layout-constrained wp-block-group-is-layout-constrained\">\n<h2 class=\"wp-block-heading\" id=\"h-the-ultimate-guide-to-latvian-grammar-navigating-the-intricacies-of-a-unique-language\">Udh\u00ebzuesi p\u00ebrfundimtar p\u00ebr gramatik\u00ebn letoneze: Lundrimi n\u00eb nd\u00ebrlikimet e nj\u00eb gjuhe unike<\/h2>\n\n\n\n<p><a href=\"https:\/\/talkpal.ai\/sq\/gramatika\/\">Gramatika<\/a> letoneze, ashtu si vet\u00eb gjuha, paraqet nj\u00eb sixhade t\u00eb pasur dhe magjeps\u00ebse t\u00eb elementeve gjuh\u00ebsore. Si gjuh\u00eb baltike, letonishtja magjeps nx\u00ebn\u00ebsit me ve\u00e7orit\u00eb e saj t\u00eb ndryshme dhe sfidon edhe fol\u00ebsit m\u00eb t\u00eb aft\u00eb. N\u00eb k\u00ebt\u00eb udh\u00ebzues, ne do t\u00eb shqyrtojm\u00eb parimet kryesore t\u00eb gramatik\u00ebs letoneze, do t&#8217;ju demistifikojm\u00eb kompleksitetin e saj dhe do t&#8217;ju mb\u00ebshtesim n\u00eb udh\u00ebtimin tuaj p\u00ebr t&#8217;u b\u00ebr\u00eb rrjedhsh\u00ebm n\u00eb k\u00ebt\u00eb gjuh\u00eb magjeps\u00ebse. Le t\u00eb fillojm\u00eb!<\/p>\n\n\n\n<h3 class=\"wp-block-heading\" id=\"h-the-nuts-and-bolts-latvian-sentence-structure\">Arrat dhe bulonat: Struktura e fjalis\u00eb letoneze<\/h3>\n\n\n\n<p>N\u00eb thelb, <a href=\"https:\/\/talkpal.ai\/sq\/gramatika\/\">gramatika<\/a> letoneze \u00ebsht\u00eb mjaft e drejtp\u00ebrdrejt\u00eb. Gjuha n\u00eb p\u00ebrgjith\u00ebsi ndjek struktur\u00ebn e fjalis\u00eb Subjekt-Folje-Objekt (SVO), e ngjashme me anglishten dhe shum\u00eb gjuh\u00eb t\u00eb tjera. P\u00ebr shembull, fjalia &#8220;Un\u00eb ha nj\u00eb moll\u00eb&#8221; p\u00ebrkthehet n\u00eb &#8220;Es \u0113du \u0101bolu&#8221; (Es \u0113du \u0101bolu). E thjesht\u00eb, apo jo? Megjithat\u00eb, nd\u00ebrsa g\u00ebrmojm\u00eb m\u00eb thell\u00eb, do t\u00eb hasni disa tipare intriguese dhe dalluese t\u00eb gramatik\u00ebs letoneze.<\/p>\n\n\n\n<h3 class=\"wp-block-heading\" id=\"h-meet-the-family-latvian-nouns-and-their-cases\">Njihuni me familjen: Emrat letonez dhe rastet e tyre<\/h3>\n\n\n\n<p>Nj\u00eb nga karakteristikat m\u00eb hutuese t\u00eb gramatik\u00ebs letoneze p\u00ebr anglishtfol\u00ebsit \u00ebsht\u00eb nocioni i rasteve gramatikore. N\u00eb <a href=\"https:\/\/talkpal.ai\/learn-latvian\/\">letonisht<\/a>, ka shtat\u00eb raste: nominative, gjenitive, dative, akuzative, locative, instrumentale dhe vokative. \u00c7do rast ka funksionin e vet dhe ndikon n\u00eb form\u00ebn e emrave, mbiemrave, p\u00ebremrave dhe ndonj\u00ebher\u00eb edhe foljeve.<\/p>\n\n\n\n<p>P\u00ebr shembull, le t\u00eb marrim fjal\u00ebn &#8220;\u0101bols&#8221; (\u0101bols) q\u00eb do t\u00eb thot\u00eb &#8220;moll\u00eb&#8221;:<\/p>\n\n\n\n<p><strong>\u2013 Rasti nominativ (p\u00ebrdoret p\u00ebr l\u00ebnd\u00ebt): \u0101bols<\/strong><\/p>\n\n\n\n<p><strong>\u2013 Rasti gjenitiv (p\u00ebrdoret p\u00ebr posedim): \u0101bola<\/strong><\/p>\n\n\n\n<p><strong>\u2013 Rasti dativ (p\u00ebrdoret p\u00ebr objekte indirekte): \u0101bolam<\/strong><\/p>\n\n\n\n<p><strong>\u2013 Rast akuzativ (p\u00ebrdoret p\u00ebr objekte t\u00eb drejtp\u00ebrdrejta): \u0101bolu<\/strong><\/p>\n\n\n\n<p><strong>\u2013 Rasti lokalizues (p\u00ebrdoret p\u00ebr vendndodhjen): \u0101bol\u0101<\/strong><\/p>\n\n\n\n<p><strong>\u2013 Rasti instrumental (p\u00ebrdoret p\u00ebr mjetet me t\u00eb cilat kryhet nj\u00eb veprim): \u0101bolu\/-iem<\/strong><\/p>\n\n\n\n<p><strong>\u2013 Rast vokativ (p\u00ebrdoret p\u00ebr t&#8217;iu drejtuar dikujt ose di\u00e7kaje): \u0101bol<\/strong><\/p>\n\n\n\n<p>\u00cbsht\u00eb e r\u00ebnd\u00ebsishme t\u00eb njiheni me k\u00ebto raste, pasi ato mund t\u00eb ndryshojn\u00eb n\u00eb m\u00ebnyr\u00eb dramatike kuptimin e fjalive tuaja.<\/p>\n\n\n\n<h3 class=\"wp-block-heading\" id=\"h-playing-with-numbers-latvian-plurals-and-genders\">Duke luajtur me numrat: Shum\u00ebsi dhe gjinit\u00eb letoneze<\/h3>\n\n\n\n<p>Kur formoni shum\u00ebs n\u00eb letonisht, \u00ebsht\u00eb thelb\u00ebsore t\u00eb mbani parasysh gjinin\u00eb e emrit. N\u00eb letonisht, emrat kan\u00eb dy gjini \u2013 mashkullore dhe fem\u00ebrore. Gjinia ndikon n\u00eb mbaresat e emrave, mbiemrave, numrave dhe formave t\u00eb caktuara t\u00eb foljes.<\/p>\n\n\n\n<p>N\u00eb p\u00ebrgjith\u00ebsi, emrat mashkullor\u00eb n\u00eb numrin shum\u00ebs p\u00ebrfundojn\u00eb n\u00eb -i, nd\u00ebrsa emrat fem\u00ebror\u00eb p\u00ebrfundojn\u00eb n\u00eb -as. P\u00ebr shembull, &#8220;zirgs&#8221; (zirgs, nj\u00eb em\u00ebr mashkullor q\u00eb do t\u00eb thot\u00eb &#8220;kal\u00eb&#8221;) b\u00ebhet &#8220;zirgi&#8221; (zirgi, kuaj), dhe &#8220;sieviete&#8221; (sieviete, nj\u00eb em\u00ebr fem\u00ebror q\u00eb do t\u00eb thot\u00eb &#8220;grua&#8221;) b\u00ebhet &#8220;sievietes&#8221; (sievietes, gra).<\/p>\n\n\n\n<p>Sigurisht, ekzistojn\u00eb disa p\u00ebrjashtime, prandaj \u00ebsht\u00eb thelb\u00ebsore t\u00eb m\u00ebsoni emrat s\u00eb bashku me gjinit\u00eb e <a href=\"https:\/\/talkpal.ai\/locations\/language-courses-in-tyre\/\">tyre<\/a> dhe t\u00eb jeni t\u00eb vet\u00ebdijsh\u00ebm p\u00ebr \u00e7do shum\u00ebs t\u00eb parregullt.<\/p>\n\n\n\n<h3 class=\"wp-block-heading\" id=\"h-the-art-of-conjugation-latvian-verbs\">Arti i konjugimit: Foljet letoneze<\/h3>\n\n\n\n<p>Foljet letoneze fillimisht mund t\u00eb duken t\u00eb frikshme p\u00ebr shkak t\u00eb koh\u00ebve, humorit dhe konjugimeve t\u00eb tyre t\u00eb shumta. Megjithat\u00eb, \u00e7el\u00ebsi p\u00ebr t&#8217;i kuptuar ato \u00ebsht\u00eb t\u00eb njihni modelet e zakonshme dhe t\u00eb praktikoni rregullisht.<\/p>\n\n\n\n<p>N\u00eb letonisht, foljet ndahen n\u00eb tre grupe bazuar n\u00eb mbaresat e tyre infinitive, -t, -ties dhe -tiesa\/-t. \u00c7do grup ka rregulla specifike t\u00eb konjugimit. Le t\u00eb marrim foljen &#8220;las\u012bt&#8221; (las\u012bt, &#8220;t\u00eb lexosh&#8221;) si shembull:<\/p>\n\n\n\n<p><strong>Koha e tashme: Es lasu (Es lasu, &#8220;lexoj&#8221;)<\/strong><\/p>\n\n\n\n<p><strong>Koha e kaluar: Es las\u012bju (Es las\u012bju, &#8220;lexoj&#8221;)<\/strong><\/p>\n\n\n\n<p><strong>Koha e ardhshme: Es las\u012b\u0161u (Es las\u012b\u0161u, &#8220;do t\u00eb lexoj&#8221;)<\/strong><\/p>\n\n\n\n<p>Si\u00e7 mund ta shihni, p\u00ebrfundimet ndryshojn\u00eb sipas koh\u00ebs. Dhe kjo nuk g\u00ebrvisht as sip\u00ebrfaqen e konjugimit t\u00eb foljeve letoneze! Megjithat\u00eb, mos lejoni q\u00eb t&#8217;ju dekurajoj\u00eb. Me praktik\u00eb dhe durim, do t\u00eb filloni t\u00eb njihni modelet dhe do ta mposhtni k\u00ebt\u00eb sfid\u00eb.<\/p>\n\n\n\n<h3 class=\"wp-block-heading\" id=\"h-the-finishing-touches-latvian-adjectives-adverbs-and-more\">Prekjet p\u00ebrfundimtare: mbiemrat letonez, ndajfoljet dhe m\u00eb shum\u00eb<\/h3>\n\n\n\n<p>Kur b\u00ebhet fjal\u00eb p\u00ebr mbiemrat dhe ndajfoljet letoneze, ato luajn\u00eb nj\u00eb rol kritik n\u00eb shtimin e thell\u00ebsis\u00eb dhe kompleksitetit t\u00eb t\u00eb folurit tuaj. Mbiemrat duhet t\u00eb pajtohen me emrat q\u00eb modifikojn\u00eb p\u00ebr sa i p\u00ebrket gjinis\u00eb dhe rastit, me mbaresa q\u00eb ndryshojn\u00eb n\u00eb p\u00ebrputhje me rrethanat.<\/p>\n\n\n\n<p>P\u00ebr shembull, &#8220;gar\u0161\u012bgs&#8221; (gar\u0161\u012bgs) do t\u00eb thot\u00eb &#8220;i shijsh\u00ebm&#8221; dhe ju mund ta shihni at\u00eb si &#8220;gar\u0161\u012bgs \u0101bols&#8221; (gar\u0161\u012bgs \u0101bols, &#8220;moll\u00eb e shijshme&#8221;) ose &#8220;gar\u0161\u012bga zupa&#8221; (gar\u0161\u012bga zupa, &#8220;sup\u00eb e shijshme&#8221;), me mbaresa t\u00eb ndryshme p\u00ebr emrat mashkullor\u00eb dhe fem\u00ebror\u00eb.<\/p>\n\n\n\n<p>Ndajfoljet zakonisht ndjekin modele t\u00eb ngjashme, shpesh q\u00eb rrjedhin nga mbiemrat. N\u00eb letonisht, shumica e ndajfoljeve p\u00ebrfundojn\u00eb me -i, q\u00eb \u00ebsht\u00eb e nj\u00ebjta form\u00eb me nj\u00ebj\u00ebsin mashkullor p\u00ebr mbiemra.<\/p>\n\n\n\n<p>Si p\u00ebrfundim, kompleksitetet dhe ve\u00e7orit\u00eb e gramatik\u00ebs letoneze, megjith\u00ebse sfiduese, i japin gjuh\u00ebs bukurin\u00eb dhe karakterin e saj magjeps\u00ebs. Me nj\u00eb kombinim t\u00eb k\u00ebmb\u00ebnguljes, kuriozitetit dhe aplikimit praktik, s\u00eb shpejti do t\u00eb lundroni n\u00eb gramatik\u00ebn letoneze me leht\u00ebsi dhe besim. G\u00ebzuar m\u00ebsimin!<\/p>\n<\/div><\/div>\n\r\n<section class=\"learnNavigationSection\">\r\n            \r\n        <a href=\"https:\/\/talkpal.ai\/sq\/meso-letonisht\/\">\r\n            <div class=\"learnNavigationWrapper\">\r\n                <div class=\"learnNavigationContent\">\r\n                    <img decoding=\"async\" src=\"https:\/\/talkpal.ai\/wp-content\/uploads\/2024\/08\/Latvian.jpg\" alt=\"Latvian Flag\">\r\n                    <div>\r\n                        <h4>Rreth m\u00ebsimit letonez<\/h4>\r\n                        <p>M\u00ebsoni gjith\u00e7ka rreth gramatik\u00ebs letoneze.<\/p>\r\n                    <\/div>\r\n                <\/div>\r\n            <\/div>\r\n        <\/a>\r\n\r\n        \r\n        <a href=\"https:\/\/talkpal.ai\/sq\/ushtrimet-gramatikore-letoneze\/\">\r\n            <div class=\"learnNavigationWrapper\">\r\n                <div class=\"learnNavigationContent\">\r\n                    <img decoding=\"async\" src=\"https:\/\/talkpal.ai\/wp-content\/uploads\/2024\/08\/Latvian.jpg\" alt=\"Latvian Flag\">\r\n                    <div>\r\n                        <h4>Ushtrimi i gramatik\u00ebs letoneze<\/h4>\r\n                        <p>Praktikoni gramatik\u00ebn letoneze.<\/p>\r\n                    <\/div>\r\n                <\/div>\r\n            <\/div>\r\n        <\/a>\r\n\r\n        \r\n        <a href=\"https:\/\/talkpal.ai\/vocabulary_language\/latvian\/\">\r\n            <div class=\"learnNavigationWrapper\">\r\n                <div class=\"learnNavigationContent\">\r\n                    <img decoding=\"async\" src=\"https:\/\/talkpal.ai\/wp-content\/uploads\/2024\/08\/Latvian.jpg\" alt=\"Latvian Flag\">\r\n                    <div>\r\n                        <h4>Fjalori letonez<\/h4>\r\n                        <p>Zgjeroni fjalorin tuaj letonez.<\/p>\r\n                    <\/div>\r\n                <\/div>\r\n            <\/div>\r\n        <\/a>\r\n\r\n            <\/section>","protected":false},"excerpt":{"rendered":"<p>Udh\u00ebzuesi p\u00ebrfundimtar p\u00ebr gramatik\u00ebn letoneze: Lundrimi n\u00eb nd\u00ebrlikimet e nj\u00eb gjuhe unike Gramatika letoneze, ashtu si vet\u00eb gjuha, paraqet nj\u00eb sixhade t\u00eb pasur dhe magjeps\u00ebse t\u00eb elementeve gjuh\u00ebsore. Si gjuh\u00eb baltike, letonishtja magjeps nx\u00ebn\u00ebsit me ve\u00e7orit\u00eb e saj t\u00eb ndryshme dhe sfidon edhe fol\u00ebsit m\u00eb t\u00eb aft\u00eb. N\u00eb k\u00ebt\u00eb udh\u00ebzues, ne do t\u00eb shqyrtojm\u00eb parimet [&hellip;]<\/p>\n","protected":false},"author":1,"featured_media":1442869,"parent":0,"menu_order":0,"comment_status":"closed","ping_status":"closed","template":"LearningContentPage.php","meta":{"_acf_changed":false,"footnotes":""},"class_list":["post-1442867","page","type-page","status-publish","has-post-thumbnail","hentry"],"acf":[],"yoast_head":"<!-- This site is optimized with the Yoast SEO Premium plugin v27.2 (Yoast SEO v27.2) - https:\/\/yoast.com\/product\/yoast-seo-premium-wordpress\/ -->\n<title>Gramatika letoneze - Talkpal<\/title>\n<meta name=\"description\" content=\"Zot\u00ebroni gramatik\u00ebn letoneze me besim - m\u00ebsoni rregullat, praktikoni p\u00ebrdorimin dhe rrisni sakt\u00ebsin\u00eb gjuh\u00ebsore leht\u00ebsisht me udh\u00ebzimet e personalizuara t\u00eb AI t\u00eb TalkPal.\" \/>\n<meta name=\"robots\" content=\"index, follow, max-snippet:-1, max-image-preview:large, max-video-preview:-1\" \/>\n<link rel=\"canonical\" href=\"https:\/\/talkpal.ai\/sq\/gramatika-letoneze\/\" \/>\n<meta property=\"og:locale\" content=\"sq_AL\" \/>\n<meta property=\"og:type\" content=\"article\" \/>\n<meta property=\"og:title\" content=\"Gramatika letoneze\" \/>\n<meta property=\"og:description\" content=\"Udh\u00ebzuesi p\u00ebrfundimtar p\u00ebr gramatik\u00ebn letoneze: Lundrimi n\u00eb nd\u00ebrlikimet e nj\u00eb gjuhe unike Gramatika letoneze, ashtu si vet\u00eb gjuha, paraqet nj\u00eb sixhade t\u00eb\" \/>\n<meta property=\"og:url\" content=\"https:\/\/talkpal.ai\/sq\/gramatika-letoneze\/\" \/>\n<meta property=\"og:site_name\" content=\"Talkpal\" \/>\n<meta property=\"article:publisher\" content=\"https:\/\/www.facebook.com\/profile.php?id=100090733639311\" \/>\n<meta property=\"article:modified_time\" content=\"2025-12-17T17:14:01+00:00\" \/>\n<meta property=\"og:image\" content=\"https:\/\/talkpal.ai\/wp-content\/uploads\/2023\/05\/latvia.png\" \/>\n\t<meta property=\"og:image:width\" content=\"512\" \/>\n\t<meta property=\"og:image:height\" content=\"512\" \/>\n\t<meta property=\"og:image:type\" content=\"image\/png\" \/>\n<meta name=\"twitter:card\" content=\"summary_large_image\" \/>\n<meta name=\"twitter:site\" content=\"@talkpalai\" \/>\n<meta name=\"twitter:label1\" content=\"Est. reading time\" \/>\n\t<meta name=\"twitter:data1\" content=\"4 minutes\" \/>\n<script type=\"application\/ld+json\" class=\"yoast-schema-graph\">{\"@context\":\"https:\/\/schema.org\",\"@graph\":[{\"@type\":\"WebPage\",\"@id\":\"https:\/\/talkpal.ai\/sq\/gramatika-letoneze\/\",\"url\":\"https:\/\/talkpal.ai\/sq\/gramatika-letoneze\/\",\"name\":\"Gramatika letoneze - Talkpal\",\"isPartOf\":{\"@id\":\"https:\/\/talkpal.ai\/sq\/#website\"},\"primaryImageOfPage\":{\"@id\":\"https:\/\/talkpal.ai\/sq\/gramatika-letoneze\/#primaryimage\"},\"image\":{\"@id\":\"https:\/\/talkpal.ai\/sq\/gramatika-letoneze\/#primaryimage\"},\"thumbnailUrl\":\"https:\/\/talkpal.ai\/wp-content\/uploads\/2023\/05\/latvia.png\",\"datePublished\":\"2023-05-14T14:10:24+00:00\",\"dateModified\":\"2025-12-17T17:14:01+00:00\",\"description\":\"Zot\u00ebroni gramatik\u00ebn letoneze me besim - m\u00ebsoni rregullat, praktikoni p\u00ebrdorimin dhe rrisni sakt\u00ebsin\u00eb gjuh\u00ebsore leht\u00ebsisht me udh\u00ebzimet e personalizuara t\u00eb AI t\u00eb TalkPal.\",\"breadcrumb\":{\"@id\":\"https:\/\/talkpal.ai\/sq\/gramatika-letoneze\/#breadcrumb\"},\"inLanguage\":\"sq-AL\",\"potentialAction\":[{\"@type\":\"ReadAction\",\"target\":[\"https:\/\/talkpal.ai\/sq\/gramatika-letoneze\/\"]}]},{\"@type\":\"ImageObject\",\"inLanguage\":\"sq-AL\",\"@id\":\"https:\/\/talkpal.ai\/sq\/gramatika-letoneze\/#primaryimage\",\"url\":\"https:\/\/talkpal.ai\/wp-content\/uploads\/2023\/05\/latvia.png\",\"contentUrl\":\"https:\/\/talkpal.ai\/wp-content\/uploads\/2023\/05\/latvia.png\",\"width\":512,\"height\":512,\"caption\":\"TalkPal Latvia Flag\"},{\"@type\":\"BreadcrumbList\",\"@id\":\"https:\/\/talkpal.ai\/sq\/gramatika-letoneze\/#breadcrumb\",\"itemListElement\":[{\"@type\":\"ListItem\",\"position\":1,\"name\":\"Homepage\",\"item\":\"https:\/\/talkpal.ai\/sq\/\"},{\"@type\":\"ListItem\",\"position\":2,\"name\":\"Gramatika letoneze\"}]},{\"@type\":\"WebSite\",\"@id\":\"https:\/\/talkpal.ai\/sq\/#website\",\"url\":\"https:\/\/talkpal.ai\/sq\/\",\"name\":\"Talkpal\",\"description\":\"AI Language Learning\",\"publisher\":{\"@id\":\"https:\/\/talkpal.ai\/sq\/#organization\"},\"alternateName\":\"Talkpal AI\",\"potentialAction\":[{\"@type\":\"SearchAction\",\"target\":{\"@type\":\"EntryPoint\",\"urlTemplate\":\"https:\/\/talkpal.ai\/sq\/?s={search_term_string}\"},\"query-input\":{\"@type\":\"PropertyValueSpecification\",\"valueRequired\":true,\"valueName\":\"search_term_string\"}}],\"inLanguage\":\"sq-AL\"},{\"@type\":\"Organization\",\"@id\":\"https:\/\/talkpal.ai\/sq\/#organization\",\"name\":\"Talkpal, Inc.\",\"alternateName\":\"Talkpal AI\",\"url\":\"https:\/\/talkpal.ai\/sq\/\",\"logo\":{\"@type\":\"ImageObject\",\"inLanguage\":\"sq-AL\",\"@id\":\"https:\/\/talkpal.ai\/sq\/#\/schema\/logo\/image\/\",\"url\":\"https:\/\/talkpal.ai\/wp-content\/uploads\/2024\/03\/Talkpal-Logo-Icon.png\",\"contentUrl\":\"https:\/\/talkpal.ai\/wp-content\/uploads\/2024\/03\/Talkpal-Logo-Icon.png\",\"width\":2880,\"height\":2880,\"caption\":\"Talkpal, Inc.\"},\"image\":{\"@id\":\"https:\/\/talkpal.ai\/sq\/#\/schema\/logo\/image\/\"},\"sameAs\":[\"https:\/\/www.facebook.com\/profile.php?id=100090733639311\",\"https:\/\/x.com\/talkpalai\",\"https:\/\/www.linkedin.com\/company\/talkpal\/\",\"https:\/\/www.youtube.com\/@TalkPal\/\",\"https:\/\/www.tiktok.com\/@talkpal\",\"https:\/\/www.instagram.com\/talkpal_ai\/\",\"https:\/\/www.crunchbase.com\/organization\/talkpal-9cde\",\"https:\/\/www.g2.com\/products\/talkpal-for-business\/\",\"https:\/\/www.trustpilot.com\/review\/talkpal.ai\",\"https:\/\/www.capterra.com\/p\/10006800\/TalkPal\/\"],\"description\":\"Talkpal is a language learning web and mobile education app, powered by the latest AI technologies, that provides engaging experiences to its customers in many different languages to help them improve their language skills. Users can chat about unlimited amount of topics with the app and use other modes to practice their language learning.\",\"email\":\"support@talkpal.ai\",\"legalName\":\"Talkpal, Inc.\",\"foundingDate\":\"2023-04-03\",\"duns\":\"118989042\",\"numberOfEmployees\":{\"@type\":\"QuantitativeValue\",\"minValue\":\"11\",\"maxValue\":\"50\"},\"publishingPrinciples\":\"https:\/\/talkpal.ai\/publishing-principles\/\",\"actionableFeedbackPolicy\":\"https:\/\/talkpal.ai\/actionable-feedback-policy\/\",\"correctionsPolicy\":\"https:\/\/talkpal.ai\/corrections-policy\/\",\"ethicsPolicy\":\"https:\/\/talkpal.ai\/ethics-policy\/\",\"diversityPolicy\":\"https:\/\/talkpal.ai\/diversity-policy\/\",\"diversityStaffingReport\":\"https:\/\/talkpal.ai\/diversity-policy\/\"}]}<\/script>\n<!-- \/ Yoast SEO Premium plugin. -->","yoast_head_json":{"title":"Gramatika letoneze - Talkpal","description":"Zot\u00ebroni gramatik\u00ebn letoneze me besim - m\u00ebsoni rregullat, praktikoni p\u00ebrdorimin dhe rrisni sakt\u00ebsin\u00eb gjuh\u00ebsore leht\u00ebsisht me udh\u00ebzimet e personalizuara t\u00eb AI t\u00eb TalkPal.","robots":{"index":"index","follow":"follow","max-snippet":"max-snippet:-1","max-image-preview":"max-image-preview:large","max-video-preview":"max-video-preview:-1"},"canonical":"https:\/\/talkpal.ai\/sq\/gramatika-letoneze\/","og_locale":"sq_AL","og_type":"article","og_title":"Gramatika letoneze","og_description":"Udh\u00ebzuesi p\u00ebrfundimtar p\u00ebr gramatik\u00ebn letoneze: Lundrimi n\u00eb nd\u00ebrlikimet e nj\u00eb gjuhe unike Gramatika letoneze, ashtu si vet\u00eb gjuha, paraqet nj\u00eb sixhade t\u00eb","og_url":"https:\/\/talkpal.ai\/sq\/gramatika-letoneze\/","og_site_name":"Talkpal","article_publisher":"https:\/\/www.facebook.com\/profile.php?id=100090733639311","article_modified_time":"2025-12-17T17:14:01+00:00","og_image":[{"width":512,"height":512,"url":"https:\/\/talkpal.ai\/wp-content\/uploads\/2023\/05\/latvia.png","type":"image\/png"}],"twitter_card":"summary_large_image","twitter_site":"@talkpalai","twitter_misc":{"Est. reading time":"4 minutes"},"schema":{"@context":"https:\/\/schema.org","@graph":[{"@type":"WebPage","@id":"https:\/\/talkpal.ai\/sq\/gramatika-letoneze\/","url":"https:\/\/talkpal.ai\/sq\/gramatika-letoneze\/","name":"Gramatika letoneze - Talkpal","isPartOf":{"@id":"https:\/\/talkpal.ai\/sq\/#website"},"primaryImageOfPage":{"@id":"https:\/\/talkpal.ai\/sq\/gramatika-letoneze\/#primaryimage"},"image":{"@id":"https:\/\/talkpal.ai\/sq\/gramatika-letoneze\/#primaryimage"},"thumbnailUrl":"https:\/\/talkpal.ai\/wp-content\/uploads\/2023\/05\/latvia.png","datePublished":"2023-05-14T14:10:24+00:00","dateModified":"2025-12-17T17:14:01+00:00","description":"Zot\u00ebroni gramatik\u00ebn letoneze me besim - m\u00ebsoni rregullat, praktikoni p\u00ebrdorimin dhe rrisni sakt\u00ebsin\u00eb gjuh\u00ebsore leht\u00ebsisht me udh\u00ebzimet e personalizuara t\u00eb AI t\u00eb TalkPal.","breadcrumb":{"@id":"https:\/\/talkpal.ai\/sq\/gramatika-letoneze\/#breadcrumb"},"inLanguage":"sq-AL","potentialAction":[{"@type":"ReadAction","target":["https:\/\/talkpal.ai\/sq\/gramatika-letoneze\/"]}]},{"@type":"ImageObject","inLanguage":"sq-AL","@id":"https:\/\/talkpal.ai\/sq\/gramatika-letoneze\/#primaryimage","url":"https:\/\/talkpal.ai\/wp-content\/uploads\/2023\/05\/latvia.png","contentUrl":"https:\/\/talkpal.ai\/wp-content\/uploads\/2023\/05\/latvia.png","width":512,"height":512,"caption":"TalkPal Latvia Flag"},{"@type":"BreadcrumbList","@id":"https:\/\/talkpal.ai\/sq\/gramatika-letoneze\/#breadcrumb","itemListElement":[{"@type":"ListItem","position":1,"name":"Homepage","item":"https:\/\/talkpal.ai\/sq\/"},{"@type":"ListItem","position":2,"name":"Gramatika letoneze"}]},{"@type":"WebSite","@id":"https:\/\/talkpal.ai\/sq\/#website","url":"https:\/\/talkpal.ai\/sq\/","name":"Talkpal","description":"AI Language Learning","publisher":{"@id":"https:\/\/talkpal.ai\/sq\/#organization"},"alternateName":"Talkpal AI","potentialAction":[{"@type":"SearchAction","target":{"@type":"EntryPoint","urlTemplate":"https:\/\/talkpal.ai\/sq\/?s={search_term_string}"},"query-input":{"@type":"PropertyValueSpecification","valueRequired":true,"valueName":"search_term_string"}}],"inLanguage":"sq-AL"},{"@type":"Organization","@id":"https:\/\/talkpal.ai\/sq\/#organization","name":"Talkpal, Inc.","alternateName":"Talkpal AI","url":"https:\/\/talkpal.ai\/sq\/","logo":{"@type":"ImageObject","inLanguage":"sq-AL","@id":"https:\/\/talkpal.ai\/sq\/#\/schema\/logo\/image\/","url":"https:\/\/talkpal.ai\/wp-content\/uploads\/2024\/03\/Talkpal-Logo-Icon.png","contentUrl":"https:\/\/talkpal.ai\/wp-content\/uploads\/2024\/03\/Talkpal-Logo-Icon.png","width":2880,"height":2880,"caption":"Talkpal, Inc."},"image":{"@id":"https:\/\/talkpal.ai\/sq\/#\/schema\/logo\/image\/"},"sameAs":["https:\/\/www.facebook.com\/profile.php?id=100090733639311","https:\/\/x.com\/talkpalai","https:\/\/www.linkedin.com\/company\/talkpal\/","https:\/\/www.youtube.com\/@TalkPal\/","https:\/\/www.tiktok.com\/@talkpal","https:\/\/www.instagram.com\/talkpal_ai\/","https:\/\/www.crunchbase.com\/organization\/talkpal-9cde","https:\/\/www.g2.com\/products\/talkpal-for-business\/","https:\/\/www.trustpilot.com\/review\/talkpal.ai","https:\/\/www.capterra.com\/p\/10006800\/TalkPal\/"],"description":"Talkpal is a language learning web and mobile education app, powered by the latest AI technologies, that provides engaging experiences to its customers in many different languages to help them improve their language skills. Users can chat about unlimited amount of topics with the app and use other modes to practice their language learning.","email":"support@talkpal.ai","legalName":"Talkpal, Inc.","foundingDate":"2023-04-03","duns":"118989042","numberOfEmployees":{"@type":"QuantitativeValue","minValue":"11","maxValue":"50"},"publishingPrinciples":"https:\/\/talkpal.ai\/publishing-principles\/","actionableFeedbackPolicy":"https:\/\/talkpal.ai\/actionable-feedback-policy\/","correctionsPolicy":"https:\/\/talkpal.ai\/corrections-policy\/","ethicsPolicy":"https:\/\/talkpal.ai\/ethics-policy\/","diversityPolicy":"https:\/\/talkpal.ai\/diversity-policy\/","diversityStaffingReport":"https:\/\/talkpal.ai\/diversity-policy\/"}]}},"_links":{"self":[{"href":"https:\/\/talkpal.ai\/sq\/wp-json\/wp\/v2\/pages\/1442867","targetHints":{"allow":["GET"]}}],"collection":[{"href":"https:\/\/talkpal.ai\/sq\/wp-json\/wp\/v2\/pages"}],"about":[{"href":"https:\/\/talkpal.ai\/sq\/wp-json\/wp\/v2\/types\/page"}],"author":[{"embeddable":true,"href":"https:\/\/talkpal.ai\/sq\/wp-json\/wp\/v2\/users\/1"}],"replies":[{"embeddable":true,"href":"https:\/\/talkpal.ai\/sq\/wp-json\/wp\/v2\/comments?post=1442867"}],"version-history":[{"count":0,"href":"https:\/\/talkpal.ai\/sq\/wp-json\/wp\/v2\/pages\/1442867\/revisions"}],"wp:featuredmedia":[{"embeddable":true,"href":"https:\/\/talkpal.ai\/sq\/wp-json\/wp\/v2\/media\/1442869"}],"wp:attachment":[{"href":"https:\/\/talkpal.ai\/sq\/wp-json\/wp\/v2\/media?parent=1442867"}],"curies":[{"name":"wp","href":"https:\/\/api.w.org\/{rel}","templated":true}]}}