{"id":1442866,"date":"2023-05-14T14:12:07","date_gmt":"2023-05-14T14:12:07","guid":{"rendered":"https:\/\/talkpal.ai\/gramatika-marathi\/"},"modified":"2025-12-12T10:38:43","modified_gmt":"2025-12-12T10:38:43","slug":"gramatika-marathi","status":"publish","type":"page","link":"https:\/\/talkpal.ai\/sq\/gramatika-marathi\/","title":{"rendered":"Gramatika Marathi"},"content":{"rendered":"\r\n\r\n\r\n<section class=\"languageChallengeSection\">\r\n    <div class=\"languageInfoWrapper\">\r\n        \r\n        <h1>Gramatika Marathi<\/h1>\r\n        <p>Jeni kurioz p\u00ebr <a href=\"https:\/\/talkpal.ai\/learn-marathi\/\">Marathi<\/a>? Hyni n\u00eb gramatik\u00ebn Marathi, ku emrat gjinor\u00eb, struktura fleksib\u00ebl e fjalive dhe konjugimet shpreh\u00ebse t\u00eb foljeve krijojn\u00eb nj\u00eb gjuh\u00eb t\u00eb gjall\u00eb dhe dinamike. Filloni udh\u00ebtimin tuaj t\u00eb t\u00eb m\u00ebsuarit sot &#8211; zot\u00ebrimi i gramatik\u00ebs Marathi do t&#039;ju ndihmoj\u00eb t\u00eb komunikoni me besim dhe t\u00eb lidheni me traditat dhe kultur\u00ebn e pasur t\u00eb Maharashtra!<\/p>\r\n\r\n                            <a class=\"getStartedHidden\" href=\"https:\/\/app.talkpal.ai\/signup?lng=\">Filloni<\/a>\r\n        \r\n    <\/div>\r\n\r\n    <figure>\r\n    <img decoding=\"async\" width=\"768\" height=\"768\" src=\"https:\/\/talkpal.ai\/wp-content\/uploads\/2023\/06\/marathi-768x768.png\" class=\"languageImage no-lazy\" alt=\"Fun ways to make language learning interesting\" fetchpriority=\"high\" sizes=\"(max-width: 768px) 150px, 768px\" srcset=\"https:\/\/talkpal.ai\/wp-content\/uploads\/2023\/06\/marathi-768x768.png 768w, https:\/\/talkpal.ai\/wp-content\/uploads\/2023\/06\/marathi-300x300.png 300w\" \/>\r\n    \r\n\r\n    <\/figure>\r\n\r\n            <a class=\"getStartedVisible\" href=\"https:\/\/app.talkpal.ai\/signup?lng=\">Filloni<\/a>\r\n    \r\n<\/section>\r\n<section class=\"promotionalBanner\">\r\n    <p class=\"promotionalText\">M\u00ebnyra m\u00eb efikase p\u00ebr t\u00eb m\u00ebsuar nj\u00eb gjuh\u00eb<\/p>\r\n    <a class=\"promotionalLink\" href=\"https:\/\/app.talkpal.ai\/signup?lng=\">Provoni Talkpal falas<\/a>\r\n<\/section>\n<div class=\"wp-block-group pageContainerStyle\"><div class=\"wp-block-group__inner-container is-layout-constrained wp-block-group-is-layout-constrained\">\n<h2 class=\"wp-block-heading\" id=\"h-the-allure-of-marathi-grammar-unfolding-its-mysteries-and-intricacies\">Joshja e gramatik\u00ebs Marathi: Shpalosja e mistereve dhe nd\u00ebrlikimeve t\u00eb saj<\/h2>\n\n\n\n<p>A ju kujtohet udh\u00ebtimi hutues i m\u00ebsimit t\u00eb gramatik\u00ebs angleze, i ngarkuar me rregulla komplekse, p\u00ebrjashtime dhe terminologji t\u00eb nd\u00ebrlikuara? N\u00ebse tani po mendoni t\u00eb m\u00ebsoni gjuh\u00ebn Marathi, p\u00ebrgatituni p\u00ebr nj\u00eb eksplorim po aq t\u00ebrheq\u00ebs t\u00eb gramatik\u00ebs Marathi.<\/p>\n\n\n\n<p>Marathi, nj\u00eb gjuh\u00eb indo-ariane e folur kryesisht n\u00eb shtetin indian t\u00eb Maharashtra, krenohet me nj\u00eb tradit\u00eb t\u00eb pasur dhe ve\u00e7ori unike gjuh\u00ebsore. Nd\u00ebrsa zhyteni n\u00eb mistik\u00ebn e gramatik\u00ebs Marathi, do t\u00eb zbuloni nd\u00ebrveprimin magjeps\u00ebs t\u00eb alfabeteteve t\u00eb saj, rregullave t\u00eb nd\u00ebrlikuara dhe fonetik\u00ebs magjeps\u00ebse. Pra, le t\u00eb zbulojm\u00eb joshjen e gramatik\u00ebs Marathi s\u00eb bashku, nj\u00eb rregull t\u00eb vog\u00ebl n\u00eb t\u00eb nj\u00ebjt\u00ebn koh\u00eb.<\/p>\n\n\n\n<p>Nj\u00eb nga tiparet m\u00eb t\u00eb habitshme t\u00eb <strong>gramatik\u00ebs Marathi<\/strong> \u00ebsht\u00eb p\u00ebrdorimi i gjer\u00eb i p\u00ebrkuljeve t\u00eb emrave. K\u00ebto kthesa shpesh ndihmojn\u00eb n\u00eb p\u00ebrcjelljen e elementeve thelb\u00ebsore gramatikore, t\u00eb tilla si numri, gjinia dhe rasti. Marathi ka tre gjini \u2013 mashkullore, fem\u00ebrore dhe neutre \u2013 dhe secila gjini zot\u00ebron grupin e saj t\u00eb ve\u00e7ant\u00eb t\u00eb modeleve t\u00eb p\u00ebrkuljes. P\u00ebr m\u00eb tep\u00ebr, gjuha ka dy numra \u2013 nj\u00ebj\u00ebs dhe shum\u00ebs \u2013 t\u00eb cil\u00ebt ndihmojn\u00eb n\u00eb shprehjen e sasis\u00eb s\u00eb nj\u00eb emri.<\/p>\n\n\n\n<p>Nj\u00eb <strong>tipar tjet\u00ebr unik i gramatik\u00ebs Marathi<\/strong> \u00ebsht\u00eb m\u00ebnyra <a href=\"https:\/\/talkpal.ai\/culture\/what-is-the-difference-between-se-and-si\/\">se si<\/a> foljet konjugojn\u00eb, n\u00eb var\u00ebsi t\u00eb koh\u00ebs. Kur lidhni foljet n\u00eb Marathi, duhet t\u00eb merrni parasysh jo vet\u00ebm koh\u00ebn e foljes, por edhe gjinin\u00eb dhe numrin e subjektit. Format e foljes Marathi p\u00ebrfshijn\u00eb koh\u00ebn e tashme, t\u00eb kaluar\u00ebn dhe koh\u00ebn e ardhshme, s\u00eb bashku me imperativ\u00ebt dhe n\u00ebnlidh\u00ebsit. K\u00ebto konjugime t\u00eb gjera i shtojn\u00eb thell\u00ebsi dhe dinamiz\u00ebm Marathit, duke e b\u00ebr\u00eb at\u00eb nj\u00eb gjuh\u00eb v\u00ebrtet magjeps\u00ebse p\u00ebr t&#8217;u eksploruar.<\/p>\n\n\n\n<p>Gjuha Marathi \u00ebsht\u00eb gjithashtu e njohur p\u00ebr <strong>shum\u00ebllojshm\u00ebrin\u00eb e p\u00ebremrave<\/strong> t\u00eb saj. Marathi ka p\u00ebremra t\u00eb shumt\u00eb personal\u00eb, demonstrues, pyet\u00ebs dhe refleksiv\u00eb, secili vjen me modelet e <a href=\"https:\/\/talkpal.ai\/locations\/language-courses-in-tyre\/\">tyre<\/a> p\u00ebrkat\u00ebse t\u00eb deformimit. Kjo mund t\u00eb duket e frikshme n\u00eb fillim, por nd\u00ebrsa g\u00ebrmoni m\u00eb thell\u00eb n\u00eb gjuh\u00eb, do t\u00eb vler\u00ebsoni sakt\u00ebsin\u00eb e pashembullt q\u00eb ofron <a href=\"https:\/\/talkpal.ai\/marathi-grammar\/\">gramatika Marathi<\/a>.<\/p>\n\n\n\n<p>Nj\u00eb aspekt tjet\u00ebr intrigues i gramatik\u00ebs Marathi q\u00ebndron n\u00eb <strong>rregullimin e fjal\u00ebve n\u00eb nj\u00eb fjali<\/strong>. Rendi i fjal\u00ebve n\u00eb Marathi n\u00eb p\u00ebrgjith\u00ebsi ndjek struktur\u00ebn subjekt-objekt-folje (SOV), ngjash\u00ebm me gjuh\u00ebt e tjera indo-ariane. Kjo struktur\u00eb zakonisht e vendos foljen n\u00eb fund t\u00eb fjalis\u00eb, e cila fillimisht mund t\u00eb jet\u00eb sfiduese p\u00ebr anglishtfol\u00ebsit.<\/p>\n\n\n\n<p>Duke u zhytur n\u00eb <strong>fonetik\u00ebn Marathi<\/strong>, do t\u00eb hasni gam\u00ebn magjeps\u00ebse t\u00eb tingujve, t\u00eb shqiptuara p\u00ebrmes 16 zanoreve (swar) dhe 36 bashk\u00ebting\u00eblloreve (vyanjan). Shkrimi Devanagari, t\u00eb cilin p\u00ebrdor Marathi, i shton nj\u00eb shtres\u00eb hijeshie k\u00ebsaj gjuhe tashm\u00eb magjeps\u00ebse.  <\/p>\n\n\n\n<p>M\u00ebsimi i gramatik\u00ebs Marathi, me nj\u00eb mori rregullash dhe kompleksitetesh t\u00eb saj, padyshim q\u00eb mund t\u00eb jet\u00eb nj\u00eb detyr\u00eb e frikshme n\u00eb fillim. Megjithat\u00eb, kjo sfid\u00eb \u00ebsht\u00eb gjithashtu ajo q\u00eb e b\u00ebn at\u00eb jasht\u00ebzakonisht stimulues dhe t\u00eb k\u00ebnaqsh\u00ebm. Nd\u00ebrsa zhyteni n\u00eb bot\u00ebn magjeps\u00ebse t\u00eb gramatik\u00ebs Marathi, do t\u00eb zbuloni jo vet\u00ebm funksionimin e gjuh\u00ebs, por edhe do t\u00eb fitoni nj\u00eb kuptim m\u00eb t\u00eb thell\u00eb t\u00eb kultur\u00ebs, historis\u00eb dhe men\u00e7uris\u00eb q\u00eb ajo mish\u00ebron.<\/p>\n\n\n\n<p>Pra, pse t\u00eb mos filloni k\u00ebt\u00eb aventur\u00eb gjuh\u00ebsore p\u00ebr t\u00eb eksploruar thell\u00ebsit\u00eb t\u00ebrheq\u00ebse t\u00eb gramatik\u00ebs Marathi dhe p\u00ebr t\u00eb zbuluar misteret dhe nuancat e saj t\u00eb panum\u00ebrta q\u00eb presin t\u00eb zot\u00ebrohen? G\u00ebzimi i t\u00eb m\u00ebsuarit dhe k\u00ebnaq\u00ebsia e t\u00eb kuptuarit e holl\u00ebsive t\u00eb gramatik\u00ebs Marathi jan\u00eb vet\u00ebm disa \u00e7aste larg!<\/p>\n<\/div><\/div>\n\r\n<section class=\"learnNavigationSection\">\r\n            \r\n        <a href=\"https:\/\/talkpal.ai\/sq\/meso-marathi\/\">\r\n            <div class=\"learnNavigationWrapper\">\r\n                <div class=\"learnNavigationContent\">\r\n                    <img decoding=\"async\" src=\"https:\/\/talkpal.ai\/wp-content\/uploads\/2023\/05\/Marathi-india.png\" alt=\"TalkPal Marathi Flag\">\r\n                    <div>\r\n                        <h4>Rreth t\u00eb m\u00ebsuarit Marathi<\/h4>\r\n                        <p>M\u00ebsoni gjith\u00e7ka rreth gramatik\u00ebs Marathi.<\/p>\r\n                    <\/div>\r\n                <\/div>\r\n            <\/div>\r\n        <\/a>\r\n\r\n        \r\n        <a href=\"https:\/\/talkpal.ai\/sq\/ushtrimet-gramatikore-marathi\/\">\r\n            <div class=\"learnNavigationWrapper\">\r\n                <div class=\"learnNavigationContent\">\r\n                    <img decoding=\"async\" src=\"https:\/\/talkpal.ai\/wp-content\/uploads\/2023\/05\/Marathi-india.png\" alt=\"TalkPal Marathi Flag\">\r\n                    <div>\r\n                        <h4>Ushtrimi i gramatik\u00ebs Marathi<\/h4>\r\n                        <p>Praktikoni gramatik\u00ebn Marathi.<\/p>\r\n                    <\/div>\r\n                <\/div>\r\n            <\/div>\r\n        <\/a>\r\n\r\n        \r\n        <a href=\"https:\/\/talkpal.ai\/vocabulary_language\/marathi\/\">\r\n            <div class=\"learnNavigationWrapper\">\r\n                <div class=\"learnNavigationContent\">\r\n                    <img decoding=\"async\" src=\"https:\/\/talkpal.ai\/wp-content\/uploads\/2023\/05\/Marathi-india.png\" alt=\"TalkPal Marathi Flag\">\r\n                    <div>\r\n                        <h4>Fjalori Marathi<\/h4>\r\n                        <p>Zgjeroni fjalorin tuaj Marathi.<\/p>\r\n                    <\/div>\r\n                <\/div>\r\n            <\/div>\r\n        <\/a>\r\n\r\n            <\/section>","protected":false},"excerpt":{"rendered":"<p>Joshja e gramatik\u00ebs Marathi: Shpalosja e mistereve dhe nd\u00ebrlikimeve t\u00eb saj A ju kujtohet udh\u00ebtimi hutues i m\u00ebsimit t\u00eb gramatik\u00ebs angleze, i ngarkuar me rregulla komplekse, p\u00ebrjashtime dhe terminologji t\u00eb nd\u00ebrlikuara? N\u00ebse tani po mendoni t\u00eb m\u00ebsoni gjuh\u00ebn Marathi, p\u00ebrgatituni p\u00ebr nj\u00eb eksplorim po aq t\u00ebrheq\u00ebs t\u00eb gramatik\u00ebs Marathi. Marathi, nj\u00eb gjuh\u00eb indo-ariane e folur [&hellip;]<\/p>\n","protected":false},"author":1,"featured_media":1442868,"parent":0,"menu_order":0,"comment_status":"closed","ping_status":"closed","template":"LearningContentPage.php","meta":{"_acf_changed":false,"footnotes":""},"class_list":["post-1442866","page","type-page","status-publish","has-post-thumbnail","hentry"],"acf":[],"yoast_head":"<!-- This site is optimized with the Yoast SEO Premium plugin v27.2 (Yoast SEO v27.2) - https:\/\/yoast.com\/product\/yoast-seo-premium-wordpress\/ -->\n<title>Gramatika Marathi - Talkpal<\/title>\n<meta name=\"description\" content=\"Eksploroni bot\u00ebn magjeps\u00ebse t\u00eb gramatik\u00ebs Marathi dhe zbuloni rregullat, fonetik\u00ebn dhe kthesat e saj unike n\u00eb m\u00ebsimin e gjuh\u00ebs.\" \/>\n<meta name=\"robots\" content=\"index, follow, max-snippet:-1, max-image-preview:large, max-video-preview:-1\" \/>\n<link rel=\"canonical\" href=\"https:\/\/talkpal.ai\/sq\/gramatika-marathi\/\" \/>\n<meta property=\"og:locale\" content=\"sq_AL\" \/>\n<meta property=\"og:type\" content=\"article\" \/>\n<meta property=\"og:title\" content=\"Gramatika Marathi\" \/>\n<meta property=\"og:description\" content=\"Joshja e gramatik\u00ebs Marathi: Shpalosja e mistereve dhe nd\u00ebrlikimeve t\u00eb saj A ju kujtohet udh\u00ebtimi hutues i m\u00ebsimit t\u00eb gramatik\u00ebs angleze, i ngarkuar me\" \/>\n<meta property=\"og:url\" content=\"https:\/\/talkpal.ai\/sq\/gramatika-marathi\/\" \/>\n<meta property=\"og:site_name\" content=\"Talkpal\" \/>\n<meta property=\"article:publisher\" content=\"https:\/\/www.facebook.com\/profile.php?id=100090733639311\" \/>\n<meta property=\"article:modified_time\" content=\"2025-12-12T10:38:43+00:00\" \/>\n<meta property=\"og:image\" content=\"https:\/\/talkpal.ai\/wp-content\/uploads\/2023\/05\/Marathi-india.png\" \/>\n\t<meta property=\"og:image:width\" content=\"512\" \/>\n\t<meta property=\"og:image:height\" content=\"512\" \/>\n\t<meta property=\"og:image:type\" content=\"image\/png\" \/>\n<meta name=\"twitter:card\" content=\"summary_large_image\" \/>\n<meta name=\"twitter:site\" content=\"@talkpalai\" \/>\n<meta name=\"twitter:label1\" content=\"Est. reading time\" \/>\n\t<meta name=\"twitter:data1\" content=\"3 minutes\" \/>\n<script type=\"application\/ld+json\" class=\"yoast-schema-graph\">{\"@context\":\"https:\/\/schema.org\",\"@graph\":[{\"@type\":\"WebPage\",\"@id\":\"https:\/\/talkpal.ai\/sq\/gramatika-marathi\/\",\"url\":\"https:\/\/talkpal.ai\/sq\/gramatika-marathi\/\",\"name\":\"Gramatika Marathi - Talkpal\",\"isPartOf\":{\"@id\":\"https:\/\/talkpal.ai\/sq\/#website\"},\"primaryImageOfPage\":{\"@id\":\"https:\/\/talkpal.ai\/sq\/gramatika-marathi\/#primaryimage\"},\"image\":{\"@id\":\"https:\/\/talkpal.ai\/sq\/gramatika-marathi\/#primaryimage\"},\"thumbnailUrl\":\"https:\/\/talkpal.ai\/wp-content\/uploads\/2023\/05\/Marathi-india.png\",\"datePublished\":\"2023-05-14T14:12:07+00:00\",\"dateModified\":\"2025-12-12T10:38:43+00:00\",\"description\":\"Eksploroni bot\u00ebn magjeps\u00ebse t\u00eb gramatik\u00ebs Marathi dhe zbuloni rregullat, fonetik\u00ebn dhe kthesat e saj unike n\u00eb m\u00ebsimin e gjuh\u00ebs.\",\"breadcrumb\":{\"@id\":\"https:\/\/talkpal.ai\/sq\/gramatika-marathi\/#breadcrumb\"},\"inLanguage\":\"sq-AL\",\"potentialAction\":[{\"@type\":\"ReadAction\",\"target\":[\"https:\/\/talkpal.ai\/sq\/gramatika-marathi\/\"]}]},{\"@type\":\"ImageObject\",\"inLanguage\":\"sq-AL\",\"@id\":\"https:\/\/talkpal.ai\/sq\/gramatika-marathi\/#primaryimage\",\"url\":\"https:\/\/talkpal.ai\/wp-content\/uploads\/2023\/05\/Marathi-india.png\",\"contentUrl\":\"https:\/\/talkpal.ai\/wp-content\/uploads\/2023\/05\/Marathi-india.png\",\"width\":512,\"height\":512,\"caption\":\"TalkPal Marathi Flag\"},{\"@type\":\"BreadcrumbList\",\"@id\":\"https:\/\/talkpal.ai\/sq\/gramatika-marathi\/#breadcrumb\",\"itemListElement\":[{\"@type\":\"ListItem\",\"position\":1,\"name\":\"Homepage\",\"item\":\"https:\/\/talkpal.ai\/sq\/\"},{\"@type\":\"ListItem\",\"position\":2,\"name\":\"Gramatika Marathi\"}]},{\"@type\":\"WebSite\",\"@id\":\"https:\/\/talkpal.ai\/sq\/#website\",\"url\":\"https:\/\/talkpal.ai\/sq\/\",\"name\":\"Talkpal\",\"description\":\"AI Language Learning\",\"publisher\":{\"@id\":\"https:\/\/talkpal.ai\/sq\/#organization\"},\"alternateName\":\"Talkpal AI\",\"potentialAction\":[{\"@type\":\"SearchAction\",\"target\":{\"@type\":\"EntryPoint\",\"urlTemplate\":\"https:\/\/talkpal.ai\/sq\/?s={search_term_string}\"},\"query-input\":{\"@type\":\"PropertyValueSpecification\",\"valueRequired\":true,\"valueName\":\"search_term_string\"}}],\"inLanguage\":\"sq-AL\"},{\"@type\":\"Organization\",\"@id\":\"https:\/\/talkpal.ai\/sq\/#organization\",\"name\":\"Talkpal, Inc.\",\"alternateName\":\"Talkpal AI\",\"url\":\"https:\/\/talkpal.ai\/sq\/\",\"logo\":{\"@type\":\"ImageObject\",\"inLanguage\":\"sq-AL\",\"@id\":\"https:\/\/talkpal.ai\/sq\/#\/schema\/logo\/image\/\",\"url\":\"https:\/\/talkpal.ai\/wp-content\/uploads\/2024\/03\/Talkpal-Logo-Icon.png\",\"contentUrl\":\"https:\/\/talkpal.ai\/wp-content\/uploads\/2024\/03\/Talkpal-Logo-Icon.png\",\"width\":2880,\"height\":2880,\"caption\":\"Talkpal, Inc.\"},\"image\":{\"@id\":\"https:\/\/talkpal.ai\/sq\/#\/schema\/logo\/image\/\"},\"sameAs\":[\"https:\/\/www.facebook.com\/profile.php?id=100090733639311\",\"https:\/\/x.com\/talkpalai\",\"https:\/\/www.linkedin.com\/company\/talkpal\/\",\"https:\/\/www.youtube.com\/@TalkPal\/\",\"https:\/\/www.tiktok.com\/@talkpal\",\"https:\/\/www.instagram.com\/talkpal_ai\/\",\"https:\/\/www.crunchbase.com\/organization\/talkpal-9cde\",\"https:\/\/www.g2.com\/products\/talkpal-for-business\/\",\"https:\/\/www.trustpilot.com\/review\/talkpal.ai\",\"https:\/\/www.capterra.com\/p\/10006800\/TalkPal\/\"],\"description\":\"Talkpal is a language learning web and mobile education app, powered by the latest AI technologies, that provides engaging experiences to its customers in many different languages to help them improve their language skills. Users can chat about unlimited amount of topics with the app and use other modes to practice their language learning.\",\"email\":\"support@talkpal.ai\",\"legalName\":\"Talkpal, Inc.\",\"foundingDate\":\"2023-04-03\",\"duns\":\"118989042\",\"numberOfEmployees\":{\"@type\":\"QuantitativeValue\",\"minValue\":\"11\",\"maxValue\":\"50\"},\"publishingPrinciples\":\"https:\/\/talkpal.ai\/publishing-principles\/\",\"actionableFeedbackPolicy\":\"https:\/\/talkpal.ai\/actionable-feedback-policy\/\",\"correctionsPolicy\":\"https:\/\/talkpal.ai\/corrections-policy\/\",\"ethicsPolicy\":\"https:\/\/talkpal.ai\/ethics-policy\/\",\"diversityPolicy\":\"https:\/\/talkpal.ai\/diversity-policy\/\",\"diversityStaffingReport\":\"https:\/\/talkpal.ai\/diversity-policy\/\"}]}<\/script>\n<!-- \/ Yoast SEO Premium plugin. -->","yoast_head_json":{"title":"Gramatika Marathi - Talkpal","description":"Eksploroni bot\u00ebn magjeps\u00ebse t\u00eb gramatik\u00ebs Marathi dhe zbuloni rregullat, fonetik\u00ebn dhe kthesat e saj unike n\u00eb m\u00ebsimin e gjuh\u00ebs.","robots":{"index":"index","follow":"follow","max-snippet":"max-snippet:-1","max-image-preview":"max-image-preview:large","max-video-preview":"max-video-preview:-1"},"canonical":"https:\/\/talkpal.ai\/sq\/gramatika-marathi\/","og_locale":"sq_AL","og_type":"article","og_title":"Gramatika Marathi","og_description":"Joshja e gramatik\u00ebs Marathi: Shpalosja e mistereve dhe nd\u00ebrlikimeve t\u00eb saj A ju kujtohet udh\u00ebtimi hutues i m\u00ebsimit t\u00eb gramatik\u00ebs angleze, i ngarkuar me","og_url":"https:\/\/talkpal.ai\/sq\/gramatika-marathi\/","og_site_name":"Talkpal","article_publisher":"https:\/\/www.facebook.com\/profile.php?id=100090733639311","article_modified_time":"2025-12-12T10:38:43+00:00","og_image":[{"width":512,"height":512,"url":"https:\/\/talkpal.ai\/wp-content\/uploads\/2023\/05\/Marathi-india.png","type":"image\/png"}],"twitter_card":"summary_large_image","twitter_site":"@talkpalai","twitter_misc":{"Est. reading time":"3 minutes"},"schema":{"@context":"https:\/\/schema.org","@graph":[{"@type":"WebPage","@id":"https:\/\/talkpal.ai\/sq\/gramatika-marathi\/","url":"https:\/\/talkpal.ai\/sq\/gramatika-marathi\/","name":"Gramatika Marathi - Talkpal","isPartOf":{"@id":"https:\/\/talkpal.ai\/sq\/#website"},"primaryImageOfPage":{"@id":"https:\/\/talkpal.ai\/sq\/gramatika-marathi\/#primaryimage"},"image":{"@id":"https:\/\/talkpal.ai\/sq\/gramatika-marathi\/#primaryimage"},"thumbnailUrl":"https:\/\/talkpal.ai\/wp-content\/uploads\/2023\/05\/Marathi-india.png","datePublished":"2023-05-14T14:12:07+00:00","dateModified":"2025-12-12T10:38:43+00:00","description":"Eksploroni bot\u00ebn magjeps\u00ebse t\u00eb gramatik\u00ebs Marathi dhe zbuloni rregullat, fonetik\u00ebn dhe kthesat e saj unike n\u00eb m\u00ebsimin e gjuh\u00ebs.","breadcrumb":{"@id":"https:\/\/talkpal.ai\/sq\/gramatika-marathi\/#breadcrumb"},"inLanguage":"sq-AL","potentialAction":[{"@type":"ReadAction","target":["https:\/\/talkpal.ai\/sq\/gramatika-marathi\/"]}]},{"@type":"ImageObject","inLanguage":"sq-AL","@id":"https:\/\/talkpal.ai\/sq\/gramatika-marathi\/#primaryimage","url":"https:\/\/talkpal.ai\/wp-content\/uploads\/2023\/05\/Marathi-india.png","contentUrl":"https:\/\/talkpal.ai\/wp-content\/uploads\/2023\/05\/Marathi-india.png","width":512,"height":512,"caption":"TalkPal Marathi Flag"},{"@type":"BreadcrumbList","@id":"https:\/\/talkpal.ai\/sq\/gramatika-marathi\/#breadcrumb","itemListElement":[{"@type":"ListItem","position":1,"name":"Homepage","item":"https:\/\/talkpal.ai\/sq\/"},{"@type":"ListItem","position":2,"name":"Gramatika Marathi"}]},{"@type":"WebSite","@id":"https:\/\/talkpal.ai\/sq\/#website","url":"https:\/\/talkpal.ai\/sq\/","name":"Talkpal","description":"AI Language Learning","publisher":{"@id":"https:\/\/talkpal.ai\/sq\/#organization"},"alternateName":"Talkpal AI","potentialAction":[{"@type":"SearchAction","target":{"@type":"EntryPoint","urlTemplate":"https:\/\/talkpal.ai\/sq\/?s={search_term_string}"},"query-input":{"@type":"PropertyValueSpecification","valueRequired":true,"valueName":"search_term_string"}}],"inLanguage":"sq-AL"},{"@type":"Organization","@id":"https:\/\/talkpal.ai\/sq\/#organization","name":"Talkpal, Inc.","alternateName":"Talkpal AI","url":"https:\/\/talkpal.ai\/sq\/","logo":{"@type":"ImageObject","inLanguage":"sq-AL","@id":"https:\/\/talkpal.ai\/sq\/#\/schema\/logo\/image\/","url":"https:\/\/talkpal.ai\/wp-content\/uploads\/2024\/03\/Talkpal-Logo-Icon.png","contentUrl":"https:\/\/talkpal.ai\/wp-content\/uploads\/2024\/03\/Talkpal-Logo-Icon.png","width":2880,"height":2880,"caption":"Talkpal, Inc."},"image":{"@id":"https:\/\/talkpal.ai\/sq\/#\/schema\/logo\/image\/"},"sameAs":["https:\/\/www.facebook.com\/profile.php?id=100090733639311","https:\/\/x.com\/talkpalai","https:\/\/www.linkedin.com\/company\/talkpal\/","https:\/\/www.youtube.com\/@TalkPal\/","https:\/\/www.tiktok.com\/@talkpal","https:\/\/www.instagram.com\/talkpal_ai\/","https:\/\/www.crunchbase.com\/organization\/talkpal-9cde","https:\/\/www.g2.com\/products\/talkpal-for-business\/","https:\/\/www.trustpilot.com\/review\/talkpal.ai","https:\/\/www.capterra.com\/p\/10006800\/TalkPal\/"],"description":"Talkpal is a language learning web and mobile education app, powered by the latest AI technologies, that provides engaging experiences to its customers in many different languages to help them improve their language skills. Users can chat about unlimited amount of topics with the app and use other modes to practice their language learning.","email":"support@talkpal.ai","legalName":"Talkpal, Inc.","foundingDate":"2023-04-03","duns":"118989042","numberOfEmployees":{"@type":"QuantitativeValue","minValue":"11","maxValue":"50"},"publishingPrinciples":"https:\/\/talkpal.ai\/publishing-principles\/","actionableFeedbackPolicy":"https:\/\/talkpal.ai\/actionable-feedback-policy\/","correctionsPolicy":"https:\/\/talkpal.ai\/corrections-policy\/","ethicsPolicy":"https:\/\/talkpal.ai\/ethics-policy\/","diversityPolicy":"https:\/\/talkpal.ai\/diversity-policy\/","diversityStaffingReport":"https:\/\/talkpal.ai\/diversity-policy\/"}]}},"_links":{"self":[{"href":"https:\/\/talkpal.ai\/sq\/wp-json\/wp\/v2\/pages\/1442866","targetHints":{"allow":["GET"]}}],"collection":[{"href":"https:\/\/talkpal.ai\/sq\/wp-json\/wp\/v2\/pages"}],"about":[{"href":"https:\/\/talkpal.ai\/sq\/wp-json\/wp\/v2\/types\/page"}],"author":[{"embeddable":true,"href":"https:\/\/talkpal.ai\/sq\/wp-json\/wp\/v2\/users\/1"}],"replies":[{"embeddable":true,"href":"https:\/\/talkpal.ai\/sq\/wp-json\/wp\/v2\/comments?post=1442866"}],"version-history":[{"count":0,"href":"https:\/\/talkpal.ai\/sq\/wp-json\/wp\/v2\/pages\/1442866\/revisions"}],"wp:featuredmedia":[{"embeddable":true,"href":"https:\/\/talkpal.ai\/sq\/wp-json\/wp\/v2\/media\/1442868"}],"wp:attachment":[{"href":"https:\/\/talkpal.ai\/sq\/wp-json\/wp\/v2\/media?parent=1442866"}],"curies":[{"name":"wp","href":"https:\/\/api.w.org\/{rel}","templated":true}]}}