{"id":1442861,"date":"2023-05-14T14:09:47","date_gmt":"2023-05-14T14:09:47","guid":{"rendered":"https:\/\/talkpal.ai\/gramatika-kannada\/"},"modified":"2025-12-11T16:24:09","modified_gmt":"2025-12-11T16:24:09","slug":"gramatika-kannada","status":"publish","type":"page","link":"https:\/\/talkpal.ai\/sq\/gramatika-kannada\/","title":{"rendered":"Gramatika Kannada"},"content":{"rendered":"\r\n\r\n\r\n<section class=\"languageChallengeSection\">\r\n    <div class=\"languageInfoWrapper\">\r\n        \r\n        <h1>Gramatika Kannada<\/h1>\r\n        <p>Jeni t\u00eb emocionuar p\u00ebr t\u00eb eksploruar <a href=\"https:\/\/talkpal.ai\/learn-kannada\/\">Kannada<\/a>? Zhytuni n\u00eb gramatik\u00ebn Kannada, e cila p\u00ebrmban konjugime t\u00eb pasura foljesh dhe emra gjinor\u00eb dhe nj\u00eb sistem rastesh logjike q\u00eb sjell n\u00eb jet\u00eb gjuh\u00ebn. Filloni t\u00eb m\u00ebsoni sot &#8211; zot\u00ebrimi i gramatik\u00ebs Kannada do t&#039;ju jap\u00eb mjetet p\u00ebr t&#039;u lidhur thell\u00eb me kultur\u00ebn e gjall\u00eb t\u00eb Karnatak\u00ebs dhe p\u00ebr t\u00eb komunikuar me besim n\u00eb nj\u00eb nga gjuh\u00ebt m\u00eb shpreh\u00ebse t\u00eb Indis\u00eb s\u00eb Jugut!<\/p>\r\n\r\n                            <a class=\"getStartedHidden\" href=\"https:\/\/app.talkpal.ai\/signup?lng=\">Filloni<\/a>\r\n        \r\n    <\/div>\r\n\r\n    <figure>\r\n    <img decoding=\"async\" width=\"768\" height=\"768\" src=\"https:\/\/talkpal.ai\/wp-content\/uploads\/2023\/06\/Kannada-768x768.png\" class=\"languageImage no-lazy\" alt=\"Language learning for increased mental flexibility\" fetchpriority=\"high\" sizes=\"(max-width: 768px) 150px, 768px\" srcset=\"https:\/\/talkpal.ai\/wp-content\/uploads\/2023\/06\/Kannada-768x768.png 768w, https:\/\/talkpal.ai\/wp-content\/uploads\/2023\/06\/Kannada-300x300.png 300w\" \/>\r\n    \r\n\r\n    <\/figure>\r\n\r\n            <a class=\"getStartedVisible\" href=\"https:\/\/app.talkpal.ai\/signup?lng=\">Filloni<\/a>\r\n    \r\n<\/section>\r\n<section class=\"promotionalBanner\">\r\n    <p class=\"promotionalText\">M\u00ebnyra m\u00eb efikase p\u00ebr t\u00eb m\u00ebsuar nj\u00eb gjuh\u00eb<\/p>\r\n    <a class=\"promotionalLink\" href=\"https:\/\/app.talkpal.ai\/signup?lng=\">Provoni Talkpal falas<\/a>\r\n<\/section>\n<div class=\"wp-block-group pageContainerStyle\"><div class=\"wp-block-group__inner-container is-layout-constrained wp-block-group-is-layout-constrained\">\n<h2 class=\"wp-block-heading\" id=\"h-kannada-grammar-an-insight-into-the-richness-of-the-dravidian-language\">Gramatika Kannada: Nj\u00eb pasqyr\u00eb n\u00eb pasurin\u00eb e gjuh\u00ebs dravidiane<\/h2>\n\n\n\n<p>A keni menduar ndonj\u00ebher\u00eb p\u00ebr diversitetin gjuh\u00ebsor t\u00eb Indis\u00eb? Si nj\u00eb entuziast i gjuh\u00ebs ose nj\u00eb nx\u00ebn\u00ebs kureshtar, mund t\u00eb jeni t\u00eb interesuar t\u00eb hidhni nj\u00eb v\u00ebshtrim m\u00eb t\u00eb af\u00ebrt n\u00eb nj\u00eb nga gjuh\u00ebt klasike t\u00eb Indis\u00eb &#8211; Kannada. Kannada \u00ebsht\u00eb nj\u00eb gjuh\u00eb dravidiane q\u00eb flitet kryesisht n\u00eb shtetin jugor t\u00eb Karnataka. \u00cbsht\u00eb gjuha amtare e af\u00ebrsisht 44 milion\u00eb njer\u00ebzve, duke e b\u00ebr\u00eb at\u00eb nj\u00eb nga gjuh\u00ebt kryesore indiane. Le t\u00eb zhytemi thell\u00eb n\u00eb bot\u00ebn magjeps\u00ebse t\u00eb gramatik\u00ebs Kannada dhe t\u00eb m\u00ebsojm\u00eb m\u00eb shum\u00eb <a href=\"https:\/\/talkpal.ai\/sq\/rreth\/\">rreth<\/a> k\u00ebsaj gjuhe t\u00eb bukur.<\/p>\n\n\n\n<h3 class=\"wp-block-heading\" id=\"h-the-linguistic-alphabet-kannada-script\">Alfabeti gjuh\u00ebsor: Shkrimi Kannada<\/h3>\n\n\n\n<p>Shkrimi Kannada, i njohur gjithashtu si &#8220;\u0c95\u0ca8\u0ccd\u0ca8\u0ca1 \u0cb2\u0cbf\u0caa\u0cbf&#8221; (Kannada Lipi), \u00ebsht\u00eb nj\u00eb abugida \u2013 nj\u00eb sistem shkrimi me alfabete rrok\u00ebse. \u00c7do shkronj\u00eb p\u00ebrfaq\u00ebson nj\u00eb kombinim t\u00eb ndrysh\u00ebm bashk\u00ebting\u00ebllore-zanore. Skenari p\u00ebrb\u00ebhet nga 49 karaktere, duke p\u00ebrfshir\u00eb 34 bashk\u00ebting\u00ebllore dhe 13 zanore. Me nj\u00eb pamje vizualisht t\u00eb dallueshme, shkrimi Kannada \u00ebsht\u00eb nj\u00eb m\u00ebnyr\u00eb e mrekullueshme unike p\u00ebr t\u00eb p\u00ebrcjell\u00eb tingujt dhe kuptimet e gjuh\u00ebs.<\/p>\n\n\n\n<h3 class=\"wp-block-heading\" id=\"h-nouns-pronouns-and-cases-more-than-meets-the-eye\">Emrat, p\u00ebremrat dhe rastet \u2013 m\u00eb shum\u00eb se sa duket<\/h3>\n\n\n\n<p>Emrat Kannada jan\u00eb unik\u00eb p\u00ebr shkak t\u00eb sistemit t\u00eb <a href=\"https:\/\/talkpal.ai\/locations\/language-courses-in-tyre\/\">tyre<\/a> t\u00eb deformimit \u2013 ata ndjekin nj\u00eb sistem rastesh nj\u00ebsoj si gjuh\u00ebt e tjera dravidiane. Ka tet\u00eb raste n\u00eb Kannada, t\u00eb cilat ndihmojn\u00eb n\u00eb p\u00ebrcaktimin e marr\u00ebdh\u00ebnies midis emrit dhe fjal\u00ebve t\u00eb tjera n\u00eb fjali: nominative, akuzative, instrumentale, dative, ablative, genitive, locative dhe vocative. Emrat n\u00eb Kannada klasifikohen gjithashtu sipas gjinis\u00eb (mashkullore, fem\u00ebrore dhe neutre) dhe numrit (nj\u00ebj\u00ebs, shum\u00ebs dhe dyshe \u2013 nj\u00eb tipar i rrall\u00eb midis gjuh\u00ebve indiane).<\/p>\n\n\n\n<p>P\u00ebremrat n\u00eb Kannada jan\u00eb gjithashtu magjeps\u00ebs. Ato mbartin dallime p\u00ebr \u00e7do person (i pari, i dyti dhe i treti), numrin (nj\u00ebj\u00ebs, shum\u00ebs dhe dyfish) dhe gjinin\u00eb (mashkullore, fem\u00ebrore dhe neutre). P\u00ebr m\u00eb tep\u00ebr, Kannada ka disa forma nderi t\u00eb adresimit, duke demonstruar aspektet kulturore t\u00eb gjuh\u00ebs s\u00eb respektit dhe mir\u00ebsjelljes.<\/p>\n\n\n\n<h3 class=\"wp-block-heading\" id=\"h-venturing-into-verbs-tenses-aspects-and-moods\">Hyrja n\u00eb folje: koh\u00ebt, aspektet dhe humori<\/h3>\n\n\n\n<p>Foljet Kannada karakterizohen nga nj\u00eb sistem i pasur konjugimi. Foljet jan\u00eb t\u00eb lidhura sipas koh\u00ebs (e kaluara, e tashmja dhe e ardhmja), aspektit (p\u00ebrsosur ose jop\u00ebrsosur) dhe humorit (tregues, <a href=\"https:\/\/talkpal.ai\/ja\/grammar_exercises\/imperatif-%e3%83%95%e3%83%a9%e3%83%b3%e3%82%b9%e3%81%ae%e6%96%87%e6%b3%95%e3%81%ae%e3%81%9f%e3%82%81%e3%81%ae%e6%bc%94%e7%bf%92\/\">imperativ<\/a> dhe i kusht\u00ebzuar). Kompleksiteti i m\u00ebtejsh\u00ebm shtohet me pranin\u00eb e foljeve shkak\u00ebsore dhe z\u00ebrave pasiv\u00eb dhe aktiv\u00eb. Konjugimi varet nga personi, numri dhe gjinia, duke i b\u00ebr\u00eb format e foljes Kannada shum\u00eb t\u00eb p\u00ebrkulura dhe t\u00eb nd\u00ebrlikuara.<\/p>\n\n\n\n<h3 class=\"wp-block-heading\" id=\"h-adjectives-adverbs-and-more\">Mbiemra, ndajfolje dhe m\u00eb shum\u00eb<\/h3>\n\n\n\n<p>Mbiemrat dhe numrat Kannada pajtohen me emrat q\u00eb modifikojn\u00eb p\u00ebr sa i p\u00ebrket gjinis\u00eb, numrit dhe rastit. Mbiemrat mund t\u00eb p\u00ebrkulen n\u00eb t\u00eb nj\u00ebjt\u00ebn m\u00ebnyr\u00eb si emrat dhe madje mund t\u00eb kombinohen p\u00ebr t\u00eb formuar ndajfolje. Gjuha gjithashtu p\u00ebrdor lidhje, grimca dhe parafjal\u00eb t\u00eb ndryshme p\u00ebr t\u00eb bashkuar fjalit\u00eb dhe p\u00ebrb\u00ebr\u00ebsit e tyre n\u00eb nj\u00eb t\u00ebr\u00ebsi kohezive dhe ekspresive.<\/p>\n\n\n\n<h3 class=\"wp-block-heading\" id=\"h-embracing-the-beauty-of-kannada-grammar\">P\u00ebrqafimi i bukuris\u00eb s\u00eb gramatik\u00ebs Kannada<\/h3>\n\n\n\n<p>Bota e gramatik\u00ebs Kannada \u00ebsht\u00eb sa magjeps\u00ebse aq edhe komplekse. Sistemi i nd\u00ebrlikuar i rasteve, shkrimi unik dhe format e foljeve shum\u00eb t\u00eb p\u00ebrkulura i japin Kannada hijeshin\u00eb dhe pasurin\u00eb e saj. Duke u thelluar n\u00eb sferat e k\u00ebsaj gjuhe t\u00eb holl\u00eb, ju fitoni nj\u00eb kuptim m\u00eb t\u00eb thell\u00eb t\u00eb diversitetit gjuh\u00ebsor dhe kulturor t\u00eb Indis\u00eb.<\/p>\n\n\n\n<p>Pra, pse t\u00eb mos eksploroni m\u00eb tej bukurin\u00eb e Kannada? Me pasion dhe kuriozitet, s\u00eb shpejti mund ta gjeni veten duke shijuar let\u00ebrsin\u00eb, kineman\u00eb dhe muzik\u00ebn e mrekullueshme n\u00eb k\u00ebt\u00eb gjuh\u00eb madh\u00ebshtore. G\u00ebzuar m\u00ebsimin!<\/p>\n<\/div><\/div>\n\r\n<section class=\"learnNavigationSection\">\r\n            \r\n        <a href=\"https:\/\/talkpal.ai\/sq\/meso-kannada\/\">\r\n            <div class=\"learnNavigationWrapper\">\r\n                <div class=\"learnNavigationContent\">\r\n                    <img decoding=\"async\" src=\"https:\/\/talkpal.ai\/wp-content\/uploads\/2024\/08\/Kannada.jpg\" alt=\"Indian Simplified Flag\">\r\n                    <div>\r\n                        <h4>Rreth m\u00ebsimit t\u00eb Kannada<\/h4>\r\n                        <p>M\u00ebsoni gjith\u00e7ka rreth gramatik\u00ebs Kannada.<\/p>\r\n                    <\/div>\r\n                <\/div>\r\n            <\/div>\r\n        <\/a>\r\n\r\n        \r\n        <a href=\"https:\/\/talkpal.ai\/sq\/ushtrimet-gramatikore-kannada\/\">\r\n            <div class=\"learnNavigationWrapper\">\r\n                <div class=\"learnNavigationContent\">\r\n                    <img decoding=\"async\" src=\"https:\/\/talkpal.ai\/wp-content\/uploads\/2024\/08\/Kannada.jpg\" alt=\"Indian Simplified Flag\">\r\n                    <div>\r\n                        <h4>Ushtrimi i gramatik\u00ebs Kannada<\/h4>\r\n                        <p>Praktikoni gramatik\u00ebn Kannada.<\/p>\r\n                    <\/div>\r\n                <\/div>\r\n            <\/div>\r\n        <\/a>\r\n\r\n        \r\n        <a href=\"https:\/\/talkpal.ai\/vocabulary_language\/kannada\/\">\r\n            <div class=\"learnNavigationWrapper\">\r\n                <div class=\"learnNavigationContent\">\r\n                    <img decoding=\"async\" src=\"https:\/\/talkpal.ai\/wp-content\/uploads\/2024\/08\/Kannada.jpg\" alt=\"Indian Simplified Flag\">\r\n                    <div>\r\n                        <h4>Fjalori Kannada<\/h4>\r\n                        <p>Zgjeroni fjalorin tuaj Kannada.<\/p>\r\n                    <\/div>\r\n                <\/div>\r\n            <\/div>\r\n        <\/a>\r\n\r\n            <\/section>","protected":false},"excerpt":{"rendered":"<p>Gramatika Kannada: Nj\u00eb pasqyr\u00eb n\u00eb pasurin\u00eb e gjuh\u00ebs dravidiane A keni menduar ndonj\u00ebher\u00eb p\u00ebr diversitetin gjuh\u00ebsor t\u00eb Indis\u00eb? Si nj\u00eb entuziast i gjuh\u00ebs ose nj\u00eb nx\u00ebn\u00ebs kureshtar, mund t\u00eb jeni t\u00eb interesuar t\u00eb hidhni nj\u00eb v\u00ebshtrim m\u00eb t\u00eb af\u00ebrt n\u00eb nj\u00eb nga gjuh\u00ebt klasike t\u00eb Indis\u00eb &#8211; Kannada. Kannada \u00ebsht\u00eb nj\u00eb gjuh\u00eb dravidiane q\u00eb flitet [&hellip;]<\/p>\n","protected":false},"author":1,"featured_media":1442863,"parent":0,"menu_order":0,"comment_status":"closed","ping_status":"closed","template":"LearningContentPage.php","meta":{"_acf_changed":false,"footnotes":""},"class_list":["post-1442861","page","type-page","status-publish","has-post-thumbnail","hentry"],"acf":[],"yoast_head":"<!-- This site is optimized with the Yoast SEO Premium plugin v27.2 (Yoast SEO v27.2) - https:\/\/yoast.com\/product\/yoast-seo-premium-wordpress\/ -->\n<title>Gramatika Kannada - Talkpal<\/title>\n<meta name=\"description\" content=\"M\u00ebsoni gramatik\u00ebn Kannada me besim - kuptoni rregullat kryesore, mprehni nd\u00ebrtimin e fjalive dhe rrisni rrjedhshm\u00ebrin\u00eb\" \/>\n<meta name=\"robots\" content=\"index, follow, max-snippet:-1, max-image-preview:large, max-video-preview:-1\" \/>\n<link rel=\"canonical\" href=\"https:\/\/talkpal.ai\/sq\/gramatika-kannada\/\" \/>\n<meta property=\"og:locale\" content=\"sq_AL\" \/>\n<meta property=\"og:type\" content=\"article\" \/>\n<meta property=\"og:title\" content=\"Gramatika Kannada\" \/>\n<meta property=\"og:description\" content=\"Gramatika Kannada: Nj\u00eb pasqyr\u00eb n\u00eb pasurin\u00eb e gjuh\u00ebs dravidiane A keni menduar ndonj\u00ebher\u00eb p\u00ebr diversitetin gjuh\u00ebsor t\u00eb Indis\u00eb? Si nj\u00eb entuziast i gjuh\u00ebs\" \/>\n<meta property=\"og:url\" content=\"https:\/\/talkpal.ai\/sq\/gramatika-kannada\/\" \/>\n<meta property=\"og:site_name\" content=\"Talkpal\" \/>\n<meta property=\"article:publisher\" content=\"https:\/\/www.facebook.com\/profile.php?id=100090733639311\" \/>\n<meta property=\"article:modified_time\" content=\"2025-12-11T16:24:09+00:00\" \/>\n<meta property=\"og:image\" content=\"https:\/\/talkpal.ai\/wp-content\/uploads\/2023\/05\/Kannada-india.png\" \/>\n\t<meta property=\"og:image:width\" content=\"512\" \/>\n\t<meta property=\"og:image:height\" content=\"512\" \/>\n\t<meta property=\"og:image:type\" content=\"image\/png\" \/>\n<meta name=\"twitter:card\" content=\"summary_large_image\" \/>\n<meta name=\"twitter:site\" content=\"@talkpalai\" \/>\n<meta name=\"twitter:label1\" content=\"Est. reading time\" \/>\n\t<meta name=\"twitter:data1\" content=\"3 minutes\" \/>\n<script type=\"application\/ld+json\" class=\"yoast-schema-graph\">{\"@context\":\"https:\/\/schema.org\",\"@graph\":[{\"@type\":\"WebPage\",\"@id\":\"https:\/\/talkpal.ai\/sq\/gramatika-kannada\/\",\"url\":\"https:\/\/talkpal.ai\/sq\/gramatika-kannada\/\",\"name\":\"Gramatika Kannada - Talkpal\",\"isPartOf\":{\"@id\":\"https:\/\/talkpal.ai\/sq\/#website\"},\"primaryImageOfPage\":{\"@id\":\"https:\/\/talkpal.ai\/sq\/gramatika-kannada\/#primaryimage\"},\"image\":{\"@id\":\"https:\/\/talkpal.ai\/sq\/gramatika-kannada\/#primaryimage\"},\"thumbnailUrl\":\"https:\/\/talkpal.ai\/wp-content\/uploads\/2023\/05\/Kannada-india.png\",\"datePublished\":\"2023-05-14T14:09:47+00:00\",\"dateModified\":\"2025-12-11T16:24:09+00:00\",\"description\":\"M\u00ebsoni gramatik\u00ebn Kannada me besim - kuptoni rregullat kryesore, mprehni nd\u00ebrtimin e fjalive dhe rrisni rrjedhshm\u00ebrin\u00eb\",\"breadcrumb\":{\"@id\":\"https:\/\/talkpal.ai\/sq\/gramatika-kannada\/#breadcrumb\"},\"inLanguage\":\"sq-AL\",\"potentialAction\":[{\"@type\":\"ReadAction\",\"target\":[\"https:\/\/talkpal.ai\/sq\/gramatika-kannada\/\"]}]},{\"@type\":\"ImageObject\",\"inLanguage\":\"sq-AL\",\"@id\":\"https:\/\/talkpal.ai\/sq\/gramatika-kannada\/#primaryimage\",\"url\":\"https:\/\/talkpal.ai\/wp-content\/uploads\/2023\/05\/Kannada-india.png\",\"contentUrl\":\"https:\/\/talkpal.ai\/wp-content\/uploads\/2023\/05\/Kannada-india.png\",\"width\":512,\"height\":512,\"caption\":\"TalkPal Kannada Flag\"},{\"@type\":\"BreadcrumbList\",\"@id\":\"https:\/\/talkpal.ai\/sq\/gramatika-kannada\/#breadcrumb\",\"itemListElement\":[{\"@type\":\"ListItem\",\"position\":1,\"name\":\"Homepage\",\"item\":\"https:\/\/talkpal.ai\/sq\/\"},{\"@type\":\"ListItem\",\"position\":2,\"name\":\"Gramatika Kannada\"}]},{\"@type\":\"WebSite\",\"@id\":\"https:\/\/talkpal.ai\/sq\/#website\",\"url\":\"https:\/\/talkpal.ai\/sq\/\",\"name\":\"Talkpal\",\"description\":\"AI Language Learning\",\"publisher\":{\"@id\":\"https:\/\/talkpal.ai\/sq\/#organization\"},\"alternateName\":\"Talkpal AI\",\"potentialAction\":[{\"@type\":\"SearchAction\",\"target\":{\"@type\":\"EntryPoint\",\"urlTemplate\":\"https:\/\/talkpal.ai\/sq\/?s={search_term_string}\"},\"query-input\":{\"@type\":\"PropertyValueSpecification\",\"valueRequired\":true,\"valueName\":\"search_term_string\"}}],\"inLanguage\":\"sq-AL\"},{\"@type\":\"Organization\",\"@id\":\"https:\/\/talkpal.ai\/sq\/#organization\",\"name\":\"Talkpal, Inc.\",\"alternateName\":\"Talkpal AI\",\"url\":\"https:\/\/talkpal.ai\/sq\/\",\"logo\":{\"@type\":\"ImageObject\",\"inLanguage\":\"sq-AL\",\"@id\":\"https:\/\/talkpal.ai\/sq\/#\/schema\/logo\/image\/\",\"url\":\"https:\/\/talkpal.ai\/wp-content\/uploads\/2024\/03\/Talkpal-Logo-Icon.png\",\"contentUrl\":\"https:\/\/talkpal.ai\/wp-content\/uploads\/2024\/03\/Talkpal-Logo-Icon.png\",\"width\":2880,\"height\":2880,\"caption\":\"Talkpal, Inc.\"},\"image\":{\"@id\":\"https:\/\/talkpal.ai\/sq\/#\/schema\/logo\/image\/\"},\"sameAs\":[\"https:\/\/www.facebook.com\/profile.php?id=100090733639311\",\"https:\/\/x.com\/talkpalai\",\"https:\/\/www.linkedin.com\/company\/talkpal\/\",\"https:\/\/www.youtube.com\/@TalkPal\/\",\"https:\/\/www.tiktok.com\/@talkpal\",\"https:\/\/www.instagram.com\/talkpal_ai\/\",\"https:\/\/www.crunchbase.com\/organization\/talkpal-9cde\",\"https:\/\/www.g2.com\/products\/talkpal-for-business\/\",\"https:\/\/www.trustpilot.com\/review\/talkpal.ai\",\"https:\/\/www.capterra.com\/p\/10006800\/TalkPal\/\"],\"description\":\"Talkpal is a language learning web and mobile education app, powered by the latest AI technologies, that provides engaging experiences to its customers in many different languages to help them improve their language skills. Users can chat about unlimited amount of topics with the app and use other modes to practice their language learning.\",\"email\":\"support@talkpal.ai\",\"legalName\":\"Talkpal, Inc.\",\"foundingDate\":\"2023-04-03\",\"duns\":\"118989042\",\"numberOfEmployees\":{\"@type\":\"QuantitativeValue\",\"minValue\":\"11\",\"maxValue\":\"50\"},\"publishingPrinciples\":\"https:\/\/talkpal.ai\/publishing-principles\/\",\"actionableFeedbackPolicy\":\"https:\/\/talkpal.ai\/actionable-feedback-policy\/\",\"correctionsPolicy\":\"https:\/\/talkpal.ai\/corrections-policy\/\",\"ethicsPolicy\":\"https:\/\/talkpal.ai\/ethics-policy\/\",\"diversityPolicy\":\"https:\/\/talkpal.ai\/diversity-policy\/\",\"diversityStaffingReport\":\"https:\/\/talkpal.ai\/diversity-policy\/\"}]}<\/script>\n<!-- \/ Yoast SEO Premium plugin. -->","yoast_head_json":{"title":"Gramatika Kannada - Talkpal","description":"M\u00ebsoni gramatik\u00ebn Kannada me besim - kuptoni rregullat kryesore, mprehni nd\u00ebrtimin e fjalive dhe rrisni rrjedhshm\u00ebrin\u00eb","robots":{"index":"index","follow":"follow","max-snippet":"max-snippet:-1","max-image-preview":"max-image-preview:large","max-video-preview":"max-video-preview:-1"},"canonical":"https:\/\/talkpal.ai\/sq\/gramatika-kannada\/","og_locale":"sq_AL","og_type":"article","og_title":"Gramatika Kannada","og_description":"Gramatika Kannada: Nj\u00eb pasqyr\u00eb n\u00eb pasurin\u00eb e gjuh\u00ebs dravidiane A keni menduar ndonj\u00ebher\u00eb p\u00ebr diversitetin gjuh\u00ebsor t\u00eb Indis\u00eb? Si nj\u00eb entuziast i gjuh\u00ebs","og_url":"https:\/\/talkpal.ai\/sq\/gramatika-kannada\/","og_site_name":"Talkpal","article_publisher":"https:\/\/www.facebook.com\/profile.php?id=100090733639311","article_modified_time":"2025-12-11T16:24:09+00:00","og_image":[{"width":512,"height":512,"url":"https:\/\/talkpal.ai\/wp-content\/uploads\/2023\/05\/Kannada-india.png","type":"image\/png"}],"twitter_card":"summary_large_image","twitter_site":"@talkpalai","twitter_misc":{"Est. reading time":"3 minutes"},"schema":{"@context":"https:\/\/schema.org","@graph":[{"@type":"WebPage","@id":"https:\/\/talkpal.ai\/sq\/gramatika-kannada\/","url":"https:\/\/talkpal.ai\/sq\/gramatika-kannada\/","name":"Gramatika Kannada - Talkpal","isPartOf":{"@id":"https:\/\/talkpal.ai\/sq\/#website"},"primaryImageOfPage":{"@id":"https:\/\/talkpal.ai\/sq\/gramatika-kannada\/#primaryimage"},"image":{"@id":"https:\/\/talkpal.ai\/sq\/gramatika-kannada\/#primaryimage"},"thumbnailUrl":"https:\/\/talkpal.ai\/wp-content\/uploads\/2023\/05\/Kannada-india.png","datePublished":"2023-05-14T14:09:47+00:00","dateModified":"2025-12-11T16:24:09+00:00","description":"M\u00ebsoni gramatik\u00ebn Kannada me besim - kuptoni rregullat kryesore, mprehni nd\u00ebrtimin e fjalive dhe rrisni rrjedhshm\u00ebrin\u00eb","breadcrumb":{"@id":"https:\/\/talkpal.ai\/sq\/gramatika-kannada\/#breadcrumb"},"inLanguage":"sq-AL","potentialAction":[{"@type":"ReadAction","target":["https:\/\/talkpal.ai\/sq\/gramatika-kannada\/"]}]},{"@type":"ImageObject","inLanguage":"sq-AL","@id":"https:\/\/talkpal.ai\/sq\/gramatika-kannada\/#primaryimage","url":"https:\/\/talkpal.ai\/wp-content\/uploads\/2023\/05\/Kannada-india.png","contentUrl":"https:\/\/talkpal.ai\/wp-content\/uploads\/2023\/05\/Kannada-india.png","width":512,"height":512,"caption":"TalkPal Kannada Flag"},{"@type":"BreadcrumbList","@id":"https:\/\/talkpal.ai\/sq\/gramatika-kannada\/#breadcrumb","itemListElement":[{"@type":"ListItem","position":1,"name":"Homepage","item":"https:\/\/talkpal.ai\/sq\/"},{"@type":"ListItem","position":2,"name":"Gramatika Kannada"}]},{"@type":"WebSite","@id":"https:\/\/talkpal.ai\/sq\/#website","url":"https:\/\/talkpal.ai\/sq\/","name":"Talkpal","description":"AI Language Learning","publisher":{"@id":"https:\/\/talkpal.ai\/sq\/#organization"},"alternateName":"Talkpal AI","potentialAction":[{"@type":"SearchAction","target":{"@type":"EntryPoint","urlTemplate":"https:\/\/talkpal.ai\/sq\/?s={search_term_string}"},"query-input":{"@type":"PropertyValueSpecification","valueRequired":true,"valueName":"search_term_string"}}],"inLanguage":"sq-AL"},{"@type":"Organization","@id":"https:\/\/talkpal.ai\/sq\/#organization","name":"Talkpal, Inc.","alternateName":"Talkpal AI","url":"https:\/\/talkpal.ai\/sq\/","logo":{"@type":"ImageObject","inLanguage":"sq-AL","@id":"https:\/\/talkpal.ai\/sq\/#\/schema\/logo\/image\/","url":"https:\/\/talkpal.ai\/wp-content\/uploads\/2024\/03\/Talkpal-Logo-Icon.png","contentUrl":"https:\/\/talkpal.ai\/wp-content\/uploads\/2024\/03\/Talkpal-Logo-Icon.png","width":2880,"height":2880,"caption":"Talkpal, Inc."},"image":{"@id":"https:\/\/talkpal.ai\/sq\/#\/schema\/logo\/image\/"},"sameAs":["https:\/\/www.facebook.com\/profile.php?id=100090733639311","https:\/\/x.com\/talkpalai","https:\/\/www.linkedin.com\/company\/talkpal\/","https:\/\/www.youtube.com\/@TalkPal\/","https:\/\/www.tiktok.com\/@talkpal","https:\/\/www.instagram.com\/talkpal_ai\/","https:\/\/www.crunchbase.com\/organization\/talkpal-9cde","https:\/\/www.g2.com\/products\/talkpal-for-business\/","https:\/\/www.trustpilot.com\/review\/talkpal.ai","https:\/\/www.capterra.com\/p\/10006800\/TalkPal\/"],"description":"Talkpal is a language learning web and mobile education app, powered by the latest AI technologies, that provides engaging experiences to its customers in many different languages to help them improve their language skills. Users can chat about unlimited amount of topics with the app and use other modes to practice their language learning.","email":"support@talkpal.ai","legalName":"Talkpal, Inc.","foundingDate":"2023-04-03","duns":"118989042","numberOfEmployees":{"@type":"QuantitativeValue","minValue":"11","maxValue":"50"},"publishingPrinciples":"https:\/\/talkpal.ai\/publishing-principles\/","actionableFeedbackPolicy":"https:\/\/talkpal.ai\/actionable-feedback-policy\/","correctionsPolicy":"https:\/\/talkpal.ai\/corrections-policy\/","ethicsPolicy":"https:\/\/talkpal.ai\/ethics-policy\/","diversityPolicy":"https:\/\/talkpal.ai\/diversity-policy\/","diversityStaffingReport":"https:\/\/talkpal.ai\/diversity-policy\/"}]}},"_links":{"self":[{"href":"https:\/\/talkpal.ai\/sq\/wp-json\/wp\/v2\/pages\/1442861","targetHints":{"allow":["GET"]}}],"collection":[{"href":"https:\/\/talkpal.ai\/sq\/wp-json\/wp\/v2\/pages"}],"about":[{"href":"https:\/\/talkpal.ai\/sq\/wp-json\/wp\/v2\/types\/page"}],"author":[{"embeddable":true,"href":"https:\/\/talkpal.ai\/sq\/wp-json\/wp\/v2\/users\/1"}],"replies":[{"embeddable":true,"href":"https:\/\/talkpal.ai\/sq\/wp-json\/wp\/v2\/comments?post=1442861"}],"version-history":[{"count":0,"href":"https:\/\/talkpal.ai\/sq\/wp-json\/wp\/v2\/pages\/1442861\/revisions"}],"wp:featuredmedia":[{"embeddable":true,"href":"https:\/\/talkpal.ai\/sq\/wp-json\/wp\/v2\/media\/1442863"}],"wp:attachment":[{"href":"https:\/\/talkpal.ai\/sq\/wp-json\/wp\/v2\/media?parent=1442861"}],"curies":[{"name":"wp","href":"https:\/\/api.w.org\/{rel}","templated":true}]}}