{"id":1442860,"date":"2023-05-14T14:11:47","date_gmt":"2023-05-14T14:11:47","guid":{"rendered":"https:\/\/talkpal.ai\/gramatika-malajeze\/"},"modified":"2025-12-17T16:43:26","modified_gmt":"2025-12-17T16:43:26","slug":"gramatika-malajeze","status":"publish","type":"page","link":"https:\/\/talkpal.ai\/sq\/gramatika-malajeze\/","title":{"rendered":"Gramatika malajeze"},"content":{"rendered":"\r\n\r\n\r\n<section class=\"languageChallengeSection\">\r\n    <div class=\"languageInfoWrapper\">\r\n        \r\n        <h1>Gramatika malajeze<\/h1>\r\n        <p>Jeni kurioz p\u00ebr t\u00eb m\u00ebsuar malajisht? Zhytuni n\u00eb gramatik\u00ebn malajeze, e njohur p\u00ebr rregullat e saj t\u00eb drejtp\u00ebrdrejta, munges\u00ebn e konjugimit t\u00eb foljeve dhe p\u00ebrdorimin e afikseve p\u00ebr t\u00eb krijuar kuptim. Filloni sot &#8211; zot\u00ebrimi i gramatik\u00ebs malajze do t&#039;ju jap\u00eb besimin p\u00ebr t\u00eb komunikuar leht\u00ebsisht dhe p\u00ebr t\u00eb hapur dyert p\u00ebr kulturat e ndryshme dhe dinamike t\u00eb Azis\u00eb Juglindore!<\/p>\r\n\r\n                            <a class=\"getStartedHidden\" href=\"https:\/\/app.talkpal.ai\/signup?lng=\">Filloni<\/a>\r\n        \r\n    <\/div>\r\n\r\n    <figure>\r\n    <img decoding=\"async\" width=\"768\" height=\"768\" src=\"https:\/\/talkpal.ai\/wp-content\/uploads\/2023\/06\/malay-768x768.png\" class=\"languageImage no-lazy\" alt=\"Language learning for personal accomplishments\" fetchpriority=\"high\" sizes=\"(max-width: 768px) 150px, 768px\" srcset=\"https:\/\/talkpal.ai\/wp-content\/uploads\/2023\/06\/malay-768x768.png 768w, https:\/\/talkpal.ai\/wp-content\/uploads\/2023\/06\/malay-300x300.png 300w\" \/>\r\n    \r\n\r\n    <\/figure>\r\n\r\n            <a class=\"getStartedVisible\" href=\"https:\/\/app.talkpal.ai\/signup?lng=\">Filloni<\/a>\r\n    \r\n<\/section>\r\n<section class=\"promotionalBanner\">\r\n    <p class=\"promotionalText\">M\u00ebnyra m\u00eb efikase p\u00ebr t\u00eb m\u00ebsuar nj\u00eb gjuh\u00eb<\/p>\r\n    <a class=\"promotionalLink\" href=\"https:\/\/app.talkpal.ai\/signup?lng=\">Provoni Talkpal falas<\/a>\r\n<\/section>\n<div class=\"wp-block-group pageContainerStyle\"><div class=\"wp-block-group__inner-container is-layout-constrained wp-block-group-is-layout-constrained\">\n<h2 class=\"wp-block-heading\" id=\"h-malay-grammar-exploring-the-richness-of-bahasa-melayu\">Gramatika malajeze: Eksplorimi i pasuris\u00eb s\u00eb Bahasa Melayu<\/h2>\n\n\n\n<p>Gjuha malajzeze, ose <a href=\"https:\/\/talkpal.ai\/ms\/belajar-bahasa-melayu\/\">Bahasa Melayu<\/a>, renditet nd\u00ebr gjuh\u00ebt m\u00eb t\u00eb folura n\u00eb bot\u00eb, duke bashkuar popujt e ndrysh\u00ebm t\u00eb Malajzis\u00eb, Indonezis\u00eb, Bruneit dhe Singaporit. Nd\u00ebrsa g\u00ebrmoni n\u00eb m\u00ebsimin e malajishtes, do t\u00eb zbuloni shpejt bukurin\u00eb e gramatik\u00ebs s\u00eb saj dhe peizazhin gjuh\u00ebsor n\u00eb lul\u00ebzim. Ky artikull synon t&#8217;ju prezantoj\u00eb me parimet thelb\u00ebsore t\u00eb gramatik\u00ebs malajeze, duke ju udh\u00ebhequr t\u00eb kuptoni dhe vler\u00ebsoni m\u00eb mir\u00eb k\u00ebt\u00eb gjuh\u00eb t\u00eb gjithanshme.<\/p>\n\n\n\n<h3 class=\"wp-block-heading\" id=\"h-1-nouns-simplicity-rules\">1. Emrat \u2013 Rregullat e thjesht\u00ebsis\u00eb<\/h3>\n\n\n\n<p>Ndryshe nga gjuh\u00ebt e tjera, <a href=\"https:\/\/talkpal.ai\/sq\/gramatika\/\">gramatika<\/a> malajeze nuk p\u00ebrmban deformime ose klasifikime gjinore p\u00ebr emrat e saj. N\u00eb vend t\u00eb k\u00ebsaj, p\u00ebrdorimi i emrave vendos nj\u00eb theks t\u00eb fort\u00eb n\u00eb thjesht\u00ebsi. Format shum\u00ebs t\u00eb emrave krijohen thjesht duke i kopjuar ato. Ting\u00ebllon e leht\u00eb, apo jo? P\u00ebr shembull, &#8220;moll\u00eb&#8221; \u00ebsht\u00eb &#8220;buah epal&#8221;, k\u00ebshtu q\u00eb &#8220;moll\u00eb&#8221; b\u00ebhet &#8220;buah-buah epal&#8221;. Ju mund ta hiqni dor\u00eb nga dyfishimi n\u00eb t\u00eb folurit joformal.<\/p>\n\n\n\n<h3 class=\"wp-block-heading\" id=\"h-2-adjectives-straightforward-descriptions\">2. Mbiemrat \u2013 P\u00ebrshkrime t\u00eb drejtp\u00ebrdrejta<\/h3>\n\n\n\n<p>Mbiemrat malajez\u00eb mbeten t\u00eb pandryshuar pavar\u00ebsisht emrit q\u00eb p\u00ebrshkruajn\u00eb, duke i b\u00ebr\u00eb ato tep\u00ebr t\u00eb lehta p\u00ebr t&#8217;u p\u00ebrdorur \u2013 nj\u00eb tjet\u00ebr d\u00ebshmi e thjesht\u00ebsis\u00eb s\u00eb gjuh\u00ebs. Vendosja e mbiemrave vjen pas emrit, duke krijuar nj\u00eb rrjedh\u00eb t\u00eb k\u00ebndshme n\u00eb fjali. P\u00ebr shembull, &#8220;nj\u00eb sht\u00ebpi e madhe&#8221; \u00ebsht\u00eb &#8220;rumah besar&#8221;, me &#8220;rumah&#8221; q\u00eb i referohet &#8220;sht\u00ebpis\u00eb&#8221; dhe &#8220;besar&#8221; q\u00eb do t\u00eb thot\u00eb &#8220;i madh&#8221;.<\/p>\n\n\n\n<h3 class=\"wp-block-heading\" id=\"h-3-verbs-the-magic-of-prefixes-and-suffixes\">3. Foljet \u2013 Magjia e parashtesave dhe prapashtesave<\/h3>\n\n\n\n<p>Foljet malajeze mburren me nj\u00eb shkatht\u00ebsi q\u00eb \u00ebsht\u00eb emocionuese dhe e drejtp\u00ebrdrejt\u00eb. N\u00eb Bahasa <a href=\"https:\/\/talkpal.ai\/learn-malay\/\">Melayu<\/a>, koh\u00ebt nuk p\u00ebrcillen n\u00eb m\u00ebnyr\u00eb eksplicite p\u00ebrmes formave t\u00eb foljes; n\u00eb vend t\u00eb k\u00ebsaj, ato tregohen p\u00ebrmes kontekstit ose sh\u00ebnuesve t\u00eb koh\u00ebs. P\u00ebr m\u00eb tep\u00ebr, malajishtja p\u00ebrdor gjer\u00ebsisht parashtesat dhe prapashtesat p\u00ebr t\u00eb shprehur aspekte t\u00eb ndryshme foljesh.<\/p>\n\n\n\n<p>Ekzistojn\u00eb tre parashtesa kryesore: &#8220;meN-&#8220;, &#8220;ber-&#8221; dhe &#8220;ter-&#8220;. Prefiksi &#8220;meN-&#8221; ka nj\u00eb gam\u00eb t\u00eb gjer\u00eb p\u00ebrdorimesh, duke p\u00ebrfshir\u00eb formimin e foljeve aktive dhe tregimin e veprimeve shkak\u00ebsore. Nd\u00ebrkoh\u00eb, &#8220;ber-&#8221; n\u00ebnkupton veprime intransitive, dhe &#8220;ter-&#8221; tregon dukuri aksidentale ose veprime pasive. \u00cbsht\u00eb e r\u00ebnd\u00ebsishme t\u00eb theksohet se \u00e7do parashtes\u00eb mund t\u00eb shkaktoj\u00eb ndryshime t\u00eb lehta drejtshkrimore n\u00eb foljen baz\u00eb.<\/p>\n\n\n\n<p>Prapashtesat, t\u00eb tilla si &#8220;-kan&#8221; dhe &#8220;-i&#8221;, ndihmojn\u00eb n\u00eb sigurimin e specifik\u00ebs s\u00eb m\u00ebtejshme, nd\u00ebrsa fiksi &#8220;-el-&#8221; injekton intensitet n\u00eb foljen baz\u00eb.<\/p>\n\n\n\n<h3 class=\"wp-block-heading\" id=\"h-4-prepositions-amp-particles-adding-flavor-to-sentences\">4. Parafjal\u00ebt dhe grimcat \u2013 Shtimi i shijes n\u00eb fjalit\u00eb<\/h3>\n\n\n\n<p>Parafjal\u00ebt dhe grimcat luajn\u00eb nj\u00eb rol jetik n\u00eb gramatik\u00ebn malajeze, duke vepruar si ngjit\u00ebs gjuh\u00ebsor dhe duke ofruar kontekst thelb\u00ebsor. Parafjal\u00ebt, t\u00eb tilla si &#8220;di&#8221; (at), &#8220;ke&#8221; (to) dhe &#8220;dari&#8221; (nga), ndihmojn\u00eb n\u00eb krijimin e marr\u00ebdh\u00ebnieve midis fjal\u00ebve. Nga ana tjet\u00ebr, grimcat, si &#8220;lah&#8221;, &#8220;kah&#8221; dhe &#8220;loj\u00eb fjal\u00ebsh&#8221;, p\u00ebrdoren p\u00ebr t\u00eb shtuar theksin, emocionet dhe pik\u00ebpyetjet n\u00eb fjali.<\/p>\n\n\n\n<p>P\u00ebr shembull, fjalia &#8220;Kamu pergi sana&#8221;, q\u00eb do t\u00eb thot\u00eb &#8220;Ju shkoni atje&#8221;, b\u00ebhet m\u00eb e theksuar n\u00ebse shtoni &#8220;lah&#8221; n\u00eb fund: &#8220;Kamu pergi sana lah&#8221;. Tani do t\u00eb thot\u00eb &#8220;Shkoni atje (tani)&#8221;.<\/p>\n\n\n\n<h3 class=\"wp-block-heading\" id=\"h-5-embracing-the-journey\">5. P\u00ebrqafimi i udh\u00ebtimit<\/h3>\n\n\n\n<p>Nd\u00ebrsa <a href=\"https:\/\/talkpal.ai\/sq\/gramatika\/\">gramatika<\/a> malajeze mund t\u00eb duket e drejtp\u00ebrdrejt\u00eb n\u00eb krahasim me gjuh\u00ebt e tjera, bukuria e saj q\u00ebndron n\u00eb pasurin\u00eb dhe shum\u00ebllojshm\u00ebrin\u00eb e shprehjeve t\u00eb arritura p\u00ebrmes rregullave t\u00eb thjeshta. Leht\u00ebsia e m\u00ebsimit t\u00eb gramatik\u00ebs malajze do t&#8217;ju mund\u00ebsoj\u00eb t\u00eb angazhoheni me bot\u00ebn e larmishme malajishtfol\u00ebse n\u00eb m\u00ebnyr\u00eb m\u00eb efektive dhe t\u00eb zhyteni n\u00eb kultur\u00ebn e saj unike.<\/p>\n\n\n\n<p>Para se t\u00eb zhyteni me kok\u00eb n\u00eb bot\u00ebn e Bahasa Melayu, mbani mend se udh\u00ebtimi mund t\u00eb mos jet\u00eb gjithmon\u00eb i qet\u00eb. Mbani nj\u00eb mendje t\u00eb hapur, angazhohuni me fol\u00ebsit amtare dhe, m\u00eb e r\u00ebnd\u00ebsishmja, shijoni p\u00ebrvoj\u00ebn e zbulimit t\u00eb nuancave brenda k\u00ebsaj gjuhe t\u00eb bukur. Selamat belajar \u2013 g\u00ebzuar m\u00ebsimin!<\/p>\n<\/div><\/div>\n\r\n<section class=\"learnNavigationSection\">\r\n            \r\n        <a href=\"https:\/\/talkpal.ai\/sq\/meso-malarien\/\">\r\n            <div class=\"learnNavigationWrapper\">\r\n                <div class=\"learnNavigationContent\">\r\n                    <img decoding=\"async\" src=\"https:\/\/talkpal.ai\/wp-content\/uploads\/2024\/08\/Malay.jpg\" alt=\"Malaysian Flag\">\r\n                    <div>\r\n                        <h4>Rreth m\u00ebsimit malajz<\/h4>\r\n                        <p>Zbuloni gjith\u00e7ka rreth gramatik\u00ebs malajezeze.<\/p>\r\n                    <\/div>\r\n                <\/div>\r\n            <\/div>\r\n        <\/a>\r\n\r\n        \r\n        <a href=\"https:\/\/talkpal.ai\/sq\/ushtrimet-e-gramatikes-malaje\/\">\r\n            <div class=\"learnNavigationWrapper\">\r\n                <div class=\"learnNavigationContent\">\r\n                    <img decoding=\"async\" src=\"https:\/\/talkpal.ai\/wp-content\/uploads\/2024\/08\/Malay.jpg\" alt=\"Malaysian Flag\">\r\n                    <div>\r\n                        <h4>Ushtrimi i gramatik\u00ebs malajze<\/h4>\r\n                        <p>Praktikoni gramatik\u00ebn malajze<\/p>\r\n                    <\/div>\r\n                <\/div>\r\n            <\/div>\r\n        <\/a>\r\n\r\n        \r\n        <a href=\"https:\/\/talkpal.ai\/vocabulary_language\/malay\/\">\r\n            <div class=\"learnNavigationWrapper\">\r\n                <div class=\"learnNavigationContent\">\r\n                    <img decoding=\"async\" src=\"https:\/\/talkpal.ai\/wp-content\/uploads\/2024\/08\/Malay.jpg\" alt=\"Malaysian Flag\">\r\n                    <div>\r\n                        <h4>Fjalori Malaj<\/h4>\r\n                        <p>Zgjeroni fjalorin tuaj malajz.<\/p>\r\n                    <\/div>\r\n                <\/div>\r\n            <\/div>\r\n        <\/a>\r\n\r\n            <\/section>","protected":false},"excerpt":{"rendered":"<p>Gramatika malajeze: Eksplorimi i pasuris\u00eb s\u00eb Bahasa Melayu Gjuha malajzeze, ose Bahasa Melayu, renditet nd\u00ebr gjuh\u00ebt m\u00eb t\u00eb folura n\u00eb bot\u00eb, duke bashkuar popujt e ndrysh\u00ebm t\u00eb Malajzis\u00eb, Indonezis\u00eb, Bruneit dhe Singaporit. Nd\u00ebrsa g\u00ebrmoni n\u00eb m\u00ebsimin e malajishtes, do t\u00eb zbuloni shpejt bukurin\u00eb e gramatik\u00ebs s\u00eb saj dhe peizazhin gjuh\u00ebsor n\u00eb lul\u00ebzim. Ky artikull synon [&hellip;]<\/p>\n","protected":false},"author":1,"featured_media":1442862,"parent":0,"menu_order":0,"comment_status":"closed","ping_status":"closed","template":"LearningContentPage.php","meta":{"_acf_changed":false,"footnotes":""},"class_list":["post-1442860","page","type-page","status-publish","has-post-thumbnail","hentry"],"acf":[],"yoast_head":"<!-- This site is optimized with the Yoast SEO Premium plugin v27.2 (Yoast SEO v27.2) - https:\/\/yoast.com\/product\/yoast-seo-premium-wordpress\/ -->\n<title>Gramatika malajeze - Talkpal<\/title>\n<meta name=\"description\" content=\"Eksploroni gramatik\u00ebn malajze dhe m\u00ebsoni se si thjesht\u00ebsia e saj mund t\u00eb p\u00ebrmir\u00ebsoj\u00eb t\u00eb kuptuarit tuaj t\u00eb gjuh\u00ebs malajezeze.\" \/>\n<meta name=\"robots\" content=\"index, follow, max-snippet:-1, max-image-preview:large, max-video-preview:-1\" \/>\n<link rel=\"canonical\" href=\"https:\/\/talkpal.ai\/sq\/gramatika-malajeze\/\" \/>\n<meta property=\"og:locale\" content=\"sq_AL\" \/>\n<meta property=\"og:type\" content=\"article\" \/>\n<meta property=\"og:title\" content=\"Gramatika malajeze\" \/>\n<meta property=\"og:description\" content=\"Gramatika malajeze: Eksplorimi i pasuris\u00eb s\u00eb Bahasa Melayu Gjuha malajzeze, ose Bahasa Melayu, renditet nd\u00ebr gjuh\u00ebt m\u00eb t\u00eb folura n\u00eb bot\u00eb, duke bashkuar\" \/>\n<meta property=\"og:url\" content=\"https:\/\/talkpal.ai\/sq\/gramatika-malajeze\/\" \/>\n<meta property=\"og:site_name\" content=\"Talkpal\" \/>\n<meta property=\"article:publisher\" content=\"https:\/\/www.facebook.com\/profile.php?id=100090733639311\" \/>\n<meta property=\"article:modified_time\" content=\"2025-12-17T16:43:26+00:00\" \/>\n<meta property=\"og:image\" content=\"https:\/\/talkpal.ai\/wp-content\/uploads\/2023\/05\/malaysia.png\" \/>\n\t<meta property=\"og:image:width\" content=\"512\" \/>\n\t<meta property=\"og:image:height\" content=\"512\" \/>\n\t<meta property=\"og:image:type\" content=\"image\/png\" \/>\n<meta name=\"twitter:card\" content=\"summary_large_image\" \/>\n<meta name=\"twitter:site\" content=\"@talkpalai\" \/>\n<meta name=\"twitter:label1\" content=\"Est. reading time\" \/>\n\t<meta name=\"twitter:data1\" content=\"3 minutes\" \/>\n<script type=\"application\/ld+json\" class=\"yoast-schema-graph\">{\"@context\":\"https:\/\/schema.org\",\"@graph\":[{\"@type\":\"WebPage\",\"@id\":\"https:\/\/talkpal.ai\/sq\/gramatika-malajeze\/\",\"url\":\"https:\/\/talkpal.ai\/sq\/gramatika-malajeze\/\",\"name\":\"Gramatika malajeze - Talkpal\",\"isPartOf\":{\"@id\":\"https:\/\/talkpal.ai\/sq\/#website\"},\"primaryImageOfPage\":{\"@id\":\"https:\/\/talkpal.ai\/sq\/gramatika-malajeze\/#primaryimage\"},\"image\":{\"@id\":\"https:\/\/talkpal.ai\/sq\/gramatika-malajeze\/#primaryimage\"},\"thumbnailUrl\":\"https:\/\/talkpal.ai\/wp-content\/uploads\/2023\/05\/malaysia.png\",\"datePublished\":\"2023-05-14T14:11:47+00:00\",\"dateModified\":\"2025-12-17T16:43:26+00:00\",\"description\":\"Eksploroni gramatik\u00ebn malajze dhe m\u00ebsoni se si thjesht\u00ebsia e saj mund t\u00eb p\u00ebrmir\u00ebsoj\u00eb t\u00eb kuptuarit tuaj t\u00eb gjuh\u00ebs malajezeze.\",\"breadcrumb\":{\"@id\":\"https:\/\/talkpal.ai\/sq\/gramatika-malajeze\/#breadcrumb\"},\"inLanguage\":\"sq-AL\",\"potentialAction\":[{\"@type\":\"ReadAction\",\"target\":[\"https:\/\/talkpal.ai\/sq\/gramatika-malajeze\/\"]}]},{\"@type\":\"ImageObject\",\"inLanguage\":\"sq-AL\",\"@id\":\"https:\/\/talkpal.ai\/sq\/gramatika-malajeze\/#primaryimage\",\"url\":\"https:\/\/talkpal.ai\/wp-content\/uploads\/2023\/05\/malaysia.png\",\"contentUrl\":\"https:\/\/talkpal.ai\/wp-content\/uploads\/2023\/05\/malaysia.png\",\"width\":512,\"height\":512,\"caption\":\"TalkPal Malaysia Flag\"},{\"@type\":\"BreadcrumbList\",\"@id\":\"https:\/\/talkpal.ai\/sq\/gramatika-malajeze\/#breadcrumb\",\"itemListElement\":[{\"@type\":\"ListItem\",\"position\":1,\"name\":\"Homepage\",\"item\":\"https:\/\/talkpal.ai\/sq\/\"},{\"@type\":\"ListItem\",\"position\":2,\"name\":\"Gramatika malajeze\"}]},{\"@type\":\"WebSite\",\"@id\":\"https:\/\/talkpal.ai\/sq\/#website\",\"url\":\"https:\/\/talkpal.ai\/sq\/\",\"name\":\"Talkpal\",\"description\":\"AI Language Learning\",\"publisher\":{\"@id\":\"https:\/\/talkpal.ai\/sq\/#organization\"},\"alternateName\":\"Talkpal AI\",\"potentialAction\":[{\"@type\":\"SearchAction\",\"target\":{\"@type\":\"EntryPoint\",\"urlTemplate\":\"https:\/\/talkpal.ai\/sq\/?s={search_term_string}\"},\"query-input\":{\"@type\":\"PropertyValueSpecification\",\"valueRequired\":true,\"valueName\":\"search_term_string\"}}],\"inLanguage\":\"sq-AL\"},{\"@type\":\"Organization\",\"@id\":\"https:\/\/talkpal.ai\/sq\/#organization\",\"name\":\"Talkpal, Inc.\",\"alternateName\":\"Talkpal AI\",\"url\":\"https:\/\/talkpal.ai\/sq\/\",\"logo\":{\"@type\":\"ImageObject\",\"inLanguage\":\"sq-AL\",\"@id\":\"https:\/\/talkpal.ai\/sq\/#\/schema\/logo\/image\/\",\"url\":\"https:\/\/talkpal.ai\/wp-content\/uploads\/2024\/03\/Talkpal-Logo-Icon.png\",\"contentUrl\":\"https:\/\/talkpal.ai\/wp-content\/uploads\/2024\/03\/Talkpal-Logo-Icon.png\",\"width\":2880,\"height\":2880,\"caption\":\"Talkpal, Inc.\"},\"image\":{\"@id\":\"https:\/\/talkpal.ai\/sq\/#\/schema\/logo\/image\/\"},\"sameAs\":[\"https:\/\/www.facebook.com\/profile.php?id=100090733639311\",\"https:\/\/x.com\/talkpalai\",\"https:\/\/www.linkedin.com\/company\/talkpal\/\",\"https:\/\/www.youtube.com\/@TalkPal\/\",\"https:\/\/www.tiktok.com\/@talkpal\",\"https:\/\/www.instagram.com\/talkpal_ai\/\",\"https:\/\/www.crunchbase.com\/organization\/talkpal-9cde\",\"https:\/\/www.g2.com\/products\/talkpal-for-business\/\",\"https:\/\/www.trustpilot.com\/review\/talkpal.ai\",\"https:\/\/www.capterra.com\/p\/10006800\/TalkPal\/\"],\"description\":\"Talkpal is a language learning web and mobile education app, powered by the latest AI technologies, that provides engaging experiences to its customers in many different languages to help them improve their language skills. Users can chat about unlimited amount of topics with the app and use other modes to practice their language learning.\",\"email\":\"support@talkpal.ai\",\"legalName\":\"Talkpal, Inc.\",\"foundingDate\":\"2023-04-03\",\"duns\":\"118989042\",\"numberOfEmployees\":{\"@type\":\"QuantitativeValue\",\"minValue\":\"11\",\"maxValue\":\"50\"},\"publishingPrinciples\":\"https:\/\/talkpal.ai\/publishing-principles\/\",\"actionableFeedbackPolicy\":\"https:\/\/talkpal.ai\/actionable-feedback-policy\/\",\"correctionsPolicy\":\"https:\/\/talkpal.ai\/corrections-policy\/\",\"ethicsPolicy\":\"https:\/\/talkpal.ai\/ethics-policy\/\",\"diversityPolicy\":\"https:\/\/talkpal.ai\/diversity-policy\/\",\"diversityStaffingReport\":\"https:\/\/talkpal.ai\/diversity-policy\/\"}]}<\/script>\n<!-- \/ Yoast SEO Premium plugin. -->","yoast_head_json":{"title":"Gramatika malajeze - Talkpal","description":"Eksploroni gramatik\u00ebn malajze dhe m\u00ebsoni se si thjesht\u00ebsia e saj mund t\u00eb p\u00ebrmir\u00ebsoj\u00eb t\u00eb kuptuarit tuaj t\u00eb gjuh\u00ebs malajezeze.","robots":{"index":"index","follow":"follow","max-snippet":"max-snippet:-1","max-image-preview":"max-image-preview:large","max-video-preview":"max-video-preview:-1"},"canonical":"https:\/\/talkpal.ai\/sq\/gramatika-malajeze\/","og_locale":"sq_AL","og_type":"article","og_title":"Gramatika malajeze","og_description":"Gramatika malajeze: Eksplorimi i pasuris\u00eb s\u00eb Bahasa Melayu Gjuha malajzeze, ose Bahasa Melayu, renditet nd\u00ebr gjuh\u00ebt m\u00eb t\u00eb folura n\u00eb bot\u00eb, duke bashkuar","og_url":"https:\/\/talkpal.ai\/sq\/gramatika-malajeze\/","og_site_name":"Talkpal","article_publisher":"https:\/\/www.facebook.com\/profile.php?id=100090733639311","article_modified_time":"2025-12-17T16:43:26+00:00","og_image":[{"width":512,"height":512,"url":"https:\/\/talkpal.ai\/wp-content\/uploads\/2023\/05\/malaysia.png","type":"image\/png"}],"twitter_card":"summary_large_image","twitter_site":"@talkpalai","twitter_misc":{"Est. reading time":"3 minutes"},"schema":{"@context":"https:\/\/schema.org","@graph":[{"@type":"WebPage","@id":"https:\/\/talkpal.ai\/sq\/gramatika-malajeze\/","url":"https:\/\/talkpal.ai\/sq\/gramatika-malajeze\/","name":"Gramatika malajeze - Talkpal","isPartOf":{"@id":"https:\/\/talkpal.ai\/sq\/#website"},"primaryImageOfPage":{"@id":"https:\/\/talkpal.ai\/sq\/gramatika-malajeze\/#primaryimage"},"image":{"@id":"https:\/\/talkpal.ai\/sq\/gramatika-malajeze\/#primaryimage"},"thumbnailUrl":"https:\/\/talkpal.ai\/wp-content\/uploads\/2023\/05\/malaysia.png","datePublished":"2023-05-14T14:11:47+00:00","dateModified":"2025-12-17T16:43:26+00:00","description":"Eksploroni gramatik\u00ebn malajze dhe m\u00ebsoni se si thjesht\u00ebsia e saj mund t\u00eb p\u00ebrmir\u00ebsoj\u00eb t\u00eb kuptuarit tuaj t\u00eb gjuh\u00ebs malajezeze.","breadcrumb":{"@id":"https:\/\/talkpal.ai\/sq\/gramatika-malajeze\/#breadcrumb"},"inLanguage":"sq-AL","potentialAction":[{"@type":"ReadAction","target":["https:\/\/talkpal.ai\/sq\/gramatika-malajeze\/"]}]},{"@type":"ImageObject","inLanguage":"sq-AL","@id":"https:\/\/talkpal.ai\/sq\/gramatika-malajeze\/#primaryimage","url":"https:\/\/talkpal.ai\/wp-content\/uploads\/2023\/05\/malaysia.png","contentUrl":"https:\/\/talkpal.ai\/wp-content\/uploads\/2023\/05\/malaysia.png","width":512,"height":512,"caption":"TalkPal Malaysia Flag"},{"@type":"BreadcrumbList","@id":"https:\/\/talkpal.ai\/sq\/gramatika-malajeze\/#breadcrumb","itemListElement":[{"@type":"ListItem","position":1,"name":"Homepage","item":"https:\/\/talkpal.ai\/sq\/"},{"@type":"ListItem","position":2,"name":"Gramatika malajeze"}]},{"@type":"WebSite","@id":"https:\/\/talkpal.ai\/sq\/#website","url":"https:\/\/talkpal.ai\/sq\/","name":"Talkpal","description":"AI Language Learning","publisher":{"@id":"https:\/\/talkpal.ai\/sq\/#organization"},"alternateName":"Talkpal AI","potentialAction":[{"@type":"SearchAction","target":{"@type":"EntryPoint","urlTemplate":"https:\/\/talkpal.ai\/sq\/?s={search_term_string}"},"query-input":{"@type":"PropertyValueSpecification","valueRequired":true,"valueName":"search_term_string"}}],"inLanguage":"sq-AL"},{"@type":"Organization","@id":"https:\/\/talkpal.ai\/sq\/#organization","name":"Talkpal, Inc.","alternateName":"Talkpal AI","url":"https:\/\/talkpal.ai\/sq\/","logo":{"@type":"ImageObject","inLanguage":"sq-AL","@id":"https:\/\/talkpal.ai\/sq\/#\/schema\/logo\/image\/","url":"https:\/\/talkpal.ai\/wp-content\/uploads\/2024\/03\/Talkpal-Logo-Icon.png","contentUrl":"https:\/\/talkpal.ai\/wp-content\/uploads\/2024\/03\/Talkpal-Logo-Icon.png","width":2880,"height":2880,"caption":"Talkpal, Inc."},"image":{"@id":"https:\/\/talkpal.ai\/sq\/#\/schema\/logo\/image\/"},"sameAs":["https:\/\/www.facebook.com\/profile.php?id=100090733639311","https:\/\/x.com\/talkpalai","https:\/\/www.linkedin.com\/company\/talkpal\/","https:\/\/www.youtube.com\/@TalkPal\/","https:\/\/www.tiktok.com\/@talkpal","https:\/\/www.instagram.com\/talkpal_ai\/","https:\/\/www.crunchbase.com\/organization\/talkpal-9cde","https:\/\/www.g2.com\/products\/talkpal-for-business\/","https:\/\/www.trustpilot.com\/review\/talkpal.ai","https:\/\/www.capterra.com\/p\/10006800\/TalkPal\/"],"description":"Talkpal is a language learning web and mobile education app, powered by the latest AI technologies, that provides engaging experiences to its customers in many different languages to help them improve their language skills. Users can chat about unlimited amount of topics with the app and use other modes to practice their language learning.","email":"support@talkpal.ai","legalName":"Talkpal, Inc.","foundingDate":"2023-04-03","duns":"118989042","numberOfEmployees":{"@type":"QuantitativeValue","minValue":"11","maxValue":"50"},"publishingPrinciples":"https:\/\/talkpal.ai\/publishing-principles\/","actionableFeedbackPolicy":"https:\/\/talkpal.ai\/actionable-feedback-policy\/","correctionsPolicy":"https:\/\/talkpal.ai\/corrections-policy\/","ethicsPolicy":"https:\/\/talkpal.ai\/ethics-policy\/","diversityPolicy":"https:\/\/talkpal.ai\/diversity-policy\/","diversityStaffingReport":"https:\/\/talkpal.ai\/diversity-policy\/"}]}},"_links":{"self":[{"href":"https:\/\/talkpal.ai\/sq\/wp-json\/wp\/v2\/pages\/1442860","targetHints":{"allow":["GET"]}}],"collection":[{"href":"https:\/\/talkpal.ai\/sq\/wp-json\/wp\/v2\/pages"}],"about":[{"href":"https:\/\/talkpal.ai\/sq\/wp-json\/wp\/v2\/types\/page"}],"author":[{"embeddable":true,"href":"https:\/\/talkpal.ai\/sq\/wp-json\/wp\/v2\/users\/1"}],"replies":[{"embeddable":true,"href":"https:\/\/talkpal.ai\/sq\/wp-json\/wp\/v2\/comments?post=1442860"}],"version-history":[{"count":0,"href":"https:\/\/talkpal.ai\/sq\/wp-json\/wp\/v2\/pages\/1442860\/revisions"}],"wp:featuredmedia":[{"embeddable":true,"href":"https:\/\/talkpal.ai\/sq\/wp-json\/wp\/v2\/media\/1442862"}],"wp:attachment":[{"href":"https:\/\/talkpal.ai\/sq\/wp-json\/wp\/v2\/media?parent=1442860"}],"curies":[{"name":"wp","href":"https:\/\/api.w.org\/{rel}","templated":true}]}}