{"id":1442855,"date":"2023-05-14T14:09:11","date_gmt":"2023-05-14T14:09:11","guid":{"rendered":"https:\/\/talkpal.ai\/gramatika-islandeze\/"},"modified":"2025-12-12T10:41:31","modified_gmt":"2025-12-12T10:41:31","slug":"gramatika-islandeze","status":"publish","type":"page","link":"https:\/\/talkpal.ai\/sq\/gramatika-islandeze\/","title":{"rendered":"Gramatika islandeze"},"content":{"rendered":"\r\n\r\n\r\n<section class=\"languageChallengeSection\">\r\n    <div class=\"languageInfoWrapper\">\r\n        \r\n        <h1>Gramatika islandeze<\/h1>\r\n        <p>Eksploroni struktur\u00ebn magjeps\u00ebse t\u00eb islandishtes duke m\u00ebsuar rregullat e saj themelore gramatikore. Zot\u00ebrimi i gramatik\u00ebs <a href=\"https:\/\/talkpal.ai\/learn-icelandic\/\">islandeze<\/a> do t&#039;ju ndihmoj\u00eb t\u00eb komunikoni n\u00eb m\u00ebnyr\u00eb efektive dhe t\u00eb lidheni m\u00eb thell\u00eb me kultur\u00ebn dhe historin\u00eb unike t\u00eb Island\u00ebs. Filloni t\u00eb m\u00ebsoni gramatik\u00ebn islandeze sot dhe hidhni hapin tuaj t\u00eb par\u00eb drejt rrjedhshm\u00ebris\u00eb!<\/p>\r\n\r\n                            <a class=\"getStartedHidden\" href=\"https:\/\/app.talkpal.ai\/signup?lng=\">Filloni<\/a>\r\n        \r\n    <\/div>\r\n\r\n    <figure>\r\n    <img decoding=\"async\" width=\"768\" height=\"768\" src=\"https:\/\/talkpal.ai\/wp-content\/uploads\/2023\/06\/Icelandic-768x768.png\" class=\"languageImage no-lazy\" alt=\"Language learning for better job opportunities\" fetchpriority=\"high\" sizes=\"(max-width: 768px) 150px, 768px\" srcset=\"https:\/\/talkpal.ai\/wp-content\/uploads\/2023\/06\/Icelandic-768x768.png 768w, https:\/\/talkpal.ai\/wp-content\/uploads\/2023\/06\/Icelandic-300x300.png 300w\" \/>\r\n    \r\n\r\n    <\/figure>\r\n\r\n            <a class=\"getStartedVisible\" href=\"https:\/\/app.talkpal.ai\/signup?lng=\">Filloni<\/a>\r\n    \r\n<\/section>\r\n<section class=\"promotionalBanner\">\r\n    <p class=\"promotionalText\">M\u00ebnyra m\u00eb efikase p\u00ebr t\u00eb m\u00ebsuar nj\u00eb gjuh\u00eb<\/p>\r\n    <a class=\"promotionalLink\" href=\"https:\/\/app.talkpal.ai\/signup?lng=\">Provoni Talkpal falas<\/a>\r\n<\/section>\n<div class=\"wp-block-group pageContainerStyle\"><div class=\"wp-block-group__inner-container is-layout-constrained wp-block-group-is-layout-constrained\">\n<h2 class=\"wp-block-heading\" id=\"h-the-magic-of-icelandic-grammar-unlocking-the-secrets-of-the-viking-tongue\">Magjia e gramatik\u00ebs islandeze: Zbulimi i sekreteve t\u00eb gjuh\u00ebs vikinge<\/h2>\n\n\n\n<h3 class=\"wp-block-heading\" id=\"h-introduction-icelandic-the-land-of-fire-and-ice\">Hyrje: Islandisht, Toka e Zjarrit dhe Akullit<\/h3>\n\n\n\n<p>Gjuha islandeze, e folur nga njer\u00ebzit e kombit ishullor mahnit\u00ebs t\u00eb Island\u00ebs, \u00ebsht\u00eb e njohur p\u00ebr historin\u00eb e saj t\u00eb pasur, tradit\u00ebn magjeps\u00ebse poetike dhe aft\u00ebsin\u00eb e jasht\u00ebzakonshme p\u00ebr t&#8217;u p\u00ebrshtatur dhe evoluar me koh\u00ebn. Me prejardhje nga norvegjishtja e vjet\u00ebr, islandishtja ka nj\u00eb bukuri t\u00eb ve\u00e7ant\u00eb q\u00eb magjeps adhuruesit e gjuh\u00ebs dhe poliglot\u00ebt aspirant\u00eb. Pra, lidhni rripat e sigurimit, njer\u00ebz! Ne jemi gati t\u00eb zhytemi n\u00eb bot\u00ebn e bukur dhe komplekse t\u00eb gramatik\u00ebs islandeze, duke zbuluar misteret e saj dhe duke zbuluar thesaret e saj t\u00eb fshehura gjat\u00eb rrug\u00ebs.<\/p>\n\n\n\n<h3 class=\"wp-block-heading\" id=\"h-1-runic-scripts-to-latin-alphabet-a-story-of-transformation\">1. Shkrimet runike n\u00eb alfabetin latin: Nj\u00eb histori transformimi<\/h3>\n\n\n\n<p>Alfabeti islandez \u00ebsht\u00eb nj\u00eb aventur\u00eb n\u00eb vetvete, e p\u00ebrb\u00ebr\u00eb nga 32 karaktere q\u00eb e kan\u00eb origjin\u00ebn nga rr\u00ebnj\u00eb t\u00eb ndryshme historike. Nd\u00ebrsa bazohet kryesisht n\u00eb shkrimin latin, alfabeti ruan disa karaktere dalluese nga shkrimi runik i paraardh\u00ebsve t\u00eb tij t\u00eb lasht\u00eb norvegjez\u00eb. Zot\u00ebrimi i k\u00ebtyre personazheve \u00ebsht\u00eb pengesa e par\u00eb n\u00eb m\u00ebsimin e gjuh\u00ebs, por me praktik\u00eb, ju do t\u00eb jeni mjesht\u00ebr n\u00eb nj\u00eb koh\u00eb t\u00eb shkurt\u00ebr!<\/p>\n\n\n\n<h3 class=\"wp-block-heading\" id=\"h-2-noun-mastery-getting-to-the-roots-of-icelandic-grammar\">2. Mjesht\u00ebria e emrit: Arritja n\u00eb rr\u00ebnj\u00ebt e gramatik\u00ebs islandeze<\/h3>\n\n\n\n<p>Nj\u00eb nga tiparet kryesore t\u00eb gramatik\u00ebs islandeze \u00ebsht\u00eb p\u00ebrkulja e emrave sipas gjinis\u00eb, numrit dhe rastit. Emrat islandez\u00eb mund t\u00eb jen\u00eb fem\u00ebror\u00eb, mashkullor\u00eb ose neutr\u00eb, dhe \u00e7do gjini vjen me grupin e saj unik t\u00eb rregullave p\u00ebr deformimin. Megjith\u00ebse kjo mund t\u00eb duket si nj\u00eb udh\u00ebtim gjuh\u00ebsor, kuptimi i k\u00ebtyre nd\u00ebrlikimeve \u00ebsht\u00eb thelb\u00ebsor p\u00ebr t\u00eb kuptuar gjuh\u00ebn n\u00eb t\u00ebr\u00ebsi. Njohurit\u00eb q\u00eb fitoni do t\u00eb hapin nj\u00eb bot\u00eb mund\u00ebsish p\u00ebr t\u00eb shprehur nj\u00eb s\u00ebr\u00eb kuptimesh delikate dhe komplekse \u2013 lavdia e v\u00ebrtet\u00eb e gramatik\u00ebs islandeze!<\/p>\n\n\n\n<h3 class=\"wp-block-heading\" id=\"h-3-the-mighty-verb-icelandic-s-unsung-hero\">3. Folja e fuqishme: Heroi i pak\u00ebnduar i islandishtes<\/h3>\n\n\n\n<p>Ashtu si emrat, foljet islandeze p\u00ebsojn\u00eb nj\u00eb transformim t\u00eb gjer\u00eb n\u00eb var\u00ebsi t\u00eb koh\u00ebs s\u00eb <a href=\"https:\/\/talkpal.ai\/locations\/language-courses-in-tyre\/\">tyre<\/a>, humorit dhe personit dhe numrit t\u00eb subjektit. Ky sistem i nd\u00ebrlikuar mund t\u00eb jet\u00eb i friksh\u00ebm n\u00eb fillim, por duroni me mua! Nd\u00ebrsa m\u00ebsoni modelet e rregullta dhe \u00e7udit\u00ebt e parregullta, do t\u00eb filloni t\u00eb shihni se sa elegant dhe i gjithansh\u00ebm mund t\u00eb jet\u00eb konjugimi i foljeve islandeze. Pushtimi i foljeve islandeze do t\u00eb zhbllokoj\u00eb fuqin\u00eb p\u00ebr t\u00eb shprehur mendimet, ndjenjat dhe veprimet me sakt\u00ebsi dhe kreativitet.<\/p>\n\n\n\n<h3 class=\"wp-block-heading\" id=\"h-4-word-order-icelandic-s-flexible-backbone\">4. Rendi i fjal\u00ebve: Shtylla kurrizore fleksib\u00ebl e islandishtes<\/h3>\n\n\n\n<p>Ndryshe nga ngurt\u00ebsia e disa element\u00ebve t\u00eb gramatik\u00ebs islandeze, gjuha ofron fleksibilitet n\u00eb renditjen e fjal\u00ebve. Kjo do t\u00eb thot\u00eb q\u00eb ju mund ta vendosni subjektin, foljen dhe objektin n\u00eb rregullime t\u00eb ndryshme p\u00ebr sa koh\u00eb q\u00eb ruani marr\u00ebveshjen n\u00eb gjini, num\u00ebr, raste dhe m\u00eb shum\u00eb \u2013 do t\u00eb \u00e7lironi artistin brenda jush! P\u00ebrshtatja e fjalive tuaja n\u00eb k\u00ebt\u00eb m\u00ebnyr\u00eb lozonjare mund t\u00eb ndihmoj\u00eb n\u00eb krijimin e theksit, nuancave dhe nj\u00eb toni bisedor, duke e b\u00ebr\u00eb fjalimin tuaj m\u00eb t\u00ebrheq\u00ebs dhe t\u00eb k\u00ebndsh\u00ebm.<\/p>\n\n\n\n<h3 class=\"wp-block-heading\" id=\"h-5-embrace-the-culture-discover-the-pulse-of-the-icelandic-language\">5. P\u00ebrqafoni kultur\u00ebn: Zbuloni pulsin e gjuh\u00ebs islandeze<\/h3>\n\n\n\n<p>Gjuha islandeze nuk mund t\u00eb ndahet nga rr\u00ebnj\u00ebt e saj kulturore, me lidhjet e saj t\u00eb forta me sagat, Eddas dhe historin\u00eb unike dhe bot\u00ebkuptimin e kombit. P\u00ebr t&#8217;u zhytur v\u00ebrtet n\u00eb gjuh\u00eb, p\u00ebrqafoni kontekstin e saj me gjith\u00eb zem\u00ebr. Zhytuni n\u00eb folklorin e tij, gllab\u00ebroni thesaret e tij letrare dhe angazhohuni me fol\u00ebsit amtare. Kjo qasje \u00ebsht\u00eb \u00e7el\u00ebsi p\u00ebr t\u00eb arritur aft\u00ebsin\u00eb gjuh\u00ebsore dhe nj\u00eb lidhje m\u00eb t\u00eb thell\u00eb me popullin islandez dhe trash\u00ebgimin\u00eb e tyre t\u00eb pasur kulturore.<\/p>\n\n\n\n<h3 class=\"wp-block-heading\" id=\"h-conclusion-an-icelandic-grammar-journey-worth-taking\">P\u00ebrfundim: Nj\u00eb udh\u00ebtim gramatikor islandez q\u00eb ia vlen t\u00eb nd\u00ebrmerret<\/h3>\n\n\n\n<p>Megjith\u00ebse <a href=\"https:\/\/talkpal.ai\/sq\/gramatika\/\">gramatika<\/a> islandeze mund t\u00eb duket si nj\u00eb sfid\u00eb e frikshme, shp\u00ebrblimet jan\u00eb t\u00eb bollshme p\u00ebr ata q\u00eb b\u00ebjn\u00eb hapin. Me k\u00ebmb\u00ebngulje, nj\u00eb interes t\u00eb mpreht\u00eb p\u00ebr kultur\u00ebn dhe nj\u00eb sp\u00ebrkatje bujare kurioziteti, do ta gjeni veten t\u00eb magjepsur nga nd\u00ebrlikimet e gjuh\u00ebs islandeze. Pra, bashkohuni me ne n\u00eb k\u00ebt\u00eb aventur\u00eb dhe zbuloni magjin\u00eb e gramatik\u00ebs islandeze, nj\u00eb hap emocionues n\u00eb t\u00eb nj\u00ebjt\u00ebn koh\u00eb.<\/p>\n<\/div><\/div>\n\r\n<section class=\"learnNavigationSection\">\r\n            \r\n        <a href=\"https:\/\/talkpal.ai\/sq\/mesoni-islandisht\/\">\r\n            <div class=\"learnNavigationWrapper\">\r\n                <div class=\"learnNavigationContent\">\r\n                    <img decoding=\"async\" src=\"https:\/\/talkpal.ai\/wp-content\/uploads\/2024\/08\/Icelandic.jpg\" alt=\"Iceland Flag\">\r\n                    <div>\r\n                        <h4>Rreth m\u00ebsimit islandez<\/h4>\r\n                        <p>M\u00ebsoni gjith\u00e7ka rreth gramatik\u00ebs islandeze.<\/p>\r\n                    <\/div>\r\n                <\/div>\r\n            <\/div>\r\n        <\/a>\r\n\r\n        \r\n        <a href=\"https:\/\/talkpal.ai\/sq\/ushtrime-gramatikore-islandeze\/\">\r\n            <div class=\"learnNavigationWrapper\">\r\n                <div class=\"learnNavigationContent\">\r\n                    <img decoding=\"async\" src=\"https:\/\/talkpal.ai\/wp-content\/uploads\/2024\/08\/Icelandic.jpg\" alt=\"Iceland Flag\">\r\n                    <div>\r\n                        <h4>Ushtrimi i gramatik\u00ebs islandeze<\/h4>\r\n                        <p>Praktikoni gramatik\u00ebn islandeze.<\/p>\r\n                    <\/div>\r\n                <\/div>\r\n            <\/div>\r\n        <\/a>\r\n\r\n        \r\n        <a href=\"https:\/\/talkpal.ai\/vocabulary_language\/icelandic\/\">\r\n            <div class=\"learnNavigationWrapper\">\r\n                <div class=\"learnNavigationContent\">\r\n                    <img decoding=\"async\" src=\"https:\/\/talkpal.ai\/wp-content\/uploads\/2024\/08\/Icelandic.jpg\" alt=\"Iceland Flag\">\r\n                    <div>\r\n                        <h4>Fjalori islandez<\/h4>\r\n                        <p>Zgjeroni fjalorin tuaj islandez.<\/p>\r\n                    <\/div>\r\n                <\/div>\r\n            <\/div>\r\n        <\/a>\r\n\r\n            <\/section>","protected":false},"excerpt":{"rendered":"<p>Magjia e gramatik\u00ebs islandeze: Zbulimi i sekreteve t\u00eb gjuh\u00ebs vikinge Hyrje: Islandisht, Toka e Zjarrit dhe Akullit Gjuha islandeze, e folur nga njer\u00ebzit e kombit ishullor mahnit\u00ebs t\u00eb Island\u00ebs, \u00ebsht\u00eb e njohur p\u00ebr historin\u00eb e saj t\u00eb pasur, tradit\u00ebn magjeps\u00ebse poetike dhe aft\u00ebsin\u00eb e jasht\u00ebzakonshme p\u00ebr t&#8217;u p\u00ebrshtatur dhe evoluar me koh\u00ebn. Me prejardhje nga [&hellip;]<\/p>\n","protected":false},"author":1,"featured_media":1442857,"parent":0,"menu_order":0,"comment_status":"closed","ping_status":"closed","template":"LearningContentPage.php","meta":{"_acf_changed":false,"footnotes":""},"class_list":["post-1442855","page","type-page","status-publish","has-post-thumbnail","hentry"],"acf":[],"yoast_head":"<!-- This site is optimized with the Yoast SEO Premium plugin v27.2 (Yoast SEO v27.2) - https:\/\/yoast.com\/product\/yoast-seo-premium-wordpress\/ -->\n<title>Gramatika islandeze - Talkpal<\/title>\n<meta name=\"description\" content=\"M\u00ebsoni qart\u00eb gramatik\u00ebn islandeze - kuptoni rregullat kryesore t\u00eb gramatik\u00ebs, formoni fjali t\u00eb sakta dhe rrisni besimin shpejt duke p\u00ebrdorur m\u00ebsimet e AI t\u00eb TalkPal.\" \/>\n<meta name=\"robots\" content=\"index, follow, max-snippet:-1, max-image-preview:large, max-video-preview:-1\" \/>\n<link rel=\"canonical\" href=\"https:\/\/talkpal.ai\/sq\/gramatika-islandeze\/\" \/>\n<meta property=\"og:locale\" content=\"sq_AL\" \/>\n<meta property=\"og:type\" content=\"article\" \/>\n<meta property=\"og:title\" content=\"Gramatika islandeze\" \/>\n<meta property=\"og:description\" content=\"Magjia e gramatik\u00ebs islandeze: Zbulimi i sekreteve t\u00eb gjuh\u00ebs vikinge Hyrje: Islandisht, Toka e Zjarrit dhe Akullit Gjuha islandeze, e folur nga njer\u00ebzit e\" \/>\n<meta property=\"og:url\" content=\"https:\/\/talkpal.ai\/sq\/gramatika-islandeze\/\" \/>\n<meta property=\"og:site_name\" content=\"Talkpal\" \/>\n<meta property=\"article:publisher\" content=\"https:\/\/www.facebook.com\/profile.php?id=100090733639311\" \/>\n<meta property=\"article:modified_time\" content=\"2025-12-12T10:41:31+00:00\" \/>\n<meta property=\"og:image\" content=\"https:\/\/talkpal.ai\/wp-content\/uploads\/2023\/05\/iceland.png\" \/>\n\t<meta property=\"og:image:width\" content=\"512\" \/>\n\t<meta property=\"og:image:height\" content=\"512\" \/>\n\t<meta property=\"og:image:type\" content=\"image\/png\" \/>\n<meta name=\"twitter:card\" content=\"summary_large_image\" \/>\n<meta name=\"twitter:site\" content=\"@talkpalai\" \/>\n<meta name=\"twitter:label1\" content=\"Est. reading time\" \/>\n\t<meta name=\"twitter:data1\" content=\"4 minutes\" \/>\n<script type=\"application\/ld+json\" class=\"yoast-schema-graph\">{\"@context\":\"https:\/\/schema.org\",\"@graph\":[{\"@type\":\"WebPage\",\"@id\":\"https:\/\/talkpal.ai\/sq\/gramatika-islandeze\/\",\"url\":\"https:\/\/talkpal.ai\/sq\/gramatika-islandeze\/\",\"name\":\"Gramatika islandeze - Talkpal\",\"isPartOf\":{\"@id\":\"https:\/\/talkpal.ai\/sq\/#website\"},\"primaryImageOfPage\":{\"@id\":\"https:\/\/talkpal.ai\/sq\/gramatika-islandeze\/#primaryimage\"},\"image\":{\"@id\":\"https:\/\/talkpal.ai\/sq\/gramatika-islandeze\/#primaryimage\"},\"thumbnailUrl\":\"https:\/\/talkpal.ai\/wp-content\/uploads\/2023\/05\/iceland.png\",\"datePublished\":\"2023-05-14T14:09:11+00:00\",\"dateModified\":\"2025-12-12T10:41:31+00:00\",\"description\":\"M\u00ebsoni qart\u00eb gramatik\u00ebn islandeze - kuptoni rregullat kryesore t\u00eb gramatik\u00ebs, formoni fjali t\u00eb sakta dhe rrisni besimin shpejt duke p\u00ebrdorur m\u00ebsimet e AI t\u00eb TalkPal.\",\"breadcrumb\":{\"@id\":\"https:\/\/talkpal.ai\/sq\/gramatika-islandeze\/#breadcrumb\"},\"inLanguage\":\"sq-AL\",\"potentialAction\":[{\"@type\":\"ReadAction\",\"target\":[\"https:\/\/talkpal.ai\/sq\/gramatika-islandeze\/\"]}]},{\"@type\":\"ImageObject\",\"inLanguage\":\"sq-AL\",\"@id\":\"https:\/\/talkpal.ai\/sq\/gramatika-islandeze\/#primaryimage\",\"url\":\"https:\/\/talkpal.ai\/wp-content\/uploads\/2023\/05\/iceland.png\",\"contentUrl\":\"https:\/\/talkpal.ai\/wp-content\/uploads\/2023\/05\/iceland.png\",\"width\":512,\"height\":512,\"caption\":\"TalkPal Iceland Flag\"},{\"@type\":\"BreadcrumbList\",\"@id\":\"https:\/\/talkpal.ai\/sq\/gramatika-islandeze\/#breadcrumb\",\"itemListElement\":[{\"@type\":\"ListItem\",\"position\":1,\"name\":\"Homepage\",\"item\":\"https:\/\/talkpal.ai\/sq\/\"},{\"@type\":\"ListItem\",\"position\":2,\"name\":\"Gramatika islandeze\"}]},{\"@type\":\"WebSite\",\"@id\":\"https:\/\/talkpal.ai\/sq\/#website\",\"url\":\"https:\/\/talkpal.ai\/sq\/\",\"name\":\"Talkpal\",\"description\":\"AI Language Learning\",\"publisher\":{\"@id\":\"https:\/\/talkpal.ai\/sq\/#organization\"},\"alternateName\":\"Talkpal AI\",\"potentialAction\":[{\"@type\":\"SearchAction\",\"target\":{\"@type\":\"EntryPoint\",\"urlTemplate\":\"https:\/\/talkpal.ai\/sq\/?s={search_term_string}\"},\"query-input\":{\"@type\":\"PropertyValueSpecification\",\"valueRequired\":true,\"valueName\":\"search_term_string\"}}],\"inLanguage\":\"sq-AL\"},{\"@type\":\"Organization\",\"@id\":\"https:\/\/talkpal.ai\/sq\/#organization\",\"name\":\"Talkpal, Inc.\",\"alternateName\":\"Talkpal AI\",\"url\":\"https:\/\/talkpal.ai\/sq\/\",\"logo\":{\"@type\":\"ImageObject\",\"inLanguage\":\"sq-AL\",\"@id\":\"https:\/\/talkpal.ai\/sq\/#\/schema\/logo\/image\/\",\"url\":\"https:\/\/talkpal.ai\/wp-content\/uploads\/2024\/03\/Talkpal-Logo-Icon.png\",\"contentUrl\":\"https:\/\/talkpal.ai\/wp-content\/uploads\/2024\/03\/Talkpal-Logo-Icon.png\",\"width\":2880,\"height\":2880,\"caption\":\"Talkpal, Inc.\"},\"image\":{\"@id\":\"https:\/\/talkpal.ai\/sq\/#\/schema\/logo\/image\/\"},\"sameAs\":[\"https:\/\/www.facebook.com\/profile.php?id=100090733639311\",\"https:\/\/x.com\/talkpalai\",\"https:\/\/www.linkedin.com\/company\/talkpal\/\",\"https:\/\/www.youtube.com\/@TalkPal\/\",\"https:\/\/www.tiktok.com\/@talkpal\",\"https:\/\/www.instagram.com\/talkpal_ai\/\",\"https:\/\/www.crunchbase.com\/organization\/talkpal-9cde\",\"https:\/\/www.g2.com\/products\/talkpal-for-business\/\",\"https:\/\/www.trustpilot.com\/review\/talkpal.ai\",\"https:\/\/www.capterra.com\/p\/10006800\/TalkPal\/\"],\"description\":\"Talkpal is a language learning web and mobile education app, powered by the latest AI technologies, that provides engaging experiences to its customers in many different languages to help them improve their language skills. Users can chat about unlimited amount of topics with the app and use other modes to practice their language learning.\",\"email\":\"support@talkpal.ai\",\"legalName\":\"Talkpal, Inc.\",\"foundingDate\":\"2023-04-03\",\"duns\":\"118989042\",\"numberOfEmployees\":{\"@type\":\"QuantitativeValue\",\"minValue\":\"11\",\"maxValue\":\"50\"},\"publishingPrinciples\":\"https:\/\/talkpal.ai\/publishing-principles\/\",\"actionableFeedbackPolicy\":\"https:\/\/talkpal.ai\/actionable-feedback-policy\/\",\"correctionsPolicy\":\"https:\/\/talkpal.ai\/corrections-policy\/\",\"ethicsPolicy\":\"https:\/\/talkpal.ai\/ethics-policy\/\",\"diversityPolicy\":\"https:\/\/talkpal.ai\/diversity-policy\/\",\"diversityStaffingReport\":\"https:\/\/talkpal.ai\/diversity-policy\/\"}]}<\/script>\n<!-- \/ Yoast SEO Premium plugin. -->","yoast_head_json":{"title":"Gramatika islandeze - Talkpal","description":"M\u00ebsoni qart\u00eb gramatik\u00ebn islandeze - kuptoni rregullat kryesore t\u00eb gramatik\u00ebs, formoni fjali t\u00eb sakta dhe rrisni besimin shpejt duke p\u00ebrdorur m\u00ebsimet e AI t\u00eb TalkPal.","robots":{"index":"index","follow":"follow","max-snippet":"max-snippet:-1","max-image-preview":"max-image-preview:large","max-video-preview":"max-video-preview:-1"},"canonical":"https:\/\/talkpal.ai\/sq\/gramatika-islandeze\/","og_locale":"sq_AL","og_type":"article","og_title":"Gramatika islandeze","og_description":"Magjia e gramatik\u00ebs islandeze: Zbulimi i sekreteve t\u00eb gjuh\u00ebs vikinge Hyrje: Islandisht, Toka e Zjarrit dhe Akullit Gjuha islandeze, e folur nga njer\u00ebzit e","og_url":"https:\/\/talkpal.ai\/sq\/gramatika-islandeze\/","og_site_name":"Talkpal","article_publisher":"https:\/\/www.facebook.com\/profile.php?id=100090733639311","article_modified_time":"2025-12-12T10:41:31+00:00","og_image":[{"width":512,"height":512,"url":"https:\/\/talkpal.ai\/wp-content\/uploads\/2023\/05\/iceland.png","type":"image\/png"}],"twitter_card":"summary_large_image","twitter_site":"@talkpalai","twitter_misc":{"Est. reading time":"4 minutes"},"schema":{"@context":"https:\/\/schema.org","@graph":[{"@type":"WebPage","@id":"https:\/\/talkpal.ai\/sq\/gramatika-islandeze\/","url":"https:\/\/talkpal.ai\/sq\/gramatika-islandeze\/","name":"Gramatika islandeze - Talkpal","isPartOf":{"@id":"https:\/\/talkpal.ai\/sq\/#website"},"primaryImageOfPage":{"@id":"https:\/\/talkpal.ai\/sq\/gramatika-islandeze\/#primaryimage"},"image":{"@id":"https:\/\/talkpal.ai\/sq\/gramatika-islandeze\/#primaryimage"},"thumbnailUrl":"https:\/\/talkpal.ai\/wp-content\/uploads\/2023\/05\/iceland.png","datePublished":"2023-05-14T14:09:11+00:00","dateModified":"2025-12-12T10:41:31+00:00","description":"M\u00ebsoni qart\u00eb gramatik\u00ebn islandeze - kuptoni rregullat kryesore t\u00eb gramatik\u00ebs, formoni fjali t\u00eb sakta dhe rrisni besimin shpejt duke p\u00ebrdorur m\u00ebsimet e AI t\u00eb TalkPal.","breadcrumb":{"@id":"https:\/\/talkpal.ai\/sq\/gramatika-islandeze\/#breadcrumb"},"inLanguage":"sq-AL","potentialAction":[{"@type":"ReadAction","target":["https:\/\/talkpal.ai\/sq\/gramatika-islandeze\/"]}]},{"@type":"ImageObject","inLanguage":"sq-AL","@id":"https:\/\/talkpal.ai\/sq\/gramatika-islandeze\/#primaryimage","url":"https:\/\/talkpal.ai\/wp-content\/uploads\/2023\/05\/iceland.png","contentUrl":"https:\/\/talkpal.ai\/wp-content\/uploads\/2023\/05\/iceland.png","width":512,"height":512,"caption":"TalkPal Iceland Flag"},{"@type":"BreadcrumbList","@id":"https:\/\/talkpal.ai\/sq\/gramatika-islandeze\/#breadcrumb","itemListElement":[{"@type":"ListItem","position":1,"name":"Homepage","item":"https:\/\/talkpal.ai\/sq\/"},{"@type":"ListItem","position":2,"name":"Gramatika islandeze"}]},{"@type":"WebSite","@id":"https:\/\/talkpal.ai\/sq\/#website","url":"https:\/\/talkpal.ai\/sq\/","name":"Talkpal","description":"AI Language Learning","publisher":{"@id":"https:\/\/talkpal.ai\/sq\/#organization"},"alternateName":"Talkpal AI","potentialAction":[{"@type":"SearchAction","target":{"@type":"EntryPoint","urlTemplate":"https:\/\/talkpal.ai\/sq\/?s={search_term_string}"},"query-input":{"@type":"PropertyValueSpecification","valueRequired":true,"valueName":"search_term_string"}}],"inLanguage":"sq-AL"},{"@type":"Organization","@id":"https:\/\/talkpal.ai\/sq\/#organization","name":"Talkpal, Inc.","alternateName":"Talkpal AI","url":"https:\/\/talkpal.ai\/sq\/","logo":{"@type":"ImageObject","inLanguage":"sq-AL","@id":"https:\/\/talkpal.ai\/sq\/#\/schema\/logo\/image\/","url":"https:\/\/talkpal.ai\/wp-content\/uploads\/2024\/03\/Talkpal-Logo-Icon.png","contentUrl":"https:\/\/talkpal.ai\/wp-content\/uploads\/2024\/03\/Talkpal-Logo-Icon.png","width":2880,"height":2880,"caption":"Talkpal, Inc."},"image":{"@id":"https:\/\/talkpal.ai\/sq\/#\/schema\/logo\/image\/"},"sameAs":["https:\/\/www.facebook.com\/profile.php?id=100090733639311","https:\/\/x.com\/talkpalai","https:\/\/www.linkedin.com\/company\/talkpal\/","https:\/\/www.youtube.com\/@TalkPal\/","https:\/\/www.tiktok.com\/@talkpal","https:\/\/www.instagram.com\/talkpal_ai\/","https:\/\/www.crunchbase.com\/organization\/talkpal-9cde","https:\/\/www.g2.com\/products\/talkpal-for-business\/","https:\/\/www.trustpilot.com\/review\/talkpal.ai","https:\/\/www.capterra.com\/p\/10006800\/TalkPal\/"],"description":"Talkpal is a language learning web and mobile education app, powered by the latest AI technologies, that provides engaging experiences to its customers in many different languages to help them improve their language skills. Users can chat about unlimited amount of topics with the app and use other modes to practice their language learning.","email":"support@talkpal.ai","legalName":"Talkpal, Inc.","foundingDate":"2023-04-03","duns":"118989042","numberOfEmployees":{"@type":"QuantitativeValue","minValue":"11","maxValue":"50"},"publishingPrinciples":"https:\/\/talkpal.ai\/publishing-principles\/","actionableFeedbackPolicy":"https:\/\/talkpal.ai\/actionable-feedback-policy\/","correctionsPolicy":"https:\/\/talkpal.ai\/corrections-policy\/","ethicsPolicy":"https:\/\/talkpal.ai\/ethics-policy\/","diversityPolicy":"https:\/\/talkpal.ai\/diversity-policy\/","diversityStaffingReport":"https:\/\/talkpal.ai\/diversity-policy\/"}]}},"_links":{"self":[{"href":"https:\/\/talkpal.ai\/sq\/wp-json\/wp\/v2\/pages\/1442855","targetHints":{"allow":["GET"]}}],"collection":[{"href":"https:\/\/talkpal.ai\/sq\/wp-json\/wp\/v2\/pages"}],"about":[{"href":"https:\/\/talkpal.ai\/sq\/wp-json\/wp\/v2\/types\/page"}],"author":[{"embeddable":true,"href":"https:\/\/talkpal.ai\/sq\/wp-json\/wp\/v2\/users\/1"}],"replies":[{"embeddable":true,"href":"https:\/\/talkpal.ai\/sq\/wp-json\/wp\/v2\/comments?post=1442855"}],"version-history":[{"count":0,"href":"https:\/\/talkpal.ai\/sq\/wp-json\/wp\/v2\/pages\/1442855\/revisions"}],"wp:featuredmedia":[{"embeddable":true,"href":"https:\/\/talkpal.ai\/sq\/wp-json\/wp\/v2\/media\/1442857"}],"wp:attachment":[{"href":"https:\/\/talkpal.ai\/sq\/wp-json\/wp\/v2\/media?parent=1442855"}],"curies":[{"name":"wp","href":"https:\/\/api.w.org\/{rel}","templated":true}]}}