{"id":1442854,"date":"2023-05-14T14:10:42","date_gmt":"2023-05-14T14:10:42","guid":{"rendered":"https:\/\/talkpal.ai\/gramatika-lituaneze\/"},"modified":"2025-12-12T10:52:54","modified_gmt":"2025-12-12T10:52:54","slug":"gramatika-lituaneze","status":"publish","type":"page","link":"https:\/\/talkpal.ai\/sq\/gramatika-lituaneze\/","title":{"rendered":"Gramatika lituaneze"},"content":{"rendered":"\r\n\r\n\r\n<section class=\"languageChallengeSection\">\r\n    <div class=\"languageInfoWrapper\">\r\n        \r\n        <h1>Gramatika lituaneze<\/h1>\r\n        <p>Filloni udh\u00ebtimin tuaj n\u00eb gramatik\u00ebn lituaneze dhe zbuloni nj\u00eb nga gjuh\u00ebt m\u00eb t\u00eb vjetra dhe magjeps\u00ebse n\u00eb Evrop\u00eb. M\u00ebsoni rregulla dhe modele thelb\u00ebsore p\u00ebr t\u00eb nd\u00ebrtuar nj\u00eb baz\u00eb t\u00eb fort\u00eb gjuh\u00ebsore. Zhytuni tani dhe filloni t\u00eb zot\u00ebroni lituanishten sot!<\/p>\r\n\r\n                            <a class=\"getStartedHidden\" href=\"https:\/\/app.talkpal.ai\/signup?lng=\">Filloni<\/a>\r\n        \r\n    <\/div>\r\n\r\n    <figure>\r\n    <img decoding=\"async\" width=\"768\" height=\"768\" src=\"https:\/\/talkpal.ai\/wp-content\/uploads\/2023\/06\/lithuenian-768x768.png\" class=\"languageImage no-lazy\" alt=\"Language learning for boosting creativity\" fetchpriority=\"high\" sizes=\"(max-width: 768px) 150px, 768px\" srcset=\"https:\/\/talkpal.ai\/wp-content\/uploads\/2023\/06\/lithuenian-768x768.png 768w, https:\/\/talkpal.ai\/wp-content\/uploads\/2023\/06\/lithuenian-300x300.png 300w\" \/>\r\n    \r\n\r\n    <\/figure>\r\n\r\n            <a class=\"getStartedVisible\" href=\"https:\/\/app.talkpal.ai\/signup?lng=\">Filloni<\/a>\r\n    \r\n<\/section>\r\n<section class=\"promotionalBanner\">\r\n    <p class=\"promotionalText\">M\u00ebnyra m\u00eb efikase p\u00ebr t\u00eb m\u00ebsuar nj\u00eb gjuh\u00eb<\/p>\r\n    <a class=\"promotionalLink\" href=\"https:\/\/app.talkpal.ai\/signup?lng=\">Provoni Talkpal falas<\/a>\r\n<\/section>\n<div class=\"wp-block-group pageContainerStyle\"><div class=\"wp-block-group__inner-container is-layout-constrained wp-block-group-is-layout-constrained\">\n<h2 class=\"wp-block-heading\" id=\"h-lithuanian-grammar-a-fascinating-journey-through-language\">Gramatika lituaneze: Nj\u00eb udh\u00ebtim magjeps\u00ebs n\u00ebp\u00ebr gjuh\u00eb<\/h2>\n\n\n\n<p>A keni menduar ndonj\u00ebher\u00eb t\u00eb m\u00ebsoni <a href=\"https:\/\/talkpal.ai\/learn-lithuanian\/\">lituanisht<\/a> apo thjesht e keni gjetur veten t\u00eb intriguar nga <a href=\"https:\/\/talkpal.ai\/sq\/gramatika\/\">gramatika<\/a> e saj unike? Epo, ju jeni n\u00eb nj\u00eb k\u00ebnaq\u00ebsi! <a href=\"https:\/\/talkpal.ai\/sq\/gramatika\/\">Gramatika<\/a> lituaneze mund t\u00eb duket e ve\u00e7ant\u00eb n\u00eb fillim, por mos b\u00ebni gabim \u2013 ajo shfaq logjik\u00eb t\u00eb holl\u00eb gjuh\u00ebsore. N\u00eb k\u00ebt\u00eb artikull, ne do t\u00eb shpalosim aspekte t\u00eb ndryshme t\u00eb gramatik\u00ebs lituaneze, duke ju fuqizuar t\u00eb vler\u00ebsoni hijeshin\u00eb e saj.<\/p>\n\n\n\n<p>S\u00eb pari, nj\u00eb sfond i shkurt\u00ebr: Lituanishtja \u00ebsht\u00eb nj\u00eb gjuh\u00eb baltike q\u00eb flitet kryesisht n\u00eb Lituani, por gjithashtu haset n\u00eb vendet fqinje. Si nj\u00eb nga gjuh\u00ebt m\u00eb t\u00eb vjetra t\u00eb gjalla indo-evropiane, ajo ruan ve\u00e7ori arkaike, duke dh\u00ebn\u00eb nj\u00eb pasqyr\u00eb t\u00eb zhvillimit t\u00eb gjuh\u00ebve t\u00eb tjera brenda familjes gjuh\u00ebsore. Kjo r\u00ebnd\u00ebsi historike e b\u00ebn lituanishten ve\u00e7an\u00ebrisht magjeps\u00ebse p\u00ebr adhuruesit e gjuh\u00ebs.<\/p>\n\n\n\n<p>Le t\u00eb thellohemi tani n\u00eb disa aspekte ky\u00e7e t\u00eb gramatik\u00ebs lituaneze.<\/p>\n\n\n\n<h3 class=\"wp-block-heading\" id=\"h-1-nouns-cases-and-declensions\">1. Emrat, rastet dhe deformimet<\/h3>\n\n\n\n<p>Nj\u00eb nga tiparet m\u00eb t\u00eb spikatura t\u00eb gramatik\u00ebs lituaneze \u00ebsht\u00eb sistemi i saj i nd\u00ebrlikuar i rasteve. Emrat marrin forma t\u00eb ndryshme n\u00eb var\u00ebsi t\u00eb funksionit t\u00eb <a href=\"https:\/\/talkpal.ai\/locations\/language-courses-in-tyre\/\">tyre<\/a> n\u00eb nj\u00eb fjali dhe n\u00ebse pasqyrojn\u00eb subjektin, objektin ose marr\u00ebsin e nj\u00eb veprimi. Lituanishtja ka shtat\u00eb raste: nominative, gjenitive, dative, akuzative, instrumentale, lokative dhe vokative.<\/p>\n\n\n\n<p>Merrni emrin &#8220;vaikas&#8221; (f\u00ebmij\u00eb) si shembull. Mund t\u00eb shnd\u00ebrrohet n\u00eb &#8220;vaiko&#8221;, &#8220;vaikui&#8221;, &#8220;vaik\u0105&#8221; dhe k\u00ebshtu me radh\u00eb bazuar n\u00eb rolin q\u00eb luan brenda nj\u00eb fjalie. P\u00ebr m\u00eb tep\u00ebr, mbaresat ndikohen nga gjinia e emrit (mashkullore ose fem\u00ebrore) dhe ndahen m\u00eb tej n\u00eb deklasione, duke e b\u00ebr\u00eb gjuh\u00ebn edhe m\u00eb t\u00eb gjithanshme.<\/p>\n\n\n\n<h3 class=\"wp-block-heading\" id=\"h-2-verb-conjugation-and-tenses\">2. Konjugimi i foljeve dhe koh\u00ebt<\/h3>\n\n\n\n<p>Foljet lituaneze ndryshojn\u00eb mbaresat e tyre n\u00eb var\u00ebsi t\u00eb personit dhe numrit (nj\u00ebj\u00ebs ose shum\u00ebs) t\u00eb subjektit. P\u00ebr shembull, folja &#8220;eiti&#8221; (t\u00eb shkoj\u00eb) mund t\u00eb b\u00ebhet &#8220;einu&#8221; (shkoj), &#8220;einate&#8221; (ti -shum\u00ebs- shko), &#8220;eina&#8221; (ata shkojn\u00eb), nd\u00ebr forma t\u00eb tjera.<\/p>\n\n\n\n<p>Lituanishtja ka kat\u00ebr koh\u00eb kryesore: e tashmja, e kaluara, e kaluara p\u00ebrs\u00ebrit\u00ebse dhe e ardhmja. \u00cbsht\u00eb interesante se gjuha p\u00ebrmban edhe sh\u00ebnues aspekti: perfekt dhe jop\u00ebrsosur. K\u00ebta sh\u00ebnues ofrojn\u00eb informacion shtes\u00eb n\u00ebse nj\u00eb veprim \u00ebsht\u00eb i p\u00ebrfunduar ose n\u00eb vazhdim. P\u00ebr shembull, &#8220;ne\u0161ti&#8221; (t\u00eb mbash \u2013 t\u00eb pap\u00ebrsosur) kundrejt &#8220;nat&#8221; (t\u00eb kesh mbajtur \u2013 t\u00eb p\u00ebrsosur).<\/p>\n\n\n\n<h3 class=\"wp-block-heading\" id=\"h-3-sentence-structure-and-word-order\">3. Struktura e fjalis\u00eb dhe rendi i fjal\u00ebve<\/h3>\n\n\n\n<p>Megjith\u00ebse lituanishtja n\u00eb p\u00ebrgjith\u00ebsi ndjek rendin e fjal\u00ebve SVO (subjekt-folje-objekt), sistemi i saj i rasteve lejon fleksibilitet t\u00eb konsideruesh\u00ebm. Ndryshe nga anglishtja, ku rendi i fjal\u00ebve zakonisht p\u00ebrcakton kuptimin e nj\u00eb fjalie, l\u00ebvizja e fjal\u00ebve n\u00eb lituanisht nuk e ndryshon kuptimin. P\u00ebr shembull, &#8220;kat\u0117 valgo \u017euv\u012f&#8221; (macja ha peshkun) mund t\u00eb jet\u00eb gjithashtu &#8220;\u017euv\u012f valgo kat\u0117&#8221; pa humbur ose ndryshuar kuptimin e tij.<\/p>\n\n\n\n<p>Ky fleksibilitet ju lejon t\u00eb luani me struktur\u00ebn e fjalis\u00eb, t\u00eb theksoni element\u00eb t\u00eb caktuar ose t\u00eb gjeneroni nuanca nd\u00ebrsa b\u00ebheni m\u00eb t\u00eb aft\u00eb n\u00eb gjuh\u00eb.<\/p>\n\n\n\n<h3 class=\"wp-block-heading\" id=\"h-4-adjectives-adverbs-and-agreement-rules\">4. Mbiemra, ndajfolje dhe rregulla t\u00eb marr\u00ebveshjes<\/h3>\n\n\n\n<p>Ashtu si shum\u00eb gjuh\u00eb, mbiemrat dhe ndajfoljet n\u00eb lituanisht p\u00ebrshkruajn\u00eb emra dhe folje, por ato gjithashtu ndjekin rregulla specifike t\u00eb marr\u00ebveshjes. N\u00eb ve\u00e7anti, mbiemrat duhet t\u00eb pajtohen me emrin q\u00eb modifikojn\u00eb n\u00eb rast, gjini dhe num\u00ebr. Pasi t\u00eb kuptoni rastet e emrave dhe konjugimet e foljeve, k\u00ebto rregulla do t\u00eb vijn\u00eb m\u00eb natyrsh\u00ebm.<\/p>\n\n\n\n<p>Pra, a jeni t\u00eb p\u00ebrgatitur t\u00eb zhyteni n\u00eb gramatik\u00ebn lituaneze? Me k\u00ebmb\u00ebngulje, p\u00ebrkushtim dhe burime t\u00eb duhura, m\u00ebsimi i lituanishtes &#8211; i pasur me histori dhe trash\u00ebgimi kulturore &#8211; \u00ebsht\u00eb nj\u00eb p\u00ebrvoj\u00eb jasht\u00ebzakonisht shp\u00ebrblyese. Trajtoni gjuh\u00ebn hap pas hapi, praktikoni vazhdimisht dhe q\u00ebndroni t\u00eb hapur p\u00ebr t\u00eb m\u00ebsuar nga gabimet tuaja. S\u0117km\u0117s! (Pa\u00e7 fat!)<\/p>\n<\/div><\/div>\n\r\n<section class=\"learnNavigationSection\">\r\n            \r\n        <a href=\"https:\/\/talkpal.ai\/sq\/meso-lituanisht\/\">\r\n            <div class=\"learnNavigationWrapper\">\r\n                <div class=\"learnNavigationContent\">\r\n                    <img decoding=\"async\" src=\"https:\/\/talkpal.ai\/wp-content\/uploads\/2024\/08\/Lithuanian.jpg\" alt=\"Lithuanian Flag\">\r\n                    <div>\r\n                        <h4>Rreth t\u00eb m\u00ebsuarit lituanez<\/h4>\r\n                        <p>M\u00ebsoni gjith\u00e7ka rreth gramatik\u00ebs lituaneze.<\/p>\r\n                    <\/div>\r\n                <\/div>\r\n            <\/div>\r\n        <\/a>\r\n\r\n        \r\n        <a href=\"https:\/\/talkpal.ai\/sq\/ushtrime-gramatikore-lituaneze\/\">\r\n            <div class=\"learnNavigationWrapper\">\r\n                <div class=\"learnNavigationContent\">\r\n                    <img decoding=\"async\" src=\"https:\/\/talkpal.ai\/wp-content\/uploads\/2024\/08\/Lithuanian.jpg\" alt=\"Lithuanian Flag\">\r\n                    <div>\r\n                        <h4>Ushtrimi i gramatik\u00ebs lituaneze<\/h4>\r\n                        <p>Praktikoni gramatik\u00ebn lituaneze.<\/p>\r\n                    <\/div>\r\n                <\/div>\r\n            <\/div>\r\n        <\/a>\r\n\r\n        \r\n        <a href=\"https:\/\/talkpal.ai\/vocabulary_language\/lithuanian\/\">\r\n            <div class=\"learnNavigationWrapper\">\r\n                <div class=\"learnNavigationContent\">\r\n                    <img decoding=\"async\" src=\"https:\/\/talkpal.ai\/wp-content\/uploads\/2024\/08\/Lithuanian.jpg\" alt=\"Lithuanian Flag\">\r\n                    <div>\r\n                        <h4>Fjalori lituanez<\/h4>\r\n                        <p>Zgjeroni fjalorin tuaj lituanez.<\/p>\r\n                    <\/div>\r\n                <\/div>\r\n            <\/div>\r\n        <\/a>\r\n\r\n            <\/section>","protected":false},"excerpt":{"rendered":"<p>Gramatika lituaneze: Nj\u00eb udh\u00ebtim magjeps\u00ebs n\u00ebp\u00ebr gjuh\u00eb A keni menduar ndonj\u00ebher\u00eb t\u00eb m\u00ebsoni lituanisht apo thjesht e keni gjetur veten t\u00eb intriguar nga gramatika e saj unike? Epo, ju jeni n\u00eb nj\u00eb k\u00ebnaq\u00ebsi! Gramatika lituaneze mund t\u00eb duket e ve\u00e7ant\u00eb n\u00eb fillim, por mos b\u00ebni gabim \u2013 ajo shfaq logjik\u00eb t\u00eb holl\u00eb gjuh\u00ebsore. N\u00eb k\u00ebt\u00eb [&hellip;]<\/p>\n","protected":false},"author":1,"featured_media":1442856,"parent":0,"menu_order":0,"comment_status":"closed","ping_status":"closed","template":"LearningContentPage.php","meta":{"_acf_changed":false,"footnotes":""},"class_list":["post-1442854","page","type-page","status-publish","has-post-thumbnail","hentry"],"acf":[],"yoast_head":"<!-- This site is optimized with the Yoast SEO Premium plugin v27.2 (Yoast SEO v27.2) - https:\/\/yoast.com\/product\/yoast-seo-premium-wordpress\/ -->\n<title>Gramatika lituaneze - Talkpal<\/title>\n<meta name=\"description\" content=\"Zbuloni se si gramatika lituaneze pasqyron pasurin\u00eb dhe logjik\u00ebn historike, duke e b\u00ebr\u00eb at\u00eb nj\u00eb studim t\u00eb p\u00ebrsosur p\u00ebr adhuruesit e gjuh\u00ebs.\" \/>\n<meta name=\"robots\" content=\"index, follow, max-snippet:-1, max-image-preview:large, max-video-preview:-1\" \/>\n<link rel=\"canonical\" href=\"https:\/\/talkpal.ai\/sq\/gramatika-lituaneze\/\" \/>\n<meta property=\"og:locale\" content=\"sq_AL\" \/>\n<meta property=\"og:type\" content=\"article\" \/>\n<meta property=\"og:title\" content=\"Gramatika lituaneze\" \/>\n<meta property=\"og:description\" content=\"Gramatika lituaneze: Nj\u00eb udh\u00ebtim magjeps\u00ebs n\u00ebp\u00ebr gjuh\u00eb A keni menduar ndonj\u00ebher\u00eb t\u00eb m\u00ebsoni lituanisht apo thjesht e keni gjetur veten t\u00eb intriguar nga\" \/>\n<meta property=\"og:url\" content=\"https:\/\/talkpal.ai\/sq\/gramatika-lituaneze\/\" \/>\n<meta property=\"og:site_name\" content=\"Talkpal\" \/>\n<meta property=\"article:publisher\" content=\"https:\/\/www.facebook.com\/profile.php?id=100090733639311\" \/>\n<meta property=\"article:modified_time\" content=\"2025-12-12T10:52:54+00:00\" \/>\n<meta property=\"og:image\" content=\"https:\/\/talkpal.ai\/wp-content\/uploads\/2023\/05\/Lithuanian.png\" \/>\n\t<meta property=\"og:image:width\" content=\"512\" \/>\n\t<meta property=\"og:image:height\" content=\"512\" \/>\n\t<meta property=\"og:image:type\" content=\"image\/png\" \/>\n<meta name=\"twitter:card\" content=\"summary_large_image\" \/>\n<meta name=\"twitter:site\" content=\"@talkpalai\" \/>\n<meta name=\"twitter:label1\" content=\"Est. reading time\" \/>\n\t<meta name=\"twitter:data1\" content=\"3 minutes\" \/>\n<script type=\"application\/ld+json\" class=\"yoast-schema-graph\">{\"@context\":\"https:\/\/schema.org\",\"@graph\":[{\"@type\":\"WebPage\",\"@id\":\"https:\/\/talkpal.ai\/sq\/gramatika-lituaneze\/\",\"url\":\"https:\/\/talkpal.ai\/sq\/gramatika-lituaneze\/\",\"name\":\"Gramatika lituaneze - Talkpal\",\"isPartOf\":{\"@id\":\"https:\/\/talkpal.ai\/sq\/#website\"},\"primaryImageOfPage\":{\"@id\":\"https:\/\/talkpal.ai\/sq\/gramatika-lituaneze\/#primaryimage\"},\"image\":{\"@id\":\"https:\/\/talkpal.ai\/sq\/gramatika-lituaneze\/#primaryimage\"},\"thumbnailUrl\":\"https:\/\/talkpal.ai\/wp-content\/uploads\/2023\/05\/Lithuanian.png\",\"datePublished\":\"2023-05-14T14:10:42+00:00\",\"dateModified\":\"2025-12-12T10:52:54+00:00\",\"description\":\"Zbuloni se si gramatika lituaneze pasqyron pasurin\u00eb dhe logjik\u00ebn historike, duke e b\u00ebr\u00eb at\u00eb nj\u00eb studim t\u00eb p\u00ebrsosur p\u00ebr adhuruesit e gjuh\u00ebs.\",\"breadcrumb\":{\"@id\":\"https:\/\/talkpal.ai\/sq\/gramatika-lituaneze\/#breadcrumb\"},\"inLanguage\":\"sq-AL\",\"potentialAction\":[{\"@type\":\"ReadAction\",\"target\":[\"https:\/\/talkpal.ai\/sq\/gramatika-lituaneze\/\"]}]},{\"@type\":\"ImageObject\",\"inLanguage\":\"sq-AL\",\"@id\":\"https:\/\/talkpal.ai\/sq\/gramatika-lituaneze\/#primaryimage\",\"url\":\"https:\/\/talkpal.ai\/wp-content\/uploads\/2023\/05\/Lithuanian.png\",\"contentUrl\":\"https:\/\/talkpal.ai\/wp-content\/uploads\/2023\/05\/Lithuanian.png\",\"width\":512,\"height\":512,\"caption\":\"TalkPal Lithuanian Flag\"},{\"@type\":\"BreadcrumbList\",\"@id\":\"https:\/\/talkpal.ai\/sq\/gramatika-lituaneze\/#breadcrumb\",\"itemListElement\":[{\"@type\":\"ListItem\",\"position\":1,\"name\":\"Homepage\",\"item\":\"https:\/\/talkpal.ai\/sq\/\"},{\"@type\":\"ListItem\",\"position\":2,\"name\":\"Gramatika lituaneze\"}]},{\"@type\":\"WebSite\",\"@id\":\"https:\/\/talkpal.ai\/sq\/#website\",\"url\":\"https:\/\/talkpal.ai\/sq\/\",\"name\":\"Talkpal\",\"description\":\"AI Language Learning\",\"publisher\":{\"@id\":\"https:\/\/talkpal.ai\/sq\/#organization\"},\"alternateName\":\"Talkpal AI\",\"potentialAction\":[{\"@type\":\"SearchAction\",\"target\":{\"@type\":\"EntryPoint\",\"urlTemplate\":\"https:\/\/talkpal.ai\/sq\/?s={search_term_string}\"},\"query-input\":{\"@type\":\"PropertyValueSpecification\",\"valueRequired\":true,\"valueName\":\"search_term_string\"}}],\"inLanguage\":\"sq-AL\"},{\"@type\":\"Organization\",\"@id\":\"https:\/\/talkpal.ai\/sq\/#organization\",\"name\":\"Talkpal, Inc.\",\"alternateName\":\"Talkpal AI\",\"url\":\"https:\/\/talkpal.ai\/sq\/\",\"logo\":{\"@type\":\"ImageObject\",\"inLanguage\":\"sq-AL\",\"@id\":\"https:\/\/talkpal.ai\/sq\/#\/schema\/logo\/image\/\",\"url\":\"https:\/\/talkpal.ai\/wp-content\/uploads\/2024\/03\/Talkpal-Logo-Icon.png\",\"contentUrl\":\"https:\/\/talkpal.ai\/wp-content\/uploads\/2024\/03\/Talkpal-Logo-Icon.png\",\"width\":2880,\"height\":2880,\"caption\":\"Talkpal, Inc.\"},\"image\":{\"@id\":\"https:\/\/talkpal.ai\/sq\/#\/schema\/logo\/image\/\"},\"sameAs\":[\"https:\/\/www.facebook.com\/profile.php?id=100090733639311\",\"https:\/\/x.com\/talkpalai\",\"https:\/\/www.linkedin.com\/company\/talkpal\/\",\"https:\/\/www.youtube.com\/@TalkPal\/\",\"https:\/\/www.tiktok.com\/@talkpal\",\"https:\/\/www.instagram.com\/talkpal_ai\/\",\"https:\/\/www.crunchbase.com\/organization\/talkpal-9cde\",\"https:\/\/www.g2.com\/products\/talkpal-for-business\/\",\"https:\/\/www.trustpilot.com\/review\/talkpal.ai\",\"https:\/\/www.capterra.com\/p\/10006800\/TalkPal\/\"],\"description\":\"Talkpal is a language learning web and mobile education app, powered by the latest AI technologies, that provides engaging experiences to its customers in many different languages to help them improve their language skills. Users can chat about unlimited amount of topics with the app and use other modes to practice their language learning.\",\"email\":\"support@talkpal.ai\",\"legalName\":\"Talkpal, Inc.\",\"foundingDate\":\"2023-04-03\",\"duns\":\"118989042\",\"numberOfEmployees\":{\"@type\":\"QuantitativeValue\",\"minValue\":\"11\",\"maxValue\":\"50\"},\"publishingPrinciples\":\"https:\/\/talkpal.ai\/publishing-principles\/\",\"actionableFeedbackPolicy\":\"https:\/\/talkpal.ai\/actionable-feedback-policy\/\",\"correctionsPolicy\":\"https:\/\/talkpal.ai\/corrections-policy\/\",\"ethicsPolicy\":\"https:\/\/talkpal.ai\/ethics-policy\/\",\"diversityPolicy\":\"https:\/\/talkpal.ai\/diversity-policy\/\",\"diversityStaffingReport\":\"https:\/\/talkpal.ai\/diversity-policy\/\"}]}<\/script>\n<!-- \/ Yoast SEO Premium plugin. -->","yoast_head_json":{"title":"Gramatika lituaneze - Talkpal","description":"Zbuloni se si gramatika lituaneze pasqyron pasurin\u00eb dhe logjik\u00ebn historike, duke e b\u00ebr\u00eb at\u00eb nj\u00eb studim t\u00eb p\u00ebrsosur p\u00ebr adhuruesit e gjuh\u00ebs.","robots":{"index":"index","follow":"follow","max-snippet":"max-snippet:-1","max-image-preview":"max-image-preview:large","max-video-preview":"max-video-preview:-1"},"canonical":"https:\/\/talkpal.ai\/sq\/gramatika-lituaneze\/","og_locale":"sq_AL","og_type":"article","og_title":"Gramatika lituaneze","og_description":"Gramatika lituaneze: Nj\u00eb udh\u00ebtim magjeps\u00ebs n\u00ebp\u00ebr gjuh\u00eb A keni menduar ndonj\u00ebher\u00eb t\u00eb m\u00ebsoni lituanisht apo thjesht e keni gjetur veten t\u00eb intriguar nga","og_url":"https:\/\/talkpal.ai\/sq\/gramatika-lituaneze\/","og_site_name":"Talkpal","article_publisher":"https:\/\/www.facebook.com\/profile.php?id=100090733639311","article_modified_time":"2025-12-12T10:52:54+00:00","og_image":[{"width":512,"height":512,"url":"https:\/\/talkpal.ai\/wp-content\/uploads\/2023\/05\/Lithuanian.png","type":"image\/png"}],"twitter_card":"summary_large_image","twitter_site":"@talkpalai","twitter_misc":{"Est. reading time":"3 minutes"},"schema":{"@context":"https:\/\/schema.org","@graph":[{"@type":"WebPage","@id":"https:\/\/talkpal.ai\/sq\/gramatika-lituaneze\/","url":"https:\/\/talkpal.ai\/sq\/gramatika-lituaneze\/","name":"Gramatika lituaneze - Talkpal","isPartOf":{"@id":"https:\/\/talkpal.ai\/sq\/#website"},"primaryImageOfPage":{"@id":"https:\/\/talkpal.ai\/sq\/gramatika-lituaneze\/#primaryimage"},"image":{"@id":"https:\/\/talkpal.ai\/sq\/gramatika-lituaneze\/#primaryimage"},"thumbnailUrl":"https:\/\/talkpal.ai\/wp-content\/uploads\/2023\/05\/Lithuanian.png","datePublished":"2023-05-14T14:10:42+00:00","dateModified":"2025-12-12T10:52:54+00:00","description":"Zbuloni se si gramatika lituaneze pasqyron pasurin\u00eb dhe logjik\u00ebn historike, duke e b\u00ebr\u00eb at\u00eb nj\u00eb studim t\u00eb p\u00ebrsosur p\u00ebr adhuruesit e gjuh\u00ebs.","breadcrumb":{"@id":"https:\/\/talkpal.ai\/sq\/gramatika-lituaneze\/#breadcrumb"},"inLanguage":"sq-AL","potentialAction":[{"@type":"ReadAction","target":["https:\/\/talkpal.ai\/sq\/gramatika-lituaneze\/"]}]},{"@type":"ImageObject","inLanguage":"sq-AL","@id":"https:\/\/talkpal.ai\/sq\/gramatika-lituaneze\/#primaryimage","url":"https:\/\/talkpal.ai\/wp-content\/uploads\/2023\/05\/Lithuanian.png","contentUrl":"https:\/\/talkpal.ai\/wp-content\/uploads\/2023\/05\/Lithuanian.png","width":512,"height":512,"caption":"TalkPal Lithuanian Flag"},{"@type":"BreadcrumbList","@id":"https:\/\/talkpal.ai\/sq\/gramatika-lituaneze\/#breadcrumb","itemListElement":[{"@type":"ListItem","position":1,"name":"Homepage","item":"https:\/\/talkpal.ai\/sq\/"},{"@type":"ListItem","position":2,"name":"Gramatika lituaneze"}]},{"@type":"WebSite","@id":"https:\/\/talkpal.ai\/sq\/#website","url":"https:\/\/talkpal.ai\/sq\/","name":"Talkpal","description":"AI Language Learning","publisher":{"@id":"https:\/\/talkpal.ai\/sq\/#organization"},"alternateName":"Talkpal AI","potentialAction":[{"@type":"SearchAction","target":{"@type":"EntryPoint","urlTemplate":"https:\/\/talkpal.ai\/sq\/?s={search_term_string}"},"query-input":{"@type":"PropertyValueSpecification","valueRequired":true,"valueName":"search_term_string"}}],"inLanguage":"sq-AL"},{"@type":"Organization","@id":"https:\/\/talkpal.ai\/sq\/#organization","name":"Talkpal, Inc.","alternateName":"Talkpal AI","url":"https:\/\/talkpal.ai\/sq\/","logo":{"@type":"ImageObject","inLanguage":"sq-AL","@id":"https:\/\/talkpal.ai\/sq\/#\/schema\/logo\/image\/","url":"https:\/\/talkpal.ai\/wp-content\/uploads\/2024\/03\/Talkpal-Logo-Icon.png","contentUrl":"https:\/\/talkpal.ai\/wp-content\/uploads\/2024\/03\/Talkpal-Logo-Icon.png","width":2880,"height":2880,"caption":"Talkpal, Inc."},"image":{"@id":"https:\/\/talkpal.ai\/sq\/#\/schema\/logo\/image\/"},"sameAs":["https:\/\/www.facebook.com\/profile.php?id=100090733639311","https:\/\/x.com\/talkpalai","https:\/\/www.linkedin.com\/company\/talkpal\/","https:\/\/www.youtube.com\/@TalkPal\/","https:\/\/www.tiktok.com\/@talkpal","https:\/\/www.instagram.com\/talkpal_ai\/","https:\/\/www.crunchbase.com\/organization\/talkpal-9cde","https:\/\/www.g2.com\/products\/talkpal-for-business\/","https:\/\/www.trustpilot.com\/review\/talkpal.ai","https:\/\/www.capterra.com\/p\/10006800\/TalkPal\/"],"description":"Talkpal is a language learning web and mobile education app, powered by the latest AI technologies, that provides engaging experiences to its customers in many different languages to help them improve their language skills. Users can chat about unlimited amount of topics with the app and use other modes to practice their language learning.","email":"support@talkpal.ai","legalName":"Talkpal, Inc.","foundingDate":"2023-04-03","duns":"118989042","numberOfEmployees":{"@type":"QuantitativeValue","minValue":"11","maxValue":"50"},"publishingPrinciples":"https:\/\/talkpal.ai\/publishing-principles\/","actionableFeedbackPolicy":"https:\/\/talkpal.ai\/actionable-feedback-policy\/","correctionsPolicy":"https:\/\/talkpal.ai\/corrections-policy\/","ethicsPolicy":"https:\/\/talkpal.ai\/ethics-policy\/","diversityPolicy":"https:\/\/talkpal.ai\/diversity-policy\/","diversityStaffingReport":"https:\/\/talkpal.ai\/diversity-policy\/"}]}},"_links":{"self":[{"href":"https:\/\/talkpal.ai\/sq\/wp-json\/wp\/v2\/pages\/1442854","targetHints":{"allow":["GET"]}}],"collection":[{"href":"https:\/\/talkpal.ai\/sq\/wp-json\/wp\/v2\/pages"}],"about":[{"href":"https:\/\/talkpal.ai\/sq\/wp-json\/wp\/v2\/types\/page"}],"author":[{"embeddable":true,"href":"https:\/\/talkpal.ai\/sq\/wp-json\/wp\/v2\/users\/1"}],"replies":[{"embeddable":true,"href":"https:\/\/talkpal.ai\/sq\/wp-json\/wp\/v2\/comments?post=1442854"}],"version-history":[{"count":0,"href":"https:\/\/talkpal.ai\/sq\/wp-json\/wp\/v2\/pages\/1442854\/revisions"}],"wp:featuredmedia":[{"embeddable":true,"href":"https:\/\/talkpal.ai\/sq\/wp-json\/wp\/v2\/media\/1442856"}],"wp:attachment":[{"href":"https:\/\/talkpal.ai\/sq\/wp-json\/wp\/v2\/media?parent=1442854"}],"curies":[{"name":"wp","href":"https:\/\/api.w.org\/{rel}","templated":true}]}}