{"id":1442849,"date":"2023-05-14T14:02:30","date_gmt":"2023-05-14T14:02:30","guid":{"rendered":"https:\/\/talkpal.ai\/gramatika-greke\/"},"modified":"2025-12-13T15:14:27","modified_gmt":"2025-12-13T15:14:27","slug":"gramatika-greke","status":"publish","type":"page","link":"https:\/\/talkpal.ai\/sq\/gramatika-greke\/","title":{"rendered":"Gramatika greke"},"content":{"rendered":"\r\n\r\n\r\n<section class=\"languageChallengeSection\">\r\n    <div class=\"languageInfoWrapper\">\r\n        \r\n        <h1>Gramatika greke<\/h1>\r\n        <p>M\u00ebsoni gramatik\u00ebn greke dhe hyni n\u00eb bot\u00ebn e nj\u00eb prej gjuh\u00ebve m\u00eb t\u00eb vjetra dhe m\u00eb me ndikim t\u00eb njer\u00ebzimit. Greqishtja ju prezanton me alfabetin e saj unik, konjugimet shpreh\u00ebse t\u00eb foljeve dhe nj\u00eb sistem rastesh emrash q\u00eb formojn\u00eb kuptimin. Nd\u00ebrsa eksploroni, do t\u00eb zbuloni rr\u00ebnj\u00ebt e shum\u00eb fjal\u00ebve angleze dhe do t\u00eb lidheni me nj\u00eb trash\u00ebgimi t\u00eb pasur kulturore. Zhytuni dhe shijoni sfid\u00ebn shp\u00ebrblyese t\u00eb m\u00ebsimit t\u00eb gramatik\u00ebs greke!<\/p>\r\n\r\n                            <a class=\"getStartedHidden\" href=\"https:\/\/app.talkpal.ai\/signup?lng=\">Filloni<\/a>\r\n        \r\n    <\/div>\r\n\r\n    <figure>\r\n    <img decoding=\"async\" width=\"768\" height=\"768\" src=\"https:\/\/talkpal.ai\/wp-content\/uploads\/2023\/06\/greek-768x768.png\" class=\"languageImage no-lazy\" alt=\"Language learning to boost personal capability\" fetchpriority=\"high\" sizes=\"(max-width: 768px) 150px, 768px\" srcset=\"https:\/\/talkpal.ai\/wp-content\/uploads\/2023\/06\/greek-768x768.png 768w, https:\/\/talkpal.ai\/wp-content\/uploads\/2023\/06\/greek-300x300.png 300w\" \/>\r\n    \r\n\r\n    <\/figure>\r\n\r\n            <a class=\"getStartedVisible\" href=\"https:\/\/app.talkpal.ai\/signup?lng=\">Filloni<\/a>\r\n    \r\n<\/section>\r\n<section class=\"promotionalBanner\">\r\n    <p class=\"promotionalText\">M\u00ebnyra m\u00eb efikase p\u00ebr t\u00eb m\u00ebsuar nj\u00eb gjuh\u00eb<\/p>\r\n    <a class=\"promotionalLink\" href=\"https:\/\/app.talkpal.ai\/signup?lng=\">Provoni Talkpal falas<\/a>\r\n<\/section>\n<div class=\"wp-block-group pageContainerStyle\"><div class=\"wp-block-group__inner-container is-layout-constrained wp-block-group-is-layout-constrained\">\n<h2 class=\"wp-block-heading\" id=\"h-demystifying-greek-grammar-a-comprehensive-guide\">Demistifikimi i gramatik\u00ebs greke: Nj\u00eb udh\u00ebzues gjith\u00ebp\u00ebrfshir\u00ebs<\/h2>\n\n\n\n<p>Greqishtja, nj\u00eb gjuh\u00eb elegante dhe e lasht\u00eb, z\u00eb nj\u00eb vend t\u00eb ve\u00e7ant\u00eb n\u00eb historin\u00eb gjuh\u00ebsore dhe mbetet me ndikim sot. Me nj\u00eb baz\u00eb t\u00eb fort\u00eb n\u00eb gramatik\u00ebn greke, ju do t\u00eb keni akses n\u00eb nj\u00eb mori burimesh kulturore dhe historike duke zhbllokuar nj\u00eb shtres\u00eb tjet\u00ebr kuptimi n\u00eb fjalorin <a href=\"https:\/\/talkpal.ai\/learn-english-with-ai\/\">anglisht<\/a>. Ndryshe nga besimi popullor, <a href=\"https:\/\/talkpal.ai\/sq\/gramatika\/\">gramatika<\/a> greke nuk \u00ebsht\u00eb aq frik\u00ebsuese sa mund t\u00eb duket fillimisht. N\u00eb k\u00ebt\u00eb artikull, ne do t&#8217;ju ndihmojm\u00eb t\u00eb lundroni n\u00ebp\u00ebr komponent\u00ebt thelb\u00ebsor\u00eb t\u00eb gramatik\u00ebs greke p\u00ebr t&#8217;ju mund\u00ebsuar t&#8217;i qaseni k\u00ebsaj gjuhe me besim dhe entuziaz\u00ebm.<\/p>\n\n\n\n<h3 class=\"wp-block-heading\" id=\"h-1-understanding-greek-nouns-cases-and-articles\">1. Kuptimi i emrave, rasteve dhe artikujve grek\u00eb<\/h3>\n\n\n\n<p>Emrat grek\u00eb klasifikohen n\u00eb tre gjini: mashkullor, fem\u00ebror dhe neutr. \u00c7do em\u00ebr i p\u00ebrket nj\u00ebr\u00ebs prej tre deklinacioneve, t\u00eb cilat p\u00ebrcaktojn\u00eb mbaresat e emrit bazuar n\u00eb gjinin\u00eb, numrin (nj\u00ebj\u00ebs ose shum\u00ebs) dhe rastin e tij. N\u00eb gjuh\u00ebn greke, ka pes\u00eb raste: nominative, gjenitive, dative, akuzative dhe vokative.<\/p>\n\n\n\n<p>Nj\u00eb aspekt thelb\u00ebsor i gramatik\u00ebs greke sillet <a href=\"https:\/\/talkpal.ai\/sq\/rreth\/\">rreth<\/a> artikullit. Ngjash\u00ebm me anglishten &#8216;the&#8217;, artikulli i caktuar <a href=\"https:\/\/talkpal.ai\/learn-greek\/\">grek<\/a> \u00ebsht\u00eb thelb\u00ebsor p\u00ebr t\u00eb kuptuar tekstet greke. Artikulli grek duhet t\u00eb pajtohet me emrin n\u00eb gjini, num\u00ebr dhe rast. Greqishtja gjithashtu ka nj\u00eb artikull t\u00eb pacaktuar q\u00eb funksionon si &#8216;a&#8217; ose &#8216;an&#8217; n\u00eb anglisht.<\/p>\n\n\n\n<h3 class=\"wp-block-heading\" id=\"h-2-tackling-greek-verbs-conjugation-and-moods\">2. Trajtimi i foljeve greke: Konjugimi dhe humori<\/h3>\n\n\n\n<p>Foljet greke karakterizohen nga koha, z\u00ebri, humori, personi dhe numri i <a href=\"https:\/\/talkpal.ai\/locations\/language-courses-in-tyre\/\">tyre<\/a>. Foljet n\u00eb gjuh\u00ebn greke konjugohen sipas koh\u00ebs s\u00eb tyre, e cila tregon kur ndodh nj\u00eb veprim. Ekzistojn\u00eb shtat\u00eb pjes\u00eb kryesore t\u00eb nj\u00eb foljeje greke, secila q\u00eb korrespondon me nj\u00eb koh\u00eb:<\/p>\n\n\n\n<p><strong>\u2013 E pranishme<\/strong><\/p>\n\n\n\n<p><strong>\u2013 E ardhmja<\/strong><\/p>\n\n\n\n<p><strong>\u2013 Aorist (e kaluar e thjesht\u00eb)<\/strong><\/p>\n\n\n\n<p><strong>\u2013 Perfekte<\/strong><\/p>\n\n\n\n<p><strong>\u2013 E ardhmja e p\u00ebrsosur<\/strong><\/p>\n\n\n\n<p><strong>\u2013 Pluperfect<\/strong><\/p>\n\n\n\n<p><strong>\u2013 Aorist pasiv<\/strong><\/p>\n\n\n\n<p>P\u00ebrve\u00e7 k\u00ebsaj, foljet greke kan\u00eb humor t\u00eb ndrysh\u00ebm q\u00eb shprehin q\u00ebndrimin e fol\u00ebsit ndaj veprimit. K\u00ebto humore jan\u00eb domosdoshm\u00ebrike, treguese dhe n\u00ebnlidh\u00ebse.<\/p>\n\n\n\n<h3 class=\"wp-block-heading\" id=\"h-3-crafting-expressive-sentences-with-greek-adjectives-and-adverbs\">3. Krijimi i fjalive shpreh\u00ebse me mbiemra dhe ndajfolje greke<\/h3>\n\n\n\n<p>Mbiemrat grek\u00eb shtojn\u00eb ngjyr\u00eb dhe p\u00ebrshkrim n\u00eb fjalit\u00eb tuaja. Ngjash\u00ebm me emrat, mbiemrat n\u00eb greqisht duhet t\u00eb bien dakord n\u00eb gjini, num\u00ebr dhe rast me emrin q\u00eb p\u00ebrshkruajn\u00eb. P\u00ebr m\u00eb tep\u00ebr, mbiemrat i p\u00ebrkasin nj\u00ebr\u00ebs prej tre deklinacioneve, e cila p\u00ebrcakton mbaresat e tyre.<\/p>\n\n\n\n<p>Ndajfoljet greke modifikojn\u00eb foljet, mbiemrat ose ndajfoljet e tjera. Ato shprehin <a href=\"https:\/\/talkpal.ai\/culture\/what-is-the-difference-between-se-and-si\/\">se si<\/a>, kur, ku ose n\u00eb \u00e7far\u00eb mase kryhet nj\u00eb veprim. Ndryshe nga mbiemrat, ndajfoljet nuk kan\u00eb nevoj\u00eb t\u00eb pajtohen me emrat n\u00eb gjini, num\u00ebr ose rast. N\u00eb shum\u00eb raste, ndajfoljet formohen duke shtuar mbaresa specifike n\u00eb rr\u00ebnj\u00ebt mbiemrash.<\/p>\n\n\n\n<h3 class=\"wp-block-heading\" id=\"h-4-exploring-greek-pronouns-and-greek-sentence-structure\">4. Eksplorimi i p\u00ebremrave grek\u00eb dhe struktur\u00ebs s\u00eb fjalis\u00eb greke<\/h3>\n\n\n\n<p>P\u00ebremrat luajn\u00eb nj\u00eb rol t\u00eb r\u00ebnd\u00ebsish\u00ebm n\u00eb gramatik\u00ebn greke, pasi ata z\u00ebvend\u00ebsojn\u00eb emrat dhe duhet t\u00eb pajtohen me emrin q\u00eb p\u00ebrfaq\u00ebsojn\u00eb n\u00eb gjini, num\u00ebr dhe rast. Ka p\u00ebremra personal\u00eb, refleksiv\u00eb, demonstrativ, relativ, pyet\u00ebs dhe t\u00eb pacaktuar n\u00eb greqisht.<\/p>\n\n\n\n<p>Struktura e fjalis\u00eb greke kryesisht ndjek rendin subjekt-folje-objekt (SVO). Megjithat\u00eb, p\u00ebr shkak t\u00eb natyr\u00ebs s\u00eb saj shum\u00eb t\u00eb p\u00ebrkulur, greqishtja ofron m\u00eb shum\u00eb fleksibilitet n\u00eb rendin e fjal\u00ebve, gj\u00eb q\u00eb lejon theksin dhe shprehjen poetike. Ky fleksibilitet mund t\u00eb duket sfidues n\u00eb fillim, por b\u00ebhet m\u00eb i arritsh\u00ebm nd\u00ebrsa njiheni me nuancat e gjuh\u00ebs.<\/p>\n\n\n\n<h3 class=\"wp-block-heading\" id=\"h-conclusion\">P\u00ebrfundimi<\/h3>\n\n\n\n<p>Nd\u00ebrsa filloni udh\u00ebtimin tuaj p\u00ebr t\u00eb zot\u00ebruar gramatik\u00ebn greke, mbani mend se praktika dhe k\u00ebmb\u00ebngulja jan\u00eb thelb\u00ebsore p\u00ebr suksesin. Merrni koh\u00ebn tuaj p\u00ebr t\u00eb zbuluar kompleksitetin e emrave grek\u00eb, foljeve, mbiemrave, ndajfoljeve dhe struktur\u00ebs s\u00eb fjalive greke. Nd\u00ebrsa g\u00ebrmoni m\u00eb thell\u00eb n\u00eb k\u00ebt\u00eb gjuh\u00eb magjeps\u00ebse, do t\u00eb zbuloni se gramatika greke b\u00ebhet m\u00eb e njohur dhe m\u00eb pak frik\u00ebsuese. Fat i mir\u00eb dhe \u03ba\u03b1\u03bb\u03ae \u03b5\u03c0\u03b9\u03c4\u03c5\u03c7\u03af\u03b1!<\/p>\n<\/div><\/div>\n\r\n<section class=\"learnNavigationSection\">\r\n            \r\n        <a href=\"https:\/\/talkpal.ai\/sq\/meso-greqisht\/\">\r\n            <div class=\"learnNavigationWrapper\">\r\n                <div class=\"learnNavigationContent\">\r\n                    <img decoding=\"async\" src=\"https:\/\/talkpal.ai\/wp-content\/uploads\/2024\/08\/Greek.jpg\" alt=\"Greek Flag\">\r\n                    <div>\r\n                        <h4>Rreth m\u00ebsimit t\u00eb greqishtes<\/h4>\r\n                        <p>M\u00ebsoni gjith\u00e7ka rreth gramatik\u00ebs greke.<\/p>\r\n                    <\/div>\r\n                <\/div>\r\n            <\/div>\r\n        <\/a>\r\n\r\n        \r\n        <a href=\"https:\/\/talkpal.ai\/sq\/ushtrimet-gramatikore-greke\/\">\r\n            <div class=\"learnNavigationWrapper\">\r\n                <div class=\"learnNavigationContent\">\r\n                    <img decoding=\"async\" src=\"https:\/\/talkpal.ai\/wp-content\/uploads\/2024\/08\/Greek.jpg\" alt=\"Greek Flag\">\r\n                    <div>\r\n                        <h4>Ushtrimi i gramatik\u00ebs greke<\/h4>\r\n                        <p>Praktikoni gramatik\u00ebn greke.<\/p>\r\n                    <\/div>\r\n                <\/div>\r\n            <\/div>\r\n        <\/a>\r\n\r\n        \r\n        <a href=\"https:\/\/talkpal.ai\/vocabulary_language\/greek\/\">\r\n            <div class=\"learnNavigationWrapper\">\r\n                <div class=\"learnNavigationContent\">\r\n                    <img decoding=\"async\" src=\"https:\/\/talkpal.ai\/wp-content\/uploads\/2024\/08\/Greek.jpg\" alt=\"Greek Flag\">\r\n                    <div>\r\n                        <h4>Fjalori grek<\/h4>\r\n                        <p>Zgjeroni fjalorin tuaj grek.<\/p>\r\n                    <\/div>\r\n                <\/div>\r\n            <\/div>\r\n        <\/a>\r\n\r\n            <\/section>","protected":false},"excerpt":{"rendered":"<p>Demistifikimi i gramatik\u00ebs greke: Nj\u00eb udh\u00ebzues gjith\u00ebp\u00ebrfshir\u00ebs Greqishtja, nj\u00eb gjuh\u00eb elegante dhe e lasht\u00eb, z\u00eb nj\u00eb vend t\u00eb ve\u00e7ant\u00eb n\u00eb historin\u00eb gjuh\u00ebsore dhe mbetet me ndikim sot. Me nj\u00eb baz\u00eb t\u00eb fort\u00eb n\u00eb gramatik\u00ebn greke, ju do t\u00eb keni akses n\u00eb nj\u00eb mori burimesh kulturore dhe historike duke zhbllokuar nj\u00eb shtres\u00eb tjet\u00ebr kuptimi n\u00eb fjalorin [&hellip;]<\/p>\n","protected":false},"author":1,"featured_media":1442851,"parent":0,"menu_order":0,"comment_status":"closed","ping_status":"closed","template":"LearningContentPage.php","meta":{"_acf_changed":false,"footnotes":""},"class_list":["post-1442849","page","type-page","status-publish","has-post-thumbnail","hentry"],"acf":[],"yoast_head":"<!-- This site is optimized with the Yoast SEO Premium plugin v27.2 (Yoast SEO v27.2) - https:\/\/yoast.com\/product\/yoast-seo-premium-wordpress\/ -->\n<title>Gramatika greke - Talkpal<\/title>\n<meta name=\"description\" content=\"Zot\u00ebroni gramatik\u00ebn greke me besim - m\u00ebsoni rregulla t\u00eb r\u00ebnd\u00ebsishme, praktikoni formimin e fjalive dhe forconi shpejt aft\u00ebsit\u00eb tuaja me TalkPal AI.\" \/>\n<meta name=\"robots\" content=\"index, follow, max-snippet:-1, max-image-preview:large, max-video-preview:-1\" \/>\n<link rel=\"canonical\" href=\"https:\/\/talkpal.ai\/sq\/gramatika-greke\/\" \/>\n<meta property=\"og:locale\" content=\"sq_AL\" \/>\n<meta property=\"og:type\" content=\"article\" \/>\n<meta property=\"og:title\" content=\"Gramatika greke\" \/>\n<meta property=\"og:description\" content=\"Demistifikimi i gramatik\u00ebs greke: Nj\u00eb udh\u00ebzues gjith\u00ebp\u00ebrfshir\u00ebs Greqishtja, nj\u00eb gjuh\u00eb elegante dhe e lasht\u00eb, z\u00eb nj\u00eb vend t\u00eb ve\u00e7ant\u00eb n\u00eb historin\u00eb gjuh\u00ebsore\" \/>\n<meta property=\"og:url\" content=\"https:\/\/talkpal.ai\/sq\/gramatika-greke\/\" \/>\n<meta property=\"og:site_name\" content=\"Talkpal\" \/>\n<meta property=\"article:publisher\" content=\"https:\/\/www.facebook.com\/profile.php?id=100090733639311\" \/>\n<meta property=\"article:modified_time\" content=\"2025-12-13T15:14:27+00:00\" \/>\n<meta property=\"og:image\" content=\"https:\/\/talkpal.ai\/wp-content\/uploads\/2023\/05\/greece.png\" \/>\n\t<meta property=\"og:image:width\" content=\"512\" \/>\n\t<meta property=\"og:image:height\" content=\"512\" \/>\n\t<meta property=\"og:image:type\" content=\"image\/png\" \/>\n<meta name=\"twitter:card\" content=\"summary_large_image\" \/>\n<meta name=\"twitter:site\" content=\"@talkpalai\" \/>\n<meta name=\"twitter:label1\" content=\"Est. reading time\" \/>\n\t<meta name=\"twitter:data1\" content=\"3 minutes\" \/>\n<script type=\"application\/ld+json\" class=\"yoast-schema-graph\">{\"@context\":\"https:\/\/schema.org\",\"@graph\":[{\"@type\":\"WebPage\",\"@id\":\"https:\/\/talkpal.ai\/sq\/gramatika-greke\/\",\"url\":\"https:\/\/talkpal.ai\/sq\/gramatika-greke\/\",\"name\":\"Gramatika greke - Talkpal\",\"isPartOf\":{\"@id\":\"https:\/\/talkpal.ai\/sq\/#website\"},\"primaryImageOfPage\":{\"@id\":\"https:\/\/talkpal.ai\/sq\/gramatika-greke\/#primaryimage\"},\"image\":{\"@id\":\"https:\/\/talkpal.ai\/sq\/gramatika-greke\/#primaryimage\"},\"thumbnailUrl\":\"https:\/\/talkpal.ai\/wp-content\/uploads\/2023\/05\/greece.png\",\"datePublished\":\"2023-05-14T14:02:30+00:00\",\"dateModified\":\"2025-12-13T15:14:27+00:00\",\"description\":\"Zot\u00ebroni gramatik\u00ebn greke me besim - m\u00ebsoni rregulla t\u00eb r\u00ebnd\u00ebsishme, praktikoni formimin e fjalive dhe forconi shpejt aft\u00ebsit\u00eb tuaja me TalkPal AI.\",\"breadcrumb\":{\"@id\":\"https:\/\/talkpal.ai\/sq\/gramatika-greke\/#breadcrumb\"},\"inLanguage\":\"sq-AL\",\"potentialAction\":[{\"@type\":\"ReadAction\",\"target\":[\"https:\/\/talkpal.ai\/sq\/gramatika-greke\/\"]}]},{\"@type\":\"ImageObject\",\"inLanguage\":\"sq-AL\",\"@id\":\"https:\/\/talkpal.ai\/sq\/gramatika-greke\/#primaryimage\",\"url\":\"https:\/\/talkpal.ai\/wp-content\/uploads\/2023\/05\/greece.png\",\"contentUrl\":\"https:\/\/talkpal.ai\/wp-content\/uploads\/2023\/05\/greece.png\",\"width\":512,\"height\":512,\"caption\":\"TalkPal Greece Flag\"},{\"@type\":\"BreadcrumbList\",\"@id\":\"https:\/\/talkpal.ai\/sq\/gramatika-greke\/#breadcrumb\",\"itemListElement\":[{\"@type\":\"ListItem\",\"position\":1,\"name\":\"Homepage\",\"item\":\"https:\/\/talkpal.ai\/sq\/\"},{\"@type\":\"ListItem\",\"position\":2,\"name\":\"Gramatika greke\"}]},{\"@type\":\"WebSite\",\"@id\":\"https:\/\/talkpal.ai\/sq\/#website\",\"url\":\"https:\/\/talkpal.ai\/sq\/\",\"name\":\"Talkpal\",\"description\":\"AI Language Learning\",\"publisher\":{\"@id\":\"https:\/\/talkpal.ai\/sq\/#organization\"},\"alternateName\":\"Talkpal AI\",\"potentialAction\":[{\"@type\":\"SearchAction\",\"target\":{\"@type\":\"EntryPoint\",\"urlTemplate\":\"https:\/\/talkpal.ai\/sq\/?s={search_term_string}\"},\"query-input\":{\"@type\":\"PropertyValueSpecification\",\"valueRequired\":true,\"valueName\":\"search_term_string\"}}],\"inLanguage\":\"sq-AL\"},{\"@type\":\"Organization\",\"@id\":\"https:\/\/talkpal.ai\/sq\/#organization\",\"name\":\"Talkpal, Inc.\",\"alternateName\":\"Talkpal AI\",\"url\":\"https:\/\/talkpal.ai\/sq\/\",\"logo\":{\"@type\":\"ImageObject\",\"inLanguage\":\"sq-AL\",\"@id\":\"https:\/\/talkpal.ai\/sq\/#\/schema\/logo\/image\/\",\"url\":\"https:\/\/talkpal.ai\/wp-content\/uploads\/2024\/03\/Talkpal-Logo-Icon.png\",\"contentUrl\":\"https:\/\/talkpal.ai\/wp-content\/uploads\/2024\/03\/Talkpal-Logo-Icon.png\",\"width\":2880,\"height\":2880,\"caption\":\"Talkpal, Inc.\"},\"image\":{\"@id\":\"https:\/\/talkpal.ai\/sq\/#\/schema\/logo\/image\/\"},\"sameAs\":[\"https:\/\/www.facebook.com\/profile.php?id=100090733639311\",\"https:\/\/x.com\/talkpalai\",\"https:\/\/www.linkedin.com\/company\/talkpal\/\",\"https:\/\/www.youtube.com\/@TalkPal\/\",\"https:\/\/www.tiktok.com\/@talkpal\",\"https:\/\/www.instagram.com\/talkpal_ai\/\",\"https:\/\/www.crunchbase.com\/organization\/talkpal-9cde\",\"https:\/\/www.g2.com\/products\/talkpal-for-business\/\",\"https:\/\/www.trustpilot.com\/review\/talkpal.ai\",\"https:\/\/www.capterra.com\/p\/10006800\/TalkPal\/\"],\"description\":\"Talkpal is a language learning web and mobile education app, powered by the latest AI technologies, that provides engaging experiences to its customers in many different languages to help them improve their language skills. Users can chat about unlimited amount of topics with the app and use other modes to practice their language learning.\",\"email\":\"support@talkpal.ai\",\"legalName\":\"Talkpal, Inc.\",\"foundingDate\":\"2023-04-03\",\"duns\":\"118989042\",\"numberOfEmployees\":{\"@type\":\"QuantitativeValue\",\"minValue\":\"11\",\"maxValue\":\"50\"},\"publishingPrinciples\":\"https:\/\/talkpal.ai\/publishing-principles\/\",\"actionableFeedbackPolicy\":\"https:\/\/talkpal.ai\/actionable-feedback-policy\/\",\"correctionsPolicy\":\"https:\/\/talkpal.ai\/corrections-policy\/\",\"ethicsPolicy\":\"https:\/\/talkpal.ai\/ethics-policy\/\",\"diversityPolicy\":\"https:\/\/talkpal.ai\/diversity-policy\/\",\"diversityStaffingReport\":\"https:\/\/talkpal.ai\/diversity-policy\/\"}]}<\/script>\n<!-- \/ Yoast SEO Premium plugin. -->","yoast_head_json":{"title":"Gramatika greke - Talkpal","description":"Zot\u00ebroni gramatik\u00ebn greke me besim - m\u00ebsoni rregulla t\u00eb r\u00ebnd\u00ebsishme, praktikoni formimin e fjalive dhe forconi shpejt aft\u00ebsit\u00eb tuaja me TalkPal AI.","robots":{"index":"index","follow":"follow","max-snippet":"max-snippet:-1","max-image-preview":"max-image-preview:large","max-video-preview":"max-video-preview:-1"},"canonical":"https:\/\/talkpal.ai\/sq\/gramatika-greke\/","og_locale":"sq_AL","og_type":"article","og_title":"Gramatika greke","og_description":"Demistifikimi i gramatik\u00ebs greke: Nj\u00eb udh\u00ebzues gjith\u00ebp\u00ebrfshir\u00ebs Greqishtja, nj\u00eb gjuh\u00eb elegante dhe e lasht\u00eb, z\u00eb nj\u00eb vend t\u00eb ve\u00e7ant\u00eb n\u00eb historin\u00eb gjuh\u00ebsore","og_url":"https:\/\/talkpal.ai\/sq\/gramatika-greke\/","og_site_name":"Talkpal","article_publisher":"https:\/\/www.facebook.com\/profile.php?id=100090733639311","article_modified_time":"2025-12-13T15:14:27+00:00","og_image":[{"width":512,"height":512,"url":"https:\/\/talkpal.ai\/wp-content\/uploads\/2023\/05\/greece.png","type":"image\/png"}],"twitter_card":"summary_large_image","twitter_site":"@talkpalai","twitter_misc":{"Est. reading time":"3 minutes"},"schema":{"@context":"https:\/\/schema.org","@graph":[{"@type":"WebPage","@id":"https:\/\/talkpal.ai\/sq\/gramatika-greke\/","url":"https:\/\/talkpal.ai\/sq\/gramatika-greke\/","name":"Gramatika greke - Talkpal","isPartOf":{"@id":"https:\/\/talkpal.ai\/sq\/#website"},"primaryImageOfPage":{"@id":"https:\/\/talkpal.ai\/sq\/gramatika-greke\/#primaryimage"},"image":{"@id":"https:\/\/talkpal.ai\/sq\/gramatika-greke\/#primaryimage"},"thumbnailUrl":"https:\/\/talkpal.ai\/wp-content\/uploads\/2023\/05\/greece.png","datePublished":"2023-05-14T14:02:30+00:00","dateModified":"2025-12-13T15:14:27+00:00","description":"Zot\u00ebroni gramatik\u00ebn greke me besim - m\u00ebsoni rregulla t\u00eb r\u00ebnd\u00ebsishme, praktikoni formimin e fjalive dhe forconi shpejt aft\u00ebsit\u00eb tuaja me TalkPal AI.","breadcrumb":{"@id":"https:\/\/talkpal.ai\/sq\/gramatika-greke\/#breadcrumb"},"inLanguage":"sq-AL","potentialAction":[{"@type":"ReadAction","target":["https:\/\/talkpal.ai\/sq\/gramatika-greke\/"]}]},{"@type":"ImageObject","inLanguage":"sq-AL","@id":"https:\/\/talkpal.ai\/sq\/gramatika-greke\/#primaryimage","url":"https:\/\/talkpal.ai\/wp-content\/uploads\/2023\/05\/greece.png","contentUrl":"https:\/\/talkpal.ai\/wp-content\/uploads\/2023\/05\/greece.png","width":512,"height":512,"caption":"TalkPal Greece Flag"},{"@type":"BreadcrumbList","@id":"https:\/\/talkpal.ai\/sq\/gramatika-greke\/#breadcrumb","itemListElement":[{"@type":"ListItem","position":1,"name":"Homepage","item":"https:\/\/talkpal.ai\/sq\/"},{"@type":"ListItem","position":2,"name":"Gramatika greke"}]},{"@type":"WebSite","@id":"https:\/\/talkpal.ai\/sq\/#website","url":"https:\/\/talkpal.ai\/sq\/","name":"Talkpal","description":"AI Language Learning","publisher":{"@id":"https:\/\/talkpal.ai\/sq\/#organization"},"alternateName":"Talkpal AI","potentialAction":[{"@type":"SearchAction","target":{"@type":"EntryPoint","urlTemplate":"https:\/\/talkpal.ai\/sq\/?s={search_term_string}"},"query-input":{"@type":"PropertyValueSpecification","valueRequired":true,"valueName":"search_term_string"}}],"inLanguage":"sq-AL"},{"@type":"Organization","@id":"https:\/\/talkpal.ai\/sq\/#organization","name":"Talkpal, Inc.","alternateName":"Talkpal AI","url":"https:\/\/talkpal.ai\/sq\/","logo":{"@type":"ImageObject","inLanguage":"sq-AL","@id":"https:\/\/talkpal.ai\/sq\/#\/schema\/logo\/image\/","url":"https:\/\/talkpal.ai\/wp-content\/uploads\/2024\/03\/Talkpal-Logo-Icon.png","contentUrl":"https:\/\/talkpal.ai\/wp-content\/uploads\/2024\/03\/Talkpal-Logo-Icon.png","width":2880,"height":2880,"caption":"Talkpal, Inc."},"image":{"@id":"https:\/\/talkpal.ai\/sq\/#\/schema\/logo\/image\/"},"sameAs":["https:\/\/www.facebook.com\/profile.php?id=100090733639311","https:\/\/x.com\/talkpalai","https:\/\/www.linkedin.com\/company\/talkpal\/","https:\/\/www.youtube.com\/@TalkPal\/","https:\/\/www.tiktok.com\/@talkpal","https:\/\/www.instagram.com\/talkpal_ai\/","https:\/\/www.crunchbase.com\/organization\/talkpal-9cde","https:\/\/www.g2.com\/products\/talkpal-for-business\/","https:\/\/www.trustpilot.com\/review\/talkpal.ai","https:\/\/www.capterra.com\/p\/10006800\/TalkPal\/"],"description":"Talkpal is a language learning web and mobile education app, powered by the latest AI technologies, that provides engaging experiences to its customers in many different languages to help them improve their language skills. Users can chat about unlimited amount of topics with the app and use other modes to practice their language learning.","email":"support@talkpal.ai","legalName":"Talkpal, Inc.","foundingDate":"2023-04-03","duns":"118989042","numberOfEmployees":{"@type":"QuantitativeValue","minValue":"11","maxValue":"50"},"publishingPrinciples":"https:\/\/talkpal.ai\/publishing-principles\/","actionableFeedbackPolicy":"https:\/\/talkpal.ai\/actionable-feedback-policy\/","correctionsPolicy":"https:\/\/talkpal.ai\/corrections-policy\/","ethicsPolicy":"https:\/\/talkpal.ai\/ethics-policy\/","diversityPolicy":"https:\/\/talkpal.ai\/diversity-policy\/","diversityStaffingReport":"https:\/\/talkpal.ai\/diversity-policy\/"}]}},"_links":{"self":[{"href":"https:\/\/talkpal.ai\/sq\/wp-json\/wp\/v2\/pages\/1442849","targetHints":{"allow":["GET"]}}],"collection":[{"href":"https:\/\/talkpal.ai\/sq\/wp-json\/wp\/v2\/pages"}],"about":[{"href":"https:\/\/talkpal.ai\/sq\/wp-json\/wp\/v2\/types\/page"}],"author":[{"embeddable":true,"href":"https:\/\/talkpal.ai\/sq\/wp-json\/wp\/v2\/users\/1"}],"replies":[{"embeddable":true,"href":"https:\/\/talkpal.ai\/sq\/wp-json\/wp\/v2\/comments?post=1442849"}],"version-history":[{"count":0,"href":"https:\/\/talkpal.ai\/sq\/wp-json\/wp\/v2\/pages\/1442849\/revisions"}],"wp:featuredmedia":[{"embeddable":true,"href":"https:\/\/talkpal.ai\/sq\/wp-json\/wp\/v2\/media\/1442851"}],"wp:attachment":[{"href":"https:\/\/talkpal.ai\/sq\/wp-json\/wp\/v2\/media?parent=1442849"}],"curies":[{"name":"wp","href":"https:\/\/api.w.org\/{rel}","templated":true}]}}