{"id":1442847,"date":"2023-05-14T14:08:53","date_gmt":"2023-05-14T14:08:53","guid":{"rendered":"https:\/\/talkpal.ai\/gramatika-hungareze\/"},"modified":"2025-12-12T10:50:27","modified_gmt":"2025-12-12T10:50:27","slug":"gramatika-hungareze","status":"publish","type":"page","link":"https:\/\/talkpal.ai\/sq\/gramatika-hungareze\/","title":{"rendered":"Gramatika hungareze"},"content":{"rendered":"\r\n\r\n\r\n<section class=\"languageChallengeSection\">\r\n    <div class=\"languageInfoWrapper\">\r\n        \r\n        <h1>Gramatika hungareze<\/h1>\r\n        <p>Gati p\u00ebr t\u00eb marr\u00eb nj\u00eb sfid\u00eb v\u00ebrtet unike gjuh\u00ebsore? Zhytuni n\u00eb gramatik\u00ebn <a href=\"https:\/\/talkpal.ai\/learn-hungarian\/\">hungareze<\/a> dhe zbuloni ve\u00e7orit\u00eb e saj t\u00eb jasht\u00ebzakonshme. Filloni t\u00eb m\u00ebsoni sot dhe zbuloni <a href=\"https:\/\/talkpal.ai\/culture\/what-is-the-difference-between-se-and-si\/\">se si<\/a> zot\u00ebrimi i gramatik\u00ebs hungareze hap dyert p\u00ebr biseda kuptimplota dhe nj\u00eb vler\u00ebsim t\u00eb thell\u00eb t\u00eb trash\u00ebgimis\u00eb s\u00eb pasur gjuh\u00ebsore t\u00eb Hungaris\u00eb!<\/p>\r\n\r\n                            <a class=\"getStartedHidden\" href=\"https:\/\/app.talkpal.ai\/signup?lng=\">Filloni<\/a>\r\n        \r\n    <\/div>\r\n\r\n    <figure>\r\n    <img decoding=\"async\" width=\"768\" height=\"768\" src=\"https:\/\/talkpal.ai\/wp-content\/uploads\/2023\/06\/hungarian-768x768.png\" class=\"languageImage no-lazy\" alt=\"Language learning strategies for advanced learners\" fetchpriority=\"high\" sizes=\"(max-width: 768px) 150px, 768px\" srcset=\"https:\/\/talkpal.ai\/wp-content\/uploads\/2023\/06\/hungarian-768x768.png 768w, https:\/\/talkpal.ai\/wp-content\/uploads\/2023\/06\/hungarian-300x300.png 300w\" \/>\r\n    \r\n\r\n    <\/figure>\r\n\r\n            <a class=\"getStartedVisible\" href=\"https:\/\/app.talkpal.ai\/signup?lng=\">Filloni<\/a>\r\n    \r\n<\/section>\r\n<section class=\"promotionalBanner\">\r\n    <p class=\"promotionalText\">M\u00ebnyra m\u00eb efikase p\u00ebr t\u00eb m\u00ebsuar nj\u00eb gjuh\u00eb<\/p>\r\n    <a class=\"promotionalLink\" href=\"https:\/\/app.talkpal.ai\/signup?lng=\">Provoni Talkpal falas<\/a>\r\n<\/section>\n<div class=\"wp-block-group pageContainerStyle\"><div class=\"wp-block-group__inner-container is-layout-constrained wp-block-group-is-layout-constrained\">\n<h2 class=\"wp-block-heading\" id=\"h-title-unlocking-the-secrets-of-hungarian-grammar\">Titulli: Zbulimi i sekreteve t\u00eb gramatik\u00ebs hungareze<\/h2>\n\n\n\n<p>Hungarezja, nj\u00eb gjuh\u00eb fino-ugrike, shquhet me sistemin e saj unik gramatikore, duke e b\u00ebr\u00eb at\u00eb nj\u00eb sfid\u00eb magjeps\u00ebse p\u00ebr entuziast\u00ebt e gjuh\u00ebs. M\u00ebsimi i gjuh\u00ebs hungareze jo vet\u00ebm q\u00eb zgjeron njohurit\u00eb tuaja gjuh\u00ebsore, por gjithashtu ju lejon t\u00eb thelloheni n\u00eb kultur\u00ebn dhe historin\u00eb magjeps\u00ebse t\u00eb Hungaris\u00eb. Nd\u00ebrsa <a href=\"https:\/\/talkpal.ai\/sq\/gramatika\/\">gramatika<\/a> hungareze fillimisht mund t\u00eb duket frik\u00ebsuese, ndarja e saj n\u00eb komponent\u00eb t\u00eb menaxhuesh\u00ebm e b\u00ebn procesin e t\u00eb m\u00ebsuarit m\u00eb t\u00eb arritsh\u00ebm. N\u00eb k\u00ebt\u00eb artikull, ne do t&#8217;ju prezantojm\u00eb me bot\u00ebn intriguese t\u00eb gramatik\u00ebs hungareze dhe do t&#8217;ju ofrojm\u00eb udh\u00ebzime p\u00ebr zot\u00ebrimin e kompleksitetit t\u00eb saj.<\/p>\n\n\n\n<h3 class=\"wp-block-heading\" id=\"h-1-word-order-a-flexible-feature\">1. Rendi i fjal\u00ebve: Nj\u00eb ve\u00e7ori fleksib\u00ebl<\/h3>\n\n\n\n<p>Ndryshe nga shum\u00eb gjuh\u00eb t\u00eb tjera, hungarezja ka nj\u00eb rend fjal\u00ebsh relativisht fleksib\u00ebl. Nd\u00ebrsa fjalia tipike hungareze ndjek modelin Subjekt-Folje-Objekt (SVO), renditjet e tjera t\u00eb fjal\u00ebve jan\u00eb gjithashtu t\u00eb zakonshme dhe p\u00ebrdoren p\u00ebr t\u00eb theksuar pjes\u00eb t\u00eb ndryshme t\u00eb fjalis\u00eb. Njohja me k\u00ebto variacione do t&#8217;ju mund\u00ebsoj\u00eb t\u00eb kuptoni dhe nd\u00ebrtoni fjalit\u00eb hungareze n\u00eb m\u00ebnyr\u00eb m\u00eb efektive.<\/p>\n\n\n\n<h3 class=\"wp-block-heading\" id=\"h-2-nouns-and-cases-the-role-of-suffixes\">2. Emrat dhe rastet: Roli i prapashteshave<\/h3>\n\n\n\n<p>Emrat hungarez\u00eb nuk kan\u00eb gjini gramatikore, duke thjeshtuar nd\u00ebrtimin e fjalis\u00eb. Megjithat\u00eb, emrat dhe pjes\u00ebt e tjera t\u00eb t\u00eb folurit n\u00eb gramatik\u00ebn hungareze p\u00ebrdorin nj\u00eb boll\u00ebk prapashtesash p\u00ebr t\u00eb treguar rastet, zot\u00ebrimin dhe pluralitetin. M\u00ebsimi i k\u00ebtyre prapashteshave dhe p\u00ebrdorimeve t\u00eb <a href=\"https:\/\/talkpal.ai\/locations\/language-courses-in-tyre\/\">tyre<\/a> do t\u00eb p\u00ebrmir\u00ebsoj\u00eb shum\u00eb aft\u00ebsin\u00eb tuaj p\u00ebr t\u00eb komunikuar n\u00eb hungarezisht.<\/p>\n\n\n\n<p>Shembuj:<\/p>\n\n\n\n<p><strong>\u2013 h\u00e1z (sht\u00ebpi) \u2013 h\u00e1zak (sht\u00ebpi)<\/strong><\/p>\n\n\n\n<p><strong>\u2013 H\u00e1zban (n\u00eb sht\u00ebpi) \u2013 H\u00e1zakban (n\u00eb sht\u00ebpi)<\/strong><\/p>\n\n\n\n<h3 class=\"wp-block-heading\" id=\"h-3-verbs-conjugation-and-tense\">3. Foljet: Konjugimi dhe koha<\/h3>\n\n\n\n<p>Foljet hungareze jan\u00eb t\u00eb lidhura sipas koh\u00ebs, humorit, subjektit dhe p\u00ebrcaktimit. Nd\u00ebrsa ka disa koh\u00eb n\u00eb hungarezisht, m\u00ebsimi i tre koh\u00ebve kryesore \u2013 e tashmja, e kaluara dhe e ardhmja \u2013 \u00ebsht\u00eb nj\u00eb pik\u00ebnisje e mir\u00eb. Njihuni me modelet e rregullta t\u00eb konjugimit t\u00eb foljeve dhe m\u00ebsoni folje t\u00eb zakonshme t\u00eb parregullta p\u00ebr t\u00eb rritur aft\u00ebsit\u00eb tuaja t\u00eb komunikimit verbal.<\/p>\n\n\n\n<h3 class=\"wp-block-heading\" id=\"h-4-adjectives-agreement-and-placement\">4. Mbiemrat: Marr\u00ebveshja dhe vendosja<\/h3>\n\n\n\n<p>N\u00eb gramatik\u00ebn hungareze, mbiemrat duhet t\u00eb pajtohen me emrin q\u00eb modifikojn\u00eb p\u00ebr sa i p\u00ebrket numrit (nj\u00ebj\u00ebs ose shum\u00ebs). Megjithat\u00eb, mbiemrat nuk duhet t\u00eb p\u00ebrputhen me emrin p\u00ebr rastin gramatikor. Mbiemrat zakonisht i paraprijn\u00eb emrit, duke siguruar kontekst p\u00ebrshkrues p\u00ebr fjalin\u00eb.<\/p>\n\n\n\n<p>Shembuj:<\/p>\n\n\n\n<p><strong>\u2013 Piros Alma (Moll\u00eb e Kuqe)<\/strong><\/p>\n\n\n\n<p><strong>\u2013 sz\u00e9p vir\u00e1gok (lule t\u00eb bukura)<\/strong><\/p>\n\n\n\n<h3 class=\"wp-block-heading\" id=\"h-5-vowel-harmony-a-unique-feature\">5. Harmonia zanore: Nj\u00eb ve\u00e7ori unike<\/h3>\n\n\n\n<p>Nj\u00eb aspekt dallues i gramatik\u00ebs hungareze \u00ebsht\u00eb harmonia zanore, e cila p\u00ebrfshin marr\u00ebveshjen e zanoreve brenda fjal\u00ebve. Harmonia zanore ndikon n\u00eb m\u00ebnyr\u00ebn se si formohen prapashtesat dhe lidhen me fjal\u00ebt. T\u00eb kuptuarit dhe praktikimi i harmonis\u00eb zanore do ta b\u00ebj\u00eb hungarez\u00ebn tuaj t\u00eb shkruar dhe t\u00eb folur m\u00eb t\u00eb sakt\u00eb dhe t\u00eb natyrshme.<\/p>\n\n\n\n<h3 class=\"wp-block-heading\" id=\"h-6-engaging-with-the-language\">6. Angazhimi me gjuh\u00ebn<\/h3>\n\n\n\n<p>M\u00ebnyra m\u00eb efektive p\u00ebr t\u00eb kuptuar dhe p\u00ebrvet\u00ebsuar plot\u00ebsisht gramatik\u00ebn hungareze \u00ebsht\u00eb t\u00eb angazhoheni vazhdimisht me gjuh\u00ebn. Duke lexuar let\u00ebrsi hungareze, duke par\u00eb filma amtare ose duke biseduar n\u00eb m\u00ebnyr\u00eb aktive me fol\u00ebsit amtare, ju do t\u00eb p\u00ebrforconi t\u00eb kuptuarit tuaj t\u00eb gramatik\u00ebs duke zgjeruar fjalorin tuaj nj\u00ebkoh\u00ebsisht.<\/p>\n\n\n\n<h3 class=\"wp-block-heading\" id=\"h-conclusion\">P\u00ebrfundimi<\/h3>\n\n\n\n<p>Megjith\u00ebse gramatika hungareze mund t\u00eb duket komplekse, qasja hap pas hapi dhe praktikimi i vazhduesh\u00ebm do t&#8217;ju ndihmoj\u00eb t\u00eb b\u00ebheni t\u00eb aft\u00eb n\u00eb k\u00ebt\u00eb gjuh\u00eb magjeps\u00ebse. P\u00ebrqafoni sfid\u00ebn nd\u00ebrsa filloni udh\u00ebtimin tuaj n\u00eb gjuh\u00ebn hungareze dhe s\u00eb shpejti do ta gjeni veten duke lundruar me besim n\u00eb nd\u00ebrlikimet e gramatik\u00ebs s\u00eb saj. G\u00ebzuar studimin dhe k\u00ebnaquni duke eksploruar mrekullit\u00eb e gramatik\u00ebs hungareze!<\/p>\n<\/div><\/div>\n\r\n<section class=\"learnNavigationSection\">\r\n            \r\n        <a href=\"https:\/\/talkpal.ai\/sq\/meso-hungarisht\/\">\r\n            <div class=\"learnNavigationWrapper\">\r\n                <div class=\"learnNavigationContent\">\r\n                    <img decoding=\"async\" src=\"https:\/\/talkpal.ai\/wp-content\/uploads\/2024\/08\/Hungarian.jpg\" alt=\"Hungarian Flag\">\r\n                    <div>\r\n                        <h4>Rreth t\u00eb m\u00ebsuarit hungarezisht<\/h4>\r\n                        <p>M\u00ebsoni gjith\u00e7ka rreth gramatik\u00ebs hungareze.<\/p>\r\n                    <\/div>\r\n                <\/div>\r\n            <\/div>\r\n        <\/a>\r\n\r\n        \r\n        <a href=\"https:\/\/talkpal.ai\/sq\/ushtrimet-gramatikore-hungareze\/\">\r\n            <div class=\"learnNavigationWrapper\">\r\n                <div class=\"learnNavigationContent\">\r\n                    <img decoding=\"async\" src=\"https:\/\/talkpal.ai\/wp-content\/uploads\/2024\/08\/Hungarian.jpg\" alt=\"Hungarian Flag\">\r\n                    <div>\r\n                        <h4>Ushtrimi i gramatik\u00ebs hungareze<\/h4>\r\n                        <p>Praktikoni gramatik\u00ebn hungareze.<\/p>\r\n                    <\/div>\r\n                <\/div>\r\n            <\/div>\r\n        <\/a>\r\n\r\n        \r\n        <a href=\"https:\/\/talkpal.ai\/vocabulary_language\/hungarian\/\">\r\n            <div class=\"learnNavigationWrapper\">\r\n                <div class=\"learnNavigationContent\">\r\n                    <img decoding=\"async\" src=\"https:\/\/talkpal.ai\/wp-content\/uploads\/2024\/08\/Hungarian.jpg\" alt=\"Hungarian Flag\">\r\n                    <div>\r\n                        <h4>Fjalori hungarez<\/h4>\r\n                        <p>Zgjeroni fjalorin tuaj hungarez.<\/p>\r\n                    <\/div>\r\n                <\/div>\r\n            <\/div>\r\n        <\/a>\r\n\r\n            <\/section>","protected":false},"excerpt":{"rendered":"<p>Titulli: Zbulimi i sekreteve t\u00eb gramatik\u00ebs hungareze Hungarezja, nj\u00eb gjuh\u00eb fino-ugrike, shquhet me sistemin e saj unik gramatikore, duke e b\u00ebr\u00eb at\u00eb nj\u00eb sfid\u00eb magjeps\u00ebse p\u00ebr entuziast\u00ebt e gjuh\u00ebs. M\u00ebsimi i gjuh\u00ebs hungareze jo vet\u00ebm q\u00eb zgjeron njohurit\u00eb tuaja gjuh\u00ebsore, por gjithashtu ju lejon t\u00eb thelloheni n\u00eb kultur\u00ebn dhe historin\u00eb magjeps\u00ebse t\u00eb Hungaris\u00eb. Nd\u00ebrsa gramatika [&hellip;]<\/p>\n","protected":false},"author":1,"featured_media":1442850,"parent":0,"menu_order":0,"comment_status":"closed","ping_status":"closed","template":"LearningContentPage.php","meta":{"_acf_changed":false,"footnotes":""},"class_list":["post-1442847","page","type-page","status-publish","has-post-thumbnail","hentry"],"acf":[],"yoast_head":"<!-- This site is optimized with the Yoast SEO Premium plugin v27.2 (Yoast SEO v27.2) - https:\/\/yoast.com\/product\/yoast-seo-premium-wordpress\/ -->\n<title>Gramatika hungareze - Talkpal<\/title>\n<meta name=\"description\" content=\"Zot\u00ebroni gramatik\u00ebn hungareze - m\u00ebsoni rregullat gramatikore dhe praktikoni formimin e fjalive. Merrni udh\u00ebzime t\u00eb dobishme nga TalkPal AI.\" \/>\n<meta name=\"robots\" content=\"index, follow, max-snippet:-1, max-image-preview:large, max-video-preview:-1\" \/>\n<link rel=\"canonical\" href=\"https:\/\/talkpal.ai\/sq\/gramatika-hungareze\/\" \/>\n<meta property=\"og:locale\" content=\"sq_AL\" \/>\n<meta property=\"og:type\" content=\"article\" \/>\n<meta property=\"og:title\" content=\"Gramatika hungareze\" \/>\n<meta property=\"og:description\" content=\"Titulli: Zbulimi i sekreteve t\u00eb gramatik\u00ebs hungareze Hungarezja, nj\u00eb gjuh\u00eb fino-ugrike, shquhet me sistemin e saj unik gramatikore, duke e b\u00ebr\u00eb at\u00eb nj\u00eb\" \/>\n<meta property=\"og:url\" content=\"https:\/\/talkpal.ai\/sq\/gramatika-hungareze\/\" \/>\n<meta property=\"og:site_name\" content=\"Talkpal\" \/>\n<meta property=\"article:publisher\" content=\"https:\/\/www.facebook.com\/profile.php?id=100090733639311\" \/>\n<meta property=\"article:modified_time\" content=\"2025-12-12T10:50:27+00:00\" \/>\n<meta property=\"og:image\" content=\"https:\/\/talkpal.ai\/wp-content\/uploads\/2023\/05\/Hungarian.png\" \/>\n\t<meta property=\"og:image:width\" content=\"512\" \/>\n\t<meta property=\"og:image:height\" content=\"512\" \/>\n\t<meta property=\"og:image:type\" content=\"image\/png\" \/>\n<meta name=\"twitter:card\" content=\"summary_large_image\" \/>\n<meta name=\"twitter:site\" content=\"@talkpalai\" \/>\n<meta name=\"twitter:label1\" content=\"Est. reading time\" \/>\n\t<meta name=\"twitter:data1\" content=\"3 minutes\" \/>\n<script type=\"application\/ld+json\" class=\"yoast-schema-graph\">{\"@context\":\"https:\/\/schema.org\",\"@graph\":[{\"@type\":\"WebPage\",\"@id\":\"https:\/\/talkpal.ai\/sq\/gramatika-hungareze\/\",\"url\":\"https:\/\/talkpal.ai\/sq\/gramatika-hungareze\/\",\"name\":\"Gramatika hungareze - Talkpal\",\"isPartOf\":{\"@id\":\"https:\/\/talkpal.ai\/sq\/#website\"},\"primaryImageOfPage\":{\"@id\":\"https:\/\/talkpal.ai\/sq\/gramatika-hungareze\/#primaryimage\"},\"image\":{\"@id\":\"https:\/\/talkpal.ai\/sq\/gramatika-hungareze\/#primaryimage\"},\"thumbnailUrl\":\"https:\/\/talkpal.ai\/wp-content\/uploads\/2023\/05\/Hungarian.png\",\"datePublished\":\"2023-05-14T14:08:53+00:00\",\"dateModified\":\"2025-12-12T10:50:27+00:00\",\"description\":\"Zot\u00ebroni gramatik\u00ebn hungareze - m\u00ebsoni rregullat gramatikore dhe praktikoni formimin e fjalive. Merrni udh\u00ebzime t\u00eb dobishme nga TalkPal AI.\",\"breadcrumb\":{\"@id\":\"https:\/\/talkpal.ai\/sq\/gramatika-hungareze\/#breadcrumb\"},\"inLanguage\":\"sq-AL\",\"potentialAction\":[{\"@type\":\"ReadAction\",\"target\":[\"https:\/\/talkpal.ai\/sq\/gramatika-hungareze\/\"]}]},{\"@type\":\"ImageObject\",\"inLanguage\":\"sq-AL\",\"@id\":\"https:\/\/talkpal.ai\/sq\/gramatika-hungareze\/#primaryimage\",\"url\":\"https:\/\/talkpal.ai\/wp-content\/uploads\/2023\/05\/Hungarian.png\",\"contentUrl\":\"https:\/\/talkpal.ai\/wp-content\/uploads\/2023\/05\/Hungarian.png\",\"width\":512,\"height\":512,\"caption\":\"TalkPal Hungarian Flag\"},{\"@type\":\"BreadcrumbList\",\"@id\":\"https:\/\/talkpal.ai\/sq\/gramatika-hungareze\/#breadcrumb\",\"itemListElement\":[{\"@type\":\"ListItem\",\"position\":1,\"name\":\"Homepage\",\"item\":\"https:\/\/talkpal.ai\/sq\/\"},{\"@type\":\"ListItem\",\"position\":2,\"name\":\"Gramatika hungareze\"}]},{\"@type\":\"WebSite\",\"@id\":\"https:\/\/talkpal.ai\/sq\/#website\",\"url\":\"https:\/\/talkpal.ai\/sq\/\",\"name\":\"Talkpal\",\"description\":\"AI Language Learning\",\"publisher\":{\"@id\":\"https:\/\/talkpal.ai\/sq\/#organization\"},\"alternateName\":\"Talkpal AI\",\"potentialAction\":[{\"@type\":\"SearchAction\",\"target\":{\"@type\":\"EntryPoint\",\"urlTemplate\":\"https:\/\/talkpal.ai\/sq\/?s={search_term_string}\"},\"query-input\":{\"@type\":\"PropertyValueSpecification\",\"valueRequired\":true,\"valueName\":\"search_term_string\"}}],\"inLanguage\":\"sq-AL\"},{\"@type\":\"Organization\",\"@id\":\"https:\/\/talkpal.ai\/sq\/#organization\",\"name\":\"Talkpal, Inc.\",\"alternateName\":\"Talkpal AI\",\"url\":\"https:\/\/talkpal.ai\/sq\/\",\"logo\":{\"@type\":\"ImageObject\",\"inLanguage\":\"sq-AL\",\"@id\":\"https:\/\/talkpal.ai\/sq\/#\/schema\/logo\/image\/\",\"url\":\"https:\/\/talkpal.ai\/wp-content\/uploads\/2024\/03\/Talkpal-Logo-Icon.png\",\"contentUrl\":\"https:\/\/talkpal.ai\/wp-content\/uploads\/2024\/03\/Talkpal-Logo-Icon.png\",\"width\":2880,\"height\":2880,\"caption\":\"Talkpal, Inc.\"},\"image\":{\"@id\":\"https:\/\/talkpal.ai\/sq\/#\/schema\/logo\/image\/\"},\"sameAs\":[\"https:\/\/www.facebook.com\/profile.php?id=100090733639311\",\"https:\/\/x.com\/talkpalai\",\"https:\/\/www.linkedin.com\/company\/talkpal\/\",\"https:\/\/www.youtube.com\/@TalkPal\/\",\"https:\/\/www.tiktok.com\/@talkpal\",\"https:\/\/www.instagram.com\/talkpal_ai\/\",\"https:\/\/www.crunchbase.com\/organization\/talkpal-9cde\",\"https:\/\/www.g2.com\/products\/talkpal-for-business\/\",\"https:\/\/www.trustpilot.com\/review\/talkpal.ai\",\"https:\/\/www.capterra.com\/p\/10006800\/TalkPal\/\"],\"description\":\"Talkpal is a language learning web and mobile education app, powered by the latest AI technologies, that provides engaging experiences to its customers in many different languages to help them improve their language skills. Users can chat about unlimited amount of topics with the app and use other modes to practice their language learning.\",\"email\":\"support@talkpal.ai\",\"legalName\":\"Talkpal, Inc.\",\"foundingDate\":\"2023-04-03\",\"duns\":\"118989042\",\"numberOfEmployees\":{\"@type\":\"QuantitativeValue\",\"minValue\":\"11\",\"maxValue\":\"50\"},\"publishingPrinciples\":\"https:\/\/talkpal.ai\/publishing-principles\/\",\"actionableFeedbackPolicy\":\"https:\/\/talkpal.ai\/actionable-feedback-policy\/\",\"correctionsPolicy\":\"https:\/\/talkpal.ai\/corrections-policy\/\",\"ethicsPolicy\":\"https:\/\/talkpal.ai\/ethics-policy\/\",\"diversityPolicy\":\"https:\/\/talkpal.ai\/diversity-policy\/\",\"diversityStaffingReport\":\"https:\/\/talkpal.ai\/diversity-policy\/\"}]}<\/script>\n<!-- \/ Yoast SEO Premium plugin. -->","yoast_head_json":{"title":"Gramatika hungareze - Talkpal","description":"Zot\u00ebroni gramatik\u00ebn hungareze - m\u00ebsoni rregullat gramatikore dhe praktikoni formimin e fjalive. Merrni udh\u00ebzime t\u00eb dobishme nga TalkPal AI.","robots":{"index":"index","follow":"follow","max-snippet":"max-snippet:-1","max-image-preview":"max-image-preview:large","max-video-preview":"max-video-preview:-1"},"canonical":"https:\/\/talkpal.ai\/sq\/gramatika-hungareze\/","og_locale":"sq_AL","og_type":"article","og_title":"Gramatika hungareze","og_description":"Titulli: Zbulimi i sekreteve t\u00eb gramatik\u00ebs hungareze Hungarezja, nj\u00eb gjuh\u00eb fino-ugrike, shquhet me sistemin e saj unik gramatikore, duke e b\u00ebr\u00eb at\u00eb nj\u00eb","og_url":"https:\/\/talkpal.ai\/sq\/gramatika-hungareze\/","og_site_name":"Talkpal","article_publisher":"https:\/\/www.facebook.com\/profile.php?id=100090733639311","article_modified_time":"2025-12-12T10:50:27+00:00","og_image":[{"width":512,"height":512,"url":"https:\/\/talkpal.ai\/wp-content\/uploads\/2023\/05\/Hungarian.png","type":"image\/png"}],"twitter_card":"summary_large_image","twitter_site":"@talkpalai","twitter_misc":{"Est. reading time":"3 minutes"},"schema":{"@context":"https:\/\/schema.org","@graph":[{"@type":"WebPage","@id":"https:\/\/talkpal.ai\/sq\/gramatika-hungareze\/","url":"https:\/\/talkpal.ai\/sq\/gramatika-hungareze\/","name":"Gramatika hungareze - Talkpal","isPartOf":{"@id":"https:\/\/talkpal.ai\/sq\/#website"},"primaryImageOfPage":{"@id":"https:\/\/talkpal.ai\/sq\/gramatika-hungareze\/#primaryimage"},"image":{"@id":"https:\/\/talkpal.ai\/sq\/gramatika-hungareze\/#primaryimage"},"thumbnailUrl":"https:\/\/talkpal.ai\/wp-content\/uploads\/2023\/05\/Hungarian.png","datePublished":"2023-05-14T14:08:53+00:00","dateModified":"2025-12-12T10:50:27+00:00","description":"Zot\u00ebroni gramatik\u00ebn hungareze - m\u00ebsoni rregullat gramatikore dhe praktikoni formimin e fjalive. Merrni udh\u00ebzime t\u00eb dobishme nga TalkPal AI.","breadcrumb":{"@id":"https:\/\/talkpal.ai\/sq\/gramatika-hungareze\/#breadcrumb"},"inLanguage":"sq-AL","potentialAction":[{"@type":"ReadAction","target":["https:\/\/talkpal.ai\/sq\/gramatika-hungareze\/"]}]},{"@type":"ImageObject","inLanguage":"sq-AL","@id":"https:\/\/talkpal.ai\/sq\/gramatika-hungareze\/#primaryimage","url":"https:\/\/talkpal.ai\/wp-content\/uploads\/2023\/05\/Hungarian.png","contentUrl":"https:\/\/talkpal.ai\/wp-content\/uploads\/2023\/05\/Hungarian.png","width":512,"height":512,"caption":"TalkPal Hungarian Flag"},{"@type":"BreadcrumbList","@id":"https:\/\/talkpal.ai\/sq\/gramatika-hungareze\/#breadcrumb","itemListElement":[{"@type":"ListItem","position":1,"name":"Homepage","item":"https:\/\/talkpal.ai\/sq\/"},{"@type":"ListItem","position":2,"name":"Gramatika hungareze"}]},{"@type":"WebSite","@id":"https:\/\/talkpal.ai\/sq\/#website","url":"https:\/\/talkpal.ai\/sq\/","name":"Talkpal","description":"AI Language Learning","publisher":{"@id":"https:\/\/talkpal.ai\/sq\/#organization"},"alternateName":"Talkpal AI","potentialAction":[{"@type":"SearchAction","target":{"@type":"EntryPoint","urlTemplate":"https:\/\/talkpal.ai\/sq\/?s={search_term_string}"},"query-input":{"@type":"PropertyValueSpecification","valueRequired":true,"valueName":"search_term_string"}}],"inLanguage":"sq-AL"},{"@type":"Organization","@id":"https:\/\/talkpal.ai\/sq\/#organization","name":"Talkpal, Inc.","alternateName":"Talkpal AI","url":"https:\/\/talkpal.ai\/sq\/","logo":{"@type":"ImageObject","inLanguage":"sq-AL","@id":"https:\/\/talkpal.ai\/sq\/#\/schema\/logo\/image\/","url":"https:\/\/talkpal.ai\/wp-content\/uploads\/2024\/03\/Talkpal-Logo-Icon.png","contentUrl":"https:\/\/talkpal.ai\/wp-content\/uploads\/2024\/03\/Talkpal-Logo-Icon.png","width":2880,"height":2880,"caption":"Talkpal, Inc."},"image":{"@id":"https:\/\/talkpal.ai\/sq\/#\/schema\/logo\/image\/"},"sameAs":["https:\/\/www.facebook.com\/profile.php?id=100090733639311","https:\/\/x.com\/talkpalai","https:\/\/www.linkedin.com\/company\/talkpal\/","https:\/\/www.youtube.com\/@TalkPal\/","https:\/\/www.tiktok.com\/@talkpal","https:\/\/www.instagram.com\/talkpal_ai\/","https:\/\/www.crunchbase.com\/organization\/talkpal-9cde","https:\/\/www.g2.com\/products\/talkpal-for-business\/","https:\/\/www.trustpilot.com\/review\/talkpal.ai","https:\/\/www.capterra.com\/p\/10006800\/TalkPal\/"],"description":"Talkpal is a language learning web and mobile education app, powered by the latest AI technologies, that provides engaging experiences to its customers in many different languages to help them improve their language skills. Users can chat about unlimited amount of topics with the app and use other modes to practice their language learning.","email":"support@talkpal.ai","legalName":"Talkpal, Inc.","foundingDate":"2023-04-03","duns":"118989042","numberOfEmployees":{"@type":"QuantitativeValue","minValue":"11","maxValue":"50"},"publishingPrinciples":"https:\/\/talkpal.ai\/publishing-principles\/","actionableFeedbackPolicy":"https:\/\/talkpal.ai\/actionable-feedback-policy\/","correctionsPolicy":"https:\/\/talkpal.ai\/corrections-policy\/","ethicsPolicy":"https:\/\/talkpal.ai\/ethics-policy\/","diversityPolicy":"https:\/\/talkpal.ai\/diversity-policy\/","diversityStaffingReport":"https:\/\/talkpal.ai\/diversity-policy\/"}]}},"_links":{"self":[{"href":"https:\/\/talkpal.ai\/sq\/wp-json\/wp\/v2\/pages\/1442847","targetHints":{"allow":["GET"]}}],"collection":[{"href":"https:\/\/talkpal.ai\/sq\/wp-json\/wp\/v2\/pages"}],"about":[{"href":"https:\/\/talkpal.ai\/sq\/wp-json\/wp\/v2\/types\/page"}],"author":[{"embeddable":true,"href":"https:\/\/talkpal.ai\/sq\/wp-json\/wp\/v2\/users\/1"}],"replies":[{"embeddable":true,"href":"https:\/\/talkpal.ai\/sq\/wp-json\/wp\/v2\/comments?post=1442847"}],"version-history":[{"count":0,"href":"https:\/\/talkpal.ai\/sq\/wp-json\/wp\/v2\/pages\/1442847\/revisions"}],"wp:featuredmedia":[{"embeddable":true,"href":"https:\/\/talkpal.ai\/sq\/wp-json\/wp\/v2\/media\/1442850"}],"wp:attachment":[{"href":"https:\/\/talkpal.ai\/sq\/wp-json\/wp\/v2\/media?parent=1442847"}],"curies":[{"name":"wp","href":"https:\/\/api.w.org\/{rel}","templated":true}]}}