{"id":1442843,"date":"2023-05-14T14:01:53","date_gmt":"2023-05-14T14:01:53","guid":{"rendered":"https:\/\/talkpal.ai\/gramatika-estoneze\/"},"modified":"2025-12-13T15:32:35","modified_gmt":"2025-12-13T15:32:35","slug":"gramatika-estoneze","status":"publish","type":"page","link":"https:\/\/talkpal.ai\/sq\/gramatika-estoneze\/","title":{"rendered":"Gramatika Estoneze"},"content":{"rendered":"\r\n\r\n\r\n<section class=\"languageChallengeSection\">\r\n    <div class=\"languageInfoWrapper\">\r\n        \r\n        <h1>Gramatika Estoneze<\/h1>\r\n        <p>Po mendoni t\u00eb m\u00ebsoni gjuh\u00ebn estoneze? Hyni n\u00eb bot\u00ebn e gramatik\u00ebs estoneze, ku aglutinimi, harmonia zanore dhe nj\u00eb gam\u00eb e gjer\u00eb rastesh emrash krijojn\u00eb nj\u00eb p\u00ebrvoj\u00eb v\u00ebrtet t\u00eb ve\u00e7ant\u00eb gjuh\u00ebsore. Filloni t\u00eb eksploroni sot &#8211; zot\u00ebrimi i gramatik\u00ebs estoneze jo vet\u00ebm q\u00eb do t\u00eb rris\u00eb rrjedhshm\u00ebrin\u00eb tuaj, por gjithashtu do t&#039;ju lidh\u00eb me kultur\u00ebn dhe historin\u00eb e pasur t\u00eb Estonis\u00eb!<\/p>\r\n\r\n                            <a class=\"getStartedHidden\" href=\"https:\/\/app.talkpal.ai\/signup?lng=\">Filloni<\/a>\r\n        \r\n    <\/div>\r\n\r\n    <figure>\r\n    <img decoding=\"async\" width=\"768\" height=\"768\" src=\"https:\/\/talkpal.ai\/wp-content\/uploads\/2023\/06\/Estonian-768x768.png\" class=\"languageImage no-lazy\" alt=\"Secret tricks of language learning\" fetchpriority=\"high\" sizes=\"(max-width: 768px) 150px, 768px\" srcset=\"https:\/\/talkpal.ai\/wp-content\/uploads\/2023\/06\/Estonian-768x768.png 768w, https:\/\/talkpal.ai\/wp-content\/uploads\/2023\/06\/Estonian-300x300.png 300w\" \/>\r\n    \r\n\r\n    <\/figure>\r\n\r\n            <a class=\"getStartedVisible\" href=\"https:\/\/app.talkpal.ai\/signup?lng=\">Filloni<\/a>\r\n    \r\n<\/section>\r\n<section class=\"promotionalBanner\">\r\n    <p class=\"promotionalText\">M\u00ebnyra m\u00eb efikase p\u00ebr t\u00eb m\u00ebsuar nj\u00eb gjuh\u00eb<\/p>\r\n    <a class=\"promotionalLink\" href=\"https:\/\/app.talkpal.ai\/signup?lng=\">Provoni Talkpal falas<\/a>\r\n<\/section>\n<div class=\"wp-block-group pageContainerStyle\"><div class=\"wp-block-group__inner-container is-layout-constrained wp-block-group-is-layout-constrained\">\n<h2 class=\"wp-block-heading\" id=\"h-estonian-grammar-the-gateway-to-a-unique-language-journey\">Gramatika estoneze: Porta drejt nj\u00eb udh\u00ebtimi unik gjuh\u00ebsor<\/h2>\n\n\n\n<p>Mir\u00eb se vini n\u00eb bot\u00ebn magjeps\u00ebse t\u00eb Estonezis\u00eb! Me mbi nj\u00eb milion fol\u00ebs amtare, Estoniashtja ju ofron nj\u00eb mund\u00ebsi unike p\u00ebr t\u00eb zgjeruar horizontet tuaja gjuh\u00ebsore dhe p\u00ebr t\u00eb zbuluar nj\u00eb kultur\u00eb t\u00eb gjall\u00eb. Nd\u00ebrsa nd\u00ebrlikimet e gramatik\u00ebs estoneze mund t\u00eb duken t\u00eb frikshme n\u00eb shikim t\u00eb par\u00eb, ky udh\u00ebzues miq\u00ebsor p\u00ebr fillestar\u00ebt \u00ebsht\u00eb k\u00ebtu p\u00ebr t\u00eb zb\u00ebrthyer themelet e gramatik\u00ebs estoneze n\u00eb nj\u00eb m\u00ebnyr\u00eb t\u00eb thjesht\u00eb dhe t\u00ebrheq\u00ebse.<\/p>\n\n\n\n<h3 class=\"wp-block-heading\" id=\"h-1-embracing-the-estonian-alphabet\">1. P\u00ebrqafimi i alfabetit estonez<\/h3>\n\n\n\n<p>Udh\u00ebtimi drejt zot\u00ebrimit t\u00eb estonezishtes fillon me alfabetin e tij. Estonezisht p\u00ebrdor shkrimin latin, t\u00eb plot\u00ebsuar me n\u00ebnt\u00eb karaktere speciale: \u00c4, \u00d6, \u00dc, \u00d5, \u0160, \u017d dhe homolog\u00ebt e <a href=\"https:\/\/talkpal.ai\/locations\/language-courses-in-tyre\/\">tyre<\/a> t\u00eb vegj\u00ebl. Njohja me k\u00ebta personazhe do t\u00eb krijoj\u00eb nj\u00eb baz\u00eb t\u00eb fort\u00eb p\u00ebr p\u00ebrvoj\u00ebn tuaj t\u00eb t\u00eb m\u00ebsuarit n\u00eb Estonez.<\/p>\n\n\n\n<h3 class=\"wp-block-heading\" id=\"h-2-getting-a-grip-on-estonian-nouns\">2. Kapja e emrave estonez\u00eb<\/h3>\n\n\n\n<p>Ndryshe nga shum\u00eb gjuh\u00eb evropiane, estonezja nuk b\u00ebn dallimin midis gjinive mashkullore dhe fem\u00ebrore. Emrat klasifikohen si nj\u00ebj\u00ebs ose shum\u00ebs, dhe \u00e7do em\u00ebr ka 14 raste. Nd\u00ebrsa kjo mund t\u00eb duket d\u00ebrrmuese, \u00ebsht\u00eb thelb\u00ebsore t\u00eb kuptohet se struktura morfologjike e emrave \u00ebsht\u00eb mjaft e rregullt, duke e b\u00ebr\u00eb m\u00eb t\u00eb leht\u00eb m\u00ebsimin. P\u00ebr t\u00eb filluar, p\u00ebrqendrohuni n\u00eb zot\u00ebrimin e rasteve m\u00eb t\u00eb zakonshme: Nominative, Genitive dhe Partitive.<\/p>\n\n\n\n<h3 class=\"wp-block-heading\" id=\"h-3-conquering-estonian-verb-conjugation\">3. Pushtimi i konjugimit t\u00eb foljeve estoneze<\/h3>\n\n\n\n<p>Foljet estoneze konjugohen bazuar n\u00eb koh\u00ebn, personin dhe numrin. Ekzistojn\u00eb vet\u00ebm tre koh\u00eb: e tashmja, e kaluara (e koduar nga pjes\u00ebmarrja e s\u00eb kaluar\u00ebs) dhe e ardhmja (e shprehur nga forma e koh\u00ebs s\u00eb tashme t\u00eb foljes, e kombinuar me nj\u00eb ndihm\u00ebs t\u00eb ardhsh\u00ebm).<\/p>\n\n\n\n<p>P\u00ebr shembull, k\u00ebtu jan\u00eb konjugimet p\u00ebr foljen &#8220;lugema&#8221; (p\u00ebr t\u00eb lexuar):<\/p>\n\n\n\n<p><strong>\u2013 E pranishme: Ma loen (Lexoj)<\/strong><\/p>\n\n\n\n<p><strong>\u2013 E kaluara: Ma lugesin (kam lexuar\/kam lexuar)<\/strong><\/p>\n\n\n\n<p><strong>\u2013 E ardhmja: Ma loen raamatuid (Un\u00eb do t\u00eb lexoj libra)<\/strong><\/p>\n\n\n\n<h3 class=\"wp-block-heading\" id=\"h-4-unraveling-the-mystery-of-estonian-pronouns\">4. Zbulimi i misterit t\u00eb p\u00ebremrave estonez\u00eb<\/h3>\n\n\n\n<p>P\u00ebremrat n\u00eb estonezi sh\u00ebrbejn\u00eb p\u00ebr t\u00eb z\u00ebvend\u00ebsuar emrat dhe p\u00ebr ta b\u00ebr\u00eb t\u00eb folurin m\u00eb t\u00eb qet\u00eb dhe m\u00eb dinamik. P\u00ebrqendrohuni n\u00eb m\u00ebsimin e p\u00ebremrave personal dhe pronorar\u00eb:<\/p>\n\n\n\n<p><strong>\u2013 P\u00ebremrat personal\u00eb: mina (I), sina (ti, joformal), tema (ai\/ajo), meie (ne), teie (ti, shum\u00ebs\/formal), nemad (ata)<\/strong><\/p>\n\n\n\n<p><strong>\u2013 P\u00ebremrat pronor\u00eb : minu (im), sinu (juaja, joformale), tema (e tij\/ajo), meie (tona), teie (tuaja, shum\u00ebs\/formal), nende (e tyre)<\/strong><\/p>\n\n\n\n<h3 class=\"wp-block-heading\" id=\"h-5-no-articles-no-problem\">5. Nuk ka artikuj, nuk ka problem!<\/h3>\n\n\n\n<p>Estonezja nuk p\u00ebrdor artikuj t\u00eb caktuar ose t\u00eb pacaktuar, duke ju lejuar t\u00eb merrni frym\u00eb leht\u00ebsimi. P\u00ebr shembull:<\/p>\n\n\n\n<p><strong>\u2013 Koer \u2013 &#8220;qen&#8221; ose &#8220;qen&#8221;<\/strong><\/p>\n\n\n\n<p><strong>\u2013 Maja \u2013 &#8220;sht\u00ebpi&#8221; ose &#8220;sht\u00ebpi&#8221;<\/strong><\/p>\n\n\n\n<p>Zot\u00ebrimi i gramatik\u00ebs estoneze \u00ebsht\u00eb nj\u00eb proces emocionues dhe pasurues, i cili hap dyert p\u00ebr nj\u00eb p\u00ebrvoj\u00eb t\u00eb pasur kulturore. Mos harroni se praktika \u00ebsht\u00eb thelb\u00ebsore, k\u00ebshtu q\u00eb zhytuni n\u00eb gramatik\u00ebn estoneze, angazhohuni me fol\u00ebsit amtare dhe nd\u00ebrtoni nj\u00eb baz\u00eb t\u00eb fort\u00eb p\u00ebr udh\u00ebtimin tuaj gjuh\u00ebsor. Edu! (Pa\u00e7 fat!)<\/p>\n<\/div><\/div>\n\r\n<section class=\"learnNavigationSection\">\r\n            \r\n        <a href=\"https:\/\/talkpal.ai\/sq\/meso-estonisht\/\">\r\n            <div class=\"learnNavigationWrapper\">\r\n                <div class=\"learnNavigationContent\">\r\n                    <img decoding=\"async\" src=\"https:\/\/talkpal.ai\/wp-content\/uploads\/2024\/08\/Estonian.jpg\" alt=\"Estonian Flag\">\r\n                    <div>\r\n                        <h4>Rreth m\u00ebsimit t\u00eb Estonezis\u00eb<\/h4>\r\n                        <p>M\u00ebsoni gjith\u00e7ka rreth gramatik\u00ebs estoneze.<\/p>\r\n                    <\/div>\r\n                <\/div>\r\n            <\/div>\r\n        <\/a>\r\n\r\n        \r\n        <a href=\"https:\/\/talkpal.ai\/sq\/ushtrimet-e-gramatikes-estoneze\/\">\r\n            <div class=\"learnNavigationWrapper\">\r\n                <div class=\"learnNavigationContent\">\r\n                    <img decoding=\"async\" src=\"https:\/\/talkpal.ai\/wp-content\/uploads\/2024\/08\/Estonian.jpg\" alt=\"Estonian Flag\">\r\n                    <div>\r\n                        <h4>Ushtrimi i gramatik\u00ebs estoneze<\/h4>\r\n                        <p>Praktikoni gramatik\u00ebn estoneze.<\/p>\r\n                    <\/div>\r\n                <\/div>\r\n            <\/div>\r\n        <\/a>\r\n\r\n        \r\n        <a href=\"https:\/\/talkpal.ai\/vocabulary_language\/estonian\/\">\r\n            <div class=\"learnNavigationWrapper\">\r\n                <div class=\"learnNavigationContent\">\r\n                    <img decoding=\"async\" src=\"https:\/\/talkpal.ai\/wp-content\/uploads\/2024\/08\/Estonian.jpg\" alt=\"Estonian Flag\">\r\n                    <div>\r\n                        <h4>Fjalori Estonez<\/h4>\r\n                        <p>Zgjeroni fjalorin tuaj estonez.<\/p>\r\n                    <\/div>\r\n                <\/div>\r\n            <\/div>\r\n        <\/a>\r\n\r\n            <\/section>","protected":false},"excerpt":{"rendered":"<p>Gramatika estoneze: Porta drejt nj\u00eb udh\u00ebtimi unik gjuh\u00ebsor Mir\u00eb se vini n\u00eb bot\u00ebn magjeps\u00ebse t\u00eb Estonezis\u00eb! Me mbi nj\u00eb milion fol\u00ebs amtare, Estoniashtja ju ofron nj\u00eb mund\u00ebsi unike p\u00ebr t\u00eb zgjeruar horizontet tuaja gjuh\u00ebsore dhe p\u00ebr t\u00eb zbuluar nj\u00eb kultur\u00eb t\u00eb gjall\u00eb. Nd\u00ebrsa nd\u00ebrlikimet e gramatik\u00ebs estoneze mund t\u00eb duken t\u00eb frikshme n\u00eb shikim t\u00eb [&hellip;]<\/p>\n","protected":false},"author":1,"featured_media":1442845,"parent":0,"menu_order":0,"comment_status":"closed","ping_status":"closed","template":"LearningContentPage.php","meta":{"_acf_changed":false,"footnotes":""},"class_list":["post-1442843","page","type-page","status-publish","has-post-thumbnail","hentry"],"acf":[],"yoast_head":"<!-- This site is optimized with the Yoast SEO Premium plugin v27.2 (Yoast SEO v27.2) - https:\/\/yoast.com\/product\/yoast-seo-premium-wordpress\/ -->\n<title>Gramatika Estoneze - Talkpal<\/title>\n<meta name=\"description\" content=\"Eksploroni konceptet thelb\u00ebsore t\u00eb gramatik\u00ebs estoneze, duke p\u00ebrfshir\u00eb rastet, foljet, struktur\u00ebn e fjalive, shqiptimin dhe k\u00ebshillat.\" \/>\n<meta name=\"robots\" content=\"index, follow, max-snippet:-1, max-image-preview:large, max-video-preview:-1\" \/>\n<link rel=\"canonical\" href=\"https:\/\/talkpal.ai\/sq\/gramatika-estoneze\/\" \/>\n<meta property=\"og:locale\" content=\"sq_AL\" \/>\n<meta property=\"og:type\" content=\"article\" \/>\n<meta property=\"og:title\" content=\"Gramatika Estoneze\" \/>\n<meta property=\"og:description\" content=\"Gramatika estoneze: Porta drejt nj\u00eb udh\u00ebtimi unik gjuh\u00ebsor Mir\u00eb se vini n\u00eb bot\u00ebn magjeps\u00ebse t\u00eb Estonezis\u00eb! Me mbi nj\u00eb milion fol\u00ebs amtare, Estoniashtja ju\" \/>\n<meta property=\"og:url\" content=\"https:\/\/talkpal.ai\/sq\/gramatika-estoneze\/\" \/>\n<meta property=\"og:site_name\" content=\"Talkpal\" \/>\n<meta property=\"article:publisher\" content=\"https:\/\/www.facebook.com\/profile.php?id=100090733639311\" \/>\n<meta property=\"article:modified_time\" content=\"2025-12-13T15:32:35+00:00\" \/>\n<meta property=\"og:image\" content=\"https:\/\/talkpal.ai\/wp-content\/uploads\/2023\/05\/estonia.png\" \/>\n\t<meta property=\"og:image:width\" content=\"512\" \/>\n\t<meta property=\"og:image:height\" content=\"512\" \/>\n\t<meta property=\"og:image:type\" content=\"image\/png\" \/>\n<meta name=\"twitter:card\" content=\"summary_large_image\" \/>\n<meta name=\"twitter:site\" content=\"@talkpalai\" \/>\n<meta name=\"twitter:label1\" content=\"Est. reading time\" \/>\n\t<meta name=\"twitter:data1\" content=\"3 minutes\" \/>\n<script type=\"application\/ld+json\" class=\"yoast-schema-graph\">{\"@context\":\"https:\/\/schema.org\",\"@graph\":[{\"@type\":\"WebPage\",\"@id\":\"https:\/\/talkpal.ai\/sq\/gramatika-estoneze\/\",\"url\":\"https:\/\/talkpal.ai\/sq\/gramatika-estoneze\/\",\"name\":\"Gramatika Estoneze - Talkpal\",\"isPartOf\":{\"@id\":\"https:\/\/talkpal.ai\/sq\/#website\"},\"primaryImageOfPage\":{\"@id\":\"https:\/\/talkpal.ai\/sq\/gramatika-estoneze\/#primaryimage\"},\"image\":{\"@id\":\"https:\/\/talkpal.ai\/sq\/gramatika-estoneze\/#primaryimage\"},\"thumbnailUrl\":\"https:\/\/talkpal.ai\/wp-content\/uploads\/2023\/05\/estonia.png\",\"datePublished\":\"2023-05-14T14:01:53+00:00\",\"dateModified\":\"2025-12-13T15:32:35+00:00\",\"description\":\"Eksploroni konceptet thelb\u00ebsore t\u00eb gramatik\u00ebs estoneze, duke p\u00ebrfshir\u00eb rastet, foljet, struktur\u00ebn e fjalive, shqiptimin dhe k\u00ebshillat.\",\"breadcrumb\":{\"@id\":\"https:\/\/talkpal.ai\/sq\/gramatika-estoneze\/#breadcrumb\"},\"inLanguage\":\"sq-AL\",\"potentialAction\":[{\"@type\":\"ReadAction\",\"target\":[\"https:\/\/talkpal.ai\/sq\/gramatika-estoneze\/\"]}]},{\"@type\":\"ImageObject\",\"inLanguage\":\"sq-AL\",\"@id\":\"https:\/\/talkpal.ai\/sq\/gramatika-estoneze\/#primaryimage\",\"url\":\"https:\/\/talkpal.ai\/wp-content\/uploads\/2023\/05\/estonia.png\",\"contentUrl\":\"https:\/\/talkpal.ai\/wp-content\/uploads\/2023\/05\/estonia.png\",\"width\":512,\"height\":512,\"caption\":\"TalkPal Estonia Flag\"},{\"@type\":\"BreadcrumbList\",\"@id\":\"https:\/\/talkpal.ai\/sq\/gramatika-estoneze\/#breadcrumb\",\"itemListElement\":[{\"@type\":\"ListItem\",\"position\":1,\"name\":\"Homepage\",\"item\":\"https:\/\/talkpal.ai\/sq\/\"},{\"@type\":\"ListItem\",\"position\":2,\"name\":\"Gramatika Estoneze\"}]},{\"@type\":\"WebSite\",\"@id\":\"https:\/\/talkpal.ai\/sq\/#website\",\"url\":\"https:\/\/talkpal.ai\/sq\/\",\"name\":\"Talkpal\",\"description\":\"AI Language Learning\",\"publisher\":{\"@id\":\"https:\/\/talkpal.ai\/sq\/#organization\"},\"alternateName\":\"Talkpal AI\",\"potentialAction\":[{\"@type\":\"SearchAction\",\"target\":{\"@type\":\"EntryPoint\",\"urlTemplate\":\"https:\/\/talkpal.ai\/sq\/?s={search_term_string}\"},\"query-input\":{\"@type\":\"PropertyValueSpecification\",\"valueRequired\":true,\"valueName\":\"search_term_string\"}}],\"inLanguage\":\"sq-AL\"},{\"@type\":\"Organization\",\"@id\":\"https:\/\/talkpal.ai\/sq\/#organization\",\"name\":\"Talkpal, Inc.\",\"alternateName\":\"Talkpal AI\",\"url\":\"https:\/\/talkpal.ai\/sq\/\",\"logo\":{\"@type\":\"ImageObject\",\"inLanguage\":\"sq-AL\",\"@id\":\"https:\/\/talkpal.ai\/sq\/#\/schema\/logo\/image\/\",\"url\":\"https:\/\/talkpal.ai\/wp-content\/uploads\/2024\/03\/Talkpal-Logo-Icon.png\",\"contentUrl\":\"https:\/\/talkpal.ai\/wp-content\/uploads\/2024\/03\/Talkpal-Logo-Icon.png\",\"width\":2880,\"height\":2880,\"caption\":\"Talkpal, Inc.\"},\"image\":{\"@id\":\"https:\/\/talkpal.ai\/sq\/#\/schema\/logo\/image\/\"},\"sameAs\":[\"https:\/\/www.facebook.com\/profile.php?id=100090733639311\",\"https:\/\/x.com\/talkpalai\",\"https:\/\/www.linkedin.com\/company\/talkpal\/\",\"https:\/\/www.youtube.com\/@TalkPal\/\",\"https:\/\/www.tiktok.com\/@talkpal\",\"https:\/\/www.instagram.com\/talkpal_ai\/\",\"https:\/\/www.crunchbase.com\/organization\/talkpal-9cde\",\"https:\/\/www.g2.com\/products\/talkpal-for-business\/\",\"https:\/\/www.trustpilot.com\/review\/talkpal.ai\",\"https:\/\/www.capterra.com\/p\/10006800\/TalkPal\/\"],\"description\":\"Talkpal is a language learning web and mobile education app, powered by the latest AI technologies, that provides engaging experiences to its customers in many different languages to help them improve their language skills. Users can chat about unlimited amount of topics with the app and use other modes to practice their language learning.\",\"email\":\"support@talkpal.ai\",\"legalName\":\"Talkpal, Inc.\",\"foundingDate\":\"2023-04-03\",\"duns\":\"118989042\",\"numberOfEmployees\":{\"@type\":\"QuantitativeValue\",\"minValue\":\"11\",\"maxValue\":\"50\"},\"publishingPrinciples\":\"https:\/\/talkpal.ai\/publishing-principles\/\",\"actionableFeedbackPolicy\":\"https:\/\/talkpal.ai\/actionable-feedback-policy\/\",\"correctionsPolicy\":\"https:\/\/talkpal.ai\/corrections-policy\/\",\"ethicsPolicy\":\"https:\/\/talkpal.ai\/ethics-policy\/\",\"diversityPolicy\":\"https:\/\/talkpal.ai\/diversity-policy\/\",\"diversityStaffingReport\":\"https:\/\/talkpal.ai\/diversity-policy\/\"}]}<\/script>\n<!-- \/ Yoast SEO Premium plugin. -->","yoast_head_json":{"title":"Gramatika Estoneze - Talkpal","description":"Eksploroni konceptet thelb\u00ebsore t\u00eb gramatik\u00ebs estoneze, duke p\u00ebrfshir\u00eb rastet, foljet, struktur\u00ebn e fjalive, shqiptimin dhe k\u00ebshillat.","robots":{"index":"index","follow":"follow","max-snippet":"max-snippet:-1","max-image-preview":"max-image-preview:large","max-video-preview":"max-video-preview:-1"},"canonical":"https:\/\/talkpal.ai\/sq\/gramatika-estoneze\/","og_locale":"sq_AL","og_type":"article","og_title":"Gramatika Estoneze","og_description":"Gramatika estoneze: Porta drejt nj\u00eb udh\u00ebtimi unik gjuh\u00ebsor Mir\u00eb se vini n\u00eb bot\u00ebn magjeps\u00ebse t\u00eb Estonezis\u00eb! Me mbi nj\u00eb milion fol\u00ebs amtare, Estoniashtja ju","og_url":"https:\/\/talkpal.ai\/sq\/gramatika-estoneze\/","og_site_name":"Talkpal","article_publisher":"https:\/\/www.facebook.com\/profile.php?id=100090733639311","article_modified_time":"2025-12-13T15:32:35+00:00","og_image":[{"width":512,"height":512,"url":"https:\/\/talkpal.ai\/wp-content\/uploads\/2023\/05\/estonia.png","type":"image\/png"}],"twitter_card":"summary_large_image","twitter_site":"@talkpalai","twitter_misc":{"Est. reading time":"3 minutes"},"schema":{"@context":"https:\/\/schema.org","@graph":[{"@type":"WebPage","@id":"https:\/\/talkpal.ai\/sq\/gramatika-estoneze\/","url":"https:\/\/talkpal.ai\/sq\/gramatika-estoneze\/","name":"Gramatika Estoneze - Talkpal","isPartOf":{"@id":"https:\/\/talkpal.ai\/sq\/#website"},"primaryImageOfPage":{"@id":"https:\/\/talkpal.ai\/sq\/gramatika-estoneze\/#primaryimage"},"image":{"@id":"https:\/\/talkpal.ai\/sq\/gramatika-estoneze\/#primaryimage"},"thumbnailUrl":"https:\/\/talkpal.ai\/wp-content\/uploads\/2023\/05\/estonia.png","datePublished":"2023-05-14T14:01:53+00:00","dateModified":"2025-12-13T15:32:35+00:00","description":"Eksploroni konceptet thelb\u00ebsore t\u00eb gramatik\u00ebs estoneze, duke p\u00ebrfshir\u00eb rastet, foljet, struktur\u00ebn e fjalive, shqiptimin dhe k\u00ebshillat.","breadcrumb":{"@id":"https:\/\/talkpal.ai\/sq\/gramatika-estoneze\/#breadcrumb"},"inLanguage":"sq-AL","potentialAction":[{"@type":"ReadAction","target":["https:\/\/talkpal.ai\/sq\/gramatika-estoneze\/"]}]},{"@type":"ImageObject","inLanguage":"sq-AL","@id":"https:\/\/talkpal.ai\/sq\/gramatika-estoneze\/#primaryimage","url":"https:\/\/talkpal.ai\/wp-content\/uploads\/2023\/05\/estonia.png","contentUrl":"https:\/\/talkpal.ai\/wp-content\/uploads\/2023\/05\/estonia.png","width":512,"height":512,"caption":"TalkPal Estonia Flag"},{"@type":"BreadcrumbList","@id":"https:\/\/talkpal.ai\/sq\/gramatika-estoneze\/#breadcrumb","itemListElement":[{"@type":"ListItem","position":1,"name":"Homepage","item":"https:\/\/talkpal.ai\/sq\/"},{"@type":"ListItem","position":2,"name":"Gramatika Estoneze"}]},{"@type":"WebSite","@id":"https:\/\/talkpal.ai\/sq\/#website","url":"https:\/\/talkpal.ai\/sq\/","name":"Talkpal","description":"AI Language Learning","publisher":{"@id":"https:\/\/talkpal.ai\/sq\/#organization"},"alternateName":"Talkpal AI","potentialAction":[{"@type":"SearchAction","target":{"@type":"EntryPoint","urlTemplate":"https:\/\/talkpal.ai\/sq\/?s={search_term_string}"},"query-input":{"@type":"PropertyValueSpecification","valueRequired":true,"valueName":"search_term_string"}}],"inLanguage":"sq-AL"},{"@type":"Organization","@id":"https:\/\/talkpal.ai\/sq\/#organization","name":"Talkpal, Inc.","alternateName":"Talkpal AI","url":"https:\/\/talkpal.ai\/sq\/","logo":{"@type":"ImageObject","inLanguage":"sq-AL","@id":"https:\/\/talkpal.ai\/sq\/#\/schema\/logo\/image\/","url":"https:\/\/talkpal.ai\/wp-content\/uploads\/2024\/03\/Talkpal-Logo-Icon.png","contentUrl":"https:\/\/talkpal.ai\/wp-content\/uploads\/2024\/03\/Talkpal-Logo-Icon.png","width":2880,"height":2880,"caption":"Talkpal, Inc."},"image":{"@id":"https:\/\/talkpal.ai\/sq\/#\/schema\/logo\/image\/"},"sameAs":["https:\/\/www.facebook.com\/profile.php?id=100090733639311","https:\/\/x.com\/talkpalai","https:\/\/www.linkedin.com\/company\/talkpal\/","https:\/\/www.youtube.com\/@TalkPal\/","https:\/\/www.tiktok.com\/@talkpal","https:\/\/www.instagram.com\/talkpal_ai\/","https:\/\/www.crunchbase.com\/organization\/talkpal-9cde","https:\/\/www.g2.com\/products\/talkpal-for-business\/","https:\/\/www.trustpilot.com\/review\/talkpal.ai","https:\/\/www.capterra.com\/p\/10006800\/TalkPal\/"],"description":"Talkpal is a language learning web and mobile education app, powered by the latest AI technologies, that provides engaging experiences to its customers in many different languages to help them improve their language skills. Users can chat about unlimited amount of topics with the app and use other modes to practice their language learning.","email":"support@talkpal.ai","legalName":"Talkpal, Inc.","foundingDate":"2023-04-03","duns":"118989042","numberOfEmployees":{"@type":"QuantitativeValue","minValue":"11","maxValue":"50"},"publishingPrinciples":"https:\/\/talkpal.ai\/publishing-principles\/","actionableFeedbackPolicy":"https:\/\/talkpal.ai\/actionable-feedback-policy\/","correctionsPolicy":"https:\/\/talkpal.ai\/corrections-policy\/","ethicsPolicy":"https:\/\/talkpal.ai\/ethics-policy\/","diversityPolicy":"https:\/\/talkpal.ai\/diversity-policy\/","diversityStaffingReport":"https:\/\/talkpal.ai\/diversity-policy\/"}]}},"_links":{"self":[{"href":"https:\/\/talkpal.ai\/sq\/wp-json\/wp\/v2\/pages\/1442843","targetHints":{"allow":["GET"]}}],"collection":[{"href":"https:\/\/talkpal.ai\/sq\/wp-json\/wp\/v2\/pages"}],"about":[{"href":"https:\/\/talkpal.ai\/sq\/wp-json\/wp\/v2\/types\/page"}],"author":[{"embeddable":true,"href":"https:\/\/talkpal.ai\/sq\/wp-json\/wp\/v2\/users\/1"}],"replies":[{"embeddable":true,"href":"https:\/\/talkpal.ai\/sq\/wp-json\/wp\/v2\/comments?post=1442843"}],"version-history":[{"count":0,"href":"https:\/\/talkpal.ai\/sq\/wp-json\/wp\/v2\/pages\/1442843\/revisions"}],"wp:featuredmedia":[{"embeddable":true,"href":"https:\/\/talkpal.ai\/sq\/wp-json\/wp\/v2\/media\/1442845"}],"wp:attachment":[{"href":"https:\/\/talkpal.ai\/sq\/wp-json\/wp\/v2\/media?parent=1442843"}],"curies":[{"name":"wp","href":"https:\/\/api.w.org\/{rel}","templated":true}]}}