{"id":1442842,"date":"2023-05-14T14:04:48","date_gmt":"2023-05-14T14:04:48","guid":{"rendered":"https:\/\/talkpal.ai\/gramatika-hebraike\/"},"modified":"2025-12-13T15:41:16","modified_gmt":"2025-12-13T15:41:16","slug":"gramatika-hebraike","status":"publish","type":"page","link":"https:\/\/talkpal.ai\/sq\/gramatika-hebraike\/","title":{"rendered":"Gramatika hebraike"},"content":{"rendered":"\r\n\r\n\r\n<section class=\"languageChallengeSection\">\r\n    <div class=\"languageInfoWrapper\">\r\n        \r\n        <h1>Gramatika hebraike<\/h1>\r\n        <p>M\u00ebsoni gramatik\u00ebn hebraike dhe zhbllokoni sekretet e nj\u00eb gjuhe me rr\u00ebnj\u00eb t\u00eb thella historike dhe r\u00ebnd\u00ebsi moderne. P\u00ebrqafoni sfid\u00ebn dhe lidhuni me nj\u00eb kultur\u00eb t\u00eb gjall\u00eb p\u00ebrmes bukuris\u00eb s\u00eb gramatik\u00ebs hebraike!<\/p>\r\n\r\n                            <a class=\"getStartedHidden\" href=\"https:\/\/app.talkpal.ai\/signup?lng=\">Filloni<\/a>\r\n        \r\n    <\/div>\r\n\r\n    <figure>\r\n    <img decoding=\"async\" width=\"768\" height=\"768\" src=\"https:\/\/talkpal.ai\/wp-content\/uploads\/2023\/06\/hebrew-768x768.png\" class=\"languageImage no-lazy\" alt=\"Language learning for proficient communication\" fetchpriority=\"high\" sizes=\"(max-width: 768px) 150px, 768px\" srcset=\"https:\/\/talkpal.ai\/wp-content\/uploads\/2023\/06\/hebrew-768x768.png 768w, https:\/\/talkpal.ai\/wp-content\/uploads\/2023\/06\/hebrew-300x300.png 300w\" \/>\r\n    \r\n\r\n    <\/figure>\r\n\r\n            <a class=\"getStartedVisible\" href=\"https:\/\/app.talkpal.ai\/signup?lng=\">Filloni<\/a>\r\n    \r\n<\/section>\r\n<section class=\"promotionalBanner\">\r\n    <p class=\"promotionalText\">M\u00ebnyra m\u00eb efikase p\u00ebr t\u00eb m\u00ebsuar nj\u00eb gjuh\u00eb<\/p>\r\n    <a class=\"promotionalLink\" href=\"https:\/\/app.talkpal.ai\/signup?lng=\">Provoni Talkpal falas<\/a>\r\n<\/section>\n<div class=\"wp-block-group pageContainerStyle\"><div class=\"wp-block-group__inner-container is-layout-constrained wp-block-group-is-layout-constrained\">\n<h2 class=\"wp-block-heading\" id=\"h-mastering-hebrew-grammar-your-ultimate-guide\">Zot\u00ebrimi i gramatik\u00ebs hebraike: Udh\u00ebzuesi juaj p\u00ebrfundimtar<\/h2>\n\n\n\n<p>Shalom, <a href=\"https:\/\/talkpal.ai\/talkpal-discount-for-language-enthusiasts\/\">entuziast\u00eb t\u00eb gjuh\u00ebs<\/a>! A jeni gati t\u00eb zhyteni n\u00eb bot\u00ebn magjeps\u00ebse t\u00eb gramatik\u00ebs hebraike? Ju keni ardhur n\u00eb vendin e duhur. I mbushur me informacione t\u00eb lehta p\u00ebr t&#8217;u kuptuar dhe nj\u00eb ton bisedor, ky artikull do t&#8217;ju udh\u00ebheq\u00eb n\u00ebp\u00ebr sfer\u00ebn magjeps\u00ebse t\u00eb gramatik\u00ebs hebraike. S\u00eb shpejti, do t\u00eb jeni n\u00eb gjendje t\u00eb nd\u00ebrtoni fjali dhe t\u00eb p\u00ebrfshiheni n\u00eb biseda kuptimplota me fol\u00ebsit amtare. Pra, le t\u00eb fillojm\u00eb udh\u00ebtimin tuaj drejt zot\u00ebrimit t\u00eb gramatik\u00ebs hebraike!<\/p>\n\n\n\n<p><strong>Por s\u00eb pari, pse gramatika hebraike?<\/strong><\/p>\n\n\n\n<p>N\u00ebse jeni duke m\u00ebsuar <a href=\"https:\/\/talkpal.ai\/learn-hebrew\/\">hebraisht<\/a>, nj\u00eb baz\u00eb solide n\u00eb <a href=\"https:\/\/talkpal.ai\/grammar\/\">gramatik\u00eb<\/a> \u00ebsht\u00eb thelb\u00ebsore p\u00ebr t\u00eb folur, lexuar dhe shkruar rrjedhsh\u00ebm. Nd\u00ebrsa <a href=\"https:\/\/talkpal.ai\/sq\/gramatika\/\">gramatika<\/a> hebraike fillimisht mund t\u00eb duket komplekse, ajo b\u00ebhet m\u00eb e arritshme pasi t\u00eb ndahet n\u00eb pjes\u00eb m\u00eb t\u00eb vogla dhe m\u00eb t\u00eb menaxhueshme. Pra, le t\u00eb nisim k\u00ebt\u00eb udh\u00ebtim emocionues!<\/p>\n\n\n\n<h3 class=\"wp-block-heading\" id=\"h-1-nouns-gender-and-number\">1. Emrat, gjinia dhe numri<\/h3>\n\n\n\n<p>Emrat hebraik\u00eb kan\u00eb dy gjini &#8211; mashkullore dhe fem\u00ebrore &#8211; dhe mund t\u00eb jen\u00eb nj\u00ebj\u00ebs ose shum\u00ebs. Identifikimi i gjinis\u00eb s\u00eb nj\u00eb emri formon nj\u00eb baz\u00eb p\u00ebr nd\u00ebrtimin e duhur t\u00eb fjalis\u00eb, sepse ndikon n\u00eb pjes\u00eb t\u00eb tjera t\u00eb t\u00eb folurit, t\u00eb tilla si foljet dhe mbiemrat.  <\/p>\n\n\n\n<p>Nj\u00eb rregull i p\u00ebrgjithsh\u00ebm: n\u00ebse nj\u00eb em\u00ebr p\u00ebrfundon me &#8220;\u05d4&#8221; (hej) ose &#8220;\u05ea&#8221; (tav), zakonisht \u00ebsht\u00eb fem\u00ebror. Megjithat\u00eb, ekzistojn\u00eb p\u00ebrjashtime, k\u00ebshtu q\u00eb memorizimi i gjinive em\u00ebrore gjat\u00eb m\u00ebsimit t\u00eb fjalorit \u00ebsht\u00eb thelb\u00ebsor.<\/p>\n\n\n\n<p>P\u00ebr m\u00eb tep\u00ebr, emrat hebraik\u00eb marrin forma t\u00eb ndryshme n\u00eb var\u00ebsi t\u00eb numrit. Emrat mashkullor\u00eb shum\u00ebs zakonisht p\u00ebrfundojn\u00eb me &#8220;\u05d9\u05dd&#8221; (yim), nd\u00ebrsa emrat fem\u00ebror\u00eb shum\u00ebs p\u00ebrfundojn\u00eb me &#8220;\u05d5\u05ea&#8221; (ot).<\/p>\n\n\n\n<h3 class=\"wp-block-heading\" id=\"h-2-adjectives-agreement-and-definite-articles\">2. Mbiemrat, marr\u00ebveshja dhe nenet e caktuara<\/h3>\n\n\n\n<p>Mbiemrat n\u00eb hebraisht duhet t\u00eb pajtohen n\u00eb gjini dhe num\u00ebr me emrin q\u00eb modifikojn\u00eb. P\u00ebr ta b\u00ebr\u00eb nj\u00eb mbiem\u00ebr fem\u00ebror, shtoni nj\u00eb &#8220;\u05d4&#8221; (hej) n\u00eb fund n\u00ebse nuk e ka tashm\u00eb nj\u00eb t\u00eb till\u00eb. P\u00ebr t\u00eb b\u00ebr\u00eb nj\u00eb mbiemr shum\u00ebs, ndiqni t\u00eb nj\u00ebjtin parim si emrat: shtoni &#8220;\u05d9\u05dd&#8221; p\u00ebr mashkullin dhe &#8220;\u05d5\u05ea&#8221; p\u00ebr fem\u00ebr.<\/p>\n\n\n\n<p>Artikulli p\u00ebrcaktues &#8220;the&#8221; n\u00eb hebraisht \u00ebsht\u00eb &#8220;\u05d4&#8221; (hej) dhe shtohet si parashtes\u00eb p\u00ebr emrin ose mbiemrin. P\u00ebr shembull, &#8220;\u05d4\u05e1\u05e4\u05e8&#8221; (haSefer \u2013 libri) ose &#8220;\u05d4\u05db\u05d3\u05d5\u05e8 \u05d4\u05d2\u05d3\u05d5\u05dc&#8221; (hakadur hagadol \u2013 topi i madh).<\/p>\n\n\n\n<h3 class=\"wp-block-heading\" id=\"h-3-verbs-tense-and-conjugation\">3. Foljet, koha dhe konjugimi<\/h3>\n\n\n\n<p>Foljet hebraike luajn\u00eb nj\u00eb rol vendimtar n\u00eb gramatik\u00eb dhe ndahen n\u00eb shtat\u00eb grupe konjugimi t\u00eb quajtura &#8220;binyanim&#8221;. \u00c7do binyan ndikon n\u00eb kuptimin dhe rolin e foljes n\u00eb nj\u00eb fjali.<\/p>\n\n\n\n<p>P\u00ebr t&#8217;ju dh\u00ebn\u00eb nj\u00eb pasqyr\u00eb t\u00eb shpejt\u00eb, le t\u00eb diskutojm\u00eb koh\u00ebn e tashme t\u00eb foljeve t\u00eb rregullta:<\/p>\n\n\n\n<p><strong>\u2013 \u05d0\u05e0\u05d9 \u05e7\u05d5\u05e8\u05d0\/\u05ea (ani kore\/et \u2013 lexoj, masc.\/fem.)<\/strong><\/p>\n\n\n\n<p><strong>\u2013 \u05d0\u05ea\/\u05d4 \u05e7\u05d5\u05e8\u05d0\/\u05ea (ata\/at kore\/et \u2013 lexoni, masc.\/fem.)<\/strong><\/p>\n\n\n\n<p><strong>\u2013 \u05d4\u05d5\u05d0\/\u05d4\u05d9\u05d0 \u05e7\u05d5\u05e8\u05d0\/\u05ea (hu\/hi kore\/et \u2013 ai\/ajo lexon)<\/strong><\/p>\n\n\n\n<p>Mos harroni, ky \u00ebsht\u00eb vet\u00ebm fillimi! Shum\u00eb koh\u00eb t\u00eb tjera, folje t\u00eb parregullta dhe kompleksitete binyan do t\u00eb shfaqen nd\u00ebrsa p\u00ebrparoni.<\/p>\n\n\n\n<h3 class=\"wp-block-heading\" id=\"h-4-pronouns-prepositions-and-more\">4. P\u00ebremrat, parafjal\u00ebt dhe m\u00eb shum\u00eb!<\/h3>\n\n\n\n<p>Gramatika hebraike p\u00ebrfshin komponent\u00eb t\u00eb tjer\u00eb si p\u00ebremrat (\u05d0\u05e0\u05d9, \u05d0\u05ea\u05d4, \u05d4\u05d5\u05d0, \u05d4\u05d9\u05d0, etj.), parafjal\u00ebt (\u05d1, \u05dc, \u05de, \u05e2\u05dc, etj.) dhe shprehjet idiomatike. Trajtimi i secilit element \u00ebsht\u00eb jetik p\u00ebr t\u00eb arritur rrjedhshm\u00ebrin\u00eb gjith\u00ebp\u00ebrfshir\u00ebse t\u00eb hebraishtes, k\u00ebshtu q\u00eb hidheni hap pas hapi.<\/p>\n\n\n\n<p>Si p\u00ebrfundim, nuk ka asnj\u00eb rrug\u00eb t\u00eb shkurt\u00ebr p\u00ebr t\u00eb zot\u00ebruar gramatik\u00ebn hebraike. K\u00ebrkon k\u00ebmb\u00ebngulje, praktik\u00eb dhe durim. Megjithat\u00eb, pasi t\u00eb kuptoni nd\u00ebrlikimet e tij, do t\u00eb shijoni nuancat e bised\u00ebs n\u00eb hebraisht, do t\u00eb eksploroni kultur\u00ebn dhe historin\u00eb e pasur dhe do t\u00eb thelloni vler\u00ebsimin tuaj p\u00ebr gjuh\u00ebn. \u05d1\u05d4\u05e6\u05dc\u05d7\u05d4 (behatzlacha \u2013 fat i mir\u00eb)!<\/p>\n<\/div><\/div>\n\r\n<section class=\"learnNavigationSection\">\r\n            \r\n        <a href=\"https:\/\/talkpal.ai\/sq\/meso-hebraishten\/\">\r\n            <div class=\"learnNavigationWrapper\">\r\n                <div class=\"learnNavigationContent\">\r\n                    <img decoding=\"async\" src=\"https:\/\/talkpal.ai\/wp-content\/uploads\/2024\/08\/Hebrew.jpg\" alt=\"Israel Flag\">\r\n                    <div>\r\n                        <h4>Rreth m\u00ebsimit t\u00eb hebraishtes<\/h4>\r\n                        <p>M\u00ebsoni gjith\u00e7ka rreth gramatik\u00ebs hebraike.<\/p>\r\n                    <\/div>\r\n                <\/div>\r\n            <\/div>\r\n        <\/a>\r\n\r\n        \r\n        <a href=\"https:\/\/talkpal.ai\/sq\/ushtrimet-gramatikore-hebraike\/\">\r\n            <div class=\"learnNavigationWrapper\">\r\n                <div class=\"learnNavigationContent\">\r\n                    <img decoding=\"async\" src=\"https:\/\/talkpal.ai\/wp-content\/uploads\/2024\/08\/Hebrew.jpg\" alt=\"Israel Flag\">\r\n                    <div>\r\n                        <h4>Ushtrimi i gramatik\u00ebs hebraike<\/h4>\r\n                        <p>Praktikoni gramatik\u00ebn hebraike.<\/p>\r\n                    <\/div>\r\n                <\/div>\r\n            <\/div>\r\n        <\/a>\r\n\r\n        \r\n        <a href=\"https:\/\/talkpal.ai\/vocabulary_language\/hebrew\/\">\r\n            <div class=\"learnNavigationWrapper\">\r\n                <div class=\"learnNavigationContent\">\r\n                    <img decoding=\"async\" src=\"https:\/\/talkpal.ai\/wp-content\/uploads\/2024\/08\/Hebrew.jpg\" alt=\"Israel Flag\">\r\n                    <div>\r\n                        <h4>Fjalori hebraik<\/h4>\r\n                        <p>Zgjeroni fjalorin tuaj hebraik.<\/p>\r\n                    <\/div>\r\n                <\/div>\r\n            <\/div>\r\n        <\/a>\r\n\r\n            <\/section>","protected":false},"excerpt":{"rendered":"<p>Zot\u00ebrimi i gramatik\u00ebs hebraike: Udh\u00ebzuesi juaj p\u00ebrfundimtar Shalom, entuziast\u00eb t\u00eb gjuh\u00ebs! A jeni gati t\u00eb zhyteni n\u00eb bot\u00ebn magjeps\u00ebse t\u00eb gramatik\u00ebs hebraike? Ju keni ardhur n\u00eb vendin e duhur. I mbushur me informacione t\u00eb lehta p\u00ebr t&#8217;u kuptuar dhe nj\u00eb ton bisedor, ky artikull do t&#8217;ju udh\u00ebheq\u00eb n\u00ebp\u00ebr sfer\u00ebn magjeps\u00ebse t\u00eb gramatik\u00ebs hebraike. S\u00eb shpejti, [&hellip;]<\/p>\n","protected":false},"author":1,"featured_media":1442844,"parent":0,"menu_order":0,"comment_status":"closed","ping_status":"closed","template":"LearningContentPage.php","meta":{"_acf_changed":false,"footnotes":""},"class_list":["post-1442842","page","type-page","status-publish","has-post-thumbnail","hentry"],"acf":[],"yoast_head":"<!-- This site is optimized with the Yoast SEO Premium plugin v27.2 (Yoast SEO v27.2) - https:\/\/yoast.com\/product\/yoast-seo-premium-wordpress\/ -->\n<title>Gramatika hebraike - Talkpal<\/title>\n<meta name=\"description\" content=\"P\u00ebrmir\u00ebsoni gramatik\u00ebn tuaj hebraike me besim - m\u00ebsoni rregullat kryesore, formoni fjali t\u00eb sakta dhe komunikoni qart\u00eb me m\u00ebsimet e lehta t\u00eb AI t\u00eb TalkPal.\" \/>\n<meta name=\"robots\" content=\"index, follow, max-snippet:-1, max-image-preview:large, max-video-preview:-1\" \/>\n<link rel=\"canonical\" href=\"https:\/\/talkpal.ai\/sq\/gramatika-hebraike\/\" \/>\n<meta property=\"og:locale\" content=\"sq_AL\" \/>\n<meta property=\"og:type\" content=\"article\" \/>\n<meta property=\"og:title\" content=\"Gramatika hebraike\" \/>\n<meta property=\"og:description\" content=\"Zot\u00ebrimi i gramatik\u00ebs hebraike: Udh\u00ebzuesi juaj p\u00ebrfundimtar Shalom, entuziast\u00eb t\u00eb gjuh\u00ebs! A jeni gati t\u00eb zhyteni n\u00eb bot\u00ebn magjeps\u00ebse t\u00eb gramatik\u00ebs\" \/>\n<meta property=\"og:url\" content=\"https:\/\/talkpal.ai\/sq\/gramatika-hebraike\/\" \/>\n<meta property=\"og:site_name\" content=\"Talkpal\" \/>\n<meta property=\"article:publisher\" content=\"https:\/\/www.facebook.com\/profile.php?id=100090733639311\" \/>\n<meta property=\"article:modified_time\" content=\"2025-12-13T15:41:16+00:00\" \/>\n<meta property=\"og:image\" content=\"https:\/\/talkpal.ai\/wp-content\/uploads\/2023\/05\/israel.png\" \/>\n\t<meta property=\"og:image:width\" content=\"512\" \/>\n\t<meta property=\"og:image:height\" content=\"512\" \/>\n\t<meta property=\"og:image:type\" content=\"image\/png\" \/>\n<meta name=\"twitter:card\" content=\"summary_large_image\" \/>\n<meta name=\"twitter:site\" content=\"@talkpalai\" \/>\n<meta name=\"twitter:label1\" content=\"Est. reading time\" \/>\n\t<meta name=\"twitter:data1\" content=\"3 minutes\" \/>\n<script type=\"application\/ld+json\" class=\"yoast-schema-graph\">{\"@context\":\"https:\/\/schema.org\",\"@graph\":[{\"@type\":\"WebPage\",\"@id\":\"https:\/\/talkpal.ai\/sq\/gramatika-hebraike\/\",\"url\":\"https:\/\/talkpal.ai\/sq\/gramatika-hebraike\/\",\"name\":\"Gramatika hebraike - Talkpal\",\"isPartOf\":{\"@id\":\"https:\/\/talkpal.ai\/sq\/#website\"},\"primaryImageOfPage\":{\"@id\":\"https:\/\/talkpal.ai\/sq\/gramatika-hebraike\/#primaryimage\"},\"image\":{\"@id\":\"https:\/\/talkpal.ai\/sq\/gramatika-hebraike\/#primaryimage\"},\"thumbnailUrl\":\"https:\/\/talkpal.ai\/wp-content\/uploads\/2023\/05\/israel.png\",\"datePublished\":\"2023-05-14T14:04:48+00:00\",\"dateModified\":\"2025-12-13T15:41:16+00:00\",\"description\":\"P\u00ebrmir\u00ebsoni gramatik\u00ebn tuaj hebraike me besim - m\u00ebsoni rregullat kryesore, formoni fjali t\u00eb sakta dhe komunikoni qart\u00eb me m\u00ebsimet e lehta t\u00eb AI t\u00eb TalkPal.\",\"breadcrumb\":{\"@id\":\"https:\/\/talkpal.ai\/sq\/gramatika-hebraike\/#breadcrumb\"},\"inLanguage\":\"sq-AL\",\"potentialAction\":[{\"@type\":\"ReadAction\",\"target\":[\"https:\/\/talkpal.ai\/sq\/gramatika-hebraike\/\"]}]},{\"@type\":\"ImageObject\",\"inLanguage\":\"sq-AL\",\"@id\":\"https:\/\/talkpal.ai\/sq\/gramatika-hebraike\/#primaryimage\",\"url\":\"https:\/\/talkpal.ai\/wp-content\/uploads\/2023\/05\/israel.png\",\"contentUrl\":\"https:\/\/talkpal.ai\/wp-content\/uploads\/2023\/05\/israel.png\",\"width\":512,\"height\":512,\"caption\":\"TalkPal Israel Flag\"},{\"@type\":\"BreadcrumbList\",\"@id\":\"https:\/\/talkpal.ai\/sq\/gramatika-hebraike\/#breadcrumb\",\"itemListElement\":[{\"@type\":\"ListItem\",\"position\":1,\"name\":\"Homepage\",\"item\":\"https:\/\/talkpal.ai\/sq\/\"},{\"@type\":\"ListItem\",\"position\":2,\"name\":\"Gramatika hebraike\"}]},{\"@type\":\"WebSite\",\"@id\":\"https:\/\/talkpal.ai\/sq\/#website\",\"url\":\"https:\/\/talkpal.ai\/sq\/\",\"name\":\"Talkpal\",\"description\":\"AI Language Learning\",\"publisher\":{\"@id\":\"https:\/\/talkpal.ai\/sq\/#organization\"},\"alternateName\":\"Talkpal AI\",\"potentialAction\":[{\"@type\":\"SearchAction\",\"target\":{\"@type\":\"EntryPoint\",\"urlTemplate\":\"https:\/\/talkpal.ai\/sq\/?s={search_term_string}\"},\"query-input\":{\"@type\":\"PropertyValueSpecification\",\"valueRequired\":true,\"valueName\":\"search_term_string\"}}],\"inLanguage\":\"sq-AL\"},{\"@type\":\"Organization\",\"@id\":\"https:\/\/talkpal.ai\/sq\/#organization\",\"name\":\"Talkpal, Inc.\",\"alternateName\":\"Talkpal AI\",\"url\":\"https:\/\/talkpal.ai\/sq\/\",\"logo\":{\"@type\":\"ImageObject\",\"inLanguage\":\"sq-AL\",\"@id\":\"https:\/\/talkpal.ai\/sq\/#\/schema\/logo\/image\/\",\"url\":\"https:\/\/talkpal.ai\/wp-content\/uploads\/2024\/03\/Talkpal-Logo-Icon.png\",\"contentUrl\":\"https:\/\/talkpal.ai\/wp-content\/uploads\/2024\/03\/Talkpal-Logo-Icon.png\",\"width\":2880,\"height\":2880,\"caption\":\"Talkpal, Inc.\"},\"image\":{\"@id\":\"https:\/\/talkpal.ai\/sq\/#\/schema\/logo\/image\/\"},\"sameAs\":[\"https:\/\/www.facebook.com\/profile.php?id=100090733639311\",\"https:\/\/x.com\/talkpalai\",\"https:\/\/www.linkedin.com\/company\/talkpal\/\",\"https:\/\/www.youtube.com\/@TalkPal\/\",\"https:\/\/www.tiktok.com\/@talkpal\",\"https:\/\/www.instagram.com\/talkpal_ai\/\",\"https:\/\/www.crunchbase.com\/organization\/talkpal-9cde\",\"https:\/\/www.g2.com\/products\/talkpal-for-business\/\",\"https:\/\/www.trustpilot.com\/review\/talkpal.ai\",\"https:\/\/www.capterra.com\/p\/10006800\/TalkPal\/\"],\"description\":\"Talkpal is a language learning web and mobile education app, powered by the latest AI technologies, that provides engaging experiences to its customers in many different languages to help them improve their language skills. Users can chat about unlimited amount of topics with the app and use other modes to practice their language learning.\",\"email\":\"support@talkpal.ai\",\"legalName\":\"Talkpal, Inc.\",\"foundingDate\":\"2023-04-03\",\"duns\":\"118989042\",\"numberOfEmployees\":{\"@type\":\"QuantitativeValue\",\"minValue\":\"11\",\"maxValue\":\"50\"},\"publishingPrinciples\":\"https:\/\/talkpal.ai\/publishing-principles\/\",\"actionableFeedbackPolicy\":\"https:\/\/talkpal.ai\/actionable-feedback-policy\/\",\"correctionsPolicy\":\"https:\/\/talkpal.ai\/corrections-policy\/\",\"ethicsPolicy\":\"https:\/\/talkpal.ai\/ethics-policy\/\",\"diversityPolicy\":\"https:\/\/talkpal.ai\/diversity-policy\/\",\"diversityStaffingReport\":\"https:\/\/talkpal.ai\/diversity-policy\/\"}]}<\/script>\n<!-- \/ Yoast SEO Premium plugin. -->","yoast_head_json":{"title":"Gramatika hebraike - Talkpal","description":"P\u00ebrmir\u00ebsoni gramatik\u00ebn tuaj hebraike me besim - m\u00ebsoni rregullat kryesore, formoni fjali t\u00eb sakta dhe komunikoni qart\u00eb me m\u00ebsimet e lehta t\u00eb AI t\u00eb TalkPal.","robots":{"index":"index","follow":"follow","max-snippet":"max-snippet:-1","max-image-preview":"max-image-preview:large","max-video-preview":"max-video-preview:-1"},"canonical":"https:\/\/talkpal.ai\/sq\/gramatika-hebraike\/","og_locale":"sq_AL","og_type":"article","og_title":"Gramatika hebraike","og_description":"Zot\u00ebrimi i gramatik\u00ebs hebraike: Udh\u00ebzuesi juaj p\u00ebrfundimtar Shalom, entuziast\u00eb t\u00eb gjuh\u00ebs! A jeni gati t\u00eb zhyteni n\u00eb bot\u00ebn magjeps\u00ebse t\u00eb gramatik\u00ebs","og_url":"https:\/\/talkpal.ai\/sq\/gramatika-hebraike\/","og_site_name":"Talkpal","article_publisher":"https:\/\/www.facebook.com\/profile.php?id=100090733639311","article_modified_time":"2025-12-13T15:41:16+00:00","og_image":[{"width":512,"height":512,"url":"https:\/\/talkpal.ai\/wp-content\/uploads\/2023\/05\/israel.png","type":"image\/png"}],"twitter_card":"summary_large_image","twitter_site":"@talkpalai","twitter_misc":{"Est. reading time":"3 minutes"},"schema":{"@context":"https:\/\/schema.org","@graph":[{"@type":"WebPage","@id":"https:\/\/talkpal.ai\/sq\/gramatika-hebraike\/","url":"https:\/\/talkpal.ai\/sq\/gramatika-hebraike\/","name":"Gramatika hebraike - Talkpal","isPartOf":{"@id":"https:\/\/talkpal.ai\/sq\/#website"},"primaryImageOfPage":{"@id":"https:\/\/talkpal.ai\/sq\/gramatika-hebraike\/#primaryimage"},"image":{"@id":"https:\/\/talkpal.ai\/sq\/gramatika-hebraike\/#primaryimage"},"thumbnailUrl":"https:\/\/talkpal.ai\/wp-content\/uploads\/2023\/05\/israel.png","datePublished":"2023-05-14T14:04:48+00:00","dateModified":"2025-12-13T15:41:16+00:00","description":"P\u00ebrmir\u00ebsoni gramatik\u00ebn tuaj hebraike me besim - m\u00ebsoni rregullat kryesore, formoni fjali t\u00eb sakta dhe komunikoni qart\u00eb me m\u00ebsimet e lehta t\u00eb AI t\u00eb TalkPal.","breadcrumb":{"@id":"https:\/\/talkpal.ai\/sq\/gramatika-hebraike\/#breadcrumb"},"inLanguage":"sq-AL","potentialAction":[{"@type":"ReadAction","target":["https:\/\/talkpal.ai\/sq\/gramatika-hebraike\/"]}]},{"@type":"ImageObject","inLanguage":"sq-AL","@id":"https:\/\/talkpal.ai\/sq\/gramatika-hebraike\/#primaryimage","url":"https:\/\/talkpal.ai\/wp-content\/uploads\/2023\/05\/israel.png","contentUrl":"https:\/\/talkpal.ai\/wp-content\/uploads\/2023\/05\/israel.png","width":512,"height":512,"caption":"TalkPal Israel Flag"},{"@type":"BreadcrumbList","@id":"https:\/\/talkpal.ai\/sq\/gramatika-hebraike\/#breadcrumb","itemListElement":[{"@type":"ListItem","position":1,"name":"Homepage","item":"https:\/\/talkpal.ai\/sq\/"},{"@type":"ListItem","position":2,"name":"Gramatika hebraike"}]},{"@type":"WebSite","@id":"https:\/\/talkpal.ai\/sq\/#website","url":"https:\/\/talkpal.ai\/sq\/","name":"Talkpal","description":"AI Language Learning","publisher":{"@id":"https:\/\/talkpal.ai\/sq\/#organization"},"alternateName":"Talkpal AI","potentialAction":[{"@type":"SearchAction","target":{"@type":"EntryPoint","urlTemplate":"https:\/\/talkpal.ai\/sq\/?s={search_term_string}"},"query-input":{"@type":"PropertyValueSpecification","valueRequired":true,"valueName":"search_term_string"}}],"inLanguage":"sq-AL"},{"@type":"Organization","@id":"https:\/\/talkpal.ai\/sq\/#organization","name":"Talkpal, Inc.","alternateName":"Talkpal AI","url":"https:\/\/talkpal.ai\/sq\/","logo":{"@type":"ImageObject","inLanguage":"sq-AL","@id":"https:\/\/talkpal.ai\/sq\/#\/schema\/logo\/image\/","url":"https:\/\/talkpal.ai\/wp-content\/uploads\/2024\/03\/Talkpal-Logo-Icon.png","contentUrl":"https:\/\/talkpal.ai\/wp-content\/uploads\/2024\/03\/Talkpal-Logo-Icon.png","width":2880,"height":2880,"caption":"Talkpal, Inc."},"image":{"@id":"https:\/\/talkpal.ai\/sq\/#\/schema\/logo\/image\/"},"sameAs":["https:\/\/www.facebook.com\/profile.php?id=100090733639311","https:\/\/x.com\/talkpalai","https:\/\/www.linkedin.com\/company\/talkpal\/","https:\/\/www.youtube.com\/@TalkPal\/","https:\/\/www.tiktok.com\/@talkpal","https:\/\/www.instagram.com\/talkpal_ai\/","https:\/\/www.crunchbase.com\/organization\/talkpal-9cde","https:\/\/www.g2.com\/products\/talkpal-for-business\/","https:\/\/www.trustpilot.com\/review\/talkpal.ai","https:\/\/www.capterra.com\/p\/10006800\/TalkPal\/"],"description":"Talkpal is a language learning web and mobile education app, powered by the latest AI technologies, that provides engaging experiences to its customers in many different languages to help them improve their language skills. Users can chat about unlimited amount of topics with the app and use other modes to practice their language learning.","email":"support@talkpal.ai","legalName":"Talkpal, Inc.","foundingDate":"2023-04-03","duns":"118989042","numberOfEmployees":{"@type":"QuantitativeValue","minValue":"11","maxValue":"50"},"publishingPrinciples":"https:\/\/talkpal.ai\/publishing-principles\/","actionableFeedbackPolicy":"https:\/\/talkpal.ai\/actionable-feedback-policy\/","correctionsPolicy":"https:\/\/talkpal.ai\/corrections-policy\/","ethicsPolicy":"https:\/\/talkpal.ai\/ethics-policy\/","diversityPolicy":"https:\/\/talkpal.ai\/diversity-policy\/","diversityStaffingReport":"https:\/\/talkpal.ai\/diversity-policy\/"}]}},"_links":{"self":[{"href":"https:\/\/talkpal.ai\/sq\/wp-json\/wp\/v2\/pages\/1442842","targetHints":{"allow":["GET"]}}],"collection":[{"href":"https:\/\/talkpal.ai\/sq\/wp-json\/wp\/v2\/pages"}],"about":[{"href":"https:\/\/talkpal.ai\/sq\/wp-json\/wp\/v2\/types\/page"}],"author":[{"embeddable":true,"href":"https:\/\/talkpal.ai\/sq\/wp-json\/wp\/v2\/users\/1"}],"replies":[{"embeddable":true,"href":"https:\/\/talkpal.ai\/sq\/wp-json\/wp\/v2\/comments?post=1442842"}],"version-history":[{"count":0,"href":"https:\/\/talkpal.ai\/sq\/wp-json\/wp\/v2\/pages\/1442842\/revisions"}],"wp:featuredmedia":[{"embeddable":true,"href":"https:\/\/talkpal.ai\/sq\/wp-json\/wp\/v2\/media\/1442844"}],"wp:attachment":[{"href":"https:\/\/talkpal.ai\/sq\/wp-json\/wp\/v2\/media?parent=1442842"}],"curies":[{"name":"wp","href":"https:\/\/api.w.org\/{rel}","templated":true}]}}