{"id":1442837,"date":"2023-05-14T14:01:16","date_gmt":"2023-05-14T14:01:16","guid":{"rendered":"https:\/\/talkpal.ai\/gramatika-kroate\/"},"modified":"2025-12-11T16:42:26","modified_gmt":"2025-12-11T16:42:26","slug":"gramatika-kroate","status":"publish","type":"page","link":"https:\/\/talkpal.ai\/sq\/gramatika-kroate\/","title":{"rendered":"Gramatika kroate"},"content":{"rendered":"\r\n\r\n\r\n<section class=\"languageChallengeSection\">\r\n    <div class=\"languageInfoWrapper\">\r\n        \r\n        <h1>Gramatika kroate<\/h1>\r\n        <p>Zbuloni struktur\u00ebn magjeps\u00ebse t\u00eb kroatishtes duke m\u00ebsuar rregullat thelb\u00ebsore t\u00eb gramatik\u00ebs. Zot\u00ebrimi i <a href=\"https:\/\/talkpal.ai\/sq\/ushtrimet-e-gramatikes-kroate\/\">gramatik\u00ebs kroate<\/a> do t&#039;ju hap\u00eb mund\u00ebsi t\u00eb reja p\u00ebr komunikim dhe do t&#039;ju ndihmoj\u00eb t\u00eb p\u00ebrjetoni m\u00eb mir\u00eb kultur\u00ebn dhe trash\u00ebgimin\u00eb e vendit. Filloni t\u00eb m\u00ebsoni gramatik\u00ebn kroate sot dhe hidhni hapin tuaj t\u00eb par\u00eb drejt rrjedhshm\u00ebris\u00eb!<\/p>\r\n\r\n                            <a class=\"getStartedHidden\" href=\"https:\/\/app.talkpal.ai\/signup?lng=\">Filloni<\/a>\r\n        \r\n    <\/div>\r\n\r\n    <figure>\r\n    <img decoding=\"async\" width=\"768\" height=\"768\" src=\"https:\/\/talkpal.ai\/wp-content\/uploads\/2023\/06\/croatian-768x768.png\" class=\"languageImage no-lazy\" alt=\"Language learning for successful interaction\" fetchpriority=\"high\" sizes=\"(max-width: 768px) 150px, 768px\" srcset=\"https:\/\/talkpal.ai\/wp-content\/uploads\/2023\/06\/croatian-768x768.png 768w, https:\/\/talkpal.ai\/wp-content\/uploads\/2023\/06\/croatian-300x300.png 300w\" \/>\r\n    \r\n\r\n    <\/figure>\r\n\r\n            <a class=\"getStartedVisible\" href=\"https:\/\/app.talkpal.ai\/signup?lng=\">Filloni<\/a>\r\n    \r\n<\/section>\r\n<section class=\"promotionalBanner\">\r\n    <p class=\"promotionalText\">M\u00ebnyra m\u00eb efikase p\u00ebr t\u00eb m\u00ebsuar nj\u00eb gjuh\u00eb<\/p>\r\n    <a class=\"promotionalLink\" href=\"https:\/\/app.talkpal.ai\/signup?lng=\">Provoni Talkpal falas<\/a>\r\n<\/section>\n<div class=\"wp-block-group pageContainerStyle\"><div class=\"wp-block-group__inner-container is-layout-constrained wp-block-group-is-layout-constrained\">\n<h2 class=\"wp-block-heading\" id=\"h-a-journey-through-croatian-grammar-unraveling-the-complexities-made-easy\">Nj\u00eb udh\u00ebtim n\u00ebp\u00ebr gramatik\u00ebn kroate: Zbulimi i kompleksiteteve t\u00eb leht\u00eb<\/h2>\n\n\n\n<p><a href=\"https:\/\/talkpal.ai\/sq\/gramatika\/\">Gramatika<\/a> kroate: josh\u00ebse dhe frik\u00ebsuese, e thjesht\u00eb dhe e nd\u00ebrlikuar, misterioze dhe magjeps\u00ebse. Nd\u00ebrsa filloni udh\u00ebtimin e m\u00ebsimit t\u00eb gjuh\u00ebs kroate, mund t\u00eb ndiheni t\u00eb mbingarkuar nga mendimi p\u00ebr t\u00eb kuptuar nd\u00ebrlikimet e saj gramatikore. Por mos kini frik\u00eb, gjuh\u00ebtar i guximsh\u00ebm, sepse ne jemi k\u00ebtu p\u00ebr t&#8217;ju udh\u00ebhequr n\u00eb \u00e7do hap t\u00eb rrug\u00ebs!<\/p>\n\n\n\n<p>N\u00eb k\u00ebt\u00eb artikull, ne do t\u00eb ofrojm\u00eb nj\u00eb kuptim baz\u00eb t\u00eb koncepteve gramatikore kroate dhe do t\u00eb ofrojm\u00eb k\u00ebshilla dhe truke p\u00ebr zot\u00ebrimin e k\u00ebsaj gjuhe t\u00eb bukur sllave. Thjesht uluni, relaksohuni dhe le ta thjeshtojm\u00eb k\u00ebt\u00eb \u00e7\u00ebshtje n\u00eb dukje t\u00eb komplikuar!<\/p>\n\n\n\n<h3 class=\"wp-block-heading\" id=\"h-1-heavenly-nouns-declining-in-style\">1. Emrat qiellor\u00eb: R\u00ebnie n\u00eb stil<\/h3>\n\n\n\n<p>N\u00ebse jeni t\u00eb njohur me gjuh\u00eb si latinishtja ose gjermanishtja, at\u00ebher\u00eb koncepti i deformimit t\u00eb emrit nuk do t\u00eb jet\u00eb i ri p\u00ebr ju. Gramatika kroate \u00ebsht\u00eb nd\u00ebrtuar mbi nj\u00eb themel t\u00eb deformimit, me gjithsej shtat\u00eb raste. Po, e d\u00ebgjuat mir\u00eb! \u00c7do em\u00ebr n\u00eb <a href=\"https:\/\/talkpal.ai\/learn-croatian\/\">kroatisht<\/a> mund t\u00eb ket\u00eb deri n\u00eb shtat\u00eb forma t\u00eb ndryshme, n\u00eb var\u00ebsi t\u00eb rolit t\u00eb tij n\u00eb fjali. Por pse zhurma, pyesni? Epo, zvog\u00eblon nevoj\u00ebn p\u00ebr parafjal\u00eb, duke e b\u00ebr\u00eb gjuh\u00ebn m\u00eb t\u00eb sakt\u00eb.  <\/p>\n\n\n\n<p>K\u00ebtu \u00ebsht\u00eb nj\u00eb p\u00ebrmbledhje e shpejt\u00eb e rasteve:<\/p>\n\n\n\n<p><strong>\u2013 Nominativ:<\/strong> Subjekti i nj\u00eb fjalie<\/p>\n\n\n\n<p><strong>\u2013 Gjenitivi:<\/strong> Tregon posedimin ose origjin\u00ebn<\/p>\n\n\n\n<p><strong>\u2013 Dative:<\/strong> Objekti indirekt ose destinacioni<\/p>\n\n\n\n<p><strong>\u2013 Akuzuese:<\/strong> Objekti ose q\u00ebllimi i drejtp\u00ebrdrejt\u00eb<\/p>\n\n\n\n<p><strong>\u2013 Vokativ:<\/strong> P\u00ebrdoret p\u00ebr t&#8217;iu drejtuar ose telefonuar dikujt<\/p>\n\n\n\n<p><strong>\u2013 Lokalizues:<\/strong> Tregon vendndodhjen<\/p>\n\n\n\n<p><strong>\u2013 Instrumentale:<\/strong> P\u00ebrshkruan mjetet, m\u00ebnyr\u00ebn ose shoq\u00ebrimin<\/p>\n\n\n\n<p>Tani, para se t\u00eb filloni t\u00eb panikoheni, mbani mend se praktika e b\u00ebn t\u00eb p\u00ebrsosur. Ekspozimi dhe p\u00ebrdorimi i rregullt i gjuh\u00ebs do t&#8217;ju ndihmoj\u00eb gradualisht t\u00eb zot\u00ebroni k\u00ebto deformime dhe t\u00eb b\u00ebheni nj\u00eb mjesht\u00ebr i gramatik\u00ebs kroate!<\/p>\n\n\n\n<h3 class=\"wp-block-heading\" id=\"h-2-adorable-adjectives-agreements-galore\">2. Mbiemrat e adhuruesh\u00ebm: Marr\u00ebveshjet me boll\u00ebk<\/h3>\n\n\n\n<p>N\u00eb bot\u00ebn e gramatik\u00ebs kroate, mbiemrat p\u00eblqejn\u00eb t\u00eb jen\u00eb t\u00eb p\u00eblqyesh\u00ebm. Ato ndryshojn\u00eb sipas gjinis\u00eb, numrit dhe rastit t\u00eb emrit q\u00eb modifikojn\u00eb. Kjo do t\u00eb thot\u00eb q\u00eb do t&#8217;ju duhet t\u00eb rregulloni form\u00ebn e mbiemrit n\u00eb var\u00ebsi t\u00eb faktit n\u00ebse emri \u00ebsht\u00eb mashkullor, fem\u00ebror ose neutr, si dhe n\u00ebse \u00ebsht\u00eb nj\u00ebj\u00ebs ose shum\u00ebs.<\/p>\n\n\n\n<p>Duke luftuar me marr\u00ebveshjen? K\u00ebtu \u00ebsht\u00eb nj\u00eb k\u00ebshill\u00eb e vog\u00ebl: p\u00ebrqendrohuni n\u00eb m\u00ebsimin e rr\u00ebnj\u00ebs s\u00eb nj\u00eb mbiemri dhe pjesa tjet\u00ebr do t\u00eb bjer\u00eb n\u00eb vend. P\u00ebr shembull, mbiemri rr\u00ebnj\u00ebsor p\u00ebr &#8220;e bukur&#8221; \u00ebsht\u00eb &#8220;lijep-&#8220;, dhe ju mund t\u00eb krijoni forma si &#8220;lijepa&#8221; (fem\u00ebrore, nominative) ose &#8220;lijepim&#8221; (mashkullore\/neutre, instrumentale) duke p\u00ebrdorur mbaresa t\u00eb ndryshme.<\/p>\n\n\n\n<h3 class=\"wp-block-heading\" id=\"h-3-vibrant-verbs-conjugating-to-perfection\">3. Foljet e gjalla: Konjugimi n\u00eb p\u00ebrsosm\u00ebri<\/h3>\n\n\n\n<p>A po filloni t\u00eb shihni nj\u00eb model k\u00ebtu? Ashtu si emrat dhe mbiemrat, foljet kroate jan\u00eb gjithashtu plot variacione. N\u00eb k\u00ebt\u00eb gjuh\u00eb, foljet i n\u00ebnshtrohen konjugimit bazuar n\u00eb koh\u00ebn, humorin, aspektin, personin dhe numrin.<\/p>\n\n\n\n<p>Ekzistojn\u00eb tre koh\u00eb kryesore n\u00eb kroatisht: e kaluara, e tashmja dhe e ardhmja. Nd\u00ebrsa koha e tashme mund t\u00eb duket relativisht e leht\u00eb p\u00ebr t&#8217;u kuptuar, koha e kaluar dhe e ardhshme mund t\u00eb jen\u00eb t\u00eb nd\u00ebrlikuara. Por mos u shqet\u00ebsoni! Praktika dhe ekspozimi ndaj gjuh\u00ebs do t&#8217;ju ndihmoj\u00eb t&#8217;i kap\u00ebrceni k\u00ebto pengesa n\u00eb nj\u00eb koh\u00eb t\u00eb shkurt\u00ebr.<\/p>\n\n\n\n<h3 class=\"wp-block-heading\" id=\"h-4-prepositions-cases-dynamic-duo\">4. Parafjal\u00eb + raste = Dyshe dinamike!<\/h3>\n\n\n\n<p>Parafjal\u00ebt kroate mund t\u00eb jen\u00eb pak t\u00eb nd\u00ebrlikuara, pasi jan\u00eb t\u00eb lidhura ngusht\u00eb me rastet e emrit. P\u00ebr shembull, parafjala &#8220;u&#8221; (in, into) p\u00ebrdoret me rastin akuzativ n\u00ebse tregon l\u00ebvizje ose drejtim, por n\u00ebse portretizon vendndodhjen, at\u00ebher\u00eb funksionon me rastin lokativ.<\/p>\n\n\n\n<p>P\u00ebr t\u00eb shmangur konfuzionin, lidhni nj\u00eb parafjal\u00eb me rastin q\u00eb k\u00ebrkon. P\u00ebr shembull, mbani mend &#8220;u + locative = in&#8221; dhe &#8220;u + accusative = into&#8221;.<\/p>\n\n\n\n<h3 class=\"wp-block-heading\" id=\"h-5-tame-the-complexities-practice-makes-perfect\">5. Zbutni kompleksitetet: Praktika e b\u00ebn t\u00eb p\u00ebrsosur<\/h3>\n\n\n\n<p>N\u00eb shikim t\u00eb par\u00eb, gramatika kroate mund t\u00eb duket si nj\u00eb labirint, por mbani n\u00eb mend se praktika \u00ebsht\u00eb p\u00ebrb\u00ebr\u00ebsi sekret i suksesit. Zhytuni n\u00eb gjuh\u00eb p\u00ebrmes leximit, shkrimit, d\u00ebgjimit dhe bised\u00ebs. Kthejini sfidat n\u00eb triumfe duke lejuar trurin tuaj t\u00eb thith\u00eb dhe t\u00eb p\u00ebrshtatet me mjedisin e ri gjuh\u00ebsor.<\/p>\n\n\n\n<p>Pra, tani q\u00eb keni zhytur gishtat e k\u00ebmb\u00ebve n\u00eb uj\u00ebrat magjeps\u00ebse t\u00eb gramatik\u00ebs kroate, a jeni gati t\u00eb zhyteni m\u00eb thell\u00eb? P\u00ebrqafoni kompleksitetet, shijoni nuancat dhe mbani mend se me k\u00ebmb\u00ebngulje dhe pasion, mund t\u00eb zhbllokoni bukurin\u00eb e v\u00ebrtet\u00eb t\u00eb gjuh\u00ebs kroate. Sretno! (Pa\u00e7 fat!)<\/p>\n<\/div><\/div>\n\r\n<section class=\"learnNavigationSection\">\r\n            \r\n        <a href=\"https:\/\/talkpal.ai\/sq\/mesoni-kroatisht\/\">\r\n            <div class=\"learnNavigationWrapper\">\r\n                <div class=\"learnNavigationContent\">\r\n                    <img decoding=\"async\" src=\"https:\/\/talkpal.ai\/wp-content\/uploads\/2024\/08\/Croatian.jpg\" alt=\"Croatian Flag\">\r\n                    <div>\r\n                        <h4>Rreth m\u00ebsimit kroat<\/h4>\r\n                        <p>M\u00ebsoni gjith\u00e7ka rreth gramatik\u00ebs kroate.<\/p>\r\n                    <\/div>\r\n                <\/div>\r\n            <\/div>\r\n        <\/a>\r\n\r\n        \r\n        <a href=\"https:\/\/talkpal.ai\/sq\/ushtrimet-e-gramatikes-kroate\/\">\r\n            <div class=\"learnNavigationWrapper\">\r\n                <div class=\"learnNavigationContent\">\r\n                    <img decoding=\"async\" src=\"https:\/\/talkpal.ai\/wp-content\/uploads\/2024\/08\/Croatian.jpg\" alt=\"Croatian Flag\">\r\n                    <div>\r\n                        <h4>Ushtrimi i gramatik\u00ebs kroate<\/h4>\r\n                        <p>Praktikoni gramatik\u00ebn kroate.<\/p>\r\n                    <\/div>\r\n                <\/div>\r\n            <\/div>\r\n        <\/a>\r\n\r\n        \r\n        <a href=\"https:\/\/talkpal.ai\/vocabulary_language\/croatian\/\">\r\n            <div class=\"learnNavigationWrapper\">\r\n                <div class=\"learnNavigationContent\">\r\n                    <img decoding=\"async\" src=\"https:\/\/talkpal.ai\/wp-content\/uploads\/2024\/08\/Croatian.jpg\" alt=\"Croatian Flag\">\r\n                    <div>\r\n                        <h4>Fjalori kroat<\/h4>\r\n                        <p>Zgjeroni fjalorin tuaj kroat.<\/p>\r\n                    <\/div>\r\n                <\/div>\r\n            <\/div>\r\n        <\/a>\r\n\r\n            <\/section>","protected":false},"excerpt":{"rendered":"<p>Nj\u00eb udh\u00ebtim n\u00ebp\u00ebr gramatik\u00ebn kroate: Zbulimi i kompleksiteteve t\u00eb leht\u00eb Gramatika kroate: josh\u00ebse dhe frik\u00ebsuese, e thjesht\u00eb dhe e nd\u00ebrlikuar, misterioze dhe magjeps\u00ebse. Nd\u00ebrsa filloni udh\u00ebtimin e m\u00ebsimit t\u00eb gjuh\u00ebs kroate, mund t\u00eb ndiheni t\u00eb mbingarkuar nga mendimi p\u00ebr t\u00eb kuptuar nd\u00ebrlikimet e saj gramatikore. Por mos kini frik\u00eb, gjuh\u00ebtar i guximsh\u00ebm, sepse ne jemi [&hellip;]<\/p>\n","protected":false},"author":1,"featured_media":1442839,"parent":0,"menu_order":0,"comment_status":"closed","ping_status":"closed","template":"LearningContentPage.php","meta":{"_acf_changed":false,"footnotes":""},"class_list":["post-1442837","page","type-page","status-publish","has-post-thumbnail","hentry"],"acf":[],"yoast_head":"<!-- This site is optimized with the Yoast SEO Premium plugin v27.2 (Yoast SEO v27.2) - https:\/\/yoast.com\/product\/yoast-seo-premium-wordpress\/ -->\n<title>Gramatika kroate - Talkpal<\/title>\n<meta name=\"description\" content=\"Eksploroni gramatik\u00ebn kroate dhe p\u00ebrmir\u00ebsoni t\u00eb kuptuarit tuaj t\u00eb gjuh\u00ebs me k\u00ebshilla dhe burime thelb\u00ebsore.\" \/>\n<meta name=\"robots\" content=\"index, follow, max-snippet:-1, max-image-preview:large, max-video-preview:-1\" \/>\n<link rel=\"canonical\" href=\"https:\/\/talkpal.ai\/sq\/gramatika-kroate\/\" \/>\n<meta property=\"og:locale\" content=\"sq_AL\" \/>\n<meta property=\"og:type\" content=\"article\" \/>\n<meta property=\"og:title\" content=\"Gramatika kroate\" \/>\n<meta property=\"og:description\" content=\"Nj\u00eb udh\u00ebtim n\u00ebp\u00ebr gramatik\u00ebn kroate: Zbulimi i kompleksiteteve t\u00eb leht\u00eb Gramatika kroate: josh\u00ebse dhe frik\u00ebsuese, e thjesht\u00eb dhe e nd\u00ebrlikuar, misterioze\" \/>\n<meta property=\"og:url\" content=\"https:\/\/talkpal.ai\/sq\/gramatika-kroate\/\" \/>\n<meta property=\"og:site_name\" content=\"Talkpal\" \/>\n<meta property=\"article:publisher\" content=\"https:\/\/www.facebook.com\/profile.php?id=100090733639311\" \/>\n<meta property=\"article:modified_time\" content=\"2025-12-11T16:42:26+00:00\" \/>\n<meta property=\"og:image\" content=\"https:\/\/talkpal.ai\/wp-content\/uploads\/2023\/05\/croatia.png\" \/>\n\t<meta property=\"og:image:width\" content=\"512\" \/>\n\t<meta property=\"og:image:height\" content=\"512\" \/>\n\t<meta property=\"og:image:type\" content=\"image\/png\" \/>\n<meta name=\"twitter:card\" content=\"summary_large_image\" \/>\n<meta name=\"twitter:site\" content=\"@talkpalai\" \/>\n<meta name=\"twitter:label1\" content=\"Est. reading time\" \/>\n\t<meta name=\"twitter:data1\" content=\"4 minutes\" \/>\n<script type=\"application\/ld+json\" class=\"yoast-schema-graph\">{\"@context\":\"https:\/\/schema.org\",\"@graph\":[{\"@type\":\"WebPage\",\"@id\":\"https:\/\/talkpal.ai\/sq\/gramatika-kroate\/\",\"url\":\"https:\/\/talkpal.ai\/sq\/gramatika-kroate\/\",\"name\":\"Gramatika kroate - Talkpal\",\"isPartOf\":{\"@id\":\"https:\/\/talkpal.ai\/sq\/#website\"},\"primaryImageOfPage\":{\"@id\":\"https:\/\/talkpal.ai\/sq\/gramatika-kroate\/#primaryimage\"},\"image\":{\"@id\":\"https:\/\/talkpal.ai\/sq\/gramatika-kroate\/#primaryimage\"},\"thumbnailUrl\":\"https:\/\/talkpal.ai\/wp-content\/uploads\/2023\/05\/croatia.png\",\"datePublished\":\"2023-05-14T14:01:16+00:00\",\"dateModified\":\"2025-12-11T16:42:26+00:00\",\"description\":\"Eksploroni gramatik\u00ebn kroate dhe p\u00ebrmir\u00ebsoni t\u00eb kuptuarit tuaj t\u00eb gjuh\u00ebs me k\u00ebshilla dhe burime thelb\u00ebsore.\",\"breadcrumb\":{\"@id\":\"https:\/\/talkpal.ai\/sq\/gramatika-kroate\/#breadcrumb\"},\"inLanguage\":\"sq-AL\",\"potentialAction\":[{\"@type\":\"ReadAction\",\"target\":[\"https:\/\/talkpal.ai\/sq\/gramatika-kroate\/\"]}]},{\"@type\":\"ImageObject\",\"inLanguage\":\"sq-AL\",\"@id\":\"https:\/\/talkpal.ai\/sq\/gramatika-kroate\/#primaryimage\",\"url\":\"https:\/\/talkpal.ai\/wp-content\/uploads\/2023\/05\/croatia.png\",\"contentUrl\":\"https:\/\/talkpal.ai\/wp-content\/uploads\/2023\/05\/croatia.png\",\"width\":512,\"height\":512,\"caption\":\"TalkPal Croatia Flag\"},{\"@type\":\"BreadcrumbList\",\"@id\":\"https:\/\/talkpal.ai\/sq\/gramatika-kroate\/#breadcrumb\",\"itemListElement\":[{\"@type\":\"ListItem\",\"position\":1,\"name\":\"Homepage\",\"item\":\"https:\/\/talkpal.ai\/sq\/\"},{\"@type\":\"ListItem\",\"position\":2,\"name\":\"Gramatika kroate\"}]},{\"@type\":\"WebSite\",\"@id\":\"https:\/\/talkpal.ai\/sq\/#website\",\"url\":\"https:\/\/talkpal.ai\/sq\/\",\"name\":\"Talkpal\",\"description\":\"AI Language Learning\",\"publisher\":{\"@id\":\"https:\/\/talkpal.ai\/sq\/#organization\"},\"alternateName\":\"Talkpal AI\",\"potentialAction\":[{\"@type\":\"SearchAction\",\"target\":{\"@type\":\"EntryPoint\",\"urlTemplate\":\"https:\/\/talkpal.ai\/sq\/?s={search_term_string}\"},\"query-input\":{\"@type\":\"PropertyValueSpecification\",\"valueRequired\":true,\"valueName\":\"search_term_string\"}}],\"inLanguage\":\"sq-AL\"},{\"@type\":\"Organization\",\"@id\":\"https:\/\/talkpal.ai\/sq\/#organization\",\"name\":\"Talkpal, Inc.\",\"alternateName\":\"Talkpal AI\",\"url\":\"https:\/\/talkpal.ai\/sq\/\",\"logo\":{\"@type\":\"ImageObject\",\"inLanguage\":\"sq-AL\",\"@id\":\"https:\/\/talkpal.ai\/sq\/#\/schema\/logo\/image\/\",\"url\":\"https:\/\/talkpal.ai\/wp-content\/uploads\/2024\/03\/Talkpal-Logo-Icon.png\",\"contentUrl\":\"https:\/\/talkpal.ai\/wp-content\/uploads\/2024\/03\/Talkpal-Logo-Icon.png\",\"width\":2880,\"height\":2880,\"caption\":\"Talkpal, Inc.\"},\"image\":{\"@id\":\"https:\/\/talkpal.ai\/sq\/#\/schema\/logo\/image\/\"},\"sameAs\":[\"https:\/\/www.facebook.com\/profile.php?id=100090733639311\",\"https:\/\/x.com\/talkpalai\",\"https:\/\/www.linkedin.com\/company\/talkpal\/\",\"https:\/\/www.youtube.com\/@TalkPal\/\",\"https:\/\/www.tiktok.com\/@talkpal\",\"https:\/\/www.instagram.com\/talkpal_ai\/\",\"https:\/\/www.crunchbase.com\/organization\/talkpal-9cde\",\"https:\/\/www.g2.com\/products\/talkpal-for-business\/\",\"https:\/\/www.trustpilot.com\/review\/talkpal.ai\",\"https:\/\/www.capterra.com\/p\/10006800\/TalkPal\/\"],\"description\":\"Talkpal is a language learning web and mobile education app, powered by the latest AI technologies, that provides engaging experiences to its customers in many different languages to help them improve their language skills. Users can chat about unlimited amount of topics with the app and use other modes to practice their language learning.\",\"email\":\"support@talkpal.ai\",\"legalName\":\"Talkpal, Inc.\",\"foundingDate\":\"2023-04-03\",\"duns\":\"118989042\",\"numberOfEmployees\":{\"@type\":\"QuantitativeValue\",\"minValue\":\"11\",\"maxValue\":\"50\"},\"publishingPrinciples\":\"https:\/\/talkpal.ai\/publishing-principles\/\",\"actionableFeedbackPolicy\":\"https:\/\/talkpal.ai\/actionable-feedback-policy\/\",\"correctionsPolicy\":\"https:\/\/talkpal.ai\/corrections-policy\/\",\"ethicsPolicy\":\"https:\/\/talkpal.ai\/ethics-policy\/\",\"diversityPolicy\":\"https:\/\/talkpal.ai\/diversity-policy\/\",\"diversityStaffingReport\":\"https:\/\/talkpal.ai\/diversity-policy\/\"}]}<\/script>\n<!-- \/ Yoast SEO Premium plugin. -->","yoast_head_json":{"title":"Gramatika kroate - Talkpal","description":"Eksploroni gramatik\u00ebn kroate dhe p\u00ebrmir\u00ebsoni t\u00eb kuptuarit tuaj t\u00eb gjuh\u00ebs me k\u00ebshilla dhe burime thelb\u00ebsore.","robots":{"index":"index","follow":"follow","max-snippet":"max-snippet:-1","max-image-preview":"max-image-preview:large","max-video-preview":"max-video-preview:-1"},"canonical":"https:\/\/talkpal.ai\/sq\/gramatika-kroate\/","og_locale":"sq_AL","og_type":"article","og_title":"Gramatika kroate","og_description":"Nj\u00eb udh\u00ebtim n\u00ebp\u00ebr gramatik\u00ebn kroate: Zbulimi i kompleksiteteve t\u00eb leht\u00eb Gramatika kroate: josh\u00ebse dhe frik\u00ebsuese, e thjesht\u00eb dhe e nd\u00ebrlikuar, misterioze","og_url":"https:\/\/talkpal.ai\/sq\/gramatika-kroate\/","og_site_name":"Talkpal","article_publisher":"https:\/\/www.facebook.com\/profile.php?id=100090733639311","article_modified_time":"2025-12-11T16:42:26+00:00","og_image":[{"width":512,"height":512,"url":"https:\/\/talkpal.ai\/wp-content\/uploads\/2023\/05\/croatia.png","type":"image\/png"}],"twitter_card":"summary_large_image","twitter_site":"@talkpalai","twitter_misc":{"Est. reading time":"4 minutes"},"schema":{"@context":"https:\/\/schema.org","@graph":[{"@type":"WebPage","@id":"https:\/\/talkpal.ai\/sq\/gramatika-kroate\/","url":"https:\/\/talkpal.ai\/sq\/gramatika-kroate\/","name":"Gramatika kroate - Talkpal","isPartOf":{"@id":"https:\/\/talkpal.ai\/sq\/#website"},"primaryImageOfPage":{"@id":"https:\/\/talkpal.ai\/sq\/gramatika-kroate\/#primaryimage"},"image":{"@id":"https:\/\/talkpal.ai\/sq\/gramatika-kroate\/#primaryimage"},"thumbnailUrl":"https:\/\/talkpal.ai\/wp-content\/uploads\/2023\/05\/croatia.png","datePublished":"2023-05-14T14:01:16+00:00","dateModified":"2025-12-11T16:42:26+00:00","description":"Eksploroni gramatik\u00ebn kroate dhe p\u00ebrmir\u00ebsoni t\u00eb kuptuarit tuaj t\u00eb gjuh\u00ebs me k\u00ebshilla dhe burime thelb\u00ebsore.","breadcrumb":{"@id":"https:\/\/talkpal.ai\/sq\/gramatika-kroate\/#breadcrumb"},"inLanguage":"sq-AL","potentialAction":[{"@type":"ReadAction","target":["https:\/\/talkpal.ai\/sq\/gramatika-kroate\/"]}]},{"@type":"ImageObject","inLanguage":"sq-AL","@id":"https:\/\/talkpal.ai\/sq\/gramatika-kroate\/#primaryimage","url":"https:\/\/talkpal.ai\/wp-content\/uploads\/2023\/05\/croatia.png","contentUrl":"https:\/\/talkpal.ai\/wp-content\/uploads\/2023\/05\/croatia.png","width":512,"height":512,"caption":"TalkPal Croatia Flag"},{"@type":"BreadcrumbList","@id":"https:\/\/talkpal.ai\/sq\/gramatika-kroate\/#breadcrumb","itemListElement":[{"@type":"ListItem","position":1,"name":"Homepage","item":"https:\/\/talkpal.ai\/sq\/"},{"@type":"ListItem","position":2,"name":"Gramatika kroate"}]},{"@type":"WebSite","@id":"https:\/\/talkpal.ai\/sq\/#website","url":"https:\/\/talkpal.ai\/sq\/","name":"Talkpal","description":"AI Language Learning","publisher":{"@id":"https:\/\/talkpal.ai\/sq\/#organization"},"alternateName":"Talkpal AI","potentialAction":[{"@type":"SearchAction","target":{"@type":"EntryPoint","urlTemplate":"https:\/\/talkpal.ai\/sq\/?s={search_term_string}"},"query-input":{"@type":"PropertyValueSpecification","valueRequired":true,"valueName":"search_term_string"}}],"inLanguage":"sq-AL"},{"@type":"Organization","@id":"https:\/\/talkpal.ai\/sq\/#organization","name":"Talkpal, Inc.","alternateName":"Talkpal AI","url":"https:\/\/talkpal.ai\/sq\/","logo":{"@type":"ImageObject","inLanguage":"sq-AL","@id":"https:\/\/talkpal.ai\/sq\/#\/schema\/logo\/image\/","url":"https:\/\/talkpal.ai\/wp-content\/uploads\/2024\/03\/Talkpal-Logo-Icon.png","contentUrl":"https:\/\/talkpal.ai\/wp-content\/uploads\/2024\/03\/Talkpal-Logo-Icon.png","width":2880,"height":2880,"caption":"Talkpal, Inc."},"image":{"@id":"https:\/\/talkpal.ai\/sq\/#\/schema\/logo\/image\/"},"sameAs":["https:\/\/www.facebook.com\/profile.php?id=100090733639311","https:\/\/x.com\/talkpalai","https:\/\/www.linkedin.com\/company\/talkpal\/","https:\/\/www.youtube.com\/@TalkPal\/","https:\/\/www.tiktok.com\/@talkpal","https:\/\/www.instagram.com\/talkpal_ai\/","https:\/\/www.crunchbase.com\/organization\/talkpal-9cde","https:\/\/www.g2.com\/products\/talkpal-for-business\/","https:\/\/www.trustpilot.com\/review\/talkpal.ai","https:\/\/www.capterra.com\/p\/10006800\/TalkPal\/"],"description":"Talkpal is a language learning web and mobile education app, powered by the latest AI technologies, that provides engaging experiences to its customers in many different languages to help them improve their language skills. Users can chat about unlimited amount of topics with the app and use other modes to practice their language learning.","email":"support@talkpal.ai","legalName":"Talkpal, Inc.","foundingDate":"2023-04-03","duns":"118989042","numberOfEmployees":{"@type":"QuantitativeValue","minValue":"11","maxValue":"50"},"publishingPrinciples":"https:\/\/talkpal.ai\/publishing-principles\/","actionableFeedbackPolicy":"https:\/\/talkpal.ai\/actionable-feedback-policy\/","correctionsPolicy":"https:\/\/talkpal.ai\/corrections-policy\/","ethicsPolicy":"https:\/\/talkpal.ai\/ethics-policy\/","diversityPolicy":"https:\/\/talkpal.ai\/diversity-policy\/","diversityStaffingReport":"https:\/\/talkpal.ai\/diversity-policy\/"}]}},"_links":{"self":[{"href":"https:\/\/talkpal.ai\/sq\/wp-json\/wp\/v2\/pages\/1442837","targetHints":{"allow":["GET"]}}],"collection":[{"href":"https:\/\/talkpal.ai\/sq\/wp-json\/wp\/v2\/pages"}],"about":[{"href":"https:\/\/talkpal.ai\/sq\/wp-json\/wp\/v2\/types\/page"}],"author":[{"embeddable":true,"href":"https:\/\/talkpal.ai\/sq\/wp-json\/wp\/v2\/users\/1"}],"replies":[{"embeddable":true,"href":"https:\/\/talkpal.ai\/sq\/wp-json\/wp\/v2\/comments?post=1442837"}],"version-history":[{"count":0,"href":"https:\/\/talkpal.ai\/sq\/wp-json\/wp\/v2\/pages\/1442837\/revisions"}],"wp:featuredmedia":[{"embeddable":true,"href":"https:\/\/talkpal.ai\/sq\/wp-json\/wp\/v2\/media\/1442839"}],"wp:attachment":[{"href":"https:\/\/talkpal.ai\/sq\/wp-json\/wp\/v2\/media?parent=1442837"}],"curies":[{"name":"wp","href":"https:\/\/api.w.org\/{rel}","templated":true}]}}