{"id":1442836,"date":"2023-05-14T14:03:43","date_gmt":"2023-05-14T14:03:43","guid":{"rendered":"https:\/\/talkpal.ai\/gramatika-galiciane\/"},"modified":"2025-12-13T15:37:15","modified_gmt":"2025-12-13T15:37:15","slug":"gramatika-galiciane","status":"publish","type":"page","link":"https:\/\/talkpal.ai\/sq\/gramatika-galiciane\/","title":{"rendered":"Gramatika galiciane"},"content":{"rendered":"\r\n\r\n\r\n<section class=\"languageChallengeSection\">\r\n    <div class=\"languageInfoWrapper\">\r\n        \r\n        <h1>Gramatika galiciane<\/h1>\r\n        <p>Zbuloni hijeshin\u00eb e gjuh\u00ebs galiciane duke zot\u00ebruar rregullat e saj themelore gramatikore. Kuptimi i gramatik\u00ebs galiciane do t\u00eb hap\u00eb dyert p\u00ebr komunikim kuptimplot\u00eb dhe nj\u00eb vler\u00ebsim m\u00eb t\u00eb thell\u00eb t\u00eb kultur\u00ebs s\u00eb gjall\u00eb t\u00eb Galicias. Filloni t\u00eb m\u00ebsoni gramatik\u00ebn galiciane sot dhe hidhni hapin tuaj t\u00eb par\u00eb drejt rrjedhshm\u00ebris\u00eb!<\/p>\r\n\r\n                            <a class=\"getStartedHidden\" href=\"https:\/\/app.talkpal.ai\/signup?lng=\">Filloni<\/a>\r\n        \r\n    <\/div>\r\n\r\n    <figure>\r\n    <img decoding=\"async\" width=\"768\" height=\"768\" src=\"https:\/\/talkpal.ai\/wp-content\/uploads\/2023\/06\/galician-768x768.png\" class=\"languageImage no-lazy\" alt=\"Language immersion powerful learning method\" fetchpriority=\"high\" sizes=\"(max-width: 768px) 150px, 768px\" srcset=\"https:\/\/talkpal.ai\/wp-content\/uploads\/2023\/06\/galician-768x768.png 768w, https:\/\/talkpal.ai\/wp-content\/uploads\/2023\/06\/galician-300x300.png 300w\" \/>\r\n    \r\n\r\n    <\/figure>\r\n\r\n            <a class=\"getStartedVisible\" href=\"https:\/\/app.talkpal.ai\/signup?lng=\">Filloni<\/a>\r\n    \r\n<\/section>\r\n<section class=\"promotionalBanner\">\r\n    <p class=\"promotionalText\">M\u00ebnyra m\u00eb efikase p\u00ebr t\u00eb m\u00ebsuar nj\u00eb gjuh\u00eb<\/p>\r\n    <a class=\"promotionalLink\" href=\"https:\/\/app.talkpal.ai\/signup?lng=\">Provoni Talkpal falas<\/a>\r\n<\/section>\n<div class=\"wp-block-group pageContainerStyle\"><div class=\"wp-block-group__inner-container is-layout-constrained wp-block-group-is-layout-constrained\">\n<h2 class=\"wp-block-heading\" id=\"h-galician-grammar-unlocking-the-beauty-of-a-romance-language\">Gramatika galiciane: Zhbllokimi i bukuris\u00eb s\u00eb nj\u00eb gjuhe romane<\/h2>\n\n\n\n<p>Galicianja, nj\u00eb gjuh\u00eb romane e folur nga mbi dy milion\u00eb njer\u00ebz n\u00eb Spanj\u00ebn veriper\u00ebndimore, \u00ebsht\u00eb nj\u00eb dialekt unik dhe magjeps\u00ebs q\u00eb ndan ngjashm\u00ebri me portugalishten. Ka nj\u00eb fonologji t\u00eb ve\u00e7ant\u00eb, histori magjeps\u00ebse dhe nj\u00eb tradit\u00eb t\u00eb gjall\u00eb poetike. P\u00ebr t\u00eb zot\u00ebruar k\u00ebt\u00eb gjuh\u00eb magjeps\u00ebse, \u00ebsht\u00eb thelb\u00ebsore t\u00eb kuptoni gramatik\u00ebn e saj. N\u00eb k\u00ebt\u00eb artikull, ne do t\u00eb shqyrtojm\u00eb aspektet thelb\u00ebsore t\u00eb gramatik\u00ebs galiciane dhe do t&#8217;ju ofrojm\u00eb k\u00ebshilla p\u00ebr t&#8217;ju ndihmuar t\u00eb shk\u00eblqeni n\u00eb k\u00ebt\u00eb udh\u00ebtim gjuh\u00ebsor.<\/p>\n\n\n\n<h3 class=\"wp-block-heading\" id=\"h-key-components-of-galician-grammar\">Komponent\u00ebt kryesor\u00eb t\u00eb gramatik\u00ebs galiciane:<\/h3>\n\n\n\n<p><a href=\"https:\/\/talkpal.ai\/sq\/gramatika\/\">Gramatika<\/a> galiciane, si gjuh\u00ebt e tjera romane, p\u00ebrb\u00ebhet nga rregulla dhe struktura t\u00eb ndryshme q\u00eb p\u00ebrcaktojn\u00eb p\u00ebrdorimin e duhur t\u00eb saj. K\u00ebtu jan\u00eb disa aspekte themelore t\u00eb gramatik\u00ebs galiciane me t\u00eb cilat duhet t\u00eb njiheni:<\/p>\n\n\n\n<p><strong>1. Emrat:<\/strong> Emrat galician\u00eb kan\u00eb dy gjini gramatikore (mashkullore dhe fem\u00ebrore) dhe p\u00ebrkulen p\u00ebr numrin (nj\u00ebj\u00ebs dhe shum\u00ebs). Gjinia e nj\u00eb emri ndikon n\u00eb form\u00ebn e artikujve, mbiemrave dhe p\u00ebremrave q\u00eb e shoq\u00ebrojn\u00eb at\u00eb.<\/p>\n\n\n\n<p><strong>2. Artikujt:<\/strong> <a href=\"https:\/\/talkpal.ai\/learn-galician\/\">Galician<\/a> ka artikuj t\u00eb caktuar (o, os, a, as) dhe artikuj t\u00eb pacaktuar (un, uns, unha, unhas). Artikujt e caktuar p\u00ebrdoren p\u00ebr t&#8217;iu referuar objekteve ose njer\u00ebzve specifik\u00eb, nd\u00ebrsa artikujt e pacaktuar p\u00ebrdoren p\u00ebr referenca t\u00eb p\u00ebrgjithshme ose jospecifike.<\/p>\n\n\n\n<p><strong>3. Mbiemrat dhe ndajfoljet:<\/strong> Mbiemrat n\u00eb galicisht zakonisht pajtohen n\u00eb gjini dhe num\u00ebr me emrat q\u00eb modifikojn\u00eb. Ndajfoljet, nga ana tjet\u00ebr, jan\u00eb t\u00eb pandryshueshme dhe nuk ndryshojn\u00eb sipas gjinis\u00eb ose numrit t\u00eb emrit.<\/p>\n\n\n\n<p><strong>4. Foljet:<\/strong> Foljet galiciane jan\u00eb t\u00eb lidhura n\u00eb tre modele t\u00eb rregullta (ar, er, ir) dhe modele t\u00eb ndryshme t\u00eb parregullta. Foljet p\u00ebrkulen sipas koh\u00ebs (e tashmja, e kaluara, e ardhmja, etj.), humorit (tregues, n\u00ebnlidh\u00ebs, <a href=\"https:\/\/talkpal.ai\/ja\/grammar_exercises\/imperatif-%e3%83%95%e3%83%a9%e3%83%b3%e3%82%b9%e3%81%ae%e6%96%87%e6%b3%95%e3%81%ae%e3%81%9f%e3%82%81%e3%81%ae%e6%bc%94%e7%bf%92\/\">imperativ<\/a>), aspektit (p\u00ebrsosur, jop\u00ebrsosur) dhe z\u00ebrit (aktiv, pasiv). P\u00ebremrat shpesh hiqen n\u00eb konjugimin e foljeve, pasi forma e foljes zakonisht tregon subjektin.<\/p>\n\n\n\n<p><strong>5. Struktura e fjalis\u00eb:<\/strong> Galicianja zakonisht p\u00ebrdor rendin e fjal\u00ebve Subjekt-Folje-Objekt (SVO) ose Folje-Subjekt-Objekt (VSO), n\u00eb var\u00ebsi t\u00eb theksit dhe kontekstit. Megjithat\u00eb, ky rend fjal\u00ebsh \u00ebsht\u00eb fleksib\u00ebl.<\/p>\n\n\n\n<h3 class=\"wp-block-heading\" id=\"h-tips-for-learning-galician-grammar\">K\u00ebshilla p\u00ebr t\u00eb m\u00ebsuar gramatik\u00ebn galiciane:<\/h3>\n\n\n\n<p>P\u00ebr t\u00eb shk\u00eblqyer n\u00eb udh\u00ebtimin tuaj t\u00eb m\u00ebsimit t\u00eb gramatik\u00ebs galiciane, merrni parasysh k\u00ebto strategji t\u00eb dobishme:<\/p>\n\n\n\n<p><strong>1. Praktika e rregullt:<\/strong> Q\u00ebndrueshm\u00ebria \u00ebsht\u00eb thelb\u00ebsore. Dedikoni koh\u00eb specifike \u00e7do dit\u00eb ose jav\u00eb p\u00ebr t\u00eb praktikuar ushtrimet gramatikore, leximin dhe shkrimin n\u00eb galicisht.<\/p>\n\n\n\n<p><strong>2. P\u00ebrdorni burime vendase:<\/strong> Zhytuni n\u00eb materiale autentike galiciane si let\u00ebrsi, artikuj lajmesh dhe filma. Kjo jo vet\u00ebm q\u00eb ju ndihmon t\u00eb shihni gramatik\u00ebn galiciane n\u00eb kontekst, por gjithashtu p\u00ebrmir\u00ebson aft\u00ebsit\u00eb tuaja t\u00eb leximit dhe d\u00ebgjimit.<\/p>\n\n\n\n<p><strong>3. M\u00ebsoni gjinit\u00eb dhe artikujt e emrave:<\/strong> Njihuni me gjinit\u00eb e emrave galiciane dhe p\u00ebrdorimin e duhur t\u00eb artikujve. Kjo \u00ebsht\u00eb thelb\u00ebsore p\u00ebr formimin e fjalive t\u00eb sakta dhe koherente.<\/p>\n\n\n\n<p><strong>4. Lidhuni me fol\u00ebsit amtare:<\/strong> Angazhohuni me fol\u00ebsit amtare t\u00eb galician\u00ebve p\u00ebrmes programeve t\u00eb shk\u00ebmbimit gjuh\u00ebsor, mediave sociale ose forumeve n\u00eb internet. Kjo ofron mund\u00ebsi p\u00ebr t\u00eb praktikuar gramatik\u00ebn n\u00eb biseda t\u00eb jet\u00ebs reale dhe p\u00ebr t\u00eb marr\u00eb <a href=\"https:\/\/talkpal.ai\/contact\/\">reagime<\/a> t\u00eb vlefshme.<\/p>\n\n\n\n<p><strong>5. Durimi dhe k\u00ebmb\u00ebngulja:<\/strong> M\u00ebsimi i nj\u00eb gjuhe t\u00eb re k\u00ebrkon koh\u00eb, vendosm\u00ebri dhe durim. P\u00ebrqafoni sfidat dhe festoni p\u00ebrparimin tuaj gjat\u00eb rrug\u00ebs.<\/p>\n\n\n\n<h2 class=\"wp-block-heading\" id=\"h-conclusion\">P\u00ebrfundim:<\/h2>\n\n\n\n<p>Gramatika galiciane, me karakteristikat e saj unike dhe lidhjen me familjen e gjuh\u00ebve romane, mban \u00e7el\u00ebsin p\u00ebr zot\u00ebrimin e k\u00ebtij dialekti magjeps\u00ebs. Duke kuptuar komponent\u00ebt kryesor\u00eb t\u00eb tij dhe duke ndjekur strategjit\u00eb tona t\u00eb t\u00eb m\u00ebsuarit, do t\u00eb jeni n\u00eb rrug\u00ebn tuaj drejt aft\u00ebsis\u00eb gjuh\u00ebsore. Pra, filloni k\u00ebt\u00eb udh\u00ebtim emocionues dhe zhbllokoni mrekullit\u00eb e gjuh\u00ebs galiciane!<\/p>\n<\/div><\/div>\n\r\n<section class=\"learnNavigationSection\">\r\n            \r\n        <a href=\"https:\/\/talkpal.ai\/sq\/meso-galician\/\">\r\n            <div class=\"learnNavigationWrapper\">\r\n                <div class=\"learnNavigationContent\">\r\n                    <img decoding=\"async\" src=\"https:\/\/talkpal.ai\/wp-content\/uploads\/2024\/08\/Galician.jpg\" alt=\"Galicia Flag\">\r\n                    <div>\r\n                        <h4>Rreth m\u00ebsimit t\u00eb galicianishtes<\/h4>\r\n                        <p>M\u00ebsoni gjith\u00e7ka rreth gramatik\u00ebs galiciane.<\/p>\r\n                    <\/div>\r\n                <\/div>\r\n            <\/div>\r\n        <\/a>\r\n\r\n        \r\n        <a href=\"https:\/\/talkpal.ai\/sq\/ushtrime-gramatikore-galiciane\/\">\r\n            <div class=\"learnNavigationWrapper\">\r\n                <div class=\"learnNavigationContent\">\r\n                    <img decoding=\"async\" src=\"https:\/\/talkpal.ai\/wp-content\/uploads\/2024\/08\/Galician.jpg\" alt=\"Galicia Flag\">\r\n                    <div>\r\n                        <h4>Ushtrimi i gramatik\u00ebs galiciane<\/h4>\r\n                        <p>Praktikoni gramatik\u00ebn galiciane.<\/p>\r\n                    <\/div>\r\n                <\/div>\r\n            <\/div>\r\n        <\/a>\r\n\r\n        \r\n        <a href=\"https:\/\/talkpal.ai\/vocabulary_language\/galician\/\">\r\n            <div class=\"learnNavigationWrapper\">\r\n                <div class=\"learnNavigationContent\">\r\n                    <img decoding=\"async\" src=\"https:\/\/talkpal.ai\/wp-content\/uploads\/2024\/08\/Galician.jpg\" alt=\"Galicia Flag\">\r\n                    <div>\r\n                        <h4>Fjalori galicisht<\/h4>\r\n                        <p>Zgjeroni fjalorin tuaj galician.<\/p>\r\n                    <\/div>\r\n                <\/div>\r\n            <\/div>\r\n        <\/a>\r\n\r\n            <\/section>","protected":false},"excerpt":{"rendered":"<p>Gramatika galiciane: Zhbllokimi i bukuris\u00eb s\u00eb nj\u00eb gjuhe romane Galicianja, nj\u00eb gjuh\u00eb romane e folur nga mbi dy milion\u00eb njer\u00ebz n\u00eb Spanj\u00ebn veriper\u00ebndimore, \u00ebsht\u00eb nj\u00eb dialekt unik dhe magjeps\u00ebs q\u00eb ndan ngjashm\u00ebri me portugalishten. Ka nj\u00eb fonologji t\u00eb ve\u00e7ant\u00eb, histori magjeps\u00ebse dhe nj\u00eb tradit\u00eb t\u00eb gjall\u00eb poetike. P\u00ebr t\u00eb zot\u00ebruar k\u00ebt\u00eb gjuh\u00eb magjeps\u00ebse, \u00ebsht\u00eb thelb\u00ebsore [&hellip;]<\/p>\n","protected":false},"author":1,"featured_media":1442838,"parent":0,"menu_order":0,"comment_status":"closed","ping_status":"closed","template":"LearningContentPage.php","meta":{"_acf_changed":false,"footnotes":""},"class_list":["post-1442836","page","type-page","status-publish","has-post-thumbnail","hentry"],"acf":[],"yoast_head":"<!-- This site is optimized with the Yoast SEO Premium plugin v27.2 (Yoast SEO v27.2) - https:\/\/yoast.com\/product\/yoast-seo-premium-wordpress\/ -->\n<title>Gramatika galiciane - Talkpal<\/title>\n<meta name=\"description\" content=\"Zot\u00ebroni leht\u00ebsisht gramatik\u00ebn galiciane - m\u00ebsoni rregullat, nd\u00ebrtoni fjali t\u00eb sakta dhe komunikoni qart\u00eb\" \/>\n<meta name=\"robots\" content=\"index, follow, max-snippet:-1, max-image-preview:large, max-video-preview:-1\" \/>\n<link rel=\"canonical\" href=\"https:\/\/talkpal.ai\/sq\/gramatika-galiciane\/\" \/>\n<meta property=\"og:locale\" content=\"sq_AL\" \/>\n<meta property=\"og:type\" content=\"article\" \/>\n<meta property=\"og:title\" content=\"Gramatika galiciane\" \/>\n<meta property=\"og:description\" content=\"Gramatika galiciane: Zhbllokimi i bukuris\u00eb s\u00eb nj\u00eb gjuhe romane Galicianja, nj\u00eb gjuh\u00eb romane e folur nga mbi dy milion\u00eb njer\u00ebz n\u00eb Spanj\u00ebn veriper\u00ebndimore,\" \/>\n<meta property=\"og:url\" content=\"https:\/\/talkpal.ai\/sq\/gramatika-galiciane\/\" \/>\n<meta property=\"og:site_name\" content=\"Talkpal\" \/>\n<meta property=\"article:publisher\" content=\"https:\/\/www.facebook.com\/profile.php?id=100090733639311\" \/>\n<meta property=\"article:modified_time\" content=\"2025-12-13T15:37:15+00:00\" \/>\n<meta property=\"og:image\" content=\"https:\/\/talkpal.ai\/wp-content\/uploads\/2023\/05\/Galician-spain.png\" \/>\n\t<meta property=\"og:image:width\" content=\"512\" \/>\n\t<meta property=\"og:image:height\" content=\"512\" \/>\n\t<meta property=\"og:image:type\" content=\"image\/png\" \/>\n<meta name=\"twitter:card\" content=\"summary_large_image\" \/>\n<meta name=\"twitter:site\" content=\"@talkpalai\" \/>\n<meta name=\"twitter:label1\" content=\"Est. reading time\" \/>\n\t<meta name=\"twitter:data1\" content=\"3 minutes\" \/>\n<script type=\"application\/ld+json\" class=\"yoast-schema-graph\">{\"@context\":\"https:\/\/schema.org\",\"@graph\":[{\"@type\":\"WebPage\",\"@id\":\"https:\/\/talkpal.ai\/sq\/gramatika-galiciane\/\",\"url\":\"https:\/\/talkpal.ai\/sq\/gramatika-galiciane\/\",\"name\":\"Gramatika galiciane - Talkpal\",\"isPartOf\":{\"@id\":\"https:\/\/talkpal.ai\/sq\/#website\"},\"primaryImageOfPage\":{\"@id\":\"https:\/\/talkpal.ai\/sq\/gramatika-galiciane\/#primaryimage\"},\"image\":{\"@id\":\"https:\/\/talkpal.ai\/sq\/gramatika-galiciane\/#primaryimage\"},\"thumbnailUrl\":\"https:\/\/talkpal.ai\/wp-content\/uploads\/2023\/05\/Galician-spain.png\",\"datePublished\":\"2023-05-14T14:03:43+00:00\",\"dateModified\":\"2025-12-13T15:37:15+00:00\",\"description\":\"Zot\u00ebroni leht\u00ebsisht gramatik\u00ebn galiciane - m\u00ebsoni rregullat, nd\u00ebrtoni fjali t\u00eb sakta dhe komunikoni qart\u00eb\",\"breadcrumb\":{\"@id\":\"https:\/\/talkpal.ai\/sq\/gramatika-galiciane\/#breadcrumb\"},\"inLanguage\":\"sq-AL\",\"potentialAction\":[{\"@type\":\"ReadAction\",\"target\":[\"https:\/\/talkpal.ai\/sq\/gramatika-galiciane\/\"]}]},{\"@type\":\"ImageObject\",\"inLanguage\":\"sq-AL\",\"@id\":\"https:\/\/talkpal.ai\/sq\/gramatika-galiciane\/#primaryimage\",\"url\":\"https:\/\/talkpal.ai\/wp-content\/uploads\/2023\/05\/Galician-spain.png\",\"contentUrl\":\"https:\/\/talkpal.ai\/wp-content\/uploads\/2023\/05\/Galician-spain.png\",\"width\":512,\"height\":512,\"caption\":\"TalkPal Galician Flag\"},{\"@type\":\"BreadcrumbList\",\"@id\":\"https:\/\/talkpal.ai\/sq\/gramatika-galiciane\/#breadcrumb\",\"itemListElement\":[{\"@type\":\"ListItem\",\"position\":1,\"name\":\"Homepage\",\"item\":\"https:\/\/talkpal.ai\/sq\/\"},{\"@type\":\"ListItem\",\"position\":2,\"name\":\"Gramatika galiciane\"}]},{\"@type\":\"WebSite\",\"@id\":\"https:\/\/talkpal.ai\/sq\/#website\",\"url\":\"https:\/\/talkpal.ai\/sq\/\",\"name\":\"Talkpal\",\"description\":\"AI Language Learning\",\"publisher\":{\"@id\":\"https:\/\/talkpal.ai\/sq\/#organization\"},\"alternateName\":\"Talkpal AI\",\"potentialAction\":[{\"@type\":\"SearchAction\",\"target\":{\"@type\":\"EntryPoint\",\"urlTemplate\":\"https:\/\/talkpal.ai\/sq\/?s={search_term_string}\"},\"query-input\":{\"@type\":\"PropertyValueSpecification\",\"valueRequired\":true,\"valueName\":\"search_term_string\"}}],\"inLanguage\":\"sq-AL\"},{\"@type\":\"Organization\",\"@id\":\"https:\/\/talkpal.ai\/sq\/#organization\",\"name\":\"Talkpal, Inc.\",\"alternateName\":\"Talkpal AI\",\"url\":\"https:\/\/talkpal.ai\/sq\/\",\"logo\":{\"@type\":\"ImageObject\",\"inLanguage\":\"sq-AL\",\"@id\":\"https:\/\/talkpal.ai\/sq\/#\/schema\/logo\/image\/\",\"url\":\"https:\/\/talkpal.ai\/wp-content\/uploads\/2024\/03\/Talkpal-Logo-Icon.png\",\"contentUrl\":\"https:\/\/talkpal.ai\/wp-content\/uploads\/2024\/03\/Talkpal-Logo-Icon.png\",\"width\":2880,\"height\":2880,\"caption\":\"Talkpal, Inc.\"},\"image\":{\"@id\":\"https:\/\/talkpal.ai\/sq\/#\/schema\/logo\/image\/\"},\"sameAs\":[\"https:\/\/www.facebook.com\/profile.php?id=100090733639311\",\"https:\/\/x.com\/talkpalai\",\"https:\/\/www.linkedin.com\/company\/talkpal\/\",\"https:\/\/www.youtube.com\/@TalkPal\/\",\"https:\/\/www.tiktok.com\/@talkpal\",\"https:\/\/www.instagram.com\/talkpal_ai\/\",\"https:\/\/www.crunchbase.com\/organization\/talkpal-9cde\",\"https:\/\/www.g2.com\/products\/talkpal-for-business\/\",\"https:\/\/www.trustpilot.com\/review\/talkpal.ai\",\"https:\/\/www.capterra.com\/p\/10006800\/TalkPal\/\"],\"description\":\"Talkpal is a language learning web and mobile education app, powered by the latest AI technologies, that provides engaging experiences to its customers in many different languages to help them improve their language skills. Users can chat about unlimited amount of topics with the app and use other modes to practice their language learning.\",\"email\":\"support@talkpal.ai\",\"legalName\":\"Talkpal, Inc.\",\"foundingDate\":\"2023-04-03\",\"duns\":\"118989042\",\"numberOfEmployees\":{\"@type\":\"QuantitativeValue\",\"minValue\":\"11\",\"maxValue\":\"50\"},\"publishingPrinciples\":\"https:\/\/talkpal.ai\/publishing-principles\/\",\"actionableFeedbackPolicy\":\"https:\/\/talkpal.ai\/actionable-feedback-policy\/\",\"correctionsPolicy\":\"https:\/\/talkpal.ai\/corrections-policy\/\",\"ethicsPolicy\":\"https:\/\/talkpal.ai\/ethics-policy\/\",\"diversityPolicy\":\"https:\/\/talkpal.ai\/diversity-policy\/\",\"diversityStaffingReport\":\"https:\/\/talkpal.ai\/diversity-policy\/\"}]}<\/script>\n<!-- \/ Yoast SEO Premium plugin. -->","yoast_head_json":{"title":"Gramatika galiciane - Talkpal","description":"Zot\u00ebroni leht\u00ebsisht gramatik\u00ebn galiciane - m\u00ebsoni rregullat, nd\u00ebrtoni fjali t\u00eb sakta dhe komunikoni qart\u00eb","robots":{"index":"index","follow":"follow","max-snippet":"max-snippet:-1","max-image-preview":"max-image-preview:large","max-video-preview":"max-video-preview:-1"},"canonical":"https:\/\/talkpal.ai\/sq\/gramatika-galiciane\/","og_locale":"sq_AL","og_type":"article","og_title":"Gramatika galiciane","og_description":"Gramatika galiciane: Zhbllokimi i bukuris\u00eb s\u00eb nj\u00eb gjuhe romane Galicianja, nj\u00eb gjuh\u00eb romane e folur nga mbi dy milion\u00eb njer\u00ebz n\u00eb Spanj\u00ebn veriper\u00ebndimore,","og_url":"https:\/\/talkpal.ai\/sq\/gramatika-galiciane\/","og_site_name":"Talkpal","article_publisher":"https:\/\/www.facebook.com\/profile.php?id=100090733639311","article_modified_time":"2025-12-13T15:37:15+00:00","og_image":[{"width":512,"height":512,"url":"https:\/\/talkpal.ai\/wp-content\/uploads\/2023\/05\/Galician-spain.png","type":"image\/png"}],"twitter_card":"summary_large_image","twitter_site":"@talkpalai","twitter_misc":{"Est. reading time":"3 minutes"},"schema":{"@context":"https:\/\/schema.org","@graph":[{"@type":"WebPage","@id":"https:\/\/talkpal.ai\/sq\/gramatika-galiciane\/","url":"https:\/\/talkpal.ai\/sq\/gramatika-galiciane\/","name":"Gramatika galiciane - Talkpal","isPartOf":{"@id":"https:\/\/talkpal.ai\/sq\/#website"},"primaryImageOfPage":{"@id":"https:\/\/talkpal.ai\/sq\/gramatika-galiciane\/#primaryimage"},"image":{"@id":"https:\/\/talkpal.ai\/sq\/gramatika-galiciane\/#primaryimage"},"thumbnailUrl":"https:\/\/talkpal.ai\/wp-content\/uploads\/2023\/05\/Galician-spain.png","datePublished":"2023-05-14T14:03:43+00:00","dateModified":"2025-12-13T15:37:15+00:00","description":"Zot\u00ebroni leht\u00ebsisht gramatik\u00ebn galiciane - m\u00ebsoni rregullat, nd\u00ebrtoni fjali t\u00eb sakta dhe komunikoni qart\u00eb","breadcrumb":{"@id":"https:\/\/talkpal.ai\/sq\/gramatika-galiciane\/#breadcrumb"},"inLanguage":"sq-AL","potentialAction":[{"@type":"ReadAction","target":["https:\/\/talkpal.ai\/sq\/gramatika-galiciane\/"]}]},{"@type":"ImageObject","inLanguage":"sq-AL","@id":"https:\/\/talkpal.ai\/sq\/gramatika-galiciane\/#primaryimage","url":"https:\/\/talkpal.ai\/wp-content\/uploads\/2023\/05\/Galician-spain.png","contentUrl":"https:\/\/talkpal.ai\/wp-content\/uploads\/2023\/05\/Galician-spain.png","width":512,"height":512,"caption":"TalkPal Galician Flag"},{"@type":"BreadcrumbList","@id":"https:\/\/talkpal.ai\/sq\/gramatika-galiciane\/#breadcrumb","itemListElement":[{"@type":"ListItem","position":1,"name":"Homepage","item":"https:\/\/talkpal.ai\/sq\/"},{"@type":"ListItem","position":2,"name":"Gramatika galiciane"}]},{"@type":"WebSite","@id":"https:\/\/talkpal.ai\/sq\/#website","url":"https:\/\/talkpal.ai\/sq\/","name":"Talkpal","description":"AI Language Learning","publisher":{"@id":"https:\/\/talkpal.ai\/sq\/#organization"},"alternateName":"Talkpal AI","potentialAction":[{"@type":"SearchAction","target":{"@type":"EntryPoint","urlTemplate":"https:\/\/talkpal.ai\/sq\/?s={search_term_string}"},"query-input":{"@type":"PropertyValueSpecification","valueRequired":true,"valueName":"search_term_string"}}],"inLanguage":"sq-AL"},{"@type":"Organization","@id":"https:\/\/talkpal.ai\/sq\/#organization","name":"Talkpal, Inc.","alternateName":"Talkpal AI","url":"https:\/\/talkpal.ai\/sq\/","logo":{"@type":"ImageObject","inLanguage":"sq-AL","@id":"https:\/\/talkpal.ai\/sq\/#\/schema\/logo\/image\/","url":"https:\/\/talkpal.ai\/wp-content\/uploads\/2024\/03\/Talkpal-Logo-Icon.png","contentUrl":"https:\/\/talkpal.ai\/wp-content\/uploads\/2024\/03\/Talkpal-Logo-Icon.png","width":2880,"height":2880,"caption":"Talkpal, Inc."},"image":{"@id":"https:\/\/talkpal.ai\/sq\/#\/schema\/logo\/image\/"},"sameAs":["https:\/\/www.facebook.com\/profile.php?id=100090733639311","https:\/\/x.com\/talkpalai","https:\/\/www.linkedin.com\/company\/talkpal\/","https:\/\/www.youtube.com\/@TalkPal\/","https:\/\/www.tiktok.com\/@talkpal","https:\/\/www.instagram.com\/talkpal_ai\/","https:\/\/www.crunchbase.com\/organization\/talkpal-9cde","https:\/\/www.g2.com\/products\/talkpal-for-business\/","https:\/\/www.trustpilot.com\/review\/talkpal.ai","https:\/\/www.capterra.com\/p\/10006800\/TalkPal\/"],"description":"Talkpal is a language learning web and mobile education app, powered by the latest AI technologies, that provides engaging experiences to its customers in many different languages to help them improve their language skills. Users can chat about unlimited amount of topics with the app and use other modes to practice their language learning.","email":"support@talkpal.ai","legalName":"Talkpal, Inc.","foundingDate":"2023-04-03","duns":"118989042","numberOfEmployees":{"@type":"QuantitativeValue","minValue":"11","maxValue":"50"},"publishingPrinciples":"https:\/\/talkpal.ai\/publishing-principles\/","actionableFeedbackPolicy":"https:\/\/talkpal.ai\/actionable-feedback-policy\/","correctionsPolicy":"https:\/\/talkpal.ai\/corrections-policy\/","ethicsPolicy":"https:\/\/talkpal.ai\/ethics-policy\/","diversityPolicy":"https:\/\/talkpal.ai\/diversity-policy\/","diversityStaffingReport":"https:\/\/talkpal.ai\/diversity-policy\/"}]}},"_links":{"self":[{"href":"https:\/\/talkpal.ai\/sq\/wp-json\/wp\/v2\/pages\/1442836","targetHints":{"allow":["GET"]}}],"collection":[{"href":"https:\/\/talkpal.ai\/sq\/wp-json\/wp\/v2\/pages"}],"about":[{"href":"https:\/\/talkpal.ai\/sq\/wp-json\/wp\/v2\/types\/page"}],"author":[{"embeddable":true,"href":"https:\/\/talkpal.ai\/sq\/wp-json\/wp\/v2\/users\/1"}],"replies":[{"embeddable":true,"href":"https:\/\/talkpal.ai\/sq\/wp-json\/wp\/v2\/comments?post=1442836"}],"version-history":[{"count":0,"href":"https:\/\/talkpal.ai\/sq\/wp-json\/wp\/v2\/pages\/1442836\/revisions"}],"wp:featuredmedia":[{"embeddable":true,"href":"https:\/\/talkpal.ai\/sq\/wp-json\/wp\/v2\/media\/1442838"}],"wp:attachment":[{"href":"https:\/\/talkpal.ai\/sq\/wp-json\/wp\/v2\/media?parent=1442836"}],"curies":[{"name":"wp","href":"https:\/\/api.w.org\/{rel}","templated":true}]}}