{"id":1442831,"date":"2023-05-14T14:00:56","date_gmt":"2023-05-14T14:00:56","guid":{"rendered":"https:\/\/talkpal.ai\/gramatika-katalanase\/"},"modified":"2025-09-06T17:47:30","modified_gmt":"2025-09-06T17:47:30","slug":"gramatika-katalanase","status":"publish","type":"page","link":"https:\/\/talkpal.ai\/sq\/gramatika-katalanase\/","title":{"rendered":"Gramatika Katalanase"},"content":{"rendered":"\r\n\r\n\r\n<section class=\"languageChallengeSection\">\r\n    <div class=\"languageInfoWrapper\">\r\n        \r\n        <h1>Gramatika Katalanase<\/h1>\r\n        <p>Zhytuni n\u00eb bot\u00ebn e gramatik\u00ebs katalanase dhe zbuloni struktur\u00ebn unike t\u00eb k\u00ebsaj gjuhe t\u00eb gjall\u00eb romane. Zot\u00ebrimi i bazave do t&#039;ju ndihmoj\u00eb t\u00eb komunikoni n\u00eb m\u00ebnyr\u00eb m\u00eb efektive dhe t\u00eb lidheni me kultur\u00ebn katalanase n\u00eb nj\u00eb nivel m\u00eb t\u00eb thell\u00eb. Filloni t\u00eb m\u00ebsoni gramatik\u00ebn katalanase sot dhe hidhni hapin tuaj t\u00eb par\u00eb drejt rrjedhshm\u00ebris\u00eb!\r\n\r\n<\/p>\r\n\r\n                            <a class=\"getStartedHidden\" href=\"https:\/\/app.talkpal.ai\/signup?lng=\">Filloni<\/a>\r\n        \r\n    <\/div>\r\n\r\n    <figure>\r\n    <img decoding=\"async\" width=\"768\" height=\"768\" src=\"https:\/\/talkpal.ai\/wp-content\/uploads\/2023\/06\/catalan-768x768.png\" class=\"languageImage no-lazy\" alt=\"Language learning techniques for fast learning\" fetchpriority=\"high\" sizes=\"(max-width: 768px) 150px, 768px\" srcset=\"https:\/\/talkpal.ai\/wp-content\/uploads\/2023\/06\/catalan-768x768.png 768w, https:\/\/talkpal.ai\/wp-content\/uploads\/2023\/06\/catalan-300x300.png 300w\" \/>\r\n    \r\n\r\n    <\/figure>\r\n\r\n            <a class=\"getStartedVisible\" href=\"https:\/\/app.talkpal.ai\/signup?lng=\">Filloni<\/a>\r\n    \r\n<\/section>\r\n<section class=\"promotionalBanner\">\r\n    <p class=\"promotionalText\">M\u00ebnyra m\u00eb efikase p\u00ebr t\u00eb m\u00ebsuar nj\u00eb gjuh\u00eb<\/p>\r\n    <a class=\"promotionalLink\" href=\"https:\/\/app.talkpal.ai\/signup?lng=\">Provoni Talkpal falas<\/a>\r\n<\/section>\n<div class=\"wp-block-group pageContainerStyle\"><div class=\"wp-block-group__inner-container is-layout-constrained wp-block-group-is-layout-constrained\">\n<h2 class=\"wp-block-heading\" id=\"h-catalan-grammar-a-quick-guide-for-language-enthusiasts\">Gramatika katalanase: Nj\u00eb udh\u00ebzues i shpejt\u00eb p\u00ebr entuziast\u00ebt e gjuh\u00ebs<\/h2>\n\n\n\n<p>Po planifikoni t\u00eb m\u00ebsoni <a href=\"https:\/\/talkpal.ai\/learn-catalan\/\">katalanisht<\/a> apo thjesht jeni kurioz p\u00ebr k\u00ebt\u00eb gjuh\u00eb t\u00eb bukur romane? Mos shiko m\u00eb tej! Ne jemi k\u00ebtu p\u00ebr t&#8217;ju \u00e7uar n\u00eb nj\u00eb turne t\u00eb shpejt\u00eb n\u00eb gramatik\u00ebn katalanase dhe p\u00ebr t&#8217;ju pajisur me bazat. Le t\u00eb zhytemi n\u00eb k\u00ebt\u00eb gjuh\u00eb simpatike dhe t\u00eb eksplorojm\u00eb <a href=\"https:\/\/talkpal.ai\/culture\/what-is-the-difference-between-se-and-si\/\">se si<\/a> funksionon n\u00eb nj\u00eb nivel gramatikor.<\/p>\n\n\n\n<p>Katalanaska, e folur nga <a href=\"https:\/\/talkpal.ai\/sq\/rreth\/\">rreth<\/a> 10 milion\u00eb njer\u00ebz kryesisht n\u00eb Katalonj\u00eb, <a href=\"https:\/\/talkpal.ai\/locations\/language-courses-in-valencia\/\">Valencia<\/a> dhe Ishujt Balearik, ka nj\u00eb p\u00ebrzierje unike t\u00eb ndikimeve nga latinishtja, spanjishtja dhe fr\u00ebngjishtja. Ashtu si ju dhe un\u00eb, gjuh\u00ebt pasurohen m\u00eb tej duke huazuar nuanca t\u00eb ndryshme nga nj\u00ebra-tjetra me kalimin e koh\u00ebs. Sa emocionuese!<\/p>\n\n\n\n<p><strong>Tani, le t\u00eb m\u00ebsojm\u00eb disa aspekte themelore t\u00eb gramatik\u00ebs katalanase:<\/strong><\/p>\n\n\n\n<h3 class=\"wp-block-heading\" id=\"h-1-nouns-and-gender\">1. Emrat dhe gjinia:<\/h3>\n\n\n\n<p>K\u00ebndojeni me mua \u2013 &#8216;\u00c7do em\u00ebr ka fuqin\u00eb!&#8217; Ashtu si n\u00eb gjuh\u00ebt e tjera romane, emrat katalanas jan\u00eb ose mashkullor\u00eb ose fem\u00ebror\u00eb, dhe kjo &#8216;gjini&#8217; ndikon n\u00eb m\u00ebnyr\u00ebn se si p\u00ebrdoren me artikuj dhe mbiemra. Megjithat\u00eb, mos u shqet\u00ebsoni! Shumic\u00ebn e koh\u00ebs, emrat q\u00eb p\u00ebrfundojn\u00eb me &#8216;-a&#8217; jan\u00eb fem\u00ebror\u00eb, nd\u00ebrsa ato q\u00eb p\u00ebrfundojn\u00eb me &#8216;-o&#8217; (ose bashk\u00ebting\u00ebllore t\u00eb tjera) jan\u00eb mashkullore. Megjithat\u00eb, kini parasysh p\u00ebrjashtimet \u2013 ata duan t&#8217;ju afrohen fshehurazi!<\/p>\n\n\n\n<h3 class=\"wp-block-heading\" id=\"h-2-articles\">2. Artikujt:<\/h3>\n\n\n\n<p>Jeta do t\u00eb ishte e m\u00ebrzitshme pa artikuj, apo jo? Kur b\u00ebhet fjal\u00eb p\u00ebr katalanishten, ne kemi artikuj t\u00eb caktuar p\u00ebr t\u00eb v\u00ebn\u00eb n\u00eb dukje gj\u00ebra ose njer\u00ebz specifik\u00eb (si &#8220;qeni&#8221; ose &#8220;libri&#8221;) dhe artikuj t\u00eb pacaktuar p\u00ebr referenca t\u00eb p\u00ebrgjithshme (si &#8220;nj\u00eb qen&#8221; ose &#8220;nj\u00eb lib\u00ebr&#8221;).  <\/p>\n\n\n\n<p>Artikujt e caktuar n\u00eb katalanisht jan\u00eb &#8220;el&#8221; p\u00ebr emrat nj\u00ebj\u00ebs mashkullor\u00eb, &#8220;la&#8221; p\u00ebr emrat nj\u00ebj\u00ebs fem\u00ebror\u00eb, &#8220;els&#8221; p\u00ebr emrat shum\u00ebs mashkullor dhe &#8220;les&#8221; p\u00ebr emrat shum\u00ebs fem\u00ebror\u00eb. Artikujt e pacaktuar, nga ana tjet\u00ebr, jan\u00eb &#8220;un&#8221; p\u00ebr emrat nj\u00ebj\u00ebs mashkullor\u00eb dhe &#8220;una&#8221; p\u00ebr emrat nj\u00ebj\u00ebs fem\u00ebror\u00eb. N\u00eb form\u00ebn shum\u00ebs, nuk ka artikuj specifik\u00eb t\u00eb pacaktuar. Leht\u00eb, apo jo?<\/p>\n\n\n\n<h3 class=\"wp-block-heading\" id=\"h-3-adjectives\">3. Mbiemra:<\/h3>\n\n\n\n<p>Mbiemrat i japin shije fjalive tuaja duke p\u00ebrshkruar emrat, dhe n\u00eb katalanisht, ato pajtohen n\u00eb gjini dhe num\u00ebr me emrat q\u00eb modifikojn\u00eb. N\u00eb shumic\u00ebn e rasteve, mbiemrat q\u00eb p\u00ebrfundojn\u00eb me &#8220;-o&#8221; jan\u00eb mashkullor\u00eb dhe ato q\u00eb p\u00ebrfundojn\u00eb me &#8220;-a&#8221; jan\u00eb fem\u00ebrore. P\u00ebr t\u00eb formuar shum\u00ebsin, ndryshoni &#8220;-o&#8221; n\u00eb &#8220;-os&#8221; (mashkullor) dhe &#8220;-a&#8221; n\u00eb &#8220;-es&#8221; (fem\u00ebrore). Mbani n\u00eb mend se disa mbiemra kan\u00eb nj\u00eb form\u00eb unike p\u00ebr t\u00eb dyja gjinit\u00eb dhe ndryshon vet\u00ebm sh\u00ebnuesi shum\u00ebs. Ting\u00ebllon arg\u00ebtuese, apo jo?<\/p>\n\n\n\n<h3 class=\"wp-block-heading\" id=\"h-4-verbs-and-conjugation\">4. Foljet dhe konjugimi:<\/h3>\n\n\n\n<p>Zemra e \u00e7do gjuhe! Foljet n\u00eb katalanisht klasifikohen n\u00eb tre grupe bazuar n\u00eb mbaresat e <a href=\"https:\/\/talkpal.ai\/locations\/language-courses-in-tyre\/\">tyre<\/a> infinitive: &#8220;-ar&#8221;, &#8220;-er&#8221; dhe &#8220;-ir&#8221;. \u00c7do grup ka modelin e tij t\u00eb ve\u00e7ant\u00eb t\u00eb konjugimit p\u00ebr koh\u00eb, humor dhe p\u00ebremra t\u00eb ndrysh\u00ebm &#8211; ashtu si k\u00ebrcimi me ritme t\u00eb ndryshme. Katalanaishtja gjithashtu ka folje ndihm\u00ebse (si &#8216;t\u00eb kesh&#8217; dhe &#8216;t\u00eb jesh&#8217;) q\u00eb kombinohen me folje t\u00eb tjera p\u00ebr t\u00eb krijuar koh\u00eb t\u00eb p\u00ebrb\u00ebra dhe z\u00eb pasiv. Pra, vishni k\u00ebpuc\u00ebt tuaja t\u00eb vall\u00ebzimit dhe filloni t\u00eb eksploroni bot\u00ebn e gjall\u00eb t\u00eb foljeve katalanase.<\/p>\n\n\n\n<h3 class=\"wp-block-heading\" id=\"h-5-word-order\">5. Rendi i fjal\u00ebve:<\/h3>\n\n\n\n<p>Le t&#8217;i vendosim ato fjal\u00eb n\u00eb sekuenc\u00ebn e duhur! Katalanaishtja zakonisht ndjek nj\u00eb rend fjal\u00ebsh subjekt-folje-objekt (SVO), ashtu si anglishtja. Megjithat\u00eb, fleksibiliteti n\u00eb rendin e fjal\u00ebve lejohet p\u00ebr theks ose q\u00ebllime stilistike. Mbiemrat zakonisht vijn\u00eb pas emrit q\u00eb p\u00ebrshkruajn\u00eb, por ju mund t&#8217;i shihni para emrit p\u00ebr t\u00eb theksuar r\u00ebnd\u00ebsin\u00eb e tyre. Mos harroni, praktika e b\u00ebn t\u00eb p\u00ebrsosur kur b\u00ebhet fjal\u00eb p\u00ebr zot\u00ebrimin e rendit t\u00eb fjal\u00ebve n\u00eb katalanisht.<\/p>\n\n\n\n<h3 class=\"wp-block-heading\" id=\"h-6-pronouns-and-prepositions\">6. P\u00ebremrat dhe parafjal\u00ebt:<\/h3>\n\n\n\n<p>E fundit, por jo m\u00eb pak e r\u00ebnd\u00ebsishme! Katalanaishtja ka p\u00ebremra subjekti (un\u00eb, ti, <a href=\"https:\/\/talkpal.ai\/speaking-with-ai\/\">ai<\/a>, ajo, etj.) dhe p\u00ebremra objektesh (un\u00eb, ti, ai, ajo, etj.), t\u00eb cil\u00ebt mund t\u00eb p\u00ebsojn\u00eb ndryshime t\u00eb ndryshme n\u00eb var\u00ebsi t\u00eb funksionit t\u00eb tyre brenda nj\u00eb fjalie. P\u00ebr m\u00eb tep\u00ebr, parafjal\u00ebt katalanase (t\u00eb tilla si &#8220;a&#8221;, &#8220;de&#8221;, &#8220;en&#8221;, &#8220;amb&#8221;) ju ndihmojn\u00eb t\u00eb lidhni fjal\u00eb dhe fraza dhe t\u00eb tregoni marr\u00ebdh\u00ebniet midis tyre.<\/p>\n\n\n\n<p>Uuu! Tani ju keni bazat e gramatik\u00ebs katalanase n\u00ebn brezin tuaj. Vazhdoni t\u00eb eksploroni, t\u00eb b\u00ebni pyetje dhe t\u00eb praktikoni k\u00ebt\u00eb gjuh\u00eb t\u00eb bukur. Mos harroni, m\u00ebsimi i nj\u00eb gjuhe t\u00eb re \u00ebsht\u00eb si t\u00eb nis\u00ebsh nj\u00eb udh\u00ebtim emocionues. Do t\u00eb keni ulje-ngritjet tuaja, por shp\u00ebrblimet ia vlejn\u00eb p\u00ebrpjekja. Bon viatge!<\/p>\n<\/div><\/div>\n\r\n<section class=\"learnNavigationSection\">\r\n            \r\n        <a href=\"https:\/\/talkpal.ai\/sq\/mesoni-gjuhen-katalane\/\">\r\n            <div class=\"learnNavigationWrapper\">\r\n                <div class=\"learnNavigationContent\">\r\n                    <img decoding=\"async\" src=\"https:\/\/talkpal.ai\/wp-content\/uploads\/2024\/08\/Catalan.jpg\" alt=\"Catalan Flag\">\r\n                    <div>\r\n                        <h4>Rreth m\u00ebsimit katalanas<\/h4>\r\n                        <p>M\u00ebsoni gjith\u00e7ka rreth gramatik\u00ebs katalanase.<\/p>\r\n                    <\/div>\r\n                <\/div>\r\n            <\/div>\r\n        <\/a>\r\n\r\n        \r\n        <a href=\"https:\/\/talkpal.ai\/sq\/ushtrimet-e-gramatikes-katalunase\/\">\r\n            <div class=\"learnNavigationWrapper\">\r\n                <div class=\"learnNavigationContent\">\r\n                    <img decoding=\"async\" src=\"https:\/\/talkpal.ai\/wp-content\/uploads\/2024\/08\/Catalan.jpg\" alt=\"Catalan Flag\">\r\n                    <div>\r\n                        <h4>Ushtrimi i gramatik\u00ebs katalanase<\/h4>\r\n                        <p>Praktikoni gramatik\u00ebn katalanase.<\/p>\r\n                    <\/div>\r\n                <\/div>\r\n            <\/div>\r\n        <\/a>\r\n\r\n        \r\n        <a href=\"https:\/\/talkpal.ai\/vocabulary_language\/catalan\/\">\r\n            <div class=\"learnNavigationWrapper\">\r\n                <div class=\"learnNavigationContent\">\r\n                    <img decoding=\"async\" src=\"https:\/\/talkpal.ai\/wp-content\/uploads\/2024\/08\/Catalan.jpg\" alt=\"Catalan Flag\">\r\n                    <div>\r\n                        <h4>Fjalori katalanas<\/h4>\r\n                        <p>Zgjeroni fjalorin tuaj katalanas.<\/p>\r\n                    <\/div>\r\n                <\/div>\r\n            <\/div>\r\n        <\/a>\r\n\r\n            <\/section>","protected":false},"excerpt":{"rendered":"<p>Gramatika katalanase: Nj\u00eb udh\u00ebzues i shpejt\u00eb p\u00ebr entuziast\u00ebt e gjuh\u00ebs Po planifikoni t\u00eb m\u00ebsoni katalanisht apo thjesht jeni kurioz p\u00ebr k\u00ebt\u00eb gjuh\u00eb t\u00eb bukur romane? Mos shiko m\u00eb tej! Ne jemi k\u00ebtu p\u00ebr t&#8217;ju \u00e7uar n\u00eb nj\u00eb turne t\u00eb shpejt\u00eb n\u00eb gramatik\u00ebn katalanase dhe p\u00ebr t&#8217;ju pajisur me bazat. Le t\u00eb zhytemi n\u00eb k\u00ebt\u00eb gjuh\u00eb [&hellip;]<\/p>\n","protected":false},"author":1,"featured_media":1442833,"parent":0,"menu_order":0,"comment_status":"closed","ping_status":"closed","template":"LearningContentPage.php","meta":{"_acf_changed":false,"footnotes":""},"class_list":["post-1442831","page","type-page","status-publish","has-post-thumbnail","hentry"],"acf":[],"yoast_head":"<!-- This site is optimized with the Yoast SEO Premium plugin v27.2 (Yoast SEO v27.2) - https:\/\/yoast.com\/product\/yoast-seo-premium-wordpress\/ -->\n<title>Gramatika Katalanase - Talkpal<\/title>\n<meta name=\"description\" content=\"Zbuloni bazat e gramatik\u00ebs katalanase dhe filloni udh\u00ebtimin tuaj n\u00eb k\u00ebt\u00eb gjuh\u00eb t\u00eb bukur romane sot!\" \/>\n<meta name=\"robots\" content=\"index, follow, max-snippet:-1, max-image-preview:large, max-video-preview:-1\" \/>\n<link rel=\"canonical\" href=\"https:\/\/talkpal.ai\/sq\/gramatika-katalanase\/\" \/>\n<meta property=\"og:locale\" content=\"sq_AL\" \/>\n<meta property=\"og:type\" content=\"article\" \/>\n<meta property=\"og:title\" content=\"Gramatika Katalanase\" \/>\n<meta property=\"og:description\" content=\"Gramatika katalanase: Nj\u00eb udh\u00ebzues i shpejt\u00eb p\u00ebr entuziast\u00ebt e gjuh\u00ebs Po planifikoni t\u00eb m\u00ebsoni katalanisht apo thjesht jeni kurioz p\u00ebr k\u00ebt\u00eb gjuh\u00eb t\u00eb bukur\" \/>\n<meta property=\"og:url\" content=\"https:\/\/talkpal.ai\/sq\/gramatika-katalanase\/\" \/>\n<meta property=\"og:site_name\" content=\"Talkpal\" \/>\n<meta property=\"article:publisher\" content=\"https:\/\/www.facebook.com\/profile.php?id=100090733639311\" \/>\n<meta property=\"article:modified_time\" content=\"2025-09-06T17:47:30+00:00\" \/>\n<meta property=\"og:image\" content=\"https:\/\/talkpal.ai\/wp-content\/uploads\/2023\/08\/Catalan.png\" \/>\n\t<meta property=\"og:image:width\" content=\"479\" \/>\n\t<meta property=\"og:image:height\" content=\"479\" \/>\n\t<meta property=\"og:image:type\" content=\"image\/png\" \/>\n<meta name=\"twitter:card\" content=\"summary_large_image\" \/>\n<meta name=\"twitter:site\" content=\"@talkpalai\" \/>\n<meta name=\"twitter:label1\" content=\"Est. reading time\" \/>\n\t<meta name=\"twitter:data1\" content=\"4 minutes\" \/>\n<script type=\"application\/ld+json\" class=\"yoast-schema-graph\">{\"@context\":\"https:\/\/schema.org\",\"@graph\":[{\"@type\":\"WebPage\",\"@id\":\"https:\/\/talkpal.ai\/sq\/gramatika-katalanase\/\",\"url\":\"https:\/\/talkpal.ai\/sq\/gramatika-katalanase\/\",\"name\":\"Gramatika Katalanase - Talkpal\",\"isPartOf\":{\"@id\":\"https:\/\/talkpal.ai\/sq\/#website\"},\"primaryImageOfPage\":{\"@id\":\"https:\/\/talkpal.ai\/sq\/gramatika-katalanase\/#primaryimage\"},\"image\":{\"@id\":\"https:\/\/talkpal.ai\/sq\/gramatika-katalanase\/#primaryimage\"},\"thumbnailUrl\":\"https:\/\/talkpal.ai\/wp-content\/uploads\/2023\/08\/Catalan.png\",\"datePublished\":\"2023-05-14T14:00:56+00:00\",\"dateModified\":\"2025-09-06T17:47:30+00:00\",\"description\":\"Zbuloni bazat e gramatik\u00ebs katalanase dhe filloni udh\u00ebtimin tuaj n\u00eb k\u00ebt\u00eb gjuh\u00eb t\u00eb bukur romane sot!\",\"breadcrumb\":{\"@id\":\"https:\/\/talkpal.ai\/sq\/gramatika-katalanase\/#breadcrumb\"},\"inLanguage\":\"sq-AL\",\"potentialAction\":[{\"@type\":\"ReadAction\",\"target\":[\"https:\/\/talkpal.ai\/sq\/gramatika-katalanase\/\"]}]},{\"@type\":\"ImageObject\",\"inLanguage\":\"sq-AL\",\"@id\":\"https:\/\/talkpal.ai\/sq\/gramatika-katalanase\/#primaryimage\",\"url\":\"https:\/\/talkpal.ai\/wp-content\/uploads\/2023\/08\/Catalan.png\",\"contentUrl\":\"https:\/\/talkpal.ai\/wp-content\/uploads\/2023\/08\/Catalan.png\",\"width\":479,\"height\":479,\"caption\":\"TalkPal Catalan Flag\"},{\"@type\":\"BreadcrumbList\",\"@id\":\"https:\/\/talkpal.ai\/sq\/gramatika-katalanase\/#breadcrumb\",\"itemListElement\":[{\"@type\":\"ListItem\",\"position\":1,\"name\":\"Homepage\",\"item\":\"https:\/\/talkpal.ai\/sq\/\"},{\"@type\":\"ListItem\",\"position\":2,\"name\":\"Gramatika Katalanase\"}]},{\"@type\":\"WebSite\",\"@id\":\"https:\/\/talkpal.ai\/sq\/#website\",\"url\":\"https:\/\/talkpal.ai\/sq\/\",\"name\":\"Talkpal\",\"description\":\"AI Language Learning\",\"publisher\":{\"@id\":\"https:\/\/talkpal.ai\/sq\/#organization\"},\"alternateName\":\"Talkpal AI\",\"potentialAction\":[{\"@type\":\"SearchAction\",\"target\":{\"@type\":\"EntryPoint\",\"urlTemplate\":\"https:\/\/talkpal.ai\/sq\/?s={search_term_string}\"},\"query-input\":{\"@type\":\"PropertyValueSpecification\",\"valueRequired\":true,\"valueName\":\"search_term_string\"}}],\"inLanguage\":\"sq-AL\"},{\"@type\":\"Organization\",\"@id\":\"https:\/\/talkpal.ai\/sq\/#organization\",\"name\":\"Talkpal, Inc.\",\"alternateName\":\"Talkpal AI\",\"url\":\"https:\/\/talkpal.ai\/sq\/\",\"logo\":{\"@type\":\"ImageObject\",\"inLanguage\":\"sq-AL\",\"@id\":\"https:\/\/talkpal.ai\/sq\/#\/schema\/logo\/image\/\",\"url\":\"https:\/\/talkpal.ai\/wp-content\/uploads\/2024\/03\/Talkpal-Logo-Icon.png\",\"contentUrl\":\"https:\/\/talkpal.ai\/wp-content\/uploads\/2024\/03\/Talkpal-Logo-Icon.png\",\"width\":2880,\"height\":2880,\"caption\":\"Talkpal, Inc.\"},\"image\":{\"@id\":\"https:\/\/talkpal.ai\/sq\/#\/schema\/logo\/image\/\"},\"sameAs\":[\"https:\/\/www.facebook.com\/profile.php?id=100090733639311\",\"https:\/\/x.com\/talkpalai\",\"https:\/\/www.linkedin.com\/company\/talkpal\/\",\"https:\/\/www.youtube.com\/@TalkPal\/\",\"https:\/\/www.tiktok.com\/@talkpal\",\"https:\/\/www.instagram.com\/talkpal_ai\/\",\"https:\/\/www.crunchbase.com\/organization\/talkpal-9cde\",\"https:\/\/www.g2.com\/products\/talkpal-for-business\/\",\"https:\/\/www.trustpilot.com\/review\/talkpal.ai\",\"https:\/\/www.capterra.com\/p\/10006800\/TalkPal\/\"],\"description\":\"Talkpal is a language learning web and mobile education app, powered by the latest AI technologies, that provides engaging experiences to its customers in many different languages to help them improve their language skills. Users can chat about unlimited amount of topics with the app and use other modes to practice their language learning.\",\"email\":\"support@talkpal.ai\",\"legalName\":\"Talkpal, Inc.\",\"foundingDate\":\"2023-04-03\",\"duns\":\"118989042\",\"numberOfEmployees\":{\"@type\":\"QuantitativeValue\",\"minValue\":\"11\",\"maxValue\":\"50\"},\"publishingPrinciples\":\"https:\/\/talkpal.ai\/publishing-principles\/\",\"actionableFeedbackPolicy\":\"https:\/\/talkpal.ai\/actionable-feedback-policy\/\",\"correctionsPolicy\":\"https:\/\/talkpal.ai\/corrections-policy\/\",\"ethicsPolicy\":\"https:\/\/talkpal.ai\/ethics-policy\/\",\"diversityPolicy\":\"https:\/\/talkpal.ai\/diversity-policy\/\",\"diversityStaffingReport\":\"https:\/\/talkpal.ai\/diversity-policy\/\"}]}<\/script>\n<!-- \/ Yoast SEO Premium plugin. -->","yoast_head_json":{"title":"Gramatika Katalanase - Talkpal","description":"Zbuloni bazat e gramatik\u00ebs katalanase dhe filloni udh\u00ebtimin tuaj n\u00eb k\u00ebt\u00eb gjuh\u00eb t\u00eb bukur romane sot!","robots":{"index":"index","follow":"follow","max-snippet":"max-snippet:-1","max-image-preview":"max-image-preview:large","max-video-preview":"max-video-preview:-1"},"canonical":"https:\/\/talkpal.ai\/sq\/gramatika-katalanase\/","og_locale":"sq_AL","og_type":"article","og_title":"Gramatika Katalanase","og_description":"Gramatika katalanase: Nj\u00eb udh\u00ebzues i shpejt\u00eb p\u00ebr entuziast\u00ebt e gjuh\u00ebs Po planifikoni t\u00eb m\u00ebsoni katalanisht apo thjesht jeni kurioz p\u00ebr k\u00ebt\u00eb gjuh\u00eb t\u00eb bukur","og_url":"https:\/\/talkpal.ai\/sq\/gramatika-katalanase\/","og_site_name":"Talkpal","article_publisher":"https:\/\/www.facebook.com\/profile.php?id=100090733639311","article_modified_time":"2025-09-06T17:47:30+00:00","og_image":[{"width":479,"height":479,"url":"https:\/\/talkpal.ai\/wp-content\/uploads\/2023\/08\/Catalan.png","type":"image\/png"}],"twitter_card":"summary_large_image","twitter_site":"@talkpalai","twitter_misc":{"Est. reading time":"4 minutes"},"schema":{"@context":"https:\/\/schema.org","@graph":[{"@type":"WebPage","@id":"https:\/\/talkpal.ai\/sq\/gramatika-katalanase\/","url":"https:\/\/talkpal.ai\/sq\/gramatika-katalanase\/","name":"Gramatika Katalanase - Talkpal","isPartOf":{"@id":"https:\/\/talkpal.ai\/sq\/#website"},"primaryImageOfPage":{"@id":"https:\/\/talkpal.ai\/sq\/gramatika-katalanase\/#primaryimage"},"image":{"@id":"https:\/\/talkpal.ai\/sq\/gramatika-katalanase\/#primaryimage"},"thumbnailUrl":"https:\/\/talkpal.ai\/wp-content\/uploads\/2023\/08\/Catalan.png","datePublished":"2023-05-14T14:00:56+00:00","dateModified":"2025-09-06T17:47:30+00:00","description":"Zbuloni bazat e gramatik\u00ebs katalanase dhe filloni udh\u00ebtimin tuaj n\u00eb k\u00ebt\u00eb gjuh\u00eb t\u00eb bukur romane sot!","breadcrumb":{"@id":"https:\/\/talkpal.ai\/sq\/gramatika-katalanase\/#breadcrumb"},"inLanguage":"sq-AL","potentialAction":[{"@type":"ReadAction","target":["https:\/\/talkpal.ai\/sq\/gramatika-katalanase\/"]}]},{"@type":"ImageObject","inLanguage":"sq-AL","@id":"https:\/\/talkpal.ai\/sq\/gramatika-katalanase\/#primaryimage","url":"https:\/\/talkpal.ai\/wp-content\/uploads\/2023\/08\/Catalan.png","contentUrl":"https:\/\/talkpal.ai\/wp-content\/uploads\/2023\/08\/Catalan.png","width":479,"height":479,"caption":"TalkPal Catalan Flag"},{"@type":"BreadcrumbList","@id":"https:\/\/talkpal.ai\/sq\/gramatika-katalanase\/#breadcrumb","itemListElement":[{"@type":"ListItem","position":1,"name":"Homepage","item":"https:\/\/talkpal.ai\/sq\/"},{"@type":"ListItem","position":2,"name":"Gramatika Katalanase"}]},{"@type":"WebSite","@id":"https:\/\/talkpal.ai\/sq\/#website","url":"https:\/\/talkpal.ai\/sq\/","name":"Talkpal","description":"AI Language Learning","publisher":{"@id":"https:\/\/talkpal.ai\/sq\/#organization"},"alternateName":"Talkpal AI","potentialAction":[{"@type":"SearchAction","target":{"@type":"EntryPoint","urlTemplate":"https:\/\/talkpal.ai\/sq\/?s={search_term_string}"},"query-input":{"@type":"PropertyValueSpecification","valueRequired":true,"valueName":"search_term_string"}}],"inLanguage":"sq-AL"},{"@type":"Organization","@id":"https:\/\/talkpal.ai\/sq\/#organization","name":"Talkpal, Inc.","alternateName":"Talkpal AI","url":"https:\/\/talkpal.ai\/sq\/","logo":{"@type":"ImageObject","inLanguage":"sq-AL","@id":"https:\/\/talkpal.ai\/sq\/#\/schema\/logo\/image\/","url":"https:\/\/talkpal.ai\/wp-content\/uploads\/2024\/03\/Talkpal-Logo-Icon.png","contentUrl":"https:\/\/talkpal.ai\/wp-content\/uploads\/2024\/03\/Talkpal-Logo-Icon.png","width":2880,"height":2880,"caption":"Talkpal, Inc."},"image":{"@id":"https:\/\/talkpal.ai\/sq\/#\/schema\/logo\/image\/"},"sameAs":["https:\/\/www.facebook.com\/profile.php?id=100090733639311","https:\/\/x.com\/talkpalai","https:\/\/www.linkedin.com\/company\/talkpal\/","https:\/\/www.youtube.com\/@TalkPal\/","https:\/\/www.tiktok.com\/@talkpal","https:\/\/www.instagram.com\/talkpal_ai\/","https:\/\/www.crunchbase.com\/organization\/talkpal-9cde","https:\/\/www.g2.com\/products\/talkpal-for-business\/","https:\/\/www.trustpilot.com\/review\/talkpal.ai","https:\/\/www.capterra.com\/p\/10006800\/TalkPal\/"],"description":"Talkpal is a language learning web and mobile education app, powered by the latest AI technologies, that provides engaging experiences to its customers in many different languages to help them improve their language skills. Users can chat about unlimited amount of topics with the app and use other modes to practice their language learning.","email":"support@talkpal.ai","legalName":"Talkpal, Inc.","foundingDate":"2023-04-03","duns":"118989042","numberOfEmployees":{"@type":"QuantitativeValue","minValue":"11","maxValue":"50"},"publishingPrinciples":"https:\/\/talkpal.ai\/publishing-principles\/","actionableFeedbackPolicy":"https:\/\/talkpal.ai\/actionable-feedback-policy\/","correctionsPolicy":"https:\/\/talkpal.ai\/corrections-policy\/","ethicsPolicy":"https:\/\/talkpal.ai\/ethics-policy\/","diversityPolicy":"https:\/\/talkpal.ai\/diversity-policy\/","diversityStaffingReport":"https:\/\/talkpal.ai\/diversity-policy\/"}]}},"_links":{"self":[{"href":"https:\/\/talkpal.ai\/sq\/wp-json\/wp\/v2\/pages\/1442831","targetHints":{"allow":["GET"]}}],"collection":[{"href":"https:\/\/talkpal.ai\/sq\/wp-json\/wp\/v2\/pages"}],"about":[{"href":"https:\/\/talkpal.ai\/sq\/wp-json\/wp\/v2\/types\/page"}],"author":[{"embeddable":true,"href":"https:\/\/talkpal.ai\/sq\/wp-json\/wp\/v2\/users\/1"}],"replies":[{"embeddable":true,"href":"https:\/\/talkpal.ai\/sq\/wp-json\/wp\/v2\/comments?post=1442831"}],"version-history":[{"count":0,"href":"https:\/\/talkpal.ai\/sq\/wp-json\/wp\/v2\/pages\/1442831\/revisions"}],"wp:featuredmedia":[{"embeddable":true,"href":"https:\/\/talkpal.ai\/sq\/wp-json\/wp\/v2\/media\/1442833"}],"wp:attachment":[{"href":"https:\/\/talkpal.ai\/sq\/wp-json\/wp\/v2\/media?parent=1442831"}],"curies":[{"name":"wp","href":"https:\/\/api.w.org\/{rel}","templated":true}]}}