{"id":1442830,"date":"2023-05-14T14:03:23","date_gmt":"2023-05-14T14:03:23","guid":{"rendered":"https:\/\/talkpal.ai\/gramatika-daneze\/"},"modified":"2025-12-13T15:28:37","modified_gmt":"2025-12-13T15:28:37","slug":"gramatika-daneze","status":"publish","type":"page","link":"https:\/\/talkpal.ai\/sq\/gramatika-daneze\/","title":{"rendered":"Gramatika Daneze"},"content":{"rendered":"\r\n\r\n\r\n<section class=\"languageChallengeSection\">\r\n    <div class=\"languageInfoWrapper\">\r\n        \r\n        <h1>Gramatika Daneze<\/h1>\r\n        <p>Zhbllokoni bazat e gramatik\u00ebs daneze dhe filloni t\u00eb komunikoni me besim n\u00eb k\u00ebt\u00eb gjuh\u00eb simpatike skandinave. Duke zot\u00ebruar rregullat dhe strukturat thelb\u00ebsore, ju do t\u00eb fitoni aft\u00ebsit\u00eb e nevojshme p\u00ebr t&#039;u lidhur me danezishtfol\u00ebsit dhe p\u00ebr t\u00eb p\u00ebrjetuar kultur\u00ebn e <a href=\"https:\/\/talkpal.ai\/locations\/language-courses-in-tyre\/\">tyre<\/a> t\u00eb pasur nga dora e par\u00eb. Filloni t\u00eb m\u00ebsoni gramatik\u00ebn daneze sot dhe hidhni hapin tuaj t\u00eb par\u00eb drejt rrjedhshm\u00ebris\u00eb!\n\n<\/p>\r\n\r\n                            <a class=\"getStartedHidden\" href=\"https:\/\/app.talkpal.ai\/signup?lng=\">Filloni<\/a>\r\n        \r\n    <\/div>\r\n\r\n    <figure>\r\n    <img decoding=\"async\" width=\"768\" height=\"768\" src=\"https:\/\/talkpal.ai\/wp-content\/uploads\/2023\/06\/danish-768x768.png\" class=\"languageImage no-lazy\" alt=\"Language learning for career enhancement\" fetchpriority=\"high\" sizes=\"(max-width: 768px) 150px, 768px\" srcset=\"https:\/\/talkpal.ai\/wp-content\/uploads\/2023\/06\/danish-768x768.png 768w, https:\/\/talkpal.ai\/wp-content\/uploads\/2023\/06\/danish-300x300.png 300w\" \/>\r\n    \r\n\r\n    <\/figure>\r\n\r\n            <a class=\"getStartedVisible\" href=\"https:\/\/app.talkpal.ai\/signup?lng=\">Filloni<\/a>\r\n    \r\n<\/section>\r\n<section class=\"promotionalBanner\">\r\n    <p class=\"promotionalText\">M\u00ebnyra m\u00eb efikase p\u00ebr t\u00eb m\u00ebsuar nj\u00eb gjuh\u00eb<\/p>\r\n    <a class=\"promotionalLink\" href=\"https:\/\/app.talkpal.ai\/signup?lng=\">Provoni Talkpal falas<\/a>\r\n<\/section>\n<div class=\"wp-block-group pageContainerStyle\"><div class=\"wp-block-group__inner-container is-layout-constrained wp-block-group-is-layout-constrained\">\n<h2 class=\"wp-block-heading\" id=\"h-delving-into-the-depths-of-danish-grammar-unraveling-its-idiosyncrasies-and-charm\">Thellimi n\u00eb thell\u00ebsit\u00eb e gramatik\u00ebs daneze: Zbulimi i idiosinkracive dhe hijeshis\u00eb s\u00eb saj<\/h2>\n\n\n\n<p>E mbani mend koh\u00ebn kur m\u00ebsimi i gramatik\u00ebs angleze dukej si nj\u00eb betej\u00eb e v\u00ebshtir\u00eb me boll\u00ebkun e rregullave, p\u00ebrjashtimeve dhe terminologjis\u00eb s\u00eb nd\u00ebrlikuar? N\u00ebse tani po vendosni syt\u00eb tuaja p\u00ebr t\u00eb m\u00ebsuar gjuh\u00ebn daneze, p\u00ebrgatituni p\u00ebr nj\u00eb udh\u00ebtim tjet\u00ebr magjeps\u00ebs n\u00ebp\u00ebr kompleksitetet dhe k\u00ebnaq\u00ebsit\u00eb e gramatik\u00ebs daneze.<\/p>\n\n\n\n<p>Danishtja, nj\u00eb gjuh\u00eb gjermaniane veriore, ndan ngjashm\u00ebri me gjuh\u00eb t\u00eb tilla si norvegjishtja dhe suedishtja. Megjithat\u00eb, ajo ka karakteristikat e veta unike q\u00eb e b\u00ebjn\u00eb at\u00eb nj\u00eb perl\u00eb q\u00eb ia vlen t\u00eb eksplorohet n\u00eb thell\u00ebsi. Le t\u00eb fillojm\u00eb duke zbuluar mrekullit\u00eb e gramatik\u00ebs daneze, nj\u00eb rregull n\u00eb nj\u00eb koh\u00eb.<\/p>\n\n\n\n<p><strong>Nj\u00eb tipar i habitsh\u00ebm i gramatik\u00ebs daneze<\/strong> \u00ebsht\u00eb thjesht\u00ebsia e saj kur b\u00ebhet fjal\u00eb p\u00ebr rendin e fjal\u00ebve. Danishtja ndjek struktur\u00ebn subjekt-folje-objekt (SVO), si anglishtja, duke e b\u00ebr\u00eb relativisht t\u00eb leht\u00eb p\u00ebr anglishtfol\u00ebsit p\u00ebr t&#8217;u kuptuar. Megjithat\u00eb, ka nj\u00eb kthes\u00eb \u2013 p\u00ebrdorimi i renditjes s\u00eb fjal\u00ebve V2 n\u00eb fjalit\u00eb kryesore, q\u00eb do t\u00eb thot\u00eb se folja duhet t\u00eb jet\u00eb gjithmon\u00eb elementi i dyt\u00eb. Ky rregull i shton nj\u00eb prekje ve\u00e7antie gjuh\u00ebs daneze.<\/p>\n\n\n\n<p>Nj\u00eb aspekt tjet\u00ebr i dashur i gramatik\u00ebs daneze \u00ebsht\u00eb sistemi i saj <strong>me dy gjini.<\/strong> Nd\u00ebrsa disa gjuh\u00eb si fr\u00ebngjishtja ose spanjishtja p\u00ebrb\u00ebhen nga gjini t\u00eb ve\u00e7anta p\u00ebr mashkullin dhe fem\u00ebroren, danezja e thjeshton k\u00ebt\u00eb duke p\u00ebrdorur dy gjini kryesore: t\u00eb zakonshme dhe neutre. N\u00eb danisht, shumica e emrave bien n\u00ebn kategorin\u00eb &#8220;e zakonshme&#8221;, duke e b\u00ebr\u00eb marr\u00ebveshjen gjinore me mbiemrat dhe artikujt relativisht t\u00eb thjesht\u00eb p\u00ebr t&#8217;u kuptuar.<\/p>\n\n\n\n<p>G\u00ebrmoni n\u00eb fush\u00ebn e <strong>konjugimit t\u00eb foljeve<\/strong> dhe do t\u00eb zbuloni se danishtja tejkalon gjuh\u00ebt e tjera n\u00eb lidhje me thjesht\u00ebsin\u00eb. Foljet daneze nuk ndryshojn\u00eb sipas subjektit, duke e b\u00ebr\u00eb t\u00eb leht\u00eb p\u00ebr t\u00eb m\u00ebsuar p\u00ebrmend\u00ebsh dhe kuptuar forma t\u00eb ndryshme. Foljet e rregullta ndjekin modele t\u00eb parashikueshme, madje edhe foljet e parregullta paraqesin pak sfid\u00eb pasi parregullsit\u00eb e tyre jan\u00eb shum\u00eb delikate.<\/p>\n\n\n\n<p><a href=\"https:\/\/talkpal.ai\/danish-grammar\/\">Gramatika daneze<\/a> ofron nj\u00eb ve\u00e7ori unike me <strong>p\u00ebrdorimin e t\u00eb pacaktuarave, artikujve dhe demonstrativ\u00ebve<\/strong>. Artikulli i pacaktuar \u00ebsht\u00eb ekuivalent me &#8220;a&#8221; ose &#8220;an&#8221; n\u00eb <a href=\"https:\/\/talkpal.ai\/learn-english-with-ai\/\">anglisht<\/a>, dhe n\u00eb danisht mund t\u00eb jet\u00eb &#8220;en&#8221; p\u00ebr gjinin\u00eb e zakonshme ose &#8220;et&#8221; p\u00ebr emrat neutr\u00eb. Artikulli i caktuar, i ngjash\u00ebm me &#8220;the&#8221; n\u00eb anglisht, i bashk\u00ebngjitet fundit t\u00eb vet\u00eb emrit, duke u bashkuar p\u00ebr t&#8217;u b\u00ebr\u00eb nj\u00eb fjal\u00eb. Demonstrativ\u00ebt, t\u00eb cil\u00ebt tregojn\u00eb emra specifik\u00eb, ndryshojn\u00eb gjithashtu sipas gjinis\u00eb s\u00eb emrit, duke shtuar nj\u00eb nivel specifike dhe hijeshi.<\/p>\n\n\n\n<p>T\u00eb mos harrojm\u00eb bukurin\u00eb e <strong>shqiptimit danez\u00eb<\/strong>, i cili k\u00ebrkon njohje me tingujt e saj t\u00eb ve\u00e7ant\u00eb zanor\u00eb dhe bashk\u00ebting\u00eblloret e zbutura. P\u00ebrdorimi i st\u00f8d (nj\u00eb ndales\u00eb glottale) e dallon at\u00eb m\u00eb tej nga gjuh\u00ebt e tjera gjermanike, duke i dh\u00ebn\u00eb danezes tingullin dhe joshjen e saj unike.<\/p>\n\n\n\n<p>Duke u zhytur n\u00eb gramatik\u00ebn daneze, jo vet\u00ebm q\u00eb do t\u00eb m\u00ebsoni nj\u00eb gjuh\u00eb t\u00eb re, por gjithashtu do t\u00eb pasuroni gjer\u00ebsisht njohurit\u00eb tuaja kulturore dhe t\u00eb kuptuarit tuaj p\u00ebr Danimark\u00ebn dhe njer\u00ebzit e saj. Edhe pse sfiduese ndonj\u00ebher\u00eb, <a href=\"https:\/\/talkpal.ai\/danish-grammar\/\">gramatika daneze<\/a> ofron nj\u00eb p\u00ebrvoj\u00eb unike t\u00eb t\u00eb m\u00ebsuarit q\u00eb hap der\u00ebn p\u00ebr bukuri dhe idiosinkrazi t\u00eb panum\u00ebrta q\u00eb e b\u00ebjn\u00eb at\u00eb nj\u00eb gjuh\u00eb t\u00eb parezistueshme p\u00ebr t&#8217;u eksploruar. Pra, merrni librat tuaj t\u00eb gjuh\u00ebs dhe filloni nj\u00eb aventur\u00eb gramatikore daneze q\u00eb premton t&#8217;ju magjeps\u00eb dhe frym\u00ebzoj\u00eb n\u00eb \u00e7do hap!<\/p>\n<\/div><\/div>\n\r\n<section class=\"learnNavigationSection\">\r\n            \r\n        <a href=\"https:\/\/talkpal.ai\/sq\/mesoni-danisht\/\">\r\n            <div class=\"learnNavigationWrapper\">\r\n                <div class=\"learnNavigationContent\">\r\n                    <img decoding=\"async\" src=\"https:\/\/talkpal.ai\/wp-content\/uploads\/2024\/08\/Danish.jpg\" alt=\"Danish Flag\">\r\n                    <div>\r\n                        <h4>Rreth t\u00eb m\u00ebsuarit danez<\/h4>\r\n                        <p>M\u00ebsoni gjith\u00e7ka rreth gramatik\u00ebs daneze.<\/p>\r\n                    <\/div>\r\n                <\/div>\r\n            <\/div>\r\n        <\/a>\r\n\r\n        \r\n        <a href=\"https:\/\/talkpal.ai\/sq\/ushtrimet-e-gramatikes-daneze\/\">\r\n            <div class=\"learnNavigationWrapper\">\r\n                <div class=\"learnNavigationContent\">\r\n                    <img decoding=\"async\" src=\"https:\/\/talkpal.ai\/wp-content\/uploads\/2024\/08\/Danish.jpg\" alt=\"Danish Flag\">\r\n                    <div>\r\n                        <h4>Ushtrimi i gramatik\u00ebs daneze<\/h4>\r\n                        <p>Praktikoni gramatik\u00ebn daneze.<\/p>\r\n                    <\/div>\r\n                <\/div>\r\n            <\/div>\r\n        <\/a>\r\n\r\n        \r\n        <a href=\"https:\/\/talkpal.ai\/vocabulary_language\/danish\/\">\r\n            <div class=\"learnNavigationWrapper\">\r\n                <div class=\"learnNavigationContent\">\r\n                    <img decoding=\"async\" src=\"https:\/\/talkpal.ai\/wp-content\/uploads\/2024\/08\/Danish.jpg\" alt=\"Danish Flag\">\r\n                    <div>\r\n                        <h4>Fjalori danez<\/h4>\r\n                        <p>Zgjeroni fjalorin tuaj danez.<\/p>\r\n                    <\/div>\r\n                <\/div>\r\n            <\/div>\r\n        <\/a>\r\n\r\n            <\/section>","protected":false},"excerpt":{"rendered":"<p>Thellimi n\u00eb thell\u00ebsit\u00eb e gramatik\u00ebs daneze: Zbulimi i idiosinkracive dhe hijeshis\u00eb s\u00eb saj E mbani mend koh\u00ebn kur m\u00ebsimi i gramatik\u00ebs angleze dukej si nj\u00eb betej\u00eb e v\u00ebshtir\u00eb me boll\u00ebkun e rregullave, p\u00ebrjashtimeve dhe terminologjis\u00eb s\u00eb nd\u00ebrlikuar? N\u00ebse tani po vendosni syt\u00eb tuaja p\u00ebr t\u00eb m\u00ebsuar gjuh\u00ebn daneze, p\u00ebrgatituni p\u00ebr nj\u00eb udh\u00ebtim tjet\u00ebr magjeps\u00ebs n\u00ebp\u00ebr [&hellip;]<\/p>\n","protected":false},"author":1,"featured_media":1442832,"parent":0,"menu_order":0,"comment_status":"closed","ping_status":"closed","template":"LearningContentPage.php","meta":{"_acf_changed":false,"footnotes":""},"class_list":["post-1442830","page","type-page","status-publish","has-post-thumbnail","hentry"],"acf":[],"yoast_head":"<!-- This site is optimized with the Yoast SEO Premium plugin v27.2 (Yoast SEO v27.2) - https:\/\/yoast.com\/product\/yoast-seo-premium-wordpress\/ -->\n<title>Gramatika Daneze - Talkpal<\/title>\n<meta name=\"description\" content=\"Eksploroni nd\u00ebrlikimet e gramatik\u00ebs daneze dhe zbuloni rregullat dhe karakteristikat e saj unike. M\u00ebsoni t\u00eb lundroni n\u00eb gjuh\u00eb pa mundim.\" \/>\n<meta name=\"robots\" content=\"index, follow, max-snippet:-1, max-image-preview:large, max-video-preview:-1\" \/>\n<link rel=\"canonical\" href=\"https:\/\/talkpal.ai\/sq\/gramatika-daneze\/\" \/>\n<meta property=\"og:locale\" content=\"sq_AL\" \/>\n<meta property=\"og:type\" content=\"article\" \/>\n<meta property=\"og:title\" content=\"Gramatika Daneze\" \/>\n<meta property=\"og:description\" content=\"Thellimi n\u00eb thell\u00ebsit\u00eb e gramatik\u00ebs daneze: Zbulimi i idiosinkracive dhe hijeshis\u00eb s\u00eb saj E mbani mend koh\u00ebn kur m\u00ebsimi i gramatik\u00ebs angleze dukej si nj\u00eb\" \/>\n<meta property=\"og:url\" content=\"https:\/\/talkpal.ai\/sq\/gramatika-daneze\/\" \/>\n<meta property=\"og:site_name\" content=\"Talkpal\" \/>\n<meta property=\"article:publisher\" content=\"https:\/\/www.facebook.com\/profile.php?id=100090733639311\" \/>\n<meta property=\"article:modified_time\" content=\"2025-12-13T15:28:37+00:00\" \/>\n<meta property=\"og:image\" content=\"https:\/\/talkpal.ai\/wp-content\/uploads\/2023\/05\/denmark.png\" \/>\n\t<meta property=\"og:image:width\" content=\"512\" \/>\n\t<meta property=\"og:image:height\" content=\"512\" \/>\n\t<meta property=\"og:image:type\" content=\"image\/png\" \/>\n<meta name=\"twitter:card\" content=\"summary_large_image\" \/>\n<meta name=\"twitter:site\" content=\"@talkpalai\" \/>\n<meta name=\"twitter:label1\" content=\"Est. reading time\" \/>\n\t<meta name=\"twitter:data1\" content=\"3 minutes\" \/>\n<script type=\"application\/ld+json\" class=\"yoast-schema-graph\">{\"@context\":\"https:\/\/schema.org\",\"@graph\":[{\"@type\":\"WebPage\",\"@id\":\"https:\/\/talkpal.ai\/sq\/gramatika-daneze\/\",\"url\":\"https:\/\/talkpal.ai\/sq\/gramatika-daneze\/\",\"name\":\"Gramatika Daneze - Talkpal\",\"isPartOf\":{\"@id\":\"https:\/\/talkpal.ai\/sq\/#website\"},\"primaryImageOfPage\":{\"@id\":\"https:\/\/talkpal.ai\/sq\/gramatika-daneze\/#primaryimage\"},\"image\":{\"@id\":\"https:\/\/talkpal.ai\/sq\/gramatika-daneze\/#primaryimage\"},\"thumbnailUrl\":\"https:\/\/talkpal.ai\/wp-content\/uploads\/2023\/05\/denmark.png\",\"datePublished\":\"2023-05-14T14:03:23+00:00\",\"dateModified\":\"2025-12-13T15:28:37+00:00\",\"description\":\"Eksploroni nd\u00ebrlikimet e gramatik\u00ebs daneze dhe zbuloni rregullat dhe karakteristikat e saj unike. M\u00ebsoni t\u00eb lundroni n\u00eb gjuh\u00eb pa mundim.\",\"breadcrumb\":{\"@id\":\"https:\/\/talkpal.ai\/sq\/gramatika-daneze\/#breadcrumb\"},\"inLanguage\":\"sq-AL\",\"potentialAction\":[{\"@type\":\"ReadAction\",\"target\":[\"https:\/\/talkpal.ai\/sq\/gramatika-daneze\/\"]}]},{\"@type\":\"ImageObject\",\"inLanguage\":\"sq-AL\",\"@id\":\"https:\/\/talkpal.ai\/sq\/gramatika-daneze\/#primaryimage\",\"url\":\"https:\/\/talkpal.ai\/wp-content\/uploads\/2023\/05\/denmark.png\",\"contentUrl\":\"https:\/\/talkpal.ai\/wp-content\/uploads\/2023\/05\/denmark.png\",\"width\":512,\"height\":512,\"caption\":\"TalkPal Denmark Flag\"},{\"@type\":\"BreadcrumbList\",\"@id\":\"https:\/\/talkpal.ai\/sq\/gramatika-daneze\/#breadcrumb\",\"itemListElement\":[{\"@type\":\"ListItem\",\"position\":1,\"name\":\"Homepage\",\"item\":\"https:\/\/talkpal.ai\/sq\/\"},{\"@type\":\"ListItem\",\"position\":2,\"name\":\"Gramatika Daneze\"}]},{\"@type\":\"WebSite\",\"@id\":\"https:\/\/talkpal.ai\/sq\/#website\",\"url\":\"https:\/\/talkpal.ai\/sq\/\",\"name\":\"Talkpal\",\"description\":\"AI Language Learning\",\"publisher\":{\"@id\":\"https:\/\/talkpal.ai\/sq\/#organization\"},\"alternateName\":\"Talkpal AI\",\"potentialAction\":[{\"@type\":\"SearchAction\",\"target\":{\"@type\":\"EntryPoint\",\"urlTemplate\":\"https:\/\/talkpal.ai\/sq\/?s={search_term_string}\"},\"query-input\":{\"@type\":\"PropertyValueSpecification\",\"valueRequired\":true,\"valueName\":\"search_term_string\"}}],\"inLanguage\":\"sq-AL\"},{\"@type\":\"Organization\",\"@id\":\"https:\/\/talkpal.ai\/sq\/#organization\",\"name\":\"Talkpal, Inc.\",\"alternateName\":\"Talkpal AI\",\"url\":\"https:\/\/talkpal.ai\/sq\/\",\"logo\":{\"@type\":\"ImageObject\",\"inLanguage\":\"sq-AL\",\"@id\":\"https:\/\/talkpal.ai\/sq\/#\/schema\/logo\/image\/\",\"url\":\"https:\/\/talkpal.ai\/wp-content\/uploads\/2024\/03\/Talkpal-Logo-Icon.png\",\"contentUrl\":\"https:\/\/talkpal.ai\/wp-content\/uploads\/2024\/03\/Talkpal-Logo-Icon.png\",\"width\":2880,\"height\":2880,\"caption\":\"Talkpal, Inc.\"},\"image\":{\"@id\":\"https:\/\/talkpal.ai\/sq\/#\/schema\/logo\/image\/\"},\"sameAs\":[\"https:\/\/www.facebook.com\/profile.php?id=100090733639311\",\"https:\/\/x.com\/talkpalai\",\"https:\/\/www.linkedin.com\/company\/talkpal\/\",\"https:\/\/www.youtube.com\/@TalkPal\/\",\"https:\/\/www.tiktok.com\/@talkpal\",\"https:\/\/www.instagram.com\/talkpal_ai\/\",\"https:\/\/www.crunchbase.com\/organization\/talkpal-9cde\",\"https:\/\/www.g2.com\/products\/talkpal-for-business\/\",\"https:\/\/www.trustpilot.com\/review\/talkpal.ai\",\"https:\/\/www.capterra.com\/p\/10006800\/TalkPal\/\"],\"description\":\"Talkpal is a language learning web and mobile education app, powered by the latest AI technologies, that provides engaging experiences to its customers in many different languages to help them improve their language skills. Users can chat about unlimited amount of topics with the app and use other modes to practice their language learning.\",\"email\":\"support@talkpal.ai\",\"legalName\":\"Talkpal, Inc.\",\"foundingDate\":\"2023-04-03\",\"duns\":\"118989042\",\"numberOfEmployees\":{\"@type\":\"QuantitativeValue\",\"minValue\":\"11\",\"maxValue\":\"50\"},\"publishingPrinciples\":\"https:\/\/talkpal.ai\/publishing-principles\/\",\"actionableFeedbackPolicy\":\"https:\/\/talkpal.ai\/actionable-feedback-policy\/\",\"correctionsPolicy\":\"https:\/\/talkpal.ai\/corrections-policy\/\",\"ethicsPolicy\":\"https:\/\/talkpal.ai\/ethics-policy\/\",\"diversityPolicy\":\"https:\/\/talkpal.ai\/diversity-policy\/\",\"diversityStaffingReport\":\"https:\/\/talkpal.ai\/diversity-policy\/\"}]}<\/script>\n<!-- \/ Yoast SEO Premium plugin. -->","yoast_head_json":{"title":"Gramatika Daneze - Talkpal","description":"Eksploroni nd\u00ebrlikimet e gramatik\u00ebs daneze dhe zbuloni rregullat dhe karakteristikat e saj unike. M\u00ebsoni t\u00eb lundroni n\u00eb gjuh\u00eb pa mundim.","robots":{"index":"index","follow":"follow","max-snippet":"max-snippet:-1","max-image-preview":"max-image-preview:large","max-video-preview":"max-video-preview:-1"},"canonical":"https:\/\/talkpal.ai\/sq\/gramatika-daneze\/","og_locale":"sq_AL","og_type":"article","og_title":"Gramatika Daneze","og_description":"Thellimi n\u00eb thell\u00ebsit\u00eb e gramatik\u00ebs daneze: Zbulimi i idiosinkracive dhe hijeshis\u00eb s\u00eb saj E mbani mend koh\u00ebn kur m\u00ebsimi i gramatik\u00ebs angleze dukej si nj\u00eb","og_url":"https:\/\/talkpal.ai\/sq\/gramatika-daneze\/","og_site_name":"Talkpal","article_publisher":"https:\/\/www.facebook.com\/profile.php?id=100090733639311","article_modified_time":"2025-12-13T15:28:37+00:00","og_image":[{"width":512,"height":512,"url":"https:\/\/talkpal.ai\/wp-content\/uploads\/2023\/05\/denmark.png","type":"image\/png"}],"twitter_card":"summary_large_image","twitter_site":"@talkpalai","twitter_misc":{"Est. reading time":"3 minutes"},"schema":{"@context":"https:\/\/schema.org","@graph":[{"@type":"WebPage","@id":"https:\/\/talkpal.ai\/sq\/gramatika-daneze\/","url":"https:\/\/talkpal.ai\/sq\/gramatika-daneze\/","name":"Gramatika Daneze - Talkpal","isPartOf":{"@id":"https:\/\/talkpal.ai\/sq\/#website"},"primaryImageOfPage":{"@id":"https:\/\/talkpal.ai\/sq\/gramatika-daneze\/#primaryimage"},"image":{"@id":"https:\/\/talkpal.ai\/sq\/gramatika-daneze\/#primaryimage"},"thumbnailUrl":"https:\/\/talkpal.ai\/wp-content\/uploads\/2023\/05\/denmark.png","datePublished":"2023-05-14T14:03:23+00:00","dateModified":"2025-12-13T15:28:37+00:00","description":"Eksploroni nd\u00ebrlikimet e gramatik\u00ebs daneze dhe zbuloni rregullat dhe karakteristikat e saj unike. M\u00ebsoni t\u00eb lundroni n\u00eb gjuh\u00eb pa mundim.","breadcrumb":{"@id":"https:\/\/talkpal.ai\/sq\/gramatika-daneze\/#breadcrumb"},"inLanguage":"sq-AL","potentialAction":[{"@type":"ReadAction","target":["https:\/\/talkpal.ai\/sq\/gramatika-daneze\/"]}]},{"@type":"ImageObject","inLanguage":"sq-AL","@id":"https:\/\/talkpal.ai\/sq\/gramatika-daneze\/#primaryimage","url":"https:\/\/talkpal.ai\/wp-content\/uploads\/2023\/05\/denmark.png","contentUrl":"https:\/\/talkpal.ai\/wp-content\/uploads\/2023\/05\/denmark.png","width":512,"height":512,"caption":"TalkPal Denmark Flag"},{"@type":"BreadcrumbList","@id":"https:\/\/talkpal.ai\/sq\/gramatika-daneze\/#breadcrumb","itemListElement":[{"@type":"ListItem","position":1,"name":"Homepage","item":"https:\/\/talkpal.ai\/sq\/"},{"@type":"ListItem","position":2,"name":"Gramatika Daneze"}]},{"@type":"WebSite","@id":"https:\/\/talkpal.ai\/sq\/#website","url":"https:\/\/talkpal.ai\/sq\/","name":"Talkpal","description":"AI Language Learning","publisher":{"@id":"https:\/\/talkpal.ai\/sq\/#organization"},"alternateName":"Talkpal AI","potentialAction":[{"@type":"SearchAction","target":{"@type":"EntryPoint","urlTemplate":"https:\/\/talkpal.ai\/sq\/?s={search_term_string}"},"query-input":{"@type":"PropertyValueSpecification","valueRequired":true,"valueName":"search_term_string"}}],"inLanguage":"sq-AL"},{"@type":"Organization","@id":"https:\/\/talkpal.ai\/sq\/#organization","name":"Talkpal, Inc.","alternateName":"Talkpal AI","url":"https:\/\/talkpal.ai\/sq\/","logo":{"@type":"ImageObject","inLanguage":"sq-AL","@id":"https:\/\/talkpal.ai\/sq\/#\/schema\/logo\/image\/","url":"https:\/\/talkpal.ai\/wp-content\/uploads\/2024\/03\/Talkpal-Logo-Icon.png","contentUrl":"https:\/\/talkpal.ai\/wp-content\/uploads\/2024\/03\/Talkpal-Logo-Icon.png","width":2880,"height":2880,"caption":"Talkpal, Inc."},"image":{"@id":"https:\/\/talkpal.ai\/sq\/#\/schema\/logo\/image\/"},"sameAs":["https:\/\/www.facebook.com\/profile.php?id=100090733639311","https:\/\/x.com\/talkpalai","https:\/\/www.linkedin.com\/company\/talkpal\/","https:\/\/www.youtube.com\/@TalkPal\/","https:\/\/www.tiktok.com\/@talkpal","https:\/\/www.instagram.com\/talkpal_ai\/","https:\/\/www.crunchbase.com\/organization\/talkpal-9cde","https:\/\/www.g2.com\/products\/talkpal-for-business\/","https:\/\/www.trustpilot.com\/review\/talkpal.ai","https:\/\/www.capterra.com\/p\/10006800\/TalkPal\/"],"description":"Talkpal is a language learning web and mobile education app, powered by the latest AI technologies, that provides engaging experiences to its customers in many different languages to help them improve their language skills. Users can chat about unlimited amount of topics with the app and use other modes to practice their language learning.","email":"support@talkpal.ai","legalName":"Talkpal, Inc.","foundingDate":"2023-04-03","duns":"118989042","numberOfEmployees":{"@type":"QuantitativeValue","minValue":"11","maxValue":"50"},"publishingPrinciples":"https:\/\/talkpal.ai\/publishing-principles\/","actionableFeedbackPolicy":"https:\/\/talkpal.ai\/actionable-feedback-policy\/","correctionsPolicy":"https:\/\/talkpal.ai\/corrections-policy\/","ethicsPolicy":"https:\/\/talkpal.ai\/ethics-policy\/","diversityPolicy":"https:\/\/talkpal.ai\/diversity-policy\/","diversityStaffingReport":"https:\/\/talkpal.ai\/diversity-policy\/"}]}},"_links":{"self":[{"href":"https:\/\/talkpal.ai\/sq\/wp-json\/wp\/v2\/pages\/1442830","targetHints":{"allow":["GET"]}}],"collection":[{"href":"https:\/\/talkpal.ai\/sq\/wp-json\/wp\/v2\/pages"}],"about":[{"href":"https:\/\/talkpal.ai\/sq\/wp-json\/wp\/v2\/types\/page"}],"author":[{"embeddable":true,"href":"https:\/\/talkpal.ai\/sq\/wp-json\/wp\/v2\/users\/1"}],"replies":[{"embeddable":true,"href":"https:\/\/talkpal.ai\/sq\/wp-json\/wp\/v2\/comments?post=1442830"}],"version-history":[{"count":0,"href":"https:\/\/talkpal.ai\/sq\/wp-json\/wp\/v2\/pages\/1442830\/revisions"}],"wp:featuredmedia":[{"embeddable":true,"href":"https:\/\/talkpal.ai\/sq\/wp-json\/wp\/v2\/media\/1442832"}],"wp:attachment":[{"href":"https:\/\/talkpal.ai\/sq\/wp-json\/wp\/v2\/media?parent=1442830"}],"curies":[{"name":"wp","href":"https:\/\/api.w.org\/{rel}","templated":true}]}}