{"id":1442824,"date":"2023-05-14T14:03:07","date_gmt":"2023-05-14T14:03:07","guid":{"rendered":"https:\/\/talkpal.ai\/gramatika-ceke\/"},"modified":"2025-12-13T15:24:47","modified_gmt":"2025-12-13T15:24:47","slug":"gramatika-ceke","status":"publish","type":"page","link":"https:\/\/talkpal.ai\/sq\/gramatika-ceke\/","title":{"rendered":"Gramatika \u00c7eke"},"content":{"rendered":"\r\n\r\n\r\n<section class=\"languageChallengeSection\">\r\n    <div class=\"languageInfoWrapper\">\r\n        \r\n        <h1>Gramatika \u00c7eke<\/h1>\r\n        <p>Eksploroni nd\u00ebrlikimet e gramatik\u00ebs <a href=\"https:\/\/talkpal.ai\/learn-czech\/\">\u00e7eke<\/a> dhe hapni der\u00ebn p\u00ebr t\u00eb kuptuar k\u00ebt\u00eb gjuh\u00eb t\u00eb Evrop\u00ebs Qendrore. Duke zot\u00ebruar rregullat dhe modelet thelb\u00ebsore, ju do t\u00eb komunikoni n\u00eb m\u00ebnyr\u00eb m\u00eb efektive dhe do t\u00eb fitoni njohuri m\u00eb t\u00eb thell\u00eb t\u00eb kultur\u00ebs \u00e7eke. Filloni t\u00eb m\u00ebsoni gramatik\u00ebn \u00e7eke sot dhe hidhni hapin tuaj t\u00eb par\u00eb drejt rrjedhshm\u00ebris\u00eb!<\/p>\r\n\r\n                            <a class=\"getStartedHidden\" href=\"https:\/\/app.talkpal.ai\/signup?lng=\">Filloni<\/a>\r\n        \r\n    <\/div>\r\n\r\n    <figure>\r\n    <img decoding=\"async\" width=\"768\" height=\"768\" src=\"https:\/\/talkpal.ai\/wp-content\/uploads\/2023\/06\/Czech-768x768.png\" class=\"languageImage no-lazy\" alt=\"Language learning for intellectual development\" fetchpriority=\"high\" sizes=\"(max-width: 768px) 150px, 768px\" srcset=\"https:\/\/talkpal.ai\/wp-content\/uploads\/2023\/06\/Czech-768x768.png 768w, https:\/\/talkpal.ai\/wp-content\/uploads\/2023\/06\/Czech-300x300.png 300w\" \/>\r\n    \r\n\r\n    <\/figure>\r\n\r\n            <a class=\"getStartedVisible\" href=\"https:\/\/app.talkpal.ai\/signup?lng=\">Filloni<\/a>\r\n    \r\n<\/section>\r\n<section class=\"promotionalBanner\">\r\n    <p class=\"promotionalText\">M\u00ebnyra m\u00eb efikase p\u00ebr t\u00eb m\u00ebsuar nj\u00eb gjuh\u00eb<\/p>\r\n    <a class=\"promotionalLink\" href=\"https:\/\/app.talkpal.ai\/signup?lng=\">Provoni Talkpal falas<\/a>\r\n<\/section>\n<div class=\"wp-block-group pageContainerStyle\"><div class=\"wp-block-group__inner-container is-layout-constrained wp-block-group-is-layout-constrained\">\n<h2 class=\"wp-block-heading\" id=\"h-czech-grammar-making-sense-of-the-czech-language-s-unique-structure\">Gramatika \u00e7eke: Kuptimi i struktur\u00ebs unike t\u00eb gjuh\u00ebs \u00e7eke<\/h2>\n\n\n\n<p>N\u00ebse jeni p\u00ebrpjekur ndonj\u00ebher\u00eb t\u00eb m\u00ebsoni \u00e7ekisht \u2013 apo edhe thjesht keni lexuar nj\u00eb artikull ose lib\u00ebr <a href=\"https:\/\/talkpal.ai\/learn-czech\/\">\u00e7ek<\/a> \u2013 ka t\u00eb ngjar\u00eb t\u00eb keni v\u00ebn\u00eb re se <a href=\"https:\/\/talkpal.ai\/sq\/gramatika\/\">gramatika<\/a> e tij mund t\u00eb jet\u00eb mjaft sfiduese. E konsideruar gjer\u00ebsisht si nj\u00eb nga sistemet m\u00eb komplekse gjuh\u00ebsore, <a href=\"https:\/\/talkpal.ai\/sq\/ushtrimet-e-gramatikes-ceke\/\">gramatika \u00e7eke<\/a> ka hutuar shum\u00eb student\u00eb t\u00eb huaj. Por mos lejoni q\u00eb kjo t&#8217;ju frik\u00ebsoj\u00eb! Ve\u00e7orit\u00eb e gramatik\u00ebs \u00e7eke jan\u00eb ato q\u00eb e b\u00ebjn\u00eb at\u00eb magjeps\u00ebse dhe unike. N\u00eb k\u00ebt\u00eb artikull, ne do t\u00eb \u00e7mitizojm\u00eb disa element\u00eb ky\u00e7 t\u00eb gramatik\u00ebs \u00e7eke n\u00eb nj\u00eb m\u00ebnyr\u00eb bisedore, duke ju ndihmuar ta kuptoni m\u00eb thell\u00eb k\u00ebt\u00eb gjuh\u00eb t\u00eb bukur.<\/p>\n\n\n\n<h3 class=\"wp-block-heading\" id=\"h-1-nouns-declensions-and-cases-galore\">1. Emrat \u2013 Deklinacionet dhe rastet me boll\u00ebk!<\/h3>\n\n\n\n<p>Nj\u00eb nga gj\u00ebrat e para q\u00eb do t\u00eb vini re n\u00eb lidhje me gramatik\u00ebn \u00e7eke jan\u00eb deformimet e emrave t\u00eb saj. Nj\u00eb deformim \u00ebsht\u00eb nj\u00eb grup emrash me tipare t\u00eb ngjashme gramatikore, dhe \u00e7ekishtja ka deri n\u00eb 14 deplisione t\u00eb dallueshme. Si \u00ebsht\u00eb kjo p\u00ebr shum\u00ebllojshm\u00ebrin\u00eb? \u00c7do deformim ka nj\u00eb model specifik p\u00ebr p\u00ebrfaq\u00ebsimin e formave t\u00eb emrave nj\u00ebj\u00ebs dhe shum\u00ebs.<\/p>\n\n\n\n<p>Emrat \u00e7ek\u00eb kan\u00eb gjithashtu shtat\u00eb raste t\u00eb ndryshme: nominativ, gjenitiv, dativ, akuzativ, vokativ, lokativ dhe instrumental. Nd\u00ebrsa nj\u00eb num\u00ebr i till\u00eb mund t\u00eb duket i friksh\u00ebm, \u00ebsht\u00eb thelb\u00ebsore t\u00eb m\u00ebsoni p\u00ebr k\u00ebto raste sepse ato jan\u00eb thelb\u00ebsore n\u00eb p\u00ebrcjelljen e kuptimit. P\u00ebr shembull, n\u00eb \u00e7ekisht, rendi i fjal\u00ebve nuk \u00ebsht\u00eb aq kritik sa n\u00eb <a href=\"https:\/\/talkpal.ai\/learn-english-with-ai\/\">anglisht<\/a> \u2013 jan\u00eb rastet q\u00eb tregojn\u00eb marr\u00ebdh\u00ebniet midis fjal\u00ebve.<\/p>\n\n\n\n<h3 class=\"wp-block-heading\" id=\"h-2-adjectives-agreeing-with-nouns\">2. Mbiemrat \u2013 Pajtimi me emrat<\/h3>\n\n\n\n<p>Mbiemrat \u00e7ek\u00eb kan\u00eb nj\u00eb detyr\u00eb t\u00eb ve\u00e7ant\u00eb: ata duhet t\u00eb pajtohen me emrat q\u00eb modifikojn\u00eb n\u00eb gjini, num\u00ebr dhe rast. Mendoni p\u00ebr at\u00eb si nj\u00eb dyshe dinamike, tango gramatikore, ku nj\u00ebra gjysm\u00eb p\u00ebrshtatet me hijeshi p\u00ebr t\u00eb plot\u00ebsuar tjetr\u00ebn. Kjo marr\u00ebveshje ndihmon n\u00eb krijimin e harmonis\u00eb n\u00eb fjali dhe rrit qart\u00ebsin\u00eb.<\/p>\n\n\n\n<p>P\u00ebr shembull, fjala p\u00ebr &#8220;e bukur&#8221; n\u00eb \u00e7ekisht \u00ebsht\u00eb &#8220;kr\u00e1sn\u00fd&#8221;. N\u00ebse po p\u00ebrshkruani nj\u00eb sht\u00ebpi t\u00eb bukur (d\u016fm), e cila \u00ebsht\u00eb mashkullore, do t\u00eb p\u00ebrdorni &#8220;kr\u00e1sn\u00fd d\u016fm&#8221;. P\u00ebr nj\u00eb vajz\u00eb t\u00eb bukur (d\u00edvka), e cila \u00ebsht\u00eb fem\u00ebrore, b\u00ebhet &#8220;kr\u00e1sn\u00e1 d\u00edvka&#8221;. Dhe p\u00ebr nj\u00eb dit\u00eb t\u00eb bukur (den), e cila \u00ebsht\u00eb neutre, do t\u00eb thoni &#8220;kr\u00e1sn\u00fd den&#8221;. Shihni <a href=\"https:\/\/talkpal.ai\/culture\/what-is-the-difference-between-se-and-si\/\">se si<\/a> k\u00ebrcen mbiemri s\u00eb bashku me emrin?<\/p>\n\n\n\n<h3 class=\"wp-block-heading\" id=\"h-3-verbs-the-art-of-conjugation\">3. Foljet \u2013 Arti i Konjugimit<\/h3>\n\n\n\n<p>N\u00eb \u00e7ekisht, arti i konjugimit \u2013 dometh\u00ebn\u00eb ndryshimi i formave t\u00eb foljeve bazuar n\u00eb koh\u00ebn, humorin dhe personin \u2013 merr nj\u00eb jet\u00eb m\u00eb vete. Foljet \u00e7eke ndahen n\u00eb dy kategori: perfeksionive dhe joperfekte. Foljet perfekte tregojn\u00eb se nj\u00eb veprim \u00ebsht\u00eb p\u00ebrfunduar, nd\u00ebrsa foljet e pap\u00ebrsosura sugjerojn\u00eb veprime t\u00eb vazhdueshme ose t\u00eb zakonshme.  <\/p>\n\n\n\n<p><a href=\"https:\/\/talkpal.ai\/sq\/ushtrimet-e-gramatikes-ceke\/\">Gramatika \u00e7eke<\/a> ka disa \u00e7uditshm\u00ebri emocionuese kur b\u00ebhet fjal\u00eb p\u00ebr foljet. P\u00ebr shembull, koha e ardhshme formohet rregullisht vet\u00ebm p\u00ebr foljet e pap\u00ebrsosura. P\u00ebr foljet perfeksionuese, ajo bashkohet me koh\u00ebn e tashme! Gjithashtu, n\u00eb vend q\u00eb t\u00eb ket\u00eb nj\u00eb z\u00eb specifik pasiv, \u00e7ekisht p\u00ebrfshin konstruksione pasive duke p\u00ebrdorur folje ndihm\u00ebse. Le t\u00eb mos harrojm\u00eb foljet refleksive t\u00eb \u00e7ek\u00ebve, ku veprimet kthehen n\u00eb subjekt, duke i shtuar nj\u00eb shtres\u00eb tjet\u00ebr nuance k\u00ebsaj gjuhe intriguese.<\/p>\n\n\n\n<h3 class=\"wp-block-heading\" id=\"h-4-pronouns-the-mirror-of-linguistic-diversity\">4. P\u00ebremrat: Pasqyra e diversitetit gjuh\u00ebsor<\/h3>\n\n\n\n<p>P\u00ebremrat n\u00eb gramatik\u00ebn \u00e7eke \u2013 ne po flasim p\u00ebr p\u00ebremrat personal\u00eb, posesiv, demonstrativ\u00eb, pyet\u00ebs dhe relativ\u00eb \u2013 t\u00eb gjith\u00eb shfaqin t\u00eb nj\u00ebjtin diversitet si pjes\u00ebt e tjera t\u00eb t\u00eb folurit. Ata, gjithashtu, duhet t\u00eb bien dakord n\u00eb gjini, num\u00ebr dhe rast me emrat q\u00eb z\u00ebvend\u00ebsojn\u00eb ose u referohen.<\/p>\n\n\n\n<p>P\u00ebr shembull, n\u00ebse po flisni p\u00ebr nj\u00eb lib\u00ebr q\u00eb ju p\u00eblqen, do t\u00eb thoni &#8220;<a href=\"https:\/\/talkpal.ai\/culture\/how-to-say-i-like-in-slovak-using-mam-rad\/\">M\u00e1m r\u00e1d<\/a> tu knihu&#8221; (M\u00eb p\u00eblqen <a href=\"https:\/\/talkpal.ai\/speaking-with-ai\/\">ai<\/a> lib\u00ebr). K\u00ebtu, &#8220;tu&#8221; \u00ebsht\u00eb forma fem\u00ebrore e p\u00ebremrit demonstrativ &#8220;q\u00eb&#8221;, duke r\u00ebn\u00eb dakord me &#8220;kniha&#8221; (lib\u00ebr), i cili \u00ebsht\u00eb gjithashtu fem\u00ebror.<\/p>\n\n\n\n<h3 class=\"wp-block-heading\" id=\"h-5-embracing-the-challenge\">5. P\u00ebrqafimi i sfid\u00ebs<\/h3>\n\n\n\n<p><a href=\"https:\/\/talkpal.ai\/sq\/gramatika\/\">Gramatika<\/a> \u00e7eke mund t\u00eb jet\u00eb hutuese dhe frik\u00ebsuese, por \u00ebsht\u00eb gjithashtu ajo q\u00eb e b\u00ebn k\u00ebt\u00eb gjuh\u00eb magjeps\u00ebse t\u00eb dallohet. Mos i shmangni sfid\u00ebs! Mos harroni, nuk ka t\u00eb b\u00ebj\u00eb me zot\u00ebrimin e gjith\u00e7kaje menj\u00ebher\u00eb, por t\u00eb b\u00ebni p\u00ebrparim hap pas hapi. Merrni koh\u00eb p\u00ebr t\u00eb kuptuar sistemin unik t\u00eb gramatik\u00ebs \u00e7eke dhe do t\u00eb jeni n\u00eb rrug\u00ebn tuaj p\u00ebr t\u00eb zot\u00ebruar k\u00ebt\u00eb gjuh\u00eb t\u00eb bukur dhe komplekse. Dhe, nd\u00ebrsa p\u00ebrqafoni nuanc\u00ebn e lezetshme q\u00eb ofron gramatika \u00e7eke, padyshim q\u00eb do t\u00eb zbuloni nj\u00eb vler\u00ebsim t\u00eb ri p\u00ebr nd\u00ebrlikimet e saj. G\u00ebzuar m\u00ebsimin!<\/p>\n<\/div><\/div>\n\r\n<section class=\"learnNavigationSection\">\r\n            \r\n        <a href=\"https:\/\/talkpal.ai\/sq\/meso-cekisht\/\">\r\n            <div class=\"learnNavigationWrapper\">\r\n                <div class=\"learnNavigationContent\">\r\n                    <img decoding=\"async\" src=\"https:\/\/talkpal.ai\/wp-content\/uploads\/2024\/08\/Czech.jpg\" alt=\"Czech Flag\">\r\n                    <div>\r\n                        <h4>Rreth m\u00ebsimit \u00e7ekisht<\/h4>\r\n                        <p>M\u00ebsoni gjith\u00e7ka rreth gramatik\u00ebs \u00e7eke.<\/p>\r\n                    <\/div>\r\n                <\/div>\r\n            <\/div>\r\n        <\/a>\r\n\r\n        \r\n        <a href=\"https:\/\/talkpal.ai\/sq\/ushtrimet-e-gramatikes-ceke\/\">\r\n            <div class=\"learnNavigationWrapper\">\r\n                <div class=\"learnNavigationContent\">\r\n                    <img decoding=\"async\" src=\"https:\/\/talkpal.ai\/wp-content\/uploads\/2024\/08\/Czech.jpg\" alt=\"Czech Flag\">\r\n                    <div>\r\n                        <h4>Ushtrimi i gramatik\u00ebs \u00e7eke<\/h4>\r\n                        <p>Praktikoni gramatik\u00ebn \u00e7eke.<\/p>\r\n                    <\/div>\r\n                <\/div>\r\n            <\/div>\r\n        <\/a>\r\n\r\n        \r\n        <a href=\"https:\/\/talkpal.ai\/vocabulary_language\/czech\/\">\r\n            <div class=\"learnNavigationWrapper\">\r\n                <div class=\"learnNavigationContent\">\r\n                    <img decoding=\"async\" src=\"https:\/\/talkpal.ai\/wp-content\/uploads\/2024\/08\/Czech.jpg\" alt=\"Czech Flag\">\r\n                    <div>\r\n                        <h4>Fjalori \u00e7ek<\/h4>\r\n                        <p>Zgjeroni fjalorin tuaj \u00e7ek.<\/p>\r\n                    <\/div>\r\n                <\/div>\r\n            <\/div>\r\n        <\/a>\r\n\r\n            <\/section>","protected":false},"excerpt":{"rendered":"<p>Gramatika \u00e7eke: Kuptimi i struktur\u00ebs unike t\u00eb gjuh\u00ebs \u00e7eke N\u00ebse jeni p\u00ebrpjekur ndonj\u00ebher\u00eb t\u00eb m\u00ebsoni \u00e7ekisht \u2013 apo edhe thjesht keni lexuar nj\u00eb artikull ose lib\u00ebr \u00e7ek \u2013 ka t\u00eb ngjar\u00eb t\u00eb keni v\u00ebn\u00eb re se gramatika e tij mund t\u00eb jet\u00eb mjaft sfiduese. E konsideruar gjer\u00ebsisht si nj\u00eb nga sistemet m\u00eb komplekse gjuh\u00ebsore, gramatika [&hellip;]<\/p>\n","protected":false},"author":1,"featured_media":1442826,"parent":0,"menu_order":0,"comment_status":"closed","ping_status":"closed","template":"LearningContentPage.php","meta":{"_acf_changed":false,"footnotes":""},"class_list":["post-1442824","page","type-page","status-publish","has-post-thumbnail","hentry"],"acf":[],"yoast_head":"<!-- This site is optimized with the Yoast SEO Premium plugin v27.2 (Yoast SEO v27.2) - https:\/\/yoast.com\/product\/yoast-seo-premium-wordpress\/ -->\n<title>Gramatika \u00c7eke - Talkpal<\/title>\n<meta name=\"description\" content=\"Zhbllokoni sekretet e gramatik\u00ebs \u00e7eke. M\u00ebsoni p\u00ebr kompleksitetin e tij unik dhe si t\u00eb zot\u00ebroni deformimet e emrave n\u00eb m\u00ebnyr\u00eb efektive.\" \/>\n<meta name=\"robots\" content=\"index, follow, max-snippet:-1, max-image-preview:large, max-video-preview:-1\" \/>\n<link rel=\"canonical\" href=\"https:\/\/talkpal.ai\/sq\/gramatika-ceke\/\" \/>\n<meta property=\"og:locale\" content=\"sq_AL\" \/>\n<meta property=\"og:type\" content=\"article\" \/>\n<meta property=\"og:title\" content=\"Gramatika \u00c7eke\" \/>\n<meta property=\"og:description\" content=\"Gramatika \u00e7eke: Kuptimi i struktur\u00ebs unike t\u00eb gjuh\u00ebs \u00e7eke N\u00ebse jeni p\u00ebrpjekur ndonj\u00ebher\u00eb t\u00eb m\u00ebsoni \u00e7ekisht \u2013 apo edhe thjesht keni lexuar nj\u00eb artikull ose\" \/>\n<meta property=\"og:url\" content=\"https:\/\/talkpal.ai\/sq\/gramatika-ceke\/\" \/>\n<meta property=\"og:site_name\" content=\"Talkpal\" \/>\n<meta property=\"article:publisher\" content=\"https:\/\/www.facebook.com\/profile.php?id=100090733639311\" \/>\n<meta property=\"article:modified_time\" content=\"2025-12-13T15:24:47+00:00\" \/>\n<meta property=\"og:image\" content=\"https:\/\/talkpal.ai\/wp-content\/uploads\/2023\/05\/czech-republic.png\" \/>\n\t<meta property=\"og:image:width\" content=\"512\" \/>\n\t<meta property=\"og:image:height\" content=\"512\" \/>\n\t<meta property=\"og:image:type\" content=\"image\/png\" \/>\n<meta name=\"twitter:card\" content=\"summary_large_image\" \/>\n<meta name=\"twitter:site\" content=\"@talkpalai\" \/>\n<meta name=\"twitter:label1\" content=\"Est. reading time\" \/>\n\t<meta name=\"twitter:data1\" content=\"4 minutes\" \/>\n<script type=\"application\/ld+json\" class=\"yoast-schema-graph\">{\"@context\":\"https:\/\/schema.org\",\"@graph\":[{\"@type\":\"WebPage\",\"@id\":\"https:\/\/talkpal.ai\/sq\/gramatika-ceke\/\",\"url\":\"https:\/\/talkpal.ai\/sq\/gramatika-ceke\/\",\"name\":\"Gramatika \u00c7eke - Talkpal\",\"isPartOf\":{\"@id\":\"https:\/\/talkpal.ai\/sq\/#website\"},\"primaryImageOfPage\":{\"@id\":\"https:\/\/talkpal.ai\/sq\/gramatika-ceke\/#primaryimage\"},\"image\":{\"@id\":\"https:\/\/talkpal.ai\/sq\/gramatika-ceke\/#primaryimage\"},\"thumbnailUrl\":\"https:\/\/talkpal.ai\/wp-content\/uploads\/2023\/05\/czech-republic.png\",\"datePublished\":\"2023-05-14T14:03:07+00:00\",\"dateModified\":\"2025-12-13T15:24:47+00:00\",\"description\":\"Zhbllokoni sekretet e gramatik\u00ebs \u00e7eke. M\u00ebsoni p\u00ebr kompleksitetin e tij unik dhe si t\u00eb zot\u00ebroni deformimet e emrave n\u00eb m\u00ebnyr\u00eb efektive.\",\"breadcrumb\":{\"@id\":\"https:\/\/talkpal.ai\/sq\/gramatika-ceke\/#breadcrumb\"},\"inLanguage\":\"sq-AL\",\"potentialAction\":[{\"@type\":\"ReadAction\",\"target\":[\"https:\/\/talkpal.ai\/sq\/gramatika-ceke\/\"]}]},{\"@type\":\"ImageObject\",\"inLanguage\":\"sq-AL\",\"@id\":\"https:\/\/talkpal.ai\/sq\/gramatika-ceke\/#primaryimage\",\"url\":\"https:\/\/talkpal.ai\/wp-content\/uploads\/2023\/05\/czech-republic.png\",\"contentUrl\":\"https:\/\/talkpal.ai\/wp-content\/uploads\/2023\/05\/czech-republic.png\",\"width\":512,\"height\":512,\"caption\":\"TalkPal Czech republic Flag\"},{\"@type\":\"BreadcrumbList\",\"@id\":\"https:\/\/talkpal.ai\/sq\/gramatika-ceke\/#breadcrumb\",\"itemListElement\":[{\"@type\":\"ListItem\",\"position\":1,\"name\":\"Homepage\",\"item\":\"https:\/\/talkpal.ai\/sq\/\"},{\"@type\":\"ListItem\",\"position\":2,\"name\":\"Gramatika \u00c7eke\"}]},{\"@type\":\"WebSite\",\"@id\":\"https:\/\/talkpal.ai\/sq\/#website\",\"url\":\"https:\/\/talkpal.ai\/sq\/\",\"name\":\"Talkpal\",\"description\":\"AI Language Learning\",\"publisher\":{\"@id\":\"https:\/\/talkpal.ai\/sq\/#organization\"},\"alternateName\":\"Talkpal AI\",\"potentialAction\":[{\"@type\":\"SearchAction\",\"target\":{\"@type\":\"EntryPoint\",\"urlTemplate\":\"https:\/\/talkpal.ai\/sq\/?s={search_term_string}\"},\"query-input\":{\"@type\":\"PropertyValueSpecification\",\"valueRequired\":true,\"valueName\":\"search_term_string\"}}],\"inLanguage\":\"sq-AL\"},{\"@type\":\"Organization\",\"@id\":\"https:\/\/talkpal.ai\/sq\/#organization\",\"name\":\"Talkpal, Inc.\",\"alternateName\":\"Talkpal AI\",\"url\":\"https:\/\/talkpal.ai\/sq\/\",\"logo\":{\"@type\":\"ImageObject\",\"inLanguage\":\"sq-AL\",\"@id\":\"https:\/\/talkpal.ai\/sq\/#\/schema\/logo\/image\/\",\"url\":\"https:\/\/talkpal.ai\/wp-content\/uploads\/2024\/03\/Talkpal-Logo-Icon.png\",\"contentUrl\":\"https:\/\/talkpal.ai\/wp-content\/uploads\/2024\/03\/Talkpal-Logo-Icon.png\",\"width\":2880,\"height\":2880,\"caption\":\"Talkpal, Inc.\"},\"image\":{\"@id\":\"https:\/\/talkpal.ai\/sq\/#\/schema\/logo\/image\/\"},\"sameAs\":[\"https:\/\/www.facebook.com\/profile.php?id=100090733639311\",\"https:\/\/x.com\/talkpalai\",\"https:\/\/www.linkedin.com\/company\/talkpal\/\",\"https:\/\/www.youtube.com\/@TalkPal\/\",\"https:\/\/www.tiktok.com\/@talkpal\",\"https:\/\/www.instagram.com\/talkpal_ai\/\",\"https:\/\/www.crunchbase.com\/organization\/talkpal-9cde\",\"https:\/\/www.g2.com\/products\/talkpal-for-business\/\",\"https:\/\/www.trustpilot.com\/review\/talkpal.ai\",\"https:\/\/www.capterra.com\/p\/10006800\/TalkPal\/\"],\"description\":\"Talkpal is a language learning web and mobile education app, powered by the latest AI technologies, that provides engaging experiences to its customers in many different languages to help them improve their language skills. Users can chat about unlimited amount of topics with the app and use other modes to practice their language learning.\",\"email\":\"support@talkpal.ai\",\"legalName\":\"Talkpal, Inc.\",\"foundingDate\":\"2023-04-03\",\"duns\":\"118989042\",\"numberOfEmployees\":{\"@type\":\"QuantitativeValue\",\"minValue\":\"11\",\"maxValue\":\"50\"},\"publishingPrinciples\":\"https:\/\/talkpal.ai\/publishing-principles\/\",\"actionableFeedbackPolicy\":\"https:\/\/talkpal.ai\/actionable-feedback-policy\/\",\"correctionsPolicy\":\"https:\/\/talkpal.ai\/corrections-policy\/\",\"ethicsPolicy\":\"https:\/\/talkpal.ai\/ethics-policy\/\",\"diversityPolicy\":\"https:\/\/talkpal.ai\/diversity-policy\/\",\"diversityStaffingReport\":\"https:\/\/talkpal.ai\/diversity-policy\/\"}]}<\/script>\n<!-- \/ Yoast SEO Premium plugin. -->","yoast_head_json":{"title":"Gramatika \u00c7eke - Talkpal","description":"Zhbllokoni sekretet e gramatik\u00ebs \u00e7eke. M\u00ebsoni p\u00ebr kompleksitetin e tij unik dhe si t\u00eb zot\u00ebroni deformimet e emrave n\u00eb m\u00ebnyr\u00eb efektive.","robots":{"index":"index","follow":"follow","max-snippet":"max-snippet:-1","max-image-preview":"max-image-preview:large","max-video-preview":"max-video-preview:-1"},"canonical":"https:\/\/talkpal.ai\/sq\/gramatika-ceke\/","og_locale":"sq_AL","og_type":"article","og_title":"Gramatika \u00c7eke","og_description":"Gramatika \u00e7eke: Kuptimi i struktur\u00ebs unike t\u00eb gjuh\u00ebs \u00e7eke N\u00ebse jeni p\u00ebrpjekur ndonj\u00ebher\u00eb t\u00eb m\u00ebsoni \u00e7ekisht \u2013 apo edhe thjesht keni lexuar nj\u00eb artikull ose","og_url":"https:\/\/talkpal.ai\/sq\/gramatika-ceke\/","og_site_name":"Talkpal","article_publisher":"https:\/\/www.facebook.com\/profile.php?id=100090733639311","article_modified_time":"2025-12-13T15:24:47+00:00","og_image":[{"width":512,"height":512,"url":"https:\/\/talkpal.ai\/wp-content\/uploads\/2023\/05\/czech-republic.png","type":"image\/png"}],"twitter_card":"summary_large_image","twitter_site":"@talkpalai","twitter_misc":{"Est. reading time":"4 minutes"},"schema":{"@context":"https:\/\/schema.org","@graph":[{"@type":"WebPage","@id":"https:\/\/talkpal.ai\/sq\/gramatika-ceke\/","url":"https:\/\/talkpal.ai\/sq\/gramatika-ceke\/","name":"Gramatika \u00c7eke - Talkpal","isPartOf":{"@id":"https:\/\/talkpal.ai\/sq\/#website"},"primaryImageOfPage":{"@id":"https:\/\/talkpal.ai\/sq\/gramatika-ceke\/#primaryimage"},"image":{"@id":"https:\/\/talkpal.ai\/sq\/gramatika-ceke\/#primaryimage"},"thumbnailUrl":"https:\/\/talkpal.ai\/wp-content\/uploads\/2023\/05\/czech-republic.png","datePublished":"2023-05-14T14:03:07+00:00","dateModified":"2025-12-13T15:24:47+00:00","description":"Zhbllokoni sekretet e gramatik\u00ebs \u00e7eke. M\u00ebsoni p\u00ebr kompleksitetin e tij unik dhe si t\u00eb zot\u00ebroni deformimet e emrave n\u00eb m\u00ebnyr\u00eb efektive.","breadcrumb":{"@id":"https:\/\/talkpal.ai\/sq\/gramatika-ceke\/#breadcrumb"},"inLanguage":"sq-AL","potentialAction":[{"@type":"ReadAction","target":["https:\/\/talkpal.ai\/sq\/gramatika-ceke\/"]}]},{"@type":"ImageObject","inLanguage":"sq-AL","@id":"https:\/\/talkpal.ai\/sq\/gramatika-ceke\/#primaryimage","url":"https:\/\/talkpal.ai\/wp-content\/uploads\/2023\/05\/czech-republic.png","contentUrl":"https:\/\/talkpal.ai\/wp-content\/uploads\/2023\/05\/czech-republic.png","width":512,"height":512,"caption":"TalkPal Czech republic Flag"},{"@type":"BreadcrumbList","@id":"https:\/\/talkpal.ai\/sq\/gramatika-ceke\/#breadcrumb","itemListElement":[{"@type":"ListItem","position":1,"name":"Homepage","item":"https:\/\/talkpal.ai\/sq\/"},{"@type":"ListItem","position":2,"name":"Gramatika \u00c7eke"}]},{"@type":"WebSite","@id":"https:\/\/talkpal.ai\/sq\/#website","url":"https:\/\/talkpal.ai\/sq\/","name":"Talkpal","description":"AI Language Learning","publisher":{"@id":"https:\/\/talkpal.ai\/sq\/#organization"},"alternateName":"Talkpal AI","potentialAction":[{"@type":"SearchAction","target":{"@type":"EntryPoint","urlTemplate":"https:\/\/talkpal.ai\/sq\/?s={search_term_string}"},"query-input":{"@type":"PropertyValueSpecification","valueRequired":true,"valueName":"search_term_string"}}],"inLanguage":"sq-AL"},{"@type":"Organization","@id":"https:\/\/talkpal.ai\/sq\/#organization","name":"Talkpal, Inc.","alternateName":"Talkpal AI","url":"https:\/\/talkpal.ai\/sq\/","logo":{"@type":"ImageObject","inLanguage":"sq-AL","@id":"https:\/\/talkpal.ai\/sq\/#\/schema\/logo\/image\/","url":"https:\/\/talkpal.ai\/wp-content\/uploads\/2024\/03\/Talkpal-Logo-Icon.png","contentUrl":"https:\/\/talkpal.ai\/wp-content\/uploads\/2024\/03\/Talkpal-Logo-Icon.png","width":2880,"height":2880,"caption":"Talkpal, Inc."},"image":{"@id":"https:\/\/talkpal.ai\/sq\/#\/schema\/logo\/image\/"},"sameAs":["https:\/\/www.facebook.com\/profile.php?id=100090733639311","https:\/\/x.com\/talkpalai","https:\/\/www.linkedin.com\/company\/talkpal\/","https:\/\/www.youtube.com\/@TalkPal\/","https:\/\/www.tiktok.com\/@talkpal","https:\/\/www.instagram.com\/talkpal_ai\/","https:\/\/www.crunchbase.com\/organization\/talkpal-9cde","https:\/\/www.g2.com\/products\/talkpal-for-business\/","https:\/\/www.trustpilot.com\/review\/talkpal.ai","https:\/\/www.capterra.com\/p\/10006800\/TalkPal\/"],"description":"Talkpal is a language learning web and mobile education app, powered by the latest AI technologies, that provides engaging experiences to its customers in many different languages to help them improve their language skills. Users can chat about unlimited amount of topics with the app and use other modes to practice their language learning.","email":"support@talkpal.ai","legalName":"Talkpal, Inc.","foundingDate":"2023-04-03","duns":"118989042","numberOfEmployees":{"@type":"QuantitativeValue","minValue":"11","maxValue":"50"},"publishingPrinciples":"https:\/\/talkpal.ai\/publishing-principles\/","actionableFeedbackPolicy":"https:\/\/talkpal.ai\/actionable-feedback-policy\/","correctionsPolicy":"https:\/\/talkpal.ai\/corrections-policy\/","ethicsPolicy":"https:\/\/talkpal.ai\/ethics-policy\/","diversityPolicy":"https:\/\/talkpal.ai\/diversity-policy\/","diversityStaffingReport":"https:\/\/talkpal.ai\/diversity-policy\/"}]}},"_links":{"self":[{"href":"https:\/\/talkpal.ai\/sq\/wp-json\/wp\/v2\/pages\/1442824","targetHints":{"allow":["GET"]}}],"collection":[{"href":"https:\/\/talkpal.ai\/sq\/wp-json\/wp\/v2\/pages"}],"about":[{"href":"https:\/\/talkpal.ai\/sq\/wp-json\/wp\/v2\/types\/page"}],"author":[{"embeddable":true,"href":"https:\/\/talkpal.ai\/sq\/wp-json\/wp\/v2\/users\/1"}],"replies":[{"embeddable":true,"href":"https:\/\/talkpal.ai\/sq\/wp-json\/wp\/v2\/comments?post=1442824"}],"version-history":[{"count":0,"href":"https:\/\/talkpal.ai\/sq\/wp-json\/wp\/v2\/pages\/1442824\/revisions"}],"wp:featuredmedia":[{"embeddable":true,"href":"https:\/\/talkpal.ai\/sq\/wp-json\/wp\/v2\/media\/1442826"}],"wp:attachment":[{"href":"https:\/\/talkpal.ai\/sq\/wp-json\/wp\/v2\/media?parent=1442824"}],"curies":[{"name":"wp","href":"https:\/\/api.w.org\/{rel}","templated":true}]}}