{"id":1442820,"date":"2023-05-14T14:00:39","date_gmt":"2023-05-14T14:00:39","guid":{"rendered":"https:\/\/talkpal.ai\/gramatika-bullgare\/"},"modified":"2025-09-06T17:47:03","modified_gmt":"2025-09-06T17:47:03","slug":"gramatika-bullgare","status":"publish","type":"page","link":"https:\/\/talkpal.ai\/sq\/gramatika-bullgare\/","title":{"rendered":"Gramatika bullgare"},"content":{"rendered":"\r\n\r\n\r\n<section class=\"languageChallengeSection\">\r\n    <div class=\"languageInfoWrapper\">\r\n        \r\n        <h1>Gramatika bullgare<\/h1>\r\n        <p>Eksploroni ve\u00e7orit\u00eb unike t\u00eb gramatik\u00ebs bullgare dhe fitoni mjetet p\u00ebr t\u00eb komunikuar me besim n\u00eb k\u00ebt\u00eb gjuh\u00eb t\u00eb gjall\u00eb sllave. Duke kuptuar rregullat e tij thelb\u00ebsore, ju do t\u00eb p\u00ebrmir\u00ebsoni aft\u00ebsin\u00eb tuaj p\u00ebr t&#039;u lidhur me fol\u00ebsit amtare dhe p\u00ebr thelluar n\u00eb trash\u00ebgimin\u00eb e pasur t\u00eb Bullgaris\u00eb. Filloni udh\u00ebtimin tuaj t\u00eb gramatik\u00ebs bullgare sot dhe hidhni hapin tuaj t\u00eb par\u00eb drejt zot\u00ebrimit t\u00eb gjuh\u00ebs!<\/p>\r\n\r\n                            <a class=\"getStartedHidden\" href=\"https:\/\/app.talkpal.ai\/signup?lng=\">Filloni<\/a>\r\n        \r\n    <\/div>\r\n\r\n    <figure>\r\n    <img decoding=\"async\" width=\"768\" height=\"768\" src=\"https:\/\/talkpal.ai\/wp-content\/uploads\/2023\/06\/bulgarian-768x768.png\" class=\"languageImage no-lazy\" alt=\"Language learning for deeper cultural understanding\" fetchpriority=\"high\" sizes=\"(max-width: 768px) 150px, 768px\" srcset=\"https:\/\/talkpal.ai\/wp-content\/uploads\/2023\/06\/bulgarian-768x768.png 768w, https:\/\/talkpal.ai\/wp-content\/uploads\/2023\/06\/bulgarian-300x300.png 300w\" \/>\r\n    \r\n\r\n    <\/figure>\r\n\r\n            <a class=\"getStartedVisible\" href=\"https:\/\/app.talkpal.ai\/signup?lng=\">Filloni<\/a>\r\n    \r\n<\/section>\r\n<section class=\"promotionalBanner\">\r\n    <p class=\"promotionalText\">M\u00ebnyra m\u00eb efikase p\u00ebr t\u00eb m\u00ebsuar nj\u00eb gjuh\u00eb<\/p>\r\n    <a class=\"promotionalLink\" href=\"https:\/\/app.talkpal.ai\/signup?lng=\">Provoni Talkpal falas<\/a>\r\n<\/section>\n<div class=\"wp-block-group pageContainerStyle\"><div class=\"wp-block-group__inner-container is-layout-constrained wp-block-group-is-layout-constrained\">\n<h2 class=\"wp-block-heading\" id=\"h-the-ultimate-guide-to-bulgarian-grammar-navigating-the-intricacies-of-a-rich-language\">Udh\u00ebzuesi p\u00ebrfundimtar p\u00ebr gramatik\u00ebn bullgare: Lundrimi n\u00eb nd\u00ebrlikimet e nj\u00eb gjuhe t\u00eb pasur<\/h2>\n\n\n\n<p><a href=\"https:\/\/talkpal.ai\/sq\/gramatika\/\">Gramatika<\/a> bullgare, ashtu si vet\u00eb gjuha, \u00ebsht\u00eb nj\u00eb p\u00ebrzierje magjeps\u00ebse e thjesht\u00ebsis\u00eb, kompleksitetit dhe historis\u00eb s\u00eb pasur kulturore. Si nj\u00eb nga gjuh\u00ebt m\u00eb t\u00eb vjetra sllave, bullgarishtja ofron emocione gjuh\u00ebsore p\u00ebr nx\u00ebn\u00ebsit dhe sfidon edhe fol\u00ebsit m\u00eb t\u00eb aft\u00eb. N\u00eb k\u00ebt\u00eb udh\u00ebzues, ne do t\u00eb shqyrtojm\u00eb parimet kryesore t\u00eb gramatik\u00ebs bullgare, do t&#8217;ju mitizojm\u00eb kompleksitetin e saj dhe do t&#8217;ju ndihmojm\u00eb n\u00eb udh\u00ebtimin tuaj drejt zot\u00ebrimit t\u00eb k\u00ebsaj gjuhe t\u00eb bukur. Le t\u00eb zhytemi!<\/p>\n\n\n\n<h2 class=\"wp-block-heading\" id=\"h-the-nuts-and-bolts-bulgarian-sentence-structure\">Arrat dhe bulonat: Struktura e fjalis\u00eb bullgare<\/h2>\n\n\n\n<p>N\u00eb thelb, <a href=\"https:\/\/talkpal.ai\/sq\/gramatika\/\">gramatika<\/a> bullgare \u00ebsht\u00eb mjaft e drejtp\u00ebrdrejt\u00eb. Gjuha ndjek struktur\u00ebn e fjalis\u00eb Subjekt-Folje-Objekt (SVO), e ngjashme me anglishten dhe shum\u00eb gjuh\u00eb t\u00eb tjera. P\u00ebr shembull, fjalia &#8220;Un\u00eb ha nj\u00eb moll\u00eb&#8221; p\u00ebrkthehet n\u00eb &#8220;\u0410\u0437 \u044f\u043c \u044f\u0431\u044a\u043b\u043a\u0430&#8221; (Az yam yabalka). E thjesht\u00eb, apo jo? Megjithat\u00eb, nd\u00ebrsa g\u00ebrmojm\u00eb m\u00eb thell\u00eb, do t\u00eb zbuloni se gramatika bullgare \u00ebsht\u00eb plot surpriza dhe karakteristika unike.<\/p>\n\n\n\n<h3 class=\"wp-block-heading\" id=\"h-meet-the-family-bulgarian-nouns-and-their-genders\">Njihuni me familjen: emrat bullgar\u00eb dhe gjinit\u00eb e tyre<\/h3>\n\n\n\n<p>Nj\u00eb nga aspektet m\u00eb hutuese t\u00eb gramatik\u00ebs bullgare p\u00ebr anglishtfol\u00ebsit \u00ebsht\u00eb nocioni i gjinis\u00eb gramatikore. N\u00eb bullgarisht, \u00e7do em\u00ebr i caktohet nj\u00eb prej tre gjinive \u2013 mashkullore, fem\u00ebrore dhe neutre. \u00cbsht\u00eb thelb\u00ebsore t\u00eb njihet gjinia e nj\u00eb emri pasi ndikon n\u00eb form\u00ebn e mbiemrave dhe p\u00ebremrave, dhe konjugimin e foljeve q\u00eb pasojn\u00eb.<\/p>\n\n\n\n<p>Pra, si e p\u00ebrcaktoni gjinin\u00eb e nj\u00eb emri? N\u00eb p\u00ebrgjith\u00ebsi, gjith\u00e7ka ka t\u00eb b\u00ebj\u00eb me fundin:<\/p>\n\n\n\n<p><strong>\u2013 Emrat mashkullor\u00eb zakonisht p\u00ebrfundojn\u00eb n\u00eb nj\u00eb bashk\u00ebting\u00ebllore.<\/strong><\/p>\n\n\n\n<p><strong>\u2013 Emrat fem\u00ebror\u00eb zakonisht p\u00ebrfundojn\u00eb me -\u0430 (-a) ose -\u044f (-ya).<\/strong><\/p>\n\n\n\n<p><strong>\u2013 Emrat neutr\u00eb shpesh p\u00ebrfundojn\u00eb me -\u043e (-o) ose -\u0435 (-\u0435).<\/strong><\/p>\n\n\n\n<p>P\u00ebr shembull, &#8220;\u043c\u044a\u0436&#8221; (mazh) do t\u00eb thot\u00eb &#8220;burr\u00eb&#8221; dhe \u00ebsht\u00eb mashkullor, &#8220;\u0436\u0435\u043d\u0430&#8221; (zhena) do t\u00eb thot\u00eb &#8220;grua&#8221; dhe \u00ebsht\u00eb fem\u00ebrore, dhe &#8220;\u0434\u0435\u0442\u0435&#8221; (dete) do t\u00eb thot\u00eb &#8220;f\u00ebmij\u00eb&#8221; dhe \u00ebsht\u00eb neutr.<\/p>\n\n\n\n<p>Sigurisht, ka p\u00ebrjashtime, prandaj \u00ebsht\u00eb thelb\u00ebsore t\u00eb m\u00ebsohen emrat s\u00eb bashku me gjinit\u00eb e <a href=\"https:\/\/talkpal.ai\/locations\/language-courses-in-tyre\/\">tyre<\/a>.<\/p>\n\n\n\n<h3 class=\"wp-block-heading\" id=\"h-playing-with-numbers-bulgarian-plurals\">Duke luajtur me numrat: Shum\u00ebsi bullgar<\/h3>\n\n\n\n<p>Pasi t\u00eb keni zot\u00ebruar gjinin\u00eb e emrave bullgar\u00eb, \u00ebsht\u00eb koha t\u00eb merreni me shum\u00ebsit e tyre. N\u00eb p\u00ebrgjith\u00ebsi, ju formoni shum\u00ebs duke shtuar mbaresa specifike q\u00eb korrespondojn\u00eb me gjinin\u00eb e emrit:<\/p>\n\n\n\n<p><strong>\u2013 Emrat mashkullor\u00eb ndryshojn\u00eb bashk\u00ebting\u00eblloren e fundit n\u00eb -\u0438 (-i) ose shtojn\u00eb -\u043e\u0432\u0435 (-ove).<\/strong><\/p>\n\n\n\n<p><strong>\u2013 Emrat fem\u00ebror\u00eb z\u00ebvend\u00ebsojn\u00eb -\u0430 ose -\u044f me -\u0438 ose -\u0435.<\/strong><\/p>\n\n\n\n<p><strong>\u2013 Emrat neutr\u00eb z\u00ebvend\u00ebsojn\u00eb -\u043e ose -\u0435 me -\u0430.<\/strong><\/p>\n\n\n\n<p>P\u00ebr shembull, &#8220;\u0443\u0447\u0435\u043d\u0438\u043a&#8221; (uchenik, mashkullor) b\u00ebhet &#8220;\u0443\u0447\u0435\u043d\u0438\u0446\u0438&#8221; (uchenici, student\u00eb) dhe &#8220;\u043a\u043d\u0438\u0433\u0430&#8221; (kniga, fem\u00ebr) b\u00ebhet &#8220;\u043a\u043d\u0438\u0433\u0438&#8221; (knigi, libra).<\/p>\n\n\n\n<p>Ky rregull ka p\u00ebrjashtime, k\u00ebshtu q\u00eb mbani nj\u00eb sy p\u00ebr shum\u00ebsit e parregullt dhe zgjeroni fjalorin tuaj n\u00eb p\u00ebrputhje me rrethanat.<\/p>\n\n\n\n<h3 class=\"wp-block-heading\" id=\"h-the-art-of-conjugation-bulgarian-verbs\">Arti i konjugimit: Foljet bullgare<\/h3>\n\n\n\n<p>Foljet bullgare mund t\u00eb jen\u00eb frik\u00ebsuese p\u00ebr shkak t\u00eb numrit t\u00eb tyre t\u00eb madh t\u00eb koh\u00ebve, humorit dhe konjugimeve. Megjithat\u00eb, \u00e7el\u00ebsi p\u00ebr t&#8217;i thyer ato \u00ebsht\u00eb njohja e modeleve dhe praktikimi i rregullt.<\/p>\n\n\n\n<p>N\u00eb bullgarisht, foljet ndahen n\u00eb tre grupe bazuar n\u00eb p\u00ebrfundimin e tyre infinitiv, -\u0430 (-a), -\u0435 (-\u0435) ose -\u0438 (-i). \u00c7do grup ka rregullat e tij specifike t\u00eb konjugimit. P\u00ebr shembull, le t\u00eb marrim foljen &#8220;\u043f\u0438\u0448\u0430&#8221; (pisha, &#8220;t\u00eb shkruash&#8221;):<\/p>\n\n\n\n<p><strong>Koha e tashme: \u0410\u0437 \u043f\u0438\u0448\u0430 (Az pisha, &#8220;Un\u00eb shkruaj&#8221;)<\/strong><\/p>\n\n\n\n<p><strong>Koha e kaluar: \u0410\u0437 \u043f\u0438\u0441\u0430\u0445 (Az pisah, &#8220;shkrova&#8221;)<\/strong><\/p>\n\n\n\n<p><strong>Koha e ardhshme: \u0410\u0437 \u0449\u0435 \u043f\u0438\u0448\u0430 (Az shte pisha, &#8220;Un\u00eb do t\u00eb shkruaj&#8221;)<\/strong><\/p>\n\n\n\n<p>Si\u00e7 mund ta shihni, p\u00ebrfundimet ndryshojn\u00eb sipas koh\u00ebs. Dhe kjo nuk g\u00ebrvisht as sip\u00ebrfaqen e konjugimit t\u00eb foljeve bullgare! Megjithat\u00eb, mos lejoni q\u00eb t&#8217;ju mbingarkoj\u00eb. Me praktik\u00eb dhe durim, do t\u00eb filloni t\u00eb njihni modelet dhe do ta mposhtni k\u00ebt\u00eb sfid\u00eb.<\/p>\n\n\n\n<h3 class=\"wp-block-heading\" id=\"h-the-finishing-touches-bulgarian-adjectives-adverbs-and-more\">Prekjet e fundit: mbiemrat bullgar\u00eb, ndajfoljet dhe m\u00eb shum\u00eb<\/h3>\n\n\n\n<p>Kur b\u00ebhet fjal\u00eb p\u00ebr mbiemrat dhe ndajfoljet bullgare, ato luajn\u00eb rol vendimtar n\u00eb shtimin e thell\u00ebsis\u00eb dhe kompleksitetit t\u00eb t\u00eb folurit tuaj. Mbiemrat duhet t\u00eb pajtohen me emrat q\u00eb modifikojn\u00eb p\u00ebr sa i p\u00ebrket gjinis\u00eb, dhe zakonisht do t\u00eb gjeni 3 forma \u2013 mashkullore, fem\u00ebrore dhe neutre.<\/p>\n\n\n\n<p>P\u00ebr shembull, &#8220;\u0434\u043e\u0431\u044a\u0440&#8221; (dobur) do t\u00eb thot\u00eb &#8220;i mir\u00eb&#8221; dhe shfaqet si &#8220;\u0434\u043e\u0431\u044a\u0440 \u043c\u044a\u0436&#8221; (dobur mazh, &#8220;njeri i mir\u00eb&#8221;), &#8220;\u0434\u043e\u0431\u0440\u0430 \u0436\u0435\u043d\u0430&#8221; (dobra zhena, &#8220;grua e mir\u00eb&#8221;) dhe &#8220;\u0434\u043e\u0431\u0440\u043e \u0434\u0435\u0442\u0435&#8221; (dobro dete, &#8220;f\u00ebmij\u00eb i mir\u00eb&#8221;). Ndajfoljet ndjekin modele t\u00eb ngjashme, shpesh q\u00eb rrjedhin nga mbiemrat.<\/p>\n\n\n\n<p>Si p\u00ebrfundim, nd\u00ebrlikimet dhe \u00e7uditshm\u00ebrit\u00eb e gramatik\u00ebs bullgare, megjith\u00ebse komplekse, i japin gjuh\u00ebs bukurin\u00eb dhe karakterin e saj magjeps\u00ebs. Me nj\u00eb kombinim t\u00eb k\u00ebmb\u00ebnguljes, kuriozitetit dhe aplikimit praktik, s\u00eb shpejti do t\u00eb lundroni n\u00eb gramatik\u00ebn bullgare me leht\u00ebsi dhe besim. G\u00ebzuar m\u00ebsimin!<\/p>\n<\/div><\/div>\n\r\n<section class=\"learnNavigationSection\">\r\n            \r\n        <a href=\"https:\/\/talkpal.ai\/sq\/meso-bullgarisht\/\">\r\n            <div class=\"learnNavigationWrapper\">\r\n                <div class=\"learnNavigationContent\">\r\n                    <img decoding=\"async\" src=\"https:\/\/talkpal.ai\/wp-content\/uploads\/2024\/08\/Bulgarian.jpg\" alt=\"Bulgarian Flag\">\r\n                    <div>\r\n                        <h4>Rreth m\u00ebsimit bullgar<\/h4>\r\n                        <p>M\u00ebsoni gjith\u00e7ka rreth gramatik\u00ebs bullgare.<\/p>\r\n                    <\/div>\r\n                <\/div>\r\n            <\/div>\r\n        <\/a>\r\n\r\n        \r\n        <a href=\"https:\/\/talkpal.ai\/sq\/ushtrimet-e-gramatikes-bullgare\/\">\r\n            <div class=\"learnNavigationWrapper\">\r\n                <div class=\"learnNavigationContent\">\r\n                    <img decoding=\"async\" src=\"https:\/\/talkpal.ai\/wp-content\/uploads\/2024\/08\/Bulgarian.jpg\" alt=\"Bulgarian Flag\">\r\n                    <div>\r\n                        <h4>Ushtrimi i gramatik\u00ebs bullgare<\/h4>\r\n                        <p>Praktikoni gramatik\u00ebn bullgare.<\/p>\r\n                    <\/div>\r\n                <\/div>\r\n            <\/div>\r\n        <\/a>\r\n\r\n        \r\n        <a href=\"https:\/\/talkpal.ai\/vocabulary_language\/bulgarian\/\">\r\n            <div class=\"learnNavigationWrapper\">\r\n                <div class=\"learnNavigationContent\">\r\n                    <img decoding=\"async\" src=\"https:\/\/talkpal.ai\/wp-content\/uploads\/2024\/08\/Bulgarian.jpg\" alt=\"Bulgarian Flag\">\r\n                    <div>\r\n                        <h4>Fjalori bullgar<\/h4>\r\n                        <p>Zgjeroni fjalorin tuaj bullgar.<\/p>\r\n                    <\/div>\r\n                <\/div>\r\n            <\/div>\r\n        <\/a>\r\n\r\n            <\/section>","protected":false},"excerpt":{"rendered":"<p>Udh\u00ebzuesi p\u00ebrfundimtar p\u00ebr gramatik\u00ebn bullgare: Lundrimi n\u00eb nd\u00ebrlikimet e nj\u00eb gjuhe t\u00eb pasur Gramatika bullgare, ashtu si vet\u00eb gjuha, \u00ebsht\u00eb nj\u00eb p\u00ebrzierje magjeps\u00ebse e thjesht\u00ebsis\u00eb, kompleksitetit dhe historis\u00eb s\u00eb pasur kulturore. Si nj\u00eb nga gjuh\u00ebt m\u00eb t\u00eb vjetra sllave, bullgarishtja ofron emocione gjuh\u00ebsore p\u00ebr nx\u00ebn\u00ebsit dhe sfidon edhe fol\u00ebsit m\u00eb t\u00eb aft\u00eb. N\u00eb k\u00ebt\u00eb udh\u00ebzues, [&hellip;]<\/p>\n","protected":false},"author":1,"featured_media":1442821,"parent":0,"menu_order":0,"comment_status":"closed","ping_status":"closed","template":"LearningContentPage.php","meta":{"_acf_changed":false,"footnotes":""},"class_list":["post-1442820","page","type-page","status-publish","has-post-thumbnail","hentry"],"acf":[],"yoast_head":"<!-- This site is optimized with the Yoast SEO Premium plugin v27.2 (Yoast SEO v27.2) - https:\/\/yoast.com\/product\/yoast-seo-premium-wordpress\/ -->\n<title>Gramatika bullgare - Talkpal<\/title>\n<meta name=\"description\" content=\"Eksploroni bazat e gramatik\u00ebs bullgare p\u00ebr t\u00eb kuptuar m\u00eb mir\u00eb gjuh\u00ebn dhe aft\u00ebsit\u00eb e komunikimit.\" \/>\n<meta name=\"robots\" content=\"index, follow, max-snippet:-1, max-image-preview:large, max-video-preview:-1\" \/>\n<link rel=\"canonical\" href=\"https:\/\/talkpal.ai\/sq\/gramatika-bullgare\/\" \/>\n<meta property=\"og:locale\" content=\"sq_AL\" \/>\n<meta property=\"og:type\" content=\"article\" \/>\n<meta property=\"og:title\" content=\"Gramatika bullgare\" \/>\n<meta property=\"og:description\" content=\"Udh\u00ebzuesi p\u00ebrfundimtar p\u00ebr gramatik\u00ebn bullgare: Lundrimi n\u00eb nd\u00ebrlikimet e nj\u00eb gjuhe t\u00eb pasur Gramatika bullgare, ashtu si vet\u00eb gjuha, \u00ebsht\u00eb nj\u00eb p\u00ebrzierje\" \/>\n<meta property=\"og:url\" content=\"https:\/\/talkpal.ai\/sq\/gramatika-bullgare\/\" \/>\n<meta property=\"og:site_name\" content=\"Talkpal\" \/>\n<meta property=\"article:publisher\" content=\"https:\/\/www.facebook.com\/profile.php?id=100090733639311\" \/>\n<meta property=\"article:modified_time\" content=\"2025-09-06T17:47:03+00:00\" \/>\n<meta property=\"og:image\" content=\"https:\/\/talkpal.ai\/wp-content\/uploads\/2023\/05\/bulgaria.png\" \/>\n\t<meta property=\"og:image:width\" content=\"512\" \/>\n\t<meta property=\"og:image:height\" content=\"512\" \/>\n\t<meta property=\"og:image:type\" content=\"image\/png\" \/>\n<meta name=\"twitter:card\" content=\"summary_large_image\" \/>\n<meta name=\"twitter:site\" content=\"@talkpalai\" \/>\n<meta name=\"twitter:label1\" content=\"Est. reading time\" \/>\n\t<meta name=\"twitter:data1\" content=\"4 minutes\" \/>\n<script type=\"application\/ld+json\" class=\"yoast-schema-graph\">{\"@context\":\"https:\/\/schema.org\",\"@graph\":[{\"@type\":\"WebPage\",\"@id\":\"https:\/\/talkpal.ai\/sq\/gramatika-bullgare\/\",\"url\":\"https:\/\/talkpal.ai\/sq\/gramatika-bullgare\/\",\"name\":\"Gramatika bullgare - Talkpal\",\"isPartOf\":{\"@id\":\"https:\/\/talkpal.ai\/sq\/#website\"},\"primaryImageOfPage\":{\"@id\":\"https:\/\/talkpal.ai\/sq\/gramatika-bullgare\/#primaryimage\"},\"image\":{\"@id\":\"https:\/\/talkpal.ai\/sq\/gramatika-bullgare\/#primaryimage\"},\"thumbnailUrl\":\"https:\/\/talkpal.ai\/wp-content\/uploads\/2023\/05\/bulgaria.png\",\"datePublished\":\"2023-05-14T14:00:39+00:00\",\"dateModified\":\"2025-09-06T17:47:03+00:00\",\"description\":\"Eksploroni bazat e gramatik\u00ebs bullgare p\u00ebr t\u00eb kuptuar m\u00eb mir\u00eb gjuh\u00ebn dhe aft\u00ebsit\u00eb e komunikimit.\",\"breadcrumb\":{\"@id\":\"https:\/\/talkpal.ai\/sq\/gramatika-bullgare\/#breadcrumb\"},\"inLanguage\":\"sq-AL\",\"potentialAction\":[{\"@type\":\"ReadAction\",\"target\":[\"https:\/\/talkpal.ai\/sq\/gramatika-bullgare\/\"]}]},{\"@type\":\"ImageObject\",\"inLanguage\":\"sq-AL\",\"@id\":\"https:\/\/talkpal.ai\/sq\/gramatika-bullgare\/#primaryimage\",\"url\":\"https:\/\/talkpal.ai\/wp-content\/uploads\/2023\/05\/bulgaria.png\",\"contentUrl\":\"https:\/\/talkpal.ai\/wp-content\/uploads\/2023\/05\/bulgaria.png\",\"width\":512,\"height\":512,\"caption\":\"TalkPal Bulgaria Flag\"},{\"@type\":\"BreadcrumbList\",\"@id\":\"https:\/\/talkpal.ai\/sq\/gramatika-bullgare\/#breadcrumb\",\"itemListElement\":[{\"@type\":\"ListItem\",\"position\":1,\"name\":\"Homepage\",\"item\":\"https:\/\/talkpal.ai\/sq\/\"},{\"@type\":\"ListItem\",\"position\":2,\"name\":\"Gramatika bullgare\"}]},{\"@type\":\"WebSite\",\"@id\":\"https:\/\/talkpal.ai\/sq\/#website\",\"url\":\"https:\/\/talkpal.ai\/sq\/\",\"name\":\"Talkpal\",\"description\":\"AI Language Learning\",\"publisher\":{\"@id\":\"https:\/\/talkpal.ai\/sq\/#organization\"},\"alternateName\":\"Talkpal AI\",\"potentialAction\":[{\"@type\":\"SearchAction\",\"target\":{\"@type\":\"EntryPoint\",\"urlTemplate\":\"https:\/\/talkpal.ai\/sq\/?s={search_term_string}\"},\"query-input\":{\"@type\":\"PropertyValueSpecification\",\"valueRequired\":true,\"valueName\":\"search_term_string\"}}],\"inLanguage\":\"sq-AL\"},{\"@type\":\"Organization\",\"@id\":\"https:\/\/talkpal.ai\/sq\/#organization\",\"name\":\"Talkpal, Inc.\",\"alternateName\":\"Talkpal AI\",\"url\":\"https:\/\/talkpal.ai\/sq\/\",\"logo\":{\"@type\":\"ImageObject\",\"inLanguage\":\"sq-AL\",\"@id\":\"https:\/\/talkpal.ai\/sq\/#\/schema\/logo\/image\/\",\"url\":\"https:\/\/talkpal.ai\/wp-content\/uploads\/2024\/03\/Talkpal-Logo-Icon.png\",\"contentUrl\":\"https:\/\/talkpal.ai\/wp-content\/uploads\/2024\/03\/Talkpal-Logo-Icon.png\",\"width\":2880,\"height\":2880,\"caption\":\"Talkpal, Inc.\"},\"image\":{\"@id\":\"https:\/\/talkpal.ai\/sq\/#\/schema\/logo\/image\/\"},\"sameAs\":[\"https:\/\/www.facebook.com\/profile.php?id=100090733639311\",\"https:\/\/x.com\/talkpalai\",\"https:\/\/www.linkedin.com\/company\/talkpal\/\",\"https:\/\/www.youtube.com\/@TalkPal\/\",\"https:\/\/www.tiktok.com\/@talkpal\",\"https:\/\/www.instagram.com\/talkpal_ai\/\",\"https:\/\/www.crunchbase.com\/organization\/talkpal-9cde\",\"https:\/\/www.g2.com\/products\/talkpal-for-business\/\",\"https:\/\/www.trustpilot.com\/review\/talkpal.ai\",\"https:\/\/www.capterra.com\/p\/10006800\/TalkPal\/\"],\"description\":\"Talkpal is a language learning web and mobile education app, powered by the latest AI technologies, that provides engaging experiences to its customers in many different languages to help them improve their language skills. Users can chat about unlimited amount of topics with the app and use other modes to practice their language learning.\",\"email\":\"support@talkpal.ai\",\"legalName\":\"Talkpal, Inc.\",\"foundingDate\":\"2023-04-03\",\"duns\":\"118989042\",\"numberOfEmployees\":{\"@type\":\"QuantitativeValue\",\"minValue\":\"11\",\"maxValue\":\"50\"},\"publishingPrinciples\":\"https:\/\/talkpal.ai\/publishing-principles\/\",\"actionableFeedbackPolicy\":\"https:\/\/talkpal.ai\/actionable-feedback-policy\/\",\"correctionsPolicy\":\"https:\/\/talkpal.ai\/corrections-policy\/\",\"ethicsPolicy\":\"https:\/\/talkpal.ai\/ethics-policy\/\",\"diversityPolicy\":\"https:\/\/talkpal.ai\/diversity-policy\/\",\"diversityStaffingReport\":\"https:\/\/talkpal.ai\/diversity-policy\/\"}]}<\/script>\n<!-- \/ Yoast SEO Premium plugin. -->","yoast_head_json":{"title":"Gramatika bullgare - Talkpal","description":"Eksploroni bazat e gramatik\u00ebs bullgare p\u00ebr t\u00eb kuptuar m\u00eb mir\u00eb gjuh\u00ebn dhe aft\u00ebsit\u00eb e komunikimit.","robots":{"index":"index","follow":"follow","max-snippet":"max-snippet:-1","max-image-preview":"max-image-preview:large","max-video-preview":"max-video-preview:-1"},"canonical":"https:\/\/talkpal.ai\/sq\/gramatika-bullgare\/","og_locale":"sq_AL","og_type":"article","og_title":"Gramatika bullgare","og_description":"Udh\u00ebzuesi p\u00ebrfundimtar p\u00ebr gramatik\u00ebn bullgare: Lundrimi n\u00eb nd\u00ebrlikimet e nj\u00eb gjuhe t\u00eb pasur Gramatika bullgare, ashtu si vet\u00eb gjuha, \u00ebsht\u00eb nj\u00eb p\u00ebrzierje","og_url":"https:\/\/talkpal.ai\/sq\/gramatika-bullgare\/","og_site_name":"Talkpal","article_publisher":"https:\/\/www.facebook.com\/profile.php?id=100090733639311","article_modified_time":"2025-09-06T17:47:03+00:00","og_image":[{"width":512,"height":512,"url":"https:\/\/talkpal.ai\/wp-content\/uploads\/2023\/05\/bulgaria.png","type":"image\/png"}],"twitter_card":"summary_large_image","twitter_site":"@talkpalai","twitter_misc":{"Est. reading time":"4 minutes"},"schema":{"@context":"https:\/\/schema.org","@graph":[{"@type":"WebPage","@id":"https:\/\/talkpal.ai\/sq\/gramatika-bullgare\/","url":"https:\/\/talkpal.ai\/sq\/gramatika-bullgare\/","name":"Gramatika bullgare - Talkpal","isPartOf":{"@id":"https:\/\/talkpal.ai\/sq\/#website"},"primaryImageOfPage":{"@id":"https:\/\/talkpal.ai\/sq\/gramatika-bullgare\/#primaryimage"},"image":{"@id":"https:\/\/talkpal.ai\/sq\/gramatika-bullgare\/#primaryimage"},"thumbnailUrl":"https:\/\/talkpal.ai\/wp-content\/uploads\/2023\/05\/bulgaria.png","datePublished":"2023-05-14T14:00:39+00:00","dateModified":"2025-09-06T17:47:03+00:00","description":"Eksploroni bazat e gramatik\u00ebs bullgare p\u00ebr t\u00eb kuptuar m\u00eb mir\u00eb gjuh\u00ebn dhe aft\u00ebsit\u00eb e komunikimit.","breadcrumb":{"@id":"https:\/\/talkpal.ai\/sq\/gramatika-bullgare\/#breadcrumb"},"inLanguage":"sq-AL","potentialAction":[{"@type":"ReadAction","target":["https:\/\/talkpal.ai\/sq\/gramatika-bullgare\/"]}]},{"@type":"ImageObject","inLanguage":"sq-AL","@id":"https:\/\/talkpal.ai\/sq\/gramatika-bullgare\/#primaryimage","url":"https:\/\/talkpal.ai\/wp-content\/uploads\/2023\/05\/bulgaria.png","contentUrl":"https:\/\/talkpal.ai\/wp-content\/uploads\/2023\/05\/bulgaria.png","width":512,"height":512,"caption":"TalkPal Bulgaria Flag"},{"@type":"BreadcrumbList","@id":"https:\/\/talkpal.ai\/sq\/gramatika-bullgare\/#breadcrumb","itemListElement":[{"@type":"ListItem","position":1,"name":"Homepage","item":"https:\/\/talkpal.ai\/sq\/"},{"@type":"ListItem","position":2,"name":"Gramatika bullgare"}]},{"@type":"WebSite","@id":"https:\/\/talkpal.ai\/sq\/#website","url":"https:\/\/talkpal.ai\/sq\/","name":"Talkpal","description":"AI Language Learning","publisher":{"@id":"https:\/\/talkpal.ai\/sq\/#organization"},"alternateName":"Talkpal AI","potentialAction":[{"@type":"SearchAction","target":{"@type":"EntryPoint","urlTemplate":"https:\/\/talkpal.ai\/sq\/?s={search_term_string}"},"query-input":{"@type":"PropertyValueSpecification","valueRequired":true,"valueName":"search_term_string"}}],"inLanguage":"sq-AL"},{"@type":"Organization","@id":"https:\/\/talkpal.ai\/sq\/#organization","name":"Talkpal, Inc.","alternateName":"Talkpal AI","url":"https:\/\/talkpal.ai\/sq\/","logo":{"@type":"ImageObject","inLanguage":"sq-AL","@id":"https:\/\/talkpal.ai\/sq\/#\/schema\/logo\/image\/","url":"https:\/\/talkpal.ai\/wp-content\/uploads\/2024\/03\/Talkpal-Logo-Icon.png","contentUrl":"https:\/\/talkpal.ai\/wp-content\/uploads\/2024\/03\/Talkpal-Logo-Icon.png","width":2880,"height":2880,"caption":"Talkpal, Inc."},"image":{"@id":"https:\/\/talkpal.ai\/sq\/#\/schema\/logo\/image\/"},"sameAs":["https:\/\/www.facebook.com\/profile.php?id=100090733639311","https:\/\/x.com\/talkpalai","https:\/\/www.linkedin.com\/company\/talkpal\/","https:\/\/www.youtube.com\/@TalkPal\/","https:\/\/www.tiktok.com\/@talkpal","https:\/\/www.instagram.com\/talkpal_ai\/","https:\/\/www.crunchbase.com\/organization\/talkpal-9cde","https:\/\/www.g2.com\/products\/talkpal-for-business\/","https:\/\/www.trustpilot.com\/review\/talkpal.ai","https:\/\/www.capterra.com\/p\/10006800\/TalkPal\/"],"description":"Talkpal is a language learning web and mobile education app, powered by the latest AI technologies, that provides engaging experiences to its customers in many different languages to help them improve their language skills. Users can chat about unlimited amount of topics with the app and use other modes to practice their language learning.","email":"support@talkpal.ai","legalName":"Talkpal, Inc.","foundingDate":"2023-04-03","duns":"118989042","numberOfEmployees":{"@type":"QuantitativeValue","minValue":"11","maxValue":"50"},"publishingPrinciples":"https:\/\/talkpal.ai\/publishing-principles\/","actionableFeedbackPolicy":"https:\/\/talkpal.ai\/actionable-feedback-policy\/","correctionsPolicy":"https:\/\/talkpal.ai\/corrections-policy\/","ethicsPolicy":"https:\/\/talkpal.ai\/ethics-policy\/","diversityPolicy":"https:\/\/talkpal.ai\/diversity-policy\/","diversityStaffingReport":"https:\/\/talkpal.ai\/diversity-policy\/"}]}},"_links":{"self":[{"href":"https:\/\/talkpal.ai\/sq\/wp-json\/wp\/v2\/pages\/1442820","targetHints":{"allow":["GET"]}}],"collection":[{"href":"https:\/\/talkpal.ai\/sq\/wp-json\/wp\/v2\/pages"}],"about":[{"href":"https:\/\/talkpal.ai\/sq\/wp-json\/wp\/v2\/types\/page"}],"author":[{"embeddable":true,"href":"https:\/\/talkpal.ai\/sq\/wp-json\/wp\/v2\/users\/1"}],"replies":[{"embeddable":true,"href":"https:\/\/talkpal.ai\/sq\/wp-json\/wp\/v2\/comments?post=1442820"}],"version-history":[{"count":0,"href":"https:\/\/talkpal.ai\/sq\/wp-json\/wp\/v2\/pages\/1442820\/revisions"}],"wp:featuredmedia":[{"embeddable":true,"href":"https:\/\/talkpal.ai\/sq\/wp-json\/wp\/v2\/media\/1442821"}],"wp:attachment":[{"href":"https:\/\/talkpal.ai\/sq\/wp-json\/wp\/v2\/media?parent=1442820"}],"curies":[{"name":"wp","href":"https:\/\/api.w.org\/{rel}","templated":true}]}}