{"id":1442819,"date":"2023-05-14T13:53:24","date_gmt":"2023-05-14T13:53:24","guid":{"rendered":"https:\/\/talkpal.ai\/gramatika-ukrainase\/"},"modified":"2025-12-11T16:38:48","modified_gmt":"2025-12-11T16:38:48","slug":"gramatika-ukrainase","status":"publish","type":"page","link":"https:\/\/talkpal.ai\/sq\/gramatika-ukrainase\/","title":{"rendered":"Gramatika ukrainase"},"content":{"rendered":"\r\n\r\n\r\n<section class=\"languageChallengeSection\">\r\n    <div class=\"languageInfoWrapper\">\r\n        \r\n        <h1>Gramatika ukrainase<\/h1>\r\n        <p>Eksploroni struktur\u00ebn e gjuh\u00ebs ukrainase duke m\u00ebsuar rregullat e saj thelb\u00ebsore gramatikore. Zot\u00ebrimi i gramatik\u00ebs ukrainase do t&#039;ju ndihmoj\u00eb t\u00eb komunikoni me besim dhe t\u00eb lidheni m\u00eb thell\u00eb me kultur\u00ebn dhe trash\u00ebgimin\u00eb ukrainase. Filloni udh\u00ebtimin tuaj t\u00eb gramatik\u00ebs ukrainase sot dhe hidhni hapin e par\u00eb drejt rrjedhshm\u00ebris\u00eb!<\/p>\r\n\r\n                            <a class=\"getStartedHidden\" href=\"https:\/\/app.talkpal.ai\/signup?lng=\">Filloni<\/a>\r\n        \r\n    <\/div>\r\n\r\n    <figure>\r\n    <img decoding=\"async\" width=\"768\" height=\"768\" src=\"https:\/\/talkpal.ai\/wp-content\/uploads\/2023\/06\/Ukrainian-768x768.png\" class=\"languageImage no-lazy\" alt=\"Language learning - Your doorway to the world\" fetchpriority=\"high\" sizes=\"(max-width: 768px) 150px, 768px\" srcset=\"https:\/\/talkpal.ai\/wp-content\/uploads\/2023\/06\/Ukrainian-768x768.png 768w, https:\/\/talkpal.ai\/wp-content\/uploads\/2023\/06\/Ukrainian-300x300.png 300w\" \/>\r\n    \r\n\r\n    <\/figure>\r\n\r\n            <a class=\"getStartedVisible\" href=\"https:\/\/app.talkpal.ai\/signup?lng=\">Filloni<\/a>\r\n    \r\n<\/section>\r\n<section class=\"promotionalBanner\">\r\n    <p class=\"promotionalText\">M\u00ebnyra m\u00eb efikase p\u00ebr t\u00eb m\u00ebsuar nj\u00eb gjuh\u00eb<\/p>\r\n    <a class=\"promotionalLink\" href=\"https:\/\/app.talkpal.ai\/signup?lng=\">Provoni Talkpal falas<\/a>\r\n<\/section>\n<div class=\"wp-block-group pageContainerStyle\"><div class=\"wp-block-group__inner-container is-layout-constrained wp-block-group-is-layout-constrained\">\n<h2 class=\"wp-block-heading\" id=\"h-a-comprehensive-guide-to-mastering-ukrainian-grammar\">Nj\u00eb udh\u00ebzues gjith\u00ebp\u00ebrfshir\u00ebs p\u00ebr zot\u00ebrimin e gramatik\u00ebs ukrainase<\/h2>\n\n\n\n<p>Ukrainishtja, nj\u00eb gjuh\u00eb e bukur dhe melodike, ka t\u00ebrhequr interes n\u00eb rritje nga entuziast\u00ebt e gjuh\u00ebs n\u00eb mbar\u00eb bot\u00ebn. M\u00ebsimi i ukrainishtes ju jep akses n\u00eb nj\u00eb trash\u00ebgimi t\u00eb pasur kulturore dhe ju mund\u00ebson t\u00eb komunikoni me miliona njer\u00ebz n\u00eb Ukrain\u00eb dhe vendet fqinje. Nd\u00ebrsa zhytja n\u00eb gramatik\u00ebn ukrainase mund t\u00eb duket e frikshme n\u00eb fillim, t\u00eb kesh nj\u00eb baz\u00eb t\u00eb fort\u00eb n\u00eb t\u00eb do t&#8217;ju lejoj\u00eb t\u00eb eksploroni nuancat e gjuh\u00ebs dhe t\u00eb vler\u00ebsoni plot\u00ebsisht bukurin\u00eb e saj. Ky artikull do t&#8217;ju udh\u00ebzoj\u00eb hap pas hapi p\u00ebrmes bazave t\u00eb gramatik\u00ebs ukrainase, duke ju pajisur p\u00ebr t\u00eb filluar me besim udh\u00ebtimin tuaj gjuh\u00ebsor.<\/p>\n\n\n\n<h3 class=\"wp-block-heading\" id=\"h-1-mastering-ukrainian-nouns-and-cases\">1. Zot\u00ebrimi i emrave dhe rasteve ukrainase<\/h3>\n\n\n\n<p>Nj\u00eb tipar qendror i gramatik\u00ebs ukrainase \u00ebsht\u00eb sistemi i rasteve t\u00eb saj. Kur p\u00ebrdorni emra, duhet t\u00eb dini gjinin\u00eb e <a href=\"https:\/\/talkpal.ai\/locations\/language-courses-in-tyre\/\">tyre<\/a> (mashkullore, fem\u00ebrore ose neutre) dhe t\u00eb jeni t\u00eb vet\u00ebdijsh\u00ebm p\u00ebr kontekstin q\u00eb mund t\u00eb k\u00ebrkoj\u00eb nj\u00eb ndryshim n\u00eb mbaresat e tyre. Gjuha ukrainase ka shtat\u00eb raste:<\/p>\n\n\n\n<p>\u2013 Nominative: subjekti i nj\u00eb fjalie<\/p>\n\n\n\n<p>\u2013 Gjenitivi: tregon zot\u00ebrimin, sasin\u00eb dhe mohimin<\/p>\n\n\n\n<p>\u2013 Dativ: objekt indirekt ose l\u00ebvizje drejt nj\u00eb q\u00ebllimi<\/p>\n\n\n\n<p>\u2013 Akuzativ: objekt i drejtp\u00ebrdrejt\u00eb ose l\u00ebvizje q\u00eb synon di\u00e7ka<\/p>\n\n\n\n<p>\u2013 Instrumental: tregon mjetet ose instrumentet e veprimit<\/p>\n\n\n\n<p>\u2013 Lokalizues: tregon vendndodhjen<\/p>\n\n\n\n<p>\u2013 Vokativ: p\u00ebrdoret p\u00ebr t&#8217;iu drejtuar ose thirrur dikujt<\/p>\n\n\n\n<p>Do t&#8217;ju duhet t&#8217;i kushtoni v\u00ebmendje mbaresave dhe deformimeve t\u00eb emrit, pasi ato ndryshojn\u00eb sipas rastit t\u00eb p\u00ebrdorur dhe gjinis\u00eb dhe numrit t\u00eb emrit.<\/p>\n\n\n\n<h3 class=\"wp-block-heading\" id=\"h-2-navigating-the-ukrainian-verb-system\">2. Lundrimi n\u00eb sistemin e foljeve ukrainase<\/h3>\n\n\n\n<p>Foljet ukrainase jan\u00eb t\u00eb lidhura n\u00eb baz\u00eb t\u00eb personit, numrit, koh\u00ebs, humorit dhe z\u00ebrit. N\u00eb ukrainisht, ekzistojn\u00eb kat\u00ebr aspekte t\u00eb foljeve \u2013 perfekte, joperfeksionuese, p\u00ebrs\u00ebrit\u00ebse dhe fillestare:<\/p>\n\n\n\n<p>\u2013 Perfeksionuese: tregon veprimet e p\u00ebrfunduara<\/p>\n\n\n\n<p>\u2013 Imperfekte: p\u00ebrshkruan veprime t\u00eb vazhdueshme, t\u00eb zakonshme ose t\u00eb p\u00ebrs\u00ebritura<\/p>\n\n\n\n<p>\u2013 P\u00ebrs\u00ebrit\u00ebs: p\u00ebrcjell veprime t\u00eb p\u00ebrs\u00ebritura n\u00eb nj\u00eb interval t\u00eb caktuar<\/p>\n\n\n\n<p>\u2013 Inceptive: tregon fillimin e nj\u00eb veprimi<\/p>\n\n\n\n<p>P\u00ebr t\u00eb lundruar n\u00eb sistemin e foljeve ukrainase, duhet t\u00eb njiheni me tre konjugimet themelore t\u00eb foljeve. Procesi i konjugimit p\u00ebrfshin ndryshimin e mbaresave t\u00eb rr\u00ebnj\u00ebs s\u00eb foljes sipas koh\u00ebs, humorit dhe subjektit.<\/p>\n\n\n\n<h3 class=\"wp-block-heading\" id=\"h-3-perfecting-ukrainian-adjectives-and-pronouns\">3. P\u00ebrsosja e mbiemrave dhe p\u00ebremrave ukrainas<\/h3>\n\n\n\n<p>Mbiemrat n\u00eb ukrainisht duhet t\u00eb pajtohen me emrin q\u00eb p\u00ebrshkruajn\u00eb, n\u00eb gjini, num\u00ebr dhe rast. Kjo do t\u00eb thot\u00eb q\u00eb kur p\u00ebrdorni nj\u00eb mbiem\u00ebr, duhet t\u00eb jeni t\u00eb v\u00ebmendsh\u00ebm ndaj mbaresave t\u00eb tij, pasi ato do t\u00eb ndryshojn\u00eb p\u00ebr t&#8217;u p\u00ebrafruar me emrin. P\u00ebr m\u00eb tep\u00ebr, mbiemrat n\u00eb ukrainisht mund t\u00eb jen\u00eb forma t\u00eb gjata ose t\u00eb shkurtra, ku secili ka p\u00ebrdorimin e tij n\u00eb var\u00ebsi t\u00eb kontekstit.<\/p>\n\n\n\n<p>P\u00ebremrat p\u00ebrdoren n\u00eb vend t\u00eb emrave dhe gjithashtu duhet t\u00eb pajtohen me emrin q\u00eb z\u00ebvend\u00ebsojn\u00eb, n\u00eb gjini, num\u00ebr dhe rast. P\u00ebremrat personale n\u00eb ukrainisht p\u00ebrfshijn\u00eb &#8220;\u044f&#8221; (I), &#8220;\u0442\u0438&#8221; (ju, nj\u00ebj\u00ebs), &#8220;\u0432\u0456\u043d\/\u0432\u043e\u043d\u0430\/\u0432\u043e\u043d\u043e&#8221; (ai\/ajo\/at\u00eb), &#8220;\u043c\u0438&#8221; (ne), &#8220;\u0432\u0438&#8221; (ti, shum\u00ebs ose formal) dhe &#8220;\u0432\u043e\u043d\u0438&#8221; (ata). Ka gjithashtu p\u00ebremra pronamor, demonstrativ\u00eb dhe relativ\u00eb n\u00eb ukrainisht.<\/p>\n\n\n\n<h3 class=\"wp-block-heading\" id=\"h-4-putting-it-all-together-sentence-structure\">4. Duke i bashkuar t\u00eb gjitha: Struktura e fjalis\u00eb<\/h3>\n\n\n\n<p>Ukrainishtja ndjek struktur\u00ebn e fjalis\u00eb subjekt-folje-objekt (SVO), e ngjashme me anglishten. Megjithat\u00eb, ndryshe nga anglishtja, ukrainasja ka m\u00eb shum\u00eb fleksibilitet n\u00eb rendin e fjal\u00ebve p\u00ebr shkak t\u00eb sistemit t\u00eb rasteve. Ky fleksibilitet u mund\u00ebson fol\u00ebsve t\u00eb theksojn\u00eb fjal\u00eb ose ide specifike duke i vendosur ato n\u00eb pozicione t\u00eb ndryshme brenda nj\u00eb fjalie. Nd\u00ebrsa zot\u00ebrimi i k\u00ebsaj shkatht\u00ebsie mund t\u00eb marr\u00eb koh\u00eb, ju mund\u00ebson t\u00eb shpreheni n\u00eb m\u00ebnyr\u00eb m\u00eb artistike dhe rrjedh\u00ebse n\u00eb ukrainisht.<\/p>\n\n\n\n<h3 class=\"wp-block-heading\" id=\"h-conclusion\">P\u00ebrfundimi<\/h3>\n\n\n\n<p>Nd\u00ebrsa filloni udh\u00ebtimin tuaj n\u00eb gjuh\u00ebn ukrainase, mbani mend se t\u00eb b\u00ebhesh rrjedhsh\u00ebm n\u00eb <a href=\"https:\/\/talkpal.ai\/grammar\/\">gramatik\u00eb<\/a> k\u00ebrkon praktik\u00eb dhe k\u00ebmb\u00ebngulje. Njihuni gradualisht me aspekte t\u00eb ndryshme t\u00eb gramatik\u00ebs ukrainase, nga emrat dhe rastet deri te foljet dhe struktura e fjalive. Shijoni procesin e t\u00eb m\u00ebsuarit dhe shijoni bukurin\u00eb dhe ekspresivitetin e gjuh\u00ebs ukrainase. \u0412\u0434\u0430\u0447\u0456! (Pa\u00e7 fat!)<\/p>\n<\/div><\/div>\n\r\n<section class=\"learnNavigationSection\">\r\n            \r\n        <a href=\"https:\/\/talkpal.ai\/sq\/mesoni-gjuhen-ukrainase\/\">\r\n            <div class=\"learnNavigationWrapper\">\r\n                <div class=\"learnNavigationContent\">\r\n                    <img decoding=\"async\" src=\"https:\/\/talkpal.ai\/wp-content\/uploads\/2024\/08\/Ukrainian.jpg\" alt=\"Ukrainian Flag\">\r\n                    <div>\r\n                        <h4>Rreth m\u00ebsimit ukrainas<\/h4>\r\n                        <p>M\u00ebsoni gjith\u00e7ka rreth gramatik\u00ebs ukrainase.<\/p>\r\n                    <\/div>\r\n                <\/div>\r\n            <\/div>\r\n        <\/a>\r\n\r\n        \r\n        <a href=\"https:\/\/talkpal.ai\/sq\/ushtrimet-gramatikore-ukrainase\/\">\r\n            <div class=\"learnNavigationWrapper\">\r\n                <div class=\"learnNavigationContent\">\r\n                    <img decoding=\"async\" src=\"https:\/\/talkpal.ai\/wp-content\/uploads\/2024\/08\/Ukrainian.jpg\" alt=\"Ukrainian Flag\">\r\n                    <div>\r\n                        <h4>Ushtrimi i gramatik\u00ebs ukrainase<\/h4>\r\n                        <p>Praktikoni gramatik\u00ebn ukrainase.<\/p>\r\n                    <\/div>\r\n                <\/div>\r\n            <\/div>\r\n        <\/a>\r\n\r\n        \r\n        <a href=\"https:\/\/talkpal.ai\/vocabulary_language\/ukrainian\/\">\r\n            <div class=\"learnNavigationWrapper\">\r\n                <div class=\"learnNavigationContent\">\r\n                    <img decoding=\"async\" src=\"https:\/\/talkpal.ai\/wp-content\/uploads\/2024\/08\/Ukrainian.jpg\" alt=\"Ukrainian Flag\">\r\n                    <div>\r\n                        <h4>Fjalori ukrainas<\/h4>\r\n                        <p>Zgjeroni fjalorin tuaj ukrainas.<\/p>\r\n                    <\/div>\r\n                <\/div>\r\n            <\/div>\r\n        <\/a>\r\n\r\n            <\/section>","protected":false},"excerpt":{"rendered":"<p>Nj\u00eb udh\u00ebzues gjith\u00ebp\u00ebrfshir\u00ebs p\u00ebr zot\u00ebrimin e gramatik\u00ebs ukrainase Ukrainishtja, nj\u00eb gjuh\u00eb e bukur dhe melodike, ka t\u00ebrhequr interes n\u00eb rritje nga entuziast\u00ebt e gjuh\u00ebs n\u00eb mbar\u00eb bot\u00ebn. M\u00ebsimi i ukrainishtes ju jep akses n\u00eb nj\u00eb trash\u00ebgimi t\u00eb pasur kulturore dhe ju mund\u00ebson t\u00eb komunikoni me miliona njer\u00ebz n\u00eb Ukrain\u00eb dhe vendet fqinje. Nd\u00ebrsa zhytja n\u00eb [&hellip;]<\/p>\n","protected":false},"author":1,"featured_media":1442716,"parent":0,"menu_order":0,"comment_status":"closed","ping_status":"closed","template":"LearningContentPage.php","meta":{"_acf_changed":false,"footnotes":""},"class_list":["post-1442819","page","type-page","status-publish","has-post-thumbnail","hentry"],"acf":[],"yoast_head":"<!-- This site is optimized with the Yoast SEO Premium plugin v27.2 (Yoast SEO v27.2) - https:\/\/yoast.com\/product\/yoast-seo-premium-wordpress\/ -->\n<title>Gramatika ukrainase - Talkpal<\/title>\n<meta name=\"description\" content=\"Zhbllokoni bukurin\u00eb e gramatik\u00ebs ukrainase me k\u00ebshilla dhe njohuri thelb\u00ebsore p\u00ebr t\u00eb p\u00ebrmir\u00ebsuar udh\u00ebtimin tuaj t\u00eb m\u00ebsimit t\u00eb gjuh\u00ebs.\" \/>\n<meta name=\"robots\" content=\"index, follow, max-snippet:-1, max-image-preview:large, max-video-preview:-1\" \/>\n<link rel=\"canonical\" href=\"https:\/\/talkpal.ai\/sq\/gramatika-ukrainase\/\" \/>\n<meta property=\"og:locale\" content=\"sq_AL\" \/>\n<meta property=\"og:type\" content=\"article\" \/>\n<meta property=\"og:title\" content=\"Gramatika ukrainase\" \/>\n<meta property=\"og:description\" content=\"Nj\u00eb udh\u00ebzues gjith\u00ebp\u00ebrfshir\u00ebs p\u00ebr zot\u00ebrimin e gramatik\u00ebs ukrainase Ukrainishtja, nj\u00eb gjuh\u00eb e bukur dhe melodike, ka t\u00ebrhequr interes n\u00eb rritje nga\" \/>\n<meta property=\"og:url\" content=\"https:\/\/talkpal.ai\/sq\/gramatika-ukrainase\/\" \/>\n<meta property=\"og:site_name\" content=\"Talkpal\" \/>\n<meta property=\"article:publisher\" content=\"https:\/\/www.facebook.com\/profile.php?id=100090733639311\" \/>\n<meta property=\"article:modified_time\" content=\"2025-12-11T16:38:48+00:00\" \/>\n<meta property=\"og:image\" content=\"https:\/\/talkpal.ai\/wp-content\/uploads\/2023\/04\/ukraine.png\" \/>\n\t<meta property=\"og:image:width\" content=\"512\" \/>\n\t<meta property=\"og:image:height\" content=\"512\" \/>\n\t<meta property=\"og:image:type\" content=\"image\/png\" \/>\n<meta name=\"twitter:card\" content=\"summary_large_image\" \/>\n<meta name=\"twitter:site\" content=\"@talkpalai\" \/>\n<meta name=\"twitter:label1\" content=\"Est. reading time\" \/>\n\t<meta name=\"twitter:data1\" content=\"4 minutes\" \/>\n<script type=\"application\/ld+json\" class=\"yoast-schema-graph\">{\"@context\":\"https:\/\/schema.org\",\"@graph\":[{\"@type\":\"WebPage\",\"@id\":\"https:\/\/talkpal.ai\/sq\/gramatika-ukrainase\/\",\"url\":\"https:\/\/talkpal.ai\/sq\/gramatika-ukrainase\/\",\"name\":\"Gramatika ukrainase - Talkpal\",\"isPartOf\":{\"@id\":\"https:\/\/talkpal.ai\/sq\/#website\"},\"primaryImageOfPage\":{\"@id\":\"https:\/\/talkpal.ai\/sq\/gramatika-ukrainase\/#primaryimage\"},\"image\":{\"@id\":\"https:\/\/talkpal.ai\/sq\/gramatika-ukrainase\/#primaryimage\"},\"thumbnailUrl\":\"https:\/\/talkpal.ai\/wp-content\/uploads\/2023\/04\/ukraine.png\",\"datePublished\":\"2023-05-14T13:53:24+00:00\",\"dateModified\":\"2025-12-11T16:38:48+00:00\",\"description\":\"Zhbllokoni bukurin\u00eb e gramatik\u00ebs ukrainase me k\u00ebshilla dhe njohuri thelb\u00ebsore p\u00ebr t\u00eb p\u00ebrmir\u00ebsuar udh\u00ebtimin tuaj t\u00eb m\u00ebsimit t\u00eb gjuh\u00ebs.\",\"breadcrumb\":{\"@id\":\"https:\/\/talkpal.ai\/sq\/gramatika-ukrainase\/#breadcrumb\"},\"inLanguage\":\"sq-AL\",\"potentialAction\":[{\"@type\":\"ReadAction\",\"target\":[\"https:\/\/talkpal.ai\/sq\/gramatika-ukrainase\/\"]}]},{\"@type\":\"ImageObject\",\"inLanguage\":\"sq-AL\",\"@id\":\"https:\/\/talkpal.ai\/sq\/gramatika-ukrainase\/#primaryimage\",\"url\":\"https:\/\/talkpal.ai\/wp-content\/uploads\/2023\/04\/ukraine.png\",\"contentUrl\":\"https:\/\/talkpal.ai\/wp-content\/uploads\/2023\/04\/ukraine.png\",\"width\":512,\"height\":512,\"caption\":\"TalkPal Catalan Flag\"},{\"@type\":\"BreadcrumbList\",\"@id\":\"https:\/\/talkpal.ai\/sq\/gramatika-ukrainase\/#breadcrumb\",\"itemListElement\":[{\"@type\":\"ListItem\",\"position\":1,\"name\":\"Homepage\",\"item\":\"https:\/\/talkpal.ai\/sq\/\"},{\"@type\":\"ListItem\",\"position\":2,\"name\":\"Gramatika ukrainase\"}]},{\"@type\":\"WebSite\",\"@id\":\"https:\/\/talkpal.ai\/sq\/#website\",\"url\":\"https:\/\/talkpal.ai\/sq\/\",\"name\":\"Talkpal\",\"description\":\"AI Language Learning\",\"publisher\":{\"@id\":\"https:\/\/talkpal.ai\/sq\/#organization\"},\"alternateName\":\"Talkpal AI\",\"potentialAction\":[{\"@type\":\"SearchAction\",\"target\":{\"@type\":\"EntryPoint\",\"urlTemplate\":\"https:\/\/talkpal.ai\/sq\/?s={search_term_string}\"},\"query-input\":{\"@type\":\"PropertyValueSpecification\",\"valueRequired\":true,\"valueName\":\"search_term_string\"}}],\"inLanguage\":\"sq-AL\"},{\"@type\":\"Organization\",\"@id\":\"https:\/\/talkpal.ai\/sq\/#organization\",\"name\":\"Talkpal, Inc.\",\"alternateName\":\"Talkpal AI\",\"url\":\"https:\/\/talkpal.ai\/sq\/\",\"logo\":{\"@type\":\"ImageObject\",\"inLanguage\":\"sq-AL\",\"@id\":\"https:\/\/talkpal.ai\/sq\/#\/schema\/logo\/image\/\",\"url\":\"https:\/\/talkpal.ai\/wp-content\/uploads\/2024\/03\/Talkpal-Logo-Icon.png\",\"contentUrl\":\"https:\/\/talkpal.ai\/wp-content\/uploads\/2024\/03\/Talkpal-Logo-Icon.png\",\"width\":2880,\"height\":2880,\"caption\":\"Talkpal, Inc.\"},\"image\":{\"@id\":\"https:\/\/talkpal.ai\/sq\/#\/schema\/logo\/image\/\"},\"sameAs\":[\"https:\/\/www.facebook.com\/profile.php?id=100090733639311\",\"https:\/\/x.com\/talkpalai\",\"https:\/\/www.linkedin.com\/company\/talkpal\/\",\"https:\/\/www.youtube.com\/@TalkPal\/\",\"https:\/\/www.tiktok.com\/@talkpal\",\"https:\/\/www.instagram.com\/talkpal_ai\/\",\"https:\/\/www.crunchbase.com\/organization\/talkpal-9cde\",\"https:\/\/www.g2.com\/products\/talkpal-for-business\/\",\"https:\/\/www.trustpilot.com\/review\/talkpal.ai\",\"https:\/\/www.capterra.com\/p\/10006800\/TalkPal\/\"],\"description\":\"Talkpal is a language learning web and mobile education app, powered by the latest AI technologies, that provides engaging experiences to its customers in many different languages to help them improve their language skills. Users can chat about unlimited amount of topics with the app and use other modes to practice their language learning.\",\"email\":\"support@talkpal.ai\",\"legalName\":\"Talkpal, Inc.\",\"foundingDate\":\"2023-04-03\",\"duns\":\"118989042\",\"numberOfEmployees\":{\"@type\":\"QuantitativeValue\",\"minValue\":\"11\",\"maxValue\":\"50\"},\"publishingPrinciples\":\"https:\/\/talkpal.ai\/publishing-principles\/\",\"actionableFeedbackPolicy\":\"https:\/\/talkpal.ai\/actionable-feedback-policy\/\",\"correctionsPolicy\":\"https:\/\/talkpal.ai\/corrections-policy\/\",\"ethicsPolicy\":\"https:\/\/talkpal.ai\/ethics-policy\/\",\"diversityPolicy\":\"https:\/\/talkpal.ai\/diversity-policy\/\",\"diversityStaffingReport\":\"https:\/\/talkpal.ai\/diversity-policy\/\"}]}<\/script>\n<!-- \/ Yoast SEO Premium plugin. -->","yoast_head_json":{"title":"Gramatika ukrainase - Talkpal","description":"Zhbllokoni bukurin\u00eb e gramatik\u00ebs ukrainase me k\u00ebshilla dhe njohuri thelb\u00ebsore p\u00ebr t\u00eb p\u00ebrmir\u00ebsuar udh\u00ebtimin tuaj t\u00eb m\u00ebsimit t\u00eb gjuh\u00ebs.","robots":{"index":"index","follow":"follow","max-snippet":"max-snippet:-1","max-image-preview":"max-image-preview:large","max-video-preview":"max-video-preview:-1"},"canonical":"https:\/\/talkpal.ai\/sq\/gramatika-ukrainase\/","og_locale":"sq_AL","og_type":"article","og_title":"Gramatika ukrainase","og_description":"Nj\u00eb udh\u00ebzues gjith\u00ebp\u00ebrfshir\u00ebs p\u00ebr zot\u00ebrimin e gramatik\u00ebs ukrainase Ukrainishtja, nj\u00eb gjuh\u00eb e bukur dhe melodike, ka t\u00ebrhequr interes n\u00eb rritje nga","og_url":"https:\/\/talkpal.ai\/sq\/gramatika-ukrainase\/","og_site_name":"Talkpal","article_publisher":"https:\/\/www.facebook.com\/profile.php?id=100090733639311","article_modified_time":"2025-12-11T16:38:48+00:00","og_image":[{"width":512,"height":512,"url":"https:\/\/talkpal.ai\/wp-content\/uploads\/2023\/04\/ukraine.png","type":"image\/png"}],"twitter_card":"summary_large_image","twitter_site":"@talkpalai","twitter_misc":{"Est. reading time":"4 minutes"},"schema":{"@context":"https:\/\/schema.org","@graph":[{"@type":"WebPage","@id":"https:\/\/talkpal.ai\/sq\/gramatika-ukrainase\/","url":"https:\/\/talkpal.ai\/sq\/gramatika-ukrainase\/","name":"Gramatika ukrainase - Talkpal","isPartOf":{"@id":"https:\/\/talkpal.ai\/sq\/#website"},"primaryImageOfPage":{"@id":"https:\/\/talkpal.ai\/sq\/gramatika-ukrainase\/#primaryimage"},"image":{"@id":"https:\/\/talkpal.ai\/sq\/gramatika-ukrainase\/#primaryimage"},"thumbnailUrl":"https:\/\/talkpal.ai\/wp-content\/uploads\/2023\/04\/ukraine.png","datePublished":"2023-05-14T13:53:24+00:00","dateModified":"2025-12-11T16:38:48+00:00","description":"Zhbllokoni bukurin\u00eb e gramatik\u00ebs ukrainase me k\u00ebshilla dhe njohuri thelb\u00ebsore p\u00ebr t\u00eb p\u00ebrmir\u00ebsuar udh\u00ebtimin tuaj t\u00eb m\u00ebsimit t\u00eb gjuh\u00ebs.","breadcrumb":{"@id":"https:\/\/talkpal.ai\/sq\/gramatika-ukrainase\/#breadcrumb"},"inLanguage":"sq-AL","potentialAction":[{"@type":"ReadAction","target":["https:\/\/talkpal.ai\/sq\/gramatika-ukrainase\/"]}]},{"@type":"ImageObject","inLanguage":"sq-AL","@id":"https:\/\/talkpal.ai\/sq\/gramatika-ukrainase\/#primaryimage","url":"https:\/\/talkpal.ai\/wp-content\/uploads\/2023\/04\/ukraine.png","contentUrl":"https:\/\/talkpal.ai\/wp-content\/uploads\/2023\/04\/ukraine.png","width":512,"height":512,"caption":"TalkPal Catalan Flag"},{"@type":"BreadcrumbList","@id":"https:\/\/talkpal.ai\/sq\/gramatika-ukrainase\/#breadcrumb","itemListElement":[{"@type":"ListItem","position":1,"name":"Homepage","item":"https:\/\/talkpal.ai\/sq\/"},{"@type":"ListItem","position":2,"name":"Gramatika ukrainase"}]},{"@type":"WebSite","@id":"https:\/\/talkpal.ai\/sq\/#website","url":"https:\/\/talkpal.ai\/sq\/","name":"Talkpal","description":"AI Language Learning","publisher":{"@id":"https:\/\/talkpal.ai\/sq\/#organization"},"alternateName":"Talkpal AI","potentialAction":[{"@type":"SearchAction","target":{"@type":"EntryPoint","urlTemplate":"https:\/\/talkpal.ai\/sq\/?s={search_term_string}"},"query-input":{"@type":"PropertyValueSpecification","valueRequired":true,"valueName":"search_term_string"}}],"inLanguage":"sq-AL"},{"@type":"Organization","@id":"https:\/\/talkpal.ai\/sq\/#organization","name":"Talkpal, Inc.","alternateName":"Talkpal AI","url":"https:\/\/talkpal.ai\/sq\/","logo":{"@type":"ImageObject","inLanguage":"sq-AL","@id":"https:\/\/talkpal.ai\/sq\/#\/schema\/logo\/image\/","url":"https:\/\/talkpal.ai\/wp-content\/uploads\/2024\/03\/Talkpal-Logo-Icon.png","contentUrl":"https:\/\/talkpal.ai\/wp-content\/uploads\/2024\/03\/Talkpal-Logo-Icon.png","width":2880,"height":2880,"caption":"Talkpal, Inc."},"image":{"@id":"https:\/\/talkpal.ai\/sq\/#\/schema\/logo\/image\/"},"sameAs":["https:\/\/www.facebook.com\/profile.php?id=100090733639311","https:\/\/x.com\/talkpalai","https:\/\/www.linkedin.com\/company\/talkpal\/","https:\/\/www.youtube.com\/@TalkPal\/","https:\/\/www.tiktok.com\/@talkpal","https:\/\/www.instagram.com\/talkpal_ai\/","https:\/\/www.crunchbase.com\/organization\/talkpal-9cde","https:\/\/www.g2.com\/products\/talkpal-for-business\/","https:\/\/www.trustpilot.com\/review\/talkpal.ai","https:\/\/www.capterra.com\/p\/10006800\/TalkPal\/"],"description":"Talkpal is a language learning web and mobile education app, powered by the latest AI technologies, that provides engaging experiences to its customers in many different languages to help them improve their language skills. Users can chat about unlimited amount of topics with the app and use other modes to practice their language learning.","email":"support@talkpal.ai","legalName":"Talkpal, Inc.","foundingDate":"2023-04-03","duns":"118989042","numberOfEmployees":{"@type":"QuantitativeValue","minValue":"11","maxValue":"50"},"publishingPrinciples":"https:\/\/talkpal.ai\/publishing-principles\/","actionableFeedbackPolicy":"https:\/\/talkpal.ai\/actionable-feedback-policy\/","correctionsPolicy":"https:\/\/talkpal.ai\/corrections-policy\/","ethicsPolicy":"https:\/\/talkpal.ai\/ethics-policy\/","diversityPolicy":"https:\/\/talkpal.ai\/diversity-policy\/","diversityStaffingReport":"https:\/\/talkpal.ai\/diversity-policy\/"}]}},"_links":{"self":[{"href":"https:\/\/talkpal.ai\/sq\/wp-json\/wp\/v2\/pages\/1442819","targetHints":{"allow":["GET"]}}],"collection":[{"href":"https:\/\/talkpal.ai\/sq\/wp-json\/wp\/v2\/pages"}],"about":[{"href":"https:\/\/talkpal.ai\/sq\/wp-json\/wp\/v2\/types\/page"}],"author":[{"embeddable":true,"href":"https:\/\/talkpal.ai\/sq\/wp-json\/wp\/v2\/users\/1"}],"replies":[{"embeddable":true,"href":"https:\/\/talkpal.ai\/sq\/wp-json\/wp\/v2\/comments?post=1442819"}],"version-history":[{"count":0,"href":"https:\/\/talkpal.ai\/sq\/wp-json\/wp\/v2\/pages\/1442819\/revisions"}],"wp:featuredmedia":[{"embeddable":true,"href":"https:\/\/talkpal.ai\/sq\/wp-json\/wp\/v2\/media\/1442716"}],"wp:attachment":[{"href":"https:\/\/talkpal.ai\/sq\/wp-json\/wp\/v2\/media?parent=1442819"}],"curies":[{"name":"wp","href":"https:\/\/api.w.org\/{rel}","templated":true}]}}