{"id":1442815,"date":"2023-05-14T13:53:07","date_gmt":"2023-05-14T13:53:07","guid":{"rendered":"https:\/\/talkpal.ai\/gramatika-suedeze\/"},"modified":"2025-12-11T16:34:13","modified_gmt":"2025-12-11T16:34:13","slug":"gramatika-suedeze","status":"publish","type":"page","link":"https:\/\/talkpal.ai\/sq\/gramatika-suedeze\/","title":{"rendered":"Gramatika suedeze"},"content":{"rendered":"\r\n\r\n\r\n<section class=\"languageChallengeSection\">\r\n    <div class=\"languageInfoWrapper\">\r\n        \r\n        <h1>Gramatika suedeze<\/h1>\r\n        <p>Zhbllokoni bukurin\u00eb e gjuh\u00ebs <a href=\"https:\/\/talkpal.ai\/learn-swedish\/\">suedeze<\/a> duke zot\u00ebruar rregullat e saj thelb\u00ebsore gramatikore. Nj\u00eb kuptim solid i gramatik\u00ebs suedeze do t&#039;ju mund\u00ebsoj\u00eb t\u00eb komunikoni me besim dhe t\u00eb lidheni me kultur\u00ebn suedeze. Filloni t\u00eb m\u00ebsoni gramatik\u00ebn suedeze sot dhe hidhni hapin tuaj t\u00eb par\u00eb drejt rrjedhshm\u00ebris\u00eb!<\/p>\r\n\r\n                            <a class=\"getStartedHidden\" href=\"https:\/\/app.talkpal.ai\/signup?lng=\">Filloni<\/a>\r\n        \r\n    <\/div>\r\n\r\n    <figure>\r\n    <img decoding=\"async\" width=\"768\" height=\"768\" src=\"https:\/\/talkpal.ai\/wp-content\/uploads\/2023\/06\/swedish-768x768.png\" class=\"languageImage no-lazy\" alt=\"Language learning for improved concentration\" fetchpriority=\"high\" sizes=\"(max-width: 768px) 150px, 768px\" srcset=\"https:\/\/talkpal.ai\/wp-content\/uploads\/2023\/06\/swedish-768x768.png 768w, https:\/\/talkpal.ai\/wp-content\/uploads\/2023\/06\/swedish-300x300.png 300w\" \/>\r\n    \r\n\r\n    <\/figure>\r\n\r\n            <a class=\"getStartedVisible\" href=\"https:\/\/app.talkpal.ai\/signup?lng=\">Filloni<\/a>\r\n    \r\n<\/section>\r\n<section class=\"promotionalBanner\">\r\n    <p class=\"promotionalText\">M\u00ebnyra m\u00eb efikase p\u00ebr t\u00eb m\u00ebsuar nj\u00eb gjuh\u00eb<\/p>\r\n    <a class=\"promotionalLink\" href=\"https:\/\/app.talkpal.ai\/signup?lng=\">Provoni Talkpal falas<\/a>\r\n<\/section>\n<div class=\"wp-block-group pageContainerStyle\"><div class=\"wp-block-group__inner-container is-layout-constrained wp-block-group-is-layout-constrained\">\n<h2 class=\"wp-block-heading\" id=\"h-demystifying-swedish-grammar-a-comprehensive-guide-to-master-its-rules-and-nuances\">\u00c7mitizimi i gramatik\u00ebs suedeze: Nj\u00eb udh\u00ebzues gjith\u00ebp\u00ebrfshir\u00ebs p\u00ebr t\u00eb zot\u00ebruar rregullat dhe nuancat e saj<\/h2>\n\n\n\n<p>Suedishtja, e folur nga af\u00ebrsisht 10 milion\u00eb njer\u00ebz, \u00ebsht\u00eb nj\u00eb gjuh\u00eb e pasur dhe melodike q\u00eb i p\u00ebrket familjes gjermanike veriore. Megjith\u00ebse <a href=\"https:\/\/talkpal.ai\/swedish-grammar\/\">gramatika suedeze<\/a> \u00ebsht\u00eb relativisht e drejtp\u00ebrdrejt\u00eb n\u00eb krahasim me disa gjuh\u00eb t\u00eb tjera, t\u00eb kuptuarit e rregullave dhe struktur\u00ebs s\u00eb saj \u00ebsht\u00eb \u00e7el\u00ebsi p\u00ebr t\u00eb p\u00ebrmir\u00ebsuar aft\u00ebsin\u00eb tuaj gjuh\u00ebsore. N\u00eb k\u00ebt\u00eb artikull, ne do t&#8217;ju udh\u00ebzojm\u00eb p\u00ebrmes aspekteve themelore t\u00eb gramatik\u00ebs suedeze dhe do t&#8217;ju ofrojm\u00eb k\u00ebshilla t\u00eb dobishme p\u00ebr t\u00eb p\u00ebrmir\u00ebsuar aft\u00ebsit\u00eb tuaja n\u00eb gjuh\u00ebn suedeze.<\/p>\n\n\n\n<h3 class=\"wp-block-heading\" id=\"h-essential-components-of-swedish-grammar\">Komponent\u00ebt thelb\u00ebsor\u00eb t\u00eb gramatik\u00ebs suedeze:<\/h3>\n\n\n\n<p><a href=\"https:\/\/talkpal.ai\/swedish-grammar\/\">Gramatika suedeze<\/a> ndan ngjashm\u00ebri me gramatik\u00ebn angleze, duke e b\u00ebr\u00eb m\u00eb t\u00eb leht\u00eb p\u00ebr anglishtfol\u00ebsit. K\u00ebtu jan\u00eb disa aspekte kritike t\u00eb gramatik\u00ebs suedeze me t\u00eb cil\u00ebn ia vlen t\u00eb njiheni:<\/p>\n\n\n\n<p><strong>1. Emrat:<\/strong> Emrat suedez\u00eb ndahen n\u00eb dy gjini gramatikore: e zakonshme (en) dhe neutre (ett). \u00c7do em\u00ebr i p\u00ebrket nj\u00ebr\u00ebs prej k\u00ebtyre kategorive, gj\u00eb q\u00eb \u00ebsht\u00eb e r\u00ebnd\u00ebsishme t\u00eb merret parasysh kur p\u00ebrdorni artikuj t\u00eb pacaktuar dhe t\u00eb caktuar. Emrat suedez\u00eb gjithashtu kan\u00eb forma shum\u00ebs, me disa modele t\u00eb dallueshme p\u00ebr t&#8217;u mbajtur mend.<\/p>\n\n\n\n<p><strong>2. Mbiemra:<\/strong> Mbiemrat n\u00eb suedisht pajtohen me gjinin\u00eb e emrit. N\u00eb var\u00ebsi t\u00eb gjinis\u00eb s\u00eb emrit, ekzistojn\u00eb tre forma mbiemrash: pozitiv, krahasues dhe superlativ. Mbiemrat gjithashtu pajtohen n\u00eb num\u00ebr (nj\u00ebj\u00ebs ose shum\u00ebs).<\/p>\n\n\n\n<p><strong>3. Foljet:<\/strong> Foljet suedeze klasifikohen n\u00eb kat\u00ebr grupe, secila me modelin e saj t\u00eb konjugimit. Foljet jan\u00eb t\u00eb lidhura n\u00eb baz\u00eb t\u00eb koh\u00ebs (e tashmja, e kaluara ose e ardhmja), por nuk jan\u00eb t\u00eb konjuguara sipas subjektit, si n\u00eb <a href=\"https:\/\/talkpal.ai\/learn-english-with-ai\/\">anglisht<\/a>. N\u00eb vend t\u00eb k\u00ebsaj, format e foljeve suedeze mbeten t\u00eb q\u00ebndrueshme pavar\u00ebsisht nga subjekti. P\u00ebr m\u00eb tep\u00ebr, foljet suedeze nuk kan\u00eb forma t\u00eb vazhdueshme (d.m.th., -ing) si n\u00eb anglisht.<\/p>\n\n\n\n<p><strong>4. Struktura e fjalis\u00eb:<\/strong> Struktura e fjalis\u00eb suedeze \u00ebsht\u00eb zakonisht subjekt-folje-objekt (SVO), nj\u00ebsoj si anglishtja. Megjithat\u00eb, suedishtja shpesh p\u00ebrdor rregullin e renditjes s\u00eb fjal\u00ebve V2, ku folja shfaqet n\u00eb pozicionin e dyt\u00eb n\u00eb fjali deklarative dhe pyetje.<\/p>\n\n\n\n<h3 class=\"wp-block-heading\" id=\"h-tips-for-learning-swedish-grammar\">K\u00ebshilla p\u00ebr t\u00eb m\u00ebsuar gramatik\u00ebn suedeze:<\/h3>\n\n\n\n<p>P\u00ebr ta b\u00ebr\u00eb udh\u00ebtimin tuaj t\u00eb m\u00ebsimit t\u00eb gramatik\u00ebs suedeze m\u00eb t\u00eb qet\u00eb, k\u00ebtu jan\u00eb disa k\u00ebshilla praktike p\u00ebr t&#8217;u ndjekur:<\/p>\n\n\n\n<p><strong>1. Praktikoni rregullisht:<\/strong> Q\u00ebndrueshm\u00ebria \u00ebsht\u00eb \u00e7el\u00ebsi. Ndani koh\u00eb \u00e7do dit\u00eb ose jav\u00eb p\u00ebr t\u00eb praktikuar ushtrime gramatikore, lexim dhe shkrim n\u00eb suedisht.<\/p>\n\n\n\n<p><strong>2. P\u00ebrdorni burime vendase:<\/strong> Zhytuni n\u00eb materiale vendase suedeze si let\u00ebrsia, artikujt e lajmeve dhe podkastet. Kjo jo vet\u00ebm q\u00eb do t&#8217;ju ndihmoj\u00eb t\u00eb kuptoni gramatik\u00ebn suedeze n\u00eb kontekst, por edhe t\u00eb p\u00ebrmir\u00ebsoni aft\u00ebsit\u00eb tuaja t\u00eb leximit dhe d\u00ebgjimit.<\/p>\n\n\n\n<p><strong>3. M\u00ebsoni gjinit\u00eb dhe shum\u00ebsit e emrave:<\/strong> Memorizimi i gjinis\u00eb (en ose ett) dhe formave shum\u00ebs t\u00eb emrave suedez\u00eb \u00ebsht\u00eb thelb\u00ebsor. Praktikimi me kalimin e koh\u00ebs p\u00ebrfundimisht do t&#8217;ju ndihmoj\u00eb t\u00eb p\u00ebrvet\u00ebsoni k\u00ebto rregulla.<\/p>\n\n\n\n<p><strong>4. Lidhuni me fol\u00ebsit amtare:<\/strong> Angazhimi n\u00eb biseda me fol\u00ebsit amtare suedez\u00eb do t&#8217;ju lejoj\u00eb t\u00eb praktikoni gramatik\u00ebn dhe t\u00eb merrni komente t\u00eb vlefshme. Konsideroni t&#8217;i bashkoheni grupeve t\u00eb shk\u00ebmbimit gjuh\u00ebsor ose forumeve online p\u00ebr t&#8217;u lidhur me individ\u00eb suedishtfol\u00ebs.<\/p>\n\n\n\n<p><strong>5. Jini t\u00eb duruesh\u00ebm dhe k\u00ebmb\u00ebngul\u00ebs:<\/strong> Mos harroni se m\u00ebsimi i gramatik\u00ebs \u00ebsht\u00eb nj\u00eb proces. Q\u00ebndroni t\u00eb p\u00ebrkushtuar, vazhdoni t\u00eb praktikoni dhe festoni p\u00ebrparimin gjat\u00eb rrug\u00ebs.<\/p>\n\n\n\n<h2 class=\"wp-block-heading\" id=\"h-conclusion\">P\u00ebrfundim:<\/h2>\n\n\n\n<p><a href=\"https:\/\/talkpal.ai\/sq\/gramatika\/\">Gramatika<\/a> suedeze, megjith\u00ebse n\u00eb dukje komplekse, mund t\u00eb zot\u00ebrohet me p\u00ebrkushtim dhe kuptim t\u00eb komponent\u00ebve t\u00eb saj integral\u00eb. Duke ndjekur sugjerimet tona dhe duke u zhytur n\u00eb gjuh\u00eb, do t\u00eb d\u00ebshmoni p\u00ebrmir\u00ebsim t\u00eb vazhduesh\u00ebm n\u00eb aft\u00ebsit\u00eb tuaja n\u00eb gjuh\u00ebn suedeze. P\u00ebrqafoni sfid\u00ebn dhe shijoni udh\u00ebtimin drejt mjesht\u00ebris\u00eb <a href=\"https:\/\/talkpal.ai\/sq\/ushtrime-gramatikore-suedeze\/\">gramatikore suedeze<\/a>!<\/p>\n<\/div><\/div>\n\r\n<section class=\"learnNavigationSection\">\r\n            \r\n        <a href=\"https:\/\/talkpal.ai\/sq\/mesoni-suedisht\/\">\r\n            <div class=\"learnNavigationWrapper\">\r\n                <div class=\"learnNavigationContent\">\r\n                    <img decoding=\"async\" src=\"https:\/\/talkpal.ai\/wp-content\/uploads\/2024\/08\/Swedish.jpg\" alt=\"Swedish Flag\">\r\n                    <div>\r\n                        <h4>Rreth m\u00ebsimit suedisht<\/h4>\r\n                        <p>M\u00ebsoni gjith\u00e7ka rreth gramatik\u00ebs suedeze.<\/p>\r\n                    <\/div>\r\n                <\/div>\r\n            <\/div>\r\n        <\/a>\r\n\r\n        \r\n        <a href=\"https:\/\/talkpal.ai\/sq\/ushtrime-gramatikore-suedeze\/\">\r\n            <div class=\"learnNavigationWrapper\">\r\n                <div class=\"learnNavigationContent\">\r\n                    <img decoding=\"async\" src=\"https:\/\/talkpal.ai\/wp-content\/uploads\/2024\/08\/Swedish.jpg\" alt=\"Swedish Flag\">\r\n                    <div>\r\n                        <h4>Ushtrimi i gramatik\u00ebs suedeze<\/h4>\r\n                        <p>Praktikoni gramatik\u00ebn suedeze.<\/p>\r\n                    <\/div>\r\n                <\/div>\r\n            <\/div>\r\n        <\/a>\r\n\r\n        \r\n        <a href=\"https:\/\/talkpal.ai\/vocabulary_language\/swedish\/\">\r\n            <div class=\"learnNavigationWrapper\">\r\n                <div class=\"learnNavigationContent\">\r\n                    <img decoding=\"async\" src=\"https:\/\/talkpal.ai\/wp-content\/uploads\/2024\/08\/Swedish.jpg\" alt=\"Swedish Flag\">\r\n                    <div>\r\n                        <h4>Fjalori suedez<\/h4>\r\n                        <p>Zgjeroni fjalorin tuaj suedisht.<\/p>\r\n                    <\/div>\r\n                <\/div>\r\n            <\/div>\r\n        <\/a>\r\n\r\n            <\/section>","protected":false},"excerpt":{"rendered":"<p>\u00c7mitizimi i gramatik\u00ebs suedeze: Nj\u00eb udh\u00ebzues gjith\u00ebp\u00ebrfshir\u00ebs p\u00ebr t\u00eb zot\u00ebruar rregullat dhe nuancat e saj Suedishtja, e folur nga af\u00ebrsisht 10 milion\u00eb njer\u00ebz, \u00ebsht\u00eb nj\u00eb gjuh\u00eb e pasur dhe melodike q\u00eb i p\u00ebrket familjes gjermanike veriore. Megjith\u00ebse gramatika suedeze \u00ebsht\u00eb relativisht e drejtp\u00ebrdrejt\u00eb n\u00eb krahasim me disa gjuh\u00eb t\u00eb tjera, t\u00eb kuptuarit e rregullave dhe [&hellip;]<\/p>\n","protected":false},"author":1,"featured_media":1439808,"parent":0,"menu_order":0,"comment_status":"closed","ping_status":"closed","template":"LearningContentPage.php","meta":{"_acf_changed":false,"footnotes":""},"class_list":["post-1442815","page","type-page","status-publish","has-post-thumbnail","hentry"],"acf":[],"yoast_head":"<!-- This site is optimized with the Yoast SEO Premium plugin v27.2 (Yoast SEO v27.2) - https:\/\/yoast.com\/product\/yoast-seo-premium-wordpress\/ -->\n<title>Gramatika suedeze - Talkpal<\/title>\n<meta name=\"description\" content=\"Zhbllokoni sekretet e gramatik\u00ebs suedeze p\u00ebr t\u00eb p\u00ebrmir\u00ebsuar aft\u00ebsit\u00eb tuaja gjuh\u00ebsore me rregulla themelore dhe k\u00ebshilla t\u00eb dobishme.\" \/>\n<meta name=\"robots\" content=\"index, follow, max-snippet:-1, max-image-preview:large, max-video-preview:-1\" \/>\n<link rel=\"canonical\" href=\"https:\/\/talkpal.ai\/sq\/gramatika-suedeze\/\" \/>\n<meta property=\"og:locale\" content=\"sq_AL\" \/>\n<meta property=\"og:type\" content=\"article\" \/>\n<meta property=\"og:title\" content=\"Gramatika suedeze\" \/>\n<meta property=\"og:description\" content=\"\u00c7mitizimi i gramatik\u00ebs suedeze: Nj\u00eb udh\u00ebzues gjith\u00ebp\u00ebrfshir\u00ebs p\u00ebr t\u00eb zot\u00ebruar rregullat dhe nuancat e saj Suedishtja, e folur nga af\u00ebrsisht 10 milion\u00eb\" \/>\n<meta property=\"og:url\" content=\"https:\/\/talkpal.ai\/sq\/gramatika-suedeze\/\" \/>\n<meta property=\"og:site_name\" content=\"Talkpal\" \/>\n<meta property=\"article:publisher\" content=\"https:\/\/www.facebook.com\/profile.php?id=100090733639311\" \/>\n<meta property=\"article:modified_time\" content=\"2025-12-11T16:34:13+00:00\" \/>\n<meta property=\"og:image\" content=\"https:\/\/talkpal.ai\/wp-content\/uploads\/2023\/04\/sweden.png\" \/>\n\t<meta property=\"og:image:width\" content=\"512\" \/>\n\t<meta property=\"og:image:height\" content=\"512\" \/>\n\t<meta property=\"og:image:type\" content=\"image\/png\" \/>\n<meta name=\"twitter:card\" content=\"summary_large_image\" \/>\n<meta name=\"twitter:site\" content=\"@talkpalai\" \/>\n<meta name=\"twitter:label1\" content=\"Est. reading time\" \/>\n\t<meta name=\"twitter:data1\" content=\"3 minutes\" \/>\n<script type=\"application\/ld+json\" class=\"yoast-schema-graph\">{\"@context\":\"https:\/\/schema.org\",\"@graph\":[{\"@type\":\"WebPage\",\"@id\":\"https:\/\/talkpal.ai\/sq\/gramatika-suedeze\/\",\"url\":\"https:\/\/talkpal.ai\/sq\/gramatika-suedeze\/\",\"name\":\"Gramatika suedeze - Talkpal\",\"isPartOf\":{\"@id\":\"https:\/\/talkpal.ai\/sq\/#website\"},\"primaryImageOfPage\":{\"@id\":\"https:\/\/talkpal.ai\/sq\/gramatika-suedeze\/#primaryimage\"},\"image\":{\"@id\":\"https:\/\/talkpal.ai\/sq\/gramatika-suedeze\/#primaryimage\"},\"thumbnailUrl\":\"https:\/\/talkpal.ai\/wp-content\/uploads\/2023\/04\/sweden.png\",\"datePublished\":\"2023-05-14T13:53:07+00:00\",\"dateModified\":\"2025-12-11T16:34:13+00:00\",\"description\":\"Zhbllokoni sekretet e gramatik\u00ebs suedeze p\u00ebr t\u00eb p\u00ebrmir\u00ebsuar aft\u00ebsit\u00eb tuaja gjuh\u00ebsore me rregulla themelore dhe k\u00ebshilla t\u00eb dobishme.\",\"breadcrumb\":{\"@id\":\"https:\/\/talkpal.ai\/sq\/gramatika-suedeze\/#breadcrumb\"},\"inLanguage\":\"sq-AL\",\"potentialAction\":[{\"@type\":\"ReadAction\",\"target\":[\"https:\/\/talkpal.ai\/sq\/gramatika-suedeze\/\"]}]},{\"@type\":\"ImageObject\",\"inLanguage\":\"sq-AL\",\"@id\":\"https:\/\/talkpal.ai\/sq\/gramatika-suedeze\/#primaryimage\",\"url\":\"https:\/\/talkpal.ai\/wp-content\/uploads\/2023\/04\/sweden.png\",\"contentUrl\":\"https:\/\/talkpal.ai\/wp-content\/uploads\/2023\/04\/sweden.png\",\"width\":512,\"height\":512,\"caption\":\"TalkPal Catalan Flag\"},{\"@type\":\"BreadcrumbList\",\"@id\":\"https:\/\/talkpal.ai\/sq\/gramatika-suedeze\/#breadcrumb\",\"itemListElement\":[{\"@type\":\"ListItem\",\"position\":1,\"name\":\"Homepage\",\"item\":\"https:\/\/talkpal.ai\/sq\/\"},{\"@type\":\"ListItem\",\"position\":2,\"name\":\"Gramatika suedeze\"}]},{\"@type\":\"WebSite\",\"@id\":\"https:\/\/talkpal.ai\/sq\/#website\",\"url\":\"https:\/\/talkpal.ai\/sq\/\",\"name\":\"Talkpal\",\"description\":\"AI Language Learning\",\"publisher\":{\"@id\":\"https:\/\/talkpal.ai\/sq\/#organization\"},\"alternateName\":\"Talkpal AI\",\"potentialAction\":[{\"@type\":\"SearchAction\",\"target\":{\"@type\":\"EntryPoint\",\"urlTemplate\":\"https:\/\/talkpal.ai\/sq\/?s={search_term_string}\"},\"query-input\":{\"@type\":\"PropertyValueSpecification\",\"valueRequired\":true,\"valueName\":\"search_term_string\"}}],\"inLanguage\":\"sq-AL\"},{\"@type\":\"Organization\",\"@id\":\"https:\/\/talkpal.ai\/sq\/#organization\",\"name\":\"Talkpal, Inc.\",\"alternateName\":\"Talkpal AI\",\"url\":\"https:\/\/talkpal.ai\/sq\/\",\"logo\":{\"@type\":\"ImageObject\",\"inLanguage\":\"sq-AL\",\"@id\":\"https:\/\/talkpal.ai\/sq\/#\/schema\/logo\/image\/\",\"url\":\"https:\/\/talkpal.ai\/wp-content\/uploads\/2024\/03\/Talkpal-Logo-Icon.png\",\"contentUrl\":\"https:\/\/talkpal.ai\/wp-content\/uploads\/2024\/03\/Talkpal-Logo-Icon.png\",\"width\":2880,\"height\":2880,\"caption\":\"Talkpal, Inc.\"},\"image\":{\"@id\":\"https:\/\/talkpal.ai\/sq\/#\/schema\/logo\/image\/\"},\"sameAs\":[\"https:\/\/www.facebook.com\/profile.php?id=100090733639311\",\"https:\/\/x.com\/talkpalai\",\"https:\/\/www.linkedin.com\/company\/talkpal\/\",\"https:\/\/www.youtube.com\/@TalkPal\/\",\"https:\/\/www.tiktok.com\/@talkpal\",\"https:\/\/www.instagram.com\/talkpal_ai\/\",\"https:\/\/www.crunchbase.com\/organization\/talkpal-9cde\",\"https:\/\/www.g2.com\/products\/talkpal-for-business\/\",\"https:\/\/www.trustpilot.com\/review\/talkpal.ai\",\"https:\/\/www.capterra.com\/p\/10006800\/TalkPal\/\"],\"description\":\"Talkpal is a language learning web and mobile education app, powered by the latest AI technologies, that provides engaging experiences to its customers in many different languages to help them improve their language skills. Users can chat about unlimited amount of topics with the app and use other modes to practice their language learning.\",\"email\":\"support@talkpal.ai\",\"legalName\":\"Talkpal, Inc.\",\"foundingDate\":\"2023-04-03\",\"duns\":\"118989042\",\"numberOfEmployees\":{\"@type\":\"QuantitativeValue\",\"minValue\":\"11\",\"maxValue\":\"50\"},\"publishingPrinciples\":\"https:\/\/talkpal.ai\/publishing-principles\/\",\"actionableFeedbackPolicy\":\"https:\/\/talkpal.ai\/actionable-feedback-policy\/\",\"correctionsPolicy\":\"https:\/\/talkpal.ai\/corrections-policy\/\",\"ethicsPolicy\":\"https:\/\/talkpal.ai\/ethics-policy\/\",\"diversityPolicy\":\"https:\/\/talkpal.ai\/diversity-policy\/\",\"diversityStaffingReport\":\"https:\/\/talkpal.ai\/diversity-policy\/\"}]}<\/script>\n<!-- \/ Yoast SEO Premium plugin. -->","yoast_head_json":{"title":"Gramatika suedeze - Talkpal","description":"Zhbllokoni sekretet e gramatik\u00ebs suedeze p\u00ebr t\u00eb p\u00ebrmir\u00ebsuar aft\u00ebsit\u00eb tuaja gjuh\u00ebsore me rregulla themelore dhe k\u00ebshilla t\u00eb dobishme.","robots":{"index":"index","follow":"follow","max-snippet":"max-snippet:-1","max-image-preview":"max-image-preview:large","max-video-preview":"max-video-preview:-1"},"canonical":"https:\/\/talkpal.ai\/sq\/gramatika-suedeze\/","og_locale":"sq_AL","og_type":"article","og_title":"Gramatika suedeze","og_description":"\u00c7mitizimi i gramatik\u00ebs suedeze: Nj\u00eb udh\u00ebzues gjith\u00ebp\u00ebrfshir\u00ebs p\u00ebr t\u00eb zot\u00ebruar rregullat dhe nuancat e saj Suedishtja, e folur nga af\u00ebrsisht 10 milion\u00eb","og_url":"https:\/\/talkpal.ai\/sq\/gramatika-suedeze\/","og_site_name":"Talkpal","article_publisher":"https:\/\/www.facebook.com\/profile.php?id=100090733639311","article_modified_time":"2025-12-11T16:34:13+00:00","og_image":[{"width":512,"height":512,"url":"https:\/\/talkpal.ai\/wp-content\/uploads\/2023\/04\/sweden.png","type":"image\/png"}],"twitter_card":"summary_large_image","twitter_site":"@talkpalai","twitter_misc":{"Est. reading time":"3 minutes"},"schema":{"@context":"https:\/\/schema.org","@graph":[{"@type":"WebPage","@id":"https:\/\/talkpal.ai\/sq\/gramatika-suedeze\/","url":"https:\/\/talkpal.ai\/sq\/gramatika-suedeze\/","name":"Gramatika suedeze - Talkpal","isPartOf":{"@id":"https:\/\/talkpal.ai\/sq\/#website"},"primaryImageOfPage":{"@id":"https:\/\/talkpal.ai\/sq\/gramatika-suedeze\/#primaryimage"},"image":{"@id":"https:\/\/talkpal.ai\/sq\/gramatika-suedeze\/#primaryimage"},"thumbnailUrl":"https:\/\/talkpal.ai\/wp-content\/uploads\/2023\/04\/sweden.png","datePublished":"2023-05-14T13:53:07+00:00","dateModified":"2025-12-11T16:34:13+00:00","description":"Zhbllokoni sekretet e gramatik\u00ebs suedeze p\u00ebr t\u00eb p\u00ebrmir\u00ebsuar aft\u00ebsit\u00eb tuaja gjuh\u00ebsore me rregulla themelore dhe k\u00ebshilla t\u00eb dobishme.","breadcrumb":{"@id":"https:\/\/talkpal.ai\/sq\/gramatika-suedeze\/#breadcrumb"},"inLanguage":"sq-AL","potentialAction":[{"@type":"ReadAction","target":["https:\/\/talkpal.ai\/sq\/gramatika-suedeze\/"]}]},{"@type":"ImageObject","inLanguage":"sq-AL","@id":"https:\/\/talkpal.ai\/sq\/gramatika-suedeze\/#primaryimage","url":"https:\/\/talkpal.ai\/wp-content\/uploads\/2023\/04\/sweden.png","contentUrl":"https:\/\/talkpal.ai\/wp-content\/uploads\/2023\/04\/sweden.png","width":512,"height":512,"caption":"TalkPal Catalan Flag"},{"@type":"BreadcrumbList","@id":"https:\/\/talkpal.ai\/sq\/gramatika-suedeze\/#breadcrumb","itemListElement":[{"@type":"ListItem","position":1,"name":"Homepage","item":"https:\/\/talkpal.ai\/sq\/"},{"@type":"ListItem","position":2,"name":"Gramatika suedeze"}]},{"@type":"WebSite","@id":"https:\/\/talkpal.ai\/sq\/#website","url":"https:\/\/talkpal.ai\/sq\/","name":"Talkpal","description":"AI Language Learning","publisher":{"@id":"https:\/\/talkpal.ai\/sq\/#organization"},"alternateName":"Talkpal AI","potentialAction":[{"@type":"SearchAction","target":{"@type":"EntryPoint","urlTemplate":"https:\/\/talkpal.ai\/sq\/?s={search_term_string}"},"query-input":{"@type":"PropertyValueSpecification","valueRequired":true,"valueName":"search_term_string"}}],"inLanguage":"sq-AL"},{"@type":"Organization","@id":"https:\/\/talkpal.ai\/sq\/#organization","name":"Talkpal, Inc.","alternateName":"Talkpal AI","url":"https:\/\/talkpal.ai\/sq\/","logo":{"@type":"ImageObject","inLanguage":"sq-AL","@id":"https:\/\/talkpal.ai\/sq\/#\/schema\/logo\/image\/","url":"https:\/\/talkpal.ai\/wp-content\/uploads\/2024\/03\/Talkpal-Logo-Icon.png","contentUrl":"https:\/\/talkpal.ai\/wp-content\/uploads\/2024\/03\/Talkpal-Logo-Icon.png","width":2880,"height":2880,"caption":"Talkpal, Inc."},"image":{"@id":"https:\/\/talkpal.ai\/sq\/#\/schema\/logo\/image\/"},"sameAs":["https:\/\/www.facebook.com\/profile.php?id=100090733639311","https:\/\/x.com\/talkpalai","https:\/\/www.linkedin.com\/company\/talkpal\/","https:\/\/www.youtube.com\/@TalkPal\/","https:\/\/www.tiktok.com\/@talkpal","https:\/\/www.instagram.com\/talkpal_ai\/","https:\/\/www.crunchbase.com\/organization\/talkpal-9cde","https:\/\/www.g2.com\/products\/talkpal-for-business\/","https:\/\/www.trustpilot.com\/review\/talkpal.ai","https:\/\/www.capterra.com\/p\/10006800\/TalkPal\/"],"description":"Talkpal is a language learning web and mobile education app, powered by the latest AI technologies, that provides engaging experiences to its customers in many different languages to help them improve their language skills. Users can chat about unlimited amount of topics with the app and use other modes to practice their language learning.","email":"support@talkpal.ai","legalName":"Talkpal, Inc.","foundingDate":"2023-04-03","duns":"118989042","numberOfEmployees":{"@type":"QuantitativeValue","minValue":"11","maxValue":"50"},"publishingPrinciples":"https:\/\/talkpal.ai\/publishing-principles\/","actionableFeedbackPolicy":"https:\/\/talkpal.ai\/actionable-feedback-policy\/","correctionsPolicy":"https:\/\/talkpal.ai\/corrections-policy\/","ethicsPolicy":"https:\/\/talkpal.ai\/ethics-policy\/","diversityPolicy":"https:\/\/talkpal.ai\/diversity-policy\/","diversityStaffingReport":"https:\/\/talkpal.ai\/diversity-policy\/"}]}},"_links":{"self":[{"href":"https:\/\/talkpal.ai\/sq\/wp-json\/wp\/v2\/pages\/1442815","targetHints":{"allow":["GET"]}}],"collection":[{"href":"https:\/\/talkpal.ai\/sq\/wp-json\/wp\/v2\/pages"}],"about":[{"href":"https:\/\/talkpal.ai\/sq\/wp-json\/wp\/v2\/types\/page"}],"author":[{"embeddable":true,"href":"https:\/\/talkpal.ai\/sq\/wp-json\/wp\/v2\/users\/1"}],"replies":[{"embeddable":true,"href":"https:\/\/talkpal.ai\/sq\/wp-json\/wp\/v2\/comments?post=1442815"}],"version-history":[{"count":0,"href":"https:\/\/talkpal.ai\/sq\/wp-json\/wp\/v2\/pages\/1442815\/revisions"}],"wp:featuredmedia":[{"embeddable":true,"href":"https:\/\/talkpal.ai\/sq\/wp-json\/wp\/v2\/media\/1439808"}],"wp:attachment":[{"href":"https:\/\/talkpal.ai\/sq\/wp-json\/wp\/v2\/media?parent=1442815"}],"curies":[{"name":"wp","href":"https:\/\/api.w.org\/{rel}","templated":true}]}}