{"id":1442814,"date":"2023-05-14T14:00:03","date_gmt":"2023-05-14T14:00:03","guid":{"rendered":"https:\/\/talkpal.ai\/gramatika-boshnjake\/"},"modified":"2025-09-06T17:47:02","modified_gmt":"2025-09-06T17:47:02","slug":"gramatika-boshnjake","status":"publish","type":"page","link":"https:\/\/talkpal.ai\/sq\/gramatika-boshnjake\/","title":{"rendered":"Gramatika boshnjake"},"content":{"rendered":"\r\n\r\n\r\n<section class=\"languageChallengeSection\">\r\n    <div class=\"languageInfoWrapper\">\r\n        \r\n        <h1>Gramatika boshnjake<\/h1>\r\n        <p>Zhbllokoni bot\u00ebn e pasur dhe ekspresive t\u00eb gjuh\u00ebs boshnjake duke zot\u00ebruar gj\u00ebrat e saj gramatikore. Nj\u00eb zot\u00ebrim solid i gramatik\u00ebs boshnjake do t&#039;ju ndihmoj\u00eb t\u00eb komunikoni me besim dhe t\u00eb vler\u00ebsoni kultur\u00ebn m\u00eb thell\u00eb. Filloni t\u00eb m\u00ebsoni gramatik\u00ebn boshnjake sot dhe hidhni hapin tuaj t\u00eb par\u00eb drejt rrjedhshm\u00ebris\u00eb!<\/p>\r\n\r\n                            <a class=\"getStartedHidden\" href=\"https:\/\/app.talkpal.ai\/signup?lng=\">Filloni<\/a>\r\n        \r\n    <\/div>\r\n\r\n    <figure>\r\n    <img decoding=\"async\" width=\"768\" height=\"768\" src=\"https:\/\/talkpal.ai\/wp-content\/uploads\/2023\/06\/bosinian-768x768.png\" class=\"languageImage no-lazy\" alt=\"Language learning for increasing employability\" fetchpriority=\"high\" sizes=\"(max-width: 768px) 150px, 768px\" srcset=\"https:\/\/talkpal.ai\/wp-content\/uploads\/2023\/06\/bosinian-768x768.png 768w, https:\/\/talkpal.ai\/wp-content\/uploads\/2023\/06\/bosinian-300x300.png 300w\" \/>\r\n    \r\n\r\n    <\/figure>\r\n\r\n            <a class=\"getStartedVisible\" href=\"https:\/\/app.talkpal.ai\/signup?lng=\">Filloni<\/a>\r\n    \r\n<\/section>\r\n<section class=\"promotionalBanner\">\r\n    <p class=\"promotionalText\">M\u00ebnyra m\u00eb efikase p\u00ebr t\u00eb m\u00ebsuar nj\u00eb gjuh\u00eb<\/p>\r\n    <a class=\"promotionalLink\" href=\"https:\/\/app.talkpal.ai\/signup?lng=\">Provoni Talkpal falas<\/a>\r\n<\/section>\n<div class=\"wp-block-group pageContainerStyle\"><div class=\"wp-block-group__inner-container is-layout-constrained wp-block-group-is-layout-constrained\">\n<h2 class=\"wp-block-heading\" id=\"h-bosnian-grammar-a-guide-to-understanding-its-unique-features\">Gramatika boshnjake: Nj\u00eb udh\u00ebzues p\u00ebr t\u00eb kuptuar ve\u00e7orit\u00eb e saj unike<\/h2>\n\n\n\n<p>A po m\u00ebsoni boshnjakisht dhe e gjeni veten t\u00eb hutuar nga <a href=\"https:\/\/talkpal.ai\/sq\/gramatika\/\">gramatika<\/a> e gjuh\u00ebs? Mos kini frik\u00eb! N\u00eb k\u00ebt\u00eb artikull, ne do t\u00eb zhytemi n\u00eb misteret e gramatik\u00ebs boshnjake dhe do t&#8217;ju ndihmojm\u00eb t\u00eb kuptoni ve\u00e7orit\u00eb e saj unike, t\u00eb gjitha duke e mbajtur at\u00eb t\u00eb thjesht\u00eb dhe t\u00ebrheq\u00ebse. Gati p\u00ebr t\u00eb nisur k\u00ebt\u00eb udh\u00ebtim emocionues gjuh\u00ebsor? Le t\u00eb fillojm\u00eb!<\/p>\n\n\n\n<h3 class=\"wp-block-heading\" id=\"h-the-fundamentals-nouns-and-pronouns\">Bazat: Emrat dhe p\u00ebremrat<\/h3>\n\n\n\n<p>S\u00eb pari, \u00ebsht\u00eb thelb\u00ebsore t\u00eb dini se boshnjakishtja, si gjuh\u00ebt e tjera sllave, ka tre gjini gramatikore: mashkullore, fem\u00ebrore dhe neutre. Si mund t&#8217;i dalloni se cil\u00ebs gjinie i p\u00ebrket nj\u00eb em\u00ebr? Kjo \u00ebsht\u00eb e leht\u00eb! Gjith\u00e7ka ka t\u00eb b\u00ebj\u00eb me fundin. K\u00ebtu \u00ebsht\u00eb nj\u00eb udh\u00ebzues i shpejt\u00eb:<\/p>\n\n\n\n<p><strong>\u2013 Emrat mashkullor\u00eb zakonisht p\u00ebrfundojn\u00eb me bashk\u00ebting\u00ebllore,<\/strong><\/p>\n\n\n\n<p><strong>\u2013 Emrat fem\u00ebror\u00eb zakonisht p\u00ebrfundojn\u00eb me -a,<\/strong><\/p>\n\n\n\n<p><strong>\u2013 Emrat neutr\u00eb m\u00eb shpesh p\u00ebrfundojn\u00eb n\u00eb -o ose -e.<\/strong><\/p>\n\n\n\n<p>Mbani n\u00eb mend se k\u00ebto jan\u00eb rregulla t\u00eb p\u00ebrgjithshme dhe mund t\u00eb ket\u00eb p\u00ebrjashtime. Tani le t\u00eb flasim p\u00ebr p\u00ebremrat. P\u00ebremrat personale n\u00eb boshnjakisht ndryshojn\u00eb sipas gjinis\u00eb, numrit (nj\u00ebj\u00ebs ose shum\u00ebs) dhe rastit t\u00eb emrit (m\u00eb shum\u00eb p\u00ebr rastet m\u00eb von\u00eb). Ka shtat\u00eb p\u00ebremra personal\u00eb n\u00eb boshnjakisht: ja (I), ti (ti, nj\u00ebj\u00ebs\/joformal), on (<a href=\"https:\/\/talkpal.ai\/speaking-with-ai\/\">ai<\/a>), ona (ajo), <a href=\"https:\/\/talkpal.ai\/locations\/language-courses-in-ono\/\">ono<\/a> (ajo), mi (ne) dhe vi (ti, shum\u00ebs\/formal). Mos harroni se boshnjakishtja ka nj\u00eb m\u00ebnyr\u00eb joformale dhe formale p\u00ebr t&#8217;iu drejtuar njer\u00ebzve \u2013 prandaj sigurohuni q\u00eb t\u00eb p\u00ebrdorni p\u00ebremrin e duhur kur flisni me dik\u00eb!<\/p>\n\n\n\n<h3 class=\"wp-block-heading\" id=\"h-next-up-verb-conjugation\">Tjetra: Konjugimi i foljeve<\/h3>\n\n\n\n<p>Foljet jan\u00eb shtylla kurrizore e \u00e7do gjuhe, dhe boshnjakishtja nuk \u00ebsht\u00eb ndryshe. Foljet boshnjake kan\u00eb dy modele kryesore t\u00eb konjugimit: nj\u00eb p\u00ebr foljet q\u00eb p\u00ebrfundojn\u00eb n\u00eb -ti (konjugimi i par\u00eb) dhe nj\u00eb tjet\u00ebr p\u00ebr ato q\u00eb p\u00ebrfundojn\u00eb me -\u0107i (konjugimi i dyt\u00eb). N\u00eb t\u00eb dyja rastet, mbaresat e foljeve ndryshojn\u00eb bazuar n\u00eb gjinin\u00eb, numrin dhe koh\u00ebn e subjektit.<\/p>\n\n\n\n<p><a href=\"https:\/\/talkpal.ai\/sq\/duke-folur-anglisht\/\">Duke folur<\/a> p\u00ebr koh\u00ebt, boshnjakishtja ka tre koh\u00eb t\u00eb thjeshta: e tashmja, e kaluara dhe e ardhmja. Koha e tashme formohet duke shtuar mbaresa specifike n\u00eb rrjedh\u00ebn e foljes. Koha e kaluar, nga ana tjet\u00ebr, formohet duke p\u00ebrdorur foljen ndihm\u00ebse &#8220;biti&#8221; (t\u00eb jesh) n\u00eb form\u00ebn e pafundme &#8220;bio&#8221; dhe pjes\u00ebmarrjen e s\u00eb kaluar\u00ebs. S\u00eb fundi, koha e ardhshme krijohet duke kombinuar foljen ndihm\u00ebse &#8220;htjeti&#8221; (vullnet) dhe form\u00ebn infinitive t\u00eb foljes kryesore.<\/p>\n\n\n\n<h3 class=\"wp-block-heading\" id=\"h-the-magic-of-cases\">Magjia e rasteve<\/h3>\n\n\n\n<p><a href=\"https:\/\/talkpal.ai\/sq\/gramatika\/\">Gramatika<\/a> boshnjake p\u00ebrdor nj\u00eb sistem rastesh, q\u00eb do t\u00eb thot\u00eb se emrat, p\u00ebremrat, mbiemrat dhe ndonj\u00ebher\u00eb edhe foljet ndryshojn\u00eb format e <a href=\"https:\/\/talkpal.ai\/locations\/language-courses-in-tyre\/\">tyre<\/a> sipas funksionit t\u00eb tyre n\u00eb nj\u00eb fjali. Ka shtat\u00eb raste n\u00eb boshnjakisht: nominativ, gjenitiv, dativ, akuzativ, vokativ, instrumental dhe lokativ.<\/p>\n\n\n\n<p>Tani, mos lejoni q\u00eb k\u00ebto terma t&#8217;ju frik\u00ebsojn\u00eb! \u00cbsht\u00eb thjesht \u00e7\u00ebshtje praktike. \u00c7do rast sh\u00ebrben p\u00ebr nj\u00eb q\u00ebllim t\u00eb caktuar dhe u p\u00ebrgjigjet pyetjeve specifike:<\/p>\n\n\n\n<p><strong>1. Nominativ:<\/strong> Subjekti i fjalis\u00eb. Kush ose \u00e7far\u00eb po e b\u00ebn veprimin?<\/p>\n\n\n\n<p><strong>2. Gjenitivi:<\/strong> Tregon zot\u00ebrimin, origjin\u00ebn ose nj\u00eb pjes\u00eb t\u00eb di\u00e7kaje. Kush apo \u00e7far\u00eb?<\/p>\n\n\n\n<p><strong>3. Dative:<\/strong> Objekti indirekt \u2013 kujt ose kujt i jepet ose b\u00ebhet di\u00e7ka?<\/p>\n\n\n\n<p><strong>4. Akuzativ:<\/strong> Objekti i drejtp\u00ebrdrejt\u00eb \u2013 kush ose \u00e7far\u00eb po merr veprimin?<\/p>\n\n\n\n<p><strong>5. Vokativ:<\/strong> P\u00ebrdoret p\u00ebr t&#8217;iu drejtuar dikujt ose di\u00e7kaje drejtp\u00ebrdrejt \u2013 Hej, ti!<\/p>\n\n\n\n<p><strong>6. Instrumental:<\/strong> P\u00ebrfaq\u00ebson mjetet ose metod\u00ebn e veprimit \u2013 me \u00e7far\u00eb ose nga kush?<\/p>\n\n\n\n<p><strong>7. Lokalizues:<\/strong> Demonstron vendndodhjen ose pozicionin e di\u00e7kaje \u2013 ku ose n\u00eb \u00e7far\u00eb?<\/p>\n\n\n\n<h3 class=\"wp-block-heading\" id=\"h-loving-the-adjectives\">Dashuria e mbiemrave<\/h3>\n\n\n\n<p>Mbiemrat n\u00eb boshnjakisht pajtohen me emrin q\u00eb modifikojn\u00eb p\u00ebr sa i p\u00ebrket gjinis\u00eb, numrit dhe rastit. Kjo do t\u00eb thot\u00eb se mbiemrat, ashtu si emrat dhe p\u00ebremrat, kan\u00eb forma t\u00eb ndryshme n\u00eb var\u00ebsi t\u00eb emrit q\u00eb p\u00ebrshkruajn\u00eb.<\/p>\n\n\n\n<p>P\u00ebr shembull, n\u00ebse doni t\u00eb thoni &#8220;sht\u00ebpi e madhe&#8221; n\u00eb boshnjakisht (q\u00eb \u00ebsht\u00eb nj\u00eb em\u00ebr fem\u00ebror), do t\u00eb thoni &#8220;velika ku\u0107a&#8221;. Megjithat\u00eb, n\u00ebse po flisni p\u00ebr nj\u00eb &#8220;makin\u00eb t\u00eb madhe&#8221; (em\u00ebr mashkullor), do t\u00eb thoni &#8220;veliki auto&#8221;.<\/p>\n\n\n\n<h3 class=\"wp-block-heading\" id=\"h-final-thoughts\">Mendime p\u00ebrfundimtare<\/h3>\n\n\n\n<p>Gramatika boshnjake, me gjinin\u00eb, rastet dhe konjugimin e foljeve, mund t\u00eb duket komplekse fillimisht, por mbani mend: praktika e b\u00ebn t\u00eb p\u00ebrsosur! Gjith\u00e7ka ka t\u00eb b\u00ebj\u00eb me t\u00eb kuptuarit e sistemit dhe p\u00ebrdorimin e tij n\u00eb situata t\u00eb jet\u00ebs reale. Jini t\u00eb duruesh\u00ebm, vazhdoni t\u00eb praktikoni dhe s\u00eb shpejti, do ta gjeni veten duke zot\u00ebruar gjuh\u00ebn e bukur t\u00eb Bosnj\u00ebs. Sretno! (Pa\u00e7 fat!)<\/p>\n<\/div><\/div>\n\r\n<section class=\"learnNavigationSection\">\r\n            \r\n        <a href=\"https:\/\/talkpal.ai\/sq\/mesoni-gjuhen-boshnjake\/\">\r\n            <div class=\"learnNavigationWrapper\">\r\n                <div class=\"learnNavigationContent\">\r\n                    <img decoding=\"async\" src=\"https:\/\/talkpal.ai\/wp-content\/uploads\/2024\/08\/Bosnian.jpg\" alt=\"Bosnian Flag\">\r\n                    <div>\r\n                        <h4>Rreth t\u00eb m\u00ebsuarit boshnjak<\/h4>\r\n                        <p>M\u00ebsoni gjith\u00e7ka rreth gramatik\u00ebs boshnjake.<\/p>\r\n                    <\/div>\r\n                <\/div>\r\n            <\/div>\r\n        <\/a>\r\n\r\n        \r\n        <a href=\"https:\/\/talkpal.ai\/sq\/ushtrimet-gramatikore-boshnjake\/\">\r\n            <div class=\"learnNavigationWrapper\">\r\n                <div class=\"learnNavigationContent\">\r\n                    <img decoding=\"async\" src=\"https:\/\/talkpal.ai\/wp-content\/uploads\/2024\/08\/Bosnian.jpg\" alt=\"Bosnian Flag\">\r\n                    <div>\r\n                        <h4>Ushtrimi i gramatik\u00ebs boshnjake<\/h4>\r\n                        <p>Praktikoni gramatik\u00ebn boshnjake.<\/p>\r\n                    <\/div>\r\n                <\/div>\r\n            <\/div>\r\n        <\/a>\r\n\r\n        \r\n        <a href=\"https:\/\/talkpal.ai\/vocabulary_language\/bosnian\/\">\r\n            <div class=\"learnNavigationWrapper\">\r\n                <div class=\"learnNavigationContent\">\r\n                    <img decoding=\"async\" src=\"https:\/\/talkpal.ai\/wp-content\/uploads\/2024\/08\/Bosnian.jpg\" alt=\"Bosnian Flag\">\r\n                    <div>\r\n                        <h4>Fjalori boshnjak<\/h4>\r\n                        <p>Zgjeroni fjalorin tuaj boshnjak.<\/p>\r\n                    <\/div>\r\n                <\/div>\r\n            <\/div>\r\n        <\/a>\r\n\r\n            <\/section>","protected":false},"excerpt":{"rendered":"<p>Gramatika boshnjake: Nj\u00eb udh\u00ebzues p\u00ebr t\u00eb kuptuar ve\u00e7orit\u00eb e saj unike A po m\u00ebsoni boshnjakisht dhe e gjeni veten t\u00eb hutuar nga gramatika e gjuh\u00ebs? Mos kini frik\u00eb! N\u00eb k\u00ebt\u00eb artikull, ne do t\u00eb zhytemi n\u00eb misteret e gramatik\u00ebs boshnjake dhe do t&#8217;ju ndihmojm\u00eb t\u00eb kuptoni ve\u00e7orit\u00eb e saj unike, t\u00eb gjitha duke e mbajtur [&hellip;]<\/p>\n","protected":false},"author":1,"featured_media":1442816,"parent":0,"menu_order":0,"comment_status":"closed","ping_status":"closed","template":"LearningContentPage.php","meta":{"_acf_changed":false,"footnotes":""},"class_list":["post-1442814","page","type-page","status-publish","has-post-thumbnail","hentry"],"acf":[],"yoast_head":"<!-- This site is optimized with the Yoast SEO Premium plugin v27.2 (Yoast SEO v27.2) - https:\/\/yoast.com\/product\/yoast-seo-premium-wordpress\/ -->\n<title>Gramatika boshnjake - Talkpal<\/title>\n<meta name=\"description\" content=\"Zot\u00ebroni gramatik\u00ebn boshnjake pa mundim me TalkPal, m\u00ebsuesin tuaj t\u00eb gjuh\u00ebs me AI. Zbuloni shpjegime t\u00eb thjeshta, k\u00ebshilla praktike dhe ushtrime interaktive!\" \/>\n<meta name=\"robots\" content=\"index, follow, max-snippet:-1, max-image-preview:large, max-video-preview:-1\" \/>\n<link rel=\"canonical\" href=\"https:\/\/talkpal.ai\/sq\/gramatika-boshnjake\/\" \/>\n<meta property=\"og:locale\" content=\"sq_AL\" \/>\n<meta property=\"og:type\" content=\"article\" \/>\n<meta property=\"og:title\" content=\"Gramatika boshnjake\" \/>\n<meta property=\"og:description\" content=\"Gramatika boshnjake: Nj\u00eb udh\u00ebzues p\u00ebr t\u00eb kuptuar ve\u00e7orit\u00eb e saj unike A po m\u00ebsoni boshnjakisht dhe e gjeni veten t\u00eb hutuar nga gramatika e gjuh\u00ebs? Mos\" \/>\n<meta property=\"og:url\" content=\"https:\/\/talkpal.ai\/sq\/gramatika-boshnjake\/\" \/>\n<meta property=\"og:site_name\" content=\"Talkpal\" \/>\n<meta property=\"article:publisher\" content=\"https:\/\/www.facebook.com\/profile.php?id=100090733639311\" \/>\n<meta property=\"article:modified_time\" content=\"2025-09-06T17:47:02+00:00\" \/>\n<meta property=\"og:image\" content=\"https:\/\/talkpal.ai\/wp-content\/uploads\/2023\/05\/bosnia-and-herzegovina.png\" \/>\n\t<meta property=\"og:image:width\" content=\"512\" \/>\n\t<meta property=\"og:image:height\" content=\"512\" \/>\n\t<meta property=\"og:image:type\" content=\"image\/png\" \/>\n<meta name=\"twitter:card\" content=\"summary_large_image\" \/>\n<meta name=\"twitter:site\" content=\"@talkpalai\" \/>\n<meta name=\"twitter:label1\" content=\"Est. reading time\" \/>\n\t<meta name=\"twitter:data1\" content=\"4 minutes\" \/>\n<script type=\"application\/ld+json\" class=\"yoast-schema-graph\">{\"@context\":\"https:\/\/schema.org\",\"@graph\":[{\"@type\":\"WebPage\",\"@id\":\"https:\/\/talkpal.ai\/sq\/gramatika-boshnjake\/\",\"url\":\"https:\/\/talkpal.ai\/sq\/gramatika-boshnjake\/\",\"name\":\"Gramatika boshnjake - Talkpal\",\"isPartOf\":{\"@id\":\"https:\/\/talkpal.ai\/sq\/#website\"},\"primaryImageOfPage\":{\"@id\":\"https:\/\/talkpal.ai\/sq\/gramatika-boshnjake\/#primaryimage\"},\"image\":{\"@id\":\"https:\/\/talkpal.ai\/sq\/gramatika-boshnjake\/#primaryimage\"},\"thumbnailUrl\":\"https:\/\/talkpal.ai\/wp-content\/uploads\/2023\/05\/bosnia-and-herzegovina.png\",\"datePublished\":\"2023-05-14T14:00:03+00:00\",\"dateModified\":\"2025-09-06T17:47:02+00:00\",\"description\":\"Zot\u00ebroni gramatik\u00ebn boshnjake pa mundim me TalkPal, m\u00ebsuesin tuaj t\u00eb gjuh\u00ebs me AI. Zbuloni shpjegime t\u00eb thjeshta, k\u00ebshilla praktike dhe ushtrime interaktive!\",\"breadcrumb\":{\"@id\":\"https:\/\/talkpal.ai\/sq\/gramatika-boshnjake\/#breadcrumb\"},\"inLanguage\":\"sq-AL\",\"potentialAction\":[{\"@type\":\"ReadAction\",\"target\":[\"https:\/\/talkpal.ai\/sq\/gramatika-boshnjake\/\"]}]},{\"@type\":\"ImageObject\",\"inLanguage\":\"sq-AL\",\"@id\":\"https:\/\/talkpal.ai\/sq\/gramatika-boshnjake\/#primaryimage\",\"url\":\"https:\/\/talkpal.ai\/wp-content\/uploads\/2023\/05\/bosnia-and-herzegovina.png\",\"contentUrl\":\"https:\/\/talkpal.ai\/wp-content\/uploads\/2023\/05\/bosnia-and-herzegovina.png\",\"width\":512,\"height\":512,\"caption\":\"TalkPal Bosnia and herzegovina Flag\"},{\"@type\":\"BreadcrumbList\",\"@id\":\"https:\/\/talkpal.ai\/sq\/gramatika-boshnjake\/#breadcrumb\",\"itemListElement\":[{\"@type\":\"ListItem\",\"position\":1,\"name\":\"Homepage\",\"item\":\"https:\/\/talkpal.ai\/sq\/\"},{\"@type\":\"ListItem\",\"position\":2,\"name\":\"Gramatika boshnjake\"}]},{\"@type\":\"WebSite\",\"@id\":\"https:\/\/talkpal.ai\/sq\/#website\",\"url\":\"https:\/\/talkpal.ai\/sq\/\",\"name\":\"Talkpal\",\"description\":\"AI Language Learning\",\"publisher\":{\"@id\":\"https:\/\/talkpal.ai\/sq\/#organization\"},\"alternateName\":\"Talkpal AI\",\"potentialAction\":[{\"@type\":\"SearchAction\",\"target\":{\"@type\":\"EntryPoint\",\"urlTemplate\":\"https:\/\/talkpal.ai\/sq\/?s={search_term_string}\"},\"query-input\":{\"@type\":\"PropertyValueSpecification\",\"valueRequired\":true,\"valueName\":\"search_term_string\"}}],\"inLanguage\":\"sq-AL\"},{\"@type\":\"Organization\",\"@id\":\"https:\/\/talkpal.ai\/sq\/#organization\",\"name\":\"Talkpal, Inc.\",\"alternateName\":\"Talkpal AI\",\"url\":\"https:\/\/talkpal.ai\/sq\/\",\"logo\":{\"@type\":\"ImageObject\",\"inLanguage\":\"sq-AL\",\"@id\":\"https:\/\/talkpal.ai\/sq\/#\/schema\/logo\/image\/\",\"url\":\"https:\/\/talkpal.ai\/wp-content\/uploads\/2024\/03\/Talkpal-Logo-Icon.png\",\"contentUrl\":\"https:\/\/talkpal.ai\/wp-content\/uploads\/2024\/03\/Talkpal-Logo-Icon.png\",\"width\":2880,\"height\":2880,\"caption\":\"Talkpal, Inc.\"},\"image\":{\"@id\":\"https:\/\/talkpal.ai\/sq\/#\/schema\/logo\/image\/\"},\"sameAs\":[\"https:\/\/www.facebook.com\/profile.php?id=100090733639311\",\"https:\/\/x.com\/talkpalai\",\"https:\/\/www.linkedin.com\/company\/talkpal\/\",\"https:\/\/www.youtube.com\/@TalkPal\/\",\"https:\/\/www.tiktok.com\/@talkpal\",\"https:\/\/www.instagram.com\/talkpal_ai\/\",\"https:\/\/www.crunchbase.com\/organization\/talkpal-9cde\",\"https:\/\/www.g2.com\/products\/talkpal-for-business\/\",\"https:\/\/www.trustpilot.com\/review\/talkpal.ai\",\"https:\/\/www.capterra.com\/p\/10006800\/TalkPal\/\"],\"description\":\"Talkpal is a language learning web and mobile education app, powered by the latest AI technologies, that provides engaging experiences to its customers in many different languages to help them improve their language skills. Users can chat about unlimited amount of topics with the app and use other modes to practice their language learning.\",\"email\":\"support@talkpal.ai\",\"legalName\":\"Talkpal, Inc.\",\"foundingDate\":\"2023-04-03\",\"duns\":\"118989042\",\"numberOfEmployees\":{\"@type\":\"QuantitativeValue\",\"minValue\":\"11\",\"maxValue\":\"50\"},\"publishingPrinciples\":\"https:\/\/talkpal.ai\/publishing-principles\/\",\"actionableFeedbackPolicy\":\"https:\/\/talkpal.ai\/actionable-feedback-policy\/\",\"correctionsPolicy\":\"https:\/\/talkpal.ai\/corrections-policy\/\",\"ethicsPolicy\":\"https:\/\/talkpal.ai\/ethics-policy\/\",\"diversityPolicy\":\"https:\/\/talkpal.ai\/diversity-policy\/\",\"diversityStaffingReport\":\"https:\/\/talkpal.ai\/diversity-policy\/\"}]}<\/script>\n<!-- \/ Yoast SEO Premium plugin. -->","yoast_head_json":{"title":"Gramatika boshnjake - Talkpal","description":"Zot\u00ebroni gramatik\u00ebn boshnjake pa mundim me TalkPal, m\u00ebsuesin tuaj t\u00eb gjuh\u00ebs me AI. Zbuloni shpjegime t\u00eb thjeshta, k\u00ebshilla praktike dhe ushtrime interaktive!","robots":{"index":"index","follow":"follow","max-snippet":"max-snippet:-1","max-image-preview":"max-image-preview:large","max-video-preview":"max-video-preview:-1"},"canonical":"https:\/\/talkpal.ai\/sq\/gramatika-boshnjake\/","og_locale":"sq_AL","og_type":"article","og_title":"Gramatika boshnjake","og_description":"Gramatika boshnjake: Nj\u00eb udh\u00ebzues p\u00ebr t\u00eb kuptuar ve\u00e7orit\u00eb e saj unike A po m\u00ebsoni boshnjakisht dhe e gjeni veten t\u00eb hutuar nga gramatika e gjuh\u00ebs? Mos","og_url":"https:\/\/talkpal.ai\/sq\/gramatika-boshnjake\/","og_site_name":"Talkpal","article_publisher":"https:\/\/www.facebook.com\/profile.php?id=100090733639311","article_modified_time":"2025-09-06T17:47:02+00:00","og_image":[{"width":512,"height":512,"url":"https:\/\/talkpal.ai\/wp-content\/uploads\/2023\/05\/bosnia-and-herzegovina.png","type":"image\/png"}],"twitter_card":"summary_large_image","twitter_site":"@talkpalai","twitter_misc":{"Est. reading time":"4 minutes"},"schema":{"@context":"https:\/\/schema.org","@graph":[{"@type":"WebPage","@id":"https:\/\/talkpal.ai\/sq\/gramatika-boshnjake\/","url":"https:\/\/talkpal.ai\/sq\/gramatika-boshnjake\/","name":"Gramatika boshnjake - Talkpal","isPartOf":{"@id":"https:\/\/talkpal.ai\/sq\/#website"},"primaryImageOfPage":{"@id":"https:\/\/talkpal.ai\/sq\/gramatika-boshnjake\/#primaryimage"},"image":{"@id":"https:\/\/talkpal.ai\/sq\/gramatika-boshnjake\/#primaryimage"},"thumbnailUrl":"https:\/\/talkpal.ai\/wp-content\/uploads\/2023\/05\/bosnia-and-herzegovina.png","datePublished":"2023-05-14T14:00:03+00:00","dateModified":"2025-09-06T17:47:02+00:00","description":"Zot\u00ebroni gramatik\u00ebn boshnjake pa mundim me TalkPal, m\u00ebsuesin tuaj t\u00eb gjuh\u00ebs me AI. Zbuloni shpjegime t\u00eb thjeshta, k\u00ebshilla praktike dhe ushtrime interaktive!","breadcrumb":{"@id":"https:\/\/talkpal.ai\/sq\/gramatika-boshnjake\/#breadcrumb"},"inLanguage":"sq-AL","potentialAction":[{"@type":"ReadAction","target":["https:\/\/talkpal.ai\/sq\/gramatika-boshnjake\/"]}]},{"@type":"ImageObject","inLanguage":"sq-AL","@id":"https:\/\/talkpal.ai\/sq\/gramatika-boshnjake\/#primaryimage","url":"https:\/\/talkpal.ai\/wp-content\/uploads\/2023\/05\/bosnia-and-herzegovina.png","contentUrl":"https:\/\/talkpal.ai\/wp-content\/uploads\/2023\/05\/bosnia-and-herzegovina.png","width":512,"height":512,"caption":"TalkPal Bosnia and herzegovina Flag"},{"@type":"BreadcrumbList","@id":"https:\/\/talkpal.ai\/sq\/gramatika-boshnjake\/#breadcrumb","itemListElement":[{"@type":"ListItem","position":1,"name":"Homepage","item":"https:\/\/talkpal.ai\/sq\/"},{"@type":"ListItem","position":2,"name":"Gramatika boshnjake"}]},{"@type":"WebSite","@id":"https:\/\/talkpal.ai\/sq\/#website","url":"https:\/\/talkpal.ai\/sq\/","name":"Talkpal","description":"AI Language Learning","publisher":{"@id":"https:\/\/talkpal.ai\/sq\/#organization"},"alternateName":"Talkpal AI","potentialAction":[{"@type":"SearchAction","target":{"@type":"EntryPoint","urlTemplate":"https:\/\/talkpal.ai\/sq\/?s={search_term_string}"},"query-input":{"@type":"PropertyValueSpecification","valueRequired":true,"valueName":"search_term_string"}}],"inLanguage":"sq-AL"},{"@type":"Organization","@id":"https:\/\/talkpal.ai\/sq\/#organization","name":"Talkpal, Inc.","alternateName":"Talkpal AI","url":"https:\/\/talkpal.ai\/sq\/","logo":{"@type":"ImageObject","inLanguage":"sq-AL","@id":"https:\/\/talkpal.ai\/sq\/#\/schema\/logo\/image\/","url":"https:\/\/talkpal.ai\/wp-content\/uploads\/2024\/03\/Talkpal-Logo-Icon.png","contentUrl":"https:\/\/talkpal.ai\/wp-content\/uploads\/2024\/03\/Talkpal-Logo-Icon.png","width":2880,"height":2880,"caption":"Talkpal, Inc."},"image":{"@id":"https:\/\/talkpal.ai\/sq\/#\/schema\/logo\/image\/"},"sameAs":["https:\/\/www.facebook.com\/profile.php?id=100090733639311","https:\/\/x.com\/talkpalai","https:\/\/www.linkedin.com\/company\/talkpal\/","https:\/\/www.youtube.com\/@TalkPal\/","https:\/\/www.tiktok.com\/@talkpal","https:\/\/www.instagram.com\/talkpal_ai\/","https:\/\/www.crunchbase.com\/organization\/talkpal-9cde","https:\/\/www.g2.com\/products\/talkpal-for-business\/","https:\/\/www.trustpilot.com\/review\/talkpal.ai","https:\/\/www.capterra.com\/p\/10006800\/TalkPal\/"],"description":"Talkpal is a language learning web and mobile education app, powered by the latest AI technologies, that provides engaging experiences to its customers in many different languages to help them improve their language skills. Users can chat about unlimited amount of topics with the app and use other modes to practice their language learning.","email":"support@talkpal.ai","legalName":"Talkpal, Inc.","foundingDate":"2023-04-03","duns":"118989042","numberOfEmployees":{"@type":"QuantitativeValue","minValue":"11","maxValue":"50"},"publishingPrinciples":"https:\/\/talkpal.ai\/publishing-principles\/","actionableFeedbackPolicy":"https:\/\/talkpal.ai\/actionable-feedback-policy\/","correctionsPolicy":"https:\/\/talkpal.ai\/corrections-policy\/","ethicsPolicy":"https:\/\/talkpal.ai\/ethics-policy\/","diversityPolicy":"https:\/\/talkpal.ai\/diversity-policy\/","diversityStaffingReport":"https:\/\/talkpal.ai\/diversity-policy\/"}]}},"_links":{"self":[{"href":"https:\/\/talkpal.ai\/sq\/wp-json\/wp\/v2\/pages\/1442814","targetHints":{"allow":["GET"]}}],"collection":[{"href":"https:\/\/talkpal.ai\/sq\/wp-json\/wp\/v2\/pages"}],"about":[{"href":"https:\/\/talkpal.ai\/sq\/wp-json\/wp\/v2\/types\/page"}],"author":[{"embeddable":true,"href":"https:\/\/talkpal.ai\/sq\/wp-json\/wp\/v2\/users\/1"}],"replies":[{"embeddable":true,"href":"https:\/\/talkpal.ai\/sq\/wp-json\/wp\/v2\/comments?post=1442814"}],"version-history":[{"count":0,"href":"https:\/\/talkpal.ai\/sq\/wp-json\/wp\/v2\/pages\/1442814\/revisions"}],"wp:featuredmedia":[{"embeddable":true,"href":"https:\/\/talkpal.ai\/sq\/wp-json\/wp\/v2\/media\/1442816"}],"wp:attachment":[{"href":"https:\/\/talkpal.ai\/sq\/wp-json\/wp\/v2\/media?parent=1442814"}],"curies":[{"name":"wp","href":"https:\/\/api.w.org\/{rel}","templated":true}]}}