{"id":1442810,"date":"2023-05-14T13:52:49","date_gmt":"2023-05-14T13:52:49","guid":{"rendered":"https:\/\/talkpal.ai\/gramatika-ruse\/"},"modified":"2025-12-13T15:18:43","modified_gmt":"2025-12-13T15:18:43","slug":"gramatika-ruse","status":"publish","type":"page","link":"https:\/\/talkpal.ai\/sq\/gramatika-ruse\/","title":{"rendered":"Gramatika ruse"},"content":{"rendered":"\r\n\r\n\r\n<section class=\"languageChallengeSection\">\r\n    <div class=\"languageInfoWrapper\">\r\n        \r\n        <h1>Gramatika ruse<\/h1>\r\n        <p>Filloni aventur\u00ebn tuaj n\u00eb gjuh\u00ebn <a href=\"https:\/\/talkpal.ai\/locations\/language-courses-in-ruse\/\">ruse<\/a> dhe hapni dyert p\u00ebr nj\u00eb kultur\u00eb dhe histori t\u00eb pasur. Zot\u00ebrimi i gramatik\u00ebs dhe fjalorit <a href=\"https:\/\/talkpal.ai\/learn-russian\/\">rus<\/a> do t\u00eb p\u00ebrmir\u00ebsoj\u00eb mund\u00ebsit\u00eb tuaja t\u00eb udh\u00ebtimit, karrier\u00ebs dhe komunikimit. Filloni t\u00eb m\u00ebsoni rusisht sot dhe hidhni hapin e par\u00eb drejt rrjedhshm\u00ebris\u00eb!\n\n<\/p>\r\n\r\n                            <a class=\"getStartedHidden\" href=\"https:\/\/app.talkpal.ai\/signup?lng=\">Filloni<\/a>\r\n        \r\n    <\/div>\r\n\r\n    <figure>\r\n    <img decoding=\"async\" width=\"768\" height=\"768\" src=\"https:\/\/talkpal.ai\/wp-content\/uploads\/2023\/06\/russian-768x768.png\" class=\"languageImage no-lazy\" alt=\"Language learning for multicultural understanding\" fetchpriority=\"high\" sizes=\"(max-width: 768px) 150px, 768px\" srcset=\"https:\/\/talkpal.ai\/wp-content\/uploads\/2023\/06\/russian-768x768.png 768w, https:\/\/talkpal.ai\/wp-content\/uploads\/2023\/06\/russian-300x300.png 300w\" \/>\r\n    \r\n\r\n    <\/figure>\r\n\r\n            <a class=\"getStartedVisible\" href=\"https:\/\/app.talkpal.ai\/signup?lng=\">Filloni<\/a>\r\n    \r\n<\/section>\r\n<section class=\"promotionalBanner\">\r\n    <p class=\"promotionalText\">M\u00ebnyra m\u00eb efikase p\u00ebr t\u00eb m\u00ebsuar nj\u00eb gjuh\u00eb<\/p>\r\n    <a class=\"promotionalLink\" href=\"https:\/\/app.talkpal.ai\/signup?lng=\">Provoni Talkpal falas<\/a>\r\n<\/section>\n<div class=\"wp-block-group pageContainerStyle\"><div class=\"wp-block-group__inner-container is-layout-constrained wp-block-group-is-layout-constrained\">\n<h1 class=\"wp-block-heading\" id=\"h-russian-grammar-unlock-the-secrets-to-mastering-russian\">Gramatika ruse: Zhbllokoni sekretet p\u00ebr zot\u00ebrimin e rusishtes<\/h1>\n\n\n\n<p>Urime p\u00ebr hapin e guximsh\u00ebm drejt m\u00ebsimit t\u00eb rusishtes! Me m\u00eb shum\u00eb se 258 milion\u00eb fol\u00ebs n\u00eb mbar\u00eb bot\u00ebn, rusishtja \u00ebsht\u00eb nj\u00eb gjuh\u00eb magjeps\u00ebse dhe shp\u00ebrblyese q\u00eb ofron njohuri p\u00ebr nj\u00eb kultur\u00eb dhe histori t\u00eb pasur. Kur b\u00ebhet fjal\u00eb p\u00ebr gramatik\u00ebn ruse, mund t\u00eb duket frik\u00ebsuese, por mos kini frik\u00eb! Ky udh\u00ebzues miq\u00ebsor, fillestar \u00ebsht\u00eb k\u00ebtu p\u00ebr t\u00eb zb\u00ebrthyer bazat e gramatik\u00ebs ruse n\u00eb nj\u00eb m\u00ebnyr\u00eb t\u00eb thjesht\u00eb dhe t\u00ebrheq\u00ebse.<\/p>\n\n\n\n<h3 class=\"wp-block-heading\" id=\"h-1-the-russian-alphabet-your-starting-point\">1. Alfabeti rus: Pika juaj fillestare<\/h3>\n\n\n\n<p>\u00c7el\u00ebsi p\u00ebr t\u00eb lundruar n\u00eb gramatik\u00ebn ruse \u00ebsht\u00eb t\u00eb zot\u00ebroni alfabetin cirilik. Me 33 shkronja, 10 zanore dhe 21 bashk\u00ebting\u00ebllore, ajo formon themelin p\u00ebr leximin, shkrimin dhe t\u00eb kuptuarit e gjuh\u00ebs. Njohja me alfabetin do t\u00eb krijoj\u00eb nj\u00eb baz\u00eb solide p\u00ebr t\u00eb nd\u00ebrtuar aft\u00ebsit\u00eb tuaja gramatikore ruse.<\/p>\n\n\n\n<h3 class=\"wp-block-heading\" id=\"h-2-nouns-and-cases-the-core-of-russian-grammar\">2. Emrat dhe rastet: Thelbi i gramatik\u00ebs ruse<\/h3>\n\n\n\n<p><a href=\"https:\/\/talkpal.ai\/sq\/gramatika\/\">Gramatika<\/a> ruse thekson p\u00ebrdorimin e rasteve p\u00ebr t\u00eb p\u00ebrcjell\u00eb kuptimin dhe kontekstin. Me gjasht\u00eb raste &#8211; Nominative, Genitive, Dative, Acutive, Instrumental dhe Prepozicional &#8211; emrat rus\u00eb ndryshojn\u00eb mbaresat e <a href=\"https:\/\/talkpal.ai\/locations\/language-courses-in-tyre\/\">tyre<\/a> p\u00ebr t\u00eb treguar funksionin e tyre n\u00eb nj\u00eb fjali. Prandaj, rendi i fjal\u00ebve b\u00ebhet m\u00eb pak kritik se n\u00eb <a href=\"https:\/\/talkpal.ai\/learn-english-with-ai\/\">anglisht<\/a>. P\u00ebr shembull:<\/p>\n\n\n\n<p><a href=\"https:\/\/talkpal.ai\/learn-english-with-ai\/\">Anglisht<\/a>: I jap nj\u00eb lib\u00ebr nj\u00eb miku.<\/p>\n\n\n\n<p>Rusisht: \u042f \u0434\u0430\u044e \u0434\u0440\u0443\u0433\u0443 \u043a\u043d\u0438\u0433\u0443 (Ya dayu drugu knigu)<\/p>\n\n\n\n<p>K\u00ebtu, &#8220;\u0434\u0440\u0443\u0433\u0443&#8221; (p\u00ebr nj\u00eb mik) dhe &#8220;\u043a\u043d\u0438\u0433\u0443&#8221; (lib\u00ebr) jan\u00eb p\u00ebrkat\u00ebsisht n\u00eb rastet Dative dhe Akuzative.<\/p>\n\n\n\n<h3 class=\"wp-block-heading\" id=\"h-3-mastering-gender-and-plurals\">3. Zot\u00ebrimi i gjinis\u00eb dhe shum\u00ebsit<\/h3>\n\n\n\n<p>N\u00eb gramatik\u00ebn ruse, emrave u caktohet nj\u00eb nga tre gjinit\u00eb: mashkullore, fem\u00ebrore ose neutre. P\u00ebrfundimi i nj\u00eb emri zakonisht tregon gjinin\u00eb e tij:<\/p>\n\n\n\n<p>\u2013 Mashkullore: p\u00ebrfundon me nj\u00eb bashk\u00ebting\u00ebllore ose &#8220;-\u0439&#8221;<\/p>\n\n\n\n<p>\u2013 Fem\u00ebrore: p\u00ebrfundon me &#8220;-\u0430&#8221; ose &#8220;-\u044f&#8221;<\/p>\n\n\n\n<p>\u2013 Neutri: p\u00ebrfundon me &#8220;-\u043e&#8221; ose &#8220;-\u0435&#8221;<\/p>\n\n\n\n<p>P\u00ebr t\u00eb formuar shum\u00ebs, mbaresat e emrave ndryshojn\u00eb n\u00eb baz\u00eb t\u00eb gjinis\u00eb s\u00eb tyre dhe rastit n\u00eb t\u00eb cilin ndodhen.<\/p>\n\n\n\n<h3 class=\"wp-block-heading\" id=\"h-4-conquer-verb-conjugation\">4. Pushtoni konjugimin e foljeve<\/h3>\n\n\n\n<p>Ashtu si shum\u00eb gjuh\u00eb, foljet ruse ndryshojn\u00eb form\u00ebn (konjugimin) bazuar n\u00eb koh\u00ebn, personin dhe numrin. Foljet ruse vijn\u00eb gjithashtu n\u00eb dy aspekte: perfeksionive dhe joperfekte. Aspekti i p\u00ebrsosur sinjalizon nj\u00eb veprim t\u00eb p\u00ebrfunduar, nd\u00ebrsa aspekti i pap\u00ebrsosur i referohet veprimeve t\u00eb vazhdueshme ose t\u00eb zakonshme.<\/p>\n\n\n\n<p>P\u00ebr t\u00eb filluar, p\u00ebrqendrohuni n\u00eb t\u00eb kuptuarit e konjugimit t\u00eb koh\u00ebs s\u00eb tashme p\u00ebr foljet e pap\u00ebrsosura dhe koh\u00ebs s\u00eb kaluar p\u00ebr t\u00eb dyja aspektet. P\u00ebr shembull:<\/p>\n\n\n\n<p>Koha e tashme (Imperfective): \u042f \u0447\u0438\u0442\u0430\u044e (Ya chitayu) \u2013 &#8220;Un\u00eb lexoj&#8221; ose &#8220;Un\u00eb jam duke lexuar&#8221;<\/p>\n\n\n\n<p>Koha e kaluar (E pap\u00ebrsosur): \u042f \u0447\u0438\u0442\u0430\u043b (Ya chital) \u2013 &#8220;Po lexoja&#8221;<\/p>\n\n\n\n<p>Koha e kaluar (Perfeksionuese): \u042f \u043f\u0440\u043e\u0447\u0438\u0442\u0430\u043b (Ya prochital) \u2013 &#8220;Kam lexuar&#8221; ose &#8220;Kam lexuar (dhe kam mbaruar)&#8221;<\/p>\n\n\n\n<h3 class=\"wp-block-heading\" id=\"h-5-embrace-russian-pronouns\">5. P\u00ebrqafoni p\u00ebremrat rus\u00eb<\/h3>\n\n\n\n<p>P\u00ebremrat n\u00eb gramatik\u00ebn ruse z\u00ebvend\u00ebsojn\u00eb emrat dhe jan\u00eb thelb\u00ebsor\u00eb p\u00ebr t\u00eb folurin fluid. Zhytuni n\u00eb m\u00ebsimin e p\u00ebremrave personal\u00eb dhe pronorar\u00eb, t\u00eb tilla si:<\/p>\n\n\n\n<p>P\u00ebremrat personal\u00eb: \u044f (I), \u0442\u044b (ju, joformal), \u043e\u043d\/\u043e\u043d\u0430\/\u043e\u043d\u043e (ai\/ajo\/ajo), \u0432\u044b (ti, formal ose shum\u00ebs), \u043c\u044b (ne), \u043e\u043d\u0438 (ata)<\/p>\n\n\n\n<p>P\u00ebremrat pronamor: \u043c\u043e\u0439\/\u043c\u043e\u044f\/\u043c\u043e\u0451 (my), \u0442\u0432\u043e\u0439\/\u0442\u0432\u043e\u044f\/\u0442\u0432\u043e\u0451 (juaja, joformale), \u0435\u0433\u043e\/\u0435\u0451\/\u0438\u0445 (e tij\/ajo\/e tyre), \u0432\u0430\u0448\/\u0432\u0430\u0448\u0430\/\u0432\u0430\u0448\u0435 (tuaja, formale ose shum\u00ebs), \u043d\u0430\u0448\/\u043d\u0430\u0448\u0430\/\u043d\u0430\u0448\u0435 (yn\u00eb)<\/p>\n\n\n\n<p>Mos harroni se p\u00ebremrat rus\u00eb duhet t\u00eb pajtohen me gjinin\u00eb dhe rastin e emrit q\u00eb z\u00ebvend\u00ebsojn\u00eb.<\/p>\n\n\n\n<p>Urime! Ju keni hedhur hapat e par\u00eb drejt zot\u00ebrimit t\u00eb nd\u00ebrlikimeve t\u00eb gramatik\u00ebs ruse. Mos harroni, praktika \u00ebsht\u00eb thelb\u00ebsore, k\u00ebshtu q\u00eb g\u00ebrmoni m\u00eb thell\u00eb n\u00eb gjuh\u00eb, angazhohuni me fol\u00ebsit amtare dhe p\u00ebrforconi baz\u00ebn tuaj t\u00eb t\u00eb m\u00ebsuarit. \u0423\u0434\u0430\u0447\u0438! (Pa\u00e7 fat!)<\/p>\n<\/div><\/div>\n\r\n<section class=\"learnNavigationSection\">\r\n            \r\n        <a href=\"https:\/\/talkpal.ai\/sq\/mesoni-rusisht\/\">\r\n            <div class=\"learnNavigationWrapper\">\r\n                <div class=\"learnNavigationContent\">\r\n                    <img decoding=\"async\" src=\"https:\/\/talkpal.ai\/wp-content\/uploads\/2024\/08\/Russian.jpg\" alt=\"Russian Flag\">\r\n                    <div>\r\n                        <h4>Rreth m\u00ebsimit rus<\/h4>\r\n                        <p>M\u00ebsoni gjith\u00e7ka rreth gramatik\u00ebs ruse.<\/p>\r\n                    <\/div>\r\n                <\/div>\r\n            <\/div>\r\n        <\/a>\r\n\r\n        \r\n        <a href=\"https:\/\/talkpal.ai\/sq\/ushtrimet-e-gramatikes-ruse\/\">\r\n            <div class=\"learnNavigationWrapper\">\r\n                <div class=\"learnNavigationContent\">\r\n                    <img decoding=\"async\" src=\"https:\/\/talkpal.ai\/wp-content\/uploads\/2024\/08\/Russian.jpg\" alt=\"Russian Flag\">\r\n                    <div>\r\n                        <h4>Ushtrimi i gramatik\u00ebs ruse<\/h4>\r\n                        <p>Praktikoni gramatik\u00ebn ruse.<\/p>\r\n                    <\/div>\r\n                <\/div>\r\n            <\/div>\r\n        <\/a>\r\n\r\n        \r\n        <a href=\"https:\/\/talkpal.ai\/vocabulary_language\/russian\/\">\r\n            <div class=\"learnNavigationWrapper\">\r\n                <div class=\"learnNavigationContent\">\r\n                    <img decoding=\"async\" src=\"https:\/\/talkpal.ai\/wp-content\/uploads\/2024\/08\/Russian.jpg\" alt=\"Russian Flag\">\r\n                    <div>\r\n                        <h4>Fjalori rus<\/h4>\r\n                        <p>Zgjeroni fjalorin tuaj rus.<\/p>\r\n                    <\/div>\r\n                <\/div>\r\n            <\/div>\r\n        <\/a>\r\n\r\n            <\/section>","protected":false},"excerpt":{"rendered":"<p>Gramatika ruse: Zhbllokoni sekretet p\u00ebr zot\u00ebrimin e rusishtes Urime p\u00ebr hapin e guximsh\u00ebm drejt m\u00ebsimit t\u00eb rusishtes! Me m\u00eb shum\u00eb se 258 milion\u00eb fol\u00ebs n\u00eb mbar\u00eb bot\u00ebn, rusishtja \u00ebsht\u00eb nj\u00eb gjuh\u00eb magjeps\u00ebse dhe shp\u00ebrblyese q\u00eb ofron njohuri p\u00ebr nj\u00eb kultur\u00eb dhe histori t\u00eb pasur. Kur b\u00ebhet fjal\u00eb p\u00ebr gramatik\u00ebn ruse, mund t\u00eb duket frik\u00ebsuese, por [&hellip;]<\/p>\n","protected":false},"author":1,"featured_media":1442732,"parent":0,"menu_order":0,"comment_status":"closed","ping_status":"closed","template":"LearningContentPage.php","meta":{"_acf_changed":false,"footnotes":""},"class_list":["post-1442810","page","type-page","status-publish","has-post-thumbnail","hentry"],"acf":[],"yoast_head":"<!-- This site is optimized with the Yoast SEO Premium plugin v27.2 (Yoast SEO v27.2) - https:\/\/yoast.com\/product\/yoast-seo-premium-wordpress\/ -->\n<title>Gramatika ruse - Talkpal<\/title>\n<meta name=\"description\" content=\"Zhbllokoni bot\u00ebn e gramatik\u00ebs ruse me udh\u00ebzuesin ton\u00eb fillestar. Zot\u00ebroni alfabetin cirilik dhe nd\u00ebrtoni aft\u00ebsit\u00eb tuaja gjuh\u00ebsore.\" \/>\n<meta name=\"robots\" content=\"index, follow, max-snippet:-1, max-image-preview:large, max-video-preview:-1\" \/>\n<link rel=\"canonical\" href=\"https:\/\/talkpal.ai\/sq\/gramatika-ruse\/\" \/>\n<meta property=\"og:locale\" content=\"sq_AL\" \/>\n<meta property=\"og:type\" content=\"article\" \/>\n<meta property=\"og:title\" content=\"Gramatika ruse\" \/>\n<meta property=\"og:description\" content=\"Gramatika ruse: Zhbllokoni sekretet p\u00ebr zot\u00ebrimin e rusishtes Urime p\u00ebr hapin e guximsh\u00ebm drejt m\u00ebsimit t\u00eb rusishtes! Me m\u00eb shum\u00eb se 258 milion\u00eb fol\u00ebs n\u00eb\" \/>\n<meta property=\"og:url\" content=\"https:\/\/talkpal.ai\/sq\/gramatika-ruse\/\" \/>\n<meta property=\"og:site_name\" content=\"Talkpal\" \/>\n<meta property=\"article:publisher\" content=\"https:\/\/www.facebook.com\/profile.php?id=100090733639311\" \/>\n<meta property=\"article:modified_time\" content=\"2025-12-13T15:18:43+00:00\" \/>\n<meta property=\"og:image\" content=\"https:\/\/talkpal.ai\/wp-content\/uploads\/2023\/04\/rusia.png\" \/>\n\t<meta property=\"og:image:width\" content=\"512\" \/>\n\t<meta property=\"og:image:height\" content=\"512\" \/>\n\t<meta property=\"og:image:type\" content=\"image\/png\" \/>\n<meta name=\"twitter:card\" content=\"summary_large_image\" \/>\n<meta name=\"twitter:site\" content=\"@talkpalai\" \/>\n<meta name=\"twitter:label1\" content=\"Est. reading time\" \/>\n\t<meta name=\"twitter:data1\" content=\"3 minutes\" \/>\n<script type=\"application\/ld+json\" class=\"yoast-schema-graph\">{\"@context\":\"https:\/\/schema.org\",\"@graph\":[{\"@type\":\"WebPage\",\"@id\":\"https:\/\/talkpal.ai\/sq\/gramatika-ruse\/\",\"url\":\"https:\/\/talkpal.ai\/sq\/gramatika-ruse\/\",\"name\":\"Gramatika ruse - Talkpal\",\"isPartOf\":{\"@id\":\"https:\/\/talkpal.ai\/sq\/#website\"},\"primaryImageOfPage\":{\"@id\":\"https:\/\/talkpal.ai\/sq\/gramatika-ruse\/#primaryimage\"},\"image\":{\"@id\":\"https:\/\/talkpal.ai\/sq\/gramatika-ruse\/#primaryimage\"},\"thumbnailUrl\":\"https:\/\/talkpal.ai\/wp-content\/uploads\/2023\/04\/rusia.png\",\"datePublished\":\"2023-05-14T13:52:49+00:00\",\"dateModified\":\"2025-12-13T15:18:43+00:00\",\"description\":\"Zhbllokoni bot\u00ebn e gramatik\u00ebs ruse me udh\u00ebzuesin ton\u00eb fillestar. Zot\u00ebroni alfabetin cirilik dhe nd\u00ebrtoni aft\u00ebsit\u00eb tuaja gjuh\u00ebsore.\",\"breadcrumb\":{\"@id\":\"https:\/\/talkpal.ai\/sq\/gramatika-ruse\/#breadcrumb\"},\"inLanguage\":\"sq-AL\",\"potentialAction\":[{\"@type\":\"ReadAction\",\"target\":[\"https:\/\/talkpal.ai\/sq\/gramatika-ruse\/\"]}]},{\"@type\":\"ImageObject\",\"inLanguage\":\"sq-AL\",\"@id\":\"https:\/\/talkpal.ai\/sq\/gramatika-ruse\/#primaryimage\",\"url\":\"https:\/\/talkpal.ai\/wp-content\/uploads\/2023\/04\/rusia.png\",\"contentUrl\":\"https:\/\/talkpal.ai\/wp-content\/uploads\/2023\/04\/rusia.png\",\"width\":512,\"height\":512,\"caption\":\"TalkPal Catalan Flag\"},{\"@type\":\"BreadcrumbList\",\"@id\":\"https:\/\/talkpal.ai\/sq\/gramatika-ruse\/#breadcrumb\",\"itemListElement\":[{\"@type\":\"ListItem\",\"position\":1,\"name\":\"Homepage\",\"item\":\"https:\/\/talkpal.ai\/sq\/\"},{\"@type\":\"ListItem\",\"position\":2,\"name\":\"Gramatika ruse\"}]},{\"@type\":\"WebSite\",\"@id\":\"https:\/\/talkpal.ai\/sq\/#website\",\"url\":\"https:\/\/talkpal.ai\/sq\/\",\"name\":\"Talkpal\",\"description\":\"AI Language Learning\",\"publisher\":{\"@id\":\"https:\/\/talkpal.ai\/sq\/#organization\"},\"alternateName\":\"Talkpal AI\",\"potentialAction\":[{\"@type\":\"SearchAction\",\"target\":{\"@type\":\"EntryPoint\",\"urlTemplate\":\"https:\/\/talkpal.ai\/sq\/?s={search_term_string}\"},\"query-input\":{\"@type\":\"PropertyValueSpecification\",\"valueRequired\":true,\"valueName\":\"search_term_string\"}}],\"inLanguage\":\"sq-AL\"},{\"@type\":\"Organization\",\"@id\":\"https:\/\/talkpal.ai\/sq\/#organization\",\"name\":\"Talkpal, Inc.\",\"alternateName\":\"Talkpal AI\",\"url\":\"https:\/\/talkpal.ai\/sq\/\",\"logo\":{\"@type\":\"ImageObject\",\"inLanguage\":\"sq-AL\",\"@id\":\"https:\/\/talkpal.ai\/sq\/#\/schema\/logo\/image\/\",\"url\":\"https:\/\/talkpal.ai\/wp-content\/uploads\/2024\/03\/Talkpal-Logo-Icon.png\",\"contentUrl\":\"https:\/\/talkpal.ai\/wp-content\/uploads\/2024\/03\/Talkpal-Logo-Icon.png\",\"width\":2880,\"height\":2880,\"caption\":\"Talkpal, Inc.\"},\"image\":{\"@id\":\"https:\/\/talkpal.ai\/sq\/#\/schema\/logo\/image\/\"},\"sameAs\":[\"https:\/\/www.facebook.com\/profile.php?id=100090733639311\",\"https:\/\/x.com\/talkpalai\",\"https:\/\/www.linkedin.com\/company\/talkpal\/\",\"https:\/\/www.youtube.com\/@TalkPal\/\",\"https:\/\/www.tiktok.com\/@talkpal\",\"https:\/\/www.instagram.com\/talkpal_ai\/\",\"https:\/\/www.crunchbase.com\/organization\/talkpal-9cde\",\"https:\/\/www.g2.com\/products\/talkpal-for-business\/\",\"https:\/\/www.trustpilot.com\/review\/talkpal.ai\",\"https:\/\/www.capterra.com\/p\/10006800\/TalkPal\/\"],\"description\":\"Talkpal is a language learning web and mobile education app, powered by the latest AI technologies, that provides engaging experiences to its customers in many different languages to help them improve their language skills. Users can chat about unlimited amount of topics with the app and use other modes to practice their language learning.\",\"email\":\"support@talkpal.ai\",\"legalName\":\"Talkpal, Inc.\",\"foundingDate\":\"2023-04-03\",\"duns\":\"118989042\",\"numberOfEmployees\":{\"@type\":\"QuantitativeValue\",\"minValue\":\"11\",\"maxValue\":\"50\"},\"publishingPrinciples\":\"https:\/\/talkpal.ai\/publishing-principles\/\",\"actionableFeedbackPolicy\":\"https:\/\/talkpal.ai\/actionable-feedback-policy\/\",\"correctionsPolicy\":\"https:\/\/talkpal.ai\/corrections-policy\/\",\"ethicsPolicy\":\"https:\/\/talkpal.ai\/ethics-policy\/\",\"diversityPolicy\":\"https:\/\/talkpal.ai\/diversity-policy\/\",\"diversityStaffingReport\":\"https:\/\/talkpal.ai\/diversity-policy\/\"}]}<\/script>\n<!-- \/ Yoast SEO Premium plugin. -->","yoast_head_json":{"title":"Gramatika ruse - Talkpal","description":"Zhbllokoni bot\u00ebn e gramatik\u00ebs ruse me udh\u00ebzuesin ton\u00eb fillestar. Zot\u00ebroni alfabetin cirilik dhe nd\u00ebrtoni aft\u00ebsit\u00eb tuaja gjuh\u00ebsore.","robots":{"index":"index","follow":"follow","max-snippet":"max-snippet:-1","max-image-preview":"max-image-preview:large","max-video-preview":"max-video-preview:-1"},"canonical":"https:\/\/talkpal.ai\/sq\/gramatika-ruse\/","og_locale":"sq_AL","og_type":"article","og_title":"Gramatika ruse","og_description":"Gramatika ruse: Zhbllokoni sekretet p\u00ebr zot\u00ebrimin e rusishtes Urime p\u00ebr hapin e guximsh\u00ebm drejt m\u00ebsimit t\u00eb rusishtes! Me m\u00eb shum\u00eb se 258 milion\u00eb fol\u00ebs n\u00eb","og_url":"https:\/\/talkpal.ai\/sq\/gramatika-ruse\/","og_site_name":"Talkpal","article_publisher":"https:\/\/www.facebook.com\/profile.php?id=100090733639311","article_modified_time":"2025-12-13T15:18:43+00:00","og_image":[{"width":512,"height":512,"url":"https:\/\/talkpal.ai\/wp-content\/uploads\/2023\/04\/rusia.png","type":"image\/png"}],"twitter_card":"summary_large_image","twitter_site":"@talkpalai","twitter_misc":{"Est. reading time":"3 minutes"},"schema":{"@context":"https:\/\/schema.org","@graph":[{"@type":"WebPage","@id":"https:\/\/talkpal.ai\/sq\/gramatika-ruse\/","url":"https:\/\/talkpal.ai\/sq\/gramatika-ruse\/","name":"Gramatika ruse - Talkpal","isPartOf":{"@id":"https:\/\/talkpal.ai\/sq\/#website"},"primaryImageOfPage":{"@id":"https:\/\/talkpal.ai\/sq\/gramatika-ruse\/#primaryimage"},"image":{"@id":"https:\/\/talkpal.ai\/sq\/gramatika-ruse\/#primaryimage"},"thumbnailUrl":"https:\/\/talkpal.ai\/wp-content\/uploads\/2023\/04\/rusia.png","datePublished":"2023-05-14T13:52:49+00:00","dateModified":"2025-12-13T15:18:43+00:00","description":"Zhbllokoni bot\u00ebn e gramatik\u00ebs ruse me udh\u00ebzuesin ton\u00eb fillestar. Zot\u00ebroni alfabetin cirilik dhe nd\u00ebrtoni aft\u00ebsit\u00eb tuaja gjuh\u00ebsore.","breadcrumb":{"@id":"https:\/\/talkpal.ai\/sq\/gramatika-ruse\/#breadcrumb"},"inLanguage":"sq-AL","potentialAction":[{"@type":"ReadAction","target":["https:\/\/talkpal.ai\/sq\/gramatika-ruse\/"]}]},{"@type":"ImageObject","inLanguage":"sq-AL","@id":"https:\/\/talkpal.ai\/sq\/gramatika-ruse\/#primaryimage","url":"https:\/\/talkpal.ai\/wp-content\/uploads\/2023\/04\/rusia.png","contentUrl":"https:\/\/talkpal.ai\/wp-content\/uploads\/2023\/04\/rusia.png","width":512,"height":512,"caption":"TalkPal Catalan Flag"},{"@type":"BreadcrumbList","@id":"https:\/\/talkpal.ai\/sq\/gramatika-ruse\/#breadcrumb","itemListElement":[{"@type":"ListItem","position":1,"name":"Homepage","item":"https:\/\/talkpal.ai\/sq\/"},{"@type":"ListItem","position":2,"name":"Gramatika ruse"}]},{"@type":"WebSite","@id":"https:\/\/talkpal.ai\/sq\/#website","url":"https:\/\/talkpal.ai\/sq\/","name":"Talkpal","description":"AI Language Learning","publisher":{"@id":"https:\/\/talkpal.ai\/sq\/#organization"},"alternateName":"Talkpal AI","potentialAction":[{"@type":"SearchAction","target":{"@type":"EntryPoint","urlTemplate":"https:\/\/talkpal.ai\/sq\/?s={search_term_string}"},"query-input":{"@type":"PropertyValueSpecification","valueRequired":true,"valueName":"search_term_string"}}],"inLanguage":"sq-AL"},{"@type":"Organization","@id":"https:\/\/talkpal.ai\/sq\/#organization","name":"Talkpal, Inc.","alternateName":"Talkpal AI","url":"https:\/\/talkpal.ai\/sq\/","logo":{"@type":"ImageObject","inLanguage":"sq-AL","@id":"https:\/\/talkpal.ai\/sq\/#\/schema\/logo\/image\/","url":"https:\/\/talkpal.ai\/wp-content\/uploads\/2024\/03\/Talkpal-Logo-Icon.png","contentUrl":"https:\/\/talkpal.ai\/wp-content\/uploads\/2024\/03\/Talkpal-Logo-Icon.png","width":2880,"height":2880,"caption":"Talkpal, Inc."},"image":{"@id":"https:\/\/talkpal.ai\/sq\/#\/schema\/logo\/image\/"},"sameAs":["https:\/\/www.facebook.com\/profile.php?id=100090733639311","https:\/\/x.com\/talkpalai","https:\/\/www.linkedin.com\/company\/talkpal\/","https:\/\/www.youtube.com\/@TalkPal\/","https:\/\/www.tiktok.com\/@talkpal","https:\/\/www.instagram.com\/talkpal_ai\/","https:\/\/www.crunchbase.com\/organization\/talkpal-9cde","https:\/\/www.g2.com\/products\/talkpal-for-business\/","https:\/\/www.trustpilot.com\/review\/talkpal.ai","https:\/\/www.capterra.com\/p\/10006800\/TalkPal\/"],"description":"Talkpal is a language learning web and mobile education app, powered by the latest AI technologies, that provides engaging experiences to its customers in many different languages to help them improve their language skills. Users can chat about unlimited amount of topics with the app and use other modes to practice their language learning.","email":"support@talkpal.ai","legalName":"Talkpal, Inc.","foundingDate":"2023-04-03","duns":"118989042","numberOfEmployees":{"@type":"QuantitativeValue","minValue":"11","maxValue":"50"},"publishingPrinciples":"https:\/\/talkpal.ai\/publishing-principles\/","actionableFeedbackPolicy":"https:\/\/talkpal.ai\/actionable-feedback-policy\/","correctionsPolicy":"https:\/\/talkpal.ai\/corrections-policy\/","ethicsPolicy":"https:\/\/talkpal.ai\/ethics-policy\/","diversityPolicy":"https:\/\/talkpal.ai\/diversity-policy\/","diversityStaffingReport":"https:\/\/talkpal.ai\/diversity-policy\/"}]}},"_links":{"self":[{"href":"https:\/\/talkpal.ai\/sq\/wp-json\/wp\/v2\/pages\/1442810","targetHints":{"allow":["GET"]}}],"collection":[{"href":"https:\/\/talkpal.ai\/sq\/wp-json\/wp\/v2\/pages"}],"about":[{"href":"https:\/\/talkpal.ai\/sq\/wp-json\/wp\/v2\/types\/page"}],"author":[{"embeddable":true,"href":"https:\/\/talkpal.ai\/sq\/wp-json\/wp\/v2\/users\/1"}],"replies":[{"embeddable":true,"href":"https:\/\/talkpal.ai\/sq\/wp-json\/wp\/v2\/comments?post=1442810"}],"version-history":[{"count":0,"href":"https:\/\/talkpal.ai\/sq\/wp-json\/wp\/v2\/pages\/1442810\/revisions"}],"wp:featuredmedia":[{"embeddable":true,"href":"https:\/\/talkpal.ai\/sq\/wp-json\/wp\/v2\/media\/1442732"}],"wp:attachment":[{"href":"https:\/\/talkpal.ai\/sq\/wp-json\/wp\/v2\/media?parent=1442810"}],"curies":[{"name":"wp","href":"https:\/\/api.w.org\/{rel}","templated":true}]}}