{"id":1442805,"date":"2023-05-14T13:52:27","date_gmt":"2023-05-14T13:52:27","guid":{"rendered":"https:\/\/talkpal.ai\/gramatika-koreane\/"},"modified":"2025-12-11T16:30:23","modified_gmt":"2025-12-11T16:30:23","slug":"gramatika-koreane","status":"publish","type":"page","link":"https:\/\/talkpal.ai\/sq\/gramatika-koreane\/","title":{"rendered":"Gramatika koreane"},"content":{"rendered":"\r\n\r\n\r\n<section class=\"languageChallengeSection\">\r\n    <div class=\"languageInfoWrapper\">\r\n        \r\n        <h1>Gramatika koreane<\/h1>\r\n        <p>Filloni t\u00eb zot\u00ebroni gramatik\u00ebn <a href=\"https:\/\/talkpal.ai\/learn-korean\/\">koreane<\/a> me udh\u00ebzues t\u00eb leht\u00eb p\u00ebr t&#039;u ndjekur dhe shembuj praktik\u00eb. M\u00ebsoni se si t\u00eb formoni fjali, t\u00eb p\u00ebrdorni grimca dhe t\u00eb lidhni folje p\u00ebr t&#039;u shprehur me sakt\u00ebsi. Praktikoni aft\u00ebsit\u00eb tuaja me ushtrime interaktive t\u00eb krijuara p\u00ebr t\u00eb nd\u00ebrtuar besimin tuaj. Hidhni hapin tjet\u00ebr n\u00eb udh\u00ebtimin tuaj n\u00eb gjuh\u00ebn koreane dhe p\u00ebrmir\u00ebsoni rrjedhshm\u00ebrin\u00eb tuaj sot!<\/p>\r\n\r\n                            <a class=\"getStartedHidden\" href=\"https:\/\/app.talkpal.ai\/signup?lng=\">Filloni<\/a>\r\n        \r\n    <\/div>\r\n\r\n    <figure>\r\n    <img decoding=\"async\" width=\"768\" height=\"768\" src=\"https:\/\/talkpal.ai\/wp-content\/uploads\/2023\/06\/korean-768x768.png\" class=\"languageImage no-lazy\" alt=\"Line-by-line learning for language acquisition\" fetchpriority=\"high\" sizes=\"(max-width: 768px) 150px, 768px\" srcset=\"https:\/\/talkpal.ai\/wp-content\/uploads\/2023\/06\/korean-768x768.png 768w, https:\/\/talkpal.ai\/wp-content\/uploads\/2023\/06\/korean-300x300.png 300w\" \/>\r\n    \r\n\r\n    <\/figure>\r\n\r\n            <a class=\"getStartedVisible\" href=\"https:\/\/app.talkpal.ai\/signup?lng=\">Filloni<\/a>\r\n    \r\n<\/section>\r\n<section class=\"promotionalBanner\">\r\n    <p class=\"promotionalText\">M\u00ebnyra m\u00eb efikase p\u00ebr t\u00eb m\u00ebsuar nj\u00eb gjuh\u00eb<\/p>\r\n    <a class=\"promotionalLink\" href=\"https:\/\/app.talkpal.ai\/signup?lng=\">Provoni Talkpal falas<\/a>\r\n<\/section>\n<div class=\"wp-block-group pageContainerStyle\"><div class=\"wp-block-group__inner-container is-layout-constrained wp-block-group-is-layout-constrained\">\n<h2 class=\"wp-block-heading\" id=\"h-demystifying-korean-grammar-a-beginner-s-guide\">\u00c7mitizimi i gramatik\u00ebs koreane: Nj\u00eb udh\u00ebzues fillestar<\/h2>\n\n\n\n<p>M\u00ebsimi i gjuh\u00ebs koreane mund t\u00eb hap\u00eb nj\u00eb bot\u00eb mund\u00ebsish, qoft\u00eb eksplorimi i kuzhin\u00ebs koreane, shikimi i K-dramave m\u00eb t\u00eb fundit ose <a href=\"https:\/\/talkpal.ai\/contact\/\">puna<\/a> me nj\u00eb nga kompanit\u00eb e shumta inovative t\u00eb Kores\u00eb s\u00eb Jugut. Si nj\u00eb fol\u00ebs jo-amtare q\u00eb zhytet n\u00eb k\u00ebt\u00eb gjuh\u00eb magjeps\u00ebse, nj\u00eb nga aspektet m\u00eb sfiduese mund t\u00eb jet\u00eb zot\u00ebrimi i gramatik\u00ebs s\u00eb saj. <a href=\"https:\/\/talkpal.ai\/sq\/gramatika\/\">Gramatika<\/a> koreane mund t\u00eb duket komplekse n\u00eb shikim t\u00eb par\u00eb, por ka nj\u00eb logjik\u00eb dhe konsistenc\u00eb q\u00eb mund t\u00eb jet\u00eb m\u00eb e aksesueshme nga sa mund t\u00eb mendoni. N\u00eb k\u00ebt\u00eb artikull, ne do t\u00eb zb\u00ebrthejm\u00eb tiparet kryesore t\u00eb gramatik\u00ebs koreane dhe do t\u00eb ofrojm\u00eb njohuri t\u00eb vlefshme p\u00ebr ta b\u00ebr\u00eb udh\u00ebtimin tuaj drejt rrjedhshm\u00ebris\u00eb t\u00eb qet\u00eb dhe t\u00eb k\u00ebndsh\u00ebm.<\/p>\n\n\n\n<h3 class=\"wp-block-heading\" id=\"h-1-word-nbsp-order-nbsp-get-in-the-flow\"><b>1. Rendi i fjal\u00ebve<\/b><b> \u2013 Futuni n\u00eb rrjedh\u00eb!<\/b><\/h3>\n\n\n\n<p>Gj\u00ebja e par\u00eb q\u00eb duhet t\u00eb dini p\u00ebr gramatik\u00ebn koreane \u00ebsht\u00eb rendi baz\u00eb i fjal\u00ebve: Subjekt-Objekt-Folje (SOV). Kjo do t\u00eb thot\u00eb q\u00eb foljet vijn\u00eb n\u00eb fund t\u00eb nj\u00eb fjalie, ndryshe nga rendi Subjekt-Folje-Objekt (SVO) i anglishtes. Kjo mund t\u00eb marr\u00eb pak p\u00ebr t&#8217;u m\u00ebsuar, por \u00e7el\u00ebsi i rrjedhshm\u00ebris\u00eb \u00ebsht\u00eb t\u00eb rehatoheni me k\u00ebt\u00eb struktur\u00eb t\u00eb re.<\/p>\n\n\n\n<p>K\u00ebshill\u00eb: Praktikoni formimin e fjalive t\u00eb thjeshta koreane duke p\u00ebrkthyer fraza angleze dhe duke riorganizuar rendin e fjal\u00ebve. P\u00ebrqendrohuni n\u00eb t\u00eb kuptuarit e logjik\u00ebs pas struktur\u00ebs s\u00eb SOV p\u00ebr t&#8217;u b\u00ebr\u00eb m\u00eb rehat me t\u00eb.<\/p>\n\n\n\n<h3 class=\"wp-block-heading\" id=\"h-2-particles-attach-and-connect\">2. Grimcat \u2013 Lidhni dhe lidhuni!<\/h3>\n\n\n\n<p>Fjalit\u00eb koreane p\u00ebrdorin pjes\u00eb t\u00eb vogla t\u00eb informacionit gramatikor t\u00eb quajtura grimca p\u00ebr t\u00eb ndihmuar n\u00eb p\u00ebrcaktimin e funksionit t\u00eb nj\u00eb fjale n\u00eb nj\u00eb fjali. P\u00ebr shembull, \uc774\/\uac00 dhe \uc740\/\ub294 sh\u00ebnojn\u00eb subjektin, nd\u00ebrsa \uc744\/\ub97c tregojn\u00eb objektin. Grimcat jan\u00eb nj\u00eb komponent thelb\u00ebsor i gramatik\u00ebs koreane, por p\u00ebrdorimi i <a href=\"https:\/\/talkpal.ai\/locations\/language-courses-in-tyre\/\">tyre<\/a> mund t\u00eb ndihet d\u00ebrrmues fillimisht.<\/p>\n\n\n\n<p>K\u00ebshill\u00eb: Trajtoni nj\u00eb grimc\u00eb n\u00eb t\u00eb nj\u00ebjt\u00ebn koh\u00eb, duke u rehatuar me p\u00ebrdorimin dhe kuptimin e saj. Zhvilloni nj\u00eb list\u00eb t\u00eb fjalive shembuj duke p\u00ebrdorur secil\u00ebn grimc\u00eb p\u00ebr t\u00eb krijuar nj\u00eb koleksion t\u00eb materialeve referuese.<\/p>\n\n\n\n<h3 class=\"wp-block-heading\" id=\"h-3-verb-conjugation-keep-it-simple\">3. Konjugimi i foljeve \u2013 Mbajeni t\u00eb thjesht\u00eb!<\/h3>\n\n\n\n<p>Foljet koreane jan\u00eb jasht\u00ebzakonisht t\u00eb q\u00ebndrueshme, gj\u00eb q\u00eb mund t&#8217;i b\u00ebj\u00eb ato m\u00eb t\u00eb lehta p\u00ebr t&#8217;u m\u00ebsuar sesa foljet n\u00eb gjuh\u00eb t\u00eb tjera. T\u00eb gjitha foljet koreane p\u00ebrfundojn\u00eb n\u00eb \ub2e4 (da) n\u00eb form\u00ebn e tyre themelore, dhe p\u00ebr t\u00eb krijuar koh\u00eb ose nivele t\u00eb ndryshme mir\u00ebsjelljeje, thjesht do t\u00eb shtoni mbaresa t\u00eb ndryshme. M\u00eb t\u00eb zakonshmet jan\u00eb \u2013\uc694 (yo) p\u00ebr mir\u00ebsjellje joformale dhe \u2013\uc2b5\ub2c8\ub2e4 (seumnida) p\u00ebr situata m\u00eb formale.<\/p>\n\n\n\n<p>K\u00ebshill\u00eb: M\u00ebsoni t\u00eb lidhni disa folje thelb\u00ebsore n\u00eb nivele t\u00eb ndryshme t\u00eb mir\u00ebsjelljes, t\u00eb tilla si \ud558\ub2e4 (t\u00eb b\u00ebj\u00eb), \uba39\ub2e4 (t\u00eb hash), \uc790\ub2e4 (t\u00eb flesh) dhe \uac00\ub2e4 (t\u00eb shkosh). Pastaj, filloni t&#8217;i p\u00ebrfshini ato n\u00eb fjali p\u00ebr t&#8217;u b\u00ebr\u00eb m\u00eb t\u00eb njohur dhe t\u00eb rehatsh\u00ebm me p\u00ebrdorimin e konjugimeve t\u00eb ndryshme.<\/p>\n\n\n\n<h3 class=\"wp-block-heading\" id=\"h-4-adjectives-treat-them-like-verbs\">4. Mbiemrat \u2013 Trajtojini ato si folje!<\/h3>\n\n\n\n<p>N\u00eb gramatik\u00ebn koreane, mbiemrat funksionojn\u00eb n\u00eb m\u00ebnyr\u00eb t\u00eb ngjashme me foljet dhe konjugohen duke p\u00ebrdorur t\u00eb nj\u00ebjtin sistem. Shum\u00eb mbiemra p\u00ebrfundojn\u00eb me ~\ud558\ub2e4 (-hada) dhe mund t\u00eb konjugohen n\u00eb t\u00eb nj\u00ebjt\u00ebn m\u00ebnyr\u00eb si do t\u00eb konjugonit foljet.<\/p>\n\n\n\n<p>K\u00ebshill\u00eb: Praktikoni konjugimin e mbiemrave t\u00eb zakonsh\u00ebm si \uc88b\ub2e4 (t\u00eb jesh i mir\u00eb), \uc608\uc058\ub2e4 (t\u00eb jesh i bukur), \ub192\ub2e4 (t\u00eb jesh i lart\u00eb), \ub0ae\ub2e4 (t\u00eb jesh i ul\u00ebt) dhe \ud06c\ub2e4 (t\u00eb jesh i madh). P\u00ebrfshirja e tyre n\u00eb fjali do t\u00eb ndihmoj\u00eb n\u00eb forcimin e t\u00eb kuptuarit tuaj.<\/p>\n\n\n\n<h3 class=\"wp-block-heading\" id=\"h-5-honorifics-show-your-respect\">5. Honori \u2013 Tregoni respektin tuaj!<\/h3>\n\n\n\n<p>Kultura koreane thekson respektin p\u00ebr pleqt\u00eb dhe ata q\u00eb jan\u00eb n\u00eb pozita autoriteti. Kjo reflektohet n\u00eb gjuh\u00ebn e tij p\u00ebrmes honorif\u00ebve, t\u00eb cilat jan\u00eb forma t\u00eb ve\u00e7anta fjal\u00ebsh dhe strukturash gramatikore q\u00eb p\u00ebrdoren p\u00ebr t\u00eb treguar mir\u00ebsjellje. Disa shembuj kryesor\u00eb p\u00ebrfshijn\u00eb p\u00ebrdorimin e grimc\u00ebs \u2013\uaed8\uc11c (-kkeseo) n\u00eb vend t\u00eb \u2013\uc774\/\uac00 kur i referoheni dikujt me respekt ose lidhni \u2013\uc2dc (-si) me foljet si nj\u00eb sh\u00ebnues mir\u00ebsjelljeje.<\/p>\n\n\n\n<p>K\u00ebshill\u00eb: M\u00ebsoni bazat e p\u00ebrdorimit t\u00eb honorifik\u00ebve, por mos u shqet\u00ebsoni shum\u00eb p\u00ebr t&#8217;u b\u00ebr\u00eb ekspert menj\u00ebher\u00eb. Si anglishtfol\u00ebs, korean\u00ebt ka t\u00eb ngjar\u00eb t\u00eb kuptojn\u00eb n\u00ebse b\u00ebni gabime, por tregimi i nj\u00eb p\u00ebrpjekjeje p\u00ebr t\u00eb qen\u00eb i respektuesh\u00ebm do t\u00eb vler\u00ebsohet.<\/p>\n\n\n\n<h3 class=\"wp-block-heading\" id=\"h-conclusion\">P\u00ebrfundim:<\/h3>\n\n\n\n<p>Gramatika koreane mund t\u00eb duket sfiduese n\u00eb fillim, por nd\u00ebrsa fitoni p\u00ebrvoj\u00eb dhe mir\u00ebkuptim, do t\u00eb gjeni nj\u00eb korniz\u00eb logjike dhe t\u00eb q\u00ebndrueshme. Duke u fokusuar n\u00eb konceptet kryesore si rendi i fjal\u00ebve, grimcat dhe konjugimi i foljeve, s\u00eb shpejti do t\u00eb nd\u00ebrtoni fjali si nj\u00eb profesionist. P\u00ebrqafoni dashurin\u00eb p\u00ebr k\u00ebt\u00eb gjuh\u00eb ekspresive dhe shikoni zot\u00ebrimin tuaj t\u00eb gramatik\u00ebs koreane t\u00eb \u00e7oj\u00eb n\u00eb nj\u00eb bot\u00eb mund\u00ebsish. \ud654\uc774\ud305 (hwaiting) \u2013 let<\/p>\n<\/div><\/div>\n\r\n<section class=\"learnNavigationSection\">\r\n            \r\n        <a href=\"https:\/\/talkpal.ai\/sq\/mesoni-gjuhen-koreane\/\">\r\n            <div class=\"learnNavigationWrapper\">\r\n                <div class=\"learnNavigationContent\">\r\n                    <img decoding=\"async\" src=\"https:\/\/talkpal.ai\/wp-content\/uploads\/2024\/08\/Korean.jpg\" alt=\"Korean Flag\">\r\n                    <div>\r\n                        <h4>Rreth m\u00ebsimit korean<\/h4>\r\n                        <p>M\u00ebsoni gjith\u00e7ka rreth gramatik\u00ebs koreane.<\/p>\r\n                    <\/div>\r\n                <\/div>\r\n            <\/div>\r\n        <\/a>\r\n\r\n        \r\n        <a href=\"https:\/\/talkpal.ai\/sq\/ushtrime-gramatikore-koreane\/\">\r\n            <div class=\"learnNavigationWrapper\">\r\n                <div class=\"learnNavigationContent\">\r\n                    <img decoding=\"async\" src=\"https:\/\/talkpal.ai\/wp-content\/uploads\/2024\/08\/Korean.jpg\" alt=\"Korean Flag\">\r\n                    <div>\r\n                        <h4>Ushtrimi i gramatik\u00ebs koreane<\/h4>\r\n                        <p>Praktikoni gramatik\u00ebn koreane.<\/p>\r\n                    <\/div>\r\n                <\/div>\r\n            <\/div>\r\n        <\/a>\r\n\r\n        \r\n        <a href=\"https:\/\/talkpal.ai\/vocabulary_language\/korean\/\">\r\n            <div class=\"learnNavigationWrapper\">\r\n                <div class=\"learnNavigationContent\">\r\n                    <img decoding=\"async\" src=\"https:\/\/talkpal.ai\/wp-content\/uploads\/2024\/08\/Korean.jpg\" alt=\"Korean Flag\">\r\n                    <div>\r\n                        <h4>Fjalori korean<\/h4>\r\n                        <p>Zgjeroni fjalorin tuaj korean.<\/p>\r\n                    <\/div>\r\n                <\/div>\r\n            <\/div>\r\n        <\/a>\r\n\r\n            <\/section>","protected":false},"excerpt":{"rendered":"<p>\u00c7mitizimi i gramatik\u00ebs koreane: Nj\u00eb udh\u00ebzues fillestar M\u00ebsimi i gjuh\u00ebs koreane mund t\u00eb hap\u00eb nj\u00eb bot\u00eb mund\u00ebsish, qoft\u00eb eksplorimi i kuzhin\u00ebs koreane, shikimi i K-dramave m\u00eb t\u00eb fundit ose puna me nj\u00eb nga kompanit\u00eb e shumta inovative t\u00eb Kores\u00eb s\u00eb Jugut. Si nj\u00eb fol\u00ebs jo-amtare q\u00eb zhytet n\u00eb k\u00ebt\u00eb gjuh\u00eb magjeps\u00ebse, nj\u00eb nga aspektet m\u00eb [&hellip;]<\/p>\n","protected":false},"author":1,"featured_media":1439823,"parent":0,"menu_order":0,"comment_status":"closed","ping_status":"closed","template":"LearningContentPage.php","meta":{"_acf_changed":false,"footnotes":""},"class_list":["post-1442805","page","type-page","status-publish","has-post-thumbnail","hentry"],"acf":[],"yoast_head":"<!-- This site is optimized with the Yoast SEO Premium plugin v27.2 (Yoast SEO v27.2) - https:\/\/yoast.com\/product\/yoast-seo-premium-wordpress\/ -->\n<title>Gramatika koreane - Talkpal<\/title>\n<meta name=\"description\" content=\"Zot\u00ebroni gramatik\u00ebn koreane me besim - forconi struktur\u00ebn e fjalis\u00eb, sqaroni rregullat dhe p\u00ebrmir\u00ebsoni leht\u00ebsisht rrjedhshm\u00ebrin\u00eb\" \/>\n<meta name=\"robots\" content=\"index, follow, max-snippet:-1, max-image-preview:large, max-video-preview:-1\" \/>\n<link rel=\"canonical\" href=\"https:\/\/talkpal.ai\/sq\/gramatika-koreane\/\" \/>\n<meta property=\"og:locale\" content=\"sq_AL\" \/>\n<meta property=\"og:type\" content=\"article\" \/>\n<meta property=\"og:title\" content=\"Gramatika koreane\" \/>\n<meta property=\"og:description\" content=\"\u00c7mitizimi i gramatik\u00ebs koreane: Nj\u00eb udh\u00ebzues fillestar M\u00ebsimi i gjuh\u00ebs koreane mund t\u00eb hap\u00eb nj\u00eb bot\u00eb mund\u00ebsish, qoft\u00eb eksplorimi i kuzhin\u00ebs koreane,\" \/>\n<meta property=\"og:url\" content=\"https:\/\/talkpal.ai\/sq\/gramatika-koreane\/\" \/>\n<meta property=\"og:site_name\" content=\"Talkpal\" \/>\n<meta property=\"article:publisher\" content=\"https:\/\/www.facebook.com\/profile.php?id=100090733639311\" \/>\n<meta property=\"article:modified_time\" content=\"2025-12-11T16:30:23+00:00\" \/>\n<meta property=\"og:image\" content=\"https:\/\/talkpal.ai\/wp-content\/uploads\/2023\/04\/south-korea.png\" \/>\n\t<meta property=\"og:image:width\" content=\"512\" \/>\n\t<meta property=\"og:image:height\" content=\"512\" \/>\n\t<meta property=\"og:image:type\" content=\"image\/png\" \/>\n<meta name=\"twitter:card\" content=\"summary_large_image\" \/>\n<meta name=\"twitter:site\" content=\"@talkpalai\" \/>\n<meta name=\"twitter:label1\" content=\"Est. reading time\" \/>\n\t<meta name=\"twitter:data1\" content=\"4 minutes\" \/>\n<script type=\"application\/ld+json\" class=\"yoast-schema-graph\">{\"@context\":\"https:\/\/schema.org\",\"@graph\":[{\"@type\":\"WebPage\",\"@id\":\"https:\/\/talkpal.ai\/sq\/gramatika-koreane\/\",\"url\":\"https:\/\/talkpal.ai\/sq\/gramatika-koreane\/\",\"name\":\"Gramatika koreane - Talkpal\",\"isPartOf\":{\"@id\":\"https:\/\/talkpal.ai\/sq\/#website\"},\"primaryImageOfPage\":{\"@id\":\"https:\/\/talkpal.ai\/sq\/gramatika-koreane\/#primaryimage\"},\"image\":{\"@id\":\"https:\/\/talkpal.ai\/sq\/gramatika-koreane\/#primaryimage\"},\"thumbnailUrl\":\"https:\/\/talkpal.ai\/wp-content\/uploads\/2023\/04\/south-korea.png\",\"datePublished\":\"2023-05-14T13:52:27+00:00\",\"dateModified\":\"2025-12-11T16:30:23+00:00\",\"description\":\"Zot\u00ebroni gramatik\u00ebn koreane me besim - forconi struktur\u00ebn e fjalis\u00eb, sqaroni rregullat dhe p\u00ebrmir\u00ebsoni leht\u00ebsisht rrjedhshm\u00ebrin\u00eb\",\"breadcrumb\":{\"@id\":\"https:\/\/talkpal.ai\/sq\/gramatika-koreane\/#breadcrumb\"},\"inLanguage\":\"sq-AL\",\"potentialAction\":[{\"@type\":\"ReadAction\",\"target\":[\"https:\/\/talkpal.ai\/sq\/gramatika-koreane\/\"]}]},{\"@type\":\"ImageObject\",\"inLanguage\":\"sq-AL\",\"@id\":\"https:\/\/talkpal.ai\/sq\/gramatika-koreane\/#primaryimage\",\"url\":\"https:\/\/talkpal.ai\/wp-content\/uploads\/2023\/04\/south-korea.png\",\"contentUrl\":\"https:\/\/talkpal.ai\/wp-content\/uploads\/2023\/04\/south-korea.png\",\"width\":512,\"height\":512,\"caption\":\"TalkPal Catalan Flag\"},{\"@type\":\"BreadcrumbList\",\"@id\":\"https:\/\/talkpal.ai\/sq\/gramatika-koreane\/#breadcrumb\",\"itemListElement\":[{\"@type\":\"ListItem\",\"position\":1,\"name\":\"Homepage\",\"item\":\"https:\/\/talkpal.ai\/sq\/\"},{\"@type\":\"ListItem\",\"position\":2,\"name\":\"Gramatika koreane\"}]},{\"@type\":\"WebSite\",\"@id\":\"https:\/\/talkpal.ai\/sq\/#website\",\"url\":\"https:\/\/talkpal.ai\/sq\/\",\"name\":\"Talkpal\",\"description\":\"AI Language Learning\",\"publisher\":{\"@id\":\"https:\/\/talkpal.ai\/sq\/#organization\"},\"alternateName\":\"Talkpal AI\",\"potentialAction\":[{\"@type\":\"SearchAction\",\"target\":{\"@type\":\"EntryPoint\",\"urlTemplate\":\"https:\/\/talkpal.ai\/sq\/?s={search_term_string}\"},\"query-input\":{\"@type\":\"PropertyValueSpecification\",\"valueRequired\":true,\"valueName\":\"search_term_string\"}}],\"inLanguage\":\"sq-AL\"},{\"@type\":\"Organization\",\"@id\":\"https:\/\/talkpal.ai\/sq\/#organization\",\"name\":\"Talkpal, Inc.\",\"alternateName\":\"Talkpal AI\",\"url\":\"https:\/\/talkpal.ai\/sq\/\",\"logo\":{\"@type\":\"ImageObject\",\"inLanguage\":\"sq-AL\",\"@id\":\"https:\/\/talkpal.ai\/sq\/#\/schema\/logo\/image\/\",\"url\":\"https:\/\/talkpal.ai\/wp-content\/uploads\/2024\/03\/Talkpal-Logo-Icon.png\",\"contentUrl\":\"https:\/\/talkpal.ai\/wp-content\/uploads\/2024\/03\/Talkpal-Logo-Icon.png\",\"width\":2880,\"height\":2880,\"caption\":\"Talkpal, Inc.\"},\"image\":{\"@id\":\"https:\/\/talkpal.ai\/sq\/#\/schema\/logo\/image\/\"},\"sameAs\":[\"https:\/\/www.facebook.com\/profile.php?id=100090733639311\",\"https:\/\/x.com\/talkpalai\",\"https:\/\/www.linkedin.com\/company\/talkpal\/\",\"https:\/\/www.youtube.com\/@TalkPal\/\",\"https:\/\/www.tiktok.com\/@talkpal\",\"https:\/\/www.instagram.com\/talkpal_ai\/\",\"https:\/\/www.crunchbase.com\/organization\/talkpal-9cde\",\"https:\/\/www.g2.com\/products\/talkpal-for-business\/\",\"https:\/\/www.trustpilot.com\/review\/talkpal.ai\",\"https:\/\/www.capterra.com\/p\/10006800\/TalkPal\/\"],\"description\":\"Talkpal is a language learning web and mobile education app, powered by the latest AI technologies, that provides engaging experiences to its customers in many different languages to help them improve their language skills. Users can chat about unlimited amount of topics with the app and use other modes to practice their language learning.\",\"email\":\"support@talkpal.ai\",\"legalName\":\"Talkpal, Inc.\",\"foundingDate\":\"2023-04-03\",\"duns\":\"118989042\",\"numberOfEmployees\":{\"@type\":\"QuantitativeValue\",\"minValue\":\"11\",\"maxValue\":\"50\"},\"publishingPrinciples\":\"https:\/\/talkpal.ai\/publishing-principles\/\",\"actionableFeedbackPolicy\":\"https:\/\/talkpal.ai\/actionable-feedback-policy\/\",\"correctionsPolicy\":\"https:\/\/talkpal.ai\/corrections-policy\/\",\"ethicsPolicy\":\"https:\/\/talkpal.ai\/ethics-policy\/\",\"diversityPolicy\":\"https:\/\/talkpal.ai\/diversity-policy\/\",\"diversityStaffingReport\":\"https:\/\/talkpal.ai\/diversity-policy\/\"}]}<\/script>\n<!-- \/ Yoast SEO Premium plugin. -->","yoast_head_json":{"title":"Gramatika koreane - Talkpal","description":"Zot\u00ebroni gramatik\u00ebn koreane me besim - forconi struktur\u00ebn e fjalis\u00eb, sqaroni rregullat dhe p\u00ebrmir\u00ebsoni leht\u00ebsisht rrjedhshm\u00ebrin\u00eb","robots":{"index":"index","follow":"follow","max-snippet":"max-snippet:-1","max-image-preview":"max-image-preview:large","max-video-preview":"max-video-preview:-1"},"canonical":"https:\/\/talkpal.ai\/sq\/gramatika-koreane\/","og_locale":"sq_AL","og_type":"article","og_title":"Gramatika koreane","og_description":"\u00c7mitizimi i gramatik\u00ebs koreane: Nj\u00eb udh\u00ebzues fillestar M\u00ebsimi i gjuh\u00ebs koreane mund t\u00eb hap\u00eb nj\u00eb bot\u00eb mund\u00ebsish, qoft\u00eb eksplorimi i kuzhin\u00ebs koreane,","og_url":"https:\/\/talkpal.ai\/sq\/gramatika-koreane\/","og_site_name":"Talkpal","article_publisher":"https:\/\/www.facebook.com\/profile.php?id=100090733639311","article_modified_time":"2025-12-11T16:30:23+00:00","og_image":[{"width":512,"height":512,"url":"https:\/\/talkpal.ai\/wp-content\/uploads\/2023\/04\/south-korea.png","type":"image\/png"}],"twitter_card":"summary_large_image","twitter_site":"@talkpalai","twitter_misc":{"Est. reading time":"4 minutes"},"schema":{"@context":"https:\/\/schema.org","@graph":[{"@type":"WebPage","@id":"https:\/\/talkpal.ai\/sq\/gramatika-koreane\/","url":"https:\/\/talkpal.ai\/sq\/gramatika-koreane\/","name":"Gramatika koreane - Talkpal","isPartOf":{"@id":"https:\/\/talkpal.ai\/sq\/#website"},"primaryImageOfPage":{"@id":"https:\/\/talkpal.ai\/sq\/gramatika-koreane\/#primaryimage"},"image":{"@id":"https:\/\/talkpal.ai\/sq\/gramatika-koreane\/#primaryimage"},"thumbnailUrl":"https:\/\/talkpal.ai\/wp-content\/uploads\/2023\/04\/south-korea.png","datePublished":"2023-05-14T13:52:27+00:00","dateModified":"2025-12-11T16:30:23+00:00","description":"Zot\u00ebroni gramatik\u00ebn koreane me besim - forconi struktur\u00ebn e fjalis\u00eb, sqaroni rregullat dhe p\u00ebrmir\u00ebsoni leht\u00ebsisht rrjedhshm\u00ebrin\u00eb","breadcrumb":{"@id":"https:\/\/talkpal.ai\/sq\/gramatika-koreane\/#breadcrumb"},"inLanguage":"sq-AL","potentialAction":[{"@type":"ReadAction","target":["https:\/\/talkpal.ai\/sq\/gramatika-koreane\/"]}]},{"@type":"ImageObject","inLanguage":"sq-AL","@id":"https:\/\/talkpal.ai\/sq\/gramatika-koreane\/#primaryimage","url":"https:\/\/talkpal.ai\/wp-content\/uploads\/2023\/04\/south-korea.png","contentUrl":"https:\/\/talkpal.ai\/wp-content\/uploads\/2023\/04\/south-korea.png","width":512,"height":512,"caption":"TalkPal Catalan Flag"},{"@type":"BreadcrumbList","@id":"https:\/\/talkpal.ai\/sq\/gramatika-koreane\/#breadcrumb","itemListElement":[{"@type":"ListItem","position":1,"name":"Homepage","item":"https:\/\/talkpal.ai\/sq\/"},{"@type":"ListItem","position":2,"name":"Gramatika koreane"}]},{"@type":"WebSite","@id":"https:\/\/talkpal.ai\/sq\/#website","url":"https:\/\/talkpal.ai\/sq\/","name":"Talkpal","description":"AI Language Learning","publisher":{"@id":"https:\/\/talkpal.ai\/sq\/#organization"},"alternateName":"Talkpal AI","potentialAction":[{"@type":"SearchAction","target":{"@type":"EntryPoint","urlTemplate":"https:\/\/talkpal.ai\/sq\/?s={search_term_string}"},"query-input":{"@type":"PropertyValueSpecification","valueRequired":true,"valueName":"search_term_string"}}],"inLanguage":"sq-AL"},{"@type":"Organization","@id":"https:\/\/talkpal.ai\/sq\/#organization","name":"Talkpal, Inc.","alternateName":"Talkpal AI","url":"https:\/\/talkpal.ai\/sq\/","logo":{"@type":"ImageObject","inLanguage":"sq-AL","@id":"https:\/\/talkpal.ai\/sq\/#\/schema\/logo\/image\/","url":"https:\/\/talkpal.ai\/wp-content\/uploads\/2024\/03\/Talkpal-Logo-Icon.png","contentUrl":"https:\/\/talkpal.ai\/wp-content\/uploads\/2024\/03\/Talkpal-Logo-Icon.png","width":2880,"height":2880,"caption":"Talkpal, Inc."},"image":{"@id":"https:\/\/talkpal.ai\/sq\/#\/schema\/logo\/image\/"},"sameAs":["https:\/\/www.facebook.com\/profile.php?id=100090733639311","https:\/\/x.com\/talkpalai","https:\/\/www.linkedin.com\/company\/talkpal\/","https:\/\/www.youtube.com\/@TalkPal\/","https:\/\/www.tiktok.com\/@talkpal","https:\/\/www.instagram.com\/talkpal_ai\/","https:\/\/www.crunchbase.com\/organization\/talkpal-9cde","https:\/\/www.g2.com\/products\/talkpal-for-business\/","https:\/\/www.trustpilot.com\/review\/talkpal.ai","https:\/\/www.capterra.com\/p\/10006800\/TalkPal\/"],"description":"Talkpal is a language learning web and mobile education app, powered by the latest AI technologies, that provides engaging experiences to its customers in many different languages to help them improve their language skills. Users can chat about unlimited amount of topics with the app and use other modes to practice their language learning.","email":"support@talkpal.ai","legalName":"Talkpal, Inc.","foundingDate":"2023-04-03","duns":"118989042","numberOfEmployees":{"@type":"QuantitativeValue","minValue":"11","maxValue":"50"},"publishingPrinciples":"https:\/\/talkpal.ai\/publishing-principles\/","actionableFeedbackPolicy":"https:\/\/talkpal.ai\/actionable-feedback-policy\/","correctionsPolicy":"https:\/\/talkpal.ai\/corrections-policy\/","ethicsPolicy":"https:\/\/talkpal.ai\/ethics-policy\/","diversityPolicy":"https:\/\/talkpal.ai\/diversity-policy\/","diversityStaffingReport":"https:\/\/talkpal.ai\/diversity-policy\/"}]}},"_links":{"self":[{"href":"https:\/\/talkpal.ai\/sq\/wp-json\/wp\/v2\/pages\/1442805","targetHints":{"allow":["GET"]}}],"collection":[{"href":"https:\/\/talkpal.ai\/sq\/wp-json\/wp\/v2\/pages"}],"about":[{"href":"https:\/\/talkpal.ai\/sq\/wp-json\/wp\/v2\/types\/page"}],"author":[{"embeddable":true,"href":"https:\/\/talkpal.ai\/sq\/wp-json\/wp\/v2\/users\/1"}],"replies":[{"embeddable":true,"href":"https:\/\/talkpal.ai\/sq\/wp-json\/wp\/v2\/comments?post=1442805"}],"version-history":[{"count":0,"href":"https:\/\/talkpal.ai\/sq\/wp-json\/wp\/v2\/pages\/1442805\/revisions"}],"wp:featuredmedia":[{"embeddable":true,"href":"https:\/\/talkpal.ai\/sq\/wp-json\/wp\/v2\/media\/1439823"}],"wp:attachment":[{"href":"https:\/\/talkpal.ai\/sq\/wp-json\/wp\/v2\/media?parent=1442805"}],"curies":[{"name":"wp","href":"https:\/\/api.w.org\/{rel}","templated":true}]}}