{"id":1442804,"date":"2023-05-14T13:59:24","date_gmt":"2023-05-14T13:59:24","guid":{"rendered":"https:\/\/talkpal.ai\/gramatika-afrikane\/"},"modified":"2025-09-06T17:47:01","modified_gmt":"2025-09-06T17:47:01","slug":"gramatika-afrikane","status":"publish","type":"page","link":"https:\/\/talkpal.ai\/sq\/gramatika-afrikane\/","title":{"rendered":"Gramatika afrikane"},"content":{"rendered":"\r\n\r\n\r\n<section class=\"languageChallengeSection\">\r\n    <div class=\"languageInfoWrapper\">\r\n        \r\n        <h1>Gramatika afrikane<\/h1>\r\n        <p>Zbuloni bukurin\u00eb e drejtp\u00ebrdrejt\u00eb t\u00eb afrikanishtes duke m\u00ebsuar rregullat thelb\u00ebsore t\u00eb gramatik\u00ebs. Zot\u00ebrimi i gramatik\u00ebs <a href=\"https:\/\/talkpal.ai\/learn-afrikaans\/\">afrikanisht<\/a> do t&#039;ju fuqizoj\u00eb t\u00eb komunikoni n\u00eb m\u00ebnyr\u00eb efektive dhe t\u00eb shijoni kultur\u00ebn e pasur t\u00eb fol\u00ebsve t\u00eb saj. Filloni udh\u00ebtimin tuaj gramatikor afrikanisht sot dhe hidhni hapin tuaj t\u00eb par\u00eb drejt rrjedhshm\u00ebris\u00eb!<\/p>\r\n\r\n                            <a class=\"getStartedHidden\" href=\"https:\/\/app.talkpal.ai\/signup?lng=\">Filloni<\/a>\r\n        \r\n    <\/div>\r\n\r\n    <figure>\r\n    <img decoding=\"async\" width=\"768\" height=\"768\" src=\"https:\/\/talkpal.ai\/wp-content\/uploads\/2023\/06\/TalkPal-Afrikaans-768x768.png\" class=\"languageImage no-lazy\" alt=\"Language learning for global awareness\" fetchpriority=\"high\" sizes=\"(max-width: 768px) 150px, 768px\" srcset=\"https:\/\/talkpal.ai\/wp-content\/uploads\/2023\/06\/TalkPal-Afrikaans-768x768.png 768w, https:\/\/talkpal.ai\/wp-content\/uploads\/2023\/06\/TalkPal-Afrikaans-300x300.png 300w\" \/>\r\n    \r\n\r\n    <\/figure>\r\n\r\n            <a class=\"getStartedVisible\" href=\"https:\/\/app.talkpal.ai\/signup?lng=\">Filloni<\/a>\r\n    \r\n<\/section>\r\n<section class=\"promotionalBanner\">\r\n    <p class=\"promotionalText\">M\u00ebnyra m\u00eb efikase p\u00ebr t\u00eb m\u00ebsuar nj\u00eb gjuh\u00eb<\/p>\r\n    <a class=\"promotionalLink\" href=\"https:\/\/app.talkpal.ai\/signup?lng=\">Provoni Talkpal falas<\/a>\r\n<\/section>\n<div class=\"wp-block-group pageContainerStyle\"><div class=\"wp-block-group__inner-container is-layout-constrained wp-block-group-is-layout-constrained\">\n<h2 class=\"wp-block-heading\" id=\"h-mastering-afrikaans-grammar-your-ultimate-guide\">Zot\u00ebrimi i gramatik\u00ebs afrikane: Udh\u00ebzuesi juaj p\u00ebrfundimtar<\/h2>\n\n\n\n<p><strong>Goeie dag<\/strong>, <a href=\"https:\/\/talkpal.ai\/talkpal-discount-for-language-enthusiasts\/\">entuziast\u00eb t\u00eb gjuh\u00ebs<\/a>! A jeni gati t\u00eb nisni nj\u00eb udh\u00ebtim n\u00eb bot\u00ebn e <a href=\"https:\/\/talkpal.ai\/sq\/ushtrimet-e-gramatikes-afrikane\/\">gramatik\u00ebs afrikane<\/a>? Ju keni ardhur n\u00eb vendin e duhur. I mbushur me informacione t\u00eb lehta p\u00ebr t&#8217;u kuptuar dhe nj\u00eb ton bisedor, ky artikull do t&#8217;ju udh\u00ebheq\u00eb n\u00ebp\u00ebr sfer\u00ebn magjeps\u00ebse t\u00eb gramatik\u00ebs afrikane. S\u00eb shpejti, do t\u00eb jeni n\u00eb gjendje t\u00eb nd\u00ebrtoni fjali dhe t\u00eb b\u00ebni biseda kuptimplota me fol\u00ebsit amtare. Pra, le t\u00eb fillojm\u00eb!<\/p>\n\n\n\n<p><strong>Por s\u00eb pari, pse gramatika afrikane?<\/strong><\/p>\n\n\n\n<p>N\u00ebse jeni duke m\u00ebsuar afrikanisht, nj\u00eb baz\u00eb e fort\u00eb n\u00eb <a href=\"https:\/\/talkpal.ai\/grammar\/\">gramatik\u00eb<\/a> \u00ebsht\u00eb thelb\u00ebsore p\u00ebr t\u00eb folur, lexuar dhe shkruar rrjedhsh\u00ebm. Nd\u00ebrsa <a href=\"https:\/\/talkpal.ai\/sq\/gramatika\/\">gramatika<\/a> afrikaniste mund t\u00eb duket komplekse n\u00eb fillim, \u00ebsht\u00eb relativisht e thjesht\u00eb pasi ta ndani at\u00eb n\u00eb pjes\u00eb m\u00eb t\u00eb vogla dhe m\u00eb t\u00eb menaxhueshme. Pra, le t\u00eb fillojm\u00eb udh\u00ebtimin tuaj drejt zot\u00ebrimit t\u00eb gramatik\u00ebs afrikane!<\/p>\n\n\n\n<h3 class=\"wp-block-heading\" id=\"h-1-nouns-gender-and-articles\">1. Emrat, gjinia dhe artikujt<\/h3>\n\n\n\n<p>Ndryshe nga shum\u00eb gjuh\u00eb t\u00eb tjera, emrat <a href=\"https:\/\/talkpal.ai\/learn-afrikaans\/\">afrikans<\/a> nuk kan\u00eb gjini, duke i b\u00ebr\u00eb ato m\u00eb t\u00eb thjeshta p\u00ebr t&#8217;u m\u00ebsuar. Artikulli i caktuar &#8220;vdes&#8221; (the) p\u00ebrdoret p\u00ebr t\u00eb gjith\u00eb emrat, nd\u00ebrsa artikujt e pacaktuar &#8220;&#8216;n&#8221; ose &#8220;een&#8221; (a\/an) jan\u00eb gjithashtu neutral\u00eb ndaj gjinis\u00eb.  <\/p>\n\n\n\n<p>P\u00ebr shembull:<\/p>\n\n\n\n<p>\u2013 Die Hond (qeni)<\/p>\n\n\n\n<p>\u2013 &#8216;n hond (nj\u00eb qen)<\/p>\n\n\n\n<h3 class=\"wp-block-heading\" id=\"h-2-adjectives\">2. Mbiemrat<\/h3>\n\n\n\n<p>N\u00eb afrikanisht, mbiemrat zakonisht i paraprijn\u00eb emrit q\u00eb modifikojn\u00eb dhe pajtohen me emrin n\u00eb num\u00ebr. Mbiemrat nuk kan\u00eb marr\u00ebveshje gjinore. P\u00ebr shembull:<\/p>\n\n\n\n<p>\u2013 &#8216;n groot huis (nj\u00eb sht\u00ebpi e madhe)<\/p>\n\n\n\n<p>\u2013 twee groot huise (dy sht\u00ebpi t\u00eb m\u00ebdha)<\/p>\n\n\n\n<p>Disa mbiemra k\u00ebrkojn\u00eb nj\u00eb &#8220;-e&#8221; shtes\u00eb kur p\u00ebrshkruajn\u00eb nj\u00eb em\u00ebr shum\u00ebs:<\/p>\n\n\n\n<p>\u2013 &#8216;n ou man (nj\u00eb burr\u00eb i moshuar)<\/p>\n\n\n\n<p>\u2013 Twee ou Manne (dy burra t\u00eb moshuar)<\/p>\n\n\n\n<h3 class=\"wp-block-heading\" id=\"h-3-verbs-and-tense\">3. Foljet dhe koha<\/h3>\n\n\n\n<p>Foljet afrikaans jan\u00eb relativisht t\u00eb lehta p\u00ebr t&#8217;u m\u00ebsuar pasi ato nuk jan\u00eb t\u00eb lidhura bazuar n\u00eb subjektin e fjalis\u00eb. Gjithashtu, afrikanishtja ka m\u00eb pak koh\u00eb se shum\u00eb gjuh\u00eb t\u00eb tjera. P\u00ebr t&#8217;ju dh\u00ebn\u00eb nj\u00eb shije t\u00eb foljeve afrikane, le t\u00eb diskutojm\u00eb foljet e rregullta n\u00eb koh\u00ebn e tashme:<\/p>\n\n\n\n<p>\u2013 Ek <a href=\"https:\/\/talkpal.ai\/locations\/language-courses-in-leer\/\">leer<\/a> (M\u00ebsoj)<\/p>\n\n\n\n<p>\u2013 Jy\/u leer (ju m\u00ebsoni, joformale\/formale)<\/p>\n\n\n\n<p>\u2013 Hy\/sy\/dit leer (ai\/ajo\/m\u00ebson)<\/p>\n\n\n\n<p>\u2013 Ons\/julle leer (ne\/ju t\u00eb gjith\u00eb m\u00ebsoni)<\/p>\n\n\n\n<p>\u2013 Hulle leer (ata m\u00ebsojn\u00eb)<\/p>\n\n\n\n<p>Mos harroni, kjo \u00ebsht\u00eb vet\u00ebm maja e ajsbergut! Nd\u00ebrsa p\u00ebrparoni n\u00eb studimet tuaja, do t\u00eb hasni koh\u00eb t\u00eb tjera t\u00eb ndryshme dhe disa folje t\u00eb parregullta.<\/p>\n\n\n\n<h3 class=\"wp-block-heading\" id=\"h-4-pronouns-prepositions-and-more\">4. P\u00ebremrat, parafjal\u00ebt dhe m\u00eb shum\u00eb!<\/h3>\n\n\n\n<p>Gramatika afrikane p\u00ebrfshin komponent\u00eb t\u00eb tjer\u00eb si p\u00ebremrat (ek, jy, hy, sy, etj.), parafjal\u00ebt (in, op, met, etj.) dhe shprehjet idiomatike. Nd\u00ebrsa m\u00ebsoni gjuh\u00ebn, do t&#8217;ju duhet t\u00eb zot\u00ebroni secilin prej k\u00ebtyre element\u00ebve p\u00ebr rrjedhshm\u00ebri t\u00eb plot\u00eb.<\/p>\n\n\n\n<p>Si p\u00ebrfundim, zot\u00ebrimi i gramatik\u00ebs afrikanisht k\u00ebrkon k\u00ebmb\u00ebngulje, praktik\u00eb dhe durim. Por pasi t\u00eb keni kuptuar nd\u00ebrlikimet e gjuh\u00ebs, do t\u00eb jeni n\u00eb rrug\u00ebn tuaj p\u00ebr t\u00eb biseduar me fol\u00ebsit amtare, p\u00ebr t\u00eb p\u00ebrjetuar kultur\u00ebn dhe historin\u00eb e pasur t\u00eb bot\u00ebs q\u00eb flet afrikanisht dhe p\u00ebr t\u00eb thelluar dashurin\u00eb tuaj p\u00ebr gjuh\u00ebn. Sterkte (fat i mir\u00eb)!<\/p>\n<\/div><\/div>\n\r\n<section class=\"learnNavigationSection\">\r\n            \r\n        <a href=\"https:\/\/talkpal.ai\/sq\/mesoni-afrikanet\/\">\r\n            <div class=\"learnNavigationWrapper\">\r\n                <div class=\"learnNavigationContent\">\r\n                    <img decoding=\"async\" src=\"https:\/\/talkpal.ai\/wp-content\/uploads\/2024\/08\/Afrikaans.jpg\" alt=\"South Africa Flag\">\r\n                    <div>\r\n                        <h4>Rreth m\u00ebsimit t\u00eb afrikanishtes<\/h4>\r\n                        <p>M\u00ebsoni gjith\u00e7ka rreth gramatik\u00ebs afrikane.<\/p>\r\n                    <\/div>\r\n                <\/div>\r\n            <\/div>\r\n        <\/a>\r\n\r\n        \r\n        <a href=\"https:\/\/talkpal.ai\/sq\/ushtrimet-e-gramatikes-afrikane\/\">\r\n            <div class=\"learnNavigationWrapper\">\r\n                <div class=\"learnNavigationContent\">\r\n                    <img decoding=\"async\" src=\"https:\/\/talkpal.ai\/wp-content\/uploads\/2024\/08\/Afrikaans.jpg\" alt=\"South Africa Flag\">\r\n                    <div>\r\n                        <h4>Ushtrimi i gramatik\u00ebs afrikane<\/h4>\r\n                        <p>Praktikoni gramatik\u00ebn afrikane.<\/p>\r\n                    <\/div>\r\n                <\/div>\r\n            <\/div>\r\n        <\/a>\r\n\r\n        \r\n        <a href=\"https:\/\/talkpal.ai\/vocabulary_language\/afrikaans\/\">\r\n            <div class=\"learnNavigationWrapper\">\r\n                <div class=\"learnNavigationContent\">\r\n                    <img decoding=\"async\" src=\"https:\/\/talkpal.ai\/wp-content\/uploads\/2024\/08\/Afrikaans.jpg\" alt=\"South Africa Flag\">\r\n                    <div>\r\n                        <h4>Fjalori afrikans<\/h4>\r\n                        <p>Zgjeroni fjalorin tuaj afrikanisht.<\/p>\r\n                    <\/div>\r\n                <\/div>\r\n            <\/div>\r\n        <\/a>\r\n\r\n            <\/section>","protected":false},"excerpt":{"rendered":"<p>Zot\u00ebrimi i gramatik\u00ebs afrikane: Udh\u00ebzuesi juaj p\u00ebrfundimtar Goeie dag, entuziast\u00eb t\u00eb gjuh\u00ebs! A jeni gati t\u00eb nisni nj\u00eb udh\u00ebtim n\u00eb bot\u00ebn e gramatik\u00ebs afrikane? Ju keni ardhur n\u00eb vendin e duhur. I mbushur me informacione t\u00eb lehta p\u00ebr t&#8217;u kuptuar dhe nj\u00eb ton bisedor, ky artikull do t&#8217;ju udh\u00ebheq\u00eb n\u00ebp\u00ebr sfer\u00ebn magjeps\u00ebse t\u00eb gramatik\u00ebs afrikane. [&hellip;]<\/p>\n","protected":false},"author":1,"featured_media":1442806,"parent":0,"menu_order":0,"comment_status":"closed","ping_status":"closed","template":"LearningContentPage.php","meta":{"_acf_changed":false,"footnotes":""},"class_list":["post-1442804","page","type-page","status-publish","has-post-thumbnail","hentry"],"acf":[],"yoast_head":"<!-- This site is optimized with the Yoast SEO Premium plugin v27.2 (Yoast SEO v27.2) - https:\/\/yoast.com\/product\/yoast-seo-premium-wordpress\/ -->\n<title>Gramatika afrikane - Talkpal<\/title>\n<meta name=\"description\" content=\"Eksploroni gramatik\u00ebn afrikaniste me udh\u00ebzuesin ton\u00eb miq\u00ebsor p\u00ebr fillestar\u00ebt. Zot\u00ebroni nd\u00ebrtimin e fjalive dhe rritni aft\u00ebsit\u00eb tuaja bisedore.\" \/>\n<meta name=\"robots\" content=\"index, follow, max-snippet:-1, max-image-preview:large, max-video-preview:-1\" \/>\n<link rel=\"canonical\" href=\"https:\/\/talkpal.ai\/sq\/gramatika-afrikane\/\" \/>\n<meta property=\"og:locale\" content=\"sq_AL\" \/>\n<meta property=\"og:type\" content=\"article\" \/>\n<meta property=\"og:title\" content=\"Gramatika afrikane\" \/>\n<meta property=\"og:description\" content=\"Zot\u00ebrimi i gramatik\u00ebs afrikane: Udh\u00ebzuesi juaj p\u00ebrfundimtar Goeie dag, entuziast\u00eb t\u00eb gjuh\u00ebs! A jeni gati t\u00eb nisni nj\u00eb udh\u00ebtim n\u00eb bot\u00ebn e gramatik\u00ebs\" \/>\n<meta property=\"og:url\" content=\"https:\/\/talkpal.ai\/sq\/gramatika-afrikane\/\" \/>\n<meta property=\"og:site_name\" content=\"Talkpal\" \/>\n<meta property=\"article:publisher\" content=\"https:\/\/www.facebook.com\/profile.php?id=100090733639311\" \/>\n<meta property=\"article:modified_time\" content=\"2025-09-06T17:47:01+00:00\" \/>\n<meta property=\"og:image\" content=\"https:\/\/talkpal.ai\/wp-content\/uploads\/2023\/05\/south-africa.png\" \/>\n\t<meta property=\"og:image:width\" content=\"512\" \/>\n\t<meta property=\"og:image:height\" content=\"512\" \/>\n\t<meta property=\"og:image:type\" content=\"image\/png\" \/>\n<meta name=\"twitter:card\" content=\"summary_large_image\" \/>\n<meta name=\"twitter:site\" content=\"@talkpalai\" \/>\n<meta name=\"twitter:label1\" content=\"Est. reading time\" \/>\n\t<meta name=\"twitter:data1\" content=\"3 minutes\" \/>\n<script type=\"application\/ld+json\" class=\"yoast-schema-graph\">{\"@context\":\"https:\/\/schema.org\",\"@graph\":[{\"@type\":\"WebPage\",\"@id\":\"https:\/\/talkpal.ai\/sq\/gramatika-afrikane\/\",\"url\":\"https:\/\/talkpal.ai\/sq\/gramatika-afrikane\/\",\"name\":\"Gramatika afrikane - Talkpal\",\"isPartOf\":{\"@id\":\"https:\/\/talkpal.ai\/sq\/#website\"},\"primaryImageOfPage\":{\"@id\":\"https:\/\/talkpal.ai\/sq\/gramatika-afrikane\/#primaryimage\"},\"image\":{\"@id\":\"https:\/\/talkpal.ai\/sq\/gramatika-afrikane\/#primaryimage\"},\"thumbnailUrl\":\"https:\/\/talkpal.ai\/wp-content\/uploads\/2023\/05\/south-africa.png\",\"datePublished\":\"2023-05-14T13:59:24+00:00\",\"dateModified\":\"2025-09-06T17:47:01+00:00\",\"description\":\"Eksploroni gramatik\u00ebn afrikaniste me udh\u00ebzuesin ton\u00eb miq\u00ebsor p\u00ebr fillestar\u00ebt. Zot\u00ebroni nd\u00ebrtimin e fjalive dhe rritni aft\u00ebsit\u00eb tuaja bisedore.\",\"breadcrumb\":{\"@id\":\"https:\/\/talkpal.ai\/sq\/gramatika-afrikane\/#breadcrumb\"},\"inLanguage\":\"sq-AL\",\"potentialAction\":[{\"@type\":\"ReadAction\",\"target\":[\"https:\/\/talkpal.ai\/sq\/gramatika-afrikane\/\"]}]},{\"@type\":\"ImageObject\",\"inLanguage\":\"sq-AL\",\"@id\":\"https:\/\/talkpal.ai\/sq\/gramatika-afrikane\/#primaryimage\",\"url\":\"https:\/\/talkpal.ai\/wp-content\/uploads\/2023\/05\/south-africa.png\",\"contentUrl\":\"https:\/\/talkpal.ai\/wp-content\/uploads\/2023\/05\/south-africa.png\",\"width\":512,\"height\":512,\"caption\":\"TalkPal South Arica Flag\"},{\"@type\":\"BreadcrumbList\",\"@id\":\"https:\/\/talkpal.ai\/sq\/gramatika-afrikane\/#breadcrumb\",\"itemListElement\":[{\"@type\":\"ListItem\",\"position\":1,\"name\":\"Homepage\",\"item\":\"https:\/\/talkpal.ai\/sq\/\"},{\"@type\":\"ListItem\",\"position\":2,\"name\":\"Gramatika afrikane\"}]},{\"@type\":\"WebSite\",\"@id\":\"https:\/\/talkpal.ai\/sq\/#website\",\"url\":\"https:\/\/talkpal.ai\/sq\/\",\"name\":\"Talkpal\",\"description\":\"AI Language Learning\",\"publisher\":{\"@id\":\"https:\/\/talkpal.ai\/sq\/#organization\"},\"alternateName\":\"Talkpal AI\",\"potentialAction\":[{\"@type\":\"SearchAction\",\"target\":{\"@type\":\"EntryPoint\",\"urlTemplate\":\"https:\/\/talkpal.ai\/sq\/?s={search_term_string}\"},\"query-input\":{\"@type\":\"PropertyValueSpecification\",\"valueRequired\":true,\"valueName\":\"search_term_string\"}}],\"inLanguage\":\"sq-AL\"},{\"@type\":\"Organization\",\"@id\":\"https:\/\/talkpal.ai\/sq\/#organization\",\"name\":\"Talkpal, Inc.\",\"alternateName\":\"Talkpal AI\",\"url\":\"https:\/\/talkpal.ai\/sq\/\",\"logo\":{\"@type\":\"ImageObject\",\"inLanguage\":\"sq-AL\",\"@id\":\"https:\/\/talkpal.ai\/sq\/#\/schema\/logo\/image\/\",\"url\":\"https:\/\/talkpal.ai\/wp-content\/uploads\/2024\/03\/Talkpal-Logo-Icon.png\",\"contentUrl\":\"https:\/\/talkpal.ai\/wp-content\/uploads\/2024\/03\/Talkpal-Logo-Icon.png\",\"width\":2880,\"height\":2880,\"caption\":\"Talkpal, Inc.\"},\"image\":{\"@id\":\"https:\/\/talkpal.ai\/sq\/#\/schema\/logo\/image\/\"},\"sameAs\":[\"https:\/\/www.facebook.com\/profile.php?id=100090733639311\",\"https:\/\/x.com\/talkpalai\",\"https:\/\/www.linkedin.com\/company\/talkpal\/\",\"https:\/\/www.youtube.com\/@TalkPal\/\",\"https:\/\/www.tiktok.com\/@talkpal\",\"https:\/\/www.instagram.com\/talkpal_ai\/\",\"https:\/\/www.crunchbase.com\/organization\/talkpal-9cde\",\"https:\/\/www.g2.com\/products\/talkpal-for-business\/\",\"https:\/\/www.trustpilot.com\/review\/talkpal.ai\",\"https:\/\/www.capterra.com\/p\/10006800\/TalkPal\/\"],\"description\":\"Talkpal is a language learning web and mobile education app, powered by the latest AI technologies, that provides engaging experiences to its customers in many different languages to help them improve their language skills. Users can chat about unlimited amount of topics with the app and use other modes to practice their language learning.\",\"email\":\"support@talkpal.ai\",\"legalName\":\"Talkpal, Inc.\",\"foundingDate\":\"2023-04-03\",\"duns\":\"118989042\",\"numberOfEmployees\":{\"@type\":\"QuantitativeValue\",\"minValue\":\"11\",\"maxValue\":\"50\"},\"publishingPrinciples\":\"https:\/\/talkpal.ai\/publishing-principles\/\",\"actionableFeedbackPolicy\":\"https:\/\/talkpal.ai\/actionable-feedback-policy\/\",\"correctionsPolicy\":\"https:\/\/talkpal.ai\/corrections-policy\/\",\"ethicsPolicy\":\"https:\/\/talkpal.ai\/ethics-policy\/\",\"diversityPolicy\":\"https:\/\/talkpal.ai\/diversity-policy\/\",\"diversityStaffingReport\":\"https:\/\/talkpal.ai\/diversity-policy\/\"}]}<\/script>\n<!-- \/ Yoast SEO Premium plugin. -->","yoast_head_json":{"title":"Gramatika afrikane - Talkpal","description":"Eksploroni gramatik\u00ebn afrikaniste me udh\u00ebzuesin ton\u00eb miq\u00ebsor p\u00ebr fillestar\u00ebt. Zot\u00ebroni nd\u00ebrtimin e fjalive dhe rritni aft\u00ebsit\u00eb tuaja bisedore.","robots":{"index":"index","follow":"follow","max-snippet":"max-snippet:-1","max-image-preview":"max-image-preview:large","max-video-preview":"max-video-preview:-1"},"canonical":"https:\/\/talkpal.ai\/sq\/gramatika-afrikane\/","og_locale":"sq_AL","og_type":"article","og_title":"Gramatika afrikane","og_description":"Zot\u00ebrimi i gramatik\u00ebs afrikane: Udh\u00ebzuesi juaj p\u00ebrfundimtar Goeie dag, entuziast\u00eb t\u00eb gjuh\u00ebs! A jeni gati t\u00eb nisni nj\u00eb udh\u00ebtim n\u00eb bot\u00ebn e gramatik\u00ebs","og_url":"https:\/\/talkpal.ai\/sq\/gramatika-afrikane\/","og_site_name":"Talkpal","article_publisher":"https:\/\/www.facebook.com\/profile.php?id=100090733639311","article_modified_time":"2025-09-06T17:47:01+00:00","og_image":[{"width":512,"height":512,"url":"https:\/\/talkpal.ai\/wp-content\/uploads\/2023\/05\/south-africa.png","type":"image\/png"}],"twitter_card":"summary_large_image","twitter_site":"@talkpalai","twitter_misc":{"Est. reading time":"3 minutes"},"schema":{"@context":"https:\/\/schema.org","@graph":[{"@type":"WebPage","@id":"https:\/\/talkpal.ai\/sq\/gramatika-afrikane\/","url":"https:\/\/talkpal.ai\/sq\/gramatika-afrikane\/","name":"Gramatika afrikane - Talkpal","isPartOf":{"@id":"https:\/\/talkpal.ai\/sq\/#website"},"primaryImageOfPage":{"@id":"https:\/\/talkpal.ai\/sq\/gramatika-afrikane\/#primaryimage"},"image":{"@id":"https:\/\/talkpal.ai\/sq\/gramatika-afrikane\/#primaryimage"},"thumbnailUrl":"https:\/\/talkpal.ai\/wp-content\/uploads\/2023\/05\/south-africa.png","datePublished":"2023-05-14T13:59:24+00:00","dateModified":"2025-09-06T17:47:01+00:00","description":"Eksploroni gramatik\u00ebn afrikaniste me udh\u00ebzuesin ton\u00eb miq\u00ebsor p\u00ebr fillestar\u00ebt. Zot\u00ebroni nd\u00ebrtimin e fjalive dhe rritni aft\u00ebsit\u00eb tuaja bisedore.","breadcrumb":{"@id":"https:\/\/talkpal.ai\/sq\/gramatika-afrikane\/#breadcrumb"},"inLanguage":"sq-AL","potentialAction":[{"@type":"ReadAction","target":["https:\/\/talkpal.ai\/sq\/gramatika-afrikane\/"]}]},{"@type":"ImageObject","inLanguage":"sq-AL","@id":"https:\/\/talkpal.ai\/sq\/gramatika-afrikane\/#primaryimage","url":"https:\/\/talkpal.ai\/wp-content\/uploads\/2023\/05\/south-africa.png","contentUrl":"https:\/\/talkpal.ai\/wp-content\/uploads\/2023\/05\/south-africa.png","width":512,"height":512,"caption":"TalkPal South Arica Flag"},{"@type":"BreadcrumbList","@id":"https:\/\/talkpal.ai\/sq\/gramatika-afrikane\/#breadcrumb","itemListElement":[{"@type":"ListItem","position":1,"name":"Homepage","item":"https:\/\/talkpal.ai\/sq\/"},{"@type":"ListItem","position":2,"name":"Gramatika afrikane"}]},{"@type":"WebSite","@id":"https:\/\/talkpal.ai\/sq\/#website","url":"https:\/\/talkpal.ai\/sq\/","name":"Talkpal","description":"AI Language Learning","publisher":{"@id":"https:\/\/talkpal.ai\/sq\/#organization"},"alternateName":"Talkpal AI","potentialAction":[{"@type":"SearchAction","target":{"@type":"EntryPoint","urlTemplate":"https:\/\/talkpal.ai\/sq\/?s={search_term_string}"},"query-input":{"@type":"PropertyValueSpecification","valueRequired":true,"valueName":"search_term_string"}}],"inLanguage":"sq-AL"},{"@type":"Organization","@id":"https:\/\/talkpal.ai\/sq\/#organization","name":"Talkpal, Inc.","alternateName":"Talkpal AI","url":"https:\/\/talkpal.ai\/sq\/","logo":{"@type":"ImageObject","inLanguage":"sq-AL","@id":"https:\/\/talkpal.ai\/sq\/#\/schema\/logo\/image\/","url":"https:\/\/talkpal.ai\/wp-content\/uploads\/2024\/03\/Talkpal-Logo-Icon.png","contentUrl":"https:\/\/talkpal.ai\/wp-content\/uploads\/2024\/03\/Talkpal-Logo-Icon.png","width":2880,"height":2880,"caption":"Talkpal, Inc."},"image":{"@id":"https:\/\/talkpal.ai\/sq\/#\/schema\/logo\/image\/"},"sameAs":["https:\/\/www.facebook.com\/profile.php?id=100090733639311","https:\/\/x.com\/talkpalai","https:\/\/www.linkedin.com\/company\/talkpal\/","https:\/\/www.youtube.com\/@TalkPal\/","https:\/\/www.tiktok.com\/@talkpal","https:\/\/www.instagram.com\/talkpal_ai\/","https:\/\/www.crunchbase.com\/organization\/talkpal-9cde","https:\/\/www.g2.com\/products\/talkpal-for-business\/","https:\/\/www.trustpilot.com\/review\/talkpal.ai","https:\/\/www.capterra.com\/p\/10006800\/TalkPal\/"],"description":"Talkpal is a language learning web and mobile education app, powered by the latest AI technologies, that provides engaging experiences to its customers in many different languages to help them improve their language skills. Users can chat about unlimited amount of topics with the app and use other modes to practice their language learning.","email":"support@talkpal.ai","legalName":"Talkpal, Inc.","foundingDate":"2023-04-03","duns":"118989042","numberOfEmployees":{"@type":"QuantitativeValue","minValue":"11","maxValue":"50"},"publishingPrinciples":"https:\/\/talkpal.ai\/publishing-principles\/","actionableFeedbackPolicy":"https:\/\/talkpal.ai\/actionable-feedback-policy\/","correctionsPolicy":"https:\/\/talkpal.ai\/corrections-policy\/","ethicsPolicy":"https:\/\/talkpal.ai\/ethics-policy\/","diversityPolicy":"https:\/\/talkpal.ai\/diversity-policy\/","diversityStaffingReport":"https:\/\/talkpal.ai\/diversity-policy\/"}]}},"_links":{"self":[{"href":"https:\/\/talkpal.ai\/sq\/wp-json\/wp\/v2\/pages\/1442804","targetHints":{"allow":["GET"]}}],"collection":[{"href":"https:\/\/talkpal.ai\/sq\/wp-json\/wp\/v2\/pages"}],"about":[{"href":"https:\/\/talkpal.ai\/sq\/wp-json\/wp\/v2\/types\/page"}],"author":[{"embeddable":true,"href":"https:\/\/talkpal.ai\/sq\/wp-json\/wp\/v2\/users\/1"}],"replies":[{"embeddable":true,"href":"https:\/\/talkpal.ai\/sq\/wp-json\/wp\/v2\/comments?post=1442804"}],"version-history":[{"count":0,"href":"https:\/\/talkpal.ai\/sq\/wp-json\/wp\/v2\/pages\/1442804\/revisions"}],"wp:featuredmedia":[{"embeddable":true,"href":"https:\/\/talkpal.ai\/sq\/wp-json\/wp\/v2\/media\/1442806"}],"wp:attachment":[{"href":"https:\/\/talkpal.ai\/sq\/wp-json\/wp\/v2\/media?parent=1442804"}],"curies":[{"name":"wp","href":"https:\/\/api.w.org\/{rel}","templated":true}]}}