{"id":1442800,"date":"2023-05-14T13:54:14","date_gmt":"2023-05-14T13:54:14","guid":{"rendered":"https:\/\/talkpal.ai\/gramatika-armene\/"},"modified":"2025-09-06T17:47:00","modified_gmt":"2025-09-06T17:47:00","slug":"gramatika-armene","status":"publish","type":"page","link":"https:\/\/talkpal.ai\/sq\/gramatika-armene\/","title":{"rendered":"Gramatika armene"},"content":{"rendered":"\r\n\r\n\r\n<section class=\"languageChallengeSection\">\r\n    <div class=\"languageInfoWrapper\">\r\n        \r\n        <h1>Gramatika armene<\/h1>\r\n        <p>Gati p\u00ebr t\u00eb eksploruar nj\u00eb gjuh\u00eb t\u00eb re? <a href=\"https:\/\/talkpal.ai\/sq\/gramatika\/\">Gramatika<\/a> armene \u00ebsht\u00eb porta juaj p\u00ebr n\u00eb nj\u00eb bot\u00eb me modele magjeps\u00ebse dhe tradita unike! Nd\u00ebrsa m\u00ebsoni gramatik\u00ebn armene, jo vet\u00ebm q\u00eb do t\u00eb zot\u00ebroni nj\u00eb gjuh\u00eb, por edhe do t\u00eb lidheni me trash\u00ebgimin\u00eb e thell\u00eb kulturore t\u00eb Armenis\u00eb. Le t\u00eb zhytemi s\u00eb bashku dhe t\u00eb shijojm\u00eb udh\u00ebtimin n\u00eb <a href=\"https:\/\/talkpal.ai\/learn-armenian\/\">Armenisht<\/a>!<\/p>\r\n\r\n                            <a class=\"getStartedHidden\" href=\"https:\/\/app.talkpal.ai\/signup?lng=\">Filloni<\/a>\r\n        \r\n    <\/div>\r\n\r\n    <figure>\r\n    <img decoding=\"async\" width=\"768\" height=\"768\" src=\"https:\/\/talkpal.ai\/wp-content\/uploads\/2023\/06\/armenian-768x768.png\" class=\"languageImage no-lazy\" alt=\"Language learning for higher cognition\" fetchpriority=\"high\" sizes=\"(max-width: 768px) 150px, 768px\" srcset=\"https:\/\/talkpal.ai\/wp-content\/uploads\/2023\/06\/armenian-768x768.png 768w, https:\/\/talkpal.ai\/wp-content\/uploads\/2023\/06\/armenian-300x300.png 300w\" \/>\r\n    \r\n\r\n    <\/figure>\r\n\r\n            <a class=\"getStartedVisible\" href=\"https:\/\/app.talkpal.ai\/signup?lng=\">Filloni<\/a>\r\n    \r\n<\/section>\r\n<section class=\"promotionalBanner\">\r\n    <p class=\"promotionalText\">M\u00ebnyra m\u00eb efikase p\u00ebr t\u00eb m\u00ebsuar nj\u00eb gjuh\u00eb<\/p>\r\n    <a class=\"promotionalLink\" href=\"https:\/\/app.talkpal.ai\/signup?lng=\">Provoni Talkpal falas<\/a>\r\n<\/section>\n<div class=\"wp-block-group pageContainerStyle\"><div class=\"wp-block-group__inner-container is-layout-constrained wp-block-group-is-layout-constrained\">\n<h2 class=\"wp-block-heading\" id=\"h-discovering-the-richness-of-armenian-grammar\">Zbulimi i pasuris\u00eb s\u00eb gramatik\u00ebs armene<\/h2>\n\n\n\n<p>Armenishtja, nj\u00eb gjuh\u00eb unike dhe magjeps\u00ebse, z\u00eb nj\u00eb vend t\u00eb ve\u00e7ant\u00eb n\u00eb familjen indo-evropiane. M\u00ebsimi i armenishtes jo vet\u00ebm q\u00eb pasuron repertorin tuaj gjuh\u00ebsor, por gjithashtu ju mund\u00ebson t\u00eb zhyteni n\u00eb historin\u00eb dhe kultur\u00ebn e pasur t\u00eb Armenis\u00eb. Nd\u00ebrsa gramatika armene mund t\u00eb duket e frikshme n\u00eb shikim t\u00eb par\u00eb, ndarja e saj n\u00eb komponent\u00ebt e saj thelb\u00ebsor\u00eb thjeshton procesin. N\u00eb k\u00ebt\u00eb artikull, ne do t&#8217;ju prezantojm\u00eb me bot\u00ebn magjeps\u00ebse t\u00eb gramatik\u00ebs armene dhe do t&#8217;ju japim k\u00ebshilla <a href=\"https:\/\/talkpal.ai\/culture\/what-is-the-difference-between-se-and-si\/\">se si<\/a> t\u00eb zot\u00ebroni nd\u00ebrlikimet e saj.<\/p>\n\n\n\n<h3 class=\"wp-block-heading\" id=\"h-1-the-armenian-alphabet\">1. Alfabeti Armen<\/h3>\n\n\n\n<p>Armenishtja ka alfabetin e saj t\u00eb ve\u00e7ant\u00eb, t\u00eb p\u00ebrb\u00ebr\u00eb nga 39 shkronja, secila p\u00ebrfaq\u00ebson nj\u00eb fonem\u00eb specifike ose kombinim fonemash. P\u00ebr t\u00eb m\u00ebsuar gramatik\u00ebn armene, \u00ebsht\u00eb thelb\u00ebsore t\u00eb njiheni me k\u00ebt\u00eb sistem unik shkrimi duke praktikuar leximin dhe shkrimin e teksteve armene.<\/p>\n\n\n\n<h3 class=\"wp-block-heading\" id=\"h-2-nouns-gender-and-cases\">2. Emrat: Gjinia dhe rastet<\/h3>\n\n\n\n<p>Emrat armen\u00eb nuk kan\u00eb gjini gramatikore si shum\u00eb gjuh\u00eb t\u00eb tjera. Megjithat\u00eb, ata kan\u00eb disa raste, duke p\u00ebrfshir\u00eb nominativ, akuzativ, dativ, gjenitiv, instrumental, ablativ dhe lokativ. M\u00ebsimi i rregullave p\u00ebr formimin e k\u00ebtyre rasteve do t&#8217;ju lejoj\u00eb t\u00eb kuptoni dhe strukturoni m\u00eb mir\u00eb fjalit\u00eb armene.<\/p>\n\n\n\n<h3 class=\"wp-block-heading\" id=\"h-3-verbs-conjugation-and-tense\">3. Foljet: Konjugimi dhe koha<\/h3>\n\n\n\n<p>Foljet armene jan\u00eb t\u00eb lidhura sipas koh\u00ebs, humorit dhe aspektit t\u00eb <a href=\"https:\/\/talkpal.ai\/locations\/language-courses-in-tyre\/\">tyre<\/a>. Ekzistojn\u00eb shtat\u00eb koh\u00eb themelore n\u00eb armenisht, duke p\u00ebrfshir\u00eb t\u00eb tashmen, t\u00eb pap\u00ebrsosur, t\u00eb p\u00ebrsosur, aorist, t\u00eb ardhmen, pluperfekt dhe t\u00eb ardhmen e p\u00ebrsosur. Foljet e rregullta ndjekin modele specifike konjugimi, duke i b\u00ebr\u00eb ato relativisht t\u00eb lehta p\u00ebr t&#8217;u m\u00ebsuar pasi t\u00eb kuptoni rregullat.<\/p>\n\n\n\n<h3 class=\"wp-block-heading\" id=\"h-4-adjectives-agreement-and-placement\">4. Mbiemrat: Marr\u00ebveshja dhe vendosja<\/h3>\n\n\n\n<p>N\u00eb gramatik\u00ebn armene, mbiemrat n\u00eb p\u00ebrgjith\u00ebsi vijn\u00eb para emrit q\u00eb modifikojn\u00eb dhe nuk duhet t\u00eb bien dakord n\u00eb rast me emrin. Megjithat\u00eb, mbiemrat mund t\u00eb refuzohen n\u00ebse p\u00ebrdoren n\u00eb m\u00ebnyr\u00eb substanciale (si em\u00ebr) ose paraprihen nga p\u00ebremra t\u00eb caktuar demonstrativ\u00eb dhe pronor\u00eb<\/p>\n\n\n\n<p><strong>Shembuj:<\/strong><\/p>\n\n\n\n<p>\u2013 \u054d\u0578\u0582\u0580\u0562 T\u0561\u0573\u0561\u0580 (Surb Tachar) \u2013 Holy <a href=\"https:\/\/talkpal.ai\/locations\/learn-english-in-temple\/\">Temple<\/a><\/p>\n\n\n\n<p>\u2013 kjo sht\u00ebpi e madhe (ays <a href=\"https:\/\/talkpal.ai\/locations\/language-courses-in-metz\/\">metz<\/a> tun) \u2013 kjo sht\u00ebpi e madhe<\/p>\n\n\n\n<h3 class=\"wp-block-heading\" id=\"h-5-evidentiality-in-verbs\">5. D\u00ebshmia n\u00eb folje<\/h3>\n\n\n\n<p>Nj\u00eb aspekt unik i gramatik\u00ebs armene \u00ebsht\u00eb p\u00ebrdorimi i foljeve provuese. Kjo ve\u00e7ori tregon burimin e njohurive t\u00eb nj\u00eb fol\u00ebsi (p\u00ebrvoj\u00eb personale, d\u00ebgjim ose konkluzion) n\u00eb lidhje me veprimin n\u00eb nj\u00eb fjali. T&#8217;i kushtoni v\u00ebmendje k\u00ebtyre nuancave mund t&#8217;ju ndihmoj\u00eb t\u00eb siguroni kontekst dhe qart\u00ebsi n\u00eb bised\u00ebn tuaj.<\/p>\n\n\n\n<h3 class=\"wp-block-heading\" id=\"h-6-engaging-with-the-language\">6. Angazhimi me gjuh\u00ebn<\/h3>\n\n\n\n<p>M\u00ebnyra m\u00eb efektive p\u00ebr t\u00eb kuptuar dhe p\u00ebrvet\u00ebsuar gramatik\u00ebn armene \u00ebsht\u00eb t\u00eb nd\u00ebrveproni rregullisht me gjuh\u00ebn. Duke lexuar let\u00ebrsi armene, duke par\u00eb filma ose seriale televizive dhe duke komunikuar n\u00eb m\u00ebnyr\u00eb aktive me fol\u00ebsit amtare, ju do t\u00eb p\u00ebrforconi t\u00eb kuptuarit tuaj t\u00eb gramatik\u00ebs dhe do t\u00eb zgjeroni fjalorin tuaj nj\u00ebkoh\u00ebsisht.<\/p>\n\n\n\n<h3 class=\"wp-block-heading\" id=\"h-conclusion\">P\u00ebrfundimi<\/h3>\n\n\n\n<p>Megjith\u00ebse gramatika armene mund t\u00eb duket e nd\u00ebrlikuar, qasja hap pas hapi dhe praktikimi i vazhduesh\u00ebm do t&#8217;ju ndihmoj\u00eb t\u00eb b\u00ebheni t\u00eb aft\u00eb n\u00eb k\u00ebt\u00eb gjuh\u00eb t\u00eb bukur. P\u00ebrqafoni sfid\u00ebn nd\u00ebrsa filloni aventur\u00ebn tuaj n\u00eb gjuh\u00ebn armene dhe s\u00eb shpejti do ta gjeni veten duke lundruar n\u00eb nuancat e gramatik\u00ebs s\u00eb saj me besim n\u00eb rritje. G\u00ebzuar studimin dhe k\u00ebnaquni duke eksploruar pasurin\u00eb e gramatik\u00ebs armene!<\/p>\n<\/div><\/div>\n\r\n<section class=\"learnNavigationSection\">\r\n            \r\n        <a href=\"https:\/\/talkpal.ai\/sq\/meso-armenisht\/\">\r\n            <div class=\"learnNavigationWrapper\">\r\n                <div class=\"learnNavigationContent\">\r\n                    <img decoding=\"async\" src=\"https:\/\/talkpal.ai\/wp-content\/uploads\/2024\/08\/Armenian.jpg\" alt=\"Armenian Flag\">\r\n                    <div>\r\n                        <h4>Rreth m\u00ebsimit armen<\/h4>\r\n                        <p>M\u00ebsoni gjith\u00e7ka rreth gramatik\u00ebs armene.<\/p>\r\n                    <\/div>\r\n                <\/div>\r\n            <\/div>\r\n        <\/a>\r\n\r\n        \r\n        <a href=\"https:\/\/talkpal.ai\/sq\/ushtrimet-gramatikore-armene\/\">\r\n            <div class=\"learnNavigationWrapper\">\r\n                <div class=\"learnNavigationContent\">\r\n                    <img decoding=\"async\" src=\"https:\/\/talkpal.ai\/wp-content\/uploads\/2024\/08\/Armenian.jpg\" alt=\"Armenian Flag\">\r\n                    <div>\r\n                        <h4>Ushtrimi i gramatik\u00ebs armene<\/h4>\r\n                        <p>Praktikoni gramatik\u00ebn armene.<\/p>\r\n                    <\/div>\r\n                <\/div>\r\n            <\/div>\r\n        <\/a>\r\n\r\n        \r\n        <a href=\"https:\/\/talkpal.ai\/vocabulary_language\/armenian\/\">\r\n            <div class=\"learnNavigationWrapper\">\r\n                <div class=\"learnNavigationContent\">\r\n                    <img decoding=\"async\" src=\"https:\/\/talkpal.ai\/wp-content\/uploads\/2024\/08\/Armenian.jpg\" alt=\"Armenian Flag\">\r\n                    <div>\r\n                        <h4>Fjalori armen<\/h4>\r\n                        <p>Zgjeroni fjalorin tuaj armen.<\/p>\r\n                    <\/div>\r\n                <\/div>\r\n            <\/div>\r\n        <\/a>\r\n\r\n            <\/section>","protected":false},"excerpt":{"rendered":"<p>Zbulimi i pasuris\u00eb s\u00eb gramatik\u00ebs armene Armenishtja, nj\u00eb gjuh\u00eb unike dhe magjeps\u00ebse, z\u00eb nj\u00eb vend t\u00eb ve\u00e7ant\u00eb n\u00eb familjen indo-evropiane. M\u00ebsimi i armenishtes jo vet\u00ebm q\u00eb pasuron repertorin tuaj gjuh\u00ebsor, por gjithashtu ju mund\u00ebson t\u00eb zhyteni n\u00eb historin\u00eb dhe kultur\u00ebn e pasur t\u00eb Armenis\u00eb. Nd\u00ebrsa gramatika armene mund t\u00eb duket e frikshme n\u00eb shikim t\u00eb [&hellip;]<\/p>\n","protected":false},"author":1,"featured_media":1442715,"parent":0,"menu_order":0,"comment_status":"closed","ping_status":"closed","template":"LearningContentPage.php","meta":{"_acf_changed":false,"footnotes":""},"class_list":["post-1442800","page","type-page","status-publish","has-post-thumbnail","hentry"],"acf":[],"yoast_head":"<!-- This site is optimized with the Yoast SEO Premium plugin v27.2 (Yoast SEO v27.2) - https:\/\/yoast.com\/product\/yoast-seo-premium-wordpress\/ -->\n<title>Gramatika armene - Talkpal<\/title>\n<meta name=\"description\" content=\"Zhbllokoni sekretet e gramatik\u00ebs armene dhe eksploroni kultur\u00ebn e pasur t\u00eb Armenis\u00eb duke zot\u00ebruar k\u00ebt\u00eb gjuh\u00eb magjeps\u00ebse.\" \/>\n<meta name=\"robots\" content=\"index, follow, max-snippet:-1, max-image-preview:large, max-video-preview:-1\" \/>\n<link rel=\"canonical\" href=\"https:\/\/talkpal.ai\/sq\/gramatika-armene\/\" \/>\n<meta property=\"og:locale\" content=\"sq_AL\" \/>\n<meta property=\"og:type\" content=\"article\" \/>\n<meta property=\"og:title\" content=\"Gramatika armene\" \/>\n<meta property=\"og:description\" content=\"Zbulimi i pasuris\u00eb s\u00eb gramatik\u00ebs armene Armenishtja, nj\u00eb gjuh\u00eb unike dhe magjeps\u00ebse, z\u00eb nj\u00eb vend t\u00eb ve\u00e7ant\u00eb n\u00eb familjen indo-evropiane. M\u00ebsimi i\" \/>\n<meta property=\"og:url\" content=\"https:\/\/talkpal.ai\/sq\/gramatika-armene\/\" \/>\n<meta property=\"og:site_name\" content=\"Talkpal\" \/>\n<meta property=\"article:publisher\" content=\"https:\/\/www.facebook.com\/profile.php?id=100090733639311\" \/>\n<meta property=\"article:modified_time\" content=\"2025-09-06T17:47:00+00:00\" \/>\n<meta property=\"og:image\" content=\"https:\/\/talkpal.ai\/wp-content\/uploads\/2023\/05\/armenia.png\" \/>\n\t<meta property=\"og:image:width\" content=\"512\" \/>\n\t<meta property=\"og:image:height\" content=\"512\" \/>\n\t<meta property=\"og:image:type\" content=\"image\/png\" \/>\n<meta name=\"twitter:card\" content=\"summary_large_image\" \/>\n<meta name=\"twitter:site\" content=\"@talkpalai\" \/>\n<meta name=\"twitter:label1\" content=\"Est. reading time\" \/>\n\t<meta name=\"twitter:data1\" content=\"3 minutes\" \/>\n<script type=\"application\/ld+json\" class=\"yoast-schema-graph\">{\"@context\":\"https:\/\/schema.org\",\"@graph\":[{\"@type\":\"WebPage\",\"@id\":\"https:\/\/talkpal.ai\/sq\/gramatika-armene\/\",\"url\":\"https:\/\/talkpal.ai\/sq\/gramatika-armene\/\",\"name\":\"Gramatika armene - Talkpal\",\"isPartOf\":{\"@id\":\"https:\/\/talkpal.ai\/sq\/#website\"},\"primaryImageOfPage\":{\"@id\":\"https:\/\/talkpal.ai\/sq\/gramatika-armene\/#primaryimage\"},\"image\":{\"@id\":\"https:\/\/talkpal.ai\/sq\/gramatika-armene\/#primaryimage\"},\"thumbnailUrl\":\"https:\/\/talkpal.ai\/wp-content\/uploads\/2023\/05\/armenia.png\",\"datePublished\":\"2023-05-14T13:54:14+00:00\",\"dateModified\":\"2025-09-06T17:47:00+00:00\",\"description\":\"Zhbllokoni sekretet e gramatik\u00ebs armene dhe eksploroni kultur\u00ebn e pasur t\u00eb Armenis\u00eb duke zot\u00ebruar k\u00ebt\u00eb gjuh\u00eb magjeps\u00ebse.\",\"breadcrumb\":{\"@id\":\"https:\/\/talkpal.ai\/sq\/gramatika-armene\/#breadcrumb\"},\"inLanguage\":\"sq-AL\",\"potentialAction\":[{\"@type\":\"ReadAction\",\"target\":[\"https:\/\/talkpal.ai\/sq\/gramatika-armene\/\"]}]},{\"@type\":\"ImageObject\",\"inLanguage\":\"sq-AL\",\"@id\":\"https:\/\/talkpal.ai\/sq\/gramatika-armene\/#primaryimage\",\"url\":\"https:\/\/talkpal.ai\/wp-content\/uploads\/2023\/05\/armenia.png\",\"contentUrl\":\"https:\/\/talkpal.ai\/wp-content\/uploads\/2023\/05\/armenia.png\",\"width\":512,\"height\":512,\"caption\":\"TalkPal Armenia Flag\"},{\"@type\":\"BreadcrumbList\",\"@id\":\"https:\/\/talkpal.ai\/sq\/gramatika-armene\/#breadcrumb\",\"itemListElement\":[{\"@type\":\"ListItem\",\"position\":1,\"name\":\"Homepage\",\"item\":\"https:\/\/talkpal.ai\/sq\/\"},{\"@type\":\"ListItem\",\"position\":2,\"name\":\"Gramatika armene\"}]},{\"@type\":\"WebSite\",\"@id\":\"https:\/\/talkpal.ai\/sq\/#website\",\"url\":\"https:\/\/talkpal.ai\/sq\/\",\"name\":\"Talkpal\",\"description\":\"AI Language Learning\",\"publisher\":{\"@id\":\"https:\/\/talkpal.ai\/sq\/#organization\"},\"alternateName\":\"Talkpal AI\",\"potentialAction\":[{\"@type\":\"SearchAction\",\"target\":{\"@type\":\"EntryPoint\",\"urlTemplate\":\"https:\/\/talkpal.ai\/sq\/?s={search_term_string}\"},\"query-input\":{\"@type\":\"PropertyValueSpecification\",\"valueRequired\":true,\"valueName\":\"search_term_string\"}}],\"inLanguage\":\"sq-AL\"},{\"@type\":\"Organization\",\"@id\":\"https:\/\/talkpal.ai\/sq\/#organization\",\"name\":\"Talkpal, Inc.\",\"alternateName\":\"Talkpal AI\",\"url\":\"https:\/\/talkpal.ai\/sq\/\",\"logo\":{\"@type\":\"ImageObject\",\"inLanguage\":\"sq-AL\",\"@id\":\"https:\/\/talkpal.ai\/sq\/#\/schema\/logo\/image\/\",\"url\":\"https:\/\/talkpal.ai\/wp-content\/uploads\/2024\/03\/Talkpal-Logo-Icon.png\",\"contentUrl\":\"https:\/\/talkpal.ai\/wp-content\/uploads\/2024\/03\/Talkpal-Logo-Icon.png\",\"width\":2880,\"height\":2880,\"caption\":\"Talkpal, Inc.\"},\"image\":{\"@id\":\"https:\/\/talkpal.ai\/sq\/#\/schema\/logo\/image\/\"},\"sameAs\":[\"https:\/\/www.facebook.com\/profile.php?id=100090733639311\",\"https:\/\/x.com\/talkpalai\",\"https:\/\/www.linkedin.com\/company\/talkpal\/\",\"https:\/\/www.youtube.com\/@TalkPal\/\",\"https:\/\/www.tiktok.com\/@talkpal\",\"https:\/\/www.instagram.com\/talkpal_ai\/\",\"https:\/\/www.crunchbase.com\/organization\/talkpal-9cde\",\"https:\/\/www.g2.com\/products\/talkpal-for-business\/\",\"https:\/\/www.trustpilot.com\/review\/talkpal.ai\",\"https:\/\/www.capterra.com\/p\/10006800\/TalkPal\/\"],\"description\":\"Talkpal is a language learning web and mobile education app, powered by the latest AI technologies, that provides engaging experiences to its customers in many different languages to help them improve their language skills. Users can chat about unlimited amount of topics with the app and use other modes to practice their language learning.\",\"email\":\"support@talkpal.ai\",\"legalName\":\"Talkpal, Inc.\",\"foundingDate\":\"2023-04-03\",\"duns\":\"118989042\",\"numberOfEmployees\":{\"@type\":\"QuantitativeValue\",\"minValue\":\"11\",\"maxValue\":\"50\"},\"publishingPrinciples\":\"https:\/\/talkpal.ai\/publishing-principles\/\",\"actionableFeedbackPolicy\":\"https:\/\/talkpal.ai\/actionable-feedback-policy\/\",\"correctionsPolicy\":\"https:\/\/talkpal.ai\/corrections-policy\/\",\"ethicsPolicy\":\"https:\/\/talkpal.ai\/ethics-policy\/\",\"diversityPolicy\":\"https:\/\/talkpal.ai\/diversity-policy\/\",\"diversityStaffingReport\":\"https:\/\/talkpal.ai\/diversity-policy\/\"}]}<\/script>\n<!-- \/ Yoast SEO Premium plugin. -->","yoast_head_json":{"title":"Gramatika armene - Talkpal","description":"Zhbllokoni sekretet e gramatik\u00ebs armene dhe eksploroni kultur\u00ebn e pasur t\u00eb Armenis\u00eb duke zot\u00ebruar k\u00ebt\u00eb gjuh\u00eb magjeps\u00ebse.","robots":{"index":"index","follow":"follow","max-snippet":"max-snippet:-1","max-image-preview":"max-image-preview:large","max-video-preview":"max-video-preview:-1"},"canonical":"https:\/\/talkpal.ai\/sq\/gramatika-armene\/","og_locale":"sq_AL","og_type":"article","og_title":"Gramatika armene","og_description":"Zbulimi i pasuris\u00eb s\u00eb gramatik\u00ebs armene Armenishtja, nj\u00eb gjuh\u00eb unike dhe magjeps\u00ebse, z\u00eb nj\u00eb vend t\u00eb ve\u00e7ant\u00eb n\u00eb familjen indo-evropiane. M\u00ebsimi i","og_url":"https:\/\/talkpal.ai\/sq\/gramatika-armene\/","og_site_name":"Talkpal","article_publisher":"https:\/\/www.facebook.com\/profile.php?id=100090733639311","article_modified_time":"2025-09-06T17:47:00+00:00","og_image":[{"width":512,"height":512,"url":"https:\/\/talkpal.ai\/wp-content\/uploads\/2023\/05\/armenia.png","type":"image\/png"}],"twitter_card":"summary_large_image","twitter_site":"@talkpalai","twitter_misc":{"Est. reading time":"3 minutes"},"schema":{"@context":"https:\/\/schema.org","@graph":[{"@type":"WebPage","@id":"https:\/\/talkpal.ai\/sq\/gramatika-armene\/","url":"https:\/\/talkpal.ai\/sq\/gramatika-armene\/","name":"Gramatika armene - Talkpal","isPartOf":{"@id":"https:\/\/talkpal.ai\/sq\/#website"},"primaryImageOfPage":{"@id":"https:\/\/talkpal.ai\/sq\/gramatika-armene\/#primaryimage"},"image":{"@id":"https:\/\/talkpal.ai\/sq\/gramatika-armene\/#primaryimage"},"thumbnailUrl":"https:\/\/talkpal.ai\/wp-content\/uploads\/2023\/05\/armenia.png","datePublished":"2023-05-14T13:54:14+00:00","dateModified":"2025-09-06T17:47:00+00:00","description":"Zhbllokoni sekretet e gramatik\u00ebs armene dhe eksploroni kultur\u00ebn e pasur t\u00eb Armenis\u00eb duke zot\u00ebruar k\u00ebt\u00eb gjuh\u00eb magjeps\u00ebse.","breadcrumb":{"@id":"https:\/\/talkpal.ai\/sq\/gramatika-armene\/#breadcrumb"},"inLanguage":"sq-AL","potentialAction":[{"@type":"ReadAction","target":["https:\/\/talkpal.ai\/sq\/gramatika-armene\/"]}]},{"@type":"ImageObject","inLanguage":"sq-AL","@id":"https:\/\/talkpal.ai\/sq\/gramatika-armene\/#primaryimage","url":"https:\/\/talkpal.ai\/wp-content\/uploads\/2023\/05\/armenia.png","contentUrl":"https:\/\/talkpal.ai\/wp-content\/uploads\/2023\/05\/armenia.png","width":512,"height":512,"caption":"TalkPal Armenia Flag"},{"@type":"BreadcrumbList","@id":"https:\/\/talkpal.ai\/sq\/gramatika-armene\/#breadcrumb","itemListElement":[{"@type":"ListItem","position":1,"name":"Homepage","item":"https:\/\/talkpal.ai\/sq\/"},{"@type":"ListItem","position":2,"name":"Gramatika armene"}]},{"@type":"WebSite","@id":"https:\/\/talkpal.ai\/sq\/#website","url":"https:\/\/talkpal.ai\/sq\/","name":"Talkpal","description":"AI Language Learning","publisher":{"@id":"https:\/\/talkpal.ai\/sq\/#organization"},"alternateName":"Talkpal AI","potentialAction":[{"@type":"SearchAction","target":{"@type":"EntryPoint","urlTemplate":"https:\/\/talkpal.ai\/sq\/?s={search_term_string}"},"query-input":{"@type":"PropertyValueSpecification","valueRequired":true,"valueName":"search_term_string"}}],"inLanguage":"sq-AL"},{"@type":"Organization","@id":"https:\/\/talkpal.ai\/sq\/#organization","name":"Talkpal, Inc.","alternateName":"Talkpal AI","url":"https:\/\/talkpal.ai\/sq\/","logo":{"@type":"ImageObject","inLanguage":"sq-AL","@id":"https:\/\/talkpal.ai\/sq\/#\/schema\/logo\/image\/","url":"https:\/\/talkpal.ai\/wp-content\/uploads\/2024\/03\/Talkpal-Logo-Icon.png","contentUrl":"https:\/\/talkpal.ai\/wp-content\/uploads\/2024\/03\/Talkpal-Logo-Icon.png","width":2880,"height":2880,"caption":"Talkpal, Inc."},"image":{"@id":"https:\/\/talkpal.ai\/sq\/#\/schema\/logo\/image\/"},"sameAs":["https:\/\/www.facebook.com\/profile.php?id=100090733639311","https:\/\/x.com\/talkpalai","https:\/\/www.linkedin.com\/company\/talkpal\/","https:\/\/www.youtube.com\/@TalkPal\/","https:\/\/www.tiktok.com\/@talkpal","https:\/\/www.instagram.com\/talkpal_ai\/","https:\/\/www.crunchbase.com\/organization\/talkpal-9cde","https:\/\/www.g2.com\/products\/talkpal-for-business\/","https:\/\/www.trustpilot.com\/review\/talkpal.ai","https:\/\/www.capterra.com\/p\/10006800\/TalkPal\/"],"description":"Talkpal is a language learning web and mobile education app, powered by the latest AI technologies, that provides engaging experiences to its customers in many different languages to help them improve their language skills. Users can chat about unlimited amount of topics with the app and use other modes to practice their language learning.","email":"support@talkpal.ai","legalName":"Talkpal, Inc.","foundingDate":"2023-04-03","duns":"118989042","numberOfEmployees":{"@type":"QuantitativeValue","minValue":"11","maxValue":"50"},"publishingPrinciples":"https:\/\/talkpal.ai\/publishing-principles\/","actionableFeedbackPolicy":"https:\/\/talkpal.ai\/actionable-feedback-policy\/","correctionsPolicy":"https:\/\/talkpal.ai\/corrections-policy\/","ethicsPolicy":"https:\/\/talkpal.ai\/ethics-policy\/","diversityPolicy":"https:\/\/talkpal.ai\/diversity-policy\/","diversityStaffingReport":"https:\/\/talkpal.ai\/diversity-policy\/"}]}},"_links":{"self":[{"href":"https:\/\/talkpal.ai\/sq\/wp-json\/wp\/v2\/pages\/1442800","targetHints":{"allow":["GET"]}}],"collection":[{"href":"https:\/\/talkpal.ai\/sq\/wp-json\/wp\/v2\/pages"}],"about":[{"href":"https:\/\/talkpal.ai\/sq\/wp-json\/wp\/v2\/types\/page"}],"author":[{"embeddable":true,"href":"https:\/\/talkpal.ai\/sq\/wp-json\/wp\/v2\/users\/1"}],"replies":[{"embeddable":true,"href":"https:\/\/talkpal.ai\/sq\/wp-json\/wp\/v2\/comments?post=1442800"}],"version-history":[{"count":0,"href":"https:\/\/talkpal.ai\/sq\/wp-json\/wp\/v2\/pages\/1442800\/revisions"}],"wp:featuredmedia":[{"embeddable":true,"href":"https:\/\/talkpal.ai\/sq\/wp-json\/wp\/v2\/media\/1442715"}],"wp:attachment":[{"href":"https:\/\/talkpal.ai\/sq\/wp-json\/wp\/v2\/media?parent=1442800"}],"curies":[{"name":"wp","href":"https:\/\/api.w.org\/{rel}","templated":true}]}}