{"id":1442798,"date":"2023-05-14T13:50:21","date_gmt":"2023-05-14T13:50:21","guid":{"rendered":"https:\/\/talkpal.ai\/gramatika-finlandeze\/"},"modified":"2025-12-11T17:01:23","modified_gmt":"2025-12-11T17:01:23","slug":"gramatika-finlandeze","status":"publish","type":"page","link":"https:\/\/talkpal.ai\/sq\/gramatika-finlandeze\/","title":{"rendered":"Gramatika Finlandeze"},"content":{"rendered":"\r\n\r\n\r\n<section class=\"languageChallengeSection\">\r\n    <div class=\"languageInfoWrapper\">\r\n        \r\n        <h1>Gramatika Finlandeze<\/h1>\r\n        <p>Gati p\u00ebr t\u00eb zbuluar sekretet e finlandishtes? Zhytuni n\u00eb gramatik\u00ebn finlandeze, e famshme p\u00ebr struktur\u00ebn e saj logjike, harmonin\u00eb zanore dhe nj\u00eb s\u00ebr\u00eb mbres\u00ebl\u00ebn\u00ebse rastesh. Filloni t\u00eb m\u00ebsoni sot &#8211; zot\u00ebrimi i gramatik\u00ebs finlandeze do t&#039;ju jap\u00eb besimin p\u00ebr t\u00eb folur dhe p\u00ebr t&#039;u lidhur duke hapur der\u00ebn p\u00ebr kultur\u00ebn dhe traditat e pasura t\u00eb Finland\u00ebs!<\/p>\r\n\r\n                            <a class=\"getStartedHidden\" href=\"https:\/\/app.talkpal.ai\/signup?lng=\">Filloni<\/a>\r\n        \r\n    <\/div>\r\n\r\n    <figure>\r\n    <img decoding=\"async\" width=\"768\" height=\"768\" src=\"https:\/\/talkpal.ai\/wp-content\/uploads\/2023\/06\/Finnish-768x768.png\" class=\"languageImage no-lazy\" alt=\"Develop your language aptitude learning\" fetchpriority=\"high\" sizes=\"(max-width: 768px) 150px, 768px\" srcset=\"https:\/\/talkpal.ai\/wp-content\/uploads\/2023\/06\/Finnish-768x768.png 768w, https:\/\/talkpal.ai\/wp-content\/uploads\/2023\/06\/Finnish-300x300.png 300w\" \/>\r\n    \r\n\r\n    <\/figure>\r\n\r\n            <a class=\"getStartedVisible\" href=\"https:\/\/app.talkpal.ai\/signup?lng=\">Filloni<\/a>\r\n    \r\n<\/section>\r\n<section class=\"promotionalBanner\">\r\n    <p class=\"promotionalText\">M\u00ebnyra m\u00eb efikase p\u00ebr t\u00eb m\u00ebsuar nj\u00eb gjuh\u00eb<\/p>\r\n    <a class=\"promotionalLink\" href=\"https:\/\/app.talkpal.ai\/signup?lng=\">Provoni Talkpal falas<\/a>\r\n<\/section>\n<div class=\"wp-block-group pageContainerStyle\"><div class=\"wp-block-group__inner-container is-layout-constrained wp-block-group-is-layout-constrained\">\n<h2 class=\"wp-block-heading\" id=\"h-finnish-grammar-a-guide-to-mastering-the-complexities-of-the-finnish-language\">Gramatika finlandeze: Nj\u00eb udh\u00ebzues p\u00ebr zot\u00ebrimin e kompleksitetit t\u00eb gjuh\u00ebs finlandeze<\/h2>\n\n\n\n<p>Finlandishtja, nj\u00eb gjuh\u00eb unike dhe magjeps\u00ebse e folur nga af\u00ebrsisht 5 milion\u00eb njer\u00ebz, \u00ebsht\u00eb e njohur p\u00ebr kompleksitetin dhe sistemin e saj t\u00eb ve\u00e7ant\u00eb gramatikor. N\u00eb shikim t\u00eb par\u00eb, rregullat dhe strukturat n\u00eb gramatik\u00ebn finlandeze mund t\u00eb duken t\u00eb frikshme, por mos kini frik\u00eb! Me durim, praktik\u00eb dhe udh\u00ebzime, ju mund t\u00eb zbuloni misteret e gramatik\u00ebs finlandeze dhe t\u00eb p\u00ebrmir\u00ebsoni aft\u00ebsit\u00eb tuaja gjuh\u00ebsore. N\u00eb k\u00ebt\u00eb artikull, ne do t\u00eb ofrojm\u00eb nj\u00eb p\u00ebrmbledhje t\u00eb gramatik\u00ebs finlandeze dhe do t\u00eb ndajm\u00eb disa k\u00ebshilla p\u00ebr ta b\u00ebr\u00eb udh\u00ebtimin tuaj t\u00eb t\u00eb m\u00ebsuarit m\u00eb t\u00eb qet\u00eb.<\/p>\n\n\n\n<h3 class=\"wp-block-heading\" id=\"h-the-basics-of-finnish-grammar\">Bazat e gramatik\u00ebs finlandeze:<\/h3>\n\n\n\n<p><a href=\"https:\/\/talkpal.ai\/sq\/gramatika\/\">Gramatika<\/a> finlandeze, krejt e ndryshme nga gramatika angleze, karakterizohet nga p\u00ebrdorimi i pasur i rasteve, mungesa e gjinis\u00eb gramatikore dhe sistemi unik i konjugimit t\u00eb foljeve. K\u00ebtu jan\u00eb disa aspekte thelb\u00ebsore t\u00eb gramatik\u00ebs finlandeze me t\u00eb cilat duhet t\u00eb njiheni:<\/p>\n\n\n\n<p><strong>1. Rastet e emrave:<\/strong> Finlandishtja ka 15 raste emrash, q\u00eb tregojn\u00eb marr\u00ebdh\u00ebnien midis nj\u00eb emri dhe p\u00ebrb\u00ebr\u00ebsve t\u00eb tjer\u00eb t\u00eb nj\u00eb fjalie. \u00c7do rast emri ka nj\u00eb p\u00ebrfundim specifik q\u00eb ngjitet n\u00eb k\u00ebrcellin e emrit. Disa shembuj t\u00eb rasteve t\u00eb emrave p\u00ebrfshijn\u00eb nominativ, gjenitiv, akuzativ dhe partitiv.<\/p>\n\n\n\n<p><strong>2. Nuk ka gjini gramatikore:<\/strong> Ndryshe nga shum\u00eb gjuh\u00eb, finlandishtja nuk u cakton gjinin\u00eb emrave. N\u00eb vend t\u00eb k\u00ebsaj, gjuha p\u00ebrdor nj\u00eb fjal\u00eb \u2013 h\u00e4n \u2013 p\u00ebr t&#8217;iu referuar si &#8216;ai&#8217; ashtu edhe &#8216;ajo&#8217;. Kjo ve\u00e7ori thjeshton procesin e m\u00ebsimit t\u00eb finlandishtes dhe eliminon nevoj\u00ebn p\u00ebr t\u00eb m\u00ebsuar p\u00ebrmend\u00ebsh artikuj gjinor ose format e p\u00ebremrave.<\/p>\n\n\n\n<p><strong>3. Konjugimi i foljes:<\/strong> Foljet finlandeze konjugohen bazuar n\u00eb koh\u00ebn, humorin dhe z\u00ebrin. Ekzistojn\u00eb kat\u00ebr koh\u00eb foljesh n\u00eb finlandisht: e tashmja, e kaluara, e p\u00ebrsosur dhe pluperfekte. P\u00ebrve\u00e7 k\u00ebsaj, foljet finlandeze kan\u00eb pes\u00eb humore: tregues, t\u00eb kusht\u00ebzuar, potencial, <a href=\"https:\/\/talkpal.ai\/ja\/grammar_exercises\/imperatif-%e3%83%95%e3%83%a9%e3%83%b3%e3%82%b9%e3%81%ae%e6%96%87%e6%b3%95%e3%81%ae%e3%81%9f%e3%82%81%e3%81%ae%e6%bc%94%e7%bf%92\/\">imperativ<\/a> dhe ngjarje.<\/p>\n\n\n\n<p><strong>4. Harmonia zanore:<\/strong> N\u00eb finlandisht, zanoret ndahen n\u00eb tre grupe: p\u00ebrpara (\u00e4, \u00f6, y), mbrapa (a, o, u) dhe neutrale (i, e). P\u00ebr shkak t\u00eb harmonis\u00eb zanore, zanoret e p\u00ebrparme dhe t\u00eb pasme zakonisht nuk mund t\u00eb shfaqen n\u00eb t\u00eb nj\u00ebjt\u00ebn fjal\u00eb, p\u00ebrve\u00e7 fjal\u00ebve t\u00eb p\u00ebrb\u00ebra dhe disa fjal\u00ebve t\u00eb huazuara.<\/p>\n\n\n\n<h3 class=\"wp-block-heading\" id=\"h-strategies-for-learning-finnish-grammar\">Strategjit\u00eb p\u00ebr t\u00eb m\u00ebsuar gramatik\u00ebn finlandeze:<\/h3>\n\n\n\n<p>T\u00eb kuptuarit e gramatik\u00ebs finlandeze mund t\u00eb duket d\u00ebrrmuese, por me mentalitetin dhe strategjit\u00eb e duhura t\u00eb t\u00eb m\u00ebsuarit, do t\u00eb jeni n\u00eb gjendje ta kuptoni at\u00eb. K\u00ebtu jan\u00eb disa k\u00ebshilla t\u00eb dobishme p\u00ebr t\u00eb udh\u00ebhequr studimin tuaj:<\/p>\n\n\n\n<p><strong>1. Nd\u00ebrmerrni hapa t\u00eb vegj\u00ebl:<\/strong> Filloni me bazat e gramatik\u00ebs finlandeze, t\u00eb tilla si rastet e emrave dhe konjugimi i foljeve. Duke zb\u00ebrthyer rregullat komplekse n\u00eb pjes\u00eb m\u00eb t\u00eb vogla dhe t\u00eb tretshme, ju do t\u00eb jeni n\u00eb gjendje t\u00eb p\u00ebrparoni n\u00eb m\u00ebnyr\u00eb t\u00eb q\u00ebndrueshme dhe t\u00eb nd\u00ebrtoni nj\u00eb themel t\u00eb fort\u00eb.<\/p>\n\n\n\n<p><strong>2. Praktikoni rregullisht:<\/strong> Q\u00ebndrueshm\u00ebria \u00ebsht\u00eb thelb\u00ebsore kur m\u00ebsoni nj\u00eb gjuh\u00eb. Ndani koh\u00eb \u00e7do dit\u00eb ose jav\u00eb p\u00ebr t\u00eb praktikuar gramatik\u00ebn p\u00ebrmes ushtrimeve, leximit dhe shkrimit n\u00eb finlandisht.<\/p>\n\n\n\n<p><strong>3. P\u00ebrdorni burime vendase:<\/strong> P\u00ebr t\u00eb kuptuar m\u00eb mir\u00eb gramatik\u00ebn finlandeze n\u00eb kontekst, zhytuni n\u00eb materiale vendase, t\u00eb tilla si let\u00ebrsia, artikujt e lajmeve dhe podkastet. Kjo do t&#8217;ju ndihmoj\u00eb t\u00eb p\u00ebrvet\u00ebsoni rregullat dhe t\u00eb p\u00ebrmir\u00ebsoni aft\u00ebsit\u00eb tuaja t\u00eb d\u00ebgjimit dhe leximit.<\/p>\n\n\n\n<p><strong>4. Lidhuni me fol\u00ebsit amtare:<\/strong> Angazhimi n\u00eb bised\u00eb me fol\u00ebsit amtare finlandez\u00eb \u00ebsht\u00eb nj\u00eb m\u00ebnyr\u00eb e shk\u00eblqyer p\u00ebr t\u00eb praktikuar gramatik\u00ebn dhe p\u00ebr t\u00eb marr\u00eb komente t\u00eb vlefshme. Konsideroni t&#8217;i bashkoheni grupeve t\u00eb shk\u00ebmbimit gjuh\u00ebsor ose forumeve online ku mund t\u00eb lidheni me njer\u00ebz q\u00eb flasin finlandisht.<\/p>\n\n\n\n<p><strong>5. Jini t\u00eb duruesh\u00ebm dhe k\u00ebmb\u00ebngul\u00ebs:<\/strong> M\u00ebsimi i gramatik\u00ebs finlandeze \u00ebsht\u00eb nj\u00eb udh\u00ebtim sfidues, por me durim dhe p\u00ebrkushtim, do t\u00eb zhbllokoni nd\u00ebrlikimet e saj dhe do t\u00eb b\u00ebheni t\u00eb aft\u00eb n\u00eb gjuh\u00eb.<\/p>\n\n\n\n<h3 class=\"wp-block-heading\" id=\"h-conclusion\">P\u00ebrfundim:<\/h3>\n\n\n\n<p>Bota e gramatik\u00ebs finlandeze, megjith\u00ebse komplekse, \u00ebsht\u00eb intriguese q\u00eb mund t\u00eb zbulohet p\u00ebrmes vendosm\u00ebris\u00eb dhe praktik\u00ebs. Duke u njohur me element\u00ebt thelb\u00ebsor\u00eb t\u00eb gramatik\u00ebs finlandeze dhe duke ndjekur strategjit\u00eb tona t\u00eb t\u00eb m\u00ebsuarit, ju do t\u00eb hapni rrug\u00ebn drejt rrjedhshm\u00ebris\u00eb dhe nj\u00eb vler\u00ebsimi m\u00eb t\u00eb thell\u00eb t\u00eb k\u00ebsaj gjuhe magjeps\u00ebse. Pra, zhytuni n\u00eb nd\u00ebrlikimet e gramatik\u00ebs finlandeze me nj\u00eb mentalitet pozitiv dhe para se ta kuptoni, do t\u00eb lundroni me besim n\u00eb peizazhin gjuh\u00ebsor t\u00eb <a href=\"https:\/\/talkpal.ai\/learn-finnish\/\">Suomi<\/a>!<\/p>\n<\/div><\/div>\n\r\n<section class=\"learnNavigationSection\">\r\n            \r\n        <a href=\"https:\/\/talkpal.ai\/sq\/meso-finlandisht\/\">\r\n            <div class=\"learnNavigationWrapper\">\r\n                <div class=\"learnNavigationContent\">\r\n                    <img decoding=\"async\" src=\"https:\/\/talkpal.ai\/wp-content\/uploads\/2024\/08\/Finnish.jpg\" alt=\"Finnish Flag\">\r\n                    <div>\r\n                        <h4>Rreth m\u00ebsimit finlandez<\/h4>\r\n                        <p>M\u00ebsoni gjith\u00e7ka rreth gramatik\u00ebs finlandeze.<\/p>\r\n                    <\/div>\r\n                <\/div>\r\n            <\/div>\r\n        <\/a>\r\n\r\n        \r\n        <a href=\"https:\/\/talkpal.ai\/sq\/ushtrime-gramatikore-finlandeze\/\">\r\n            <div class=\"learnNavigationWrapper\">\r\n                <div class=\"learnNavigationContent\">\r\n                    <img decoding=\"async\" src=\"https:\/\/talkpal.ai\/wp-content\/uploads\/2024\/08\/Finnish.jpg\" alt=\"Finnish Flag\">\r\n                    <div>\r\n                        <h4>Ushtrimi i gramatik\u00ebs finlandeze<\/h4>\r\n                        <p>Praktikoni gramatik\u00ebn finlandeze.<\/p>\r\n                    <\/div>\r\n                <\/div>\r\n            <\/div>\r\n        <\/a>\r\n\r\n        \r\n        <a href=\"https:\/\/talkpal.ai\/vocabulary_language\/finnish\/\">\r\n            <div class=\"learnNavigationWrapper\">\r\n                <div class=\"learnNavigationContent\">\r\n                    <img decoding=\"async\" src=\"https:\/\/talkpal.ai\/wp-content\/uploads\/2024\/08\/Finnish.jpg\" alt=\"Finnish Flag\">\r\n                    <div>\r\n                        <h4>Fjalori finlandez<\/h4>\r\n                        <p>Zgjeroni fjalorin tuaj finlandisht.<\/p>\r\n                    <\/div>\r\n                <\/div>\r\n            <\/div>\r\n        <\/a>\r\n\r\n            <\/section>","protected":false},"excerpt":{"rendered":"<p>Gramatika finlandeze: Nj\u00eb udh\u00ebzues p\u00ebr zot\u00ebrimin e kompleksitetit t\u00eb gjuh\u00ebs finlandeze Finlandishtja, nj\u00eb gjuh\u00eb unike dhe magjeps\u00ebse e folur nga af\u00ebrsisht 5 milion\u00eb njer\u00ebz, \u00ebsht\u00eb e njohur p\u00ebr kompleksitetin dhe sistemin e saj t\u00eb ve\u00e7ant\u00eb gramatikor. N\u00eb shikim t\u00eb par\u00eb, rregullat dhe strukturat n\u00eb gramatik\u00ebn finlandeze mund t\u00eb duken t\u00eb frikshme, por mos kini frik\u00eb! [&hellip;]<\/p>\n","protected":false},"author":1,"featured_media":1440701,"parent":0,"menu_order":0,"comment_status":"closed","ping_status":"closed","template":"LearningContentPage.php","meta":{"_acf_changed":false,"footnotes":""},"class_list":["post-1442798","page","type-page","status-publish","has-post-thumbnail","hentry"],"acf":[],"yoast_head":"<!-- This site is optimized with the Yoast SEO Premium plugin v27.2 (Yoast SEO v27.2) - https:\/\/yoast.com\/product\/yoast-seo-premium-wordpress\/ -->\n<title>Gramatika Finlandeze - Talkpal<\/title>\n<meta name=\"description\" content=\"M\u00ebsoni aspekte thelb\u00ebsore t\u00eb gramatik\u00ebs finlandeze, duke p\u00ebrfshir\u00eb rastet, foljet, struktur\u00ebn e fjalive dhe k\u00ebshillat e shqiptimit p\u00ebr zot\u00ebrimin e gjuh\u00ebs finlandeze.\" \/>\n<meta name=\"robots\" content=\"index, follow, max-snippet:-1, max-image-preview:large, max-video-preview:-1\" \/>\n<link rel=\"canonical\" href=\"https:\/\/talkpal.ai\/sq\/gramatika-finlandeze\/\" \/>\n<meta property=\"og:locale\" content=\"sq_AL\" \/>\n<meta property=\"og:type\" content=\"article\" \/>\n<meta property=\"og:title\" content=\"Gramatika Finlandeze\" \/>\n<meta property=\"og:description\" content=\"Gramatika finlandeze: Nj\u00eb udh\u00ebzues p\u00ebr zot\u00ebrimin e kompleksitetit t\u00eb gjuh\u00ebs finlandeze Finlandishtja, nj\u00eb gjuh\u00eb unike dhe magjeps\u00ebse e folur nga af\u00ebrsisht\" \/>\n<meta property=\"og:url\" content=\"https:\/\/talkpal.ai\/sq\/gramatika-finlandeze\/\" \/>\n<meta property=\"og:site_name\" content=\"Talkpal\" \/>\n<meta property=\"article:publisher\" content=\"https:\/\/www.facebook.com\/profile.php?id=100090733639311\" \/>\n<meta property=\"article:modified_time\" content=\"2025-12-11T17:01:23+00:00\" \/>\n<meta property=\"og:image\" content=\"https:\/\/talkpal.ai\/wp-content\/uploads\/2023\/04\/finland.png\" \/>\n\t<meta property=\"og:image:width\" content=\"512\" \/>\n\t<meta property=\"og:image:height\" content=\"512\" \/>\n\t<meta property=\"og:image:type\" content=\"image\/png\" \/>\n<meta name=\"twitter:card\" content=\"summary_large_image\" \/>\n<meta name=\"twitter:site\" content=\"@talkpalai\" \/>\n<meta name=\"twitter:label1\" content=\"Est. reading time\" \/>\n\t<meta name=\"twitter:data1\" content=\"4 minutes\" \/>\n<script type=\"application\/ld+json\" class=\"yoast-schema-graph\">{\"@context\":\"https:\/\/schema.org\",\"@graph\":[{\"@type\":\"WebPage\",\"@id\":\"https:\/\/talkpal.ai\/sq\/gramatika-finlandeze\/\",\"url\":\"https:\/\/talkpal.ai\/sq\/gramatika-finlandeze\/\",\"name\":\"Gramatika Finlandeze - Talkpal\",\"isPartOf\":{\"@id\":\"https:\/\/talkpal.ai\/sq\/#website\"},\"primaryImageOfPage\":{\"@id\":\"https:\/\/talkpal.ai\/sq\/gramatika-finlandeze\/#primaryimage\"},\"image\":{\"@id\":\"https:\/\/talkpal.ai\/sq\/gramatika-finlandeze\/#primaryimage\"},\"thumbnailUrl\":\"https:\/\/talkpal.ai\/wp-content\/uploads\/2023\/04\/finland.png\",\"datePublished\":\"2023-05-14T13:50:21+00:00\",\"dateModified\":\"2025-12-11T17:01:23+00:00\",\"description\":\"M\u00ebsoni aspekte thelb\u00ebsore t\u00eb gramatik\u00ebs finlandeze, duke p\u00ebrfshir\u00eb rastet, foljet, struktur\u00ebn e fjalive dhe k\u00ebshillat e shqiptimit p\u00ebr zot\u00ebrimin e gjuh\u00ebs finlandeze.\",\"breadcrumb\":{\"@id\":\"https:\/\/talkpal.ai\/sq\/gramatika-finlandeze\/#breadcrumb\"},\"inLanguage\":\"sq-AL\",\"potentialAction\":[{\"@type\":\"ReadAction\",\"target\":[\"https:\/\/talkpal.ai\/sq\/gramatika-finlandeze\/\"]}]},{\"@type\":\"ImageObject\",\"inLanguage\":\"sq-AL\",\"@id\":\"https:\/\/talkpal.ai\/sq\/gramatika-finlandeze\/#primaryimage\",\"url\":\"https:\/\/talkpal.ai\/wp-content\/uploads\/2023\/04\/finland.png\",\"contentUrl\":\"https:\/\/talkpal.ai\/wp-content\/uploads\/2023\/04\/finland.png\",\"width\":512,\"height\":512,\"caption\":\"TalkPal Catalan Flag\"},{\"@type\":\"BreadcrumbList\",\"@id\":\"https:\/\/talkpal.ai\/sq\/gramatika-finlandeze\/#breadcrumb\",\"itemListElement\":[{\"@type\":\"ListItem\",\"position\":1,\"name\":\"Homepage\",\"item\":\"https:\/\/talkpal.ai\/sq\/\"},{\"@type\":\"ListItem\",\"position\":2,\"name\":\"Gramatika Finlandeze\"}]},{\"@type\":\"WebSite\",\"@id\":\"https:\/\/talkpal.ai\/sq\/#website\",\"url\":\"https:\/\/talkpal.ai\/sq\/\",\"name\":\"Talkpal\",\"description\":\"AI Language Learning\",\"publisher\":{\"@id\":\"https:\/\/talkpal.ai\/sq\/#organization\"},\"alternateName\":\"Talkpal AI\",\"potentialAction\":[{\"@type\":\"SearchAction\",\"target\":{\"@type\":\"EntryPoint\",\"urlTemplate\":\"https:\/\/talkpal.ai\/sq\/?s={search_term_string}\"},\"query-input\":{\"@type\":\"PropertyValueSpecification\",\"valueRequired\":true,\"valueName\":\"search_term_string\"}}],\"inLanguage\":\"sq-AL\"},{\"@type\":\"Organization\",\"@id\":\"https:\/\/talkpal.ai\/sq\/#organization\",\"name\":\"Talkpal, Inc.\",\"alternateName\":\"Talkpal AI\",\"url\":\"https:\/\/talkpal.ai\/sq\/\",\"logo\":{\"@type\":\"ImageObject\",\"inLanguage\":\"sq-AL\",\"@id\":\"https:\/\/talkpal.ai\/sq\/#\/schema\/logo\/image\/\",\"url\":\"https:\/\/talkpal.ai\/wp-content\/uploads\/2024\/03\/Talkpal-Logo-Icon.png\",\"contentUrl\":\"https:\/\/talkpal.ai\/wp-content\/uploads\/2024\/03\/Talkpal-Logo-Icon.png\",\"width\":2880,\"height\":2880,\"caption\":\"Talkpal, Inc.\"},\"image\":{\"@id\":\"https:\/\/talkpal.ai\/sq\/#\/schema\/logo\/image\/\"},\"sameAs\":[\"https:\/\/www.facebook.com\/profile.php?id=100090733639311\",\"https:\/\/x.com\/talkpalai\",\"https:\/\/www.linkedin.com\/company\/talkpal\/\",\"https:\/\/www.youtube.com\/@TalkPal\/\",\"https:\/\/www.tiktok.com\/@talkpal\",\"https:\/\/www.instagram.com\/talkpal_ai\/\",\"https:\/\/www.crunchbase.com\/organization\/talkpal-9cde\",\"https:\/\/www.g2.com\/products\/talkpal-for-business\/\",\"https:\/\/www.trustpilot.com\/review\/talkpal.ai\",\"https:\/\/www.capterra.com\/p\/10006800\/TalkPal\/\"],\"description\":\"Talkpal is a language learning web and mobile education app, powered by the latest AI technologies, that provides engaging experiences to its customers in many different languages to help them improve their language skills. Users can chat about unlimited amount of topics with the app and use other modes to practice their language learning.\",\"email\":\"support@talkpal.ai\",\"legalName\":\"Talkpal, Inc.\",\"foundingDate\":\"2023-04-03\",\"duns\":\"118989042\",\"numberOfEmployees\":{\"@type\":\"QuantitativeValue\",\"minValue\":\"11\",\"maxValue\":\"50\"},\"publishingPrinciples\":\"https:\/\/talkpal.ai\/publishing-principles\/\",\"actionableFeedbackPolicy\":\"https:\/\/talkpal.ai\/actionable-feedback-policy\/\",\"correctionsPolicy\":\"https:\/\/talkpal.ai\/corrections-policy\/\",\"ethicsPolicy\":\"https:\/\/talkpal.ai\/ethics-policy\/\",\"diversityPolicy\":\"https:\/\/talkpal.ai\/diversity-policy\/\",\"diversityStaffingReport\":\"https:\/\/talkpal.ai\/diversity-policy\/\"}]}<\/script>\n<!-- \/ Yoast SEO Premium plugin. -->","yoast_head_json":{"title":"Gramatika Finlandeze - Talkpal","description":"M\u00ebsoni aspekte thelb\u00ebsore t\u00eb gramatik\u00ebs finlandeze, duke p\u00ebrfshir\u00eb rastet, foljet, struktur\u00ebn e fjalive dhe k\u00ebshillat e shqiptimit p\u00ebr zot\u00ebrimin e gjuh\u00ebs finlandeze.","robots":{"index":"index","follow":"follow","max-snippet":"max-snippet:-1","max-image-preview":"max-image-preview:large","max-video-preview":"max-video-preview:-1"},"canonical":"https:\/\/talkpal.ai\/sq\/gramatika-finlandeze\/","og_locale":"sq_AL","og_type":"article","og_title":"Gramatika Finlandeze","og_description":"Gramatika finlandeze: Nj\u00eb udh\u00ebzues p\u00ebr zot\u00ebrimin e kompleksitetit t\u00eb gjuh\u00ebs finlandeze Finlandishtja, nj\u00eb gjuh\u00eb unike dhe magjeps\u00ebse e folur nga af\u00ebrsisht","og_url":"https:\/\/talkpal.ai\/sq\/gramatika-finlandeze\/","og_site_name":"Talkpal","article_publisher":"https:\/\/www.facebook.com\/profile.php?id=100090733639311","article_modified_time":"2025-12-11T17:01:23+00:00","og_image":[{"width":512,"height":512,"url":"https:\/\/talkpal.ai\/wp-content\/uploads\/2023\/04\/finland.png","type":"image\/png"}],"twitter_card":"summary_large_image","twitter_site":"@talkpalai","twitter_misc":{"Est. reading time":"4 minutes"},"schema":{"@context":"https:\/\/schema.org","@graph":[{"@type":"WebPage","@id":"https:\/\/talkpal.ai\/sq\/gramatika-finlandeze\/","url":"https:\/\/talkpal.ai\/sq\/gramatika-finlandeze\/","name":"Gramatika Finlandeze - Talkpal","isPartOf":{"@id":"https:\/\/talkpal.ai\/sq\/#website"},"primaryImageOfPage":{"@id":"https:\/\/talkpal.ai\/sq\/gramatika-finlandeze\/#primaryimage"},"image":{"@id":"https:\/\/talkpal.ai\/sq\/gramatika-finlandeze\/#primaryimage"},"thumbnailUrl":"https:\/\/talkpal.ai\/wp-content\/uploads\/2023\/04\/finland.png","datePublished":"2023-05-14T13:50:21+00:00","dateModified":"2025-12-11T17:01:23+00:00","description":"M\u00ebsoni aspekte thelb\u00ebsore t\u00eb gramatik\u00ebs finlandeze, duke p\u00ebrfshir\u00eb rastet, foljet, struktur\u00ebn e fjalive dhe k\u00ebshillat e shqiptimit p\u00ebr zot\u00ebrimin e gjuh\u00ebs finlandeze.","breadcrumb":{"@id":"https:\/\/talkpal.ai\/sq\/gramatika-finlandeze\/#breadcrumb"},"inLanguage":"sq-AL","potentialAction":[{"@type":"ReadAction","target":["https:\/\/talkpal.ai\/sq\/gramatika-finlandeze\/"]}]},{"@type":"ImageObject","inLanguage":"sq-AL","@id":"https:\/\/talkpal.ai\/sq\/gramatika-finlandeze\/#primaryimage","url":"https:\/\/talkpal.ai\/wp-content\/uploads\/2023\/04\/finland.png","contentUrl":"https:\/\/talkpal.ai\/wp-content\/uploads\/2023\/04\/finland.png","width":512,"height":512,"caption":"TalkPal Catalan Flag"},{"@type":"BreadcrumbList","@id":"https:\/\/talkpal.ai\/sq\/gramatika-finlandeze\/#breadcrumb","itemListElement":[{"@type":"ListItem","position":1,"name":"Homepage","item":"https:\/\/talkpal.ai\/sq\/"},{"@type":"ListItem","position":2,"name":"Gramatika Finlandeze"}]},{"@type":"WebSite","@id":"https:\/\/talkpal.ai\/sq\/#website","url":"https:\/\/talkpal.ai\/sq\/","name":"Talkpal","description":"AI Language Learning","publisher":{"@id":"https:\/\/talkpal.ai\/sq\/#organization"},"alternateName":"Talkpal AI","potentialAction":[{"@type":"SearchAction","target":{"@type":"EntryPoint","urlTemplate":"https:\/\/talkpal.ai\/sq\/?s={search_term_string}"},"query-input":{"@type":"PropertyValueSpecification","valueRequired":true,"valueName":"search_term_string"}}],"inLanguage":"sq-AL"},{"@type":"Organization","@id":"https:\/\/talkpal.ai\/sq\/#organization","name":"Talkpal, Inc.","alternateName":"Talkpal AI","url":"https:\/\/talkpal.ai\/sq\/","logo":{"@type":"ImageObject","inLanguage":"sq-AL","@id":"https:\/\/talkpal.ai\/sq\/#\/schema\/logo\/image\/","url":"https:\/\/talkpal.ai\/wp-content\/uploads\/2024\/03\/Talkpal-Logo-Icon.png","contentUrl":"https:\/\/talkpal.ai\/wp-content\/uploads\/2024\/03\/Talkpal-Logo-Icon.png","width":2880,"height":2880,"caption":"Talkpal, Inc."},"image":{"@id":"https:\/\/talkpal.ai\/sq\/#\/schema\/logo\/image\/"},"sameAs":["https:\/\/www.facebook.com\/profile.php?id=100090733639311","https:\/\/x.com\/talkpalai","https:\/\/www.linkedin.com\/company\/talkpal\/","https:\/\/www.youtube.com\/@TalkPal\/","https:\/\/www.tiktok.com\/@talkpal","https:\/\/www.instagram.com\/talkpal_ai\/","https:\/\/www.crunchbase.com\/organization\/talkpal-9cde","https:\/\/www.g2.com\/products\/talkpal-for-business\/","https:\/\/www.trustpilot.com\/review\/talkpal.ai","https:\/\/www.capterra.com\/p\/10006800\/TalkPal\/"],"description":"Talkpal is a language learning web and mobile education app, powered by the latest AI technologies, that provides engaging experiences to its customers in many different languages to help them improve their language skills. Users can chat about unlimited amount of topics with the app and use other modes to practice their language learning.","email":"support@talkpal.ai","legalName":"Talkpal, Inc.","foundingDate":"2023-04-03","duns":"118989042","numberOfEmployees":{"@type":"QuantitativeValue","minValue":"11","maxValue":"50"},"publishingPrinciples":"https:\/\/talkpal.ai\/publishing-principles\/","actionableFeedbackPolicy":"https:\/\/talkpal.ai\/actionable-feedback-policy\/","correctionsPolicy":"https:\/\/talkpal.ai\/corrections-policy\/","ethicsPolicy":"https:\/\/talkpal.ai\/ethics-policy\/","diversityPolicy":"https:\/\/talkpal.ai\/diversity-policy\/","diversityStaffingReport":"https:\/\/talkpal.ai\/diversity-policy\/"}]}},"_links":{"self":[{"href":"https:\/\/talkpal.ai\/sq\/wp-json\/wp\/v2\/pages\/1442798","targetHints":{"allow":["GET"]}}],"collection":[{"href":"https:\/\/talkpal.ai\/sq\/wp-json\/wp\/v2\/pages"}],"about":[{"href":"https:\/\/talkpal.ai\/sq\/wp-json\/wp\/v2\/types\/page"}],"author":[{"embeddable":true,"href":"https:\/\/talkpal.ai\/sq\/wp-json\/wp\/v2\/users\/1"}],"replies":[{"embeddable":true,"href":"https:\/\/talkpal.ai\/sq\/wp-json\/wp\/v2\/comments?post=1442798"}],"version-history":[{"count":0,"href":"https:\/\/talkpal.ai\/sq\/wp-json\/wp\/v2\/pages\/1442798\/revisions"}],"wp:featuredmedia":[{"embeddable":true,"href":"https:\/\/talkpal.ai\/sq\/wp-json\/wp\/v2\/media\/1440701"}],"wp:attachment":[{"href":"https:\/\/talkpal.ai\/sq\/wp-json\/wp\/v2\/media?parent=1442798"}],"curies":[{"name":"wp","href":"https:\/\/api.w.org\/{rel}","templated":true}]}}