{"id":1442795,"date":"2023-05-14T13:49:38","date_gmt":"2023-05-14T13:49:38","guid":{"rendered":"https:\/\/talkpal.ai\/gramatika-holandeze\/"},"modified":"2025-12-11T16:59:23","modified_gmt":"2025-12-11T16:59:23","slug":"gramatika-holandeze","status":"publish","type":"page","link":"https:\/\/talkpal.ai\/sq\/gramatika-holandeze\/","title":{"rendered":"Gramatika holandeze"},"content":{"rendered":"\r\n\r\n\r\n<section class=\"languageChallengeSection\">\r\n    <div class=\"languageInfoWrapper\">\r\n        \r\n        <h1>Gramatika holandeze<\/h1>\r\n        <p>Eksploroni themelet e gjuh\u00ebs holandeze duke m\u00ebsuar rregullat e saj thelb\u00ebsore gramatikore. Zot\u00ebrimi i gramatik\u00ebs holandeze do t&#039;ju ndihmoj\u00eb t\u00eb komunikoni n\u00eb m\u00ebnyr\u00eb efektive dhe t\u00eb fitoni njohuri m\u00eb t\u00eb thella mbi kultur\u00ebn holandeze. Filloni t\u00eb m\u00ebsoni gramatik\u00ebn holandeze sot dhe hidhni hapin tuaj t\u00eb par\u00eb drejt rrjedhshm\u00ebris\u00eb!\n<\/p>\r\n\r\n                            <a class=\"getStartedHidden\" href=\"https:\/\/app.talkpal.ai\/signup?lng=\">Filloni<\/a>\r\n        \r\n    <\/div>\r\n\r\n    <figure>\r\n    <img decoding=\"async\" width=\"768\" height=\"768\" src=\"https:\/\/talkpal.ai\/wp-content\/uploads\/2023\/06\/Dutch-768x768.png\" class=\"languageImage no-lazy\" alt=\"Developing skills through language learning\" fetchpriority=\"high\" sizes=\"(max-width: 768px) 150px, 768px\" srcset=\"https:\/\/talkpal.ai\/wp-content\/uploads\/2023\/06\/Dutch-768x768.png 768w, https:\/\/talkpal.ai\/wp-content\/uploads\/2023\/06\/Dutch-300x300.png 300w\" \/>\r\n    \r\n\r\n    <\/figure>\r\n\r\n            <a class=\"getStartedVisible\" href=\"https:\/\/app.talkpal.ai\/signup?lng=\">Filloni<\/a>\r\n    \r\n<\/section>\r\n<section class=\"promotionalBanner\">\r\n    <p class=\"promotionalText\">M\u00ebnyra m\u00eb efikase p\u00ebr t\u00eb m\u00ebsuar nj\u00eb gjuh\u00eb<\/p>\r\n    <a class=\"promotionalLink\" href=\"https:\/\/app.talkpal.ai\/signup?lng=\">Provoni Talkpal falas<\/a>\r\n<\/section>\n<div class=\"wp-block-group pageContainerStyle\"><div class=\"wp-block-group__inner-container is-layout-constrained wp-block-group-is-layout-constrained\">\n<h2 class=\"wp-block-heading\" id=\"h-dutch-grammar-master-the-mechanics-of-the-dutch-language\">Gramatika holandeze: Zot\u00ebroni mekanik\u00ebn e gjuh\u00ebs holandeze<\/h2>\n\n\n\n<p>N\u00ebse keni b\u00ebr\u00eb hapin p\u00ebr t\u00eb m\u00ebsuar holandisht, jeni n\u00eb nj\u00eb udh\u00ebtim emocionues! Me mbi 23 milion\u00eb fol\u00ebs n\u00eb mbar\u00eb bot\u00ebn, holandishtja \u00ebsht\u00eb nj\u00eb gjuh\u00eb fantastike p\u00ebr t\u00eb forcuar aft\u00ebsit\u00eb tuaja gjuh\u00ebsore dhe p\u00ebr t\u00eb zgjeruar horizontet tuaja. Tani, mund t\u00eb keni d\u00ebgjuar p\u00ebshp\u00ebritje p\u00ebr kompleksitetin e gramatik\u00ebs holandeze, por mos kini frik\u00eb! Ky artikull sh\u00ebrben si nj\u00eb udh\u00ebzues miq\u00ebsor p\u00ebr fillestar\u00ebt q\u00eb do t\u00eb zb\u00ebrthej\u00eb gramatik\u00ebn holandeze n\u00eb nj\u00eb m\u00ebnyr\u00eb arg\u00ebtuese por gjith\u00ebp\u00ebrfshir\u00ebse.<\/p>\n\n\n\n<h3 class=\"wp-block-heading\" id=\"h-1-the-pillar-of-dutch-grammar-word-order\">1. Shtylla e gramatik\u00ebs holandeze: rendi i fjal\u00ebve<\/h3>\n\n\n\n<p><a href=\"https:\/\/talkpal.ai\/sq\/gramatika\/\">Gramatika<\/a> holandeze mb\u00ebshtetet shum\u00eb n\u00eb rendin e fjal\u00ebve. N\u00eb p\u00ebrgjith\u00ebsi, <a href=\"https:\/\/talkpal.ai\/speaking-with-ai\/\">ai<\/a> ndjek nj\u00eb struktur\u00eb &#8220;subjekt-folje-objekt&#8221; t\u00eb ngjashme me gjuh\u00ebn angleze. Megjithat\u00eb, holandishtja ka nj\u00eb ve\u00e7ori unike: renditjen e fjal\u00ebve t\u00eb foljes s\u00eb dyt\u00eb (V2). N\u00eb nj\u00eb fjali me m\u00eb shum\u00eb se nj\u00eb folje, folja e dyt\u00eb shtyhet deri n\u00eb fund. P\u00ebr shembull:<\/p>\n\n\n\n<p><a href=\"https:\/\/talkpal.ai\/learn-english-with-ai\/\">Anglisht<\/a>: M\u00eb duhet t\u00eb punoj sot.<\/p>\n\n\n\n<p>Holandisht: Ik moet vandaag werken. (fjal\u00eb p\u00ebr fjal\u00eb: &#8220;Un\u00eb duhet t\u00eb punoj sot.&#8221;)<\/p>\n\n\n\n<p>Zot\u00ebrimi i rendit t\u00eb fjal\u00ebve V2 \u00ebsht\u00eb thelb\u00ebsor kur m\u00ebsoni gramatik\u00ebn holandeze.<\/p>\n\n\n\n<h3 class=\"wp-block-heading\" id=\"h-2-get-to-know-your-articles\">2. Njihuni me artikujt tuaj<\/h3>\n\n\n\n<p>Hollandishtja ka dy artikuj t\u00eb caktuar (&#8220;de&#8221; dhe &#8220;het&#8221;), dhe nj\u00eb artikull t\u00eb pacaktuar (&#8220;een&#8221;). Zgjedhja midis dy artikujve t\u00eb caktuar mund t\u00eb jet\u00eb e nd\u00ebrlikuar, pa asnj\u00eb rregull t\u00eb caktuar p\u00ebr t&#8217;u ndjekur. Si fillestar, m\u00ebnyra m\u00eb e mir\u00eb p\u00ebr t&#8217;i m\u00ebsuar ato \u00ebsht\u00eb p\u00ebrmes praktik\u00ebs dhe kontekstit. P\u00ebr shembull:<\/p>\n\n\n\n<p>De njeriu \u2013 Njeriu<\/p>\n\n\n\n<p>Het meisje \u2013 Vajza<\/p>\n\n\n\n<p>Een hond \u2013 Nj\u00eb qen<\/p>\n\n\n\n<h3 class=\"wp-block-heading\" id=\"h-3-the-dance-of-dutch-conjugations\">3. Vallja e konjugimeve holandeze<\/h3>\n\n\n\n<p>Ashtu si anglishtja, foljet holandeze ndryshojn\u00eb form\u00ebn p\u00ebr t\u00eb p\u00ebrcjell\u00eb koh\u00ebn dhe humorin. N\u00eb holandisht, ekzistojn\u00eb tre grupe kryesore t\u00eb konjugimeve t\u00eb foljeve: folje t\u00eb dob\u00ebta, folje t\u00eb forta dhe folje t\u00eb parregullta.<\/p>\n\n\n\n<p>Foljet e dob\u00ebta ndjekin rregulla t\u00eb caktuara p\u00ebr konjugim, duke i b\u00ebr\u00eb ato mjaft t\u00eb lehta p\u00ebr t&#8217;u m\u00ebsuar.  <\/p>\n\n\n\n<p>Shembull (Koha e tashme): Ik werk, jij werkt, hij\/zij\/u werkt, wij\/jullie\/zij werken<\/p>\n\n\n\n<p>Foljet e forta p\u00ebrfshijn\u00eb ndryshime zanore, shpesh duke i b\u00ebr\u00eb nx\u00ebn\u00ebsit t&#8217;i m\u00ebsojn\u00eb p\u00ebrmend\u00ebsh ato individualisht.<\/p>\n\n\n\n<p>Shembull (Koha e tashme): Ik zing, jij zingt, hij\/zij\/u zingt, wij\/jullie\/zij zingen<\/p>\n\n\n\n<p>Foljet e parregullta, si\u00e7 sugjeron emri i <a href=\"https:\/\/talkpal.ai\/locations\/language-courses-in-tyre\/\">tyre<\/a>, nuk ndjekin ndonj\u00eb model t\u00eb caktuar p\u00ebr konjugim dhe duhet t\u00eb m\u00ebsohen n\u00eb m\u00ebnyr\u00eb t\u00eb pavarur.<\/p>\n\n\n\n<p>Shembull (Koha e tashme): Ik ben, jij bent, hij\/zij\/u is, wij\/jullie\/zij zijn<\/p>\n\n\n\n<h3 class=\"wp-block-heading\" id=\"h-4-a-flair-for-pronouns\">4. Nj\u00eb dhunti p\u00ebr p\u00ebremrat<\/h3>\n\n\n\n<p>P\u00ebremrat n\u00eb gramatik\u00ebn holandeze z\u00ebvend\u00ebsojn\u00eb emrat dhe jan\u00eb thelb\u00ebsor\u00eb p\u00ebr ta b\u00ebr\u00eb t\u00eb folurin tuaj m\u00eb dinamik dhe fluid. Ka p\u00ebremra personal\u00eb, p\u00ebremra pronor\u00eb, p\u00ebremra demonstrativ\u00eb dhe p\u00ebremra refleksiv\u00eb. Si fillestar, t\u00eb kuptuarit e p\u00ebremrave personal\u00eb dhe pronor\u00eb \u00ebsht\u00eb thelb\u00ebsor.<\/p>\n\n\n\n<p>P\u00ebremrat personal\u00eb: ik (I), jij\/je (ju), hij\/zij\/ze (ai\/ajo), wij\/ne (ne), jullie (ju t\u00eb gjith\u00eb), zij\/ze (ata)<\/p>\n\n\n\n<p>P\u00ebremrat pronorar\u00eb: mijn (im), jouw\/je (juaj), zijn\/haar (i tij\/ajo), ons\/onze (yn\u00eb), jullie (juaja), hun\/pula (e tyre)<\/p>\n\n\n\n<h3 class=\"wp-block-heading\" id=\"h-5-cases-no-more-mostly\">5. Rastet jo m\u00eb (kryesisht)<\/h3>\n\n\n\n<p>Ndryshe nga gjermanishtja, holandishtja nuk p\u00ebrdor m\u00eb nj\u00eb sistem rastesh n\u00eb jet\u00ebn e p\u00ebrditshme, duke ofruar nj\u00eb leht\u00ebsim nga pengesat gjuh\u00ebsore. P\u00ebrjashtimi i vet\u00ebm \u00ebsht\u00eb kur kemi t\u00eb b\u00ebjm\u00eb me variante holandeze t\u00eb &#8220;kush&#8221; dhe &#8220;kush&#8221; (wie dhe wie, respektivisht), dhe disa shprehje fikse (t\u00eb tilla si te <a href=\"https:\/\/talkpal.ai\/locations\/learn-english-in-allen\/\">allen<\/a> tijde, q\u00eb do t\u00eb thot\u00eb &#8220;n\u00eb \u00e7do koh\u00eb&#8221;).  <\/p>\n\n\n\n<p>Urime! Ju keni nd\u00ebrmarr\u00eb hapat e par\u00eb p\u00ebr t\u00eb zot\u00ebruar gramatik\u00ebn holandeze. Mos harroni se praktika \u00ebsht\u00eb thelb\u00ebsore, prandaj mos hezitoni t\u00eb g\u00ebrmoni m\u00eb thell\u00eb, t\u00eb komunikoni me fol\u00ebsit amtare dhe t\u00eb nd\u00ebrtoni nj\u00eb themel t\u00eb fort\u00eb. Veel ka sukses! (Pa\u00e7 fat!)<\/p>\n<\/div><\/div>\n\r\n<section class=\"learnNavigationSection\">\r\n            \r\n        <a href=\"https:\/\/talkpal.ai\/sq\/meso-holandisht\/\">\r\n            <div class=\"learnNavigationWrapper\">\r\n                <div class=\"learnNavigationContent\">\r\n                    <img decoding=\"async\" src=\"https:\/\/talkpal.ai\/wp-content\/uploads\/2024\/08\/Dutch.jpg\" alt=\"Netherlands Flag\">\r\n                    <div>\r\n                        <h4>Rreth t\u00eb m\u00ebsuarit holandez<\/h4>\r\n                        <p>M\u00ebsoni gjith\u00e7ka rreth gramatik\u00ebs holandeze.<\/p>\r\n                    <\/div>\r\n                <\/div>\r\n            <\/div>\r\n        <\/a>\r\n\r\n        \r\n        <a href=\"https:\/\/talkpal.ai\/sq\/ushtrimet-gramatikore-holandeze\/\">\r\n            <div class=\"learnNavigationWrapper\">\r\n                <div class=\"learnNavigationContent\">\r\n                    <img decoding=\"async\" src=\"https:\/\/talkpal.ai\/wp-content\/uploads\/2024\/08\/Dutch.jpg\" alt=\"Netherlands Flag\">\r\n                    <div>\r\n                        <h4>Ushtrimi i gramatik\u00ebs holandeze<\/h4>\r\n                        <p>Praktikoni gramatik\u00ebn holandeze.<\/p>\r\n                    <\/div>\r\n                <\/div>\r\n            <\/div>\r\n        <\/a>\r\n\r\n        \r\n        <a href=\"https:\/\/talkpal.ai\/vocabulary_language\/dutch\/\">\r\n            <div class=\"learnNavigationWrapper\">\r\n                <div class=\"learnNavigationContent\">\r\n                    <img decoding=\"async\" src=\"https:\/\/talkpal.ai\/wp-content\/uploads\/2024\/08\/Dutch.jpg\" alt=\"Netherlands Flag\">\r\n                    <div>\r\n                        <h4>Fjalori holandez<\/h4>\r\n                        <p>Zgjeroni fjalorin tuaj holandisht.<\/p>\r\n                    <\/div>\r\n                <\/div>\r\n            <\/div>\r\n        <\/a>\r\n\r\n            <\/section>","protected":false},"excerpt":{"rendered":"<p>Gramatika holandeze: Zot\u00ebroni mekanik\u00ebn e gjuh\u00ebs holandeze N\u00ebse keni b\u00ebr\u00eb hapin p\u00ebr t\u00eb m\u00ebsuar holandisht, jeni n\u00eb nj\u00eb udh\u00ebtim emocionues! Me mbi 23 milion\u00eb fol\u00ebs n\u00eb mbar\u00eb bot\u00ebn, holandishtja \u00ebsht\u00eb nj\u00eb gjuh\u00eb fantastike p\u00ebr t\u00eb forcuar aft\u00ebsit\u00eb tuaja gjuh\u00ebsore dhe p\u00ebr t\u00eb zgjeruar horizontet tuaja. Tani, mund t\u00eb keni d\u00ebgjuar p\u00ebshp\u00ebritje p\u00ebr kompleksitetin e gramatik\u00ebs [&hellip;]<\/p>\n","protected":false},"author":1,"featured_media":1440689,"parent":0,"menu_order":0,"comment_status":"closed","ping_status":"closed","template":"LearningContentPage.php","meta":{"_acf_changed":false,"footnotes":""},"class_list":["post-1442795","page","type-page","status-publish","has-post-thumbnail","hentry"],"acf":[],"yoast_head":"<!-- This site is optimized with the Yoast SEO Premium plugin v27.2 (Yoast SEO v27.2) - https:\/\/yoast.com\/product\/yoast-seo-premium-wordpress\/ -->\n<title>Gramatika holandeze - Talkpal<\/title>\n<meta name=\"description\" content=\"Zot\u00ebroni gramatik\u00ebn holandeze me TalkPal, m\u00ebsuesin tuaj t\u00eb gjuh\u00ebs me AI. Hyni n\u00eb shpjegime t\u00eb qarta, shembuj praktik\u00eb dhe ushtrime interaktive!\" \/>\n<meta name=\"robots\" content=\"index, follow, max-snippet:-1, max-image-preview:large, max-video-preview:-1\" \/>\n<link rel=\"canonical\" href=\"https:\/\/talkpal.ai\/sq\/gramatika-holandeze\/\" \/>\n<meta property=\"og:locale\" content=\"sq_AL\" \/>\n<meta property=\"og:type\" content=\"article\" \/>\n<meta property=\"og:title\" content=\"Gramatika holandeze\" \/>\n<meta property=\"og:description\" content=\"Gramatika holandeze: Zot\u00ebroni mekanik\u00ebn e gjuh\u00ebs holandeze N\u00ebse keni b\u00ebr\u00eb hapin p\u00ebr t\u00eb m\u00ebsuar holandisht, jeni n\u00eb nj\u00eb udh\u00ebtim emocionues! Me mbi 23\" \/>\n<meta property=\"og:url\" content=\"https:\/\/talkpal.ai\/sq\/gramatika-holandeze\/\" \/>\n<meta property=\"og:site_name\" content=\"Talkpal\" \/>\n<meta property=\"article:publisher\" content=\"https:\/\/www.facebook.com\/profile.php?id=100090733639311\" \/>\n<meta property=\"article:modified_time\" content=\"2025-12-11T16:59:23+00:00\" \/>\n<meta property=\"og:image\" content=\"https:\/\/talkpal.ai\/wp-content\/uploads\/2023\/04\/netherlands-dutch.png\" \/>\n\t<meta property=\"og:image:width\" content=\"512\" \/>\n\t<meta property=\"og:image:height\" content=\"512\" \/>\n\t<meta property=\"og:image:type\" content=\"image\/png\" \/>\n<meta name=\"twitter:card\" content=\"summary_large_image\" \/>\n<meta name=\"twitter:site\" content=\"@talkpalai\" \/>\n<meta name=\"twitter:label1\" content=\"Est. reading time\" \/>\n\t<meta name=\"twitter:data1\" content=\"3 minutes\" \/>\n<script type=\"application\/ld+json\" class=\"yoast-schema-graph\">{\"@context\":\"https:\/\/schema.org\",\"@graph\":[{\"@type\":\"WebPage\",\"@id\":\"https:\/\/talkpal.ai\/sq\/gramatika-holandeze\/\",\"url\":\"https:\/\/talkpal.ai\/sq\/gramatika-holandeze\/\",\"name\":\"Gramatika holandeze - Talkpal\",\"isPartOf\":{\"@id\":\"https:\/\/talkpal.ai\/sq\/#website\"},\"primaryImageOfPage\":{\"@id\":\"https:\/\/talkpal.ai\/sq\/gramatika-holandeze\/#primaryimage\"},\"image\":{\"@id\":\"https:\/\/talkpal.ai\/sq\/gramatika-holandeze\/#primaryimage\"},\"thumbnailUrl\":\"https:\/\/talkpal.ai\/wp-content\/uploads\/2023\/04\/netherlands-dutch.png\",\"datePublished\":\"2023-05-14T13:49:38+00:00\",\"dateModified\":\"2025-12-11T16:59:23+00:00\",\"description\":\"Zot\u00ebroni gramatik\u00ebn holandeze me TalkPal, m\u00ebsuesin tuaj t\u00eb gjuh\u00ebs me AI. Hyni n\u00eb shpjegime t\u00eb qarta, shembuj praktik\u00eb dhe ushtrime interaktive!\",\"breadcrumb\":{\"@id\":\"https:\/\/talkpal.ai\/sq\/gramatika-holandeze\/#breadcrumb\"},\"inLanguage\":\"sq-AL\",\"potentialAction\":[{\"@type\":\"ReadAction\",\"target\":[\"https:\/\/talkpal.ai\/sq\/gramatika-holandeze\/\"]}]},{\"@type\":\"ImageObject\",\"inLanguage\":\"sq-AL\",\"@id\":\"https:\/\/talkpal.ai\/sq\/gramatika-holandeze\/#primaryimage\",\"url\":\"https:\/\/talkpal.ai\/wp-content\/uploads\/2023\/04\/netherlands-dutch.png\",\"contentUrl\":\"https:\/\/talkpal.ai\/wp-content\/uploads\/2023\/04\/netherlands-dutch.png\",\"width\":512,\"height\":512,\"caption\":\"TalkPal Catalan Flag\"},{\"@type\":\"BreadcrumbList\",\"@id\":\"https:\/\/talkpal.ai\/sq\/gramatika-holandeze\/#breadcrumb\",\"itemListElement\":[{\"@type\":\"ListItem\",\"position\":1,\"name\":\"Homepage\",\"item\":\"https:\/\/talkpal.ai\/sq\/\"},{\"@type\":\"ListItem\",\"position\":2,\"name\":\"Gramatika holandeze\"}]},{\"@type\":\"WebSite\",\"@id\":\"https:\/\/talkpal.ai\/sq\/#website\",\"url\":\"https:\/\/talkpal.ai\/sq\/\",\"name\":\"Talkpal\",\"description\":\"AI Language Learning\",\"publisher\":{\"@id\":\"https:\/\/talkpal.ai\/sq\/#organization\"},\"alternateName\":\"Talkpal AI\",\"potentialAction\":[{\"@type\":\"SearchAction\",\"target\":{\"@type\":\"EntryPoint\",\"urlTemplate\":\"https:\/\/talkpal.ai\/sq\/?s={search_term_string}\"},\"query-input\":{\"@type\":\"PropertyValueSpecification\",\"valueRequired\":true,\"valueName\":\"search_term_string\"}}],\"inLanguage\":\"sq-AL\"},{\"@type\":\"Organization\",\"@id\":\"https:\/\/talkpal.ai\/sq\/#organization\",\"name\":\"Talkpal, Inc.\",\"alternateName\":\"Talkpal AI\",\"url\":\"https:\/\/talkpal.ai\/sq\/\",\"logo\":{\"@type\":\"ImageObject\",\"inLanguage\":\"sq-AL\",\"@id\":\"https:\/\/talkpal.ai\/sq\/#\/schema\/logo\/image\/\",\"url\":\"https:\/\/talkpal.ai\/wp-content\/uploads\/2024\/03\/Talkpal-Logo-Icon.png\",\"contentUrl\":\"https:\/\/talkpal.ai\/wp-content\/uploads\/2024\/03\/Talkpal-Logo-Icon.png\",\"width\":2880,\"height\":2880,\"caption\":\"Talkpal, Inc.\"},\"image\":{\"@id\":\"https:\/\/talkpal.ai\/sq\/#\/schema\/logo\/image\/\"},\"sameAs\":[\"https:\/\/www.facebook.com\/profile.php?id=100090733639311\",\"https:\/\/x.com\/talkpalai\",\"https:\/\/www.linkedin.com\/company\/talkpal\/\",\"https:\/\/www.youtube.com\/@TalkPal\/\",\"https:\/\/www.tiktok.com\/@talkpal\",\"https:\/\/www.instagram.com\/talkpal_ai\/\",\"https:\/\/www.crunchbase.com\/organization\/talkpal-9cde\",\"https:\/\/www.g2.com\/products\/talkpal-for-business\/\",\"https:\/\/www.trustpilot.com\/review\/talkpal.ai\",\"https:\/\/www.capterra.com\/p\/10006800\/TalkPal\/\"],\"description\":\"Talkpal is a language learning web and mobile education app, powered by the latest AI technologies, that provides engaging experiences to its customers in many different languages to help them improve their language skills. Users can chat about unlimited amount of topics with the app and use other modes to practice their language learning.\",\"email\":\"support@talkpal.ai\",\"legalName\":\"Talkpal, Inc.\",\"foundingDate\":\"2023-04-03\",\"duns\":\"118989042\",\"numberOfEmployees\":{\"@type\":\"QuantitativeValue\",\"minValue\":\"11\",\"maxValue\":\"50\"},\"publishingPrinciples\":\"https:\/\/talkpal.ai\/publishing-principles\/\",\"actionableFeedbackPolicy\":\"https:\/\/talkpal.ai\/actionable-feedback-policy\/\",\"correctionsPolicy\":\"https:\/\/talkpal.ai\/corrections-policy\/\",\"ethicsPolicy\":\"https:\/\/talkpal.ai\/ethics-policy\/\",\"diversityPolicy\":\"https:\/\/talkpal.ai\/diversity-policy\/\",\"diversityStaffingReport\":\"https:\/\/talkpal.ai\/diversity-policy\/\"}]}<\/script>\n<!-- \/ Yoast SEO Premium plugin. -->","yoast_head_json":{"title":"Gramatika holandeze - Talkpal","description":"Zot\u00ebroni gramatik\u00ebn holandeze me TalkPal, m\u00ebsuesin tuaj t\u00eb gjuh\u00ebs me AI. Hyni n\u00eb shpjegime t\u00eb qarta, shembuj praktik\u00eb dhe ushtrime interaktive!","robots":{"index":"index","follow":"follow","max-snippet":"max-snippet:-1","max-image-preview":"max-image-preview:large","max-video-preview":"max-video-preview:-1"},"canonical":"https:\/\/talkpal.ai\/sq\/gramatika-holandeze\/","og_locale":"sq_AL","og_type":"article","og_title":"Gramatika holandeze","og_description":"Gramatika holandeze: Zot\u00ebroni mekanik\u00ebn e gjuh\u00ebs holandeze N\u00ebse keni b\u00ebr\u00eb hapin p\u00ebr t\u00eb m\u00ebsuar holandisht, jeni n\u00eb nj\u00eb udh\u00ebtim emocionues! Me mbi 23","og_url":"https:\/\/talkpal.ai\/sq\/gramatika-holandeze\/","og_site_name":"Talkpal","article_publisher":"https:\/\/www.facebook.com\/profile.php?id=100090733639311","article_modified_time":"2025-12-11T16:59:23+00:00","og_image":[{"width":512,"height":512,"url":"https:\/\/talkpal.ai\/wp-content\/uploads\/2023\/04\/netherlands-dutch.png","type":"image\/png"}],"twitter_card":"summary_large_image","twitter_site":"@talkpalai","twitter_misc":{"Est. reading time":"3 minutes"},"schema":{"@context":"https:\/\/schema.org","@graph":[{"@type":"WebPage","@id":"https:\/\/talkpal.ai\/sq\/gramatika-holandeze\/","url":"https:\/\/talkpal.ai\/sq\/gramatika-holandeze\/","name":"Gramatika holandeze - Talkpal","isPartOf":{"@id":"https:\/\/talkpal.ai\/sq\/#website"},"primaryImageOfPage":{"@id":"https:\/\/talkpal.ai\/sq\/gramatika-holandeze\/#primaryimage"},"image":{"@id":"https:\/\/talkpal.ai\/sq\/gramatika-holandeze\/#primaryimage"},"thumbnailUrl":"https:\/\/talkpal.ai\/wp-content\/uploads\/2023\/04\/netherlands-dutch.png","datePublished":"2023-05-14T13:49:38+00:00","dateModified":"2025-12-11T16:59:23+00:00","description":"Zot\u00ebroni gramatik\u00ebn holandeze me TalkPal, m\u00ebsuesin tuaj t\u00eb gjuh\u00ebs me AI. Hyni n\u00eb shpjegime t\u00eb qarta, shembuj praktik\u00eb dhe ushtrime interaktive!","breadcrumb":{"@id":"https:\/\/talkpal.ai\/sq\/gramatika-holandeze\/#breadcrumb"},"inLanguage":"sq-AL","potentialAction":[{"@type":"ReadAction","target":["https:\/\/talkpal.ai\/sq\/gramatika-holandeze\/"]}]},{"@type":"ImageObject","inLanguage":"sq-AL","@id":"https:\/\/talkpal.ai\/sq\/gramatika-holandeze\/#primaryimage","url":"https:\/\/talkpal.ai\/wp-content\/uploads\/2023\/04\/netherlands-dutch.png","contentUrl":"https:\/\/talkpal.ai\/wp-content\/uploads\/2023\/04\/netherlands-dutch.png","width":512,"height":512,"caption":"TalkPal Catalan Flag"},{"@type":"BreadcrumbList","@id":"https:\/\/talkpal.ai\/sq\/gramatika-holandeze\/#breadcrumb","itemListElement":[{"@type":"ListItem","position":1,"name":"Homepage","item":"https:\/\/talkpal.ai\/sq\/"},{"@type":"ListItem","position":2,"name":"Gramatika holandeze"}]},{"@type":"WebSite","@id":"https:\/\/talkpal.ai\/sq\/#website","url":"https:\/\/talkpal.ai\/sq\/","name":"Talkpal","description":"AI Language Learning","publisher":{"@id":"https:\/\/talkpal.ai\/sq\/#organization"},"alternateName":"Talkpal AI","potentialAction":[{"@type":"SearchAction","target":{"@type":"EntryPoint","urlTemplate":"https:\/\/talkpal.ai\/sq\/?s={search_term_string}"},"query-input":{"@type":"PropertyValueSpecification","valueRequired":true,"valueName":"search_term_string"}}],"inLanguage":"sq-AL"},{"@type":"Organization","@id":"https:\/\/talkpal.ai\/sq\/#organization","name":"Talkpal, Inc.","alternateName":"Talkpal AI","url":"https:\/\/talkpal.ai\/sq\/","logo":{"@type":"ImageObject","inLanguage":"sq-AL","@id":"https:\/\/talkpal.ai\/sq\/#\/schema\/logo\/image\/","url":"https:\/\/talkpal.ai\/wp-content\/uploads\/2024\/03\/Talkpal-Logo-Icon.png","contentUrl":"https:\/\/talkpal.ai\/wp-content\/uploads\/2024\/03\/Talkpal-Logo-Icon.png","width":2880,"height":2880,"caption":"Talkpal, Inc."},"image":{"@id":"https:\/\/talkpal.ai\/sq\/#\/schema\/logo\/image\/"},"sameAs":["https:\/\/www.facebook.com\/profile.php?id=100090733639311","https:\/\/x.com\/talkpalai","https:\/\/www.linkedin.com\/company\/talkpal\/","https:\/\/www.youtube.com\/@TalkPal\/","https:\/\/www.tiktok.com\/@talkpal","https:\/\/www.instagram.com\/talkpal_ai\/","https:\/\/www.crunchbase.com\/organization\/talkpal-9cde","https:\/\/www.g2.com\/products\/talkpal-for-business\/","https:\/\/www.trustpilot.com\/review\/talkpal.ai","https:\/\/www.capterra.com\/p\/10006800\/TalkPal\/"],"description":"Talkpal is a language learning web and mobile education app, powered by the latest AI technologies, that provides engaging experiences to its customers in many different languages to help them improve their language skills. Users can chat about unlimited amount of topics with the app and use other modes to practice their language learning.","email":"support@talkpal.ai","legalName":"Talkpal, Inc.","foundingDate":"2023-04-03","duns":"118989042","numberOfEmployees":{"@type":"QuantitativeValue","minValue":"11","maxValue":"50"},"publishingPrinciples":"https:\/\/talkpal.ai\/publishing-principles\/","actionableFeedbackPolicy":"https:\/\/talkpal.ai\/actionable-feedback-policy\/","correctionsPolicy":"https:\/\/talkpal.ai\/corrections-policy\/","ethicsPolicy":"https:\/\/talkpal.ai\/ethics-policy\/","diversityPolicy":"https:\/\/talkpal.ai\/diversity-policy\/","diversityStaffingReport":"https:\/\/talkpal.ai\/diversity-policy\/"}]}},"_links":{"self":[{"href":"https:\/\/talkpal.ai\/sq\/wp-json\/wp\/v2\/pages\/1442795","targetHints":{"allow":["GET"]}}],"collection":[{"href":"https:\/\/talkpal.ai\/sq\/wp-json\/wp\/v2\/pages"}],"about":[{"href":"https:\/\/talkpal.ai\/sq\/wp-json\/wp\/v2\/types\/page"}],"author":[{"embeddable":true,"href":"https:\/\/talkpal.ai\/sq\/wp-json\/wp\/v2\/users\/1"}],"replies":[{"embeddable":true,"href":"https:\/\/talkpal.ai\/sq\/wp-json\/wp\/v2\/comments?post=1442795"}],"version-history":[{"count":0,"href":"https:\/\/talkpal.ai\/sq\/wp-json\/wp\/v2\/pages\/1442795\/revisions"}],"wp:featuredmedia":[{"embeddable":true,"href":"https:\/\/talkpal.ai\/sq\/wp-json\/wp\/v2\/media\/1440689"}],"wp:attachment":[{"href":"https:\/\/talkpal.ai\/sq\/wp-json\/wp\/v2\/media?parent=1442795"}],"curies":[{"name":"wp","href":"https:\/\/api.w.org\/{rel}","templated":true}]}}