{"id":1442794,"date":"2023-05-14T13:51:46","date_gmt":"2023-05-14T13:51:46","guid":{"rendered":"https:\/\/talkpal.ai\/gramatika-portugeze\/"},"modified":"2025-12-11T16:49:10","modified_gmt":"2025-12-11T16:49:10","slug":"gramatika-portugeze","status":"publish","type":"page","link":"https:\/\/talkpal.ai\/sq\/gramatika-portugeze\/","title":{"rendered":"Gramatika Portugeze"},"content":{"rendered":"\r\n\r\n\r\n<section class=\"languageChallengeSection\">\r\n    <div class=\"languageInfoWrapper\">\r\n        \r\n        <h1>Gramatika Portugeze<\/h1>\r\n        <p>Eksploroni bazat e gramatik\u00ebs portugeze dhe zhbllokoni nj\u00eb bot\u00eb mund\u00ebsish p\u00ebr t&#039;u lidhur me miliona fol\u00ebs n\u00eb mbar\u00eb bot\u00ebn. Duke zot\u00ebruar rregullat dhe strukturat kryesore t\u00eb tij, do t\u00eb jeni gati t\u00eb komunikoni me besim dhe t\u00eb shijoni plot\u00ebsisht kultur\u00ebn portugeze. Filloni t\u00eb m\u00ebsoni gramatik\u00ebn portugeze sot dhe hidhni hapin tuaj t\u00eb par\u00eb drejt rrjedhshm\u00ebris\u00eb!<\/p>\r\n\r\n                            <a class=\"getStartedHidden\" href=\"https:\/\/app.talkpal.ai\/signup?lng=\">Filloni<\/a>\r\n        \r\n    <\/div>\r\n\r\n    <figure>\r\n    <img decoding=\"async\" width=\"768\" height=\"768\" src=\"https:\/\/talkpal.ai\/wp-content\/uploads\/2023\/06\/portuguese-768x768.png\" class=\"languageImage no-lazy\" alt=\"Language learning for broader world view\" fetchpriority=\"high\" sizes=\"(max-width: 768px) 150px, 768px\" srcset=\"https:\/\/talkpal.ai\/wp-content\/uploads\/2023\/06\/portuguese-768x768.png 768w, https:\/\/talkpal.ai\/wp-content\/uploads\/2023\/06\/portuguese-300x300.png 300w\" \/>\r\n    \r\n\r\n    <\/figure>\r\n\r\n            <a class=\"getStartedVisible\" href=\"https:\/\/app.talkpal.ai\/signup?lng=\">Filloni<\/a>\r\n    \r\n<\/section>\r\n<section class=\"promotionalBanner\">\r\n    <p class=\"promotionalText\">M\u00ebnyra m\u00eb efikase p\u00ebr t\u00eb m\u00ebsuar nj\u00eb gjuh\u00eb<\/p>\r\n    <a class=\"promotionalLink\" href=\"https:\/\/app.talkpal.ai\/signup?lng=\">Provoni Talkpal falas<\/a>\r\n<\/section>\n<div class=\"wp-block-group pageContainerStyle\"><div class=\"wp-block-group__inner-container is-layout-constrained wp-block-group-is-layout-constrained\">\n<h2 class=\"wp-block-heading\" id=\"h-a-beginner-s-guide-to-understanding-portuguese-grammar\">Nj\u00eb udh\u00ebzues fillestar p\u00ebr t\u00eb kuptuar gramatik\u00ebn portugeze<\/h2>\n\n\n\n<p>Pavar\u00ebsisht n\u00ebse jeni duke planifikuar nj\u00eb udh\u00ebtim n\u00eb <a href=\"https:\/\/talkpal.ai\/learn-portuguese\/\">Portugali<\/a> ose thjesht jeni t\u00eb interesuar t\u00eb zot\u00ebroni nj\u00eb gjuh\u00eb t\u00eb re, m\u00ebsimi i portugalishtes mund t\u00eb jet\u00eb nj\u00eb p\u00ebrvoj\u00eb emocionuese dhe shp\u00ebrblyese. Nj\u00eb aspekt thelb\u00ebsor i m\u00ebsimit t\u00eb gjuh\u00ebs portugeze, si \u00e7do tjet\u00ebr, \u00ebsht\u00eb t\u00eb kuptuarit e gramatik\u00ebs s\u00eb saj. Ky artikull do t&#8217;ju udh\u00ebheq\u00eb p\u00ebrmes bazave t\u00eb gramatik\u00ebs portugeze, duke ju ofruar k\u00ebshilla dhe njohuri thelb\u00ebsore p\u00ebr t&#8217;ju ndihmuar t\u00eb lundroni dhe komunikoni pa mundim. Pra, n\u00ebse keni pritur t\u00eb zhyteni n\u00eb bot\u00ebn e portugalishtes, le t\u00eb fillojm\u00eb!<\/p>\n\n\n\n<h3 class=\"wp-block-heading\" id=\"h-1-the-basics-nouns-pronouns-and-articles\">1. Bazat: Emrat, p\u00ebremrat dhe artikujt<\/h3>\n\n\n\n<p>Ashtu si n\u00eb <a href=\"https:\/\/talkpal.ai\/learn-english-with-ai\/\">anglisht<\/a>, <a href=\"https:\/\/talkpal.ai\/sq\/gramatika\/\">gramatika<\/a> portugeze \u00ebsht\u00eb nd\u00ebrtuar <a href=\"https:\/\/talkpal.ai\/sq\/rreth\/\">rreth<\/a> emrave, p\u00ebremrave dhe artikujve. Emrat n\u00eb <a href=\"https:\/\/talkpal.ai\/learn-portuguese\/\">portugalisht<\/a> mund t\u00eb jen\u00eb mashkullor\u00eb ose fem\u00ebror\u00eb dhe \u00ebsht\u00eb e r\u00ebnd\u00ebsishme t\u00eb p\u00ebrcaktohet gjinia p\u00ebr formimin e duhur t\u00eb fjalive. P\u00ebr shembull, &#8220;o menino&#8221; p\u00ebrkthehet n\u00eb &#8220;djali&#8221;, nd\u00ebrsa &#8220;nj\u00eb menina&#8221; p\u00ebrkthehet n\u00eb &#8220;vajz\u00eb&#8221;.<\/p>\n\n\n\n<p>P\u00ebremrat n\u00eb portugalisht, si anglishtja, veprojn\u00eb si z\u00ebvend\u00ebsues t\u00eb emrave. Ata, gjithashtu, kan\u00eb gjini. P\u00ebremrat personal\u00eb p\u00ebrfshijn\u00eb eu (I), voc\u00ea\/tu (ju), ele\/ela (ai\/ajo), n\u00f3s (ne) dhe eles\/elas (ata).<\/p>\n\n\n\n<p>Artikujt e caktuar (the) dhe artikujt e pacaktuar (a\/an) jan\u00eb gjithashtu specifik\u00eb p\u00ebr gjinin\u00eb dhe jan\u00eb thelb\u00ebsor\u00eb p\u00ebr nd\u00ebrtimin e duhur t\u00eb fjalis\u00eb. N\u00eb portugalisht, artikujt e p\u00ebrcaktuar jan\u00eb &#8220;o&#8221; (mashkullor) dhe &#8220;a&#8221; (fem\u00ebr), dhe artikujt e pacaktuar jan\u00eb &#8220;um&#8221; (mashkullor) dhe &#8220;uma&#8221; (fem\u00ebrore).<\/p>\n\n\n\n<h3 class=\"wp-block-heading\" id=\"h-2-adjectives-and-adverbs-add-spice-to-your-sentences\">2. Mbiemrat dhe ndajfoljet: Shtoni er\u00ebza n\u00eb fjalit\u00eb tuaja<\/h3>\n\n\n\n<p>Mbiemrat jan\u00eb fjal\u00eb q\u00eb p\u00ebrshkruajn\u00eb ose modifikojn\u00eb emrat, dhe si emrat, ata kan\u00eb gjini. Zakonisht, mbiemrat q\u00eb p\u00ebrfundojn\u00eb me &#8220;o&#8221; jan\u00eb mashkullor\u00eb, nd\u00ebrsa ato q\u00eb p\u00ebrfundojn\u00eb me &#8220;a&#8221; jan\u00eb fem\u00ebrore. \u00cbsht\u00eb thelb\u00ebsore t\u00eb p\u00ebrputhet gjinia e mbiemrit me emrin q\u00eb p\u00ebrshkruan. P\u00ebr shembull, &#8220;homem alto&#8221; p\u00ebrkthehet n\u00eb &#8220;burr\u00eb i gjat\u00eb&#8221;, nd\u00ebrsa &#8220;mulher alta&#8221; do t\u00eb thot\u00eb &#8220;grua e gjat\u00eb&#8221;.<\/p>\n\n\n\n<p>Ndajfoljet, nga ana tjet\u00ebr, modifikojn\u00eb foljet, mbiemrat ose ndajfoljet e tjera. N\u00eb portugalisht, ndajfoljet zakonisht nuk kan\u00eb forma specifike p\u00ebr gjinin\u00eb. Disa ndajfolje t\u00eb zakonshme p\u00ebrfshijn\u00eb &#8220;rapidamente&#8221; (shpejt), &#8220;lentamente&#8221; (ngadal\u00eb) dhe &#8220;sempre&#8221; (gjithmon\u00eb).<\/p>\n\n\n\n<h3 class=\"wp-block-heading\" id=\"h-3-verbs-the-action-words\">3. Foljet: Fjal\u00ebt e veprimit<\/h3>\n\n\n\n<p>Foljet portugeze klasifikohen n\u00eb tre grupe konjugimi (-ar, -er, -ir) dhe format e <a href=\"https:\/\/talkpal.ai\/locations\/language-courses-in-tyre\/\">tyre<\/a> ndryshojn\u00eb n\u00eb var\u00ebsi t\u00eb koh\u00ebs dhe subjektit. K\u00ebto jan\u00eb disa koh\u00eb thelb\u00ebsore q\u00eb duhet t\u00eb dini:<\/p>\n\n\n\n<p>\u2013 Koha e tashme (<a href=\"https:\/\/talkpal.ai\/zh-hans\/grammar_exercises\/presente-%e8%a5%bf%e7%8f%ad%e7%89%99%e8%af%ad%e6%b3%95%e7%bb%83%e4%b9%a0\/\">Presente<\/a>): P\u00ebrshkruan veprimet q\u00eb ndodhin tani ose veprimet e zakonshme.<br\/>\u2013 Koha e kaluar (Pret\u00e9rito): P\u00ebrshkruan veprimet q\u00eb kan\u00eb ndodhur n\u00eb t\u00eb kaluar\u00ebn. Ekzistojn\u00eb dy lloje: <a href=\"https:\/\/talkpal.ai\/grammar\/preterite-perfect-in-portuguese-grammar\/\">Pret\u00e9rito Perfeito<\/a> (e kaluar e thjesht\u00eb) dhe <a href=\"https:\/\/talkpal.ai\/grammar\/preterito-imperfeito-in-portuguese-grammar\/\">Pret\u00e9rito Imperfeito<\/a> (e kaluar e vazhdueshme).<br\/>\u2013 N\u00eb koh\u00ebn e ardhshme (Futuro): P\u00ebrshkruan veprimet q\u00eb do t\u00eb ndodhin n\u00eb t\u00eb ardhmen.<\/p>\n\n\n\n<p>Zot\u00ebrimi i konjugimit t\u00eb foljeve mund t\u00eb jet\u00eb nj\u00eb sfid\u00eb n\u00eb portugalisht, por praktika dhe q\u00ebndrueshm\u00ebria do t&#8217;ju ndihmojn\u00eb ta kuptoni at\u00eb n\u00eb m\u00ebnyr\u00eb m\u00eb efikase.<\/p>\n\n\n\n<h3 class=\"wp-block-heading\" id=\"h-4-word-order-building-understandable-sentences\">4. Rendi i fjal\u00ebve: Nd\u00ebrtimi i fjalive t\u00eb kuptueshme<\/h3>\n\n\n\n<p>Struktura tipike e fjalis\u00eb portugeze ndjek rendin Subjekt-Folje-Objekt (SVO). P\u00ebr shembull, fjalia &#8220;Eu amo pizza&#8221; (&#8220;Un\u00eb e dua pica&#8221;) ndjek k\u00ebt\u00eb model. Megjithat\u00eb, gramatika portugeze mund t\u00eb jet\u00eb mjaft fleksib\u00ebl dhe mund t\u00eb hasni ndryshime n\u00eb rendin e fjal\u00ebve, ve\u00e7an\u00ebrisht n\u00eb let\u00ebrsi ose biseda joformale. Konteksti dhe mendja e sh\u00ebndosh\u00eb jan\u00eb thelb\u00ebsore p\u00ebr t\u00eb kuptuar k\u00ebto variacione.<\/p>\n\n\n\n<h3 class=\"wp-block-heading\" id=\"h-5-negation-and-interrogation-say-no-and-ask-questions\">5. Mohimi dhe marrja n\u00eb pyetje: Thoni jo dhe b\u00ebni pyetje<\/h3>\n\n\n\n<p>P\u00ebr t\u00eb mohuar nj\u00eb fjali n\u00eb portugalisht, thjesht vendosni fjal\u00ebn &#8220;n\u00e3o&#8221; para foljes. P\u00ebr shembull, &#8220;Eu n\u00e3o falo portugu\u00eas&#8221; do t\u00eb thot\u00eb &#8220;Un\u00eb nuk flas portugalisht&#8221;.<\/p>\n\n\n\n<p>P\u00ebr ta kthyer nj\u00eb deklarat\u00eb n\u00eb nj\u00eb pyetje n\u00eb portugalisht, mund t\u00eb ndryshoni rendin e fjal\u00ebve ose t\u00eb p\u00ebrdorni nj\u00eb fjal\u00eb pyet\u00ebse (si &#8220;quem&#8221; p\u00ebr &#8220;kush&#8221;, &#8220;o que&#8221; p\u00ebr &#8220;\u00e7far\u00eb&#8221; ose &#8220;onde&#8221; p\u00ebr &#8220;ku&#8221;). P\u00ebr shembull, &#8220;Voc\u00ea fala ingl\u00eas?&#8221; p\u00ebrkthehet n\u00eb &#8220;A flisni anglisht?&#8221;<\/p>\n\n\n\n<h3 class=\"wp-block-heading\" id=\"h-conclusion\">P\u00ebrfundimi<\/h3>\n\n\n\n<p>M\u00ebsimi i gramatik\u00ebs portugeze mund t\u00eb duket i friksh\u00ebm, por mos u d\u00ebshp\u00ebroni! \u00c7do gjuh\u00eb ka kompleksitetin e saj, por me q\u00ebndrueshm\u00ebri, praktik\u00eb dhe pak durim, do ta gjeni veten duke komunikuar me besim dhe efektivitet. Mbani n\u00eb mend se m\u00ebsimi i gramatik\u00ebs \u00ebsht\u00eb vet\u00ebm nj\u00eb pjes\u00eb e p\u00ebrvet\u00ebsimit t\u00eb gjuh\u00ebs dhe gjithashtu duhet t\u00eb praktikoni d\u00ebgjimin, t\u00eb folurit dhe leximin n\u00eb portugalisht. Boa sorte! (Pa\u00e7 fat!)<\/p>\n<\/div><\/div>\n\r\n<section class=\"learnNavigationSection\">\r\n            \r\n        <a href=\"https:\/\/talkpal.ai\/sq\/mesoni-portugalisht\/\">\r\n            <div class=\"learnNavigationWrapper\">\r\n                <div class=\"learnNavigationContent\">\r\n                    <img decoding=\"async\" src=\"https:\/\/talkpal.ai\/wp-content\/uploads\/2024\/08\/Portuguese.jpg\" alt=\"Portuguese Flag\">\r\n                    <div>\r\n                        <h4>Rreth Portugalis\u00eb Learning<\/h4>\r\n                        <p>M\u00ebsoni gjith\u00e7ka rreth gramatik\u00ebs s\u00eb Portugalis\u00eb.<\/p>\r\n                    <\/div>\r\n                <\/div>\r\n            <\/div>\r\n        <\/a>\r\n\r\n        \r\n        <a href=\"https:\/\/talkpal.ai\/sq\/ushtrime-gramatikore-portugeze\/\">\r\n            <div class=\"learnNavigationWrapper\">\r\n                <div class=\"learnNavigationContent\">\r\n                    <img decoding=\"async\" src=\"https:\/\/talkpal.ai\/wp-content\/uploads\/2024\/08\/Portuguese.jpg\" alt=\"Portuguese Flag\">\r\n                    <div>\r\n                        <h4>Ushtrimi i gramatik\u00ebs portugeze<\/h4>\r\n                        <p>Praktikoni gramatik\u00ebn portugeze.<\/p>\r\n                    <\/div>\r\n                <\/div>\r\n            <\/div>\r\n        <\/a>\r\n\r\n        \r\n        <a href=\"https:\/\/talkpal.ai\/vocabulary_language\/portuguese\/\">\r\n            <div class=\"learnNavigationWrapper\">\r\n                <div class=\"learnNavigationContent\">\r\n                    <img decoding=\"async\" src=\"https:\/\/talkpal.ai\/wp-content\/uploads\/2024\/08\/Portuguese.jpg\" alt=\"Portuguese Flag\">\r\n                    <div>\r\n                        <h4>Fjalori portugez<\/h4>\r\n                        <p>Zgjeroni fjalorin tuaj portugalisht.<\/p>\r\n                    <\/div>\r\n                <\/div>\r\n            <\/div>\r\n        <\/a>\r\n\r\n            <\/section>","protected":false},"excerpt":{"rendered":"<p>Nj\u00eb udh\u00ebzues fillestar p\u00ebr t\u00eb kuptuar gramatik\u00ebn portugeze Pavar\u00ebsisht n\u00ebse jeni duke planifikuar nj\u00eb udh\u00ebtim n\u00eb Portugali ose thjesht jeni t\u00eb interesuar t\u00eb zot\u00ebroni nj\u00eb gjuh\u00eb t\u00eb re, m\u00ebsimi i portugalishtes mund t\u00eb jet\u00eb nj\u00eb p\u00ebrvoj\u00eb emocionuese dhe shp\u00ebrblyese. Nj\u00eb aspekt thelb\u00ebsor i m\u00ebsimit t\u00eb gjuh\u00ebs portugeze, si \u00e7do tjet\u00ebr, \u00ebsht\u00eb t\u00eb kuptuarit e gramatik\u00ebs [&hellip;]<\/p>\n","protected":false},"author":1,"featured_media":1439790,"parent":0,"menu_order":0,"comment_status":"closed","ping_status":"closed","template":"LearningContentPage.php","meta":{"_acf_changed":false,"footnotes":""},"class_list":["post-1442794","page","type-page","status-publish","has-post-thumbnail","hentry"],"acf":[],"yoast_head":"<!-- This site is optimized with the Yoast SEO Premium plugin v27.2 (Yoast SEO v27.2) - https:\/\/yoast.com\/product\/yoast-seo-premium-wordpress\/ -->\n<title>Gramatika Portugeze - Talkpal<\/title>\n<meta name=\"description\" content=\"Zot\u00ebroni gramatik\u00ebn portugeze me ushtrime interaktive t\u00eb dizajnuara p\u00ebr t\u00eb gjitha nivelet e aft\u00ebsive. P\u00ebrmir\u00ebsoni aft\u00ebsin\u00eb tuaj gjuh\u00ebsore!\" \/>\n<meta name=\"robots\" content=\"index, follow, max-snippet:-1, max-image-preview:large, max-video-preview:-1\" \/>\n<link rel=\"canonical\" href=\"https:\/\/talkpal.ai\/sq\/gramatika-portugeze\/\" \/>\n<meta property=\"og:locale\" content=\"sq_AL\" \/>\n<meta property=\"og:type\" content=\"article\" \/>\n<meta property=\"og:title\" content=\"Gramatika Portugeze\" \/>\n<meta property=\"og:description\" content=\"Nj\u00eb udh\u00ebzues fillestar p\u00ebr t\u00eb kuptuar gramatik\u00ebn portugeze Pavar\u00ebsisht n\u00ebse jeni duke planifikuar nj\u00eb udh\u00ebtim n\u00eb Portugali ose thjesht jeni t\u00eb interesuar\" \/>\n<meta property=\"og:url\" content=\"https:\/\/talkpal.ai\/sq\/gramatika-portugeze\/\" \/>\n<meta property=\"og:site_name\" content=\"Talkpal\" \/>\n<meta property=\"article:publisher\" content=\"https:\/\/www.facebook.com\/profile.php?id=100090733639311\" \/>\n<meta property=\"article:modified_time\" content=\"2025-12-11T16:49:10+00:00\" \/>\n<meta property=\"og:image\" content=\"https:\/\/talkpal.ai\/wp-content\/uploads\/2023\/04\/portugal.png\" \/>\n\t<meta property=\"og:image:width\" content=\"512\" \/>\n\t<meta property=\"og:image:height\" content=\"512\" \/>\n\t<meta property=\"og:image:type\" content=\"image\/png\" \/>\n<meta name=\"twitter:card\" content=\"summary_large_image\" \/>\n<meta name=\"twitter:site\" content=\"@talkpalai\" \/>\n<meta name=\"twitter:label1\" content=\"Est. reading time\" \/>\n\t<meta name=\"twitter:data1\" content=\"4 minutes\" \/>\n<script type=\"application\/ld+json\" class=\"yoast-schema-graph\">{\"@context\":\"https:\/\/schema.org\",\"@graph\":[{\"@type\":\"WebPage\",\"@id\":\"https:\/\/talkpal.ai\/sq\/gramatika-portugeze\/\",\"url\":\"https:\/\/talkpal.ai\/sq\/gramatika-portugeze\/\",\"name\":\"Gramatika Portugeze - Talkpal\",\"isPartOf\":{\"@id\":\"https:\/\/talkpal.ai\/sq\/#website\"},\"primaryImageOfPage\":{\"@id\":\"https:\/\/talkpal.ai\/sq\/gramatika-portugeze\/#primaryimage\"},\"image\":{\"@id\":\"https:\/\/talkpal.ai\/sq\/gramatika-portugeze\/#primaryimage\"},\"thumbnailUrl\":\"https:\/\/talkpal.ai\/wp-content\/uploads\/2023\/04\/portugal.png\",\"datePublished\":\"2023-05-14T13:51:46+00:00\",\"dateModified\":\"2025-12-11T16:49:10+00:00\",\"description\":\"Zot\u00ebroni gramatik\u00ebn portugeze me ushtrime interaktive t\u00eb dizajnuara p\u00ebr t\u00eb gjitha nivelet e aft\u00ebsive. P\u00ebrmir\u00ebsoni aft\u00ebsin\u00eb tuaj gjuh\u00ebsore!\",\"breadcrumb\":{\"@id\":\"https:\/\/talkpal.ai\/sq\/gramatika-portugeze\/#breadcrumb\"},\"inLanguage\":\"sq-AL\",\"potentialAction\":[{\"@type\":\"ReadAction\",\"target\":[\"https:\/\/talkpal.ai\/sq\/gramatika-portugeze\/\"]}]},{\"@type\":\"ImageObject\",\"inLanguage\":\"sq-AL\",\"@id\":\"https:\/\/talkpal.ai\/sq\/gramatika-portugeze\/#primaryimage\",\"url\":\"https:\/\/talkpal.ai\/wp-content\/uploads\/2023\/04\/portugal.png\",\"contentUrl\":\"https:\/\/talkpal.ai\/wp-content\/uploads\/2023\/04\/portugal.png\",\"width\":512,\"height\":512,\"caption\":\"TalkPal Catalan Flag\"},{\"@type\":\"BreadcrumbList\",\"@id\":\"https:\/\/talkpal.ai\/sq\/gramatika-portugeze\/#breadcrumb\",\"itemListElement\":[{\"@type\":\"ListItem\",\"position\":1,\"name\":\"Homepage\",\"item\":\"https:\/\/talkpal.ai\/sq\/\"},{\"@type\":\"ListItem\",\"position\":2,\"name\":\"Gramatika Portugeze\"}]},{\"@type\":\"WebSite\",\"@id\":\"https:\/\/talkpal.ai\/sq\/#website\",\"url\":\"https:\/\/talkpal.ai\/sq\/\",\"name\":\"Talkpal\",\"description\":\"AI Language Learning\",\"publisher\":{\"@id\":\"https:\/\/talkpal.ai\/sq\/#organization\"},\"alternateName\":\"Talkpal AI\",\"potentialAction\":[{\"@type\":\"SearchAction\",\"target\":{\"@type\":\"EntryPoint\",\"urlTemplate\":\"https:\/\/talkpal.ai\/sq\/?s={search_term_string}\"},\"query-input\":{\"@type\":\"PropertyValueSpecification\",\"valueRequired\":true,\"valueName\":\"search_term_string\"}}],\"inLanguage\":\"sq-AL\"},{\"@type\":\"Organization\",\"@id\":\"https:\/\/talkpal.ai\/sq\/#organization\",\"name\":\"Talkpal, Inc.\",\"alternateName\":\"Talkpal AI\",\"url\":\"https:\/\/talkpal.ai\/sq\/\",\"logo\":{\"@type\":\"ImageObject\",\"inLanguage\":\"sq-AL\",\"@id\":\"https:\/\/talkpal.ai\/sq\/#\/schema\/logo\/image\/\",\"url\":\"https:\/\/talkpal.ai\/wp-content\/uploads\/2024\/03\/Talkpal-Logo-Icon.png\",\"contentUrl\":\"https:\/\/talkpal.ai\/wp-content\/uploads\/2024\/03\/Talkpal-Logo-Icon.png\",\"width\":2880,\"height\":2880,\"caption\":\"Talkpal, Inc.\"},\"image\":{\"@id\":\"https:\/\/talkpal.ai\/sq\/#\/schema\/logo\/image\/\"},\"sameAs\":[\"https:\/\/www.facebook.com\/profile.php?id=100090733639311\",\"https:\/\/x.com\/talkpalai\",\"https:\/\/www.linkedin.com\/company\/talkpal\/\",\"https:\/\/www.youtube.com\/@TalkPal\/\",\"https:\/\/www.tiktok.com\/@talkpal\",\"https:\/\/www.instagram.com\/talkpal_ai\/\",\"https:\/\/www.crunchbase.com\/organization\/talkpal-9cde\",\"https:\/\/www.g2.com\/products\/talkpal-for-business\/\",\"https:\/\/www.trustpilot.com\/review\/talkpal.ai\",\"https:\/\/www.capterra.com\/p\/10006800\/TalkPal\/\"],\"description\":\"Talkpal is a language learning web and mobile education app, powered by the latest AI technologies, that provides engaging experiences to its customers in many different languages to help them improve their language skills. Users can chat about unlimited amount of topics with the app and use other modes to practice their language learning.\",\"email\":\"support@talkpal.ai\",\"legalName\":\"Talkpal, Inc.\",\"foundingDate\":\"2023-04-03\",\"duns\":\"118989042\",\"numberOfEmployees\":{\"@type\":\"QuantitativeValue\",\"minValue\":\"11\",\"maxValue\":\"50\"},\"publishingPrinciples\":\"https:\/\/talkpal.ai\/publishing-principles\/\",\"actionableFeedbackPolicy\":\"https:\/\/talkpal.ai\/actionable-feedback-policy\/\",\"correctionsPolicy\":\"https:\/\/talkpal.ai\/corrections-policy\/\",\"ethicsPolicy\":\"https:\/\/talkpal.ai\/ethics-policy\/\",\"diversityPolicy\":\"https:\/\/talkpal.ai\/diversity-policy\/\",\"diversityStaffingReport\":\"https:\/\/talkpal.ai\/diversity-policy\/\"}]}<\/script>\n<!-- \/ Yoast SEO Premium plugin. -->","yoast_head_json":{"title":"Gramatika Portugeze - Talkpal","description":"Zot\u00ebroni gramatik\u00ebn portugeze me ushtrime interaktive t\u00eb dizajnuara p\u00ebr t\u00eb gjitha nivelet e aft\u00ebsive. P\u00ebrmir\u00ebsoni aft\u00ebsin\u00eb tuaj gjuh\u00ebsore!","robots":{"index":"index","follow":"follow","max-snippet":"max-snippet:-1","max-image-preview":"max-image-preview:large","max-video-preview":"max-video-preview:-1"},"canonical":"https:\/\/talkpal.ai\/sq\/gramatika-portugeze\/","og_locale":"sq_AL","og_type":"article","og_title":"Gramatika Portugeze","og_description":"Nj\u00eb udh\u00ebzues fillestar p\u00ebr t\u00eb kuptuar gramatik\u00ebn portugeze Pavar\u00ebsisht n\u00ebse jeni duke planifikuar nj\u00eb udh\u00ebtim n\u00eb Portugali ose thjesht jeni t\u00eb interesuar","og_url":"https:\/\/talkpal.ai\/sq\/gramatika-portugeze\/","og_site_name":"Talkpal","article_publisher":"https:\/\/www.facebook.com\/profile.php?id=100090733639311","article_modified_time":"2025-12-11T16:49:10+00:00","og_image":[{"width":512,"height":512,"url":"https:\/\/talkpal.ai\/wp-content\/uploads\/2023\/04\/portugal.png","type":"image\/png"}],"twitter_card":"summary_large_image","twitter_site":"@talkpalai","twitter_misc":{"Est. reading time":"4 minutes"},"schema":{"@context":"https:\/\/schema.org","@graph":[{"@type":"WebPage","@id":"https:\/\/talkpal.ai\/sq\/gramatika-portugeze\/","url":"https:\/\/talkpal.ai\/sq\/gramatika-portugeze\/","name":"Gramatika Portugeze - Talkpal","isPartOf":{"@id":"https:\/\/talkpal.ai\/sq\/#website"},"primaryImageOfPage":{"@id":"https:\/\/talkpal.ai\/sq\/gramatika-portugeze\/#primaryimage"},"image":{"@id":"https:\/\/talkpal.ai\/sq\/gramatika-portugeze\/#primaryimage"},"thumbnailUrl":"https:\/\/talkpal.ai\/wp-content\/uploads\/2023\/04\/portugal.png","datePublished":"2023-05-14T13:51:46+00:00","dateModified":"2025-12-11T16:49:10+00:00","description":"Zot\u00ebroni gramatik\u00ebn portugeze me ushtrime interaktive t\u00eb dizajnuara p\u00ebr t\u00eb gjitha nivelet e aft\u00ebsive. P\u00ebrmir\u00ebsoni aft\u00ebsin\u00eb tuaj gjuh\u00ebsore!","breadcrumb":{"@id":"https:\/\/talkpal.ai\/sq\/gramatika-portugeze\/#breadcrumb"},"inLanguage":"sq-AL","potentialAction":[{"@type":"ReadAction","target":["https:\/\/talkpal.ai\/sq\/gramatika-portugeze\/"]}]},{"@type":"ImageObject","inLanguage":"sq-AL","@id":"https:\/\/talkpal.ai\/sq\/gramatika-portugeze\/#primaryimage","url":"https:\/\/talkpal.ai\/wp-content\/uploads\/2023\/04\/portugal.png","contentUrl":"https:\/\/talkpal.ai\/wp-content\/uploads\/2023\/04\/portugal.png","width":512,"height":512,"caption":"TalkPal Catalan Flag"},{"@type":"BreadcrumbList","@id":"https:\/\/talkpal.ai\/sq\/gramatika-portugeze\/#breadcrumb","itemListElement":[{"@type":"ListItem","position":1,"name":"Homepage","item":"https:\/\/talkpal.ai\/sq\/"},{"@type":"ListItem","position":2,"name":"Gramatika Portugeze"}]},{"@type":"WebSite","@id":"https:\/\/talkpal.ai\/sq\/#website","url":"https:\/\/talkpal.ai\/sq\/","name":"Talkpal","description":"AI Language Learning","publisher":{"@id":"https:\/\/talkpal.ai\/sq\/#organization"},"alternateName":"Talkpal AI","potentialAction":[{"@type":"SearchAction","target":{"@type":"EntryPoint","urlTemplate":"https:\/\/talkpal.ai\/sq\/?s={search_term_string}"},"query-input":{"@type":"PropertyValueSpecification","valueRequired":true,"valueName":"search_term_string"}}],"inLanguage":"sq-AL"},{"@type":"Organization","@id":"https:\/\/talkpal.ai\/sq\/#organization","name":"Talkpal, Inc.","alternateName":"Talkpal AI","url":"https:\/\/talkpal.ai\/sq\/","logo":{"@type":"ImageObject","inLanguage":"sq-AL","@id":"https:\/\/talkpal.ai\/sq\/#\/schema\/logo\/image\/","url":"https:\/\/talkpal.ai\/wp-content\/uploads\/2024\/03\/Talkpal-Logo-Icon.png","contentUrl":"https:\/\/talkpal.ai\/wp-content\/uploads\/2024\/03\/Talkpal-Logo-Icon.png","width":2880,"height":2880,"caption":"Talkpal, Inc."},"image":{"@id":"https:\/\/talkpal.ai\/sq\/#\/schema\/logo\/image\/"},"sameAs":["https:\/\/www.facebook.com\/profile.php?id=100090733639311","https:\/\/x.com\/talkpalai","https:\/\/www.linkedin.com\/company\/talkpal\/","https:\/\/www.youtube.com\/@TalkPal\/","https:\/\/www.tiktok.com\/@talkpal","https:\/\/www.instagram.com\/talkpal_ai\/","https:\/\/www.crunchbase.com\/organization\/talkpal-9cde","https:\/\/www.g2.com\/products\/talkpal-for-business\/","https:\/\/www.trustpilot.com\/review\/talkpal.ai","https:\/\/www.capterra.com\/p\/10006800\/TalkPal\/"],"description":"Talkpal is a language learning web and mobile education app, powered by the latest AI technologies, that provides engaging experiences to its customers in many different languages to help them improve their language skills. Users can chat about unlimited amount of topics with the app and use other modes to practice their language learning.","email":"support@talkpal.ai","legalName":"Talkpal, Inc.","foundingDate":"2023-04-03","duns":"118989042","numberOfEmployees":{"@type":"QuantitativeValue","minValue":"11","maxValue":"50"},"publishingPrinciples":"https:\/\/talkpal.ai\/publishing-principles\/","actionableFeedbackPolicy":"https:\/\/talkpal.ai\/actionable-feedback-policy\/","correctionsPolicy":"https:\/\/talkpal.ai\/corrections-policy\/","ethicsPolicy":"https:\/\/talkpal.ai\/ethics-policy\/","diversityPolicy":"https:\/\/talkpal.ai\/diversity-policy\/","diversityStaffingReport":"https:\/\/talkpal.ai\/diversity-policy\/"}]}},"_links":{"self":[{"href":"https:\/\/talkpal.ai\/sq\/wp-json\/wp\/v2\/pages\/1442794","targetHints":{"allow":["GET"]}}],"collection":[{"href":"https:\/\/talkpal.ai\/sq\/wp-json\/wp\/v2\/pages"}],"about":[{"href":"https:\/\/talkpal.ai\/sq\/wp-json\/wp\/v2\/types\/page"}],"author":[{"embeddable":true,"href":"https:\/\/talkpal.ai\/sq\/wp-json\/wp\/v2\/users\/1"}],"replies":[{"embeddable":true,"href":"https:\/\/talkpal.ai\/sq\/wp-json\/wp\/v2\/comments?post=1442794"}],"version-history":[{"count":0,"href":"https:\/\/talkpal.ai\/sq\/wp-json\/wp\/v2\/pages\/1442794\/revisions"}],"wp:featuredmedia":[{"embeddable":true,"href":"https:\/\/talkpal.ai\/sq\/wp-json\/wp\/v2\/media\/1439790"}],"wp:attachment":[{"href":"https:\/\/talkpal.ai\/sq\/wp-json\/wp\/v2\/media?parent=1442794"}],"curies":[{"name":"wp","href":"https:\/\/api.w.org\/{rel}","templated":true}]}}