{"id":1442791,"date":"2023-05-14T13:51:09","date_gmt":"2023-05-14T13:51:09","guid":{"rendered":"https:\/\/talkpal.ai\/gramatika-japoneze\/"},"modified":"2025-12-11T16:45:35","modified_gmt":"2025-12-11T16:45:35","slug":"gramatika-japoneze","status":"publish","type":"page","link":"https:\/\/talkpal.ai\/sq\/gramatika-japoneze\/","title":{"rendered":"Gramatika japoneze"},"content":{"rendered":"\r\n\r\n\r\n<section class=\"languageChallengeSection\">\r\n    <div class=\"languageInfoWrapper\">\r\n        \r\n        <h1>Gramatika japoneze<\/h1>\r\n        <p>Rritni aft\u00ebsit\u00eb tuaja t\u00eb gjuh\u00ebs japoneze duke zot\u00ebruar pikat thelb\u00ebsore gramatikore me shpjegime dhe shembuj t\u00eb qart\u00eb. Filloni udh\u00ebtimin tuaj drejt rrjedhshm\u00ebris\u00eb &#8211; zhytuni n\u00eb gramatik\u00ebn japoneze sot!<\/p>\r\n\r\n                            <a class=\"getStartedHidden\" href=\"https:\/\/app.talkpal.ai\/signup?lng=\">Filloni<\/a>\r\n        \r\n    <\/div>\r\n\r\n    <figure>\r\n    <img decoding=\"async\" width=\"768\" height=\"768\" src=\"https:\/\/talkpal.ai\/wp-content\/uploads\/2023\/06\/japanese-768x768.png\" class=\"languageImage no-lazy\" alt=\"Language learning for world travelers\" fetchpriority=\"high\" sizes=\"(max-width: 768px) 150px, 768px\" srcset=\"https:\/\/talkpal.ai\/wp-content\/uploads\/2023\/06\/japanese-768x768.png 768w, https:\/\/talkpal.ai\/wp-content\/uploads\/2023\/06\/japanese-300x300.png 300w\" \/>\r\n    \r\n\r\n    <\/figure>\r\n\r\n            <a class=\"getStartedVisible\" href=\"https:\/\/app.talkpal.ai\/signup?lng=\">Filloni<\/a>\r\n    \r\n<\/section>\r\n<section class=\"promotionalBanner\">\r\n    <p class=\"promotionalText\">M\u00ebnyra m\u00eb efikase p\u00ebr t\u00eb m\u00ebsuar nj\u00eb gjuh\u00eb<\/p>\r\n    <a class=\"promotionalLink\" href=\"https:\/\/app.talkpal.ai\/signup?lng=\">Provoni Talkpal falas<\/a>\r\n<\/section>\n<div class=\"wp-block-group pageContainerStyle\"><div class=\"wp-block-group__inner-container is-layout-constrained wp-block-group-is-layout-constrained\">\n<h2 class=\"wp-block-heading\" id=\"h-mastering-the-intricacies-of-japanese-grammar\">Zot\u00ebrimi i nd\u00ebrlikimeve t\u00eb gramatik\u00ebs japoneze<\/h2>\n\n\n\n<p>Entuziast\u00ebt gjuh\u00ebsor\u00eb shpesh e shohin japonishten si nj\u00eb gjuh\u00eb magjeps\u00ebse dhe sfiduese p\u00ebr t&#8217;u m\u00ebsuar, kryesisht p\u00ebr shkak t\u00eb sistemit t\u00eb saj unik gramatikore. Pavar\u00ebsisht k\u00ebsaj, t\u00eb kuptuarit e gramatik\u00ebs japoneze mund t\u00eb p\u00ebrmir\u00ebsoj\u00eb ndjesh\u00ebm aft\u00ebsit\u00eb tuaja t\u00eb komunikimit dhe t\u00eb kuptuarit kulturor. N\u00eb k\u00ebt\u00eb artikull, ne do t\u00eb diskutojm\u00eb disa aspekte thelb\u00ebsore t\u00eb gramatik\u00ebs japoneze p\u00ebr t&#8217;ju ndihmuar n\u00eb udh\u00ebtimin tuaj t\u00eb m\u00ebsimit t\u00eb gjuh\u00ebs. Pra, lidhuni dhe le t\u00eb g\u00ebrmojm\u00eb n\u00eb bot\u00ebn magjeps\u00ebse t\u00eb gramatik\u00ebs japoneze.<\/p>\n\n\n\n<h3 class=\"wp-block-heading\" id=\"h-1-sentence-structure-sov\">1. Struktura e fjalis\u00eb: SOV<\/h3>\n\n\n\n<p>Ndryshe nga anglishtja (Subjekti \u2013 Folja \u2013 Objekti ose SVO), japonishtja ndjek nj\u00eb struktur\u00eb fjalie Subjekt \u2013 Objekt \u2013 Folje (SOV). Kjo do t\u00eb thot\u00eb se folja n\u00eb p\u00ebrgjith\u00ebsi vjen e fundit n\u00eb nj\u00eb fjali. Marrja e k\u00ebtij rendi unik fjal\u00ebsh \u00ebsht\u00eb jetike n\u00eb formimin e fjalive t\u00eb kuptueshme n\u00eb japonisht.<\/p>\n\n\n\n<p>Shembull:  <\/p>\n\n\n\n<p>\u2013 \u308f\u305f\u3057\u306f\u308a\u3093\u3054\u3092\u305f\u3079\u307e\u3059\u3002 (Un\u00eb ha nj\u00eb moll\u00eb)<\/p>\n\n\n\n<p>\u2013 Watashi wa ringo o tabemasu. (lit. Un\u00eb ha nj\u00eb moll\u00eb)<\/p>\n\n\n\n<h3 class=\"wp-block-heading\" id=\"h-2-particles-the-sentence-connectors\">2. Grimcat: Lidh\u00ebsit e fjalis\u00eb<\/h3>\n\n\n\n<p>Grimcat luajn\u00eb nj\u00eb rol vendimtar n\u00eb gramatik\u00ebn japoneze duke sh\u00ebnuar funksionin e nj\u00eb fjalie brenda nj\u00eb fjalie. Disa grimca t\u00eb zakonshme p\u00ebrfshijn\u00eb \u306f (wa), \u3092 (o), \u304c (ga), \u3067 (de) dhe \u306b (ni). Duke kuptuar <a href=\"https:\/\/talkpal.ai\/culture\/what-is-the-difference-between-se-and-si\/\">se si<\/a> funksionojn\u00eb k\u00ebto grimca, do t\u00eb zbuloni se deshifrimi dhe nd\u00ebrtimi i fjalive japoneze b\u00ebhet duksh\u00ebm m\u00eb i menaxhuesh\u00ebm.<\/p>\n\n\n\n<h3 class=\"wp-block-heading\" id=\"h-3-verbs-an-introduction-to-conjugation\">3. Foljet: Nj\u00eb hyrje n\u00eb konjugimin<\/h3>\n\n\n\n<p>Foljet japoneze kan\u00eb tre grupe kryesore, t\u00eb identifikuara nga p\u00ebrfundimi i form\u00ebs s\u00eb <a href=\"https:\/\/talkpal.ai\/locations\/language-courses-in-tyre\/\">tyre<\/a> baz\u00eb. K\u00ebto grupe merren parasysh kur lidhen p\u00ebr tension, mir\u00ebsjellje dhe humor. Lajmi i mir\u00eb \u00ebsht\u00eb se foljet japoneze nuk ndryshojn\u00eb n\u00eb baz\u00eb t\u00eb tem\u00ebs, duke i b\u00ebr\u00eb ato m\u00eb pak komplekse se ato n\u00eb disa gjuh\u00eb t\u00eb tjera.<\/p>\n\n\n\n<p>\u2013 Grupi 1: Foljet U<\/p>\n\n\n\n<p>\u2013 Grupi 2: Ru-foljet<\/p>\n\n\n\n<p>\u2013 Grupi 3: Folje t\u00eb parregullta (vet\u00ebm dy folje \u2013 \u3059\u308b (suru) dhe \u6765\u308b (kuru))<\/p>\n\n\n\n<h3 class=\"wp-block-heading\" id=\"h-4-politeness-levels\">4. Nivelet e mir\u00ebsjelljes<\/h3>\n\n\n\n<p>Japonishtja \u00ebsht\u00eb nj\u00eb gjuh\u00eb e pasur me mir\u00ebsjellje dhe <a href=\"https:\/\/talkpal.ai\/sq\/gramatika\/\">gramatika<\/a> e gjuh\u00ebs e pasqyron k\u00ebt\u00eb. Ekzistojn\u00eb tre nivele kryesore t\u00eb mir\u00ebsjelljes: rast\u00ebsore, e sjellshme dhe nderuese. Njohja dhe p\u00ebrdorimi i tyre n\u00eb m\u00ebnyr\u00eb t\u00eb p\u00ebrshtatshme \u00ebsht\u00eb thelb\u00ebsore p\u00ebr komunikim natyral dhe t\u00eb respektuesh\u00ebm.<\/p>\n\n\n\n<p>\u2013 Rast\u00ebsore: forma foljesh t\u00eb thjeshta (p.sh., \u98df\u3079\u308b \u2013 taberu \u2013 t\u00eb hash)<\/p>\n\n\n\n<p>\u2013 I sjellsh\u00ebm: \u307e\u3059 (masu) konjugimi (p.sh., \u98df\u3079\u307e\u3059 \u2013 tabemasu \u2013 t\u00eb hash (me mir\u00ebsjellje))<\/p>\n\n\n\n<p>\u2013 Honorifik: konjugime dhe parashtesa t\u00eb ve\u00e7anta (p.sh., \u304a\u53ec\u3057\u4e0a\u304c\u308a\u306b\u306a\u308b \u2013 omeshiagari ni naru \u2013 t\u00eb hash (nder))<\/p>\n\n\n\n<h3 class=\"wp-block-heading\" id=\"h-5-japanese-adjectives\">5. Mbiemrat japonez\u00eb<\/h3>\n\n\n\n<p>Mbiemrat japonez\u00eb vijn\u00eb n\u00eb dy lloje: mbiemra i dhe mbiemra na. T\u00eb dy llojet kan\u00eb rregulla unike t\u00eb konjugimit dhe nd\u00ebrveprojn\u00eb me emrat ndryshe. Zot\u00ebrimi i p\u00ebrdorimit t\u00eb k\u00ebtyre dy llojeve t\u00eb mbiemrave \u00ebsht\u00eb kritik p\u00ebr komunikimin efektiv n\u00eb japonisht.<\/p>\n\n\n\n<h3 class=\"wp-block-heading\" id=\"h-6-engaging-with-the-language\">6. Angazhimi me gjuh\u00ebn<\/h3>\n\n\n\n<p>Nj\u00eb nga m\u00ebnyrat m\u00eb efektive p\u00ebr t\u00eb m\u00ebsuar gramatik\u00ebn japoneze \u00ebsht\u00eb t\u00eb angazhoheni vazhdimisht me gjuh\u00ebn. Nga shikimi i filmave japonez\u00eb dhe anime deri te pjes\u00ebmarrja n\u00eb shk\u00ebmbimet e bisedave me fol\u00ebsit amtare, zhytja n\u00eb gjuh\u00eb do t\u00eb ndihmoj\u00eb n\u00eb forcimin e koncepteve gramatikore dhe zgjerimin e fjalorit tuaj.<\/p>\n\n\n\n<h3 class=\"wp-block-heading\" id=\"h-conclusion\">P\u00ebrfundimi<\/h3>\n\n\n\n<p>Nd\u00ebrsa gramatika japoneze mund t\u00eb duket d\u00ebrrmuese n\u00eb fillim, me p\u00ebrkushtim dhe koh\u00eb, do ta gjeni veten duke lundruar me leht\u00ebsi n\u00eb kompleksitetin e saj. \u00c7el\u00ebsi \u00ebsht\u00eb t\u00eb q\u00ebndroni kurioz\u00eb dhe t\u00eb praktikoni rregullisht. Fat i mir\u00eb n\u00eb udh\u00ebtimin tuaj drejt zot\u00ebrimit t\u00eb gramatik\u00ebs japoneze dhe shijoni aventur\u00ebn gjuh\u00ebsore!<\/p>\n<\/div><\/div>\n\r\n<section class=\"learnNavigationSection\">\r\n            \r\n        <a href=\"https:\/\/talkpal.ai\/sq\/mesoni-japonisht\/\">\r\n            <div class=\"learnNavigationWrapper\">\r\n                <div class=\"learnNavigationContent\">\r\n                    <img decoding=\"async\" src=\"https:\/\/talkpal.ai\/wp-content\/uploads\/2024\/08\/Japanese.jpg\" alt=\"Japanese Flag\">\r\n                    <div>\r\n                        <h4>Rreth m\u00ebsimit japonez<\/h4>\r\n                        <p>M\u00ebsoni gjith\u00e7ka rreth gramatik\u00ebs japoneze.<\/p>\r\n                    <\/div>\r\n                <\/div>\r\n            <\/div>\r\n        <\/a>\r\n\r\n        \r\n        <a href=\"https:\/\/talkpal.ai\/sq\/ushtrime-gramatikore-japoneze\/\">\r\n            <div class=\"learnNavigationWrapper\">\r\n                <div class=\"learnNavigationContent\">\r\n                    <img decoding=\"async\" src=\"https:\/\/talkpal.ai\/wp-content\/uploads\/2024\/08\/Japanese.jpg\" alt=\"Japanese Flag\">\r\n                    <div>\r\n                        <h4>Ushtrimi i gramatik\u00ebs japoneze<\/h4>\r\n                        <p>Praktikoni gramatik\u00ebn japoneze.<\/p>\r\n                    <\/div>\r\n                <\/div>\r\n            <\/div>\r\n        <\/a>\r\n\r\n        \r\n        <a href=\"https:\/\/talkpal.ai\/vocabulary_language\/japanese\/\">\r\n            <div class=\"learnNavigationWrapper\">\r\n                <div class=\"learnNavigationContent\">\r\n                    <img decoding=\"async\" src=\"https:\/\/talkpal.ai\/wp-content\/uploads\/2024\/08\/Japanese.jpg\" alt=\"Japanese Flag\">\r\n                    <div>\r\n                        <h4>Fjalori japonez<\/h4>\r\n                        <p>Zgjeroni fjalorin tuaj japonez.<\/p>\r\n                    <\/div>\r\n                <\/div>\r\n            <\/div>\r\n        <\/a>\r\n\r\n            <\/section>","protected":false},"excerpt":{"rendered":"<p>Zot\u00ebrimi i nd\u00ebrlikimeve t\u00eb gramatik\u00ebs japoneze Entuziast\u00ebt gjuh\u00ebsor\u00eb shpesh e shohin japonishten si nj\u00eb gjuh\u00eb magjeps\u00ebse dhe sfiduese p\u00ebr t&#8217;u m\u00ebsuar, kryesisht p\u00ebr shkak t\u00eb sistemit t\u00eb saj unik gramatikore. Pavar\u00ebsisht k\u00ebsaj, t\u00eb kuptuarit e gramatik\u00ebs japoneze mund t\u00eb p\u00ebrmir\u00ebsoj\u00eb ndjesh\u00ebm aft\u00ebsit\u00eb tuaja t\u00eb komunikimit dhe t\u00eb kuptuarit kulturor. N\u00eb k\u00ebt\u00eb artikull, ne do t\u00eb [&hellip;]<\/p>\n","protected":false},"author":1,"featured_media":1440724,"parent":0,"menu_order":0,"comment_status":"closed","ping_status":"closed","template":"LearningContentPage.php","meta":{"_acf_changed":false,"footnotes":""},"class_list":["post-1442791","page","type-page","status-publish","has-post-thumbnail","hentry"],"acf":[],"yoast_head":"<!-- This site is optimized with the Yoast SEO Premium plugin v27.2 (Yoast SEO v27.2) - https:\/\/yoast.com\/product\/yoast-seo-premium-wordpress\/ -->\n<title>Gramatika japoneze - Talkpal<\/title>\n<meta name=\"description\" content=\"Zot\u00ebroni gramatik\u00ebn japoneze me aplikacionin ton\u00eb t\u00eb m\u00ebsimit t\u00eb gjuh\u00ebs AI. P\u00ebrmir\u00ebsoni leht\u00ebsisht aft\u00ebsit\u00eb tuaja gjuh\u00ebsore p\u00ebrmes mb\u00ebshtetjes s\u00eb AI t\u00eb TalkPal.\" \/>\n<meta name=\"robots\" content=\"index, follow, max-snippet:-1, max-image-preview:large, max-video-preview:-1\" \/>\n<link rel=\"canonical\" href=\"https:\/\/talkpal.ai\/sq\/gramatika-japoneze\/\" \/>\n<meta property=\"og:locale\" content=\"sq_AL\" \/>\n<meta property=\"og:type\" content=\"article\" \/>\n<meta property=\"og:title\" content=\"Gramatika japoneze\" \/>\n<meta property=\"og:description\" content=\"Zot\u00ebrimi i nd\u00ebrlikimeve t\u00eb gramatik\u00ebs japoneze Entuziast\u00ebt gjuh\u00ebsor\u00eb shpesh e shohin japonishten si nj\u00eb gjuh\u00eb magjeps\u00ebse dhe sfiduese p\u00ebr t&#039;u m\u00ebsuar,\" \/>\n<meta property=\"og:url\" content=\"https:\/\/talkpal.ai\/sq\/gramatika-japoneze\/\" \/>\n<meta property=\"og:site_name\" content=\"Talkpal\" \/>\n<meta property=\"article:publisher\" content=\"https:\/\/www.facebook.com\/profile.php?id=100090733639311\" \/>\n<meta property=\"article:modified_time\" content=\"2025-12-11T16:45:35+00:00\" \/>\n<meta property=\"og:image\" content=\"https:\/\/talkpal.ai\/wp-content\/uploads\/2023\/04\/japan.png\" \/>\n\t<meta property=\"og:image:width\" content=\"512\" \/>\n\t<meta property=\"og:image:height\" content=\"512\" \/>\n\t<meta property=\"og:image:type\" content=\"image\/png\" \/>\n<meta name=\"twitter:card\" content=\"summary_large_image\" \/>\n<meta name=\"twitter:site\" content=\"@talkpalai\" \/>\n<meta name=\"twitter:label1\" content=\"Est. reading time\" \/>\n\t<meta name=\"twitter:data1\" content=\"3 minutes\" \/>\n<script type=\"application\/ld+json\" class=\"yoast-schema-graph\">{\"@context\":\"https:\/\/schema.org\",\"@graph\":[{\"@type\":\"WebPage\",\"@id\":\"https:\/\/talkpal.ai\/sq\/gramatika-japoneze\/\",\"url\":\"https:\/\/talkpal.ai\/sq\/gramatika-japoneze\/\",\"name\":\"Gramatika japoneze - Talkpal\",\"isPartOf\":{\"@id\":\"https:\/\/talkpal.ai\/sq\/#website\"},\"primaryImageOfPage\":{\"@id\":\"https:\/\/talkpal.ai\/sq\/gramatika-japoneze\/#primaryimage\"},\"image\":{\"@id\":\"https:\/\/talkpal.ai\/sq\/gramatika-japoneze\/#primaryimage\"},\"thumbnailUrl\":\"https:\/\/talkpal.ai\/wp-content\/uploads\/2023\/04\/japan.png\",\"datePublished\":\"2023-05-14T13:51:09+00:00\",\"dateModified\":\"2025-12-11T16:45:35+00:00\",\"description\":\"Zot\u00ebroni gramatik\u00ebn japoneze me aplikacionin ton\u00eb t\u00eb m\u00ebsimit t\u00eb gjuh\u00ebs AI. P\u00ebrmir\u00ebsoni leht\u00ebsisht aft\u00ebsit\u00eb tuaja gjuh\u00ebsore p\u00ebrmes mb\u00ebshtetjes s\u00eb AI t\u00eb TalkPal.\",\"breadcrumb\":{\"@id\":\"https:\/\/talkpal.ai\/sq\/gramatika-japoneze\/#breadcrumb\"},\"inLanguage\":\"sq-AL\",\"potentialAction\":[{\"@type\":\"ReadAction\",\"target\":[\"https:\/\/talkpal.ai\/sq\/gramatika-japoneze\/\"]}]},{\"@type\":\"ImageObject\",\"inLanguage\":\"sq-AL\",\"@id\":\"https:\/\/talkpal.ai\/sq\/gramatika-japoneze\/#primaryimage\",\"url\":\"https:\/\/talkpal.ai\/wp-content\/uploads\/2023\/04\/japan.png\",\"contentUrl\":\"https:\/\/talkpal.ai\/wp-content\/uploads\/2023\/04\/japan.png\",\"width\":512,\"height\":512,\"caption\":\"TalkPal Catalan Flag\"},{\"@type\":\"BreadcrumbList\",\"@id\":\"https:\/\/talkpal.ai\/sq\/gramatika-japoneze\/#breadcrumb\",\"itemListElement\":[{\"@type\":\"ListItem\",\"position\":1,\"name\":\"Homepage\",\"item\":\"https:\/\/talkpal.ai\/sq\/\"},{\"@type\":\"ListItem\",\"position\":2,\"name\":\"Gramatika japoneze\"}]},{\"@type\":\"WebSite\",\"@id\":\"https:\/\/talkpal.ai\/sq\/#website\",\"url\":\"https:\/\/talkpal.ai\/sq\/\",\"name\":\"Talkpal\",\"description\":\"AI Language Learning\",\"publisher\":{\"@id\":\"https:\/\/talkpal.ai\/sq\/#organization\"},\"alternateName\":\"Talkpal AI\",\"potentialAction\":[{\"@type\":\"SearchAction\",\"target\":{\"@type\":\"EntryPoint\",\"urlTemplate\":\"https:\/\/talkpal.ai\/sq\/?s={search_term_string}\"},\"query-input\":{\"@type\":\"PropertyValueSpecification\",\"valueRequired\":true,\"valueName\":\"search_term_string\"}}],\"inLanguage\":\"sq-AL\"},{\"@type\":\"Organization\",\"@id\":\"https:\/\/talkpal.ai\/sq\/#organization\",\"name\":\"Talkpal, Inc.\",\"alternateName\":\"Talkpal AI\",\"url\":\"https:\/\/talkpal.ai\/sq\/\",\"logo\":{\"@type\":\"ImageObject\",\"inLanguage\":\"sq-AL\",\"@id\":\"https:\/\/talkpal.ai\/sq\/#\/schema\/logo\/image\/\",\"url\":\"https:\/\/talkpal.ai\/wp-content\/uploads\/2024\/03\/Talkpal-Logo-Icon.png\",\"contentUrl\":\"https:\/\/talkpal.ai\/wp-content\/uploads\/2024\/03\/Talkpal-Logo-Icon.png\",\"width\":2880,\"height\":2880,\"caption\":\"Talkpal, Inc.\"},\"image\":{\"@id\":\"https:\/\/talkpal.ai\/sq\/#\/schema\/logo\/image\/\"},\"sameAs\":[\"https:\/\/www.facebook.com\/profile.php?id=100090733639311\",\"https:\/\/x.com\/talkpalai\",\"https:\/\/www.linkedin.com\/company\/talkpal\/\",\"https:\/\/www.youtube.com\/@TalkPal\/\",\"https:\/\/www.tiktok.com\/@talkpal\",\"https:\/\/www.instagram.com\/talkpal_ai\/\",\"https:\/\/www.crunchbase.com\/organization\/talkpal-9cde\",\"https:\/\/www.g2.com\/products\/talkpal-for-business\/\",\"https:\/\/www.trustpilot.com\/review\/talkpal.ai\",\"https:\/\/www.capterra.com\/p\/10006800\/TalkPal\/\"],\"description\":\"Talkpal is a language learning web and mobile education app, powered by the latest AI technologies, that provides engaging experiences to its customers in many different languages to help them improve their language skills. Users can chat about unlimited amount of topics with the app and use other modes to practice their language learning.\",\"email\":\"support@talkpal.ai\",\"legalName\":\"Talkpal, Inc.\",\"foundingDate\":\"2023-04-03\",\"duns\":\"118989042\",\"numberOfEmployees\":{\"@type\":\"QuantitativeValue\",\"minValue\":\"11\",\"maxValue\":\"50\"},\"publishingPrinciples\":\"https:\/\/talkpal.ai\/publishing-principles\/\",\"actionableFeedbackPolicy\":\"https:\/\/talkpal.ai\/actionable-feedback-policy\/\",\"correctionsPolicy\":\"https:\/\/talkpal.ai\/corrections-policy\/\",\"ethicsPolicy\":\"https:\/\/talkpal.ai\/ethics-policy\/\",\"diversityPolicy\":\"https:\/\/talkpal.ai\/diversity-policy\/\",\"diversityStaffingReport\":\"https:\/\/talkpal.ai\/diversity-policy\/\"}]}<\/script>\n<!-- \/ Yoast SEO Premium plugin. -->","yoast_head_json":{"title":"Gramatika japoneze - Talkpal","description":"Zot\u00ebroni gramatik\u00ebn japoneze me aplikacionin ton\u00eb t\u00eb m\u00ebsimit t\u00eb gjuh\u00ebs AI. P\u00ebrmir\u00ebsoni leht\u00ebsisht aft\u00ebsit\u00eb tuaja gjuh\u00ebsore p\u00ebrmes mb\u00ebshtetjes s\u00eb AI t\u00eb TalkPal.","robots":{"index":"index","follow":"follow","max-snippet":"max-snippet:-1","max-image-preview":"max-image-preview:large","max-video-preview":"max-video-preview:-1"},"canonical":"https:\/\/talkpal.ai\/sq\/gramatika-japoneze\/","og_locale":"sq_AL","og_type":"article","og_title":"Gramatika japoneze","og_description":"Zot\u00ebrimi i nd\u00ebrlikimeve t\u00eb gramatik\u00ebs japoneze Entuziast\u00ebt gjuh\u00ebsor\u00eb shpesh e shohin japonishten si nj\u00eb gjuh\u00eb magjeps\u00ebse dhe sfiduese p\u00ebr t'u m\u00ebsuar,","og_url":"https:\/\/talkpal.ai\/sq\/gramatika-japoneze\/","og_site_name":"Talkpal","article_publisher":"https:\/\/www.facebook.com\/profile.php?id=100090733639311","article_modified_time":"2025-12-11T16:45:35+00:00","og_image":[{"width":512,"height":512,"url":"https:\/\/talkpal.ai\/wp-content\/uploads\/2023\/04\/japan.png","type":"image\/png"}],"twitter_card":"summary_large_image","twitter_site":"@talkpalai","twitter_misc":{"Est. reading time":"3 minutes"},"schema":{"@context":"https:\/\/schema.org","@graph":[{"@type":"WebPage","@id":"https:\/\/talkpal.ai\/sq\/gramatika-japoneze\/","url":"https:\/\/talkpal.ai\/sq\/gramatika-japoneze\/","name":"Gramatika japoneze - Talkpal","isPartOf":{"@id":"https:\/\/talkpal.ai\/sq\/#website"},"primaryImageOfPage":{"@id":"https:\/\/talkpal.ai\/sq\/gramatika-japoneze\/#primaryimage"},"image":{"@id":"https:\/\/talkpal.ai\/sq\/gramatika-japoneze\/#primaryimage"},"thumbnailUrl":"https:\/\/talkpal.ai\/wp-content\/uploads\/2023\/04\/japan.png","datePublished":"2023-05-14T13:51:09+00:00","dateModified":"2025-12-11T16:45:35+00:00","description":"Zot\u00ebroni gramatik\u00ebn japoneze me aplikacionin ton\u00eb t\u00eb m\u00ebsimit t\u00eb gjuh\u00ebs AI. P\u00ebrmir\u00ebsoni leht\u00ebsisht aft\u00ebsit\u00eb tuaja gjuh\u00ebsore p\u00ebrmes mb\u00ebshtetjes s\u00eb AI t\u00eb TalkPal.","breadcrumb":{"@id":"https:\/\/talkpal.ai\/sq\/gramatika-japoneze\/#breadcrumb"},"inLanguage":"sq-AL","potentialAction":[{"@type":"ReadAction","target":["https:\/\/talkpal.ai\/sq\/gramatika-japoneze\/"]}]},{"@type":"ImageObject","inLanguage":"sq-AL","@id":"https:\/\/talkpal.ai\/sq\/gramatika-japoneze\/#primaryimage","url":"https:\/\/talkpal.ai\/wp-content\/uploads\/2023\/04\/japan.png","contentUrl":"https:\/\/talkpal.ai\/wp-content\/uploads\/2023\/04\/japan.png","width":512,"height":512,"caption":"TalkPal Catalan Flag"},{"@type":"BreadcrumbList","@id":"https:\/\/talkpal.ai\/sq\/gramatika-japoneze\/#breadcrumb","itemListElement":[{"@type":"ListItem","position":1,"name":"Homepage","item":"https:\/\/talkpal.ai\/sq\/"},{"@type":"ListItem","position":2,"name":"Gramatika japoneze"}]},{"@type":"WebSite","@id":"https:\/\/talkpal.ai\/sq\/#website","url":"https:\/\/talkpal.ai\/sq\/","name":"Talkpal","description":"AI Language Learning","publisher":{"@id":"https:\/\/talkpal.ai\/sq\/#organization"},"alternateName":"Talkpal AI","potentialAction":[{"@type":"SearchAction","target":{"@type":"EntryPoint","urlTemplate":"https:\/\/talkpal.ai\/sq\/?s={search_term_string}"},"query-input":{"@type":"PropertyValueSpecification","valueRequired":true,"valueName":"search_term_string"}}],"inLanguage":"sq-AL"},{"@type":"Organization","@id":"https:\/\/talkpal.ai\/sq\/#organization","name":"Talkpal, Inc.","alternateName":"Talkpal AI","url":"https:\/\/talkpal.ai\/sq\/","logo":{"@type":"ImageObject","inLanguage":"sq-AL","@id":"https:\/\/talkpal.ai\/sq\/#\/schema\/logo\/image\/","url":"https:\/\/talkpal.ai\/wp-content\/uploads\/2024\/03\/Talkpal-Logo-Icon.png","contentUrl":"https:\/\/talkpal.ai\/wp-content\/uploads\/2024\/03\/Talkpal-Logo-Icon.png","width":2880,"height":2880,"caption":"Talkpal, Inc."},"image":{"@id":"https:\/\/talkpal.ai\/sq\/#\/schema\/logo\/image\/"},"sameAs":["https:\/\/www.facebook.com\/profile.php?id=100090733639311","https:\/\/x.com\/talkpalai","https:\/\/www.linkedin.com\/company\/talkpal\/","https:\/\/www.youtube.com\/@TalkPal\/","https:\/\/www.tiktok.com\/@talkpal","https:\/\/www.instagram.com\/talkpal_ai\/","https:\/\/www.crunchbase.com\/organization\/talkpal-9cde","https:\/\/www.g2.com\/products\/talkpal-for-business\/","https:\/\/www.trustpilot.com\/review\/talkpal.ai","https:\/\/www.capterra.com\/p\/10006800\/TalkPal\/"],"description":"Talkpal is a language learning web and mobile education app, powered by the latest AI technologies, that provides engaging experiences to its customers in many different languages to help them improve their language skills. Users can chat about unlimited amount of topics with the app and use other modes to practice their language learning.","email":"support@talkpal.ai","legalName":"Talkpal, Inc.","foundingDate":"2023-04-03","duns":"118989042","numberOfEmployees":{"@type":"QuantitativeValue","minValue":"11","maxValue":"50"},"publishingPrinciples":"https:\/\/talkpal.ai\/publishing-principles\/","actionableFeedbackPolicy":"https:\/\/talkpal.ai\/actionable-feedback-policy\/","correctionsPolicy":"https:\/\/talkpal.ai\/corrections-policy\/","ethicsPolicy":"https:\/\/talkpal.ai\/ethics-policy\/","diversityPolicy":"https:\/\/talkpal.ai\/diversity-policy\/","diversityStaffingReport":"https:\/\/talkpal.ai\/diversity-policy\/"}]}},"_links":{"self":[{"href":"https:\/\/talkpal.ai\/sq\/wp-json\/wp\/v2\/pages\/1442791","targetHints":{"allow":["GET"]}}],"collection":[{"href":"https:\/\/talkpal.ai\/sq\/wp-json\/wp\/v2\/pages"}],"about":[{"href":"https:\/\/talkpal.ai\/sq\/wp-json\/wp\/v2\/types\/page"}],"author":[{"embeddable":true,"href":"https:\/\/talkpal.ai\/sq\/wp-json\/wp\/v2\/users\/1"}],"replies":[{"embeddable":true,"href":"https:\/\/talkpal.ai\/sq\/wp-json\/wp\/v2\/comments?post=1442791"}],"version-history":[{"count":0,"href":"https:\/\/talkpal.ai\/sq\/wp-json\/wp\/v2\/pages\/1442791\/revisions"}],"wp:featuredmedia":[{"embeddable":true,"href":"https:\/\/talkpal.ai\/sq\/wp-json\/wp\/v2\/media\/1440724"}],"wp:attachment":[{"href":"https:\/\/talkpal.ai\/sq\/wp-json\/wp\/v2\/media?parent=1442791"}],"curies":[{"name":"wp","href":"https:\/\/api.w.org\/{rel}","templated":true}]}}