{"id":1442789,"date":"2023-05-14T13:48:36","date_gmt":"2023-05-14T13:48:36","guid":{"rendered":"https:\/\/talkpal.ai\/gramatika-kineze\/"},"modified":"2025-09-06T17:46:31","modified_gmt":"2025-09-06T17:46:31","slug":"gramatika-kineze","status":"publish","type":"page","link":"https:\/\/talkpal.ai\/sq\/gramatika-kineze\/","title":{"rendered":"Gramatika Kineze"},"content":{"rendered":"\r\n\r\n\r\n<section class=\"languageChallengeSection\">\r\n    <div class=\"languageInfoWrapper\">\r\n        \r\n        <h1>Gramatika Kineze<\/h1>\r\n        <p>Forconi aft\u00ebsit\u00eb tuaja n\u00eb gjuh\u00ebn kineze duke m\u00ebsuar strukturat kryesore gramatikore dhe modelet e p\u00ebrdorimit. Filloni t\u00eb p\u00ebrmir\u00ebsoni gramatik\u00ebn tuaj kineze sot dhe komunikoni me besim!<\/p>\r\n\r\n                            <a class=\"getStartedHidden\" href=\"https:\/\/app.talkpal.ai\/signup?lng=\">Filloni<\/a>\r\n        \r\n    <\/div>\r\n\r\n    <figure>\r\n    <img decoding=\"async\" width=\"768\" height=\"768\" src=\"https:\/\/talkpal.ai\/wp-content\/uploads\/2023\/06\/chinese-768x768.png\" class=\"languageImage no-lazy\" alt=\"Language learning for flexible communication\" fetchpriority=\"high\" sizes=\"(max-width: 768px) 150px, 768px\" srcset=\"https:\/\/talkpal.ai\/wp-content\/uploads\/2023\/06\/chinese-768x768.png 768w, https:\/\/talkpal.ai\/wp-content\/uploads\/2023\/06\/chinese-300x300.png 300w\" \/>\r\n    \r\n\r\n    <\/figure>\r\n\r\n            <a class=\"getStartedVisible\" href=\"https:\/\/app.talkpal.ai\/signup?lng=\">Filloni<\/a>\r\n    \r\n<\/section>\r\n<section class=\"promotionalBanner\">\r\n    <p class=\"promotionalText\">M\u00ebnyra m\u00eb efikase p\u00ebr t\u00eb m\u00ebsuar nj\u00eb gjuh\u00eb<\/p>\r\n    <a class=\"promotionalLink\" href=\"https:\/\/app.talkpal.ai\/signup?lng=\">Provoni Talkpal falas<\/a>\r\n<\/section>\n<div class=\"wp-block-group pageContainerStyle\"><div class=\"wp-block-group__inner-container is-layout-constrained wp-block-group-is-layout-constrained\">\n<h2 class=\"wp-block-heading\" id=\"h-chinese-grammar-the-key-to-mastering-mandarin\">Gramatika kineze: \u00c7el\u00ebsi p\u00ebr zot\u00ebrimin e mandarin\u00ebs<\/h2>\n\n\n\n<p>A jeni nj\u00eb nx\u00ebn\u00ebs ambicioz i gjuh\u00ebs q\u00eb i ka v\u00ebn\u00eb syt\u00eb zot\u00ebrimit t\u00eb Mandarin\u00ebs? N\u00ebse po, urime! Trajtimi i kinezishtes \u00ebsht\u00eb nj\u00eb m\u00ebnyr\u00eb fantastike p\u00ebr t\u00eb zgjeruar mentalitetin tuaj global, p\u00ebr t&#8217;u lidhur me nj\u00eb gam\u00eb t\u00eb gjer\u00eb fol\u00ebsish dhe p\u00ebr t\u00eb sfiduar veten intelektualisht. Megjithat\u00eb, me 1.2 miliard\u00eb fol\u00ebs amtare dhe nj\u00eb sistem gjuh\u00ebsor shum\u00eb t\u00eb ndrysh\u00ebm nga gjuh\u00ebt per\u00ebndimore, <a href=\"https:\/\/talkpal.ai\/sq\/gramatika\/\">gramatika<\/a> kineze mund t\u00eb duket mjaft e frikshme. Mos kini frik\u00eb! Lexoni p\u00ebr nj\u00eb <a href=\"https:\/\/talkpal.ai\/courses\/\">kurs<\/a> p\u00ebrplas\u00ebs miq\u00ebsor p\u00ebr fillestar\u00ebt mbi gramatik\u00ebn kineze q\u00eb \u00ebsht\u00eb t\u00ebrheq\u00ebs dhe informues.<\/p>\n\n\n\n<p><strong>Gj\u00ebrat e para s\u00eb pari: harroni at\u00eb q\u00eb dini p\u00ebr gjuh\u00ebt evropiane!<\/strong><\/p>\n\n\n\n<p>Nj\u00eb arsye kryesore pse <a href=\"https:\/\/talkpal.ai\/talkpal-discount-for-students\/\">student\u00ebt<\/a> e gjuh\u00ebs frik\u00ebsohen nga <a href=\"https:\/\/talkpal.ai\/sq\/gramatika\/\">gramatika<\/a> kineze \u00ebsht\u00eb se ajo \u00ebsht\u00eb rr\u00ebnj\u00ebsisht e ndryshme nga struktura &#8220;subjekt-folje-objekt&#8221; me t\u00eb cil\u00ebn jemi m\u00ebsuar n\u00eb gjuh\u00eb si anglishtja, spanjishtja ose fr\u00ebngjishtja. Pra, merrni frym\u00eb thell\u00eb dhe le t\u00eb zhytemi n\u00eb nj\u00eb univers krejt t\u00eb ri rregullash dhe konceptesh gjuh\u00ebsore!<\/p>\n\n\n\n<h3 class=\"wp-block-heading\" id=\"h-1-word-order-is-king\">1. Rendi i fjal\u00ebve \u00ebsht\u00eb mbret<\/h3>\n\n\n\n<p>Nd\u00ebrsa nuk ka koh\u00eb, konjugime foljesh ose shum\u00ebs n\u00eb gramatik\u00ebn kineze, struktura e duhur e fjalis\u00eb \u00ebsht\u00eb par\u00ebsore. Pra, si arrihet rendi i sakt\u00eb i fjal\u00ebve? N\u00eb shumic\u00ebn e rasteve, thjesht ndiqni modelin &#8220;subjekt-folje-objekt&#8221; (i ngjash\u00ebm me anglishten). P\u00ebr shembull:<\/p>\n\n\n\n<p><a href=\"https:\/\/talkpal.ai\/learn-english-with-ai\/\">Anglisht<\/a>: <a href=\"https:\/\/talkpal.ai\/culture\/what-is-the-difference-between-te-dua-and-te-kam-xhan\/\">T\u00eb dua<\/a>.<br\/>Kinezisht: \u6211\u7231\u4f60\u3002 W\u01d2 \u00e0i n\u01d0.<\/p>\n\n\n\n<p>Ka struktura m\u00eb komplekse, por zhvillimi i nj\u00eb themeli t\u00eb fort\u00eb do t&#8217;i b\u00ebj\u00eb ato m\u00eb t\u00eb lehta p\u00ebr t&#8217;u kuptuar kur p\u00ebrparoni.<\/p>\n\n\n\n<h3 class=\"wp-block-heading\" id=\"h-2-particles-particles-everywhere\">2. Grimca, grimca kudo!<\/h3>\n\n\n\n<p>N\u00eb gramatik\u00ebn kineze, grimcat luajn\u00eb nj\u00eb rol kritik n\u00eb p\u00ebrcjelljen e kuptimit. Nj\u00eb nga grimcat m\u00eb t\u00eb zakonshme \u00ebsht\u00eb &#8220;\u4e86 (le)&#8221;, e cila sinjalizon nj\u00eb veprim t\u00eb p\u00ebrfunduar. P\u00ebr shembull:<\/p>\n\n\n\n<p>\u6211\u5403\u4e86\u3002 W\u01d2 ch\u012b le. \u2013 &#8220;Kam ngr\u00ebn\u00eb&#8221;.<\/p>\n\n\n\n<p>Nj\u00eb grimc\u00eb tjet\u00ebr e zakonshme \u00ebsht\u00eb &#8220;\u5427 (ba)&#8221;, e cila e kthen nj\u00eb deklarat\u00eb n\u00eb nj\u00eb sugjerim ose pyetje:<\/p>\n\n\n\n<p>\u8d70\u5427!Z\u01d2u ba! \u2013 &#8220;Le t\u00eb shkojm\u00eb!&#8221;<\/p>\n\n\n\n<p>T\u00eb kuptuarit e funksioneve t\u00eb grimcave t\u00eb ndryshme \u00ebsht\u00eb \u00e7el\u00ebsi p\u00ebr t\u00eb zot\u00ebruar nuancat e gramatik\u00ebs kineze.<\/p>\n\n\n\n<h3 class=\"wp-block-heading\" id=\"h-3-measure-words-quality-not-quantity\">3. Matni fjal\u00ebt: cil\u00ebsia, jo sasia<\/h3>\n\n\n\n<p>N\u00eb kinezisht, emrat nuk kan\u00eb shum\u00ebs. N\u00eb vend t\u00eb k\u00ebsaj, ata p\u00ebrdorin fjal\u00eb mat\u00ebse (t\u00eb njohura edhe si klasifikues) p\u00ebr t\u00eb shprehur sasin\u00eb. Fjal\u00ebt mat\u00ebse shtohen midis numrit dhe emrit. P\u00ebr shembull:<\/p>\n\n\n\n<p>\u4e00\u672c\u4e66 \u2013 Y\u012b b\u011bn <a href=\"https:\/\/talkpal.ai\/locations\/language-courses-in-shu\/\">sh\u016b<\/a> \u2013 &#8220;nj\u00eb lib\u00ebr&#8221;<\/p>\n\n\n\n<p>Vini re p\u00ebrdorimin e \u672c (b\u011bn) si fjal\u00eb mat\u00ebse p\u00ebr librat. Emra t\u00eb ndrysh\u00ebm k\u00ebrkojn\u00eb fjal\u00eb t\u00eb ndryshme mat\u00ebse, dhe nd\u00ebrsa kjo mund t\u00eb duket hutuese n\u00eb fillim, do t\u00eb b\u00ebhet natyr\u00eb e dyt\u00eb me praktik\u00ebn.<\/p>\n\n\n\n<h3 class=\"wp-block-heading\" id=\"h-4-the-magic-of-compound-words\">4. Magjia e fjal\u00ebve t\u00eb p\u00ebrb\u00ebra<\/h3>\n\n\n\n<p>Kinezisht \u00ebsht\u00eb plot fjal\u00eb t\u00eb p\u00ebrb\u00ebra, t\u00eb cilat formohen duke kombinuar dy ose m\u00eb shum\u00eb karaktere. Kjo jo vet\u00ebm q\u00eb thjeshton m\u00ebsimin e fjalorit, por gjithashtu lejon imazhe dhe kontekst t\u00eb gjall\u00eb. P\u00ebr shembull:<\/p>\n\n\n\n<p>\u706b\u8f66 \u2013 Hu\u01d2ch\u0113 \u2013 &#8220;tren&#8221; (fjal\u00eb p\u00ebr fjal\u00eb: &#8220;automjet zjarrfik\u00ebs&#8221;)<br\/>\u7535\u8bdd \u2013 Di\u00e0nhu\u00e0 \u2013 &#8220;telefon&#8221; (fjal\u00eb p\u00ebr fjal\u00eb: &#8220;fjalim elektrik&#8221;)<\/p>\n\n\n\n<p>Duke kuptuar kuptimin e personazheve individual\u00eb, ju mund t\u00eb nxirrni leht\u00ebsisht kuptimin e fjal\u00ebve t\u00eb p\u00ebrb\u00ebra q\u00eb nuk i keni hasur kurr\u00eb m\u00eb par\u00eb.<\/p>\n\n\n\n<h3 class=\"wp-block-heading\" id=\"h-5-no-tenses-no-problem\">5. Nuk ka koh\u00eb? S&#8217;ka problem!<\/h3>\n\n\n\n<p>Nj\u00eb nga aspektet m\u00eb freskuese t\u00eb kinezishtes \u00ebsht\u00eb mungesa e konjugimeve t\u00eb foljeve p\u00ebr koh\u00eb t\u00eb ndryshme. Por si e shprehni koh\u00ebn? E thjesht\u00eb! Thjesht p\u00ebrfshini fjal\u00eb q\u00eb tregojn\u00eb korniz\u00ebn kohore, t\u00eb tilla si:<\/p>\n\n\n\n<p>\u6628\u5929 \u2013 Zu\u00f3ti\u0101n \u2013 &#8220;dje&#8221;<br\/>\u660e\u5929 \u2013 M\u00edngti\u0101n \u2013 &#8220;nes\u00ebr&#8221;<\/p>\n\n\n\n<p><strong>P\u00ebr shembull:<\/strong><\/p>\n\n\n\n<p>\u6211\u6628\u5929\u5403\u4e86\u996d\u3002 W\u01d2 zu\u00f3ti\u0101n ch\u012b le f\u00e0n. \u2013 &#8220;H\u00ebngra ushqim dje.&#8221;<br\/>\u6211\u660e\u5929\u5403\u996d\u3002 W\u01d2 m\u00edngti\u0101n ch\u012b f\u00e0n. \u2013 &#8220;Nes\u00ebr do t\u00eb ha ushqim&#8221;.<\/p>\n\n\n\n<p>Urime! Ju keni hedhur hapat e par\u00eb drejt zot\u00ebrimit t\u00eb gramatik\u00ebs kineze. Mos harroni: praktika e b\u00ebn t\u00eb p\u00ebrsosur. Pra, mos u shmangni nga eksplorimi i strukturave t\u00eb reja gramatikore, biseda me fol\u00ebsit amtare dhe forcimi i themelit tuaj. Bota e Mandarin ju pret \u2013 g\u00ebzuar m\u00ebsimin!<\/p>\n<\/div><\/div>\n\r\n<section class=\"learnNavigationSection\">\r\n            \r\n        <a href=\"https:\/\/talkpal.ai\/sq\/meso-kinezisht\/\">\r\n            <div class=\"learnNavigationWrapper\">\r\n                <div class=\"learnNavigationContent\">\r\n                    <img decoding=\"async\" src=\"https:\/\/talkpal.ai\/wp-content\/uploads\/2024\/08\/Chinese.jpg\" alt=\"Chinese Flag\u00a0\">\r\n                    <div>\r\n                        <h4>Rreth t\u00eb m\u00ebsuarit kinez<\/h4>\r\n                        <p>M\u00ebsoni gjith\u00e7ka rreth gramatik\u00ebs kineze.<\/p>\r\n                    <\/div>\r\n                <\/div>\r\n            <\/div>\r\n        <\/a>\r\n\r\n        \r\n        <a href=\"https:\/\/talkpal.ai\/sq\/ushtrime-gramatikore-kineze\/\">\r\n            <div class=\"learnNavigationWrapper\">\r\n                <div class=\"learnNavigationContent\">\r\n                    <img decoding=\"async\" src=\"https:\/\/talkpal.ai\/wp-content\/uploads\/2024\/08\/Chinese.jpg\" alt=\"Chinese Flag\u00a0\">\r\n                    <div>\r\n                        <h4>Ushtrimi i gramatik\u00ebs kineze<\/h4>\r\n                        <p>Praktikoni gramatik\u00ebn kineze.<\/p>\r\n                    <\/div>\r\n                <\/div>\r\n            <\/div>\r\n        <\/a>\r\n\r\n        \r\n        <a href=\"https:\/\/talkpal.ai\/vocabulary_language\/chinese\/\">\r\n            <div class=\"learnNavigationWrapper\">\r\n                <div class=\"learnNavigationContent\">\r\n                    <img decoding=\"async\" src=\"https:\/\/talkpal.ai\/wp-content\/uploads\/2024\/08\/Chinese.jpg\" alt=\"Chinese Flag\u00a0\">\r\n                    <div>\r\n                        <h4>Fjalori kinez<\/h4>\r\n                        <p>Zgjeroni fjalorin tuaj kinez.<\/p>\r\n                    <\/div>\r\n                <\/div>\r\n            <\/div>\r\n        <\/a>\r\n\r\n            <\/section>","protected":false},"excerpt":{"rendered":"<p>Gramatika kineze: \u00c7el\u00ebsi p\u00ebr zot\u00ebrimin e mandarin\u00ebs A jeni nj\u00eb nx\u00ebn\u00ebs ambicioz i gjuh\u00ebs q\u00eb i ka v\u00ebn\u00eb syt\u00eb zot\u00ebrimit t\u00eb Mandarin\u00ebs? N\u00ebse po, urime! Trajtimi i kinezishtes \u00ebsht\u00eb nj\u00eb m\u00ebnyr\u00eb fantastike p\u00ebr t\u00eb zgjeruar mentalitetin tuaj global, p\u00ebr t&#8217;u lidhur me nj\u00eb gam\u00eb t\u00eb gjer\u00eb fol\u00ebsish dhe p\u00ebr t\u00eb sfiduar veten intelektualisht. Megjithat\u00eb, me [&hellip;]<\/p>\n","protected":false},"author":1,"featured_media":1440707,"parent":0,"menu_order":0,"comment_status":"closed","ping_status":"closed","template":"LearningContentPage.php","meta":{"_acf_changed":false,"footnotes":""},"class_list":["post-1442789","page","type-page","status-publish","has-post-thumbnail","hentry"],"acf":[],"yoast_head":"<!-- This site is optimized with the Yoast SEO Premium plugin v27.2 (Yoast SEO v27.2) - https:\/\/yoast.com\/product\/yoast-seo-premium-wordpress\/ -->\n<title>Gramatika Kineze - Talkpal<\/title>\n<meta name=\"description\" content=\"Zhbllokoni sekretet e gramatik\u00ebs kineze p\u00ebr nj\u00eb kuptim m\u00eb t\u00eb mir\u00eb t\u00eb gjuh\u00ebs dhe kultur\u00ebs kineze.\" \/>\n<meta name=\"robots\" content=\"index, follow, max-snippet:-1, max-image-preview:large, max-video-preview:-1\" \/>\n<link rel=\"canonical\" href=\"https:\/\/talkpal.ai\/sq\/gramatika-kineze\/\" \/>\n<meta property=\"og:locale\" content=\"sq_AL\" \/>\n<meta property=\"og:type\" content=\"article\" \/>\n<meta property=\"og:title\" content=\"Gramatika Kineze\" \/>\n<meta property=\"og:description\" content=\"Gramatika kineze: \u00c7el\u00ebsi p\u00ebr zot\u00ebrimin e mandarin\u00ebs A jeni nj\u00eb nx\u00ebn\u00ebs ambicioz i gjuh\u00ebs q\u00eb i ka v\u00ebn\u00eb syt\u00eb zot\u00ebrimit t\u00eb Mandarin\u00ebs? N\u00ebse po, urime!\" \/>\n<meta property=\"og:url\" content=\"https:\/\/talkpal.ai\/sq\/gramatika-kineze\/\" \/>\n<meta property=\"og:site_name\" content=\"Talkpal\" \/>\n<meta property=\"article:publisher\" content=\"https:\/\/www.facebook.com\/profile.php?id=100090733639311\" \/>\n<meta property=\"article:modified_time\" content=\"2025-09-06T17:46:31+00:00\" \/>\n<meta property=\"og:image\" content=\"https:\/\/talkpal.ai\/wp-content\/uploads\/2023\/04\/china.png\" \/>\n\t<meta property=\"og:image:width\" content=\"512\" \/>\n\t<meta property=\"og:image:height\" content=\"512\" \/>\n\t<meta property=\"og:image:type\" content=\"image\/png\" \/>\n<meta name=\"twitter:card\" content=\"summary_large_image\" \/>\n<meta name=\"twitter:site\" content=\"@talkpalai\" \/>\n<meta name=\"twitter:label1\" content=\"Est. reading time\" \/>\n\t<meta name=\"twitter:data1\" content=\"4 minutes\" \/>\n<script type=\"application\/ld+json\" class=\"yoast-schema-graph\">{\"@context\":\"https:\/\/schema.org\",\"@graph\":[{\"@type\":\"WebPage\",\"@id\":\"https:\/\/talkpal.ai\/sq\/gramatika-kineze\/\",\"url\":\"https:\/\/talkpal.ai\/sq\/gramatika-kineze\/\",\"name\":\"Gramatika Kineze - Talkpal\",\"isPartOf\":{\"@id\":\"https:\/\/talkpal.ai\/sq\/#website\"},\"primaryImageOfPage\":{\"@id\":\"https:\/\/talkpal.ai\/sq\/gramatika-kineze\/#primaryimage\"},\"image\":{\"@id\":\"https:\/\/talkpal.ai\/sq\/gramatika-kineze\/#primaryimage\"},\"thumbnailUrl\":\"https:\/\/talkpal.ai\/wp-content\/uploads\/2023\/04\/china.png\",\"datePublished\":\"2023-05-14T13:48:36+00:00\",\"dateModified\":\"2025-09-06T17:46:31+00:00\",\"description\":\"Zhbllokoni sekretet e gramatik\u00ebs kineze p\u00ebr nj\u00eb kuptim m\u00eb t\u00eb mir\u00eb t\u00eb gjuh\u00ebs dhe kultur\u00ebs kineze.\",\"breadcrumb\":{\"@id\":\"https:\/\/talkpal.ai\/sq\/gramatika-kineze\/#breadcrumb\"},\"inLanguage\":\"sq-AL\",\"potentialAction\":[{\"@type\":\"ReadAction\",\"target\":[\"https:\/\/talkpal.ai\/sq\/gramatika-kineze\/\"]}]},{\"@type\":\"ImageObject\",\"inLanguage\":\"sq-AL\",\"@id\":\"https:\/\/talkpal.ai\/sq\/gramatika-kineze\/#primaryimage\",\"url\":\"https:\/\/talkpal.ai\/wp-content\/uploads\/2023\/04\/china.png\",\"contentUrl\":\"https:\/\/talkpal.ai\/wp-content\/uploads\/2023\/04\/china.png\",\"width\":512,\"height\":512,\"caption\":\"TalkPal Catalan Flag\"},{\"@type\":\"BreadcrumbList\",\"@id\":\"https:\/\/talkpal.ai\/sq\/gramatika-kineze\/#breadcrumb\",\"itemListElement\":[{\"@type\":\"ListItem\",\"position\":1,\"name\":\"Homepage\",\"item\":\"https:\/\/talkpal.ai\/sq\/\"},{\"@type\":\"ListItem\",\"position\":2,\"name\":\"Gramatika Kineze\"}]},{\"@type\":\"WebSite\",\"@id\":\"https:\/\/talkpal.ai\/sq\/#website\",\"url\":\"https:\/\/talkpal.ai\/sq\/\",\"name\":\"Talkpal\",\"description\":\"AI Language Learning\",\"publisher\":{\"@id\":\"https:\/\/talkpal.ai\/sq\/#organization\"},\"alternateName\":\"Talkpal AI\",\"potentialAction\":[{\"@type\":\"SearchAction\",\"target\":{\"@type\":\"EntryPoint\",\"urlTemplate\":\"https:\/\/talkpal.ai\/sq\/?s={search_term_string}\"},\"query-input\":{\"@type\":\"PropertyValueSpecification\",\"valueRequired\":true,\"valueName\":\"search_term_string\"}}],\"inLanguage\":\"sq-AL\"},{\"@type\":\"Organization\",\"@id\":\"https:\/\/talkpal.ai\/sq\/#organization\",\"name\":\"Talkpal, Inc.\",\"alternateName\":\"Talkpal AI\",\"url\":\"https:\/\/talkpal.ai\/sq\/\",\"logo\":{\"@type\":\"ImageObject\",\"inLanguage\":\"sq-AL\",\"@id\":\"https:\/\/talkpal.ai\/sq\/#\/schema\/logo\/image\/\",\"url\":\"https:\/\/talkpal.ai\/wp-content\/uploads\/2024\/03\/Talkpal-Logo-Icon.png\",\"contentUrl\":\"https:\/\/talkpal.ai\/wp-content\/uploads\/2024\/03\/Talkpal-Logo-Icon.png\",\"width\":2880,\"height\":2880,\"caption\":\"Talkpal, Inc.\"},\"image\":{\"@id\":\"https:\/\/talkpal.ai\/sq\/#\/schema\/logo\/image\/\"},\"sameAs\":[\"https:\/\/www.facebook.com\/profile.php?id=100090733639311\",\"https:\/\/x.com\/talkpalai\",\"https:\/\/www.linkedin.com\/company\/talkpal\/\",\"https:\/\/www.youtube.com\/@TalkPal\/\",\"https:\/\/www.tiktok.com\/@talkpal\",\"https:\/\/www.instagram.com\/talkpal_ai\/\",\"https:\/\/www.crunchbase.com\/organization\/talkpal-9cde\",\"https:\/\/www.g2.com\/products\/talkpal-for-business\/\",\"https:\/\/www.trustpilot.com\/review\/talkpal.ai\",\"https:\/\/www.capterra.com\/p\/10006800\/TalkPal\/\"],\"description\":\"Talkpal is a language learning web and mobile education app, powered by the latest AI technologies, that provides engaging experiences to its customers in many different languages to help them improve their language skills. Users can chat about unlimited amount of topics with the app and use other modes to practice their language learning.\",\"email\":\"support@talkpal.ai\",\"legalName\":\"Talkpal, Inc.\",\"foundingDate\":\"2023-04-03\",\"duns\":\"118989042\",\"numberOfEmployees\":{\"@type\":\"QuantitativeValue\",\"minValue\":\"11\",\"maxValue\":\"50\"},\"publishingPrinciples\":\"https:\/\/talkpal.ai\/publishing-principles\/\",\"actionableFeedbackPolicy\":\"https:\/\/talkpal.ai\/actionable-feedback-policy\/\",\"correctionsPolicy\":\"https:\/\/talkpal.ai\/corrections-policy\/\",\"ethicsPolicy\":\"https:\/\/talkpal.ai\/ethics-policy\/\",\"diversityPolicy\":\"https:\/\/talkpal.ai\/diversity-policy\/\",\"diversityStaffingReport\":\"https:\/\/talkpal.ai\/diversity-policy\/\"}]}<\/script>\n<!-- \/ Yoast SEO Premium plugin. -->","yoast_head_json":{"title":"Gramatika Kineze - Talkpal","description":"Zhbllokoni sekretet e gramatik\u00ebs kineze p\u00ebr nj\u00eb kuptim m\u00eb t\u00eb mir\u00eb t\u00eb gjuh\u00ebs dhe kultur\u00ebs kineze.","robots":{"index":"index","follow":"follow","max-snippet":"max-snippet:-1","max-image-preview":"max-image-preview:large","max-video-preview":"max-video-preview:-1"},"canonical":"https:\/\/talkpal.ai\/sq\/gramatika-kineze\/","og_locale":"sq_AL","og_type":"article","og_title":"Gramatika Kineze","og_description":"Gramatika kineze: \u00c7el\u00ebsi p\u00ebr zot\u00ebrimin e mandarin\u00ebs A jeni nj\u00eb nx\u00ebn\u00ebs ambicioz i gjuh\u00ebs q\u00eb i ka v\u00ebn\u00eb syt\u00eb zot\u00ebrimit t\u00eb Mandarin\u00ebs? N\u00ebse po, urime!","og_url":"https:\/\/talkpal.ai\/sq\/gramatika-kineze\/","og_site_name":"Talkpal","article_publisher":"https:\/\/www.facebook.com\/profile.php?id=100090733639311","article_modified_time":"2025-09-06T17:46:31+00:00","og_image":[{"width":512,"height":512,"url":"https:\/\/talkpal.ai\/wp-content\/uploads\/2023\/04\/china.png","type":"image\/png"}],"twitter_card":"summary_large_image","twitter_site":"@talkpalai","twitter_misc":{"Est. reading time":"4 minutes"},"schema":{"@context":"https:\/\/schema.org","@graph":[{"@type":"WebPage","@id":"https:\/\/talkpal.ai\/sq\/gramatika-kineze\/","url":"https:\/\/talkpal.ai\/sq\/gramatika-kineze\/","name":"Gramatika Kineze - Talkpal","isPartOf":{"@id":"https:\/\/talkpal.ai\/sq\/#website"},"primaryImageOfPage":{"@id":"https:\/\/talkpal.ai\/sq\/gramatika-kineze\/#primaryimage"},"image":{"@id":"https:\/\/talkpal.ai\/sq\/gramatika-kineze\/#primaryimage"},"thumbnailUrl":"https:\/\/talkpal.ai\/wp-content\/uploads\/2023\/04\/china.png","datePublished":"2023-05-14T13:48:36+00:00","dateModified":"2025-09-06T17:46:31+00:00","description":"Zhbllokoni sekretet e gramatik\u00ebs kineze p\u00ebr nj\u00eb kuptim m\u00eb t\u00eb mir\u00eb t\u00eb gjuh\u00ebs dhe kultur\u00ebs kineze.","breadcrumb":{"@id":"https:\/\/talkpal.ai\/sq\/gramatika-kineze\/#breadcrumb"},"inLanguage":"sq-AL","potentialAction":[{"@type":"ReadAction","target":["https:\/\/talkpal.ai\/sq\/gramatika-kineze\/"]}]},{"@type":"ImageObject","inLanguage":"sq-AL","@id":"https:\/\/talkpal.ai\/sq\/gramatika-kineze\/#primaryimage","url":"https:\/\/talkpal.ai\/wp-content\/uploads\/2023\/04\/china.png","contentUrl":"https:\/\/talkpal.ai\/wp-content\/uploads\/2023\/04\/china.png","width":512,"height":512,"caption":"TalkPal Catalan Flag"},{"@type":"BreadcrumbList","@id":"https:\/\/talkpal.ai\/sq\/gramatika-kineze\/#breadcrumb","itemListElement":[{"@type":"ListItem","position":1,"name":"Homepage","item":"https:\/\/talkpal.ai\/sq\/"},{"@type":"ListItem","position":2,"name":"Gramatika Kineze"}]},{"@type":"WebSite","@id":"https:\/\/talkpal.ai\/sq\/#website","url":"https:\/\/talkpal.ai\/sq\/","name":"Talkpal","description":"AI Language Learning","publisher":{"@id":"https:\/\/talkpal.ai\/sq\/#organization"},"alternateName":"Talkpal AI","potentialAction":[{"@type":"SearchAction","target":{"@type":"EntryPoint","urlTemplate":"https:\/\/talkpal.ai\/sq\/?s={search_term_string}"},"query-input":{"@type":"PropertyValueSpecification","valueRequired":true,"valueName":"search_term_string"}}],"inLanguage":"sq-AL"},{"@type":"Organization","@id":"https:\/\/talkpal.ai\/sq\/#organization","name":"Talkpal, Inc.","alternateName":"Talkpal AI","url":"https:\/\/talkpal.ai\/sq\/","logo":{"@type":"ImageObject","inLanguage":"sq-AL","@id":"https:\/\/talkpal.ai\/sq\/#\/schema\/logo\/image\/","url":"https:\/\/talkpal.ai\/wp-content\/uploads\/2024\/03\/Talkpal-Logo-Icon.png","contentUrl":"https:\/\/talkpal.ai\/wp-content\/uploads\/2024\/03\/Talkpal-Logo-Icon.png","width":2880,"height":2880,"caption":"Talkpal, Inc."},"image":{"@id":"https:\/\/talkpal.ai\/sq\/#\/schema\/logo\/image\/"},"sameAs":["https:\/\/www.facebook.com\/profile.php?id=100090733639311","https:\/\/x.com\/talkpalai","https:\/\/www.linkedin.com\/company\/talkpal\/","https:\/\/www.youtube.com\/@TalkPal\/","https:\/\/www.tiktok.com\/@talkpal","https:\/\/www.instagram.com\/talkpal_ai\/","https:\/\/www.crunchbase.com\/organization\/talkpal-9cde","https:\/\/www.g2.com\/products\/talkpal-for-business\/","https:\/\/www.trustpilot.com\/review\/talkpal.ai","https:\/\/www.capterra.com\/p\/10006800\/TalkPal\/"],"description":"Talkpal is a language learning web and mobile education app, powered by the latest AI technologies, that provides engaging experiences to its customers in many different languages to help them improve their language skills. Users can chat about unlimited amount of topics with the app and use other modes to practice their language learning.","email":"support@talkpal.ai","legalName":"Talkpal, Inc.","foundingDate":"2023-04-03","duns":"118989042","numberOfEmployees":{"@type":"QuantitativeValue","minValue":"11","maxValue":"50"},"publishingPrinciples":"https:\/\/talkpal.ai\/publishing-principles\/","actionableFeedbackPolicy":"https:\/\/talkpal.ai\/actionable-feedback-policy\/","correctionsPolicy":"https:\/\/talkpal.ai\/corrections-policy\/","ethicsPolicy":"https:\/\/talkpal.ai\/ethics-policy\/","diversityPolicy":"https:\/\/talkpal.ai\/diversity-policy\/","diversityStaffingReport":"https:\/\/talkpal.ai\/diversity-policy\/"}]}},"_links":{"self":[{"href":"https:\/\/talkpal.ai\/sq\/wp-json\/wp\/v2\/pages\/1442789","targetHints":{"allow":["GET"]}}],"collection":[{"href":"https:\/\/talkpal.ai\/sq\/wp-json\/wp\/v2\/pages"}],"about":[{"href":"https:\/\/talkpal.ai\/sq\/wp-json\/wp\/v2\/types\/page"}],"author":[{"embeddable":true,"href":"https:\/\/talkpal.ai\/sq\/wp-json\/wp\/v2\/users\/1"}],"replies":[{"embeddable":true,"href":"https:\/\/talkpal.ai\/sq\/wp-json\/wp\/v2\/comments?post=1442789"}],"version-history":[{"count":0,"href":"https:\/\/talkpal.ai\/sq\/wp-json\/wp\/v2\/pages\/1442789\/revisions"}],"wp:featuredmedia":[{"embeddable":true,"href":"https:\/\/talkpal.ai\/sq\/wp-json\/wp\/v2\/media\/1440707"}],"wp:attachment":[{"href":"https:\/\/talkpal.ai\/sq\/wp-json\/wp\/v2\/media?parent=1442789"}],"curies":[{"name":"wp","href":"https:\/\/api.w.org\/{rel}","templated":true}]}}