{"id":1442784,"date":"2023-05-14T13:43:38","date_gmt":"2023-05-14T13:43:38","guid":{"rendered":"https:\/\/talkpal.ai\/gramatika-arabe\/"},"modified":"2025-09-06T17:46:31","modified_gmt":"2025-09-06T17:46:31","slug":"gramatika-arabe","status":"publish","type":"page","link":"https:\/\/talkpal.ai\/sq\/gramatika-arabe\/","title":{"rendered":"Gramatika Arabe"},"content":{"rendered":"\r\n\r\n\r\n<section class=\"languageChallengeSection\">\r\n    <div class=\"languageInfoWrapper\">\r\n        \r\n        <h1>Gramatika Arabe<\/h1>\r\n        <p>P\u00ebrmir\u00ebsoni aft\u00ebsit\u00eb tuaja arabe duke eksploruar koncepte thelb\u00ebsore gramatikore dhe shpjegime t\u00eb qarta, hap pas hapi. Filloni t\u00eb zot\u00ebroni gramatik\u00ebn arabe tani dhe komunikoni me rrjedhshm\u00ebri dhe besim m\u00eb t\u00eb madh!<\/p>\r\n\r\n                            <a class=\"getStartedHidden\" href=\"https:\/\/app.talkpal.ai\/signup?lng=\">Filloni<\/a>\r\n        \r\n    <\/div>\r\n\r\n    <figure>\r\n    <img decoding=\"async\" width=\"768\" height=\"768\" src=\"https:\/\/talkpal.ai\/wp-content\/uploads\/2023\/06\/arabic-768x768.png\" class=\"languageImage no-lazy\" alt=\"Language learning for linguistic diversity\" fetchpriority=\"high\" sizes=\"(max-width: 768px) 150px, 768px\" srcset=\"https:\/\/talkpal.ai\/wp-content\/uploads\/2023\/06\/arabic-768x768.png 768w, https:\/\/talkpal.ai\/wp-content\/uploads\/2023\/06\/arabic-300x300.png 300w\" \/>\r\n    \r\n\r\n    <\/figure>\r\n\r\n            <a class=\"getStartedVisible\" href=\"https:\/\/app.talkpal.ai\/signup?lng=\">Filloni<\/a>\r\n    \r\n<\/section>\r\n<section class=\"promotionalBanner\">\r\n    <p class=\"promotionalText\">M\u00ebnyra m\u00eb efikase p\u00ebr t\u00eb m\u00ebsuar nj\u00eb gjuh\u00eb<\/p>\r\n    <a class=\"promotionalLink\" href=\"https:\/\/app.talkpal.ai\/signup?lng=\">Provoni Talkpal falas<\/a>\r\n<\/section>\n<div class=\"wp-block-group pageContainerStyle\"><div class=\"wp-block-group__inner-container is-layout-constrained wp-block-group-is-layout-constrained\">\n<h2 class=\"wp-block-heading\" id=\"h-the-intricacies-of-arabic-grammar-a-journey-through-its-roots-and-beauty\">Nd\u00ebrlikimet e gramatik\u00ebs arabe: Nj\u00eb udh\u00ebtim n\u00ebp\u00ebr rr\u00ebnj\u00ebt dhe bukurin\u00eb e saj<\/h2>\n\n\n\n<p><strong>A ju kujtohet kur filluat t\u00eb m\u00ebsoni gramatik\u00ebn angleze?<\/strong>  Rregullat, p\u00ebrjashtimet dhe terminologjit\u00eb n\u00eb dukje t\u00eb pafundme mund t&#8217;ju ken\u00eb l\u00ebn\u00eb t\u00eb ndiheni t\u00eb mbingarkuar ndonj\u00ebher\u00eb. N\u00ebse po mendoni t\u00eb m\u00ebsoni gjuh\u00ebn arabe, jini t\u00eb sigurt se ajo ka gjithashtu nj\u00eb sistem gramatikore unik dhe t\u00eb nd\u00ebrlikuar. Pra, le t\u00eb b\u00ebjm\u00eb nj\u00eb udh\u00ebtim t\u00eb shkurt\u00ebr por ndri\u00e7ues n\u00ebp\u00ebr rr\u00ebnj\u00ebt dhe bukurin\u00eb e gramatik\u00ebs arabe.<\/p>\n\n\n\n<p>Si fillim, le t\u00eb p\u00ebrcaktojm\u00eb disa <strong>dallime kryesore midis gramatik\u00ebs arabe dhe angleze.<\/strong> N\u00eb arabisht, fjal\u00ebt ndahen n\u00eb tre kategori: emra, folje dhe grimca. Ndryshe nga anglishtja, fjal\u00ebt arabe ndjekin nj\u00eb sistem rr\u00ebnj\u00ebsor, q\u00eb do t\u00eb thot\u00eb se ju mund t\u00eb gjurmoni kuptimin thelb\u00ebsor t\u00eb nj\u00eb fjale duke identifikuar rr\u00ebnj\u00ebn e saj. Ky sistem rr\u00ebnjor i jep arabishtes nj\u00eb nivel t\u00eb jasht\u00ebzakonsh\u00ebm thell\u00ebsie dhe pasurie. Nj\u00eb gj\u00eb e pabesueshme p\u00ebr gramatik\u00ebn arabe \u00ebsht\u00eb mb\u00ebshtetja e saj n\u00eb modele, e cila shpesh lejon fol\u00ebsit t\u00eb krijojn\u00eb fjal\u00eb t\u00eb reja duke ndjekur struktura t\u00eb caktuara.<\/p>\n\n\n\n<p>Nj\u00eb aspekt tjet\u00ebr i r\u00ebnd\u00ebsish\u00ebm i <strong>gramatik\u00ebs arabe \u00ebsht\u00eb se \u00ebsht\u00eb nj\u00eb gjuh\u00eb gjinore<\/strong>, q\u00eb do t\u00eb thot\u00eb se emrat dhe mbiemrat kan\u00eb forma specifike p\u00ebr gjinin\u00eb. A e dini se arabishtja ka edhe nj\u00eb form\u00eb t\u00eb dyfisht\u00eb p\u00ebrve\u00e7 formave nj\u00ebj\u00ebse dhe shum\u00ebs? \u00cbsht\u00eb e v\u00ebrtet\u00eb! Forma e dyfisht\u00eb arabe p\u00ebrdoret p\u00ebr t\u00eb treguar \u00e7ifte, t\u00eb tilla si syt\u00eb, duart ose prind\u00ebrit. <a href=\"https:\/\/talkpal.ai\/speaking-with-ai\/\">Ai<\/a> shton nj\u00eb shtres\u00eb shtes\u00eb specifike q\u00eb i mungon gjuh\u00ebs angleze.<\/p>\n\n\n\n<p>Tani le t\u00eb diskutojm\u00eb <strong>konjugimin e foljeve n\u00eb arabisht<\/strong>, e cila \u00ebsht\u00eb vet\u00eb nj\u00eb bot\u00eb krejt\u00ebsisht e re. Foljet arabe bazohen n\u00eb nj\u00eb sistem rr\u00ebnj\u00ebsh, t\u00eb cilat zakonisht p\u00ebrb\u00ebhen nga tre bashk\u00ebting\u00ebllore thelb\u00ebsore. Rr\u00ebnja p\u00ebrcakton kuptimin baz\u00eb t\u00eb foljes dhe duke shtuar modele zanore, ju krijoni forma t\u00eb ndryshme t\u00eb foljes q\u00eb shprehin kuptime dhe koh\u00eb t\u00eb ndryshme. P\u00ebr shembull, ndryshimi i zanoreve n\u00eb nj\u00eb rr\u00ebnj\u00eb mund t\u00eb ndryshoj\u00eb koh\u00ebn nga e kaluara n\u00eb t\u00eb tashmen, ose ta kthej\u00eb nj\u00eb folje aktive n\u00eb nj\u00eb folje pasive. Shum\u00eb e mahnitshme, apo jo?<\/p>\n\n\n\n<p>Nj\u00eb aspekt tjet\u00ebr magjeps\u00ebs i gramatik\u00ebs arabe p\u00ebr t\u00eb cilin duhet t\u00eb flasim \u00ebsht\u00eb <strong>p\u00ebrcaktimi<\/strong>. N\u00eb <a href=\"https:\/\/talkpal.ai\/learn-english-with-ai\/\">anglisht<\/a>, ne p\u00ebrdorim fjal\u00ebn &#8220;the&#8221; p\u00ebr t\u00eb treguar se nj\u00eb em\u00ebr \u00ebsht\u00eb i p\u00ebrcaktuar. N\u00eb arabisht, ky koncept \u00ebsht\u00eb i ngulitur n\u00eb gjuh\u00eb p\u00ebrmes nj\u00eb grimce t\u00eb vog\u00ebl t\u00eb quajtur &#8220;Al-&#8221; q\u00eb shtohet n\u00eb fillim t\u00eb nj\u00eb fjale. Kur nj\u00eb em\u00ebr paraprihet nga &#8220;Al-&#8220;, <a href=\"https:\/\/talkpal.ai\/speaking-with-ai\/\">ai<\/a> b\u00ebhet i caktuar pa ndonj\u00eb kualifikues shtes\u00eb. Pra, n\u00eb vend q\u00eb t\u00eb thoni &#8220;sht\u00ebpia \u00ebsht\u00eb e madhe&#8221; n\u00eb arabisht, do t\u00eb thoni &#8220;Al-baytu kabir&#8221;, ku &#8220;Al-baytu&#8221; do t\u00eb thot\u00eb &#8220;sht\u00ebpia&#8221;.<\/p>\n\n\n\n<p><strong>Arabishtja bisedore<\/strong> \u00ebsht\u00eb m\u00eb dinamike dhe fluide se arabishtja formale, si\u00e7 \u00ebsht\u00eb rasti me \u00e7do gjuh\u00eb. Megjithat\u00eb, zot\u00ebrimi i parimeve thelb\u00ebsore t\u00eb gramatik\u00ebs arabe mbetet thelb\u00ebsor p\u00ebr t\u00eb kuptuar dhe vler\u00ebsuar v\u00ebrtet gjuh\u00ebn. Pasi t\u00eb kuptoni modelet e rr\u00ebnj\u00ebs, format gjinore dhe konjugimet e foljeve, do t\u00eb b\u00ebhet shum\u00eb m\u00eb e leht\u00eb t\u00eb njihni dhe m\u00ebsoni fjal\u00eb t\u00eb reja.<\/p>\n\n\n\n<p><strong>M\u00ebsimi i gramatik\u00ebs arabe<\/strong> mund t\u00eb duket i friksh\u00ebm n\u00eb fillim, por me k\u00ebmb\u00ebngulje dhe p\u00ebrkushtim, do t\u00eb jeni n\u00eb gjendje t\u00eb vler\u00ebsoni bukurin\u00eb e k\u00ebsaj gjuhe t\u00eb nd\u00ebrlikuar. Ashtu si zgjidhja e nj\u00eb enigme komplekse ose deshifrimi i nj\u00eb kodi t\u00eb koduar, shp\u00ebrblimi q\u00ebndron n\u00eb k\u00ebnaq\u00ebsin\u00eb e zhbllokimit t\u00eb mistereve t\u00eb gjuh\u00ebs arabe dhe zhytjes n\u00eb kultur\u00ebn, historin\u00eb dhe let\u00ebrsin\u00eb e saj t\u00eb pasur. Pra, \u00e7far\u00eb po prisni? Zhytuni n\u00eb bot\u00ebn magjeps\u00ebse t\u00eb gramatik\u00ebs arabe dhe zbuloni thelbin e saj t\u00eb v\u00ebrtet\u00eb p\u00ebr veten tuaj.<\/p>\n<\/div><\/div>\n\r\n<section class=\"learnNavigationSection\">\r\n            \r\n        <a href=\"https:\/\/talkpal.ai\/sq\/meso-arabisht\/\">\r\n            <div class=\"learnNavigationWrapper\">\r\n                <div class=\"learnNavigationContent\">\r\n                    <img decoding=\"async\" src=\"https:\/\/talkpal.ai\/wp-content\/uploads\/2024\/08\/Arabic.jpg\" alt=\"Arabic Flag\">\r\n                    <div>\r\n                        <h4>Rreth m\u00ebsimit t\u00eb arabishtes<\/h4>\r\n                        <p>M\u00ebsoni gjith\u00e7ka rreth gramatik\u00ebs arabe.<\/p>\r\n                    <\/div>\r\n                <\/div>\r\n            <\/div>\r\n        <\/a>\r\n\r\n        \r\n        <a href=\"https:\/\/talkpal.ai\/sq\/ushtrime-gramatikore-arabe\/\">\r\n            <div class=\"learnNavigationWrapper\">\r\n                <div class=\"learnNavigationContent\">\r\n                    <img decoding=\"async\" src=\"https:\/\/talkpal.ai\/wp-content\/uploads\/2024\/08\/Arabic.jpg\" alt=\"Arabic Flag\">\r\n                    <div>\r\n                        <h4>Ushtrimi i gramatik\u00ebs arabe<\/h4>\r\n                        <p>Praktikoni gramatik\u00ebn arabe.<\/p>\r\n                    <\/div>\r\n                <\/div>\r\n            <\/div>\r\n        <\/a>\r\n\r\n        \r\n        <a href=\"https:\/\/talkpal.ai\/vocabulary_language\/arabic\/\">\r\n            <div class=\"learnNavigationWrapper\">\r\n                <div class=\"learnNavigationContent\">\r\n                    <img decoding=\"async\" src=\"https:\/\/talkpal.ai\/wp-content\/uploads\/2024\/08\/Arabic.jpg\" alt=\"Arabic Flag\">\r\n                    <div>\r\n                        <h4>Fjalori arab<\/h4>\r\n                        <p>Zgjeroni fjalorin tuaj arabisht.<\/p>\r\n                    <\/div>\r\n                <\/div>\r\n            <\/div>\r\n        <\/a>\r\n\r\n            <\/section>","protected":false},"excerpt":{"rendered":"<p>Nd\u00ebrlikimet e gramatik\u00ebs arabe: Nj\u00eb udh\u00ebtim n\u00ebp\u00ebr rr\u00ebnj\u00ebt dhe bukurin\u00eb e saj A ju kujtohet kur filluat t\u00eb m\u00ebsoni gramatik\u00ebn angleze? Rregullat, p\u00ebrjashtimet dhe terminologjit\u00eb n\u00eb dukje t\u00eb pafundme mund t&#8217;ju ken\u00eb l\u00ebn\u00eb t\u00eb ndiheni t\u00eb mbingarkuar ndonj\u00ebher\u00eb. N\u00ebse po mendoni t\u00eb m\u00ebsoni gjuh\u00ebn arabe, jini t\u00eb sigurt se ajo ka gjithashtu nj\u00eb sistem gramatikore [&hellip;]<\/p>\n","protected":false},"author":1,"featured_media":1440695,"parent":0,"menu_order":0,"comment_status":"closed","ping_status":"closed","template":"LearningContentPage.php","meta":{"_acf_changed":false,"footnotes":""},"class_list":["post-1442784","page","type-page","status-publish","has-post-thumbnail","hentry"],"acf":[],"yoast_head":"<!-- This site is optimized with the Yoast SEO Premium plugin v27.2 (Yoast SEO v27.2) - https:\/\/yoast.com\/product\/yoast-seo-premium-wordpress\/ -->\n<title>Gramatika Arabe - Talkpal<\/title>\n<meta name=\"description\" content=\"Eksploroni nd\u00ebrlikimet e gramatik\u00ebs arabe dhe zbuloni struktur\u00ebn e saj unike n\u00eb krahasim me gramatik\u00ebn angleze.\" \/>\n<meta name=\"robots\" content=\"index, follow, max-snippet:-1, max-image-preview:large, max-video-preview:-1\" \/>\n<link rel=\"canonical\" href=\"https:\/\/talkpal.ai\/sq\/gramatika-arabe\/\" \/>\n<meta property=\"og:locale\" content=\"sq_AL\" \/>\n<meta property=\"og:type\" content=\"article\" \/>\n<meta property=\"og:title\" content=\"Gramatika Arabe\" \/>\n<meta property=\"og:description\" content=\"Nd\u00ebrlikimet e gramatik\u00ebs arabe: Nj\u00eb udh\u00ebtim n\u00ebp\u00ebr rr\u00ebnj\u00ebt dhe bukurin\u00eb e saj A ju kujtohet kur filluat t\u00eb m\u00ebsoni gramatik\u00ebn angleze? Rregullat,\" \/>\n<meta property=\"og:url\" content=\"https:\/\/talkpal.ai\/sq\/gramatika-arabe\/\" \/>\n<meta property=\"og:site_name\" content=\"Talkpal\" \/>\n<meta property=\"article:publisher\" content=\"https:\/\/www.facebook.com\/profile.php?id=100090733639311\" \/>\n<meta property=\"article:modified_time\" content=\"2025-09-06T17:46:31+00:00\" \/>\n<meta property=\"og:image\" content=\"https:\/\/talkpal.ai\/wp-content\/uploads\/2023\/04\/arabic-united-arab-emirates.png\" \/>\n\t<meta property=\"og:image:width\" content=\"512\" \/>\n\t<meta property=\"og:image:height\" content=\"512\" \/>\n\t<meta property=\"og:image:type\" content=\"image\/png\" \/>\n<meta name=\"twitter:card\" content=\"summary_large_image\" \/>\n<meta name=\"twitter:site\" content=\"@talkpalai\" \/>\n<meta name=\"twitter:label1\" content=\"Est. reading time\" \/>\n\t<meta name=\"twitter:data1\" content=\"3 minutes\" \/>\n<script type=\"application\/ld+json\" class=\"yoast-schema-graph\">{\"@context\":\"https:\/\/schema.org\",\"@graph\":[{\"@type\":\"WebPage\",\"@id\":\"https:\/\/talkpal.ai\/sq\/gramatika-arabe\/\",\"url\":\"https:\/\/talkpal.ai\/sq\/gramatika-arabe\/\",\"name\":\"Gramatika Arabe - Talkpal\",\"isPartOf\":{\"@id\":\"https:\/\/talkpal.ai\/sq\/#website\"},\"primaryImageOfPage\":{\"@id\":\"https:\/\/talkpal.ai\/sq\/gramatika-arabe\/#primaryimage\"},\"image\":{\"@id\":\"https:\/\/talkpal.ai\/sq\/gramatika-arabe\/#primaryimage\"},\"thumbnailUrl\":\"https:\/\/talkpal.ai\/wp-content\/uploads\/2023\/04\/arabic-united-arab-emirates.png\",\"datePublished\":\"2023-05-14T13:43:38+00:00\",\"dateModified\":\"2025-09-06T17:46:31+00:00\",\"description\":\"Eksploroni nd\u00ebrlikimet e gramatik\u00ebs arabe dhe zbuloni struktur\u00ebn e saj unike n\u00eb krahasim me gramatik\u00ebn angleze.\",\"breadcrumb\":{\"@id\":\"https:\/\/talkpal.ai\/sq\/gramatika-arabe\/#breadcrumb\"},\"inLanguage\":\"sq-AL\",\"potentialAction\":[{\"@type\":\"ReadAction\",\"target\":[\"https:\/\/talkpal.ai\/sq\/gramatika-arabe\/\"]}]},{\"@type\":\"ImageObject\",\"inLanguage\":\"sq-AL\",\"@id\":\"https:\/\/talkpal.ai\/sq\/gramatika-arabe\/#primaryimage\",\"url\":\"https:\/\/talkpal.ai\/wp-content\/uploads\/2023\/04\/arabic-united-arab-emirates.png\",\"contentUrl\":\"https:\/\/talkpal.ai\/wp-content\/uploads\/2023\/04\/arabic-united-arab-emirates.png\",\"width\":512,\"height\":512,\"caption\":\"TalkPal Catalan Flag\"},{\"@type\":\"BreadcrumbList\",\"@id\":\"https:\/\/talkpal.ai\/sq\/gramatika-arabe\/#breadcrumb\",\"itemListElement\":[{\"@type\":\"ListItem\",\"position\":1,\"name\":\"Homepage\",\"item\":\"https:\/\/talkpal.ai\/sq\/\"},{\"@type\":\"ListItem\",\"position\":2,\"name\":\"Gramatika Arabe\"}]},{\"@type\":\"WebSite\",\"@id\":\"https:\/\/talkpal.ai\/sq\/#website\",\"url\":\"https:\/\/talkpal.ai\/sq\/\",\"name\":\"Talkpal\",\"description\":\"AI Language Learning\",\"publisher\":{\"@id\":\"https:\/\/talkpal.ai\/sq\/#organization\"},\"alternateName\":\"Talkpal AI\",\"potentialAction\":[{\"@type\":\"SearchAction\",\"target\":{\"@type\":\"EntryPoint\",\"urlTemplate\":\"https:\/\/talkpal.ai\/sq\/?s={search_term_string}\"},\"query-input\":{\"@type\":\"PropertyValueSpecification\",\"valueRequired\":true,\"valueName\":\"search_term_string\"}}],\"inLanguage\":\"sq-AL\"},{\"@type\":\"Organization\",\"@id\":\"https:\/\/talkpal.ai\/sq\/#organization\",\"name\":\"Talkpal, Inc.\",\"alternateName\":\"Talkpal AI\",\"url\":\"https:\/\/talkpal.ai\/sq\/\",\"logo\":{\"@type\":\"ImageObject\",\"inLanguage\":\"sq-AL\",\"@id\":\"https:\/\/talkpal.ai\/sq\/#\/schema\/logo\/image\/\",\"url\":\"https:\/\/talkpal.ai\/wp-content\/uploads\/2024\/03\/Talkpal-Logo-Icon.png\",\"contentUrl\":\"https:\/\/talkpal.ai\/wp-content\/uploads\/2024\/03\/Talkpal-Logo-Icon.png\",\"width\":2880,\"height\":2880,\"caption\":\"Talkpal, Inc.\"},\"image\":{\"@id\":\"https:\/\/talkpal.ai\/sq\/#\/schema\/logo\/image\/\"},\"sameAs\":[\"https:\/\/www.facebook.com\/profile.php?id=100090733639311\",\"https:\/\/x.com\/talkpalai\",\"https:\/\/www.linkedin.com\/company\/talkpal\/\",\"https:\/\/www.youtube.com\/@TalkPal\/\",\"https:\/\/www.tiktok.com\/@talkpal\",\"https:\/\/www.instagram.com\/talkpal_ai\/\",\"https:\/\/www.crunchbase.com\/organization\/talkpal-9cde\",\"https:\/\/www.g2.com\/products\/talkpal-for-business\/\",\"https:\/\/www.trustpilot.com\/review\/talkpal.ai\",\"https:\/\/www.capterra.com\/p\/10006800\/TalkPal\/\"],\"description\":\"Talkpal is a language learning web and mobile education app, powered by the latest AI technologies, that provides engaging experiences to its customers in many different languages to help them improve their language skills. Users can chat about unlimited amount of topics with the app and use other modes to practice their language learning.\",\"email\":\"support@talkpal.ai\",\"legalName\":\"Talkpal, Inc.\",\"foundingDate\":\"2023-04-03\",\"duns\":\"118989042\",\"numberOfEmployees\":{\"@type\":\"QuantitativeValue\",\"minValue\":\"11\",\"maxValue\":\"50\"},\"publishingPrinciples\":\"https:\/\/talkpal.ai\/publishing-principles\/\",\"actionableFeedbackPolicy\":\"https:\/\/talkpal.ai\/actionable-feedback-policy\/\",\"correctionsPolicy\":\"https:\/\/talkpal.ai\/corrections-policy\/\",\"ethicsPolicy\":\"https:\/\/talkpal.ai\/ethics-policy\/\",\"diversityPolicy\":\"https:\/\/talkpal.ai\/diversity-policy\/\",\"diversityStaffingReport\":\"https:\/\/talkpal.ai\/diversity-policy\/\"}]}<\/script>\n<!-- \/ Yoast SEO Premium plugin. -->","yoast_head_json":{"title":"Gramatika Arabe - Talkpal","description":"Eksploroni nd\u00ebrlikimet e gramatik\u00ebs arabe dhe zbuloni struktur\u00ebn e saj unike n\u00eb krahasim me gramatik\u00ebn angleze.","robots":{"index":"index","follow":"follow","max-snippet":"max-snippet:-1","max-image-preview":"max-image-preview:large","max-video-preview":"max-video-preview:-1"},"canonical":"https:\/\/talkpal.ai\/sq\/gramatika-arabe\/","og_locale":"sq_AL","og_type":"article","og_title":"Gramatika Arabe","og_description":"Nd\u00ebrlikimet e gramatik\u00ebs arabe: Nj\u00eb udh\u00ebtim n\u00ebp\u00ebr rr\u00ebnj\u00ebt dhe bukurin\u00eb e saj A ju kujtohet kur filluat t\u00eb m\u00ebsoni gramatik\u00ebn angleze? Rregullat,","og_url":"https:\/\/talkpal.ai\/sq\/gramatika-arabe\/","og_site_name":"Talkpal","article_publisher":"https:\/\/www.facebook.com\/profile.php?id=100090733639311","article_modified_time":"2025-09-06T17:46:31+00:00","og_image":[{"width":512,"height":512,"url":"https:\/\/talkpal.ai\/wp-content\/uploads\/2023\/04\/arabic-united-arab-emirates.png","type":"image\/png"}],"twitter_card":"summary_large_image","twitter_site":"@talkpalai","twitter_misc":{"Est. reading time":"3 minutes"},"schema":{"@context":"https:\/\/schema.org","@graph":[{"@type":"WebPage","@id":"https:\/\/talkpal.ai\/sq\/gramatika-arabe\/","url":"https:\/\/talkpal.ai\/sq\/gramatika-arabe\/","name":"Gramatika Arabe - Talkpal","isPartOf":{"@id":"https:\/\/talkpal.ai\/sq\/#website"},"primaryImageOfPage":{"@id":"https:\/\/talkpal.ai\/sq\/gramatika-arabe\/#primaryimage"},"image":{"@id":"https:\/\/talkpal.ai\/sq\/gramatika-arabe\/#primaryimage"},"thumbnailUrl":"https:\/\/talkpal.ai\/wp-content\/uploads\/2023\/04\/arabic-united-arab-emirates.png","datePublished":"2023-05-14T13:43:38+00:00","dateModified":"2025-09-06T17:46:31+00:00","description":"Eksploroni nd\u00ebrlikimet e gramatik\u00ebs arabe dhe zbuloni struktur\u00ebn e saj unike n\u00eb krahasim me gramatik\u00ebn angleze.","breadcrumb":{"@id":"https:\/\/talkpal.ai\/sq\/gramatika-arabe\/#breadcrumb"},"inLanguage":"sq-AL","potentialAction":[{"@type":"ReadAction","target":["https:\/\/talkpal.ai\/sq\/gramatika-arabe\/"]}]},{"@type":"ImageObject","inLanguage":"sq-AL","@id":"https:\/\/talkpal.ai\/sq\/gramatika-arabe\/#primaryimage","url":"https:\/\/talkpal.ai\/wp-content\/uploads\/2023\/04\/arabic-united-arab-emirates.png","contentUrl":"https:\/\/talkpal.ai\/wp-content\/uploads\/2023\/04\/arabic-united-arab-emirates.png","width":512,"height":512,"caption":"TalkPal Catalan Flag"},{"@type":"BreadcrumbList","@id":"https:\/\/talkpal.ai\/sq\/gramatika-arabe\/#breadcrumb","itemListElement":[{"@type":"ListItem","position":1,"name":"Homepage","item":"https:\/\/talkpal.ai\/sq\/"},{"@type":"ListItem","position":2,"name":"Gramatika Arabe"}]},{"@type":"WebSite","@id":"https:\/\/talkpal.ai\/sq\/#website","url":"https:\/\/talkpal.ai\/sq\/","name":"Talkpal","description":"AI Language Learning","publisher":{"@id":"https:\/\/talkpal.ai\/sq\/#organization"},"alternateName":"Talkpal AI","potentialAction":[{"@type":"SearchAction","target":{"@type":"EntryPoint","urlTemplate":"https:\/\/talkpal.ai\/sq\/?s={search_term_string}"},"query-input":{"@type":"PropertyValueSpecification","valueRequired":true,"valueName":"search_term_string"}}],"inLanguage":"sq-AL"},{"@type":"Organization","@id":"https:\/\/talkpal.ai\/sq\/#organization","name":"Talkpal, Inc.","alternateName":"Talkpal AI","url":"https:\/\/talkpal.ai\/sq\/","logo":{"@type":"ImageObject","inLanguage":"sq-AL","@id":"https:\/\/talkpal.ai\/sq\/#\/schema\/logo\/image\/","url":"https:\/\/talkpal.ai\/wp-content\/uploads\/2024\/03\/Talkpal-Logo-Icon.png","contentUrl":"https:\/\/talkpal.ai\/wp-content\/uploads\/2024\/03\/Talkpal-Logo-Icon.png","width":2880,"height":2880,"caption":"Talkpal, Inc."},"image":{"@id":"https:\/\/talkpal.ai\/sq\/#\/schema\/logo\/image\/"},"sameAs":["https:\/\/www.facebook.com\/profile.php?id=100090733639311","https:\/\/x.com\/talkpalai","https:\/\/www.linkedin.com\/company\/talkpal\/","https:\/\/www.youtube.com\/@TalkPal\/","https:\/\/www.tiktok.com\/@talkpal","https:\/\/www.instagram.com\/talkpal_ai\/","https:\/\/www.crunchbase.com\/organization\/talkpal-9cde","https:\/\/www.g2.com\/products\/talkpal-for-business\/","https:\/\/www.trustpilot.com\/review\/talkpal.ai","https:\/\/www.capterra.com\/p\/10006800\/TalkPal\/"],"description":"Talkpal is a language learning web and mobile education app, powered by the latest AI technologies, that provides engaging experiences to its customers in many different languages to help them improve their language skills. Users can chat about unlimited amount of topics with the app and use other modes to practice their language learning.","email":"support@talkpal.ai","legalName":"Talkpal, Inc.","foundingDate":"2023-04-03","duns":"118989042","numberOfEmployees":{"@type":"QuantitativeValue","minValue":"11","maxValue":"50"},"publishingPrinciples":"https:\/\/talkpal.ai\/publishing-principles\/","actionableFeedbackPolicy":"https:\/\/talkpal.ai\/actionable-feedback-policy\/","correctionsPolicy":"https:\/\/talkpal.ai\/corrections-policy\/","ethicsPolicy":"https:\/\/talkpal.ai\/ethics-policy\/","diversityPolicy":"https:\/\/talkpal.ai\/diversity-policy\/","diversityStaffingReport":"https:\/\/talkpal.ai\/diversity-policy\/"}]}},"_links":{"self":[{"href":"https:\/\/talkpal.ai\/sq\/wp-json\/wp\/v2\/pages\/1442784","targetHints":{"allow":["GET"]}}],"collection":[{"href":"https:\/\/talkpal.ai\/sq\/wp-json\/wp\/v2\/pages"}],"about":[{"href":"https:\/\/talkpal.ai\/sq\/wp-json\/wp\/v2\/types\/page"}],"author":[{"embeddable":true,"href":"https:\/\/talkpal.ai\/sq\/wp-json\/wp\/v2\/users\/1"}],"replies":[{"embeddable":true,"href":"https:\/\/talkpal.ai\/sq\/wp-json\/wp\/v2\/comments?post=1442784"}],"version-history":[{"count":0,"href":"https:\/\/talkpal.ai\/sq\/wp-json\/wp\/v2\/pages\/1442784\/revisions"}],"wp:featuredmedia":[{"embeddable":true,"href":"https:\/\/talkpal.ai\/sq\/wp-json\/wp\/v2\/media\/1440695"}],"wp:attachment":[{"href":"https:\/\/talkpal.ai\/sq\/wp-json\/wp\/v2\/media?parent=1442784"}],"curies":[{"name":"wp","href":"https:\/\/api.w.org\/{rel}","templated":true}]}}