{"id":1442778,"date":"2023-05-14T13:50:44","date_gmt":"2023-05-14T13:50:44","guid":{"rendered":"https:\/\/talkpal.ai\/gramatika-hindi\/"},"modified":"2025-12-13T15:01:08","modified_gmt":"2025-12-13T15:01:08","slug":"gramatika-hindi","status":"publish","type":"page","link":"https:\/\/talkpal.ai\/sq\/gramatika-hindi\/","title":{"rendered":"Gramatika Hindi"},"content":{"rendered":"\r\n\r\n\r\n<section class=\"languageChallengeSection\">\r\n    <div class=\"languageInfoWrapper\">\r\n        \r\n        <h1>Gramatika Hindi<\/h1>\r\n        <p>Gati p\u00ebr t\u00eb m\u00ebsuar <a href=\"https:\/\/talkpal.ai\/learn-hindi\/\">Hindi<\/a>? Zhytuni n\u00eb gramatik\u00ebn Hindi, ku emrat gjinor\u00eb, nj\u00eb struktur\u00eb fjalie subjekt-objekt-folje dhe konjugimet shpreh\u00ebse t\u00eb foljeve e sjellin gjuh\u00ebn n\u00eb jet\u00eb. Filloni udh\u00ebtimin tuaj Hindi sot &#8211; zot\u00ebrimi i gramatik\u00ebs s\u00eb saj do t&#039;ju fuqizoj\u00eb t\u00eb komunikoni me besim dhe t\u00eb lidheni me kultur\u00ebn dhe traditat e gjalla t\u00eb Indis\u00eb!<\/p>\r\n\r\n                            <a class=\"getStartedHidden\" href=\"https:\/\/app.talkpal.ai\/signup?lng=\">Filloni<\/a>\r\n        \r\n    <\/div>\r\n\r\n    <figure>\r\n    <img decoding=\"async\" width=\"768\" height=\"768\" src=\"https:\/\/talkpal.ai\/wp-content\/uploads\/2023\/06\/hindi-768x768.png\" class=\"languageImage no-lazy\" alt=\"Language learning for mental agility\" fetchpriority=\"high\" sizes=\"(max-width: 768px) 150px, 768px\" srcset=\"https:\/\/talkpal.ai\/wp-content\/uploads\/2023\/06\/hindi-768x768.png 768w, https:\/\/talkpal.ai\/wp-content\/uploads\/2023\/06\/hindi-300x300.png 300w\" \/>\r\n    \r\n\r\n    <\/figure>\r\n\r\n            <a class=\"getStartedVisible\" href=\"https:\/\/app.talkpal.ai\/signup?lng=\">Filloni<\/a>\r\n    \r\n<\/section>\r\n<section class=\"promotionalBanner\">\r\n    <p class=\"promotionalText\">M\u00ebnyra m\u00eb efikase p\u00ebr t\u00eb m\u00ebsuar nj\u00eb gjuh\u00eb<\/p>\r\n    <a class=\"promotionalLink\" href=\"https:\/\/app.talkpal.ai\/signup?lng=\">Provoni Talkpal falas<\/a>\r\n<\/section>\n<div class=\"wp-block-group pageContainerStyle\"><div class=\"wp-block-group__inner-container is-layout-constrained wp-block-group-is-layout-constrained\">\n<h2 class=\"wp-block-heading\" id=\"h-mastering-hindi-grammar-your-ultimate-guide\">Zot\u00ebrimi i gramatik\u00ebs Hindi: Udh\u00ebzuesi juaj p\u00ebrfundimtar<\/h2>\n\n\n\n<p>Namaste, <a href=\"https:\/\/talkpal.ai\/talkpal-discount-for-language-enthusiasts\/\">entuziast\u00eb t\u00eb gjuh\u00ebs<\/a>! A jeni gati t\u00eb eksploroni bot\u00ebn e gramatik\u00ebs Hindi? Ju keni ardhur n\u00eb vendin e duhur. I mbushur me informacion t\u00eb leht\u00eb p\u00ebr t&#8217;u kuptuar dhe nj\u00eb ton bisedor, ky artikull do t&#8217;ju udh\u00ebheq\u00eb p\u00ebrmes sfer\u00ebs magjeps\u00ebse t\u00eb gramatik\u00ebs Hindi. S\u00eb shpejti, do t\u00eb jeni n\u00eb gjendje t\u00eb nd\u00ebrtoni fjali dhe t\u00eb b\u00ebni biseda kuptimplota me fol\u00ebsit amtare. Pra, le t\u00eb zhytemi menj\u00ebher\u00eb!<\/p>\n\n\n\n<p><strong>Por s\u00eb pari, pse gramatika Hindi?<\/strong><\/p>\n\n\n\n<p>N\u00ebse jeni duke m\u00ebsuar Hindi, nj\u00eb baz\u00eb e fort\u00eb n\u00eb <a href=\"https:\/\/talkpal.ai\/grammar\/\">gramatik\u00eb<\/a> \u00ebsht\u00eb thelb\u00ebsore p\u00ebr t\u00eb folur, lexuar dhe shkruar rrjedhsh\u00ebm. Nd\u00ebrsa <a href=\"https:\/\/talkpal.ai\/sq\/gramatika\/\">gramatika<\/a> Hindi fillimisht mund t\u00eb duket komplekse, ajo b\u00ebhet m\u00eb e arritshme kur ndahet n\u00eb segmente m\u00eb t\u00eb vogla dhe t\u00eb menaxhueshme. Ky artikull do t\u00eb jet\u00eb vendi i p\u00ebrsosur p\u00ebr t\u00eb filluar udh\u00ebtimin tuaj drejt zot\u00ebrimit t\u00eb gramatik\u00ebs Hindi!<\/p>\n\n\n\n<h3 class=\"wp-block-heading\" id=\"h-1-nouns-gender-and-cases\">1. Emrat, gjinia dhe rastet<\/h3>\n\n\n\n<p>Emrat Hindi vijn\u00eb n\u00eb dy gjini: mashkullor dhe fem\u00ebror. \u00cbsht\u00eb e r\u00ebnd\u00ebsishme t\u00eb identifikohet gjinia e emrave pasi kjo ndikon n\u00eb pjes\u00eb t\u00eb tjera t\u00eb t\u00eb folurit, t\u00eb tilla si mbiemrat dhe foljet.  <\/p>\n\n\n\n<p>Nj\u00eb rregull i thjesht\u00eb: n\u00ebse nj\u00eb em\u00ebr p\u00ebrfundon me &#8220;-aa&#8221;, (&#8220;\u0906&#8221;) \u00ebsht\u00eb p\u00ebrgjith\u00ebsisht mashkullor nd\u00ebrsa nj\u00eb em\u00ebr q\u00eb p\u00ebrfundon me &#8220;-ii&#8221; (&#8220;\u0908&#8221;) \u00ebsht\u00eb zakonisht fem\u00ebror. Por mbani mend &#8211; si gjithmon\u00eb, ekzistojn\u00eb p\u00ebrjashtime!  <\/p>\n\n\n\n<p>Emrat Hindi marrin forma t\u00eb ndryshme n\u00eb var\u00ebsi t\u00eb rolit t\u00eb <a href=\"https:\/\/talkpal.ai\/locations\/language-courses-in-tyre\/\">tyre<\/a> n\u00eb nj\u00eb fjali (subjekt, objekt, pronjer, etj.). K\u00ebto forma quhen raste. Rastet kryesore n\u00eb Hindi jan\u00eb t\u00eb drejtp\u00ebrdrejta (&#8220;\u0906\u092e \u0915\u094d\u0930\u092e&#8221;), t\u00eb zhdrejt\u00eb (&#8220;\u0909\u092a \u0935\u093f\u0932\u094b\u092e&#8221;) dhe vokative (&#8220;\u0938\u0902\u092c\u094b\u0927\u0928&#8221;).<\/p>\n\n\n\n<h3 class=\"wp-block-heading\" id=\"h-2-pronouns-and-agreement\">2. P\u00ebremrat dhe marr\u00ebveshja<\/h3>\n\n\n\n<p>P\u00ebremrat Hindi (un\u00eb, ti, <a href=\"https:\/\/talkpal.ai\/speaking-with-ai\/\">ai<\/a>, ajo, etj.) ndryshojn\u00eb sipas gjinis\u00eb dhe hierarkis\u00eb. P\u00ebr shembull: \u092e\u0948\u0902 (kryesor \u2013 un\u00eb), \u0924\u0941\u092e (tum \u2013 ti, joformal), \u0906\u092a (aap \u2013 ti, formal), \u0935\u0939 (vah \u2013 ai\/ajo), \u0939\u092e (hum \u2013 ne) dhe \u0935\u0947 (ve \u2013 ata).  <\/p>\n\n\n\n<p>\u00cbsht\u00eb thelb\u00ebsore t\u00eb jeni t\u00eb vet\u00ebdijsh\u00ebm p\u00ebr hierarkin\u00eb kur p\u00ebrdorni p\u00ebremrat. P\u00ebr shembull, nd\u00ebrsa &#8220;\u0924\u0941\u092e&#8221; mund t\u00eb jet\u00eb i p\u00ebrshtatsh\u00ebm midis miqve, p\u00ebrdorimi i &#8220;\u0906\u092a&#8221; tregon respekt kur u drejtohet pleqve ose t\u00eb huajve.<\/p>\n\n\n\n<h3 class=\"wp-block-heading\" id=\"h-3-verbs-tense-and-conjugation\">3. Foljet, koha dhe konjugimi<\/h3>\n\n\n\n<p>Foljet formojn\u00eb shtyll\u00ebn kurrizore t\u00eb gramatik\u00ebs Hindi dhe kuptimi i tyre \u00ebsht\u00eb jetik p\u00ebr nd\u00ebrtimin e fjalive. Foljet Hindi kategorizohen gjer\u00ebsisht si kalimtare (&#8220;\u0938\u0915\u0930\u094d\u092e\u0915&#8221;) dhe intransitive (&#8220;\u0905\u0915\u0930\u094d\u092e\u0915&#8221;), me rregulla t\u00eb ndryshme konjugimi p\u00ebr secilin.  <\/p>\n\n\n\n<p>P\u00ebr t&#8217;ju dh\u00ebn\u00eb nj\u00eb pasqyr\u00eb t\u00eb shpejt\u00eb, le t\u00eb diskutojm\u00eb konjugimin e foljeve t\u00eb rregullta n\u00eb koh\u00ebn e tashme:<\/p>\n\n\n\n<p>\u2013 \u092e\u0948\u0902 \u092a\u0922\u093c\u0924\u093e \u0939\u0942\u0901 (padhta hoon kryesor \u2013 lexoja, mashkullor)<\/p>\n\n\n\n<p>\u2013 \u092e\u0948\u0902 \u092a\u0922\u093c\u0924\u0940 \u0939\u0942\u0901 (padhti hoon kryesor \u2013 lexoja, fem\u00ebrore)<\/p>\n\n\n\n<p>\u2013 \u0924\u0941\u092e \u092a\u0922\u093c\u0924\u0947 \u0939\u094b (tum padhte ho \u2013 ju lexoni, joformale, mashkullore)<\/p>\n\n\n\n<p>\u2013 \u0924\u0941\u092e \u092a\u0922\u093c\u0924\u0940 \u0939\u094b (tum padhti ho \u2013 ju lexoni, joformale, fem\u00ebrore)<\/p>\n\n\n\n<p>Mos harroni, ky \u00ebsht\u00eb vet\u00ebm fillimi! Ka shum\u00eb koh\u00eb dhe folje t\u00eb parregullta p\u00ebr t&#8217;u zot\u00ebruar, por \u00e7do hap i ri ju afron rrjedhshm\u00ebris\u00eb.<\/p>\n\n\n\n<h3 class=\"wp-block-heading\" id=\"h-4-adjectives-adverbs-and-more\">4. Mbiemra, ndajfolje dhe m\u00eb shum\u00eb!<\/h3>\n\n\n\n<p>Gramatika Hindi p\u00ebrfshin komponent\u00eb t\u00eb tjer\u00eb si mbiemrat (t\u00eb cil\u00ebt duhet t\u00eb pajtohen me emrat n\u00eb gjini dhe num\u00ebr), ndajfolje, parafjal\u00eb dhe shprehje idiomatike. \u00c7do element \u00ebsht\u00eb \u00e7el\u00ebsi p\u00ebr t&#8217;u b\u00ebr\u00eb i rrjedhsh\u00ebm n\u00eb Hindi, k\u00ebshtu q\u00eb trajtojini ato hap pas hapi.<\/p>\n\n\n\n<p>Si p\u00ebrfundim, nuk ka asnj\u00eb rrug\u00eb t\u00eb shkurt\u00ebr p\u00ebr t\u00eb zot\u00ebruar gramatik\u00ebn Hindi. K\u00ebrkon k\u00ebmb\u00ebngulje, praktik\u00eb dhe durim. Megjithat\u00eb, pasi ta kuptoni, do t\u00eb jeni n\u00eb gjendje t\u00eb vler\u00ebsoni nuancat e bised\u00ebs n\u00eb Hindi, zbulimin e kultur\u00ebs dhe historis\u00eb s\u00eb pasur dhe thellimin e dashuris\u00eb tuaj p\u00ebr gjuh\u00ebn. \u0936\u0941\u092d\u0915\u093e\u092e\u0928\u093e\u090f\u0901 (shubhkaamnaayein \u2013 urimet m\u00eb t\u00eb mira)!<\/p>\n<\/div><\/div>\n\r\n<section class=\"learnNavigationSection\">\r\n            \r\n        <a href=\"https:\/\/talkpal.ai\/sq\/meso-gjuhen-hindi\/\">\r\n            <div class=\"learnNavigationWrapper\">\r\n                <div class=\"learnNavigationContent\">\r\n                    <img decoding=\"async\" src=\"https:\/\/talkpal.ai\/wp-content\/uploads\/2024\/08\/Hindi.jpg\" alt=\"Indian Flag\">\r\n                    <div>\r\n                        <h4>Rreth t\u00eb m\u00ebsuarit Hindi<\/h4>\r\n                        <p>Zbuloni gjith\u00e7ka rreth gramatik\u00ebs Hindi.<\/p>\r\n                    <\/div>\r\n                <\/div>\r\n            <\/div>\r\n        <\/a>\r\n\r\n        \r\n        <a href=\"https:\/\/talkpal.ai\/sq\/ushtrime-gramatikore-hindi\/\">\r\n            <div class=\"learnNavigationWrapper\">\r\n                <div class=\"learnNavigationContent\">\r\n                    <img decoding=\"async\" src=\"https:\/\/talkpal.ai\/wp-content\/uploads\/2024\/08\/Hindi.jpg\" alt=\"Indian Flag\">\r\n                    <div>\r\n                        <h4>Ushtrimi i gramatik\u00ebs Hindi<\/h4>\r\n                        <p>Praktikoni gramatik\u00ebn Hindi.<\/p>\r\n                    <\/div>\r\n                <\/div>\r\n            <\/div>\r\n        <\/a>\r\n\r\n        \r\n        <a href=\"https:\/\/talkpal.ai\/vocabulary_language\/hindi\/\">\r\n            <div class=\"learnNavigationWrapper\">\r\n                <div class=\"learnNavigationContent\">\r\n                    <img decoding=\"async\" src=\"https:\/\/talkpal.ai\/wp-content\/uploads\/2024\/08\/Hindi.jpg\" alt=\"Indian Flag\">\r\n                    <div>\r\n                        <h4>Fjalori Hindi<\/h4>\r\n                        <p>Zgjeroni fjalorin tuaj Hindi.<\/p>\r\n                    <\/div>\r\n                <\/div>\r\n            <\/div>\r\n        <\/a>\r\n\r\n            <\/section>","protected":false},"excerpt":{"rendered":"<p>Zot\u00ebrimi i gramatik\u00ebs Hindi: Udh\u00ebzuesi juaj p\u00ebrfundimtar Namaste, entuziast\u00eb t\u00eb gjuh\u00ebs! A jeni gati t\u00eb eksploroni bot\u00ebn e gramatik\u00ebs Hindi? Ju keni ardhur n\u00eb vendin e duhur. I mbushur me informacion t\u00eb leht\u00eb p\u00ebr t&#8217;u kuptuar dhe nj\u00eb ton bisedor, ky artikull do t&#8217;ju udh\u00ebheq\u00eb p\u00ebrmes sfer\u00ebs magjeps\u00ebse t\u00eb gramatik\u00ebs Hindi. S\u00eb shpejti, do t\u00eb [&hellip;]<\/p>\n","protected":false},"author":1,"featured_media":1440714,"parent":0,"menu_order":0,"comment_status":"closed","ping_status":"closed","template":"LearningContentPage.php","meta":{"_acf_changed":false,"footnotes":""},"class_list":["post-1442778","page","type-page","status-publish","has-post-thumbnail","hentry"],"acf":[],"yoast_head":"<!-- This site is optimized with the Yoast SEO Premium plugin v27.2 (Yoast SEO v27.2) - https:\/\/yoast.com\/product\/yoast-seo-premium-wordpress\/ -->\n<title>Gramatika Hindi - Talkpal<\/title>\n<meta name=\"description\" content=\"Zot\u00ebroni gramatik\u00ebn Hindi me besim - m\u00ebsoni rregulla t\u00eb qarta, formoni fjali t\u00eb sakta dhe flisni m\u00eb mir\u00eb me udh\u00ebzime t\u00eb lehta nga TalkPal AI.\" \/>\n<meta name=\"robots\" content=\"index, follow, max-snippet:-1, max-image-preview:large, max-video-preview:-1\" \/>\n<link rel=\"canonical\" href=\"https:\/\/talkpal.ai\/sq\/gramatika-hindi\/\" \/>\n<meta property=\"og:locale\" content=\"sq_AL\" \/>\n<meta property=\"og:type\" content=\"article\" \/>\n<meta property=\"og:title\" content=\"Gramatika Hindi\" \/>\n<meta property=\"og:description\" content=\"Zot\u00ebrimi i gramatik\u00ebs Hindi: Udh\u00ebzuesi juaj p\u00ebrfundimtar Namaste, entuziast\u00eb t\u00eb gjuh\u00ebs! A jeni gati t\u00eb eksploroni bot\u00ebn e gramatik\u00ebs Hindi? Ju keni ardhur\" \/>\n<meta property=\"og:url\" content=\"https:\/\/talkpal.ai\/sq\/gramatika-hindi\/\" \/>\n<meta property=\"og:site_name\" content=\"Talkpal\" \/>\n<meta property=\"article:publisher\" content=\"https:\/\/www.facebook.com\/profile.php?id=100090733639311\" \/>\n<meta property=\"article:modified_time\" content=\"2025-12-13T15:01:08+00:00\" \/>\n<meta property=\"og:image\" content=\"https:\/\/talkpal.ai\/wp-content\/uploads\/2024\/02\/india.png\" \/>\n\t<meta property=\"og:image:width\" content=\"517\" \/>\n\t<meta property=\"og:image:height\" content=\"517\" \/>\n\t<meta property=\"og:image:type\" content=\"image\/png\" \/>\n<meta name=\"twitter:card\" content=\"summary_large_image\" \/>\n<meta name=\"twitter:site\" content=\"@talkpalai\" \/>\n<meta name=\"twitter:label1\" content=\"Est. reading time\" \/>\n\t<meta name=\"twitter:data1\" content=\"3 minutes\" \/>\n<script type=\"application\/ld+json\" class=\"yoast-schema-graph\">{\"@context\":\"https:\/\/schema.org\",\"@graph\":[{\"@type\":\"WebPage\",\"@id\":\"https:\/\/talkpal.ai\/sq\/gramatika-hindi\/\",\"url\":\"https:\/\/talkpal.ai\/sq\/gramatika-hindi\/\",\"name\":\"Gramatika Hindi - Talkpal\",\"isPartOf\":{\"@id\":\"https:\/\/talkpal.ai\/sq\/#website\"},\"primaryImageOfPage\":{\"@id\":\"https:\/\/talkpal.ai\/sq\/gramatika-hindi\/#primaryimage\"},\"image\":{\"@id\":\"https:\/\/talkpal.ai\/sq\/gramatika-hindi\/#primaryimage\"},\"thumbnailUrl\":\"https:\/\/talkpal.ai\/wp-content\/uploads\/2024\/02\/india.png\",\"datePublished\":\"2023-05-14T13:50:44+00:00\",\"dateModified\":\"2025-12-13T15:01:08+00:00\",\"description\":\"Zot\u00ebroni gramatik\u00ebn Hindi me besim - m\u00ebsoni rregulla t\u00eb qarta, formoni fjali t\u00eb sakta dhe flisni m\u00eb mir\u00eb me udh\u00ebzime t\u00eb lehta nga TalkPal AI.\",\"breadcrumb\":{\"@id\":\"https:\/\/talkpal.ai\/sq\/gramatika-hindi\/#breadcrumb\"},\"inLanguage\":\"sq-AL\",\"potentialAction\":[{\"@type\":\"ReadAction\",\"target\":[\"https:\/\/talkpal.ai\/sq\/gramatika-hindi\/\"]}]},{\"@type\":\"ImageObject\",\"inLanguage\":\"sq-AL\",\"@id\":\"https:\/\/talkpal.ai\/sq\/gramatika-hindi\/#primaryimage\",\"url\":\"https:\/\/talkpal.ai\/wp-content\/uploads\/2024\/02\/india.png\",\"contentUrl\":\"https:\/\/talkpal.ai\/wp-content\/uploads\/2024\/02\/india.png\",\"width\":517,\"height\":517,\"caption\":\"TalkPal Indian Flag\"},{\"@type\":\"BreadcrumbList\",\"@id\":\"https:\/\/talkpal.ai\/sq\/gramatika-hindi\/#breadcrumb\",\"itemListElement\":[{\"@type\":\"ListItem\",\"position\":1,\"name\":\"Homepage\",\"item\":\"https:\/\/talkpal.ai\/sq\/\"},{\"@type\":\"ListItem\",\"position\":2,\"name\":\"Gramatika Hindi\"}]},{\"@type\":\"WebSite\",\"@id\":\"https:\/\/talkpal.ai\/sq\/#website\",\"url\":\"https:\/\/talkpal.ai\/sq\/\",\"name\":\"Talkpal\",\"description\":\"AI Language Learning\",\"publisher\":{\"@id\":\"https:\/\/talkpal.ai\/sq\/#organization\"},\"alternateName\":\"Talkpal AI\",\"potentialAction\":[{\"@type\":\"SearchAction\",\"target\":{\"@type\":\"EntryPoint\",\"urlTemplate\":\"https:\/\/talkpal.ai\/sq\/?s={search_term_string}\"},\"query-input\":{\"@type\":\"PropertyValueSpecification\",\"valueRequired\":true,\"valueName\":\"search_term_string\"}}],\"inLanguage\":\"sq-AL\"},{\"@type\":\"Organization\",\"@id\":\"https:\/\/talkpal.ai\/sq\/#organization\",\"name\":\"Talkpal, Inc.\",\"alternateName\":\"Talkpal AI\",\"url\":\"https:\/\/talkpal.ai\/sq\/\",\"logo\":{\"@type\":\"ImageObject\",\"inLanguage\":\"sq-AL\",\"@id\":\"https:\/\/talkpal.ai\/sq\/#\/schema\/logo\/image\/\",\"url\":\"https:\/\/talkpal.ai\/wp-content\/uploads\/2024\/03\/Talkpal-Logo-Icon.png\",\"contentUrl\":\"https:\/\/talkpal.ai\/wp-content\/uploads\/2024\/03\/Talkpal-Logo-Icon.png\",\"width\":2880,\"height\":2880,\"caption\":\"Talkpal, Inc.\"},\"image\":{\"@id\":\"https:\/\/talkpal.ai\/sq\/#\/schema\/logo\/image\/\"},\"sameAs\":[\"https:\/\/www.facebook.com\/profile.php?id=100090733639311\",\"https:\/\/x.com\/talkpalai\",\"https:\/\/www.linkedin.com\/company\/talkpal\/\",\"https:\/\/www.youtube.com\/@TalkPal\/\",\"https:\/\/www.tiktok.com\/@talkpal\",\"https:\/\/www.instagram.com\/talkpal_ai\/\",\"https:\/\/www.crunchbase.com\/organization\/talkpal-9cde\",\"https:\/\/www.g2.com\/products\/talkpal-for-business\/\",\"https:\/\/www.trustpilot.com\/review\/talkpal.ai\",\"https:\/\/www.capterra.com\/p\/10006800\/TalkPal\/\"],\"description\":\"Talkpal is a language learning web and mobile education app, powered by the latest AI technologies, that provides engaging experiences to its customers in many different languages to help them improve their language skills. Users can chat about unlimited amount of topics with the app and use other modes to practice their language learning.\",\"email\":\"support@talkpal.ai\",\"legalName\":\"Talkpal, Inc.\",\"foundingDate\":\"2023-04-03\",\"duns\":\"118989042\",\"numberOfEmployees\":{\"@type\":\"QuantitativeValue\",\"minValue\":\"11\",\"maxValue\":\"50\"},\"publishingPrinciples\":\"https:\/\/talkpal.ai\/publishing-principles\/\",\"actionableFeedbackPolicy\":\"https:\/\/talkpal.ai\/actionable-feedback-policy\/\",\"correctionsPolicy\":\"https:\/\/talkpal.ai\/corrections-policy\/\",\"ethicsPolicy\":\"https:\/\/talkpal.ai\/ethics-policy\/\",\"diversityPolicy\":\"https:\/\/talkpal.ai\/diversity-policy\/\",\"diversityStaffingReport\":\"https:\/\/talkpal.ai\/diversity-policy\/\"}]}<\/script>\n<!-- \/ Yoast SEO Premium plugin. -->","yoast_head_json":{"title":"Gramatika Hindi - Talkpal","description":"Zot\u00ebroni gramatik\u00ebn Hindi me besim - m\u00ebsoni rregulla t\u00eb qarta, formoni fjali t\u00eb sakta dhe flisni m\u00eb mir\u00eb me udh\u00ebzime t\u00eb lehta nga TalkPal AI.","robots":{"index":"index","follow":"follow","max-snippet":"max-snippet:-1","max-image-preview":"max-image-preview:large","max-video-preview":"max-video-preview:-1"},"canonical":"https:\/\/talkpal.ai\/sq\/gramatika-hindi\/","og_locale":"sq_AL","og_type":"article","og_title":"Gramatika Hindi","og_description":"Zot\u00ebrimi i gramatik\u00ebs Hindi: Udh\u00ebzuesi juaj p\u00ebrfundimtar Namaste, entuziast\u00eb t\u00eb gjuh\u00ebs! A jeni gati t\u00eb eksploroni bot\u00ebn e gramatik\u00ebs Hindi? Ju keni ardhur","og_url":"https:\/\/talkpal.ai\/sq\/gramatika-hindi\/","og_site_name":"Talkpal","article_publisher":"https:\/\/www.facebook.com\/profile.php?id=100090733639311","article_modified_time":"2025-12-13T15:01:08+00:00","og_image":[{"width":517,"height":517,"url":"https:\/\/talkpal.ai\/wp-content\/uploads\/2024\/02\/india.png","type":"image\/png"}],"twitter_card":"summary_large_image","twitter_site":"@talkpalai","twitter_misc":{"Est. reading time":"3 minutes"},"schema":{"@context":"https:\/\/schema.org","@graph":[{"@type":"WebPage","@id":"https:\/\/talkpal.ai\/sq\/gramatika-hindi\/","url":"https:\/\/talkpal.ai\/sq\/gramatika-hindi\/","name":"Gramatika Hindi - Talkpal","isPartOf":{"@id":"https:\/\/talkpal.ai\/sq\/#website"},"primaryImageOfPage":{"@id":"https:\/\/talkpal.ai\/sq\/gramatika-hindi\/#primaryimage"},"image":{"@id":"https:\/\/talkpal.ai\/sq\/gramatika-hindi\/#primaryimage"},"thumbnailUrl":"https:\/\/talkpal.ai\/wp-content\/uploads\/2024\/02\/india.png","datePublished":"2023-05-14T13:50:44+00:00","dateModified":"2025-12-13T15:01:08+00:00","description":"Zot\u00ebroni gramatik\u00ebn Hindi me besim - m\u00ebsoni rregulla t\u00eb qarta, formoni fjali t\u00eb sakta dhe flisni m\u00eb mir\u00eb me udh\u00ebzime t\u00eb lehta nga TalkPal AI.","breadcrumb":{"@id":"https:\/\/talkpal.ai\/sq\/gramatika-hindi\/#breadcrumb"},"inLanguage":"sq-AL","potentialAction":[{"@type":"ReadAction","target":["https:\/\/talkpal.ai\/sq\/gramatika-hindi\/"]}]},{"@type":"ImageObject","inLanguage":"sq-AL","@id":"https:\/\/talkpal.ai\/sq\/gramatika-hindi\/#primaryimage","url":"https:\/\/talkpal.ai\/wp-content\/uploads\/2024\/02\/india.png","contentUrl":"https:\/\/talkpal.ai\/wp-content\/uploads\/2024\/02\/india.png","width":517,"height":517,"caption":"TalkPal Indian Flag"},{"@type":"BreadcrumbList","@id":"https:\/\/talkpal.ai\/sq\/gramatika-hindi\/#breadcrumb","itemListElement":[{"@type":"ListItem","position":1,"name":"Homepage","item":"https:\/\/talkpal.ai\/sq\/"},{"@type":"ListItem","position":2,"name":"Gramatika Hindi"}]},{"@type":"WebSite","@id":"https:\/\/talkpal.ai\/sq\/#website","url":"https:\/\/talkpal.ai\/sq\/","name":"Talkpal","description":"AI Language Learning","publisher":{"@id":"https:\/\/talkpal.ai\/sq\/#organization"},"alternateName":"Talkpal AI","potentialAction":[{"@type":"SearchAction","target":{"@type":"EntryPoint","urlTemplate":"https:\/\/talkpal.ai\/sq\/?s={search_term_string}"},"query-input":{"@type":"PropertyValueSpecification","valueRequired":true,"valueName":"search_term_string"}}],"inLanguage":"sq-AL"},{"@type":"Organization","@id":"https:\/\/talkpal.ai\/sq\/#organization","name":"Talkpal, Inc.","alternateName":"Talkpal AI","url":"https:\/\/talkpal.ai\/sq\/","logo":{"@type":"ImageObject","inLanguage":"sq-AL","@id":"https:\/\/talkpal.ai\/sq\/#\/schema\/logo\/image\/","url":"https:\/\/talkpal.ai\/wp-content\/uploads\/2024\/03\/Talkpal-Logo-Icon.png","contentUrl":"https:\/\/talkpal.ai\/wp-content\/uploads\/2024\/03\/Talkpal-Logo-Icon.png","width":2880,"height":2880,"caption":"Talkpal, Inc."},"image":{"@id":"https:\/\/talkpal.ai\/sq\/#\/schema\/logo\/image\/"},"sameAs":["https:\/\/www.facebook.com\/profile.php?id=100090733639311","https:\/\/x.com\/talkpalai","https:\/\/www.linkedin.com\/company\/talkpal\/","https:\/\/www.youtube.com\/@TalkPal\/","https:\/\/www.tiktok.com\/@talkpal","https:\/\/www.instagram.com\/talkpal_ai\/","https:\/\/www.crunchbase.com\/organization\/talkpal-9cde","https:\/\/www.g2.com\/products\/talkpal-for-business\/","https:\/\/www.trustpilot.com\/review\/talkpal.ai","https:\/\/www.capterra.com\/p\/10006800\/TalkPal\/"],"description":"Talkpal is a language learning web and mobile education app, powered by the latest AI technologies, that provides engaging experiences to its customers in many different languages to help them improve their language skills. Users can chat about unlimited amount of topics with the app and use other modes to practice their language learning.","email":"support@talkpal.ai","legalName":"Talkpal, Inc.","foundingDate":"2023-04-03","duns":"118989042","numberOfEmployees":{"@type":"QuantitativeValue","minValue":"11","maxValue":"50"},"publishingPrinciples":"https:\/\/talkpal.ai\/publishing-principles\/","actionableFeedbackPolicy":"https:\/\/talkpal.ai\/actionable-feedback-policy\/","correctionsPolicy":"https:\/\/talkpal.ai\/corrections-policy\/","ethicsPolicy":"https:\/\/talkpal.ai\/ethics-policy\/","diversityPolicy":"https:\/\/talkpal.ai\/diversity-policy\/","diversityStaffingReport":"https:\/\/talkpal.ai\/diversity-policy\/"}]}},"_links":{"self":[{"href":"https:\/\/talkpal.ai\/sq\/wp-json\/wp\/v2\/pages\/1442778","targetHints":{"allow":["GET"]}}],"collection":[{"href":"https:\/\/talkpal.ai\/sq\/wp-json\/wp\/v2\/pages"}],"about":[{"href":"https:\/\/talkpal.ai\/sq\/wp-json\/wp\/v2\/types\/page"}],"author":[{"embeddable":true,"href":"https:\/\/talkpal.ai\/sq\/wp-json\/wp\/v2\/users\/1"}],"replies":[{"embeddable":true,"href":"https:\/\/talkpal.ai\/sq\/wp-json\/wp\/v2\/comments?post=1442778"}],"version-history":[{"count":0,"href":"https:\/\/talkpal.ai\/sq\/wp-json\/wp\/v2\/pages\/1442778\/revisions"}],"wp:featuredmedia":[{"embeddable":true,"href":"https:\/\/talkpal.ai\/sq\/wp-json\/wp\/v2\/media\/1440714"}],"wp:attachment":[{"href":"https:\/\/talkpal.ai\/sq\/wp-json\/wp\/v2\/media?parent=1442778"}],"curies":[{"name":"wp","href":"https:\/\/api.w.org\/{rel}","templated":true}]}}