{"id":1440579,"date":"2023-12-20T15:42:12","date_gmt":"2023-12-20T15:42:12","guid":{"rendered":"https:\/\/talkpal.ai\/udhezime-per-shtimin-e-kodit-te-kuponit-ne-stripe-checkout\/"},"modified":"2025-09-06T15:32:13","modified_gmt":"2025-09-06T15:32:13","slug":"udhezime-per-shtimin-e-kodit-te-kuponit-ne-stripe-checkout","status":"publish","type":"page","link":"https:\/\/talkpal.ai\/sq\/udhezime-per-shtimin-e-kodit-te-kuponit-ne-stripe-checkout\/","title":{"rendered":"Udh\u00ebzime p\u00ebr shtimin e kodit t\u00eb kuponit n\u00eb Stripe Checkout"},"content":{"rendered":"\n<p>Shtoni kodin e kuponit dhe merrni nj\u00eb zbritje.<\/p>\n\n<h2 class=\"wp-block-heading\" id=\"h-follow-the-steps\">Ndiqni hapat<\/h2>\n\n<h3 class=\"wp-block-heading\" id=\"h-step-1\">Hapi 1:<\/h3>\n\n<p>Zgjidhni nj\u00eb plan t\u00eb preferuar.<\/p>\n\n<figure class=\"wp-block-image\"><img decoding=\"async\" src=\"https:\/\/talkpal.ai\/wp-content\/uploads\/2024\/12\/Choos-plan-screen-768x389.png\" alt=\"\"\/><\/figure>\n\n<h3 class=\"wp-block-heading\" id=\"h-step-2\">Hapi 2:<\/h3>\n\n<p>Zgjidhni opsionin p\u00ebr t\u00eb paguar duke p\u00ebrdorur nj\u00eb kart\u00eb dhe shtypni butonin e fillimit.<\/p>\n\n<figure class=\"wp-block-image\"><img decoding=\"async\" src=\"https:\/\/talkpal.ai\/wp-content\/uploads\/2024\/12\/Payment-method-screen-768x389.png\" alt=\"\"\/><\/figure>\n\n<h3 class=\"wp-block-heading\" id=\"h-step-3\">Hapi 3:<\/h3>\n\n<p>Ju do t\u00eb ridrejtoheni n\u00eb faqen e ark\u00ebs s\u00eb Stripe.<\/p>\n\n<h3 class=\"wp-block-heading\" id=\"h-step-4\">Hapi 4:<\/h3>\n\n<p>Shtypni &#8216;Shto kodin e promovimit&#8217; dhe shkruani Kodin, p\u00ebr shembull: <strong>JOIN25<\/strong> dhe shtypni &#8216;Apliko&#8217;.<\/p>\n\n<figure class=\"wp-block-image\"><img decoding=\"async\" src=\"https:\/\/talkpal.ai\/wp-content\/uploads\/2024\/05\/Talkpal-Stripe-instructions-1024x593.png\" alt=\"\"\/><\/figure>\n\n<h3 class=\"wp-block-heading\" id=\"h-step-5\">Hapi 5:<\/h3>\n\n<p>Plot\u00ebsoni informacionin e kart\u00ebs tuaj dhe filloni t\u00eb eksploroni llogarin\u00eb tuaj Premium.<\/p>\n\n<p><\/p>\n","protected":false},"excerpt":{"rendered":"<p>Shtoni kodin e kuponit dhe merrni nj\u00eb zbritje. Ndiqni hapat Hapi 1: Zgjidhni nj\u00eb plan t\u00eb preferuar. Hapi 2: Zgjidhni opsionin p\u00ebr t\u00eb paguar duke p\u00ebrdorur nj\u00eb kart\u00eb dhe shtypni butonin e fillimit. Hapi 3: Ju do t\u00eb ridrejtoheni n\u00eb faqen e ark\u00ebs s\u00eb Stripe. Hapi 4: Shtypni &#8216;Shto kodin e promovimit&#8217; dhe shkruani Kodin, [&hellip;]<\/p>\n","protected":false},"author":6,"featured_media":1439587,"parent":0,"menu_order":0,"comment_status":"closed","ping_status":"closed","template":"","meta":{"_acf_changed":false,"footnotes":""},"class_list":["post-1440579","page","type-page","status-publish","has-post-thumbnail","hentry"],"acf":[],"yoast_head":"<!-- This site is optimized with the Yoast SEO Premium plugin v27.2 (Yoast SEO v27.2) - https:\/\/yoast.com\/product\/yoast-seo-premium-wordpress\/ -->\n<title>Udh\u00ebzime p\u00ebr shtimin e kodit t\u00eb kuponit n\u00eb Stripe Checkout - Talkpal<\/title>\n<meta name=\"description\" content=\"M\u00ebsoni se si t\u00eb shtoni leht\u00ebsisht kodet e kuponit n\u00eb Stripe Checkout. Ndiqni hapa t\u00eb thjesht\u00eb p\u00ebr t\u00eb p\u00ebrmir\u00ebsuar p\u00ebrvoj\u00ebn e ark\u00ebs s\u00eb klientit.\" \/>\n<meta name=\"robots\" content=\"index, follow, max-snippet:-1, max-image-preview:large, max-video-preview:-1\" \/>\n<link rel=\"canonical\" href=\"https:\/\/talkpal.ai\/sq\/udhezime-per-shtimin-e-kodit-te-kuponit-ne-stripe-checkout\/\" \/>\n<meta property=\"og:locale\" content=\"sq_AL\" \/>\n<meta property=\"og:type\" content=\"article\" \/>\n<meta property=\"og:title\" content=\"Udh\u00ebzime p\u00ebr shtimin e kodit t\u00eb kuponit n\u00eb Stripe Checkout\" \/>\n<meta property=\"og:description\" content=\"Shtoni kodin e kuponit dhe merrni nj\u00eb zbritje. Ndiqni hapat Hapi 1: Zgjidhni nj\u00eb plan t\u00eb preferuar. Hapi 2: Zgjidhni opsionin p\u00ebr t\u00eb paguar duke p\u00ebrdorur\" \/>\n<meta property=\"og:url\" content=\"https:\/\/talkpal.ai\/sq\/udhezime-per-shtimin-e-kodit-te-kuponit-ne-stripe-checkout\/\" \/>\n<meta property=\"og:site_name\" content=\"Talkpal\" \/>\n<meta property=\"article:publisher\" content=\"https:\/\/www.facebook.com\/profile.php?id=100090733639311\" \/>\n<meta property=\"article:modified_time\" content=\"2025-09-06T15:32:13+00:00\" \/>\n<meta property=\"og:image\" content=\"https:\/\/talkpal.ai\/wp-content\/uploads\/2024\/03\/Talkpal-Logo-Icon.png\" \/>\n\t<meta property=\"og:image:width\" content=\"2880\" \/>\n\t<meta property=\"og:image:height\" content=\"2880\" \/>\n\t<meta property=\"og:image:type\" content=\"image\/png\" \/>\n<meta name=\"twitter:card\" content=\"summary_large_image\" \/>\n<meta name=\"twitter:site\" content=\"@talkpalai\" \/>\n<script type=\"application\/ld+json\" class=\"yoast-schema-graph\">{\"@context\":\"https:\/\/schema.org\",\"@graph\":[{\"@type\":\"WebPage\",\"@id\":\"https:\/\/talkpal.ai\/sq\/udhezime-per-shtimin-e-kodit-te-kuponit-ne-stripe-checkout\/\",\"url\":\"https:\/\/talkpal.ai\/sq\/udhezime-per-shtimin-e-kodit-te-kuponit-ne-stripe-checkout\/\",\"name\":\"Udh\u00ebzime p\u00ebr shtimin e kodit t\u00eb kuponit n\u00eb Stripe Checkout - Talkpal\",\"isPartOf\":{\"@id\":\"https:\/\/talkpal.ai\/sq\/#website\"},\"primaryImageOfPage\":{\"@id\":\"https:\/\/talkpal.ai\/sq\/udhezime-per-shtimin-e-kodit-te-kuponit-ne-stripe-checkout\/#primaryimage\"},\"image\":{\"@id\":\"https:\/\/talkpal.ai\/sq\/udhezime-per-shtimin-e-kodit-te-kuponit-ne-stripe-checkout\/#primaryimage\"},\"thumbnailUrl\":\"https:\/\/talkpal.ai\/wp-content\/uploads\/2024\/03\/Talkpal-Logo-Icon.png\",\"datePublished\":\"2023-12-20T15:42:12+00:00\",\"dateModified\":\"2025-09-06T15:32:13+00:00\",\"description\":\"M\u00ebsoni se si t\u00eb shtoni leht\u00ebsisht kodet e kuponit n\u00eb Stripe Checkout. Ndiqni hapa t\u00eb thjesht\u00eb p\u00ebr t\u00eb p\u00ebrmir\u00ebsuar p\u00ebrvoj\u00ebn e ark\u00ebs s\u00eb klientit.\",\"breadcrumb\":{\"@id\":\"https:\/\/talkpal.ai\/sq\/udhezime-per-shtimin-e-kodit-te-kuponit-ne-stripe-checkout\/#breadcrumb\"},\"inLanguage\":\"sq-AL\",\"potentialAction\":[{\"@type\":\"ReadAction\",\"target\":[\"https:\/\/talkpal.ai\/sq\/udhezime-per-shtimin-e-kodit-te-kuponit-ne-stripe-checkout\/\"]}]},{\"@type\":\"ImageObject\",\"inLanguage\":\"sq-AL\",\"@id\":\"https:\/\/talkpal.ai\/sq\/udhezime-per-shtimin-e-kodit-te-kuponit-ne-stripe-checkout\/#primaryimage\",\"url\":\"https:\/\/talkpal.ai\/wp-content\/uploads\/2024\/03\/Talkpal-Logo-Icon.png\",\"contentUrl\":\"https:\/\/talkpal.ai\/wp-content\/uploads\/2024\/03\/Talkpal-Logo-Icon.png\",\"width\":2880,\"height\":2880,\"caption\":\"Logoja e talkpal\"},{\"@type\":\"BreadcrumbList\",\"@id\":\"https:\/\/talkpal.ai\/sq\/udhezime-per-shtimin-e-kodit-te-kuponit-ne-stripe-checkout\/#breadcrumb\",\"itemListElement\":[{\"@type\":\"ListItem\",\"position\":1,\"name\":\"Homepage\",\"item\":\"https:\/\/talkpal.ai\/sq\/\"},{\"@type\":\"ListItem\",\"position\":2,\"name\":\"Udh\u00ebzime p\u00ebr shtimin e kodit t\u00eb kuponit n\u00eb Stripe Checkout\"}]},{\"@type\":\"WebSite\",\"@id\":\"https:\/\/talkpal.ai\/sq\/#website\",\"url\":\"https:\/\/talkpal.ai\/sq\/\",\"name\":\"Talkpal\",\"description\":\"AI Language Learning\",\"publisher\":{\"@id\":\"https:\/\/talkpal.ai\/sq\/#organization\"},\"alternateName\":\"Talkpal AI\",\"potentialAction\":[{\"@type\":\"SearchAction\",\"target\":{\"@type\":\"EntryPoint\",\"urlTemplate\":\"https:\/\/talkpal.ai\/sq\/?s={search_term_string}\"},\"query-input\":{\"@type\":\"PropertyValueSpecification\",\"valueRequired\":true,\"valueName\":\"search_term_string\"}}],\"inLanguage\":\"sq-AL\"},{\"@type\":\"Organization\",\"@id\":\"https:\/\/talkpal.ai\/sq\/#organization\",\"name\":\"Talkpal, Inc.\",\"alternateName\":\"Talkpal AI\",\"url\":\"https:\/\/talkpal.ai\/sq\/\",\"logo\":{\"@type\":\"ImageObject\",\"inLanguage\":\"sq-AL\",\"@id\":\"https:\/\/talkpal.ai\/sq\/#\/schema\/logo\/image\/\",\"url\":\"https:\/\/talkpal.ai\/wp-content\/uploads\/2024\/03\/Talkpal-Logo-Icon.png\",\"contentUrl\":\"https:\/\/talkpal.ai\/wp-content\/uploads\/2024\/03\/Talkpal-Logo-Icon.png\",\"width\":2880,\"height\":2880,\"caption\":\"Talkpal, Inc.\"},\"image\":{\"@id\":\"https:\/\/talkpal.ai\/sq\/#\/schema\/logo\/image\/\"},\"sameAs\":[\"https:\/\/www.facebook.com\/profile.php?id=100090733639311\",\"https:\/\/x.com\/talkpalai\",\"https:\/\/www.linkedin.com\/company\/talkpal\/\",\"https:\/\/www.youtube.com\/@TalkPal\/\",\"https:\/\/www.tiktok.com\/@talkpal\",\"https:\/\/www.instagram.com\/talkpal_ai\/\",\"https:\/\/www.crunchbase.com\/organization\/talkpal-9cde\",\"https:\/\/www.g2.com\/products\/talkpal-for-business\/\",\"https:\/\/www.trustpilot.com\/review\/talkpal.ai\",\"https:\/\/www.capterra.com\/p\/10006800\/TalkPal\/\"],\"description\":\"Talkpal is a language learning web and mobile education app, powered by the latest AI technologies, that provides engaging experiences to its customers in many different languages to help them improve their language skills. Users can chat about unlimited amount of topics with the app and use other modes to practice their language learning.\",\"email\":\"support@talkpal.ai\",\"legalName\":\"Talkpal, Inc.\",\"foundingDate\":\"2023-04-03\",\"duns\":\"118989042\",\"numberOfEmployees\":{\"@type\":\"QuantitativeValue\",\"minValue\":\"11\",\"maxValue\":\"50\"},\"publishingPrinciples\":\"https:\/\/talkpal.ai\/publishing-principles\/\",\"actionableFeedbackPolicy\":\"https:\/\/talkpal.ai\/actionable-feedback-policy\/\",\"correctionsPolicy\":\"https:\/\/talkpal.ai\/corrections-policy\/\",\"ethicsPolicy\":\"https:\/\/talkpal.ai\/ethics-policy\/\",\"diversityPolicy\":\"https:\/\/talkpal.ai\/diversity-policy\/\",\"diversityStaffingReport\":\"https:\/\/talkpal.ai\/diversity-policy\/\"}]}<\/script>\n<!-- \/ Yoast SEO Premium plugin. -->","yoast_head_json":{"title":"Udh\u00ebzime p\u00ebr shtimin e kodit t\u00eb kuponit n\u00eb Stripe Checkout - Talkpal","description":"M\u00ebsoni se si t\u00eb shtoni leht\u00ebsisht kodet e kuponit n\u00eb Stripe Checkout. Ndiqni hapa t\u00eb thjesht\u00eb p\u00ebr t\u00eb p\u00ebrmir\u00ebsuar p\u00ebrvoj\u00ebn e ark\u00ebs s\u00eb klientit.","robots":{"index":"index","follow":"follow","max-snippet":"max-snippet:-1","max-image-preview":"max-image-preview:large","max-video-preview":"max-video-preview:-1"},"canonical":"https:\/\/talkpal.ai\/sq\/udhezime-per-shtimin-e-kodit-te-kuponit-ne-stripe-checkout\/","og_locale":"sq_AL","og_type":"article","og_title":"Udh\u00ebzime p\u00ebr shtimin e kodit t\u00eb kuponit n\u00eb Stripe Checkout","og_description":"Shtoni kodin e kuponit dhe merrni nj\u00eb zbritje. Ndiqni hapat Hapi 1: Zgjidhni nj\u00eb plan t\u00eb preferuar. Hapi 2: Zgjidhni opsionin p\u00ebr t\u00eb paguar duke p\u00ebrdorur","og_url":"https:\/\/talkpal.ai\/sq\/udhezime-per-shtimin-e-kodit-te-kuponit-ne-stripe-checkout\/","og_site_name":"Talkpal","article_publisher":"https:\/\/www.facebook.com\/profile.php?id=100090733639311","article_modified_time":"2025-09-06T15:32:13+00:00","og_image":[{"width":2880,"height":2880,"url":"https:\/\/talkpal.ai\/wp-content\/uploads\/2024\/03\/Talkpal-Logo-Icon.png","type":"image\/png"}],"twitter_card":"summary_large_image","twitter_site":"@talkpalai","schema":{"@context":"https:\/\/schema.org","@graph":[{"@type":"WebPage","@id":"https:\/\/talkpal.ai\/sq\/udhezime-per-shtimin-e-kodit-te-kuponit-ne-stripe-checkout\/","url":"https:\/\/talkpal.ai\/sq\/udhezime-per-shtimin-e-kodit-te-kuponit-ne-stripe-checkout\/","name":"Udh\u00ebzime p\u00ebr shtimin e kodit t\u00eb kuponit n\u00eb Stripe Checkout - Talkpal","isPartOf":{"@id":"https:\/\/talkpal.ai\/sq\/#website"},"primaryImageOfPage":{"@id":"https:\/\/talkpal.ai\/sq\/udhezime-per-shtimin-e-kodit-te-kuponit-ne-stripe-checkout\/#primaryimage"},"image":{"@id":"https:\/\/talkpal.ai\/sq\/udhezime-per-shtimin-e-kodit-te-kuponit-ne-stripe-checkout\/#primaryimage"},"thumbnailUrl":"https:\/\/talkpal.ai\/wp-content\/uploads\/2024\/03\/Talkpal-Logo-Icon.png","datePublished":"2023-12-20T15:42:12+00:00","dateModified":"2025-09-06T15:32:13+00:00","description":"M\u00ebsoni se si t\u00eb shtoni leht\u00ebsisht kodet e kuponit n\u00eb Stripe Checkout. Ndiqni hapa t\u00eb thjesht\u00eb p\u00ebr t\u00eb p\u00ebrmir\u00ebsuar p\u00ebrvoj\u00ebn e ark\u00ebs s\u00eb klientit.","breadcrumb":{"@id":"https:\/\/talkpal.ai\/sq\/udhezime-per-shtimin-e-kodit-te-kuponit-ne-stripe-checkout\/#breadcrumb"},"inLanguage":"sq-AL","potentialAction":[{"@type":"ReadAction","target":["https:\/\/talkpal.ai\/sq\/udhezime-per-shtimin-e-kodit-te-kuponit-ne-stripe-checkout\/"]}]},{"@type":"ImageObject","inLanguage":"sq-AL","@id":"https:\/\/talkpal.ai\/sq\/udhezime-per-shtimin-e-kodit-te-kuponit-ne-stripe-checkout\/#primaryimage","url":"https:\/\/talkpal.ai\/wp-content\/uploads\/2024\/03\/Talkpal-Logo-Icon.png","contentUrl":"https:\/\/talkpal.ai\/wp-content\/uploads\/2024\/03\/Talkpal-Logo-Icon.png","width":2880,"height":2880,"caption":"Logoja e talkpal"},{"@type":"BreadcrumbList","@id":"https:\/\/talkpal.ai\/sq\/udhezime-per-shtimin-e-kodit-te-kuponit-ne-stripe-checkout\/#breadcrumb","itemListElement":[{"@type":"ListItem","position":1,"name":"Homepage","item":"https:\/\/talkpal.ai\/sq\/"},{"@type":"ListItem","position":2,"name":"Udh\u00ebzime p\u00ebr shtimin e kodit t\u00eb kuponit n\u00eb Stripe Checkout"}]},{"@type":"WebSite","@id":"https:\/\/talkpal.ai\/sq\/#website","url":"https:\/\/talkpal.ai\/sq\/","name":"Talkpal","description":"AI Language Learning","publisher":{"@id":"https:\/\/talkpal.ai\/sq\/#organization"},"alternateName":"Talkpal AI","potentialAction":[{"@type":"SearchAction","target":{"@type":"EntryPoint","urlTemplate":"https:\/\/talkpal.ai\/sq\/?s={search_term_string}"},"query-input":{"@type":"PropertyValueSpecification","valueRequired":true,"valueName":"search_term_string"}}],"inLanguage":"sq-AL"},{"@type":"Organization","@id":"https:\/\/talkpal.ai\/sq\/#organization","name":"Talkpal, Inc.","alternateName":"Talkpal AI","url":"https:\/\/talkpal.ai\/sq\/","logo":{"@type":"ImageObject","inLanguage":"sq-AL","@id":"https:\/\/talkpal.ai\/sq\/#\/schema\/logo\/image\/","url":"https:\/\/talkpal.ai\/wp-content\/uploads\/2024\/03\/Talkpal-Logo-Icon.png","contentUrl":"https:\/\/talkpal.ai\/wp-content\/uploads\/2024\/03\/Talkpal-Logo-Icon.png","width":2880,"height":2880,"caption":"Talkpal, Inc."},"image":{"@id":"https:\/\/talkpal.ai\/sq\/#\/schema\/logo\/image\/"},"sameAs":["https:\/\/www.facebook.com\/profile.php?id=100090733639311","https:\/\/x.com\/talkpalai","https:\/\/www.linkedin.com\/company\/talkpal\/","https:\/\/www.youtube.com\/@TalkPal\/","https:\/\/www.tiktok.com\/@talkpal","https:\/\/www.instagram.com\/talkpal_ai\/","https:\/\/www.crunchbase.com\/organization\/talkpal-9cde","https:\/\/www.g2.com\/products\/talkpal-for-business\/","https:\/\/www.trustpilot.com\/review\/talkpal.ai","https:\/\/www.capterra.com\/p\/10006800\/TalkPal\/"],"description":"Talkpal is a language learning web and mobile education app, powered by the latest AI technologies, that provides engaging experiences to its customers in many different languages to help them improve their language skills. Users can chat about unlimited amount of topics with the app and use other modes to practice their language learning.","email":"support@talkpal.ai","legalName":"Talkpal, Inc.","foundingDate":"2023-04-03","duns":"118989042","numberOfEmployees":{"@type":"QuantitativeValue","minValue":"11","maxValue":"50"},"publishingPrinciples":"https:\/\/talkpal.ai\/publishing-principles\/","actionableFeedbackPolicy":"https:\/\/talkpal.ai\/actionable-feedback-policy\/","correctionsPolicy":"https:\/\/talkpal.ai\/corrections-policy\/","ethicsPolicy":"https:\/\/talkpal.ai\/ethics-policy\/","diversityPolicy":"https:\/\/talkpal.ai\/diversity-policy\/","diversityStaffingReport":"https:\/\/talkpal.ai\/diversity-policy\/"}]}},"_links":{"self":[{"href":"https:\/\/talkpal.ai\/sq\/wp-json\/wp\/v2\/pages\/1440579","targetHints":{"allow":["GET"]}}],"collection":[{"href":"https:\/\/talkpal.ai\/sq\/wp-json\/wp\/v2\/pages"}],"about":[{"href":"https:\/\/talkpal.ai\/sq\/wp-json\/wp\/v2\/types\/page"}],"author":[{"embeddable":true,"href":"https:\/\/talkpal.ai\/sq\/wp-json\/wp\/v2\/users\/6"}],"replies":[{"embeddable":true,"href":"https:\/\/talkpal.ai\/sq\/wp-json\/wp\/v2\/comments?post=1440579"}],"version-history":[{"count":0,"href":"https:\/\/talkpal.ai\/sq\/wp-json\/wp\/v2\/pages\/1440579\/revisions"}],"wp:featuredmedia":[{"embeddable":true,"href":"https:\/\/talkpal.ai\/sq\/wp-json\/wp\/v2\/media\/1439587"}],"wp:attachment":[{"href":"https:\/\/talkpal.ai\/sq\/wp-json\/wp\/v2\/media?parent=1440579"}],"curies":[{"name":"wp","href":"https:\/\/api.w.org\/{rel}","templated":true}]}}