{"id":1478322,"date":"2025-11-11T12:32:58","date_gmt":"2025-11-11T12:32:58","guid":{"rendered":"https:\/\/talkpal.ai\/layliyada-naxwaha-albania\/"},"modified":"2025-12-30T15:38:32","modified_gmt":"2025-12-30T15:38:32","slug":"layliyada-naxwaha-albania","status":"publish","type":"page","link":"https:\/\/talkpal.ai\/so\/layliyada-naxwaha-albania\/","title":{"rendered":"Layliyada Naxwaha Albania"},"content":{"rendered":"\r\n\r\n\r\n<section class=\"languageChallengeSection\">\r\n    <div class=\"languageInfoWrapper\">\r\n        \r\n        <h1>Layliyada Naxwaha Albania<\/h1>\r\n        <p>Diyaar ma u tahay inaad u dhex gasho naxwaha <a href=\"https:\/\/talkpal.ai\/locations\/language-courses-in-albania\/\">Albania<\/a>? Ku celcelinta dhowr waxyaalood oo aasaasi ah ayaa kaa caawin doona inaad ku raaxaysato luqaddan gaarka ah ee quruxda badan. Isku day jimicsiyadan si aad u dhisto kalsoonidaada oo aad ugu raaxaysato inta aad jidka ku jirto!<\/p>\r\n\r\n                            <a class=\"getStartedHidden\" href=\"https:\/\/app.talkpal.ai\/signup?lng=\">Bilow<\/a>\r\n        \r\n    <\/div>\r\n\r\n    <figure>\r\n    <img decoding=\"async\" width=\"768\" height=\"768\" src=\"https:\/\/talkpal.ai\/wp-content\/uploads\/2023\/06\/welsh-768x768.png\" class=\"languageImage no-lazy\" alt=\"Language learning for better cognitive abilities\" fetchpriority=\"high\" sizes=\"(max-width: 768px) 150px, 768px\" srcset=\"https:\/\/talkpal.ai\/wp-content\/uploads\/2023\/06\/welsh-768x768.png 768w, https:\/\/talkpal.ai\/wp-content\/uploads\/2023\/06\/welsh-300x300.png 300w\" \/>\r\n    \r\n\r\n    <\/figure>\r\n\r\n            <a class=\"getStartedVisible\" href=\"https:\/\/app.talkpal.ai\/signup?lng=\">Bilow<\/a>\r\n    \r\n<\/section><section class=\"promotionalBanner\">\r\n    <p class=\"promotionalText\">Habka ugu hufan ee lagu barto luqadda<\/p>\r\n    <a class=\"promotionalLink\" href=\"https:\/\/app.talkpal.ai\/signup?lng=\">Isku day Talkpal bilaash<\/a>\r\n<\/section>\n<div class=\"wp-block-group pageContainerStyle\"><div class=\"wp-block-group__inner-container is-layout-constrained wp-block-group-is-layout-constrained\">\n<h2 class=\"wp-block-heading\" id=\"h-albanian-grammar-topics\">Mowduucyada Naxwaha Albania<\/h2>\n\n\n\n<p><a href=\"https:\/\/talkpal.ai\/so\/khaladaadka-ugu-wayn-ee-laga-fogaado-markaad-luuqad-cusub-baranayso\/\">Barashada luqad cusub<\/a> waxay noqon kartaa dadaal dhib badan haddana faa&#8217;iido leh. <a href=\"https:\/\/talkpal.ai\/learn-albanian\/\">Albanian<\/a>, luqad Indo-Yurub ah oo inta badan looga hadlo Albania, maaha mid ka reeban. Sifooyinkeeda <a href=\"https:\/\/talkpal.ai\/locations\/language-courses-in-iyo\/\">iyo<\/a> qaab-dhismeedkeeda gaarka ah, <a href=\"https:\/\/talkpal.ai\/so\/talkpal-ee-waxbarashada\/\">barashada<\/a> Albaaniyadu waxay u baahan tahay hab habaysan oo lagu fahmo naxwaheeda qani ah. Hagahan waxa uu tilmaamayaa meelaha muhiimka ah ee <a href=\"https:\/\/talkpal.ai\/so\/naxwaha-albania\/\">naxwaha Albania<\/a> oo si macquul ah u raacaya <a href=\"https:\/\/talkpal.ai\/so\/ai-chatbot-ee-barashada-luuqadda\/\">barashada luqadda<\/a> , laga bilaabo aasaaska sida magacyada iyo maqaallada, iyo u gudbida meelo aad u adag sida xiisadaha iyo dhismaha jumlada.<\/p>\n\n\n\n<h3 class=\"wp-block-heading\" id=\"h-1-nouns\">1. Magacyada:<\/h3>\n\n\n\n<p>Ku bilow safarkaaga luqadda Albania adiga oo baranaya magacyada. Tan waxaa ku jira fahamka jinsiga iyo tirada, magacyada guud iyo kuwa saxda ah, iyo qaababkooda jamac. Magacyada Albanian sidoo kale waxay u rogaan kiis waxayna leeyihiin qaabab aan xadidnayn iyo kuwo qeexan labadaba, iyada oo qeexitaanku inta badan lagu calaamadiyay daba-gal ku lifaaqan magaca.<\/p>\n\n\n\n<h3 class=\"wp-block-heading\" id=\"h-2-articles\">2. Maqaallo:<\/h3>\n\n\n\n<p>Maqaallada Albanianku waxay u shaqeeyaan si ka duwan <a href=\"https:\/\/talkpal.ai\/ai-english-speaking-practice\/\">Ingiriisi<\/a> . Maqaalka qeexan sida caadiga ah waa dabac lagu daray magaca, halka maqaalka aan qeexnayn uu yahay kelmadda goonida ah ee nj\u00eb ee kali ah. Albaaniyaanku waxa kale oo ay adeegsadaan maqaal isku xidha ka hor sifooyinkooda iyo dhismayaal gaar ah, kaas oo ku heshiiya lab iyo dheddig ahaan.<\/p>\n\n\n\n<h3 class=\"wp-block-heading\" id=\"h-3-adjectives\">3. Sifooyin:<\/h3>\n\n\n\n<p>Sifada Albaaniyan waxay caadiyan raacaan magacyadoodii. Heshiska waxa lagu muujiyaa maqaalka isku xidha ee la hor keeno sifada, oo ka tarjumaysa jinsiga, tirada, iyo kiiska magaca. Baro sida loo sameeyo isbarbardhigga iyo sareynta, sida caadiga ah leh m\u00eb isbarbardhigga iyo qaabka qeexan ee sare.<\/p>\n\n\n\n<h3 class=\"wp-block-heading\" id=\"h-4-pronouns-determiners\">4. Magac-uyaal\/go&#8217;aamiyeyaal:<\/h3>\n\n\n\n<p>Magac-u-yaalka iyo go&#8217;aamiyeyaashu waa lama huraan gudaha Albaaniya; waxay beddelaan magacyada waxayna bixiyaan macluumaadka <a href=\"https:\/\/talkpal.ai\/so\/ku-saabsan\/\">ku saabsan<\/a> qofka, haysashada, tirada, iyo wax ka badan. Si gaar ah u fiirso magac-u-yaalka shayga clitic, oo inta badan ka soo baxa falka hortiisa, iyo go&#8217;aamiyeyaal lahaanshaha ku raacsan magaca ay wax ka beddelaan.<\/p>\n\n\n\n<h3 class=\"wp-block-heading\" id=\"h-5-verbs\">5. Fal:<\/h3>\n\n\n\n<p>Ficillada Albaaniya waxay beddelaan qaabka qofka iyo lambarka waxaana loo adeegsadaa dhowr niyadda sida tilmaanta, hoos-u-dhaca, lama huraanka ah, shuruudaysan, iyo qaddarinta. Ka bilow xiisadda hadda jirta iyo foomamka hore ee caadiga ah, ka dibna ku fidi niyadda iyo codadka kale, oo ay ku jiraan qaabab aan fiicneyn.<\/p>\n\n\n\n<h3 class=\"wp-block-heading\" id=\"h-6-tenses\">6. Xiisadaha:<\/h3>\n\n\n\n<p>Ka dib marka aad si fiican u barato foomamka falka, si qoto dheer ugu sii wad xiisadaha Albania. Waqtiyada furaha waxaa ka mid ah hadda, aan qummanayn, aorist, qumman hadda, aan dhammaystirnayn, iyo qaababka mustaqbalka. Baro sida xiisad kasta loogu isticmaalo macnaha guud si loo muujiyo ficilada la dhammeeyey, falalkii hore ee socda, iyo dhacdooyinka mustaqbalka.<\/p>\n\n\n\n<h3 class=\"wp-block-heading\" id=\"h-7-tense-comparison\">7. Isbarbardhigga Xiisadda:<\/h3>\n\n\n\n<p>Isbarbardhigga xiisadaha Albanian waxay gacan ka geysataa fahamka isku xigxiga iyo dhinaca dhacdooyinka. Is barbar dhig fayoobiyaha iyo kan qumman, iyo kan aan qummanayn kan aorist, si aad u aragto sida Albaanigu u kala saaro ficillada keliya ee la dhammaystiray, falalkii hore ee socda, iyo ku habboonaanta hadda.<\/p>\n\n\n\n<h3 class=\"wp-block-heading\" id=\"h-8-progressive\">8. Horusocod:<\/h3>\n\n\n\n<p>Dhinaca horusocod ee Albania waxa sida caadiga ah lagu muujiyaa qaybta po ka hor falka kama-dambaysta ah <a href=\"https:\/\/talkpal.ai\/locations\/language-courses-in-ama\/\">ama<\/a> qaab-dhismeedka jam Duke oo ay ku xigto magaca odhaahda ama qayb ka mid ah. Isticmaal kuwan si aad u muujiso falalka socda ee hadda ama hore.<\/p>\n\n\n\n<h3 class=\"wp-block-heading\" id=\"h-9-perfect-progressive\">9. Horumar Wanaagsan:<\/h3>\n\n\n\n<p>Dhinacan waxaa loo isticmaalaa in lagu muujiyo ficilada socday ilaa meel gaar ah. Albanian, waxa lagu sameeyay kam qen\u00eb duke oo ay ku xigto ka qayb galayaasha horumarka ugu fiican ee hadda, iyo kisha qen\u00eb duke ee hore u socodka qumman.<\/p>\n\n\n\n<h3 class=\"wp-block-heading\" id=\"h-10-conditionals\">10. Shuruudaha:<\/h3>\n\n\n\n<p>Shuruudaha waxay muujinayaan xaalado mala awaal ah iyo natiijooyinkooda suurtagalka ah. Albania waxay isticmaashaa foomamka do t\u00eb oo lagu daray qaabka falka ku haboon ee xaaladaha suurtagalka ah ama aan dhabta ahayn, iyo haddii- faqradaha ay soo bandhigeen n\u00ebse ama po t\u00eb. <a href=\"https:\/\/talkpal.ai\/so\/barashada\/\">Barashada<\/a> kuwan waxay ku dari doontaa wax aan fogayn xirfadahaaga luqadda.<\/p>\n\n\n\n<h3 class=\"wp-block-heading\" id=\"h-11-adverbs\">11. Faallo:<\/h3>\n\n\n\n<p>Xayeysiisyada Albaania waxay wax ka beddelaan ficillada, tibaaxaha, ama fal-gallada kale. Waxay bixiyaan macluumaad ku saabsan habka, goobta, wakhtiga, shahaadada, iyo in ka badan, inta badan isticmaalaya foomamka la mid ah sifooyin ama erayada adverbial go&#8217;an sida tani, dje, k\u00ebtu, iyo atje.<\/p>\n\n\n\n<h3 class=\"wp-block-heading\" id=\"h-12-prepositions\">12. Horudhac:<\/h3>\n\n\n\n<p>Horudhacyadu waxay isku xiraan erayada iyo weedhaha. Waxay muujiyaan cilaaqaadka wakhtiga, goobta, jihada, iyo in ka badan, iyagoo isticmaalaya walxaha caadiga ah sida n\u00eb, te, tek, me, pa, p\u00ebr, nga, mbi, n\u00ebn, para, iyo pas. Baro sida ay isugu darsamaan kiisaska iyo maqaalka isku xidha weedho magac ah.<\/p>\n\n\n\n<h3 class=\"wp-block-heading\" id=\"h-13-sentences\">13. Jumlad:<\/h3>\n\n\n\n<p>Ugu dambeyntii, ku celceli dhisidda jumladaha. Albaaniyan caadi ahaan waxa uu leeyahay habayn kelmad dabacsan oo leh hab SVO oo caadi ah, waxa uu adeegsadaa magac-u-yaale clitic ka hor falka, waxa uu diidaa nuk, oo waxa uu su&#8217;aalo ku sameeyaa cod-bixin ama a. Isticmaalka dhammaan dhibcooyinkii naxwaha ee hore loo bartay ee macnaha guud waxay xaqiijin doontaa faham dhammaystiran oo luqadda Albanian ah.<\/p>\n<\/div><\/div>\n\r\n<section class=\"learnNavigationSection\">\r\n            \r\n        <a href=\"https:\/\/talkpal.ai\/so\/baro-albaaniya\/\">\r\n            <div class=\"learnNavigationWrapper\">\r\n                <div class=\"learnNavigationContent\">\r\n                    <img decoding=\"async\" src=\"https:\/\/talkpal.ai\/wp-content\/uploads\/2025\/11\/Albanian.png\" alt=\"Albanian Flag\">\r\n                    <div>\r\n                        <h4>Ku saabsan Barashada Albania<\/h4>\r\n                        <p>Ogow wax walba oo ku saabsan naxwaha Albania.<\/p>\r\n                    <\/div>\r\n                <\/div>\r\n            <\/div>\r\n        <\/a>\r\n\r\n        \r\n        <a href=\"https:\/\/talkpal.ai\/so\/naxwaha-albania\/\">\r\n            <div class=\"learnNavigationWrapper\">\r\n                <div class=\"learnNavigationContent\">\r\n                    <img decoding=\"async\" src=\"https:\/\/talkpal.ai\/wp-content\/uploads\/2025\/11\/Albanian.png\" alt=\"Albanian Flag\">\r\n                    <div>\r\n                        <h4>Casharrada Naxwaha Albania<\/h4>\r\n                        <p>Ku celceli naxwaha Albania.<\/p>\r\n                    <\/div>\r\n                <\/div>\r\n            <\/div>\r\n        <\/a>\r\n\r\n            <\/section>","protected":false},"excerpt":{"rendered":"<p>Mowduucyada Naxwaha Albania Barashada luqad cusub waxay noqon kartaa dadaal dhib badan haddana faa&#8217;iido leh. Albanian, luqad Indo-Yurub ah oo inta badan looga hadlo Albania, maaha mid ka reeban. Sifooyinkeeda iyo qaab-dhismeedkeeda gaarka ah, barashada Albaaniyadu waxay u baahan tahay hab habaysan oo lagu fahmo naxwaheeda qani ah. Hagahan waxa uu tilmaamayaa meelaha muhiimka ah [&hellip;]<\/p>\n","protected":false},"author":20,"featured_media":0,"parent":0,"menu_order":0,"comment_status":"closed","ping_status":"closed","template":"LearningContentPage.php","meta":{"_acf_changed":false,"footnotes":""},"class_list":["post-1478322","page","type-page","status-publish","hentry"],"acf":[],"yoast_head":"<!-- This site is optimized with the Yoast SEO Premium plugin v27.2 (Yoast SEO v27.2) - https:\/\/yoast.com\/product\/yoast-seo-premium-wordpress\/ -->\n<title>Layliyada Naxwaha Albania - Talkpal<\/title>\n<meta name=\"description\" content=\"Ku hagaaji luqadda Albaaniyaanka adigoo isticmaalaya layliyada naxwaha ee Talkpal oo daboolaya magacyada, falalka, waqtiyada, iyo qaab-dhismeedka jumladaha.\" \/>\n<meta name=\"robots\" content=\"index, follow, max-snippet:-1, max-image-preview:large, max-video-preview:-1\" \/>\n<link rel=\"canonical\" href=\"https:\/\/talkpal.ai\/so\/layliyada-naxwaha-albania\/\" \/>\n<meta property=\"og:locale\" content=\"so_SO\" \/>\n<meta property=\"og:type\" content=\"article\" \/>\n<meta property=\"og:title\" content=\"Layliyada Naxwaha Albania\" \/>\n<meta property=\"og:description\" content=\"Mowduucyada Naxwaha Albania Barashada luqad cusub waxay noqon kartaa dadaal dhib badan haddana faa&#039;iido leh. Albanian, luqad Indo-Yurub ah oo inta badan\" \/>\n<meta property=\"og:url\" content=\"https:\/\/talkpal.ai\/so\/layliyada-naxwaha-albania\/\" \/>\n<meta property=\"og:site_name\" content=\"Talkpal\" \/>\n<meta property=\"article:publisher\" content=\"https:\/\/www.facebook.com\/profile.php?id=100090733639311\" \/>\n<meta property=\"article:modified_time\" content=\"2025-12-30T15:38:32+00:00\" \/>\n<meta property=\"og:image\" content=\"https:\/\/talkpal.ai\/wp-content\/uploads\/2025\/02\/Progress-tab-16_9.png\" \/>\n\t<meta property=\"og:image:width\" content=\"2880\" \/>\n\t<meta property=\"og:image:height\" content=\"1620\" \/>\n\t<meta property=\"og:image:type\" content=\"image\/png\" \/>\n<meta name=\"twitter:card\" content=\"summary_large_image\" \/>\n<meta name=\"twitter:site\" content=\"@talkpalai\" \/>\n<meta name=\"twitter:label1\" content=\"Est. reading time\" \/>\n\t<meta name=\"twitter:data1\" content=\"4 minutes\" \/>\n<script type=\"application\/ld+json\" class=\"yoast-schema-graph\">{\"@context\":\"https:\/\/schema.org\",\"@graph\":[{\"@type\":\"WebPage\",\"@id\":\"https:\/\/talkpal.ai\/so\/layliyada-naxwaha-albania\/\",\"url\":\"https:\/\/talkpal.ai\/so\/layliyada-naxwaha-albania\/\",\"name\":\"Layliyada Naxwaha Albania - Talkpal\",\"isPartOf\":{\"@id\":\"https:\/\/talkpal.ai\/so\/#website\"},\"datePublished\":\"2025-11-11T12:32:58+00:00\",\"dateModified\":\"2025-12-30T15:38:32+00:00\",\"description\":\"Ku hagaaji luqadda Albaaniyaanka adigoo isticmaalaya layliyada naxwaha ee Talkpal oo daboolaya magacyada, falalka, waqtiyada, iyo qaab-dhismeedka jumladaha.\",\"breadcrumb\":{\"@id\":\"https:\/\/talkpal.ai\/so\/layliyada-naxwaha-albania\/#breadcrumb\"},\"inLanguage\":\"so-SO\",\"potentialAction\":[{\"@type\":\"ReadAction\",\"target\":[\"https:\/\/talkpal.ai\/so\/layliyada-naxwaha-albania\/\"]}]},{\"@type\":\"BreadcrumbList\",\"@id\":\"https:\/\/talkpal.ai\/so\/layliyada-naxwaha-albania\/#breadcrumb\",\"itemListElement\":[{\"@type\":\"ListItem\",\"position\":1,\"name\":\"Homepage\",\"item\":\"https:\/\/talkpal.ai\/so\/\"},{\"@type\":\"ListItem\",\"position\":2,\"name\":\"Layliyada Naxwaha Albania\"}]},{\"@type\":\"WebSite\",\"@id\":\"https:\/\/talkpal.ai\/so\/#website\",\"url\":\"https:\/\/talkpal.ai\/so\/\",\"name\":\"Talkpal\",\"description\":\"AI Language Learning\",\"publisher\":{\"@id\":\"https:\/\/talkpal.ai\/so\/#organization\"},\"alternateName\":\"Talkpal AI\",\"potentialAction\":[{\"@type\":\"SearchAction\",\"target\":{\"@type\":\"EntryPoint\",\"urlTemplate\":\"https:\/\/talkpal.ai\/so\/?s={search_term_string}\"},\"query-input\":{\"@type\":\"PropertyValueSpecification\",\"valueRequired\":true,\"valueName\":\"search_term_string\"}}],\"inLanguage\":\"so-SO\"},{\"@type\":\"Organization\",\"@id\":\"https:\/\/talkpal.ai\/so\/#organization\",\"name\":\"Talkpal, Inc.\",\"alternateName\":\"Talkpal AI\",\"url\":\"https:\/\/talkpal.ai\/so\/\",\"logo\":{\"@type\":\"ImageObject\",\"inLanguage\":\"so-SO\",\"@id\":\"https:\/\/talkpal.ai\/so\/#\/schema\/logo\/image\/\",\"url\":\"https:\/\/talkpal.ai\/wp-content\/uploads\/2024\/03\/Talkpal-Logo-Icon.png\",\"contentUrl\":\"https:\/\/talkpal.ai\/wp-content\/uploads\/2024\/03\/Talkpal-Logo-Icon.png\",\"width\":2880,\"height\":2880,\"caption\":\"Talkpal, Inc.\"},\"image\":{\"@id\":\"https:\/\/talkpal.ai\/so\/#\/schema\/logo\/image\/\"},\"sameAs\":[\"https:\/\/www.facebook.com\/profile.php?id=100090733639311\",\"https:\/\/x.com\/talkpalai\",\"https:\/\/www.linkedin.com\/company\/talkpal\/\",\"https:\/\/www.youtube.com\/@TalkPal\/\",\"https:\/\/www.tiktok.com\/@talkpal\",\"https:\/\/www.instagram.com\/talkpal_ai\/\",\"https:\/\/www.crunchbase.com\/organization\/talkpal-9cde\",\"https:\/\/www.g2.com\/products\/talkpal-for-business\/\",\"https:\/\/www.trustpilot.com\/review\/talkpal.ai\",\"https:\/\/www.capterra.com\/p\/10006800\/TalkPal\/\"],\"description\":\"Talkpal is a language learning web and mobile education app, powered by the latest AI technologies, that provides engaging experiences to its customers in many different languages to help them improve their language skills. Users can chat about unlimited amount of topics with the app and use other modes to practice their language learning.\",\"email\":\"support@talkpal.ai\",\"legalName\":\"Talkpal, Inc.\",\"foundingDate\":\"2023-04-03\",\"duns\":\"118989042\",\"numberOfEmployees\":{\"@type\":\"QuantitativeValue\",\"minValue\":\"11\",\"maxValue\":\"50\"},\"publishingPrinciples\":\"https:\/\/talkpal.ai\/publishing-principles\/\",\"actionableFeedbackPolicy\":\"https:\/\/talkpal.ai\/actionable-feedback-policy\/\",\"correctionsPolicy\":\"https:\/\/talkpal.ai\/corrections-policy\/\",\"ethicsPolicy\":\"https:\/\/talkpal.ai\/ethics-policy\/\",\"diversityPolicy\":\"https:\/\/talkpal.ai\/diversity-policy\/\",\"diversityStaffingReport\":\"https:\/\/talkpal.ai\/diversity-policy\/\"}]}<\/script>\n<!-- \/ Yoast SEO Premium plugin. -->","yoast_head_json":{"title":"Layliyada Naxwaha Albania - Talkpal","description":"Ku hagaaji luqadda Albaaniyaanka adigoo isticmaalaya layliyada naxwaha ee Talkpal oo daboolaya magacyada, falalka, waqtiyada, iyo qaab-dhismeedka jumladaha.","robots":{"index":"index","follow":"follow","max-snippet":"max-snippet:-1","max-image-preview":"max-image-preview:large","max-video-preview":"max-video-preview:-1"},"canonical":"https:\/\/talkpal.ai\/so\/layliyada-naxwaha-albania\/","og_locale":"so_SO","og_type":"article","og_title":"Layliyada Naxwaha Albania","og_description":"Mowduucyada Naxwaha Albania Barashada luqad cusub waxay noqon kartaa dadaal dhib badan haddana faa'iido leh. Albanian, luqad Indo-Yurub ah oo inta badan","og_url":"https:\/\/talkpal.ai\/so\/layliyada-naxwaha-albania\/","og_site_name":"Talkpal","article_publisher":"https:\/\/www.facebook.com\/profile.php?id=100090733639311","article_modified_time":"2025-12-30T15:38:32+00:00","og_image":[{"width":2880,"height":1620,"url":"https:\/\/talkpal.ai\/wp-content\/uploads\/2025\/02\/Progress-tab-16_9.png","type":"image\/png"}],"twitter_card":"summary_large_image","twitter_site":"@talkpalai","twitter_misc":{"Est. reading time":"4 minutes"},"schema":{"@context":"https:\/\/schema.org","@graph":[{"@type":"WebPage","@id":"https:\/\/talkpal.ai\/so\/layliyada-naxwaha-albania\/","url":"https:\/\/talkpal.ai\/so\/layliyada-naxwaha-albania\/","name":"Layliyada Naxwaha Albania - Talkpal","isPartOf":{"@id":"https:\/\/talkpal.ai\/so\/#website"},"datePublished":"2025-11-11T12:32:58+00:00","dateModified":"2025-12-30T15:38:32+00:00","description":"Ku hagaaji luqadda Albaaniyaanka adigoo isticmaalaya layliyada naxwaha ee Talkpal oo daboolaya magacyada, falalka, waqtiyada, iyo qaab-dhismeedka jumladaha.","breadcrumb":{"@id":"https:\/\/talkpal.ai\/so\/layliyada-naxwaha-albania\/#breadcrumb"},"inLanguage":"so-SO","potentialAction":[{"@type":"ReadAction","target":["https:\/\/talkpal.ai\/so\/layliyada-naxwaha-albania\/"]}]},{"@type":"BreadcrumbList","@id":"https:\/\/talkpal.ai\/so\/layliyada-naxwaha-albania\/#breadcrumb","itemListElement":[{"@type":"ListItem","position":1,"name":"Homepage","item":"https:\/\/talkpal.ai\/so\/"},{"@type":"ListItem","position":2,"name":"Layliyada Naxwaha Albania"}]},{"@type":"WebSite","@id":"https:\/\/talkpal.ai\/so\/#website","url":"https:\/\/talkpal.ai\/so\/","name":"Talkpal","description":"AI Language Learning","publisher":{"@id":"https:\/\/talkpal.ai\/so\/#organization"},"alternateName":"Talkpal AI","potentialAction":[{"@type":"SearchAction","target":{"@type":"EntryPoint","urlTemplate":"https:\/\/talkpal.ai\/so\/?s={search_term_string}"},"query-input":{"@type":"PropertyValueSpecification","valueRequired":true,"valueName":"search_term_string"}}],"inLanguage":"so-SO"},{"@type":"Organization","@id":"https:\/\/talkpal.ai\/so\/#organization","name":"Talkpal, Inc.","alternateName":"Talkpal AI","url":"https:\/\/talkpal.ai\/so\/","logo":{"@type":"ImageObject","inLanguage":"so-SO","@id":"https:\/\/talkpal.ai\/so\/#\/schema\/logo\/image\/","url":"https:\/\/talkpal.ai\/wp-content\/uploads\/2024\/03\/Talkpal-Logo-Icon.png","contentUrl":"https:\/\/talkpal.ai\/wp-content\/uploads\/2024\/03\/Talkpal-Logo-Icon.png","width":2880,"height":2880,"caption":"Talkpal, Inc."},"image":{"@id":"https:\/\/talkpal.ai\/so\/#\/schema\/logo\/image\/"},"sameAs":["https:\/\/www.facebook.com\/profile.php?id=100090733639311","https:\/\/x.com\/talkpalai","https:\/\/www.linkedin.com\/company\/talkpal\/","https:\/\/www.youtube.com\/@TalkPal\/","https:\/\/www.tiktok.com\/@talkpal","https:\/\/www.instagram.com\/talkpal_ai\/","https:\/\/www.crunchbase.com\/organization\/talkpal-9cde","https:\/\/www.g2.com\/products\/talkpal-for-business\/","https:\/\/www.trustpilot.com\/review\/talkpal.ai","https:\/\/www.capterra.com\/p\/10006800\/TalkPal\/"],"description":"Talkpal is a language learning web and mobile education app, powered by the latest AI technologies, that provides engaging experiences to its customers in many different languages to help them improve their language skills. Users can chat about unlimited amount of topics with the app and use other modes to practice their language learning.","email":"support@talkpal.ai","legalName":"Talkpal, Inc.","foundingDate":"2023-04-03","duns":"118989042","numberOfEmployees":{"@type":"QuantitativeValue","minValue":"11","maxValue":"50"},"publishingPrinciples":"https:\/\/talkpal.ai\/publishing-principles\/","actionableFeedbackPolicy":"https:\/\/talkpal.ai\/actionable-feedback-policy\/","correctionsPolicy":"https:\/\/talkpal.ai\/corrections-policy\/","ethicsPolicy":"https:\/\/talkpal.ai\/ethics-policy\/","diversityPolicy":"https:\/\/talkpal.ai\/diversity-policy\/","diversityStaffingReport":"https:\/\/talkpal.ai\/diversity-policy\/"}]}},"_links":{"self":[{"href":"https:\/\/talkpal.ai\/so\/wp-json\/wp\/v2\/pages\/1478322","targetHints":{"allow":["GET"]}}],"collection":[{"href":"https:\/\/talkpal.ai\/so\/wp-json\/wp\/v2\/pages"}],"about":[{"href":"https:\/\/talkpal.ai\/so\/wp-json\/wp\/v2\/types\/page"}],"author":[{"embeddable":true,"href":"https:\/\/talkpal.ai\/so\/wp-json\/wp\/v2\/users\/20"}],"replies":[{"embeddable":true,"href":"https:\/\/talkpal.ai\/so\/wp-json\/wp\/v2\/comments?post=1478322"}],"version-history":[{"count":0,"href":"https:\/\/talkpal.ai\/so\/wp-json\/wp\/v2\/pages\/1478322\/revisions"}],"wp:attachment":[{"href":"https:\/\/talkpal.ai\/so\/wp-json\/wp\/v2\/media?parent=1478322"}],"curies":[{"name":"wp","href":"https:\/\/api.w.org\/{rel}","templated":true}]}}