{"id":1478305,"date":"2025-11-11T12:01:19","date_gmt":"2025-11-11T12:01:19","guid":{"rendered":"https:\/\/talkpal.ai\/naxwaha-albania\/"},"modified":"2025-12-30T15:34:08","modified_gmt":"2025-12-30T15:34:08","slug":"naxwaha-albania","status":"publish","type":"page","link":"https:\/\/talkpal.ai\/so\/naxwaha-albania\/","title":{"rendered":"Naxwaha Albania"},"content":{"rendered":"\r\n\r\n\r\n<section class=\"languageChallengeSection\">\r\n    <div class=\"languageInfoWrapper\">\r\n        \r\n        <h1>Naxwaha Albania<\/h1>\r\n        <p>Naxwaha Albaania wuxuu u ekaan karaa mid adag marka hore, laakiin sifooyinkiisa gaarka ah ayaa <a href=\"https:\/\/talkpal.ai\/so\/barashada\/\">barashada<\/a> luqadda ka dhigaya khibrad faa&#039;iido leh. Markaad sahamiso alifbeetada, beddelaadkeeda, <a href=\"https:\/\/talkpal.ai\/locations\/language-courses-in-iyo\/\">iyo<\/a> xeerarkeeda naxwaha, waxaad heli doontaa aragti ku saabsan dhaqanka af qani ah. Bilow safarkaaga oo ogow quruxda <a href=\"https:\/\/talkpal.ai\/locations\/language-courses-in-albania\/\">Albania<\/a>!<\/p>\r\n\r\n                            <a class=\"getStartedHidden\" href=\"https:\/\/app.talkpal.ai\/signup?lng=\">Bilow<\/a>\r\n        \r\n    <\/div>\r\n\r\n    <figure>\r\n    <img decoding=\"async\" width=\"768\" height=\"768\" src=\"https:\/\/talkpal.ai\/wp-content\/uploads\/2023\/06\/welsh-768x768.png\" class=\"languageImage no-lazy\" alt=\"Language learning for better cognitive abilities\" fetchpriority=\"high\" sizes=\"(max-width: 768px) 150px, 768px\" srcset=\"https:\/\/talkpal.ai\/wp-content\/uploads\/2023\/06\/welsh-768x768.png 768w, https:\/\/talkpal.ai\/wp-content\/uploads\/2023\/06\/welsh-300x300.png 300w\" \/>\r\n    \r\n\r\n    <\/figure>\r\n\r\n            <a class=\"getStartedVisible\" href=\"https:\/\/app.talkpal.ai\/signup?lng=\">Bilow<\/a>\r\n    \r\n<\/section><section class=\"promotionalBanner\">\r\n    <p class=\"promotionalText\">Habka ugu hufan ee lagu barto luqadda<\/p>\r\n    <a class=\"promotionalLink\" href=\"https:\/\/app.talkpal.ai\/signup?lng=\">Isku day Talkpal bilaash<\/a>\r\n<\/section>\n<div class=\"wp-block-group pageContainerStyle\"><div class=\"wp-block-group__inner-container is-layout-constrained wp-block-group-is-layout-constrained\">\n<h2 class=\"wp-block-heading\" id=\"h-navigating-the-intricacies-of-albanian-grammar\">Ku-socoshada waxyaabaha ka sii adag naxwaha Albania<\/h2>\n\n\n\n<p><a href=\"https:\/\/talkpal.ai\/so\/baro-albaaniya\/\">Albanian<\/a> , Luqadda Indo ee Yurub oo leh laan gaar ah iyo xidido dhaqameed qoto dheer, waxay siisaa safar abaal-marin leh oo loogu talagalay bartayaasha oo loo sawiray naxwaha gaarka ah iyo nidaamka dhawaaqa. Markaad sahamiso Albania, waxaad balaadhin doontaa qalabkaaga luqadeed intaad ku xidhayso dhaqanka Albania iyo dunida ballaadhan ee Albaniyan ku hadasha. Naxwaha Albaanigu wuxuu u ekaan karaa mid adag marka hore, laakiin u kala qaybinta qaybaha asaasiga ah waxay horumarisaa si toos ah. Hoos waxaa ku yaal hage diiradda saaraya waxyaabaha daruuriga ah, oo leh talooyin kaa caawinaya inaad si fiican u barato.<\/p>\n\n\n\n<h3 class=\"wp-block-heading\" id=\"h-1-albanian-alphabet-and-phonetics\">1. Alifbeetada Albania iyo dhawaaqa<\/h3>\n\n\n\n<p>Alifbeetada Albania waxa ay leedahay 36 xaraf, oo ay ku jiraan dhowr xaraf loo qoray sida garaaf, laakiin lagu tiriyaa xarfo keli ah, sida dh, gj, ll, nj, rr, sh, th, xh, zh. Waxa kale oo ay isticmaashaa \u00e7 iyo \u00eb, shaqalka y-na waxa uu u taagan yahay dhawaaq hore oo wareegsan. Farqiga u dhexeeya r iyo rr waa macne, q iyo gjna waa joogsi ka duwan k iyo g. Inaad ku raaxaysato dhawaaqyadan iyo xarfahan kor u akhrinta iyo dhaqanka dhegaysigu waa tallaabada koowaad ee furaha ah.<\/p>\n\n\n\n<h3 class=\"wp-block-heading\" id=\"h-2-definite-articles-and-linkers-a-distinctive-albanian-feature\">2. Maqaallo qeexan iyo Xidhiidhiyayaasha: Astaan \u200b\u200bAlbaniyan oo gaar ah<\/h3>\n\n\n\n<p>Astaanta Albaanigu waa maqaalka qeexan ee ku lifaaqan magacyada kuna kala duwan lab iyo dheddig. Sifada kale ee xusidda mudan waa qaybta isku xidhka ee weedha magaca, sida caadiga ah i <a href=\"https:\/\/talkpal.ai\/locations\/language-courses-in-ama\/\">ama<\/a> e indefinite and t\u00eb ama s\u00eb ee qeexan iyo xaaladaha xaaladaha, oo la isticmaalo ka hor sifayaasha iyo qaar ka mid ah wax ka beddelayaasha. Fahamka goorta iyo sida ay u muuqato qeexitaan iyo xiriiriyaha ayaa muhiim u ah isgaarsiinta saxda ah ee Albania.<\/p>\n\n\n\n<h3 class=\"wp-block-heading\" id=\"h-3-nouns-and-pronouns-gender-and-cases\">3. Magacyo iyo Magac-uyaal: Jinsi iyo Kiisaska<\/h3>\n\n\n\n<p>Magacyada Albanianku waxay leeyihiin jinsi naxwe ahaaneed (lab ama dheddig) waxayna raacaan qaabab dhismo jamac ah oo kala duwan. Luqadda ayaa calaamadisa xiriirka kiiska weedha magaca, dhaqan ahaan shan xaaladood oo luqadda caadiga ah. Magac-u-yaalka waxa ka mid ah shakhsi ahaan, lahaanshaha, falcelinta, muujinta, iyo foomamka su&#8217;aalaha, iyo sidoo kale shay clitics oo ku lifaaqan falka. Inaad barato magac-u-yaalkan iyo meelayntoodu waxay si weyn kor ugu qaadi doontaa fahamkaaga <a href=\"https:\/\/talkpal.ai\/so\/layliyada-naxwaha-albania\/\">naxwaha Albania<\/a>.<\/p>\n\n\n\n<h3 class=\"wp-block-heading\" id=\"h-4-verbs-structure-and-conjugation\">4. Fal: Qaab-dhismeedka iyo Isku-xidhka<\/h3>\n\n\n\n<p>Ficillada Albania waxay raacaan qaab-dhismeed gaar ah iyo qaabka isku xidhka iyadoo ku xidhan xiisadda, niyadda, iyo qofka. Wakhtiyada lama huraanka ah waxaa ka mid ah wakhtigan xaadirka ah, fudud ee la soo dhaafay, aan qummanayn, iyo kaamboon, oo ay weheliso mustaqbalka la sameeyay do t\u00eb iyo subjunctive-ka. Albaaniyaanku waxa kale oo uu si balaadhan u isticmaala subjunctive-ka, waxaana ku jira shuruudo iyo niyadda lama huraanka ah. Barashada xeerarka isku xidhka ee ficillada guud waxay wanaajin doontaa awooddaada inaad si wax ku ool ah ula xiriirto <a href=\"https:\/\/talkpal.ai\/learn-albanian\/\">Albanian<\/a>.<\/p>\n\n\n\n<h3 class=\"wp-block-heading\" id=\"h-5-adjectives-agreement-and-placement\">5. Sifooyin: Heshiiska iyo Meelaynta<\/h3>\n\n\n\n<p>Naxwaha Albania, sifooyinku caadi ahaan waxay raacaan magaca ay wax ka beddelaan oo ay ku heshiiyaan qayb isku xidha oo muujinaysa jinsiga iyo tirada. Sifooyinka qaarkood waxay leeyihiin isbarbardhig aan caadi ahayn iyo qaabab sare, iyo isbarbardhigyadu inta badan waxay adeegsadaan m\u00eb iyo sifada, halka kuwa sare ay ku daraan maqaalka ku heshiiya. Heshiska sareynta iyo meelaynta ayaa kaa caawinaysa inaad u ekaato mid dabiici ah.<\/p>\n\n\n\n<p><strong>Tusaalooyinka:<\/strong><\/p>\n\n\n\n<p><strong>\u2013 dashuri e madhe (big love)<\/strong><\/p>\n\n\n\n<p><strong>&#8211; f\u00ebmij\u00eb t\u00eb vegj\u00ebl (carruurta yaryar)<\/strong><\/p>\n\n\n\n<h3 class=\"wp-block-heading\" id=\"h-6-engaging-with-the-language\">6. La shaqaynta Luuqada<\/h3>\n\n\n\n<p>Habka ugu waxtarka badan ee si buuxda loogu fahmi karo oo gudaha loogu gelin karo naxwaha Albania waa in si joogto ah looga hawl galo luqadda. Markaad akhrido suugaanta Albania, daawashada filimada Albania ama taxanaha telefishinka, daba-galka wararka iyo muuqaalada, oo aad si firfircoon ula xiriirto dadka ku hadla afka hooyo, waxaad xoojin doontaa fahamkaaga naxwaha adigoo balaadhinaya erayadaada.<\/p>\n\n\n\n<h3 class=\"wp-block-heading\" id=\"h-conclusion\">Gabagabo<\/h3>\n\n\n\n<p>Inkasta oo naxwaha Albania uu u ekaan karo mid qallafsan, waxaad ku noqon kartaa mid aad ugu xeel dheer luqaddan quruxda badan leh dadaal, ku celcelin, iyo xamaasad. Adigoo diiradda saaraya xeerarka aasaasiga ah iyo la-hawlgalayaasha luqadda oo dhinacyo kala duwan leh, waxaad si degdeg ah kor ugu qaadi doontaa <a href=\"https:\/\/talkpal.ai\/so\/naxwaha\/\">xirfadahaaga naxwaha<\/a> Albania. Suksese safarkaaga luqadda Albanian, oo ku raaxayso daah-furka muujinta iyo soo jiidashada adduunka naxwaha Albania.<\/p>\n<\/div><\/div>\n\r\n<section class=\"learnNavigationSection\">\r\n            \r\n        <a href=\"https:\/\/talkpal.ai\/so\/baro-albaaniya\/\">\r\n            <div class=\"learnNavigationWrapper\">\r\n                <div class=\"learnNavigationContent\">\r\n                    <img decoding=\"async\" src=\"https:\/\/talkpal.ai\/wp-content\/uploads\/2025\/11\/Albanian.png\" alt=\"Albanian Flag\">\r\n                    <div>\r\n                        <h4>Ku saabsan Barashada Albania<\/h4>\r\n                        <p>Ogow wax walba oo ku saabsan naxwaha Albania.<\/p>\r\n                    <\/div>\r\n                <\/div>\r\n            <\/div>\r\n        <\/a>\r\n\r\n        \r\n        <a href=\"https:\/\/talkpal.ai\/so\/layliyada-naxwaha-albania\/\">\r\n            <div class=\"learnNavigationWrapper\">\r\n                <div class=\"learnNavigationContent\">\r\n                    <img decoding=\"async\" src=\"https:\/\/talkpal.ai\/wp-content\/uploads\/2025\/11\/Albanian.png\" alt=\"Albanian Flag\">\r\n                    <div>\r\n                        <h4>Layliga naxwaha Albania<\/h4>\r\n                        <p>Ku celceli naxwaha Albania.<\/p>\r\n                    <\/div>\r\n                <\/div>\r\n            <\/div>\r\n        <\/a>\r\n\r\n            <\/section>","protected":false},"excerpt":{"rendered":"<p>Ku-socoshada waxyaabaha ka sii adag naxwaha Albania Albanian , Luqadda Indo ee Yurub oo leh laan gaar ah iyo xidido dhaqameed qoto dheer, waxay siisaa safar abaal-marin leh oo loogu talagalay bartayaasha oo loo sawiray naxwaha gaarka ah iyo nidaamka dhawaaqa. Markaad sahamiso Albania, waxaad balaadhin doontaa qalabkaaga luqadeed intaad ku xidhayso dhaqanka Albania iyo [&hellip;]<\/p>\n","protected":false},"author":20,"featured_media":0,"parent":0,"menu_order":0,"comment_status":"closed","ping_status":"closed","template":"LearningContentPage.php","meta":{"_acf_changed":false,"footnotes":""},"class_list":["post-1478305","page","type-page","status-publish","hentry"],"acf":[],"yoast_head":"<!-- This site is optimized with the Yoast SEO Premium plugin v27.2 (Yoast SEO v27.2) - https:\/\/yoast.com\/product\/yoast-seo-premium-wordpress\/ -->\n<title>Naxwaha Albania - Talkpal<\/title>\n<meta name=\"description\" content=\"Barashada naxwaha Albaaniyaanka ee muhiimka ah, oo ay ku jiraan kiisaska iyo falalka, iyadoo la adeegsanayo hagaha barashada luqadda AI ee is-dhexgalka ah ee Talkpal.\" \/>\n<meta name=\"robots\" content=\"index, follow, max-snippet:-1, max-image-preview:large, max-video-preview:-1\" \/>\n<link rel=\"canonical\" href=\"https:\/\/talkpal.ai\/so\/naxwaha-albania\/\" \/>\n<meta property=\"og:locale\" content=\"so_SO\" \/>\n<meta property=\"og:type\" content=\"article\" \/>\n<meta property=\"og:title\" content=\"Naxwaha Albania\" \/>\n<meta property=\"og:description\" content=\"Ku-socoshada waxyaabaha ka sii adag naxwaha Albania Albanian , Luqadda Indo ee Yurub oo leh laan gaar ah iyo xidido dhaqameed qoto dheer, waxay siisaa\" \/>\n<meta property=\"og:url\" content=\"https:\/\/talkpal.ai\/so\/naxwaha-albania\/\" \/>\n<meta property=\"og:site_name\" content=\"Talkpal\" \/>\n<meta property=\"article:publisher\" content=\"https:\/\/www.facebook.com\/profile.php?id=100090733639311\" \/>\n<meta property=\"article:modified_time\" content=\"2025-12-30T15:34:08+00:00\" \/>\n<meta property=\"og:image\" content=\"https:\/\/talkpal.ai\/wp-content\/uploads\/2025\/02\/Progress-tab-16_9.png\" \/>\n\t<meta property=\"og:image:width\" content=\"2880\" \/>\n\t<meta property=\"og:image:height\" content=\"1620\" \/>\n\t<meta property=\"og:image:type\" content=\"image\/png\" \/>\n<meta name=\"twitter:card\" content=\"summary_large_image\" \/>\n<meta name=\"twitter:site\" content=\"@talkpalai\" \/>\n<meta name=\"twitter:label1\" content=\"Est. reading time\" \/>\n\t<meta name=\"twitter:data1\" content=\"3 minutes\" \/>\n<script type=\"application\/ld+json\" class=\"yoast-schema-graph\">{\"@context\":\"https:\/\/schema.org\",\"@graph\":[{\"@type\":\"WebPage\",\"@id\":\"https:\/\/talkpal.ai\/so\/naxwaha-albania\/\",\"url\":\"https:\/\/talkpal.ai\/so\/naxwaha-albania\/\",\"name\":\"Naxwaha Albania - Talkpal\",\"isPartOf\":{\"@id\":\"https:\/\/talkpal.ai\/so\/#website\"},\"datePublished\":\"2025-11-11T12:01:19+00:00\",\"dateModified\":\"2025-12-30T15:34:08+00:00\",\"description\":\"Barashada naxwaha Albaaniyaanka ee muhiimka ah, oo ay ku jiraan kiisaska iyo falalka, iyadoo la adeegsanayo hagaha barashada luqadda AI ee is-dhexgalka ah ee Talkpal.\",\"breadcrumb\":{\"@id\":\"https:\/\/talkpal.ai\/so\/naxwaha-albania\/#breadcrumb\"},\"inLanguage\":\"so-SO\",\"potentialAction\":[{\"@type\":\"ReadAction\",\"target\":[\"https:\/\/talkpal.ai\/so\/naxwaha-albania\/\"]}]},{\"@type\":\"BreadcrumbList\",\"@id\":\"https:\/\/talkpal.ai\/so\/naxwaha-albania\/#breadcrumb\",\"itemListElement\":[{\"@type\":\"ListItem\",\"position\":1,\"name\":\"Homepage\",\"item\":\"https:\/\/talkpal.ai\/so\/\"},{\"@type\":\"ListItem\",\"position\":2,\"name\":\"Naxwaha Albania\"}]},{\"@type\":\"WebSite\",\"@id\":\"https:\/\/talkpal.ai\/so\/#website\",\"url\":\"https:\/\/talkpal.ai\/so\/\",\"name\":\"Talkpal\",\"description\":\"AI Language Learning\",\"publisher\":{\"@id\":\"https:\/\/talkpal.ai\/so\/#organization\"},\"alternateName\":\"Talkpal AI\",\"potentialAction\":[{\"@type\":\"SearchAction\",\"target\":{\"@type\":\"EntryPoint\",\"urlTemplate\":\"https:\/\/talkpal.ai\/so\/?s={search_term_string}\"},\"query-input\":{\"@type\":\"PropertyValueSpecification\",\"valueRequired\":true,\"valueName\":\"search_term_string\"}}],\"inLanguage\":\"so-SO\"},{\"@type\":\"Organization\",\"@id\":\"https:\/\/talkpal.ai\/so\/#organization\",\"name\":\"Talkpal, Inc.\",\"alternateName\":\"Talkpal AI\",\"url\":\"https:\/\/talkpal.ai\/so\/\",\"logo\":{\"@type\":\"ImageObject\",\"inLanguage\":\"so-SO\",\"@id\":\"https:\/\/talkpal.ai\/so\/#\/schema\/logo\/image\/\",\"url\":\"https:\/\/talkpal.ai\/wp-content\/uploads\/2024\/03\/Talkpal-Logo-Icon.png\",\"contentUrl\":\"https:\/\/talkpal.ai\/wp-content\/uploads\/2024\/03\/Talkpal-Logo-Icon.png\",\"width\":2880,\"height\":2880,\"caption\":\"Talkpal, Inc.\"},\"image\":{\"@id\":\"https:\/\/talkpal.ai\/so\/#\/schema\/logo\/image\/\"},\"sameAs\":[\"https:\/\/www.facebook.com\/profile.php?id=100090733639311\",\"https:\/\/x.com\/talkpalai\",\"https:\/\/www.linkedin.com\/company\/talkpal\/\",\"https:\/\/www.youtube.com\/@TalkPal\/\",\"https:\/\/www.tiktok.com\/@talkpal\",\"https:\/\/www.instagram.com\/talkpal_ai\/\",\"https:\/\/www.crunchbase.com\/organization\/talkpal-9cde\",\"https:\/\/www.g2.com\/products\/talkpal-for-business\/\",\"https:\/\/www.trustpilot.com\/review\/talkpal.ai\",\"https:\/\/www.capterra.com\/p\/10006800\/TalkPal\/\"],\"description\":\"Talkpal is a language learning web and mobile education app, powered by the latest AI technologies, that provides engaging experiences to its customers in many different languages to help them improve their language skills. Users can chat about unlimited amount of topics with the app and use other modes to practice their language learning.\",\"email\":\"support@talkpal.ai\",\"legalName\":\"Talkpal, Inc.\",\"foundingDate\":\"2023-04-03\",\"duns\":\"118989042\",\"numberOfEmployees\":{\"@type\":\"QuantitativeValue\",\"minValue\":\"11\",\"maxValue\":\"50\"},\"publishingPrinciples\":\"https:\/\/talkpal.ai\/publishing-principles\/\",\"actionableFeedbackPolicy\":\"https:\/\/talkpal.ai\/actionable-feedback-policy\/\",\"correctionsPolicy\":\"https:\/\/talkpal.ai\/corrections-policy\/\",\"ethicsPolicy\":\"https:\/\/talkpal.ai\/ethics-policy\/\",\"diversityPolicy\":\"https:\/\/talkpal.ai\/diversity-policy\/\",\"diversityStaffingReport\":\"https:\/\/talkpal.ai\/diversity-policy\/\"}]}<\/script>\n<!-- \/ Yoast SEO Premium plugin. -->","yoast_head_json":{"title":"Naxwaha Albania - Talkpal","description":"Barashada naxwaha Albaaniyaanka ee muhiimka ah, oo ay ku jiraan kiisaska iyo falalka, iyadoo la adeegsanayo hagaha barashada luqadda AI ee is-dhexgalka ah ee Talkpal.","robots":{"index":"index","follow":"follow","max-snippet":"max-snippet:-1","max-image-preview":"max-image-preview:large","max-video-preview":"max-video-preview:-1"},"canonical":"https:\/\/talkpal.ai\/so\/naxwaha-albania\/","og_locale":"so_SO","og_type":"article","og_title":"Naxwaha Albania","og_description":"Ku-socoshada waxyaabaha ka sii adag naxwaha Albania Albanian , Luqadda Indo ee Yurub oo leh laan gaar ah iyo xidido dhaqameed qoto dheer, waxay siisaa","og_url":"https:\/\/talkpal.ai\/so\/naxwaha-albania\/","og_site_name":"Talkpal","article_publisher":"https:\/\/www.facebook.com\/profile.php?id=100090733639311","article_modified_time":"2025-12-30T15:34:08+00:00","og_image":[{"width":2880,"height":1620,"url":"https:\/\/talkpal.ai\/wp-content\/uploads\/2025\/02\/Progress-tab-16_9.png","type":"image\/png"}],"twitter_card":"summary_large_image","twitter_site":"@talkpalai","twitter_misc":{"Est. reading time":"3 minutes"},"schema":{"@context":"https:\/\/schema.org","@graph":[{"@type":"WebPage","@id":"https:\/\/talkpal.ai\/so\/naxwaha-albania\/","url":"https:\/\/talkpal.ai\/so\/naxwaha-albania\/","name":"Naxwaha Albania - Talkpal","isPartOf":{"@id":"https:\/\/talkpal.ai\/so\/#website"},"datePublished":"2025-11-11T12:01:19+00:00","dateModified":"2025-12-30T15:34:08+00:00","description":"Barashada naxwaha Albaaniyaanka ee muhiimka ah, oo ay ku jiraan kiisaska iyo falalka, iyadoo la adeegsanayo hagaha barashada luqadda AI ee is-dhexgalka ah ee Talkpal.","breadcrumb":{"@id":"https:\/\/talkpal.ai\/so\/naxwaha-albania\/#breadcrumb"},"inLanguage":"so-SO","potentialAction":[{"@type":"ReadAction","target":["https:\/\/talkpal.ai\/so\/naxwaha-albania\/"]}]},{"@type":"BreadcrumbList","@id":"https:\/\/talkpal.ai\/so\/naxwaha-albania\/#breadcrumb","itemListElement":[{"@type":"ListItem","position":1,"name":"Homepage","item":"https:\/\/talkpal.ai\/so\/"},{"@type":"ListItem","position":2,"name":"Naxwaha Albania"}]},{"@type":"WebSite","@id":"https:\/\/talkpal.ai\/so\/#website","url":"https:\/\/talkpal.ai\/so\/","name":"Talkpal","description":"AI Language Learning","publisher":{"@id":"https:\/\/talkpal.ai\/so\/#organization"},"alternateName":"Talkpal AI","potentialAction":[{"@type":"SearchAction","target":{"@type":"EntryPoint","urlTemplate":"https:\/\/talkpal.ai\/so\/?s={search_term_string}"},"query-input":{"@type":"PropertyValueSpecification","valueRequired":true,"valueName":"search_term_string"}}],"inLanguage":"so-SO"},{"@type":"Organization","@id":"https:\/\/talkpal.ai\/so\/#organization","name":"Talkpal, Inc.","alternateName":"Talkpal AI","url":"https:\/\/talkpal.ai\/so\/","logo":{"@type":"ImageObject","inLanguage":"so-SO","@id":"https:\/\/talkpal.ai\/so\/#\/schema\/logo\/image\/","url":"https:\/\/talkpal.ai\/wp-content\/uploads\/2024\/03\/Talkpal-Logo-Icon.png","contentUrl":"https:\/\/talkpal.ai\/wp-content\/uploads\/2024\/03\/Talkpal-Logo-Icon.png","width":2880,"height":2880,"caption":"Talkpal, Inc."},"image":{"@id":"https:\/\/talkpal.ai\/so\/#\/schema\/logo\/image\/"},"sameAs":["https:\/\/www.facebook.com\/profile.php?id=100090733639311","https:\/\/x.com\/talkpalai","https:\/\/www.linkedin.com\/company\/talkpal\/","https:\/\/www.youtube.com\/@TalkPal\/","https:\/\/www.tiktok.com\/@talkpal","https:\/\/www.instagram.com\/talkpal_ai\/","https:\/\/www.crunchbase.com\/organization\/talkpal-9cde","https:\/\/www.g2.com\/products\/talkpal-for-business\/","https:\/\/www.trustpilot.com\/review\/talkpal.ai","https:\/\/www.capterra.com\/p\/10006800\/TalkPal\/"],"description":"Talkpal is a language learning web and mobile education app, powered by the latest AI technologies, that provides engaging experiences to its customers in many different languages to help them improve their language skills. Users can chat about unlimited amount of topics with the app and use other modes to practice their language learning.","email":"support@talkpal.ai","legalName":"Talkpal, Inc.","foundingDate":"2023-04-03","duns":"118989042","numberOfEmployees":{"@type":"QuantitativeValue","minValue":"11","maxValue":"50"},"publishingPrinciples":"https:\/\/talkpal.ai\/publishing-principles\/","actionableFeedbackPolicy":"https:\/\/talkpal.ai\/actionable-feedback-policy\/","correctionsPolicy":"https:\/\/talkpal.ai\/corrections-policy\/","ethicsPolicy":"https:\/\/talkpal.ai\/ethics-policy\/","diversityPolicy":"https:\/\/talkpal.ai\/diversity-policy\/","diversityStaffingReport":"https:\/\/talkpal.ai\/diversity-policy\/"}]}},"_links":{"self":[{"href":"https:\/\/talkpal.ai\/so\/wp-json\/wp\/v2\/pages\/1478305","targetHints":{"allow":["GET"]}}],"collection":[{"href":"https:\/\/talkpal.ai\/so\/wp-json\/wp\/v2\/pages"}],"about":[{"href":"https:\/\/talkpal.ai\/so\/wp-json\/wp\/v2\/types\/page"}],"author":[{"embeddable":true,"href":"https:\/\/talkpal.ai\/so\/wp-json\/wp\/v2\/users\/20"}],"replies":[{"embeddable":true,"href":"https:\/\/talkpal.ai\/so\/wp-json\/wp\/v2\/comments?post=1478305"}],"version-history":[{"count":0,"href":"https:\/\/talkpal.ai\/so\/wp-json\/wp\/v2\/pages\/1478305\/revisions"}],"wp:attachment":[{"href":"https:\/\/talkpal.ai\/so\/wp-json\/wp\/v2\/media?parent=1478305"}],"curies":[{"name":"wp","href":"https:\/\/api.w.org\/{rel}","templated":true}]}}