{"id":1478133,"date":"2025-11-12T16:44:57","date_gmt":"2025-11-12T16:44:57","guid":{"rendered":"https:\/\/talkpal.ai\/naxwaha-sinhala\/"},"modified":"2025-12-30T11:17:32","modified_gmt":"2025-12-30T11:17:32","slug":"naxwaha-sinhala","status":"publish","type":"page","link":"https:\/\/talkpal.ai\/so\/naxwaha-sinhala\/","title":{"rendered":"Naxwaha Sinhala"},"content":{"rendered":"\r\n\r\n\r\n<section class=\"languageChallengeSection\">\r\n    <div class=\"languageInfoWrapper\">\r\n        \r\n        <h1>Naxwaha Sinhala<\/h1>\r\n        <p>Naxwaha <a href=\"https:\/\/talkpal.ai\/learn-sinhala\/\">Sinhala<\/a> waxa laga yaabaa inuu marka hore u ekaado mid adag, laakiin sifooyinkiisa gaarka ah ayaa <a href=\"https:\/\/talkpal.ai\/so\/talooyin-lagu-horumarinayo-xirfadahaaga-wax-akhris-ee-barashada-luqadda\/\">barashada luqadda<\/a> ka dhigaya khibrad faa&#039;iido leh. Markaad sahamiso alifbeetada, beddelaadkeeda, <a href=\"https:\/\/talkpal.ai\/locations\/language-courses-in-iyo\/\">iyo<\/a> xeerarkeeda naxwaha, waxaad heli doontaa aragti <a href=\"https:\/\/talkpal.ai\/so\/ku-saabsan\/\">ku saabsan<\/a> dhaqanka af qani ah. Bilow safarkaaga oo ogow quruxda Sinhala!<\/p>\r\n\r\n                            <a class=\"getStartedHidden\" href=\"https:\/\/app.talkpal.ai\/signup?lng=\">Bilow<\/a>\r\n        \r\n    <\/div>\r\n\r\n    <figure>\r\n    <img decoding=\"async\" width=\"768\" height=\"768\" src=\"https:\/\/talkpal.ai\/wp-content\/uploads\/2023\/06\/welsh-768x768.png\" class=\"languageImage no-lazy\" alt=\"Language learning for better cognitive abilities\" fetchpriority=\"high\" sizes=\"(max-width: 768px) 150px, 768px\" srcset=\"https:\/\/talkpal.ai\/wp-content\/uploads\/2023\/06\/welsh-768x768.png 768w, https:\/\/talkpal.ai\/wp-content\/uploads\/2023\/06\/welsh-300x300.png 300w\" \/>\r\n    \r\n\r\n    <\/figure>\r\n\r\n            <a class=\"getStartedVisible\" href=\"https:\/\/app.talkpal.ai\/signup?lng=\">Bilow<\/a>\r\n    \r\n<\/section><section class=\"promotionalBanner\">\r\n    <p class=\"promotionalText\">Habka ugu hufan ee lagu barto luqadda<\/p>\r\n    <a class=\"promotionalLink\" href=\"https:\/\/app.talkpal.ai\/signup?lng=\">Isku day Talkpal bilaash<\/a>\r\n<\/section>\n<div class=\"wp-block-group pageContainerStyle\"><div class=\"wp-block-group__inner-container is-layout-constrained wp-block-group-is-layout-constrained\">\n<h2 class=\"wp-block-heading\" id=\"h-navigating-the-intricacies-of-sinhala-grammar\">U fiirsashada waxyaabaha ka sii daran naxwaha Sinhala<\/h2>\n\n\n\n<p><a href=\"https:\/\/talkpal.ai\/so\/baro-sinhala\/\">Sinhala<\/a> , Luqadda Indo-Aryan ee Sri Lanka oo leh taariikh qani ah iyo muhiimad dhaqameed, waxay siisaa waayo-aragnimo luqadeed oo xiiso leh kuwa doonaya inay sahamiyaan nidaamkeeda naxwaha gaarka ah. Markaad u baahato gudaha gudaha Sinhala, kaliya ma kobcin doontid hal-abuurkaaga luqadeed, laakiin sidoo kale waxaad qaadan doontaa safar dhaqameed oo soo jiidasho leh. Iyadoo naxwaha Sinhala laga yaabo inuu marka hore u muuqdo mid adag, u kala qaybinta qaybaha asaasiga ah waxay ka dhigaysaa <a href=\"https:\/\/talkpal.ai\/so\/barashada\/\">barashada<\/a> luqadda mid la heli karo. Maqaalkan, waxaan ku sahamin doonaa aduunka soo jiidashada leh ee naxwaha Sinhala waxaanan ku siin doonaa talooyin ku saabsan sida loo maarayn karo kakankeeda.<\/p>\n\n\n\n<h3 class=\"wp-block-heading\" id=\"h-1-sinhala-alphabet-and-phonetics\">1. Alifbeetada Sinhala iyo Phonetics<\/h3>\n\n\n\n<p>Habka qoraalka Sinhala waa abugida leh shibbanayaal iyo shaqallo u gaar ah, oo u qoran bidix ilaa midig. Shibbaneyaashu waxay wataan shaqal dhalanteed ah oo ay wax ka beddeleen lahjadaha, qoraalkana waxa uu ka kooban yahay waxyaabo gaar ah sida rakarantaya iyo yansaya, iyo sidoo kale shibbanayaal la naasasaysiiyay iyo dib-u-dhaqaajin afka ah. Si aad u barato naxwaha Sinhala, waxaa muhiim ah in aad barato nidaamkan qoraaleed ee gaarka ah adiga oo ku celcelinaya akhriska iyo qoraalka Sinhala.<\/p>\n\n\n\n<h3 class=\"wp-block-heading\" id=\"h-2-mutations-a-peculiar-sinhala-feature\">2. Isbeddellada: Muuqaalka Sinhala ee Gaarka ah<\/h3>\n\n\n\n<p>Sinhala ma isticmaasho isbeddellada shibbanayaasha bilowga ah. Taa baddalkeeda, sifada xusid mudan waa sandhi-gaabeed iyo isku-dhafan, oo ay ku jiraan isku-duubnida shaqalka iyo shibbanaha shibbanaha ee ka gudbaya morpheme iyo xuduudaha erayada. Waxa kale oo aad la kulmi doontaa xarfo isku xidhan iyo beddelaad habaysan oo lagu hadlo Sinhala kuwaas oo saameeya dhawaaqa iyo laxanka. Fahamka goorta iyo sida ay isbeddelladan dhawaaqu u dhacaan ayaa muhiim u ah isgaarsiinta saxda ah ee Sinhala.<\/p>\n\n\n\n<h3 class=\"wp-block-heading\" id=\"h-3-nouns-and-pronouns-gender-and-cases\">3. Magacyo iyo Magac-uyaal: Jinsi iyo Kiisaska<\/h3>\n\n\n\n<p>Magacyada Sinhala kuma calaamadiyaan jinsiga naxwe ahaaneed sida luqado badan oo Yurub ah u sameeyaan, laakiin waxay kala soocaan animacy waxayna isticmaalaan xeelado jamac oo kala duwan, sida -l\u0101 for animates iyo -val for many inanimates. Cilaaqaadka kiiska waxa lagu muujiyaa daba-gelis iyo boos-dhigis, tusaale ahaan -\u1e6da oo ah dhalasho, -ge for genitive, iyo -in hawlaha qalabaynta <a href=\"https:\/\/talkpal.ai\/locations\/language-courses-in-ama\/\">ama<\/a> ablative. Magac-u-yaalka gudaha Sinhala waxa ka mid ah foomamka shakhsi ahaaneed ee leh heerar rasmi ah iyo ixtiraam (tusaale, mama I, oy\u0101 ama ob\u0101 you), lahaanshaha (mage my, ob\u0113 your), falcelis (tamange one its own), muujinta (aniga tan, e in), iyo su&#8217;aalo waydiin (kavuda who, mokakda what). Inaad barato magac-u-yaalkan iyo foomamkoodu waxay si weyn kor ugu qaadi doontaa fahamkaaga naxwaha Sinhala.<\/p>\n\n\n\n<h3 class=\"wp-block-heading\" id=\"h-4-verbs-structure-and-conjugation\">4. Fal: Qaab-dhismeedka iyo Isku-xidhka<\/h3>\n\n\n\n<p>Sinhala ugu horrayn waa SOV, shaqalkuna waxa ay isku xidhaan kacsanaan iyo kala fogaansho halkii ay ka ahaan lahaayeen qof ama nambarka luqadda hadalka. Xiisadaha asaasiga ah waxaa ka mid ah-caadeysiga hadda, hore, iyo mustaqbalka, oo ay weheliyaan shuruudo iyo niyadda lama huraanka ah. Hadda waxa sida caadiga ah lagu sameeyay -nava, foomam hore oo badan ayaa ku salaysan asliga, iyo xumaanta si gorfayn ah loo dhisay. Barashada qaababka isku xidhka falka iyo doorka ka qaybqaatayaasha iyo kaaliyeyaashu waxay wanaajin doontaa awoodaada inaad si wax ku ool ah ula xiriirto Sinhala.<\/p>\n\n\n\n<h3 class=\"wp-block-heading\" id=\"h-5-adjectives-agreement-and-placement\">5. Sifooyin: Heshiiska iyo Meelaynta<\/h3>\n\n\n\n<p>Naxwaha Sinhala, sifadu waxay caadi ahaan ka horreeyaan magaca ay wax ka beddelaan oo kuma raacsana tiro iyo lab iyo dhedig magaca. Isbarbardhigga ayaa inta badan lagu sameeyaa vada in ka badan, iyo kuwa sare oo leh clitic -ma, kuwaas oo lagama maarmaan u ah barashada in si dabiici ah loola xiriiro.<\/p>\n\n\n\n<p><strong>Tusaalooyinka:<\/strong><\/p>\n\n\n\n<p><strong>Loku ad\u0101re (big love)<\/strong><\/p>\n\n\n\n<p><strong>&#8211; podi lamayi (carruur yar)<\/strong><\/p>\n\n\n\n<h3 class=\"wp-block-heading\" id=\"h-6-engaging-with-the-language\">6. La shaqaynta Luuqada<\/h3>\n\n\n\n<p>Habka ugu waxtarka badan ee si buuxda loogu fahmi karo oo gudaha loogu gelin karo naxwaha Sinhala waa in si joogto ah looga hawl galo luqadda. Markaad akhrido suugaanta Sinhala, daawashada filimada Sinhala ama taxane telefishan, oo aad si firfircoon ula xiriirto dadka ku hadla afka hooyo, waxaad xoojin doontaa fahamkaaga naxwaha adigoo ballaarinaya erayadaada.<\/p>\n\n\n\n<h3 class=\"wp-block-heading\" id=\"h-conclusion\">Gabagabo<\/h3>\n\n\n\n<p>In kasta oo naxwaha Sinhala uu u ekaan karo mid qallafsan, waxaad ku noqon kartaa mid af-yaqaan u leh luqaddan quruxda badan dedaal, ku-dhaqan, iyo xamaasad. Adigoo diiradda saaraya xeerarka aasaasiga ah iyo la-hawlgalayaasha luqadda ee dhinacyo kala duwan, waxaad si degdeg ah u wanaajin doontaa <a href=\"https:\/\/talkpal.ai\/so\/naxwaha\/\">xirfadahaaga naxwaha<\/a> ee Sinhala. Subha pathum (nasiib wacan) safarkaaga luqadda Sinhala, oo ku raaxayso daah-furka adduunka xiisaha leh ee naxwaha Sinhala!<\/p>\n<\/div><\/div>\n\r\n<section class=\"learnNavigationSection\">\r\n            \r\n        <a href=\"https:\/\/talkpal.ai\/so\/baro-sinhala\/\">\r\n            <div class=\"learnNavigationWrapper\">\r\n                <div class=\"learnNavigationContent\">\r\n                    <img decoding=\"async\" src=\"https:\/\/talkpal.ai\/wp-content\/uploads\/2025\/11\/Sinhala.png\" alt=\"Sri Lankan Flag\">\r\n                    <div>\r\n                        <h4>Ku saabsan Barashada Sinhala<\/h4>\r\n                        <p>Ogow wax walba oo ku saabsan Naxwaha Sinhala.<\/p>\r\n                    <\/div>\r\n                <\/div>\r\n            <\/div>\r\n        <\/a>\r\n\r\n        \r\n        <a href=\"https:\/\/talkpal.ai\/so\/layliga-naxwaha-sinhala\/\">\r\n            <div class=\"learnNavigationWrapper\">\r\n                <div class=\"learnNavigationContent\">\r\n                    <img decoding=\"async\" src=\"https:\/\/talkpal.ai\/wp-content\/uploads\/2025\/11\/Sinhala.png\" alt=\"Sri Lankan Flag\">\r\n                    <div>\r\n                        <h4>Jimicsiga Naxwaha Sinhala<\/h4>\r\n                        <p>Ku celceli naxwaha Sinhala.<\/p>\r\n                    <\/div>\r\n                <\/div>\r\n            <\/div>\r\n        <\/a>\r\n\r\n            <\/section>","protected":false},"excerpt":{"rendered":"<p>U fiirsashada waxyaabaha ka sii daran naxwaha Sinhala Sinhala , Luqadda Indo-Aryan ee Sri Lanka oo leh taariikh qani ah iyo muhiimad dhaqameed, waxay siisaa waayo-aragnimo luqadeed oo xiiso leh kuwa doonaya inay sahamiyaan nidaamkeeda naxwaha gaarka ah. Markaad u baahato gudaha gudaha Sinhala, kaliya ma kobcin doontid hal-abuurkaaga luqadeed, laakiin sidoo kale waxaad qaadan [&hellip;]<\/p>\n","protected":false},"author":20,"featured_media":0,"parent":0,"menu_order":0,"comment_status":"closed","ping_status":"closed","template":"LearningContentPage.php","meta":{"_acf_changed":false,"footnotes":""},"class_list":["post-1478133","page","type-page","status-publish","hentry"],"acf":[],"yoast_head":"<!-- This site is optimized with the Yoast SEO Premium plugin v27.2 (Yoast SEO v27.2) - https:\/\/yoast.com\/product\/yoast-seo-premium-wordpress\/ -->\n<title>Naxwaha Sinhala - Talkpal<\/title>\n<meta name=\"description\" content=\"Baro xeerarka naxwaha ee Sinhala oo kor u qaad aqoontaada adigoo adeegsanaya hagaha luqadda ee dhammaystiran oo is-dhexgal ah ee Talkpal AI.\" \/>\n<meta name=\"robots\" content=\"index, follow, max-snippet:-1, max-image-preview:large, max-video-preview:-1\" \/>\n<link rel=\"canonical\" href=\"https:\/\/talkpal.ai\/so\/naxwaha-sinhala\/\" \/>\n<meta property=\"og:locale\" content=\"so_SO\" \/>\n<meta property=\"og:type\" content=\"article\" \/>\n<meta property=\"og:title\" content=\"Naxwaha Sinhala\" \/>\n<meta property=\"og:description\" content=\"U fiirsashada waxyaabaha ka sii daran naxwaha Sinhala Sinhala , Luqadda Indo-Aryan ee Sri Lanka oo leh taariikh qani ah iyo muhiimad dhaqameed, waxay\" \/>\n<meta property=\"og:url\" content=\"https:\/\/talkpal.ai\/so\/naxwaha-sinhala\/\" \/>\n<meta property=\"og:site_name\" content=\"Talkpal\" \/>\n<meta property=\"article:publisher\" content=\"https:\/\/www.facebook.com\/profile.php?id=100090733639311\" \/>\n<meta property=\"article:modified_time\" content=\"2025-12-30T11:17:32+00:00\" \/>\n<meta property=\"og:image\" content=\"https:\/\/talkpal.ai\/wp-content\/uploads\/2025\/02\/Progress-tab-16_9.png\" \/>\n\t<meta property=\"og:image:width\" content=\"2880\" \/>\n\t<meta property=\"og:image:height\" content=\"1620\" \/>\n\t<meta property=\"og:image:type\" content=\"image\/png\" \/>\n<meta name=\"twitter:card\" content=\"summary_large_image\" \/>\n<meta name=\"twitter:site\" content=\"@talkpalai\" \/>\n<meta name=\"twitter:label1\" content=\"Est. reading time\" \/>\n\t<meta name=\"twitter:data1\" content=\"3 minutes\" \/>\n<script type=\"application\/ld+json\" class=\"yoast-schema-graph\">{\"@context\":\"https:\/\/schema.org\",\"@graph\":[{\"@type\":\"WebPage\",\"@id\":\"https:\/\/talkpal.ai\/so\/naxwaha-sinhala\/\",\"url\":\"https:\/\/talkpal.ai\/so\/naxwaha-sinhala\/\",\"name\":\"Naxwaha Sinhala - Talkpal\",\"isPartOf\":{\"@id\":\"https:\/\/talkpal.ai\/so\/#website\"},\"datePublished\":\"2025-11-12T16:44:57+00:00\",\"dateModified\":\"2025-12-30T11:17:32+00:00\",\"description\":\"Baro xeerarka naxwaha ee Sinhala oo kor u qaad aqoontaada adigoo adeegsanaya hagaha luqadda ee dhammaystiran oo is-dhexgal ah ee Talkpal AI.\",\"breadcrumb\":{\"@id\":\"https:\/\/talkpal.ai\/so\/naxwaha-sinhala\/#breadcrumb\"},\"inLanguage\":\"so-SO\",\"potentialAction\":[{\"@type\":\"ReadAction\",\"target\":[\"https:\/\/talkpal.ai\/so\/naxwaha-sinhala\/\"]}]},{\"@type\":\"BreadcrumbList\",\"@id\":\"https:\/\/talkpal.ai\/so\/naxwaha-sinhala\/#breadcrumb\",\"itemListElement\":[{\"@type\":\"ListItem\",\"position\":1,\"name\":\"Homepage\",\"item\":\"https:\/\/talkpal.ai\/so\/\"},{\"@type\":\"ListItem\",\"position\":2,\"name\":\"Naxwaha Sinhala\"}]},{\"@type\":\"WebSite\",\"@id\":\"https:\/\/talkpal.ai\/so\/#website\",\"url\":\"https:\/\/talkpal.ai\/so\/\",\"name\":\"Talkpal\",\"description\":\"AI Language Learning\",\"publisher\":{\"@id\":\"https:\/\/talkpal.ai\/so\/#organization\"},\"alternateName\":\"Talkpal AI\",\"potentialAction\":[{\"@type\":\"SearchAction\",\"target\":{\"@type\":\"EntryPoint\",\"urlTemplate\":\"https:\/\/talkpal.ai\/so\/?s={search_term_string}\"},\"query-input\":{\"@type\":\"PropertyValueSpecification\",\"valueRequired\":true,\"valueName\":\"search_term_string\"}}],\"inLanguage\":\"so-SO\"},{\"@type\":\"Organization\",\"@id\":\"https:\/\/talkpal.ai\/so\/#organization\",\"name\":\"Talkpal, Inc.\",\"alternateName\":\"Talkpal AI\",\"url\":\"https:\/\/talkpal.ai\/so\/\",\"logo\":{\"@type\":\"ImageObject\",\"inLanguage\":\"so-SO\",\"@id\":\"https:\/\/talkpal.ai\/so\/#\/schema\/logo\/image\/\",\"url\":\"https:\/\/talkpal.ai\/wp-content\/uploads\/2024\/03\/Talkpal-Logo-Icon.png\",\"contentUrl\":\"https:\/\/talkpal.ai\/wp-content\/uploads\/2024\/03\/Talkpal-Logo-Icon.png\",\"width\":2880,\"height\":2880,\"caption\":\"Talkpal, Inc.\"},\"image\":{\"@id\":\"https:\/\/talkpal.ai\/so\/#\/schema\/logo\/image\/\"},\"sameAs\":[\"https:\/\/www.facebook.com\/profile.php?id=100090733639311\",\"https:\/\/x.com\/talkpalai\",\"https:\/\/www.linkedin.com\/company\/talkpal\/\",\"https:\/\/www.youtube.com\/@TalkPal\/\",\"https:\/\/www.tiktok.com\/@talkpal\",\"https:\/\/www.instagram.com\/talkpal_ai\/\",\"https:\/\/www.crunchbase.com\/organization\/talkpal-9cde\",\"https:\/\/www.g2.com\/products\/talkpal-for-business\/\",\"https:\/\/www.trustpilot.com\/review\/talkpal.ai\",\"https:\/\/www.capterra.com\/p\/10006800\/TalkPal\/\"],\"description\":\"Talkpal is a language learning web and mobile education app, powered by the latest AI technologies, that provides engaging experiences to its customers in many different languages to help them improve their language skills. Users can chat about unlimited amount of topics with the app and use other modes to practice their language learning.\",\"email\":\"support@talkpal.ai\",\"legalName\":\"Talkpal, Inc.\",\"foundingDate\":\"2023-04-03\",\"duns\":\"118989042\",\"numberOfEmployees\":{\"@type\":\"QuantitativeValue\",\"minValue\":\"11\",\"maxValue\":\"50\"},\"publishingPrinciples\":\"https:\/\/talkpal.ai\/publishing-principles\/\",\"actionableFeedbackPolicy\":\"https:\/\/talkpal.ai\/actionable-feedback-policy\/\",\"correctionsPolicy\":\"https:\/\/talkpal.ai\/corrections-policy\/\",\"ethicsPolicy\":\"https:\/\/talkpal.ai\/ethics-policy\/\",\"diversityPolicy\":\"https:\/\/talkpal.ai\/diversity-policy\/\",\"diversityStaffingReport\":\"https:\/\/talkpal.ai\/diversity-policy\/\"}]}<\/script>\n<!-- \/ Yoast SEO Premium plugin. -->","yoast_head_json":{"title":"Naxwaha Sinhala - Talkpal","description":"Baro xeerarka naxwaha ee Sinhala oo kor u qaad aqoontaada adigoo adeegsanaya hagaha luqadda ee dhammaystiran oo is-dhexgal ah ee Talkpal AI.","robots":{"index":"index","follow":"follow","max-snippet":"max-snippet:-1","max-image-preview":"max-image-preview:large","max-video-preview":"max-video-preview:-1"},"canonical":"https:\/\/talkpal.ai\/so\/naxwaha-sinhala\/","og_locale":"so_SO","og_type":"article","og_title":"Naxwaha Sinhala","og_description":"U fiirsashada waxyaabaha ka sii daran naxwaha Sinhala Sinhala , Luqadda Indo-Aryan ee Sri Lanka oo leh taariikh qani ah iyo muhiimad dhaqameed, waxay","og_url":"https:\/\/talkpal.ai\/so\/naxwaha-sinhala\/","og_site_name":"Talkpal","article_publisher":"https:\/\/www.facebook.com\/profile.php?id=100090733639311","article_modified_time":"2025-12-30T11:17:32+00:00","og_image":[{"width":2880,"height":1620,"url":"https:\/\/talkpal.ai\/wp-content\/uploads\/2025\/02\/Progress-tab-16_9.png","type":"image\/png"}],"twitter_card":"summary_large_image","twitter_site":"@talkpalai","twitter_misc":{"Est. reading time":"3 minutes"},"schema":{"@context":"https:\/\/schema.org","@graph":[{"@type":"WebPage","@id":"https:\/\/talkpal.ai\/so\/naxwaha-sinhala\/","url":"https:\/\/talkpal.ai\/so\/naxwaha-sinhala\/","name":"Naxwaha Sinhala - Talkpal","isPartOf":{"@id":"https:\/\/talkpal.ai\/so\/#website"},"datePublished":"2025-11-12T16:44:57+00:00","dateModified":"2025-12-30T11:17:32+00:00","description":"Baro xeerarka naxwaha ee Sinhala oo kor u qaad aqoontaada adigoo adeegsanaya hagaha luqadda ee dhammaystiran oo is-dhexgal ah ee Talkpal AI.","breadcrumb":{"@id":"https:\/\/talkpal.ai\/so\/naxwaha-sinhala\/#breadcrumb"},"inLanguage":"so-SO","potentialAction":[{"@type":"ReadAction","target":["https:\/\/talkpal.ai\/so\/naxwaha-sinhala\/"]}]},{"@type":"BreadcrumbList","@id":"https:\/\/talkpal.ai\/so\/naxwaha-sinhala\/#breadcrumb","itemListElement":[{"@type":"ListItem","position":1,"name":"Homepage","item":"https:\/\/talkpal.ai\/so\/"},{"@type":"ListItem","position":2,"name":"Naxwaha Sinhala"}]},{"@type":"WebSite","@id":"https:\/\/talkpal.ai\/so\/#website","url":"https:\/\/talkpal.ai\/so\/","name":"Talkpal","description":"AI Language Learning","publisher":{"@id":"https:\/\/talkpal.ai\/so\/#organization"},"alternateName":"Talkpal AI","potentialAction":[{"@type":"SearchAction","target":{"@type":"EntryPoint","urlTemplate":"https:\/\/talkpal.ai\/so\/?s={search_term_string}"},"query-input":{"@type":"PropertyValueSpecification","valueRequired":true,"valueName":"search_term_string"}}],"inLanguage":"so-SO"},{"@type":"Organization","@id":"https:\/\/talkpal.ai\/so\/#organization","name":"Talkpal, Inc.","alternateName":"Talkpal AI","url":"https:\/\/talkpal.ai\/so\/","logo":{"@type":"ImageObject","inLanguage":"so-SO","@id":"https:\/\/talkpal.ai\/so\/#\/schema\/logo\/image\/","url":"https:\/\/talkpal.ai\/wp-content\/uploads\/2024\/03\/Talkpal-Logo-Icon.png","contentUrl":"https:\/\/talkpal.ai\/wp-content\/uploads\/2024\/03\/Talkpal-Logo-Icon.png","width":2880,"height":2880,"caption":"Talkpal, Inc."},"image":{"@id":"https:\/\/talkpal.ai\/so\/#\/schema\/logo\/image\/"},"sameAs":["https:\/\/www.facebook.com\/profile.php?id=100090733639311","https:\/\/x.com\/talkpalai","https:\/\/www.linkedin.com\/company\/talkpal\/","https:\/\/www.youtube.com\/@TalkPal\/","https:\/\/www.tiktok.com\/@talkpal","https:\/\/www.instagram.com\/talkpal_ai\/","https:\/\/www.crunchbase.com\/organization\/talkpal-9cde","https:\/\/www.g2.com\/products\/talkpal-for-business\/","https:\/\/www.trustpilot.com\/review\/talkpal.ai","https:\/\/www.capterra.com\/p\/10006800\/TalkPal\/"],"description":"Talkpal is a language learning web and mobile education app, powered by the latest AI technologies, that provides engaging experiences to its customers in many different languages to help them improve their language skills. Users can chat about unlimited amount of topics with the app and use other modes to practice their language learning.","email":"support@talkpal.ai","legalName":"Talkpal, Inc.","foundingDate":"2023-04-03","duns":"118989042","numberOfEmployees":{"@type":"QuantitativeValue","minValue":"11","maxValue":"50"},"publishingPrinciples":"https:\/\/talkpal.ai\/publishing-principles\/","actionableFeedbackPolicy":"https:\/\/talkpal.ai\/actionable-feedback-policy\/","correctionsPolicy":"https:\/\/talkpal.ai\/corrections-policy\/","ethicsPolicy":"https:\/\/talkpal.ai\/ethics-policy\/","diversityPolicy":"https:\/\/talkpal.ai\/diversity-policy\/","diversityStaffingReport":"https:\/\/talkpal.ai\/diversity-policy\/"}]}},"_links":{"self":[{"href":"https:\/\/talkpal.ai\/so\/wp-json\/wp\/v2\/pages\/1478133","targetHints":{"allow":["GET"]}}],"collection":[{"href":"https:\/\/talkpal.ai\/so\/wp-json\/wp\/v2\/pages"}],"about":[{"href":"https:\/\/talkpal.ai\/so\/wp-json\/wp\/v2\/types\/page"}],"author":[{"embeddable":true,"href":"https:\/\/talkpal.ai\/so\/wp-json\/wp\/v2\/users\/20"}],"replies":[{"embeddable":true,"href":"https:\/\/talkpal.ai\/so\/wp-json\/wp\/v2\/comments?post=1478133"}],"version-history":[{"count":0,"href":"https:\/\/talkpal.ai\/so\/wp-json\/wp\/v2\/pages\/1478133\/revisions"}],"wp:attachment":[{"href":"https:\/\/talkpal.ai\/so\/wp-json\/wp\/v2\/media?parent=1478133"}],"curies":[{"name":"wp","href":"https:\/\/api.w.org\/{rel}","templated":true}]}}