{"id":1477524,"date":"2025-11-12T09:53:34","date_gmt":"2025-11-12T09:53:34","guid":{"rendered":"https:\/\/talkpal.ai\/layliga-naxwaha-irishka\/"},"modified":"2025-12-30T14:31:31","modified_gmt":"2025-12-30T14:31:31","slug":"layliga-naxwaha-irishka","status":"publish","type":"page","link":"https:\/\/talkpal.ai\/so\/layliga-naxwaha-irishka\/","title":{"rendered":"Layliga Naxwaha Irishka"},"content":{"rendered":"\r\n\r\n\r\n<section class=\"languageChallengeSection\">\r\n    <div class=\"languageInfoWrapper\">\r\n        \r\n        <h1>Layliga Naxwaha Irishka<\/h1>\r\n        <p>Diyaar ma u tahay inaad quusto naxwaha Irishka? Ku celcelinta dhowr waxyaalood oo aasaasi ah ayaa kaa caawin doona inaad ku raaxaysato luqaddan gaarka ah ee quruxda badan. Isku day jimicsiyadan si aad u dhisto kalsoonidaada oo aad ugu raaxaysato inta aad jidka ku jirto!<\/p>\r\n\r\n                            <a class=\"getStartedHidden\" href=\"https:\/\/app.talkpal.ai\/signup?lng=\">Bilow<\/a>\r\n        \r\n    <\/div>\r\n\r\n    <figure>\r\n    <img decoding=\"async\" width=\"768\" height=\"768\" src=\"https:\/\/talkpal.ai\/wp-content\/uploads\/2023\/06\/welsh-768x768.png\" class=\"languageImage no-lazy\" alt=\"Language learning for better cognitive abilities\" fetchpriority=\"high\" sizes=\"(max-width: 768px) 150px, 768px\" srcset=\"https:\/\/talkpal.ai\/wp-content\/uploads\/2023\/06\/welsh-768x768.png 768w, https:\/\/talkpal.ai\/wp-content\/uploads\/2023\/06\/welsh-300x300.png 300w\" \/>\r\n    \r\n\r\n    <\/figure>\r\n\r\n            <a class=\"getStartedVisible\" href=\"https:\/\/app.talkpal.ai\/signup?lng=\">Bilow<\/a>\r\n    \r\n<\/section><section class=\"promotionalBanner\">\r\n    <p class=\"promotionalText\">Habka ugu hufan ee lagu barto luqadda<\/p>\r\n    <a class=\"promotionalLink\" href=\"https:\/\/app.talkpal.ai\/signup?lng=\">Isku day Talkpal bilaash<\/a>\r\n<\/section>\n<div class=\"wp-block-group pageContainerStyle\"><div class=\"wp-block-group__inner-container is-layout-constrained wp-block-group-is-layout-constrained\">\n<h2 class=\"wp-block-heading\" id=\"h-irish-grammar-topics\">Mowduucyada Naxwaha Irishka<\/h2>\n\n\n\n<p><a href=\"https:\/\/talkpal.ai\/so\/khaladaadka-ugu-wayn-ee-laga-fogaado-markaad-luuqad-cusub-baranayso\/\">Barashada luqad cusub<\/a> waxay noqon kartaa dadaal dhib badan haddana faa&#8217;iido leh. <a href=\"https:\/\/talkpal.ai\/learn-irish\/\">Irish<\/a>, luqad Celtic ah oo inta badan looga hadlo <a href=\"https:\/\/talkpal.ai\/locations\/language-courses-in-ireland\/\">Ireland<\/a>, maaha mid ka reeban. Sifooyinkeeda <a href=\"https:\/\/talkpal.ai\/locations\/language-courses-in-iyo\/\">iyo<\/a> qaab-dhismeedkeeda gaarka ah, <a href=\"https:\/\/talkpal.ai\/so\/talkpal-ee-waxbarashada\/\">barashada<\/a> Irish waxay u baahan tahay hab habaysan oo lagu fahmo naxwaha kakan. Hagahan waxa uu tilmaamayaa meelaha muhiimka ah ee <a href=\"https:\/\/talkpal.ai\/so\/naxwaha-irishka\/\">naxwaha Irishka<\/a> ee si macquul ah isku xigxiga ee <a href=\"https:\/\/talkpal.ai\/so\/ai-chatbot-ee-barashada-luuqadda\/\">barashada luqadda<\/a> , laga bilaabo aasaaska sida magacyada iyo maqaallada, iyo u gudbida meelo aad u adag sida xiisadaha iyo dhismaha jumlada.<\/p>\n\n\n\n<h3 class=\"wp-block-heading\" id=\"h-1-nouns\">1. Magacyada:<\/h3>\n\n\n\n<p>Ku bilow safarkaaga luqadda Irishka adiga oo baranaya magacyada. Tan waxaa ka mid ah fahamka magaca jinsiga, magacyada guud iyo kuwa saxda ah, qaababkooda jamac ah, iyo sida kiisasku u saameeyaan qaababka iyo isbeddellada.<\/p>\n\n\n\n<h3 class=\"wp-block-heading\" id=\"h-2-articles\">2. Maqaallo:<\/h3>\n\n\n\n<p>Maqaallada ku qoran luqadda Irishka waxaa loo isticmaalaa si ka duwan kuwa <a href=\"https:\/\/talkpal.ai\/ai-english-speaking-practice\/\">Ingiriisiga ah<\/a> . Irishku wuxuu leeyahay maqaal qeexan an iyo na laakiin ma jiro maqaal aan xadidnayn, sidaa darteed haynta foomamkooda iyo saamaynta ay ku leeyihiin isbeddellada ayaa muhiim ah.<\/p>\n\n\n\n<h3 class=\"wp-block-heading\" id=\"h-3-adjectives\">3. Sifooyin:<\/h3>\n\n\n\n<p>Sifooyinka Irishku waxay caadi ahaan raacaan magacyadooda, kuwaas oo ka duwan Ingiriisi. Waxa kale oo aad u baahan doontaa inaad wax ka barato isbeddellada bilowga ah sida lenition iyo eclipsis iyo sida loo sameeyo isbarbardhigga iyo sarreynta ee n\u00edos iyo waa.<\/p>\n\n\n\n<h3 class=\"wp-block-heading\" id=\"h-4-pronouns-determiners\">4. Magac-uyaal\/go&#8217;aamiyeyaal:<\/h3>\n\n\n\n<p>Magac-u-yaalka iyo go&#8217;aamiyeyaashu waa lagama maarmaan gudaha Irishka; waxay beddelaan magacyada waxayna bixiyaan macluumaadka <a href=\"https:\/\/talkpal.ai\/so\/ku-saabsan\/\">ku saabsan<\/a> tirada, haysashada, iyo wax ka badan. Baro magac-u-yaal shaqsiyeed, go&#8217;aamiye lahaanshaha sida mo do a ar bhur a kaas oo kiciya isbedellada, iyo muujinta sida seo iyo dembiga.<\/p>\n\n\n\n<h3 class=\"wp-block-heading\" id=\"h-5-verbs\">5. Fal:<\/h3>\n\n\n\n<p>Ficillada Irishku waxay leeyihiin qaabab kala duwan iyadoo ku xiran dareenka, niyadda, iyo qofka. Ka bilow wakhtiga xaadirka ah iyo falka sida ka dibna si tartiib tartiib ah u baadh wakhtiyadii hore iyo kuwa mustaqbalka oo ay la socdaan ficillada muhiimka ah ee aan caadiga ahayn iyo copula waa.<\/p>\n\n\n\n<h3 class=\"wp-block-heading\" id=\"h-6-tenses\">6. Xiisadaha:<\/h3>\n\n\n\n<p>Ka dib marka aad si fiican u barato foomamka falka, si qoto dheer ugu dhex gal wakhtiga Irishka. Tan waxaa ka mid ah fahamka faraqa u dhexeeya caadooyinka hadda, hore, mustaqbalka, iyo shuruudaha, iyo sida loogu isticmaalo xaalado kala duwan oo ka soo horjeeda copula.<\/p>\n\n\n\n<h3 class=\"wp-block-heading\" id=\"h-7-tense-comparison\">7. Isbarbardhigga Xiisadda:<\/h3>\n\n\n\n<p>Isbarbardhigga xiisadaha Irishka waxay gacan ka geysaneysaa fahamka isku xigxiga dhacdooyinka. Isbarbardhigga fal isku mid ah oo xilliyo kala duwan ah waxay siin doontaa faham wanaagsan oo ku saabsan adeegsiga Irishka.<\/p>\n\n\n\n<h3 class=\"wp-block-heading\" id=\"h-8-progressive\">8. Horusocod:<\/h3>\n\n\n\n<p>Horumarka Irishka waxaa loo isticmaalaa in lagu muujiyo falalka socda. Waxa la samaystay falka sida oo ay raacdo ag iyo magaca afka tusaale ahaan T\u00e1 m\u00e9 ag l\u00e9amh.<\/p>\n\n\n\n<h3 class=\"wp-block-heading\" id=\"h-9-perfect-progressive\">9. Horumar Wanaagsan:<\/h3>\n\n\n\n<p>Tan waxaa loo isticmaalaa in lagu muujiyo ficilada socday ilaa meel gaar ah. Irishka, waxaa caadi ahaan lagu muujiyaa b\u00ed plus tar \u00e9is a bheith ag iyo magaca afka <a href=\"https:\/\/talkpal.ai\/locations\/language-courses-in-ama\/\">ama<\/a> tibaaxaha waqtiga ee mudada.<\/p>\n\n\n\n<h3 class=\"wp-block-heading\" id=\"h-10-conditionals\">10. Shuruudaha:<\/h3>\n\n\n\n<p>Shuruudaha waxay muujinayaan xaalado mala awaal ah iyo natiijooyinkooda suurtagalka ah. Waa qayb muhiim ah oo ka mid ah naxwaha Irishka waxayna isticmaalaan qaabab leh m\u00e1 xaaladaha dhabta ah iyo d\u00e1 shuruudaha kuwa mala awaalka ah.<\/p>\n\n\n\n<h3 class=\"wp-block-heading\" id=\"h-11-adverbs\">11. Faallo:<\/h3>\n\n\n\n<p>Xayeysiisyada Irishku waxay wax ka beddelaan ficillada, tibaaxaha, ama falcelinta kale. Waxay ka mid yihiin foomamka lagu sameeyay sifooyin hore iyo sidoo kale fal-tilmaano badan oo hab-dhaqan, goobta, wakhtiga, iyo darajada.<\/p>\n\n\n\n<h3 class=\"wp-block-heading\" id=\"h-12-prepositions\">12. Horudhac:<\/h3>\n\n\n\n<p>Horudhacyadu waxay isku xiraan erayada iyo weedhaha. Irishku waxay isticmaashaa magac-u-yaalka horudhaca ah sida agam agat aige si uu u muujiyo cilaaqaadka lahaanshaha, wakhtiga, goobta, iyo in ka badan.<\/p>\n\n\n\n<h3 class=\"wp-block-heading\" id=\"h-13-sentences\">13. Jumlad:<\/h3>\n\n\n\n<p>Ugu dambeyntii, ku celceli dhisidda jumladaha. Tani waxay ku lug yeelan doontaa adeegsiga nidaamka erayga Irish VSO, kicinta isu beddelka, iyo labadaba bi iyo copula marka la eego macnaha guud, sidaas darteed hubinta faham buuxa oo luqadda Irishka ah.<\/p>\n<\/div><\/div>\n\r\n<section class=\"learnNavigationSection\">\r\n            \r\n        <a href=\"https:\/\/talkpal.ai\/so\/baro-irishka\/\">\r\n            <div class=\"learnNavigationWrapper\">\r\n                <div class=\"learnNavigationContent\">\r\n                    <img decoding=\"async\" src=\"https:\/\/talkpal.ai\/wp-content\/uploads\/2025\/11\/Irish.png\" alt=\"Irish Flag\">\r\n                    <div>\r\n                        <h4>Ku saabsan Barashada Irishka<\/h4>\r\n                        <p>Ogow wax walba oo ku saabsan naxwaha Irishka.<\/p>\r\n                    <\/div>\r\n                <\/div>\r\n            <\/div>\r\n        <\/a>\r\n\r\n        \r\n        <a href=\"https:\/\/talkpal.ai\/so\/naxwaha-irishka\/\">\r\n            <div class=\"learnNavigationWrapper\">\r\n                <div class=\"learnNavigationContent\">\r\n                    <img decoding=\"async\" src=\"https:\/\/talkpal.ai\/wp-content\/uploads\/2025\/11\/Irish.png\" alt=\"Irish Flag\">\r\n                    <div>\r\n                        <h4>Casharrada Naxwaha Irishka<\/h4>\r\n                        <p>Ku celceli naxwaha Irishka.<\/p>\r\n                    <\/div>\r\n                <\/div>\r\n            <\/div>\r\n        <\/a>\r\n\r\n            <\/section>","protected":false},"excerpt":{"rendered":"<p>Mowduucyada Naxwaha Irishka Barashada luqad cusub waxay noqon kartaa dadaal dhib badan haddana faa&#8217;iido leh. Irish, luqad Celtic ah oo inta badan looga hadlo Ireland, maaha mid ka reeban. Sifooyinkeeda iyo qaab-dhismeedkeeda gaarka ah, barashada Irish waxay u baahan tahay hab habaysan oo lagu fahmo naxwaha kakan. Hagahan waxa uu tilmaamayaa meelaha muhiimka ah ee [&hellip;]<\/p>\n","protected":false},"author":20,"featured_media":0,"parent":0,"menu_order":0,"comment_status":"closed","ping_status":"closed","template":"LearningContentPage.php","meta":{"_acf_changed":false,"footnotes":""},"class_list":["post-1477524","page","type-page","status-publish","hentry"],"acf":[],"yoast_head":"<!-- This site is optimized with the Yoast SEO Premium plugin v27.2 (Yoast SEO v27.2) - https:\/\/yoast.com\/product\/yoast-seo-premium-wordpress\/ -->\n<title>Layliga Naxwaha Irishka - Talkpal<\/title>\n<meta name=\"description\" content=\"Baro naxwaha Irishka iyadoo la adeegsanayo jimicsiyo is-dhexgal ah oo loogu talagalay inay kaa caawiyaan dhisidda kalsoonida iyo barashada luqadda si dhakhso leh.\" \/>\n<meta name=\"robots\" content=\"index, follow, max-snippet:-1, max-image-preview:large, max-video-preview:-1\" \/>\n<link rel=\"canonical\" href=\"https:\/\/talkpal.ai\/so\/layliga-naxwaha-irishka\/\" \/>\n<meta property=\"og:locale\" content=\"so_SO\" \/>\n<meta property=\"og:type\" content=\"article\" \/>\n<meta property=\"og:title\" content=\"Layliga Naxwaha Irishka\" \/>\n<meta property=\"og:description\" content=\"Mowduucyada Naxwaha Irishka Barashada luqad cusub waxay noqon kartaa dadaal dhib badan haddana faa&#039;iido leh. Irish, luqad Celtic ah oo inta badan looga\" \/>\n<meta property=\"og:url\" content=\"https:\/\/talkpal.ai\/so\/layliga-naxwaha-irishka\/\" \/>\n<meta property=\"og:site_name\" content=\"Talkpal\" \/>\n<meta property=\"article:publisher\" content=\"https:\/\/www.facebook.com\/profile.php?id=100090733639311\" \/>\n<meta property=\"article:modified_time\" content=\"2025-12-30T14:31:31+00:00\" \/>\n<meta property=\"og:image\" content=\"https:\/\/talkpal.ai\/wp-content\/uploads\/2025\/02\/Progress-tab-16_9.png\" \/>\n\t<meta property=\"og:image:width\" content=\"2880\" \/>\n\t<meta property=\"og:image:height\" content=\"1620\" \/>\n\t<meta property=\"og:image:type\" content=\"image\/png\" \/>\n<meta name=\"twitter:card\" content=\"summary_large_image\" \/>\n<meta name=\"twitter:site\" content=\"@talkpalai\" \/>\n<meta name=\"twitter:label1\" content=\"Est. reading time\" \/>\n\t<meta name=\"twitter:data1\" content=\"3 minutes\" \/>\n<script type=\"application\/ld+json\" class=\"yoast-schema-graph\">{\"@context\":\"https:\/\/schema.org\",\"@graph\":[{\"@type\":\"WebPage\",\"@id\":\"https:\/\/talkpal.ai\/so\/layliga-naxwaha-irishka\/\",\"url\":\"https:\/\/talkpal.ai\/so\/layliga-naxwaha-irishka\/\",\"name\":\"Layliga Naxwaha Irishka - Talkpal\",\"isPartOf\":{\"@id\":\"https:\/\/talkpal.ai\/so\/#website\"},\"datePublished\":\"2025-11-12T09:53:34+00:00\",\"dateModified\":\"2025-12-30T14:31:31+00:00\",\"description\":\"Baro naxwaha Irishka iyadoo la adeegsanayo jimicsiyo is-dhexgal ah oo loogu talagalay inay kaa caawiyaan dhisidda kalsoonida iyo barashada luqadda si dhakhso leh.\",\"breadcrumb\":{\"@id\":\"https:\/\/talkpal.ai\/so\/layliga-naxwaha-irishka\/#breadcrumb\"},\"inLanguage\":\"so-SO\",\"potentialAction\":[{\"@type\":\"ReadAction\",\"target\":[\"https:\/\/talkpal.ai\/so\/layliga-naxwaha-irishka\/\"]}]},{\"@type\":\"BreadcrumbList\",\"@id\":\"https:\/\/talkpal.ai\/so\/layliga-naxwaha-irishka\/#breadcrumb\",\"itemListElement\":[{\"@type\":\"ListItem\",\"position\":1,\"name\":\"Homepage\",\"item\":\"https:\/\/talkpal.ai\/so\/\"},{\"@type\":\"ListItem\",\"position\":2,\"name\":\"Layliga Naxwaha Irishka\"}]},{\"@type\":\"WebSite\",\"@id\":\"https:\/\/talkpal.ai\/so\/#website\",\"url\":\"https:\/\/talkpal.ai\/so\/\",\"name\":\"Talkpal\",\"description\":\"AI Language Learning\",\"publisher\":{\"@id\":\"https:\/\/talkpal.ai\/so\/#organization\"},\"alternateName\":\"Talkpal AI\",\"potentialAction\":[{\"@type\":\"SearchAction\",\"target\":{\"@type\":\"EntryPoint\",\"urlTemplate\":\"https:\/\/talkpal.ai\/so\/?s={search_term_string}\"},\"query-input\":{\"@type\":\"PropertyValueSpecification\",\"valueRequired\":true,\"valueName\":\"search_term_string\"}}],\"inLanguage\":\"so-SO\"},{\"@type\":\"Organization\",\"@id\":\"https:\/\/talkpal.ai\/so\/#organization\",\"name\":\"Talkpal, Inc.\",\"alternateName\":\"Talkpal AI\",\"url\":\"https:\/\/talkpal.ai\/so\/\",\"logo\":{\"@type\":\"ImageObject\",\"inLanguage\":\"so-SO\",\"@id\":\"https:\/\/talkpal.ai\/so\/#\/schema\/logo\/image\/\",\"url\":\"https:\/\/talkpal.ai\/wp-content\/uploads\/2024\/03\/Talkpal-Logo-Icon.png\",\"contentUrl\":\"https:\/\/talkpal.ai\/wp-content\/uploads\/2024\/03\/Talkpal-Logo-Icon.png\",\"width\":2880,\"height\":2880,\"caption\":\"Talkpal, Inc.\"},\"image\":{\"@id\":\"https:\/\/talkpal.ai\/so\/#\/schema\/logo\/image\/\"},\"sameAs\":[\"https:\/\/www.facebook.com\/profile.php?id=100090733639311\",\"https:\/\/x.com\/talkpalai\",\"https:\/\/www.linkedin.com\/company\/talkpal\/\",\"https:\/\/www.youtube.com\/@TalkPal\/\",\"https:\/\/www.tiktok.com\/@talkpal\",\"https:\/\/www.instagram.com\/talkpal_ai\/\",\"https:\/\/www.crunchbase.com\/organization\/talkpal-9cde\",\"https:\/\/www.g2.com\/products\/talkpal-for-business\/\",\"https:\/\/www.trustpilot.com\/review\/talkpal.ai\",\"https:\/\/www.capterra.com\/p\/10006800\/TalkPal\/\"],\"description\":\"Talkpal is a language learning web and mobile education app, powered by the latest AI technologies, that provides engaging experiences to its customers in many different languages to help them improve their language skills. Users can chat about unlimited amount of topics with the app and use other modes to practice their language learning.\",\"email\":\"support@talkpal.ai\",\"legalName\":\"Talkpal, Inc.\",\"foundingDate\":\"2023-04-03\",\"duns\":\"118989042\",\"numberOfEmployees\":{\"@type\":\"QuantitativeValue\",\"minValue\":\"11\",\"maxValue\":\"50\"},\"publishingPrinciples\":\"https:\/\/talkpal.ai\/publishing-principles\/\",\"actionableFeedbackPolicy\":\"https:\/\/talkpal.ai\/actionable-feedback-policy\/\",\"correctionsPolicy\":\"https:\/\/talkpal.ai\/corrections-policy\/\",\"ethicsPolicy\":\"https:\/\/talkpal.ai\/ethics-policy\/\",\"diversityPolicy\":\"https:\/\/talkpal.ai\/diversity-policy\/\",\"diversityStaffingReport\":\"https:\/\/talkpal.ai\/diversity-policy\/\"}]}<\/script>\n<!-- \/ Yoast SEO Premium plugin. -->","yoast_head_json":{"title":"Layliga Naxwaha Irishka - Talkpal","description":"Baro naxwaha Irishka iyadoo la adeegsanayo jimicsiyo is-dhexgal ah oo loogu talagalay inay kaa caawiyaan dhisidda kalsoonida iyo barashada luqadda si dhakhso leh.","robots":{"index":"index","follow":"follow","max-snippet":"max-snippet:-1","max-image-preview":"max-image-preview:large","max-video-preview":"max-video-preview:-1"},"canonical":"https:\/\/talkpal.ai\/so\/layliga-naxwaha-irishka\/","og_locale":"so_SO","og_type":"article","og_title":"Layliga Naxwaha Irishka","og_description":"Mowduucyada Naxwaha Irishka Barashada luqad cusub waxay noqon kartaa dadaal dhib badan haddana faa'iido leh. Irish, luqad Celtic ah oo inta badan looga","og_url":"https:\/\/talkpal.ai\/so\/layliga-naxwaha-irishka\/","og_site_name":"Talkpal","article_publisher":"https:\/\/www.facebook.com\/profile.php?id=100090733639311","article_modified_time":"2025-12-30T14:31:31+00:00","og_image":[{"width":2880,"height":1620,"url":"https:\/\/talkpal.ai\/wp-content\/uploads\/2025\/02\/Progress-tab-16_9.png","type":"image\/png"}],"twitter_card":"summary_large_image","twitter_site":"@talkpalai","twitter_misc":{"Est. reading time":"3 minutes"},"schema":{"@context":"https:\/\/schema.org","@graph":[{"@type":"WebPage","@id":"https:\/\/talkpal.ai\/so\/layliga-naxwaha-irishka\/","url":"https:\/\/talkpal.ai\/so\/layliga-naxwaha-irishka\/","name":"Layliga Naxwaha Irishka - Talkpal","isPartOf":{"@id":"https:\/\/talkpal.ai\/so\/#website"},"datePublished":"2025-11-12T09:53:34+00:00","dateModified":"2025-12-30T14:31:31+00:00","description":"Baro naxwaha Irishka iyadoo la adeegsanayo jimicsiyo is-dhexgal ah oo loogu talagalay inay kaa caawiyaan dhisidda kalsoonida iyo barashada luqadda si dhakhso leh.","breadcrumb":{"@id":"https:\/\/talkpal.ai\/so\/layliga-naxwaha-irishka\/#breadcrumb"},"inLanguage":"so-SO","potentialAction":[{"@type":"ReadAction","target":["https:\/\/talkpal.ai\/so\/layliga-naxwaha-irishka\/"]}]},{"@type":"BreadcrumbList","@id":"https:\/\/talkpal.ai\/so\/layliga-naxwaha-irishka\/#breadcrumb","itemListElement":[{"@type":"ListItem","position":1,"name":"Homepage","item":"https:\/\/talkpal.ai\/so\/"},{"@type":"ListItem","position":2,"name":"Layliga Naxwaha Irishka"}]},{"@type":"WebSite","@id":"https:\/\/talkpal.ai\/so\/#website","url":"https:\/\/talkpal.ai\/so\/","name":"Talkpal","description":"AI Language Learning","publisher":{"@id":"https:\/\/talkpal.ai\/so\/#organization"},"alternateName":"Talkpal AI","potentialAction":[{"@type":"SearchAction","target":{"@type":"EntryPoint","urlTemplate":"https:\/\/talkpal.ai\/so\/?s={search_term_string}"},"query-input":{"@type":"PropertyValueSpecification","valueRequired":true,"valueName":"search_term_string"}}],"inLanguage":"so-SO"},{"@type":"Organization","@id":"https:\/\/talkpal.ai\/so\/#organization","name":"Talkpal, Inc.","alternateName":"Talkpal AI","url":"https:\/\/talkpal.ai\/so\/","logo":{"@type":"ImageObject","inLanguage":"so-SO","@id":"https:\/\/talkpal.ai\/so\/#\/schema\/logo\/image\/","url":"https:\/\/talkpal.ai\/wp-content\/uploads\/2024\/03\/Talkpal-Logo-Icon.png","contentUrl":"https:\/\/talkpal.ai\/wp-content\/uploads\/2024\/03\/Talkpal-Logo-Icon.png","width":2880,"height":2880,"caption":"Talkpal, Inc."},"image":{"@id":"https:\/\/talkpal.ai\/so\/#\/schema\/logo\/image\/"},"sameAs":["https:\/\/www.facebook.com\/profile.php?id=100090733639311","https:\/\/x.com\/talkpalai","https:\/\/www.linkedin.com\/company\/talkpal\/","https:\/\/www.youtube.com\/@TalkPal\/","https:\/\/www.tiktok.com\/@talkpal","https:\/\/www.instagram.com\/talkpal_ai\/","https:\/\/www.crunchbase.com\/organization\/talkpal-9cde","https:\/\/www.g2.com\/products\/talkpal-for-business\/","https:\/\/www.trustpilot.com\/review\/talkpal.ai","https:\/\/www.capterra.com\/p\/10006800\/TalkPal\/"],"description":"Talkpal is a language learning web and mobile education app, powered by the latest AI technologies, that provides engaging experiences to its customers in many different languages to help them improve their language skills. Users can chat about unlimited amount of topics with the app and use other modes to practice their language learning.","email":"support@talkpal.ai","legalName":"Talkpal, Inc.","foundingDate":"2023-04-03","duns":"118989042","numberOfEmployees":{"@type":"QuantitativeValue","minValue":"11","maxValue":"50"},"publishingPrinciples":"https:\/\/talkpal.ai\/publishing-principles\/","actionableFeedbackPolicy":"https:\/\/talkpal.ai\/actionable-feedback-policy\/","correctionsPolicy":"https:\/\/talkpal.ai\/corrections-policy\/","ethicsPolicy":"https:\/\/talkpal.ai\/ethics-policy\/","diversityPolicy":"https:\/\/talkpal.ai\/diversity-policy\/","diversityStaffingReport":"https:\/\/talkpal.ai\/diversity-policy\/"}]}},"_links":{"self":[{"href":"https:\/\/talkpal.ai\/so\/wp-json\/wp\/v2\/pages\/1477524","targetHints":{"allow":["GET"]}}],"collection":[{"href":"https:\/\/talkpal.ai\/so\/wp-json\/wp\/v2\/pages"}],"about":[{"href":"https:\/\/talkpal.ai\/so\/wp-json\/wp\/v2\/types\/page"}],"author":[{"embeddable":true,"href":"https:\/\/talkpal.ai\/so\/wp-json\/wp\/v2\/users\/20"}],"replies":[{"embeddable":true,"href":"https:\/\/talkpal.ai\/so\/wp-json\/wp\/v2\/comments?post=1477524"}],"version-history":[{"count":0,"href":"https:\/\/talkpal.ai\/so\/wp-json\/wp\/v2\/pages\/1477524\/revisions"}],"wp:attachment":[{"href":"https:\/\/talkpal.ai\/so\/wp-json\/wp\/v2\/media?parent=1477524"}],"curies":[{"name":"wp","href":"https:\/\/api.w.org\/{rel}","templated":true}]}}