{"id":1477364,"date":"2025-11-12T15:39:07","date_gmt":"2025-11-12T15:39:07","guid":{"rendered":"https:\/\/talkpal.ai\/naxwaha-malta\/"},"modified":"2025-12-30T13:59:35","modified_gmt":"2025-12-30T13:59:35","slug":"naxwaha-malta","status":"publish","type":"page","link":"https:\/\/talkpal.ai\/so\/naxwaha-malta\/","title":{"rendered":"Naxwaha Malta"},"content":{"rendered":"\r\n\r\n\r\n<section class=\"languageChallengeSection\">\r\n    <div class=\"languageInfoWrapper\">\r\n        \r\n        <h1>Naxwaha Malta<\/h1>\r\n        <p>Naxwaha <a href=\"https:\/\/talkpal.ai\/learn-maltese\/\">Malta<\/a> waxa laga yaabaa inuu marka hore u ekaado mid adag, laakiin sifooyinkiisa gaarka ah ayaa <a href=\"https:\/\/talkpal.ai\/so\/talooyin-lagu-horumarinayo-xirfadahaaga-wax-akhris-ee-barashada-luqadda\/\">barashada luqadda<\/a> ka dhigaya khibrad faa&#039;iido leh. Markaad sahamiso alifbeetada, beddelaadkeeda, <a href=\"https:\/\/talkpal.ai\/locations\/language-courses-in-iyo\/\">iyo<\/a> xeerarkeeda naxwaha, waxaad heli doontaa aragti <a href=\"https:\/\/talkpal.ai\/so\/ku-saabsan\/\">ku saabsan<\/a> dhaqanka af qani ah. Bilow safarkaaga oo soo ogow quruxda Malta!<\/p>\r\n\r\n                            <a class=\"getStartedHidden\" href=\"https:\/\/app.talkpal.ai\/signup?lng=\">Bilow<\/a>\r\n        \r\n    <\/div>\r\n\r\n    <figure>\r\n    <img decoding=\"async\" width=\"768\" height=\"768\" src=\"https:\/\/talkpal.ai\/wp-content\/uploads\/2023\/06\/welsh-768x768.png\" class=\"languageImage no-lazy\" alt=\"Language learning for better cognitive abilities\" fetchpriority=\"high\" sizes=\"(max-width: 768px) 150px, 768px\" srcset=\"https:\/\/talkpal.ai\/wp-content\/uploads\/2023\/06\/welsh-768x768.png 768w, https:\/\/talkpal.ai\/wp-content\/uploads\/2023\/06\/welsh-300x300.png 300w\" \/>\r\n    \r\n\r\n    <\/figure>\r\n\r\n            <a class=\"getStartedVisible\" href=\"https:\/\/app.talkpal.ai\/signup?lng=\">Bilow<\/a>\r\n    \r\n<\/section><section class=\"promotionalBanner\">\r\n    <p class=\"promotionalText\">Habka ugu hufan ee lagu barto luqadda<\/p>\r\n    <a class=\"promotionalLink\" href=\"https:\/\/app.talkpal.ai\/signup?lng=\">Isku day Talkpal bilaash<\/a>\r\n<\/section>\n<div class=\"wp-block-group pageContainerStyle\"><div class=\"wp-block-group__inner-container is-layout-constrained wp-block-group-is-layout-constrained\">\n<h2 class=\"wp-block-heading\" id=\"h-navigating-the-intricacies-of-maltese-grammar\">U dhex dhexaadinta Naxwaha Malta<\/h2>\n\n\n\n<p><a href=\"https:\/\/talkpal.ai\/so\/baro-malta\/\">Maltese<\/a> , luqad Semitic ah oo leh xidido qoto dheer oo Mediterranean ah iyo muhiimad dhaqameed firfircoon, waxay siisaa waayo-aragnimo luqadeed xiiso leh kuwa u heellan inay sahamiyaan nidaamkeeda naxwaha gaarka ah. Markaad ku hawlan tahay boqortooyada Malta, kaliya ma kobcin doontid hal-abuurkaaga luqadeed, laakiin sidoo kale waxaad qaadan doontaa safar dhaqameed xiiso leh. Halka naxwaha Maltese laga yaabo inuu u muuqdo mid adag marka hore, u kala qaybinta qaybaha asaasiga ah waxay ka dhigaysaa <a href=\"https:\/\/talkpal.ai\/so\/barashada\/\">barashada<\/a> luqadda mid la heli karo. Maqaalkan, waxaan ku sahamin doonaa aduunka soo jiidashada leh ee naxwaha Malta waxaanan ku siin doonaa tilmaamo ku saabsan sida loo maarayn karo kakankeeda.<\/p>\n\n\n\n<h3 class=\"wp-block-heading\" id=\"h-1-maltese-alphabet-and-phonetics\">1. Alifbeetada Malta iyo codka<\/h3>\n\n\n\n<p>Alifbeetada Malta waxay ka kooban tahay 30 xaraf, kuwaas oo dhowr ka mid ah ay gaar u yihiin luqadda, sida &#8220;g\u0127,&#8221; &#8220;\u0127,&#8221; &#8220;q,&#8221; &#8220;\u010b,&#8221; &#8220;\u0121,&#8221; &#8220;\u017c,&#8221; iyo &#8220;x.&#8221; Si aad u barato naxwaha Malta, waxaa muhiim ah in aad barato nidaamkan qoraaleed ee gaarka ah adiga oo ku celcelinaya akhriska iyo qorista Malta.<\/p>\n\n\n\n<h3 class=\"wp-block-heading\" id=\"h-2-assimilation-a-peculiar-maltese-feature\">2. Assimilation: Astaan \u200b\u200bMalta u gaar ah<\/h3>\n\n\n\n<p>Mid ka mid ah dhinacyada gaarka ah ee naxwaha Malta waa isku-dubbaridka maqaalka qeexan iyo isbeddellada dhawaaqa ee la xidhiidha. Maqaalka &#8220;il-&#8221; <a href=\"https:\/\/talkpal.ai\/locations\/language-courses-in-ama\/\">ama<\/a> &#8220;l-&#8221; wuxuu inta badan la mid yahay shibbanaha bilawga ah ee magacyada qaarkood, soo saara cod labanlaaban, sida il + ra\u0121el = ir-ra\u0121el iyo il + sieg\u0127a = is-sieg\u0127a. Horudhacyada iyo maqaalku sidoo kale waxay sameeyaan foosha, sida ta&#8217; + il = tal. Fahamka goorta iyo sida isu-dheellitiryadan iyo foosha ay u dhacaan ayaa muhiim u ah isgaarsiinta saxda ah ee Malta.<\/p>\n\n\n\n<h3 class=\"wp-block-heading\" id=\"h-3-nouns-and-pronouns-gender-and-cases\">3. Magacyo iyo Magac-uyaal: Jinsi iyo Kiisaska<\/h3>\n\n\n\n<p>Magacyada Malta waxay leeyihiin jinsi naxwe ahaaneed (rag ama dheddig) waxayna adeegsadaan xeelado dhismo jamac ah oo kala duwan, oo ay ku jiraan daba-galayaasha sida -i iyo -ijiet iyo sidoo kale jamac jaban oo ay sameeyeen isbeddellada shaqallada gudaha. Magac-u-yaalka Malta waxa ka mid ah (jien, inti, hu, hi, a\u0127na, intom, huma), foomamka lahaanshaha oo inta badan lagu dhisay ta&#8217; ama magac-u-dhaqaajiyaal, foomamka dib-u-celinta iyo xoojinta, muujinta (dan, din, dawn, dak, dik, dawk), iyo su&#8217;aalo weydiin (min, x&#8217;, fejn). Barashada magac-u-yaalahan iyo foomamkoodu waxa ay si weyn kor ugu qaadi doontaa fahamkaaga naxwaha Malta.<\/p>\n\n\n\n<h3 class=\"wp-block-heading\" id=\"h-4-verbs-structure-and-conjugation\">4. Fal: Qaab-dhismeedka iyo Isku-xidhka<\/h3>\n\n\n\n<p>Ficillada Malta waxay ku dhisan yihiin xididdada iyo qaababka waxayna isku xidhaan qofka, tirada, iyo mararka qaarkood jinsiga. Xudunta afkoda waxay calaamadiyaan kuwii hore iyo kuwii horeba, iyadoo mustaqbalka inta badan lagu muujiyo qaybta se. Waxyaabaha dheeraadka ah waxaa ka mid ah shuruudo leh kieku iyo foomamka lama huraanka ah. Magacaabista shayada waxay ku lifaaqi kartaa fal, sida rajtek (waan ku arkay). Barashada qaababka isku xidhka falka, qaybaha, iyo diidmada ma&#8230;x waxay wanaajin doontaa awooddaada inaad si wax ku ool ah ula xiriirto Malta.<\/p>\n\n\n\n<h3 class=\"wp-block-heading\" id=\"h-5-adjectives-agreement-and-placement\">5. Sifooyin: Heshiiska iyo Meelaynta<\/h3>\n\n\n\n<p>Naxwaha Malta, sifayaal caadi ahaan waxay raacaan magaca ay wax ka beddelaan oo waxay ku heshiiyaan lab iyo dhedig iyo lambarka magaca. Sifooyin badan ayaa sameeya noocyo dheddig iyo jamac ah, isbarbardhigga iyo isbarbardhigga ayaa caadi ahaan lagu muujiyaa aktar ama i\u017cjed, oo ay weheliyaan dhowr foom oo aan caadi ahayn sida a\u0127jar iyo ag\u0127ar, kuwaas oo lagama maarmaan u ah in la barto in si dabiici ah loola xiriiro.<\/p>\n\n\n\n<p><strong>Tusaalooyinka:<\/strong><\/p>\n\n\n\n<p><strong>-Im\u0127abba kbira (jaceyl weyn)<\/strong><\/p>\n\n\n\n<p><strong>&#8211; tfal \u017cg\u0127ar (carruur yar)<\/strong><\/p>\n\n\n\n<h3 class=\"wp-block-heading\" id=\"h-6-engaging-with-the-language\">6. La shaqaynta Luuqada<\/h3>\n\n\n\n<p>Habka ugu waxtarka badan ee si buuxda loogu fahmo oo gudaha loogu galiyo naxwaha Maltese waa in si joogto ah looga hawl galo luqadda. Markaad akhrido suugaanta Malta, daawashada filimada Malta ama taxanaha telefishinka, oo aad si firfircoon ula xiriirto dadka ku hadla afka hooyo, waxaad xoojin doontaa fahamkaaga naxwaha adigoo ballaarinaya erayadaada.<\/p>\n\n\n\n<h3 class=\"wp-block-heading\" id=\"h-conclusion\">Gabagabo<\/h3>\n\n\n\n<p>In kasta oo naxwaha Malta uu u ekaan karo mid qallafsan, waxaad ku noqon kartaa mid af-yaqaan u leh luqaddan quruxda badan dedaal, ku celcelin, iyo xamaasad. Adigoo diiradda saaraya xeerarka aasaasiga ah iyo la-hawlgalayaasha luqadda siyaabo kala duwan, waxaad si degdeg ah kor ugu qaadi doontaa <a href=\"https:\/\/talkpal.ai\/so\/naxwaha\/\">xirfadaha naxwaha<\/a> Malta. Xorti tajba (nasiib wacan) safarkaaga luqadda Malta, oo ku raaxayso daah-furka adduunka xiisaha leh ee naxwaha Malta!<\/p>\n<\/div><\/div>\n\r\n<section class=\"learnNavigationSection\">\r\n            \r\n        <a href=\"https:\/\/talkpal.ai\/so\/baro-malta\/\">\r\n            <div class=\"learnNavigationWrapper\">\r\n                <div class=\"learnNavigationContent\">\r\n                    <img decoding=\"async\" src=\"https:\/\/talkpal.ai\/wp-content\/uploads\/2025\/11\/Maltese.png\" alt=\"Maltese Flag\">\r\n                    <div>\r\n                        <h4>Ku saabsan Barashada Malta<\/h4>\r\n                        <p>Ogow wax walba oo ku saabsan naxwaha Malta.<\/p>\r\n                    <\/div>\r\n                <\/div>\r\n            <\/div>\r\n        <\/a>\r\n\r\n        \r\n        <a href=\"https:\/\/talkpal.ai\/so\/layliga-naxwaha-malta\/\">\r\n            <div class=\"learnNavigationWrapper\">\r\n                <div class=\"learnNavigationContent\">\r\n                    <img decoding=\"async\" src=\"https:\/\/talkpal.ai\/wp-content\/uploads\/2025\/11\/Maltese.png\" alt=\"Maltese Flag\">\r\n                    <div>\r\n                        <h4>Layliga naxwaha Malta<\/h4>\r\n                        <p>Ku celceli naxwaha Malta.<\/p>\r\n                    <\/div>\r\n                <\/div>\r\n            <\/div>\r\n        <\/a>\r\n\r\n            <\/section>","protected":false},"excerpt":{"rendered":"<p>U dhex dhexaadinta Naxwaha Malta Maltese , luqad Semitic ah oo leh xidido qoto dheer oo Mediterranean ah iyo muhiimad dhaqameed firfircoon, waxay siisaa waayo-aragnimo luqadeed xiiso leh kuwa u heellan inay sahamiyaan nidaamkeeda naxwaha gaarka ah. Markaad ku hawlan tahay boqortooyada Malta, kaliya ma kobcin doontid hal-abuurkaaga luqadeed, laakiin sidoo kale waxaad qaadan doontaa [&hellip;]<\/p>\n","protected":false},"author":20,"featured_media":0,"parent":0,"menu_order":0,"comment_status":"closed","ping_status":"closed","template":"LearningContentPage.php","meta":{"_acf_changed":false,"footnotes":""},"class_list":["post-1477364","page","type-page","status-publish","hentry"],"acf":[],"yoast_head":"<!-- This site is optimized with the Yoast SEO Premium plugin v27.2 (Yoast SEO v27.2) - https:\/\/yoast.com\/product\/yoast-seo-premium-wordpress\/ -->\n<title>Naxwaha Malta - Talkpal<\/title>\n<meta name=\"description\" content=\"Fur sirta naxwaha Malta adigoo si fiican u baranaya alifbeetada, codadka, qaababka falka, iyo xeerarka lagama maarmaanka u ah ku hadalka.\" \/>\n<meta name=\"robots\" content=\"index, follow, max-snippet:-1, max-image-preview:large, max-video-preview:-1\" \/>\n<link rel=\"canonical\" href=\"https:\/\/talkpal.ai\/so\/naxwaha-malta\/\" \/>\n<meta property=\"og:locale\" content=\"so_SO\" \/>\n<meta property=\"og:type\" content=\"article\" \/>\n<meta property=\"og:title\" content=\"Naxwaha Malta\" \/>\n<meta property=\"og:description\" content=\"U dhex dhexaadinta Naxwaha Malta Maltese , luqad Semitic ah oo leh xidido qoto dheer oo Mediterranean ah iyo muhiimad dhaqameed firfircoon, waxay siisaa\" \/>\n<meta property=\"og:url\" content=\"https:\/\/talkpal.ai\/so\/naxwaha-malta\/\" \/>\n<meta property=\"og:site_name\" content=\"Talkpal\" \/>\n<meta property=\"article:publisher\" content=\"https:\/\/www.facebook.com\/profile.php?id=100090733639311\" \/>\n<meta property=\"article:modified_time\" content=\"2025-12-30T13:59:35+00:00\" \/>\n<meta property=\"og:image\" content=\"https:\/\/talkpal.ai\/wp-content\/uploads\/2025\/02\/Progress-tab-16_9.png\" \/>\n\t<meta property=\"og:image:width\" content=\"2880\" \/>\n\t<meta property=\"og:image:height\" content=\"1620\" \/>\n\t<meta property=\"og:image:type\" content=\"image\/png\" \/>\n<meta name=\"twitter:card\" content=\"summary_large_image\" \/>\n<meta name=\"twitter:site\" content=\"@talkpalai\" \/>\n<meta name=\"twitter:label1\" content=\"Est. reading time\" \/>\n\t<meta name=\"twitter:data1\" content=\"3 minutes\" \/>\n<script type=\"application\/ld+json\" class=\"yoast-schema-graph\">{\"@context\":\"https:\/\/schema.org\",\"@graph\":[{\"@type\":\"WebPage\",\"@id\":\"https:\/\/talkpal.ai\/so\/naxwaha-malta\/\",\"url\":\"https:\/\/talkpal.ai\/so\/naxwaha-malta\/\",\"name\":\"Naxwaha Malta - Talkpal\",\"isPartOf\":{\"@id\":\"https:\/\/talkpal.ai\/so\/#website\"},\"datePublished\":\"2025-11-12T15:39:07+00:00\",\"dateModified\":\"2025-12-30T13:59:35+00:00\",\"description\":\"Fur sirta naxwaha Malta adigoo si fiican u baranaya alifbeetada, codadka, qaababka falka, iyo xeerarka lagama maarmaanka u ah ku hadalka.\",\"breadcrumb\":{\"@id\":\"https:\/\/talkpal.ai\/so\/naxwaha-malta\/#breadcrumb\"},\"inLanguage\":\"so-SO\",\"potentialAction\":[{\"@type\":\"ReadAction\",\"target\":[\"https:\/\/talkpal.ai\/so\/naxwaha-malta\/\"]}]},{\"@type\":\"BreadcrumbList\",\"@id\":\"https:\/\/talkpal.ai\/so\/naxwaha-malta\/#breadcrumb\",\"itemListElement\":[{\"@type\":\"ListItem\",\"position\":1,\"name\":\"Homepage\",\"item\":\"https:\/\/talkpal.ai\/so\/\"},{\"@type\":\"ListItem\",\"position\":2,\"name\":\"Naxwaha Malta\"}]},{\"@type\":\"WebSite\",\"@id\":\"https:\/\/talkpal.ai\/so\/#website\",\"url\":\"https:\/\/talkpal.ai\/so\/\",\"name\":\"Talkpal\",\"description\":\"AI Language Learning\",\"publisher\":{\"@id\":\"https:\/\/talkpal.ai\/so\/#organization\"},\"alternateName\":\"Talkpal AI\",\"potentialAction\":[{\"@type\":\"SearchAction\",\"target\":{\"@type\":\"EntryPoint\",\"urlTemplate\":\"https:\/\/talkpal.ai\/so\/?s={search_term_string}\"},\"query-input\":{\"@type\":\"PropertyValueSpecification\",\"valueRequired\":true,\"valueName\":\"search_term_string\"}}],\"inLanguage\":\"so-SO\"},{\"@type\":\"Organization\",\"@id\":\"https:\/\/talkpal.ai\/so\/#organization\",\"name\":\"Talkpal, Inc.\",\"alternateName\":\"Talkpal AI\",\"url\":\"https:\/\/talkpal.ai\/so\/\",\"logo\":{\"@type\":\"ImageObject\",\"inLanguage\":\"so-SO\",\"@id\":\"https:\/\/talkpal.ai\/so\/#\/schema\/logo\/image\/\",\"url\":\"https:\/\/talkpal.ai\/wp-content\/uploads\/2024\/03\/Talkpal-Logo-Icon.png\",\"contentUrl\":\"https:\/\/talkpal.ai\/wp-content\/uploads\/2024\/03\/Talkpal-Logo-Icon.png\",\"width\":2880,\"height\":2880,\"caption\":\"Talkpal, Inc.\"},\"image\":{\"@id\":\"https:\/\/talkpal.ai\/so\/#\/schema\/logo\/image\/\"},\"sameAs\":[\"https:\/\/www.facebook.com\/profile.php?id=100090733639311\",\"https:\/\/x.com\/talkpalai\",\"https:\/\/www.linkedin.com\/company\/talkpal\/\",\"https:\/\/www.youtube.com\/@TalkPal\/\",\"https:\/\/www.tiktok.com\/@talkpal\",\"https:\/\/www.instagram.com\/talkpal_ai\/\",\"https:\/\/www.crunchbase.com\/organization\/talkpal-9cde\",\"https:\/\/www.g2.com\/products\/talkpal-for-business\/\",\"https:\/\/www.trustpilot.com\/review\/talkpal.ai\",\"https:\/\/www.capterra.com\/p\/10006800\/TalkPal\/\"],\"description\":\"Talkpal is a language learning web and mobile education app, powered by the latest AI technologies, that provides engaging experiences to its customers in many different languages to help them improve their language skills. Users can chat about unlimited amount of topics with the app and use other modes to practice their language learning.\",\"email\":\"support@talkpal.ai\",\"legalName\":\"Talkpal, Inc.\",\"foundingDate\":\"2023-04-03\",\"duns\":\"118989042\",\"numberOfEmployees\":{\"@type\":\"QuantitativeValue\",\"minValue\":\"11\",\"maxValue\":\"50\"},\"publishingPrinciples\":\"https:\/\/talkpal.ai\/publishing-principles\/\",\"actionableFeedbackPolicy\":\"https:\/\/talkpal.ai\/actionable-feedback-policy\/\",\"correctionsPolicy\":\"https:\/\/talkpal.ai\/corrections-policy\/\",\"ethicsPolicy\":\"https:\/\/talkpal.ai\/ethics-policy\/\",\"diversityPolicy\":\"https:\/\/talkpal.ai\/diversity-policy\/\",\"diversityStaffingReport\":\"https:\/\/talkpal.ai\/diversity-policy\/\"}]}<\/script>\n<!-- \/ Yoast SEO Premium plugin. -->","yoast_head_json":{"title":"Naxwaha Malta - Talkpal","description":"Fur sirta naxwaha Malta adigoo si fiican u baranaya alifbeetada, codadka, qaababka falka, iyo xeerarka lagama maarmaanka u ah ku hadalka.","robots":{"index":"index","follow":"follow","max-snippet":"max-snippet:-1","max-image-preview":"max-image-preview:large","max-video-preview":"max-video-preview:-1"},"canonical":"https:\/\/talkpal.ai\/so\/naxwaha-malta\/","og_locale":"so_SO","og_type":"article","og_title":"Naxwaha Malta","og_description":"U dhex dhexaadinta Naxwaha Malta Maltese , luqad Semitic ah oo leh xidido qoto dheer oo Mediterranean ah iyo muhiimad dhaqameed firfircoon, waxay siisaa","og_url":"https:\/\/talkpal.ai\/so\/naxwaha-malta\/","og_site_name":"Talkpal","article_publisher":"https:\/\/www.facebook.com\/profile.php?id=100090733639311","article_modified_time":"2025-12-30T13:59:35+00:00","og_image":[{"width":2880,"height":1620,"url":"https:\/\/talkpal.ai\/wp-content\/uploads\/2025\/02\/Progress-tab-16_9.png","type":"image\/png"}],"twitter_card":"summary_large_image","twitter_site":"@talkpalai","twitter_misc":{"Est. reading time":"3 minutes"},"schema":{"@context":"https:\/\/schema.org","@graph":[{"@type":"WebPage","@id":"https:\/\/talkpal.ai\/so\/naxwaha-malta\/","url":"https:\/\/talkpal.ai\/so\/naxwaha-malta\/","name":"Naxwaha Malta - Talkpal","isPartOf":{"@id":"https:\/\/talkpal.ai\/so\/#website"},"datePublished":"2025-11-12T15:39:07+00:00","dateModified":"2025-12-30T13:59:35+00:00","description":"Fur sirta naxwaha Malta adigoo si fiican u baranaya alifbeetada, codadka, qaababka falka, iyo xeerarka lagama maarmaanka u ah ku hadalka.","breadcrumb":{"@id":"https:\/\/talkpal.ai\/so\/naxwaha-malta\/#breadcrumb"},"inLanguage":"so-SO","potentialAction":[{"@type":"ReadAction","target":["https:\/\/talkpal.ai\/so\/naxwaha-malta\/"]}]},{"@type":"BreadcrumbList","@id":"https:\/\/talkpal.ai\/so\/naxwaha-malta\/#breadcrumb","itemListElement":[{"@type":"ListItem","position":1,"name":"Homepage","item":"https:\/\/talkpal.ai\/so\/"},{"@type":"ListItem","position":2,"name":"Naxwaha Malta"}]},{"@type":"WebSite","@id":"https:\/\/talkpal.ai\/so\/#website","url":"https:\/\/talkpal.ai\/so\/","name":"Talkpal","description":"AI Language Learning","publisher":{"@id":"https:\/\/talkpal.ai\/so\/#organization"},"alternateName":"Talkpal AI","potentialAction":[{"@type":"SearchAction","target":{"@type":"EntryPoint","urlTemplate":"https:\/\/talkpal.ai\/so\/?s={search_term_string}"},"query-input":{"@type":"PropertyValueSpecification","valueRequired":true,"valueName":"search_term_string"}}],"inLanguage":"so-SO"},{"@type":"Organization","@id":"https:\/\/talkpal.ai\/so\/#organization","name":"Talkpal, Inc.","alternateName":"Talkpal AI","url":"https:\/\/talkpal.ai\/so\/","logo":{"@type":"ImageObject","inLanguage":"so-SO","@id":"https:\/\/talkpal.ai\/so\/#\/schema\/logo\/image\/","url":"https:\/\/talkpal.ai\/wp-content\/uploads\/2024\/03\/Talkpal-Logo-Icon.png","contentUrl":"https:\/\/talkpal.ai\/wp-content\/uploads\/2024\/03\/Talkpal-Logo-Icon.png","width":2880,"height":2880,"caption":"Talkpal, Inc."},"image":{"@id":"https:\/\/talkpal.ai\/so\/#\/schema\/logo\/image\/"},"sameAs":["https:\/\/www.facebook.com\/profile.php?id=100090733639311","https:\/\/x.com\/talkpalai","https:\/\/www.linkedin.com\/company\/talkpal\/","https:\/\/www.youtube.com\/@TalkPal\/","https:\/\/www.tiktok.com\/@talkpal","https:\/\/www.instagram.com\/talkpal_ai\/","https:\/\/www.crunchbase.com\/organization\/talkpal-9cde","https:\/\/www.g2.com\/products\/talkpal-for-business\/","https:\/\/www.trustpilot.com\/review\/talkpal.ai","https:\/\/www.capterra.com\/p\/10006800\/TalkPal\/"],"description":"Talkpal is a language learning web and mobile education app, powered by the latest AI technologies, that provides engaging experiences to its customers in many different languages to help them improve their language skills. Users can chat about unlimited amount of topics with the app and use other modes to practice their language learning.","email":"support@talkpal.ai","legalName":"Talkpal, Inc.","foundingDate":"2023-04-03","duns":"118989042","numberOfEmployees":{"@type":"QuantitativeValue","minValue":"11","maxValue":"50"},"publishingPrinciples":"https:\/\/talkpal.ai\/publishing-principles\/","actionableFeedbackPolicy":"https:\/\/talkpal.ai\/actionable-feedback-policy\/","correctionsPolicy":"https:\/\/talkpal.ai\/corrections-policy\/","ethicsPolicy":"https:\/\/talkpal.ai\/ethics-policy\/","diversityPolicy":"https:\/\/talkpal.ai\/diversity-policy\/","diversityStaffingReport":"https:\/\/talkpal.ai\/diversity-policy\/"}]}},"_links":{"self":[{"href":"https:\/\/talkpal.ai\/so\/wp-json\/wp\/v2\/pages\/1477364","targetHints":{"allow":["GET"]}}],"collection":[{"href":"https:\/\/talkpal.ai\/so\/wp-json\/wp\/v2\/pages"}],"about":[{"href":"https:\/\/talkpal.ai\/so\/wp-json\/wp\/v2\/types\/page"}],"author":[{"embeddable":true,"href":"https:\/\/talkpal.ai\/so\/wp-json\/wp\/v2\/users\/20"}],"replies":[{"embeddable":true,"href":"https:\/\/talkpal.ai\/so\/wp-json\/wp\/v2\/comments?post=1477364"}],"version-history":[{"count":0,"href":"https:\/\/talkpal.ai\/so\/wp-json\/wp\/v2\/pages\/1477364\/revisions"}],"wp:attachment":[{"href":"https:\/\/talkpal.ai\/so\/wp-json\/wp\/v2\/media?parent=1477364"}],"curies":[{"name":"wp","href":"https:\/\/api.w.org\/{rel}","templated":true}]}}