{"id":1446314,"date":"2023-05-14T14:19:49","date_gmt":"2023-05-14T14:19:49","guid":{"rendered":"https:\/\/talkpal.ai\/naxwaha-slovakia\/"},"modified":"2025-12-12T11:10:07","modified_gmt":"2025-12-12T11:10:07","slug":"naxwaha-slovakia","status":"publish","type":"page","link":"https:\/\/talkpal.ai\/so\/naxwaha-slovakia\/","title":{"rendered":"Naxwaha Slovakia"},"content":{"rendered":"\r\n\r\n\r\n<section class=\"languageChallengeSection\">\r\n    <div class=\"languageInfoWrapper\">\r\n        \r\n        <h1>Naxwaha Slovakia<\/h1>\r\n        <p>Fur quruxda luqadda <a href=\"https:\/\/talkpal.ai\/learn-slovak\/\">Slovakia<\/a> adiga oo baranaya xeerarkeeda naxwaha. Fahamka naxwaha Slovakia waxay kaa caawin doontaa inaad si kalsooni leh ula xiriirto oo aad si qoto dheer ugu xirto caadooyinka qaninimada ah ee Slovakia. Bilow safarkaaga maanta oo qaado tillaabada ugu horreysa xagga aqoonta Slovakia!\n\n<\/p>\r\n\r\n                            <a class=\"getStartedHidden\" href=\"https:\/\/app.talkpal.ai\/signup?lng=\">Bilow<\/a>\r\n        \r\n    <\/div>\r\n\r\n    <figure>\r\n    <img decoding=\"async\" width=\"768\" height=\"768\" src=\"https:\/\/talkpal.ai\/wp-content\/uploads\/2023\/06\/slovak-768x768.png\" class=\"languageImage no-lazy\" alt=\"Language learning for cross-cultural competence\" fetchpriority=\"high\" sizes=\"(max-width: 768px) 150px, 768px\" srcset=\"https:\/\/talkpal.ai\/wp-content\/uploads\/2023\/06\/slovak-768x768.png 768w, https:\/\/talkpal.ai\/wp-content\/uploads\/2023\/06\/slovak-300x300.png 300w\" \/>\r\n    \r\n\r\n    <\/figure>\r\n\r\n            <a class=\"getStartedVisible\" href=\"https:\/\/app.talkpal.ai\/signup?lng=\">Bilow<\/a>\r\n    \r\n<\/section>\r\n<section class=\"promotionalBanner\">\r\n    <p class=\"promotionalText\">Habka ugu hufan ee lagu barto luqadda<\/p>\r\n    <a class=\"promotionalLink\" href=\"https:\/\/app.talkpal.ai\/signup?lng=\">Isku day Talkpal bilaash<\/a>\r\n<\/section>\n<div class=\"wp-block-group pageContainerStyle\"><div class=\"wp-block-group__inner-container is-layout-constrained wp-block-group-is-layout-constrained\">\n<h2 class=\"wp-block-heading\" id=\"h-slovak-grammar-the-key-to-unlocking-a-beautiful-language\">Naxwaha Slovak: Furaha Furaha Luuqadda Quruxda badan<\/h2>\n\n\n\n<p>Ma waxaad qorsheyneysaa inaad barato Slovakia <a href=\"https:\/\/talkpal.ai\/locations\/language-courses-in-ama\/\">ama<\/a> aad u jeceshahay naxwihiisa gaarka ah? Waxaad joogtaa meesha saxda ah! Naxwaha <a href=\"https:\/\/talkpal.ai\/learn-slovak\/\">Slovak<\/a> wuxuu u ekaan karaa cabsi marka hore, laakiin ha ka welwelin &#8211; runtii waa wax macquul ah oo la maarayn karo. Maqaalkan, waxaan ku baari doonaa waxyaabaha naxwaha Slovakia si aan kaaga caawino inaad si fiican u fahanto oo aad u qadariso quruxdeeda.<\/p>\n\n\n\n<p>Marka hore, aan ku bilowno asal yar. Slovak waa luqadda Galbeedka Slavic looga hadlo Slovakia, laakiin waxaad sidoo kale ka heli kartaa kuwa ku hadla wadamada ku hareeraysan. Luqadda Slavic ahaan, waxay la wadaagtaa waxyaabo badan oo ay iska shabahaan luqadaha kale ee gobolka, sida <a href=\"https:\/\/talkpal.ai\/learn-czech\/\">Czech<\/a> <a href=\"https:\/\/talkpal.ai\/locations\/language-courses-in-iyo\/\">iyo<\/a> <a href=\"https:\/\/talkpal.ai\/learn-polish\/\">Polish<\/a>. Si kastaba ha ahaatee, waxay leedahay xeerar naxwe ahaaneed oo u gaar ah iyo hababka isticmaalka kuwaas oo gooni u dhigaya.<\/p>\n\n\n\n<p>Haddaba, aan u dhex galno qaar ka mid ah dhinacyada ugu muhiimsan ee naxwaha Slovakia.<\/p>\n\n\n\n<h3 class=\"wp-block-heading\" id=\"h-1-nouns-and-their-cases\">1. Magacyada iyo kiisaskooda<\/h3>\n\n\n\n<p>Mid ka mid ah sifooyinka ugu yaabka badan ee naxwaha Slovakia waa nidaamkiisa kiisaska adag. Haddii aad taqaan Jarmal ama Ruush, waxaad ogaan doontaa waxa aan ka hadlayno: Magacyada Slovak waxay beddelaan qaabkooda iyadoo ku xiran shaqadooda jumlada. Iyadoo todobada kiis (magacaabid, fir-fircooni, dhalasho, eedayn, deegaan, qalab, iyo hadal), tani waxay marka hore u ekaan kartaa mid culus, laakiin ha quusan! Mar haddii aad gacanta ku dhigto, waa wax macquul ah oo macquul ah oo xitaa madadaalo leh.<\/p>\n\n\n\n<p>Qaado magaca &#8220;chlapec&#8221; (wiil) tusaale ahaan. Waxay u beddeli kartaa &#8220;chlapca,&#8221; &#8220;chlapcovi,&#8221; &#8220;chlapcom,&#8221; iyo wixii la mid ah, iyadoo ku xiran haddii ay tahay mawduuca, shayga, ama qaataha falka. Dhammaadkiisu waxay ku xidhan yihiin nooca magaca (ragga, dheddigga, ama dhexdhexaadka) sidoo kale, siinta xitaa noocyo badan oo luqadda ah.<\/p>\n\n\n\n<h3 class=\"wp-block-heading\" id=\"h-2-verb-conjugation-and-tenses\">2. Isku xidhka falka iyo xiisadaha<\/h3>\n\n\n\n<p>Ficillada Slovakia waxay beddelaan dhammaadkooda iyagoo ku salaysan qofka iyo lambarka (kaliya ama jamac) mawduuca. Tusaale ahaan, falka &#8220;vidie\u0165&#8221; (si aad u aragto) wuxuu noqon karaa &#8220;vid\u00edm&#8221; (Waan arkaa), &#8220;vid\u00ed\u0161&#8221; (waad aragtaa), &#8220;vidia&#8221; (ay arkaan), iyo kuwo kale.<\/p>\n\n\n\n<p>Slovakia waxay leedahay saddex marxaladood oo waaweyn: hore, hadda, iyo mustaqbalka. Waxa xiisaha lihi waxa weeye, si ka duwan Ingiriisi, Slovakia caadi ahaan ma isticmaasho fal-gal kaabayaal ah si ay u abuurto xiisadahan. Taa beddelkeeda, waxay ku abuurmeen beddelidda dhammaadka falka. Tusaale ahaan, &#8220;waan arkay&#8221; waa &#8220;vid\u00edm,&#8221; &#8220;waan arkay&#8221; waa &#8220;videl som,&#8221; iyo &#8220;waan arki doonaa&#8221; waa &#8220;uvid\u00edm.&#8221;<\/p>\n\n\n\n<h3 class=\"wp-block-heading\" id=\"h-3-sentence-structure-and-word-order\">3. Qaabka jumlada iyo habaynta erayada<\/h3>\n\n\n\n<p>Slovak waxay leedahay habayn kelmad dabacsan, taas oo ay ugu wacan tahay kiiskeeda magac iyo nidaamka isku xidhka falka. Taas macneheedu waxa weeye, si ka duwan Ingiriisi, waxaad dhigi kartaa kelmado meelo kala duwan jumlad gudaheeda adigoon bedelin macnaheeda &#8211; tusaale ahaan, &#8220;chlapec vid\u00ed psa&#8221; (wiilku wuxuu arkayaa eeyga) sidoo kale wuxuu noqon karaa &#8220;psa vid\u00ed chlapec&#8221; oo weli macno isku mid ah leh.<\/p>\n\n\n\n<p>Taasi waxay tidhi, nidaamka erayga ugu caansan Slovakia waa mawduuc-fal-shay ama SVO. Tani waxay la mid tahay Ingiriisiga, waana bar bilow fiican u ah ardayda. Markaad ku raaxaysato luqadda, waxaad tijaabin kartaa amarro erey oo kala duwan si aad xoogga u saarto ama aad u nuuxsato jumladahaaga.<\/p>\n\n\n\n<h3 class=\"wp-block-heading\" id=\"h-4-adjectives-and-adverbs\">4. Sifooyin iyo afgobaadsi<\/h3>\n\n\n\n<p>Si la mid ah luqado kale oo badan, tibaaxaha iyo falcelinta ee Slovakia ayaa loo adeegsadaa si ay u qeexaan magacyada iyo ficillada. Si kastaba ha ahaatee, waxay sidoo kale la yimaadaan heshiis kiis iyaga u gaar ah iyo xeerarka heshiiska jinsiga, taas oo ka dhigi karta wax xoogaa adag. Mahadsanid, marka aad si fiican u maamusho kiisaska magaca iyo isku xidhka falka, xeerarkani waxay si dabiici ah u iman doonaan.<\/p>\n\n\n\n<p>Markaa, diyaar ma u tahay inaad wax ka qabato naxwaha Slovakia? Iyadoo maskaxda iyo kheyraadka saxda ah, <a href=\"https:\/\/talkpal.ai\/so\/barashada\/\">barashada<\/a> Slovakia waa waayo-aragnimo abaal-marin leh oo albaabbada u furi kara dhaqan qani ah iyo waddan qurux badan. Tillaabo talaabo u qaado, si joogto ah ugu celceli, hana ka baqin inaad khalad samayso \u2013 sidaas ayaan dhammaanteen wax u barannaa, ka dib oo dhan. Waa hagaag! (Nasiib wanaag!)<\/p>\n<\/div><\/div>\n\r\n<section class=\"learnNavigationSection\">\r\n            \r\n        <a href=\"https:\/\/talkpal.ai\/so\/baro-slovakia\/\">\r\n            <div class=\"learnNavigationWrapper\">\r\n                <div class=\"learnNavigationContent\">\r\n                    <img decoding=\"async\" src=\"https:\/\/talkpal.ai\/wp-content\/uploads\/2024\/08\/Slovak.jpg\" alt=\"Slovak Flag\">\r\n                    <div>\r\n                        <h4>Ku saabsan Barashada Slovakia<\/h4>\r\n                        <p>Ogow wax walba oo ku saabsan naxwaha Slovakia.<\/p>\r\n                    <\/div>\r\n                <\/div>\r\n            <\/div>\r\n        <\/a>\r\n\r\n        \r\n        <a href=\"https:\/\/talkpal.ai\/so\/layliga-naxwaha-slovak\/\">\r\n            <div class=\"learnNavigationWrapper\">\r\n                <div class=\"learnNavigationContent\">\r\n                    <img decoding=\"async\" src=\"https:\/\/talkpal.ai\/wp-content\/uploads\/2024\/08\/Slovak.jpg\" alt=\"Slovak Flag\">\r\n                    <div>\r\n                        <h4>Layliga Naxwaha Slovak<\/h4>\r\n                        <p>Ku celceli naxwaha Slovakia.<\/p>\r\n                    <\/div>\r\n                <\/div>\r\n            <\/div>\r\n        <\/a>\r\n\r\n        \r\n        <a href=\"https:\/\/talkpal.ai\/vocabulary_language\/slovak\/\">\r\n            <div class=\"learnNavigationWrapper\">\r\n                <div class=\"learnNavigationContent\">\r\n                    <img decoding=\"async\" src=\"https:\/\/talkpal.ai\/wp-content\/uploads\/2024\/08\/Slovak.jpg\" alt=\"Slovak Flag\">\r\n                    <div>\r\n                        <h4>Erayada Slovakia<\/h4>\r\n                        <p>Kordhi ereyada Slovakia<\/p>\r\n                    <\/div>\r\n                <\/div>\r\n            <\/div>\r\n        <\/a>\r\n\r\n            <\/section>","protected":false},"excerpt":{"rendered":"<p>Naxwaha Slovak: Furaha Furaha Luuqadda Quruxda badan Ma waxaad qorsheyneysaa inaad barato Slovakia ama aad u jeceshahay naxwihiisa gaarka ah? Waxaad joogtaa meesha saxda ah! Naxwaha Slovak wuxuu u ekaan karaa cabsi marka hore, laakiin ha ka welwelin &#8211; runtii waa wax macquul ah oo la maarayn karo. Maqaalkan, waxaan ku baari doonaa waxyaabaha naxwaha [&hellip;]<\/p>\n","protected":false},"author":1,"featured_media":1444457,"parent":0,"menu_order":0,"comment_status":"closed","ping_status":"closed","template":"LearningContentPage.php","meta":{"_acf_changed":false,"footnotes":""},"class_list":["post-1446314","page","type-page","status-publish","has-post-thumbnail","hentry"],"acf":[],"yoast_head":"<!-- This site is optimized with the Yoast SEO Premium plugin v27.2 (Yoast SEO v27.2) - https:\/\/yoast.com\/product\/yoast-seo-premium-wordpress\/ -->\n<title>Naxwaha Slovakia - Talkpal<\/title>\n<meta name=\"description\" content=\"Naxwaha Master Slovakia oo wata sharraxaad cad, tusaaleyaal wax ku ool ah, iyo layliyo is dhexgal ah. Horumari xirfadahaaga!\" \/>\n<meta name=\"robots\" content=\"index, follow, max-snippet:-1, max-image-preview:large, max-video-preview:-1\" \/>\n<link rel=\"canonical\" href=\"https:\/\/talkpal.ai\/so\/naxwaha-slovakia\/\" \/>\n<meta property=\"og:locale\" content=\"so_SO\" \/>\n<meta property=\"og:type\" content=\"article\" \/>\n<meta property=\"og:title\" content=\"Naxwaha Slovakia\" \/>\n<meta property=\"og:description\" content=\"Naxwaha Slovak: Furaha Furaha Luuqadda Quruxda badan Ma waxaad qorsheyneysaa inaad barato Slovakia ama aad u jeceshahay naxwihiisa gaarka ah? Waxaad\" \/>\n<meta property=\"og:url\" content=\"https:\/\/talkpal.ai\/so\/naxwaha-slovakia\/\" \/>\n<meta property=\"og:site_name\" content=\"Talkpal\" \/>\n<meta property=\"article:publisher\" content=\"https:\/\/www.facebook.com\/profile.php?id=100090733639311\" \/>\n<meta property=\"article:modified_time\" content=\"2025-12-12T11:10:07+00:00\" \/>\n<meta property=\"og:image\" content=\"https:\/\/talkpal.ai\/wp-content\/uploads\/2023\/05\/slovakia.png\" \/>\n\t<meta property=\"og:image:width\" content=\"512\" \/>\n\t<meta property=\"og:image:height\" content=\"512\" \/>\n\t<meta property=\"og:image:type\" content=\"image\/png\" \/>\n<meta name=\"twitter:card\" content=\"summary_large_image\" \/>\n<meta name=\"twitter:site\" content=\"@talkpalai\" \/>\n<meta name=\"twitter:label1\" content=\"Est. reading time\" \/>\n\t<meta name=\"twitter:data1\" content=\"3 minutes\" \/>\n<script type=\"application\/ld+json\" class=\"yoast-schema-graph\">{\"@context\":\"https:\/\/schema.org\",\"@graph\":[{\"@type\":\"WebPage\",\"@id\":\"https:\/\/talkpal.ai\/so\/naxwaha-slovakia\/\",\"url\":\"https:\/\/talkpal.ai\/so\/naxwaha-slovakia\/\",\"name\":\"Naxwaha Slovakia - Talkpal\",\"isPartOf\":{\"@id\":\"https:\/\/talkpal.ai\/so\/#website\"},\"primaryImageOfPage\":{\"@id\":\"https:\/\/talkpal.ai\/so\/naxwaha-slovakia\/#primaryimage\"},\"image\":{\"@id\":\"https:\/\/talkpal.ai\/so\/naxwaha-slovakia\/#primaryimage\"},\"thumbnailUrl\":\"https:\/\/talkpal.ai\/wp-content\/uploads\/2023\/05\/slovakia.png\",\"datePublished\":\"2023-05-14T14:19:49+00:00\",\"dateModified\":\"2025-12-12T11:10:07+00:00\",\"description\":\"Naxwaha Master Slovakia oo wata sharraxaad cad, tusaaleyaal wax ku ool ah, iyo layliyo is dhexgal ah. Horumari xirfadahaaga!\",\"breadcrumb\":{\"@id\":\"https:\/\/talkpal.ai\/so\/naxwaha-slovakia\/#breadcrumb\"},\"inLanguage\":\"so-SO\",\"potentialAction\":[{\"@type\":\"ReadAction\",\"target\":[\"https:\/\/talkpal.ai\/so\/naxwaha-slovakia\/\"]}]},{\"@type\":\"ImageObject\",\"inLanguage\":\"so-SO\",\"@id\":\"https:\/\/talkpal.ai\/so\/naxwaha-slovakia\/#primaryimage\",\"url\":\"https:\/\/talkpal.ai\/wp-content\/uploads\/2023\/05\/slovakia.png\",\"contentUrl\":\"https:\/\/talkpal.ai\/wp-content\/uploads\/2023\/05\/slovakia.png\",\"width\":512,\"height\":512,\"caption\":\"TalkPal Slovakia Flag\"},{\"@type\":\"BreadcrumbList\",\"@id\":\"https:\/\/talkpal.ai\/so\/naxwaha-slovakia\/#breadcrumb\",\"itemListElement\":[{\"@type\":\"ListItem\",\"position\":1,\"name\":\"Homepage\",\"item\":\"https:\/\/talkpal.ai\/so\/\"},{\"@type\":\"ListItem\",\"position\":2,\"name\":\"Naxwaha Slovakia\"}]},{\"@type\":\"WebSite\",\"@id\":\"https:\/\/talkpal.ai\/so\/#website\",\"url\":\"https:\/\/talkpal.ai\/so\/\",\"name\":\"Talkpal\",\"description\":\"AI Language Learning\",\"publisher\":{\"@id\":\"https:\/\/talkpal.ai\/so\/#organization\"},\"alternateName\":\"Talkpal AI\",\"potentialAction\":[{\"@type\":\"SearchAction\",\"target\":{\"@type\":\"EntryPoint\",\"urlTemplate\":\"https:\/\/talkpal.ai\/so\/?s={search_term_string}\"},\"query-input\":{\"@type\":\"PropertyValueSpecification\",\"valueRequired\":true,\"valueName\":\"search_term_string\"}}],\"inLanguage\":\"so-SO\"},{\"@type\":\"Organization\",\"@id\":\"https:\/\/talkpal.ai\/so\/#organization\",\"name\":\"Talkpal, Inc.\",\"alternateName\":\"Talkpal AI\",\"url\":\"https:\/\/talkpal.ai\/so\/\",\"logo\":{\"@type\":\"ImageObject\",\"inLanguage\":\"so-SO\",\"@id\":\"https:\/\/talkpal.ai\/so\/#\/schema\/logo\/image\/\",\"url\":\"https:\/\/talkpal.ai\/wp-content\/uploads\/2024\/03\/Talkpal-Logo-Icon.png\",\"contentUrl\":\"https:\/\/talkpal.ai\/wp-content\/uploads\/2024\/03\/Talkpal-Logo-Icon.png\",\"width\":2880,\"height\":2880,\"caption\":\"Talkpal, Inc.\"},\"image\":{\"@id\":\"https:\/\/talkpal.ai\/so\/#\/schema\/logo\/image\/\"},\"sameAs\":[\"https:\/\/www.facebook.com\/profile.php?id=100090733639311\",\"https:\/\/x.com\/talkpalai\",\"https:\/\/www.linkedin.com\/company\/talkpal\/\",\"https:\/\/www.youtube.com\/@TalkPal\/\",\"https:\/\/www.tiktok.com\/@talkpal\",\"https:\/\/www.instagram.com\/talkpal_ai\/\",\"https:\/\/www.crunchbase.com\/organization\/talkpal-9cde\",\"https:\/\/www.g2.com\/products\/talkpal-for-business\/\",\"https:\/\/www.trustpilot.com\/review\/talkpal.ai\",\"https:\/\/www.capterra.com\/p\/10006800\/TalkPal\/\"],\"description\":\"Talkpal is a language learning web and mobile education app, powered by the latest AI technologies, that provides engaging experiences to its customers in many different languages to help them improve their language skills. Users can chat about unlimited amount of topics with the app and use other modes to practice their language learning.\",\"email\":\"support@talkpal.ai\",\"legalName\":\"Talkpal, Inc.\",\"foundingDate\":\"2023-04-03\",\"duns\":\"118989042\",\"numberOfEmployees\":{\"@type\":\"QuantitativeValue\",\"minValue\":\"11\",\"maxValue\":\"50\"},\"publishingPrinciples\":\"https:\/\/talkpal.ai\/publishing-principles\/\",\"actionableFeedbackPolicy\":\"https:\/\/talkpal.ai\/actionable-feedback-policy\/\",\"correctionsPolicy\":\"https:\/\/talkpal.ai\/corrections-policy\/\",\"ethicsPolicy\":\"https:\/\/talkpal.ai\/ethics-policy\/\",\"diversityPolicy\":\"https:\/\/talkpal.ai\/diversity-policy\/\",\"diversityStaffingReport\":\"https:\/\/talkpal.ai\/diversity-policy\/\"}]}<\/script>\n<!-- \/ Yoast SEO Premium plugin. -->","yoast_head_json":{"title":"Naxwaha Slovakia - Talkpal","description":"Naxwaha Master Slovakia oo wata sharraxaad cad, tusaaleyaal wax ku ool ah, iyo layliyo is dhexgal ah. Horumari xirfadahaaga!","robots":{"index":"index","follow":"follow","max-snippet":"max-snippet:-1","max-image-preview":"max-image-preview:large","max-video-preview":"max-video-preview:-1"},"canonical":"https:\/\/talkpal.ai\/so\/naxwaha-slovakia\/","og_locale":"so_SO","og_type":"article","og_title":"Naxwaha Slovakia","og_description":"Naxwaha Slovak: Furaha Furaha Luuqadda Quruxda badan Ma waxaad qorsheyneysaa inaad barato Slovakia ama aad u jeceshahay naxwihiisa gaarka ah? Waxaad","og_url":"https:\/\/talkpal.ai\/so\/naxwaha-slovakia\/","og_site_name":"Talkpal","article_publisher":"https:\/\/www.facebook.com\/profile.php?id=100090733639311","article_modified_time":"2025-12-12T11:10:07+00:00","og_image":[{"width":512,"height":512,"url":"https:\/\/talkpal.ai\/wp-content\/uploads\/2023\/05\/slovakia.png","type":"image\/png"}],"twitter_card":"summary_large_image","twitter_site":"@talkpalai","twitter_misc":{"Est. reading time":"3 minutes"},"schema":{"@context":"https:\/\/schema.org","@graph":[{"@type":"WebPage","@id":"https:\/\/talkpal.ai\/so\/naxwaha-slovakia\/","url":"https:\/\/talkpal.ai\/so\/naxwaha-slovakia\/","name":"Naxwaha Slovakia - Talkpal","isPartOf":{"@id":"https:\/\/talkpal.ai\/so\/#website"},"primaryImageOfPage":{"@id":"https:\/\/talkpal.ai\/so\/naxwaha-slovakia\/#primaryimage"},"image":{"@id":"https:\/\/talkpal.ai\/so\/naxwaha-slovakia\/#primaryimage"},"thumbnailUrl":"https:\/\/talkpal.ai\/wp-content\/uploads\/2023\/05\/slovakia.png","datePublished":"2023-05-14T14:19:49+00:00","dateModified":"2025-12-12T11:10:07+00:00","description":"Naxwaha Master Slovakia oo wata sharraxaad cad, tusaaleyaal wax ku ool ah, iyo layliyo is dhexgal ah. Horumari xirfadahaaga!","breadcrumb":{"@id":"https:\/\/talkpal.ai\/so\/naxwaha-slovakia\/#breadcrumb"},"inLanguage":"so-SO","potentialAction":[{"@type":"ReadAction","target":["https:\/\/talkpal.ai\/so\/naxwaha-slovakia\/"]}]},{"@type":"ImageObject","inLanguage":"so-SO","@id":"https:\/\/talkpal.ai\/so\/naxwaha-slovakia\/#primaryimage","url":"https:\/\/talkpal.ai\/wp-content\/uploads\/2023\/05\/slovakia.png","contentUrl":"https:\/\/talkpal.ai\/wp-content\/uploads\/2023\/05\/slovakia.png","width":512,"height":512,"caption":"TalkPal Slovakia Flag"},{"@type":"BreadcrumbList","@id":"https:\/\/talkpal.ai\/so\/naxwaha-slovakia\/#breadcrumb","itemListElement":[{"@type":"ListItem","position":1,"name":"Homepage","item":"https:\/\/talkpal.ai\/so\/"},{"@type":"ListItem","position":2,"name":"Naxwaha Slovakia"}]},{"@type":"WebSite","@id":"https:\/\/talkpal.ai\/so\/#website","url":"https:\/\/talkpal.ai\/so\/","name":"Talkpal","description":"AI Language Learning","publisher":{"@id":"https:\/\/talkpal.ai\/so\/#organization"},"alternateName":"Talkpal AI","potentialAction":[{"@type":"SearchAction","target":{"@type":"EntryPoint","urlTemplate":"https:\/\/talkpal.ai\/so\/?s={search_term_string}"},"query-input":{"@type":"PropertyValueSpecification","valueRequired":true,"valueName":"search_term_string"}}],"inLanguage":"so-SO"},{"@type":"Organization","@id":"https:\/\/talkpal.ai\/so\/#organization","name":"Talkpal, Inc.","alternateName":"Talkpal AI","url":"https:\/\/talkpal.ai\/so\/","logo":{"@type":"ImageObject","inLanguage":"so-SO","@id":"https:\/\/talkpal.ai\/so\/#\/schema\/logo\/image\/","url":"https:\/\/talkpal.ai\/wp-content\/uploads\/2024\/03\/Talkpal-Logo-Icon.png","contentUrl":"https:\/\/talkpal.ai\/wp-content\/uploads\/2024\/03\/Talkpal-Logo-Icon.png","width":2880,"height":2880,"caption":"Talkpal, Inc."},"image":{"@id":"https:\/\/talkpal.ai\/so\/#\/schema\/logo\/image\/"},"sameAs":["https:\/\/www.facebook.com\/profile.php?id=100090733639311","https:\/\/x.com\/talkpalai","https:\/\/www.linkedin.com\/company\/talkpal\/","https:\/\/www.youtube.com\/@TalkPal\/","https:\/\/www.tiktok.com\/@talkpal","https:\/\/www.instagram.com\/talkpal_ai\/","https:\/\/www.crunchbase.com\/organization\/talkpal-9cde","https:\/\/www.g2.com\/products\/talkpal-for-business\/","https:\/\/www.trustpilot.com\/review\/talkpal.ai","https:\/\/www.capterra.com\/p\/10006800\/TalkPal\/"],"description":"Talkpal is a language learning web and mobile education app, powered by the latest AI technologies, that provides engaging experiences to its customers in many different languages to help them improve their language skills. Users can chat about unlimited amount of topics with the app and use other modes to practice their language learning.","email":"support@talkpal.ai","legalName":"Talkpal, Inc.","foundingDate":"2023-04-03","duns":"118989042","numberOfEmployees":{"@type":"QuantitativeValue","minValue":"11","maxValue":"50"},"publishingPrinciples":"https:\/\/talkpal.ai\/publishing-principles\/","actionableFeedbackPolicy":"https:\/\/talkpal.ai\/actionable-feedback-policy\/","correctionsPolicy":"https:\/\/talkpal.ai\/corrections-policy\/","ethicsPolicy":"https:\/\/talkpal.ai\/ethics-policy\/","diversityPolicy":"https:\/\/talkpal.ai\/diversity-policy\/","diversityStaffingReport":"https:\/\/talkpal.ai\/diversity-policy\/"}]}},"_links":{"self":[{"href":"https:\/\/talkpal.ai\/so\/wp-json\/wp\/v2\/pages\/1446314","targetHints":{"allow":["GET"]}}],"collection":[{"href":"https:\/\/talkpal.ai\/so\/wp-json\/wp\/v2\/pages"}],"about":[{"href":"https:\/\/talkpal.ai\/so\/wp-json\/wp\/v2\/types\/page"}],"author":[{"embeddable":true,"href":"https:\/\/talkpal.ai\/so\/wp-json\/wp\/v2\/users\/1"}],"replies":[{"embeddable":true,"href":"https:\/\/talkpal.ai\/so\/wp-json\/wp\/v2\/comments?post=1446314"}],"version-history":[{"count":0,"href":"https:\/\/talkpal.ai\/so\/wp-json\/wp\/v2\/pages\/1446314\/revisions"}],"wp:featuredmedia":[{"embeddable":true,"href":"https:\/\/talkpal.ai\/so\/wp-json\/wp\/v2\/media\/1444457"}],"wp:attachment":[{"href":"https:\/\/talkpal.ai\/so\/wp-json\/wp\/v2\/media?parent=1446314"}],"curies":[{"name":"wp","href":"https:\/\/api.w.org\/{rel}","templated":true}]}}