{"id":1446305,"date":"2023-05-14T14:24:42","date_gmt":"2023-05-14T14:24:42","guid":{"rendered":"https:\/\/talkpal.ai\/naxwaha-thai\/"},"modified":"2025-12-13T15:46:57","modified_gmt":"2025-12-13T15:46:57","slug":"naxwaha-thai","status":"publish","type":"page","link":"https:\/\/talkpal.ai\/so\/naxwaha-thai\/","title":{"rendered":"Naxwaha Thai"},"content":{"rendered":"\r\n\r\n\r\n<section class=\"languageChallengeSection\">\r\n    <div class=\"languageInfoWrapper\">\r\n        \r\n        <h1>Naxwaha Thai<\/h1>\r\n        <p>Bar naxwaha <a href=\"https:\/\/talkpal.ai\/learn-thai\/\">Thai<\/a> oo khibrad quruxda luqadda taas oo ah mid macquul ah <a href=\"https:\/\/talkpal.ai\/locations\/language-courses-in-iyo\/\">iyo<\/a> muujinta labadaba. Bilow safarkaaga oo fur albaabka hab fikir iyo hadal soo jiidasho leh!<\/p>\r\n\r\n                            <a class=\"getStartedHidden\" href=\"https:\/\/app.talkpal.ai\/signup?lng=\">Bilow<\/a>\r\n        \r\n    <\/div>\r\n\r\n    <figure>\r\n    <img decoding=\"async\" width=\"768\" height=\"768\" src=\"https:\/\/talkpal.ai\/wp-content\/uploads\/2023\/06\/thai-768x768.png\" class=\"languageImage no-lazy\" alt=\"Language learning for improved thought process\" fetchpriority=\"high\" sizes=\"(max-width: 768px) 150px, 768px\" srcset=\"https:\/\/talkpal.ai\/wp-content\/uploads\/2023\/06\/thai-768x768.png 768w, https:\/\/talkpal.ai\/wp-content\/uploads\/2023\/06\/thai-300x300.png 300w\" \/>\r\n    \r\n\r\n    <\/figure>\r\n\r\n            <a class=\"getStartedVisible\" href=\"https:\/\/app.talkpal.ai\/signup?lng=\">Bilow<\/a>\r\n    \r\n<\/section>\r\n<section class=\"promotionalBanner\">\r\n    <p class=\"promotionalText\">Habka ugu hufan ee lagu barto luqadda<\/p>\r\n    <a class=\"promotionalLink\" href=\"https:\/\/app.talkpal.ai\/signup?lng=\">Isku day Talkpal bilaash<\/a>\r\n<\/section>\n<div class=\"wp-block-group pageContainerStyle\"><div class=\"wp-block-group__inner-container is-layout-constrained wp-block-group-is-layout-constrained\">\n<h2 class=\"wp-block-heading\" id=\"h-thai-grammar-exploring-a-unique-linguistic-world\">Naxwaha Thai: Sahaminta Adduunka Luqadaha Gaarka ah<\/h2>\n\n\n\n<p>Naxwaha Thai &#8211; u muuqda mid hal-abuur leh, qalaad, iyo soo jiidasho leh. Markaad u ambabaxayso safarkaaga si aad u barato luqadda Thai, waxaa laga yaabaa inaad si lama filaan ah ula dhacsan tahay naxwahahiisa. Ha baqin, sahamiyayaal af-af-yaqaan ahow! Waxaan halkaan u joognaa inaan bixino hagitaan iyo taageero <a href=\"https:\/\/talkpal.ai\/so\/ku-saabsan\/\">ku saabsan<\/a> tacaburtan xiisaha leh!<\/p>\n\n\n\n<p>Maqaalkan, waxaan ku dhex milmaynay dhinacyada ugu muhiimsan ee naxwaha Thai, jebinta fikradaha muhiimka ah, sharraxaadda xeerarka, iyo xitaa fududeynta kakanaanta. Nagu soo biir marka aan kor u qaadno xijaabka naxwaha Thai oo aan hurinay dareenkaaga luqaddan gaarka ah ee cajiibka ah!<\/p>\n\n\n\n<h3 class=\"wp-block-heading\" id=\"h-1-nouns-no-plurals-no-genders-no-worries\">1. Magacyo: jamac ma jiro, lab iyo dheddig ma jiro, walwalna ma jiro!<\/h3>\n\n\n\n<p>Quruxda naxwaha Thai waxay ku jirtaa fududaantiisa ku saabsan magacyada. Magacyada Thai ma laha qaabab jinsi <a href=\"https:\/\/talkpal.ai\/locations\/language-courses-in-ama\/\">ama<\/a> jamac, taasoo ka dhigaysa inay fududahay in la isticmaalo lana fahmo. Si aad u muujiso jamac, si fudud ugu dar kelmad tiro sida &#8220;badan&#8221; (\u0e21\u0e32\u0e01, m\u00e2ak) ama &#8220;qaar&#8221; (\u0e1a\u0e49\u0e32\u0e07, b\u00e2ang) ama ku celi magaca si aad u xoojiso macnaha jamac.<\/p>\n\n\n\n<h3 class=\"wp-block-heading\" id=\"h-2-pronouns-choose-wisely-based-on-politeness\">2. Magac-u-yaal: ku dooro si caqli-gal ah oo ku salaysan edeb<\/h3>\n\n\n\n<p>Doorashada magac-u-yaalka ku habboon ayaa lagama maarmaan u ah naxwaha Thai si loo muujiyo ixtiraam iyo is-hoosaysiin. Magac-u-yaalka Thai way kala duwan yihiin iyadoo ku saleysan jinsiga, da&#8217;da, iyo xiriirka qofka hadlaya iyo dhegeystaha. Tusaale ahaan, &#8220;\u0e09\u0e31\u0e19&#8221; (ch\u0103n) waa magac-u-yaal qofka koowaad ee caadiga ah oo aan rasmi ahayn, halka &#8220;\u0e1c\u0e21&#8221; (p\u014fm) ay inta badan isticmaalaan ragga marka ay jiraan xaalado rasmi ah.<\/p>\n\n\n\n<p>Si aad uga qaldanto dhanka edebtu, isticmaal &#8220;\u0e04\u0e38\u0e13&#8221; (kun) &#8220;adiga&#8221; iyo &#8220;\u0e40\u0e02\u0e32&#8221; (k\u0103o) u isticmaal &#8220;isaga\/iyaga.&#8221;<\/p>\n\n\n\n<h3 class=\"wp-block-heading\" id=\"h-3-verbs-no-conjugation-or-tenses-only-particles\">3. Fal: Ma jiro isku xidhid ama xiisad, kaliya qaybo<\/h3>\n\n\n\n<p>Naxwaha Thai, falku isma beddelo iyada oo aan loo eegin xiisadda, niyadda, ama mawduuca. Taa baddalkeeda, Thai waxay ku tiirsan tahay ereyo fudud oo loo yaqaan qaybo si ay u muujiyaan dareenka ama dabeecadda jumlada. Qaybahan waxa la dhigayaa dhamaadka jumlada.<\/p>\n\n\n\n<p>Tusaale ahaan, qaybta &#8220;\u0e41\u0e25\u0e49\u0e27&#8221; (l\u00e1ew) waxay tusinaysaa xaaladii hore ama ficil la dhammeeyay, iyo &#8220;\u0e01\u0e33\u0e25\u0e31\u0e07&#8221; (gam-lang) ayaa loo isticmaalaa falalka socda. Sidaa darteed, \u201c\u0e40\u0e02\u0e32\u0e01\u0e34\u0e19\u201d (k\u0103o gin) macneheedu waa \u201cisaga\/iyadu way cuntaa,\u201d halka \u201c\u0e40\u0e02\u0e32\u0e01\u0e34\u0e19\u0e41\u0e25\u0e49\u0e27\u201d (k\u0103o gin l\u00e1ew) ay la macno tahay \u201cisaga\/iyadu way cuntay\u201d.<\/p>\n\n\n\n<h3 class=\"wp-block-heading\" id=\"h-4-sentence-structure-clear-and-straightforward\">4. Qaabka Xukunka: Cad oo toosan<\/h3>\n\n\n\n<p>Naxwaha Thai wuxuu raacayaa qaab-dhismeedka jumlada Mawduuca-Verb-Object (SVO), oo la mid ah Ingiriisiga, kaas oo fududeeya fahamka kuwa ku hadla Ingiriisiga. Xeerka ugu weyni waa in tilmaanta, fal-falka iyo kelmadaha kale ee sifaynta ay raacaan magaca ama falka ay ku sifeeyaan.<\/p>\n\n\n\n<p>Tusaale ahaan, &#8220;\u0e1c\u0e21\u0e0a\u0e2d\u0e1a\u0e2b\u0e19\u0e31\u0e07\u0e2a\u0e37\u0e2d\u0e19\u0e35\u0e49&#8221; (p\u014fm ch\u00e2wp n\u0103ng s\u011bu n\u00e9e) waxay u tarjumaysaa &#8220;Aniga (mawduuca) waxaan jeclahay (falka) buuggan (walxaha).&#8221;<\/p>\n\n\n\n<h3 class=\"wp-block-heading\" id=\"h-5-immerse-yourself-in-thai-practice-makes-perfect\">5. Naftaada quusi \u200b\u200bThai: Ku celcelinta ayaa kaamil ka dhigaysa<\/h3>\n\n\n\n<p>Fahamka iyo maaraynta naxwaha Thai waxay marka hore u ekaan kartaa mid adag, laakiin furuhu waa adkaysi iyo ku celcelin joogto ah. Samee dhammaan dareenkaaga adiga oo ku milmaya luqadda, akhrinta, qorista, dhegeysiga, iyo la sheekaysiga kuwa ku hadla afka hooyo. Inta badan ee aad u leedahay naxwaha Thai, inta badan fikradahan qalaad waxay dareemi doonaan kuwo la yaqaan oo raaxo leh.<\/p>\n\n\n\n<p>Marka, diyaar ma u tahay inaad dhex gasho adduunka xiisaha leh ee naxwaha Thai? Qabsoo caqabada iyo sifooyinka gaarka ah ee naxwaha Thai, iyo, waqti, dadaal, iyo dareen xiiso leh, waxaad furi kartaa quruxda soo jiidashada leh ee luqadda Thai.<\/p>\n<\/div><\/div>\n\r\n<section class=\"learnNavigationSection\">\r\n            \r\n        <a href=\"https:\/\/talkpal.ai\/so\/bar-thai\/\">\r\n            <div class=\"learnNavigationWrapper\">\r\n                <div class=\"learnNavigationContent\">\r\n                    <img decoding=\"async\" src=\"https:\/\/talkpal.ai\/wp-content\/uploads\/2024\/08\/Thai.jpg\" alt=\"Thai Flag\">\r\n                    <div>\r\n                        <h4>Ku saabsan Barashada Thai<\/h4>\r\n                        <p>Ogow wax walba oo ku saabsan naxwaha Thai.<\/p>\r\n                    <\/div>\r\n                <\/div>\r\n            <\/div>\r\n        <\/a>\r\n\r\n        \r\n        <a href=\"https:\/\/talkpal.ai\/so\/layliga-naxwaha-thai\/\">\r\n            <div class=\"learnNavigationWrapper\">\r\n                <div class=\"learnNavigationContent\">\r\n                    <img decoding=\"async\" src=\"https:\/\/talkpal.ai\/wp-content\/uploads\/2024\/08\/Thai.jpg\" alt=\"Thai Flag\">\r\n                    <div>\r\n                        <h4>Layliga Naxwaha Thai<\/h4>\r\n                        <p>Ku celceli naxwaha Thai<\/p>\r\n                    <\/div>\r\n                <\/div>\r\n            <\/div>\r\n        <\/a>\r\n\r\n        \r\n        <a href=\"https:\/\/talkpal.ai\/vocabulary_language\/thai\/\">\r\n            <div class=\"learnNavigationWrapper\">\r\n                <div class=\"learnNavigationContent\">\r\n                    <img decoding=\"async\" src=\"https:\/\/talkpal.ai\/wp-content\/uploads\/2024\/08\/Thai.jpg\" alt=\"Thai Flag\">\r\n                    <div>\r\n                        <h4>Erayada Thai<\/h4>\r\n                        <p>Kordhi erayada Thai-ga<\/p>\r\n                    <\/div>\r\n                <\/div>\r\n            <\/div>\r\n        <\/a>\r\n\r\n            <\/section>","protected":false},"excerpt":{"rendered":"<p>Naxwaha Thai: Sahaminta Adduunka Luqadaha Gaarka ah Naxwaha Thai &#8211; u muuqda mid hal-abuur leh, qalaad, iyo soo jiidasho leh. Markaad u ambabaxayso safarkaaga si aad u barato luqadda Thai, waxaa laga yaabaa inaad si lama filaan ah ula dhacsan tahay naxwahahiisa. Ha baqin, sahamiyayaal af-af-yaqaan ahow! Waxaan halkaan u joognaa inaan bixino hagitaan iyo [&hellip;]<\/p>\n","protected":false},"author":1,"featured_media":1443027,"parent":0,"menu_order":0,"comment_status":"closed","ping_status":"closed","template":"LearningContentPage.php","meta":{"_acf_changed":false,"footnotes":""},"class_list":["post-1446305","page","type-page","status-publish","has-post-thumbnail","hentry"],"acf":[],"yoast_head":"<!-- This site is optimized with the Yoast SEO Premium plugin v27.2 (Yoast SEO v27.2) - https:\/\/yoast.com\/product\/yoast-seo-premium-wordpress\/ -->\n<title>Naxwaha Thai - Talkpal<\/title>\n<meta name=\"description\" content=\"Baadh adduunka xiisaha leh ee naxwaha Thai. Soo ogow fududaanteeda iyo sifooyinkeeda gaarka ah ee ka dhigaya barashada mid xiiso leh.\" \/>\n<meta name=\"robots\" content=\"index, follow, max-snippet:-1, max-image-preview:large, max-video-preview:-1\" \/>\n<link rel=\"canonical\" href=\"https:\/\/talkpal.ai\/so\/naxwaha-thai\/\" \/>\n<meta property=\"og:locale\" content=\"so_SO\" \/>\n<meta property=\"og:type\" content=\"article\" \/>\n<meta property=\"og:title\" content=\"Naxwaha Thai\" \/>\n<meta property=\"og:description\" content=\"Naxwaha Thai: Sahaminta Adduunka Luqadaha Gaarka ah Naxwaha Thai - u muuqda mid hal-abuur leh, qalaad, iyo soo jiidasho leh. Markaad u ambabaxayso\" \/>\n<meta property=\"og:url\" content=\"https:\/\/talkpal.ai\/so\/naxwaha-thai\/\" \/>\n<meta property=\"og:site_name\" content=\"Talkpal\" \/>\n<meta property=\"article:publisher\" content=\"https:\/\/www.facebook.com\/profile.php?id=100090733639311\" \/>\n<meta property=\"article:modified_time\" content=\"2025-12-13T15:46:57+00:00\" \/>\n<meta property=\"og:image\" content=\"https:\/\/talkpal.ai\/wp-content\/uploads\/2023\/05\/thailand.png\" \/>\n\t<meta property=\"og:image:width\" content=\"512\" \/>\n\t<meta property=\"og:image:height\" content=\"512\" \/>\n\t<meta property=\"og:image:type\" content=\"image\/png\" \/>\n<meta name=\"twitter:card\" content=\"summary_large_image\" \/>\n<meta name=\"twitter:site\" content=\"@talkpalai\" \/>\n<meta name=\"twitter:label1\" content=\"Est. reading time\" \/>\n\t<meta name=\"twitter:data1\" content=\"3 minutes\" \/>\n<script type=\"application\/ld+json\" class=\"yoast-schema-graph\">{\"@context\":\"https:\/\/schema.org\",\"@graph\":[{\"@type\":\"WebPage\",\"@id\":\"https:\/\/talkpal.ai\/so\/naxwaha-thai\/\",\"url\":\"https:\/\/talkpal.ai\/so\/naxwaha-thai\/\",\"name\":\"Naxwaha Thai - Talkpal\",\"isPartOf\":{\"@id\":\"https:\/\/talkpal.ai\/so\/#website\"},\"primaryImageOfPage\":{\"@id\":\"https:\/\/talkpal.ai\/so\/naxwaha-thai\/#primaryimage\"},\"image\":{\"@id\":\"https:\/\/talkpal.ai\/so\/naxwaha-thai\/#primaryimage\"},\"thumbnailUrl\":\"https:\/\/talkpal.ai\/wp-content\/uploads\/2023\/05\/thailand.png\",\"datePublished\":\"2023-05-14T14:24:42+00:00\",\"dateModified\":\"2025-12-13T15:46:57+00:00\",\"description\":\"Baadh adduunka xiisaha leh ee naxwaha Thai. Soo ogow fududaanteeda iyo sifooyinkeeda gaarka ah ee ka dhigaya barashada mid xiiso leh.\",\"breadcrumb\":{\"@id\":\"https:\/\/talkpal.ai\/so\/naxwaha-thai\/#breadcrumb\"},\"inLanguage\":\"so-SO\",\"potentialAction\":[{\"@type\":\"ReadAction\",\"target\":[\"https:\/\/talkpal.ai\/so\/naxwaha-thai\/\"]}]},{\"@type\":\"ImageObject\",\"inLanguage\":\"so-SO\",\"@id\":\"https:\/\/talkpal.ai\/so\/naxwaha-thai\/#primaryimage\",\"url\":\"https:\/\/talkpal.ai\/wp-content\/uploads\/2023\/05\/thailand.png\",\"contentUrl\":\"https:\/\/talkpal.ai\/wp-content\/uploads\/2023\/05\/thailand.png\",\"width\":512,\"height\":512,\"caption\":\"TalkPal Thailand Flag\"},{\"@type\":\"BreadcrumbList\",\"@id\":\"https:\/\/talkpal.ai\/so\/naxwaha-thai\/#breadcrumb\",\"itemListElement\":[{\"@type\":\"ListItem\",\"position\":1,\"name\":\"Homepage\",\"item\":\"https:\/\/talkpal.ai\/so\/\"},{\"@type\":\"ListItem\",\"position\":2,\"name\":\"Naxwaha Thai\"}]},{\"@type\":\"WebSite\",\"@id\":\"https:\/\/talkpal.ai\/so\/#website\",\"url\":\"https:\/\/talkpal.ai\/so\/\",\"name\":\"Talkpal\",\"description\":\"AI Language Learning\",\"publisher\":{\"@id\":\"https:\/\/talkpal.ai\/so\/#organization\"},\"alternateName\":\"Talkpal AI\",\"potentialAction\":[{\"@type\":\"SearchAction\",\"target\":{\"@type\":\"EntryPoint\",\"urlTemplate\":\"https:\/\/talkpal.ai\/so\/?s={search_term_string}\"},\"query-input\":{\"@type\":\"PropertyValueSpecification\",\"valueRequired\":true,\"valueName\":\"search_term_string\"}}],\"inLanguage\":\"so-SO\"},{\"@type\":\"Organization\",\"@id\":\"https:\/\/talkpal.ai\/so\/#organization\",\"name\":\"Talkpal, Inc.\",\"alternateName\":\"Talkpal AI\",\"url\":\"https:\/\/talkpal.ai\/so\/\",\"logo\":{\"@type\":\"ImageObject\",\"inLanguage\":\"so-SO\",\"@id\":\"https:\/\/talkpal.ai\/so\/#\/schema\/logo\/image\/\",\"url\":\"https:\/\/talkpal.ai\/wp-content\/uploads\/2024\/03\/Talkpal-Logo-Icon.png\",\"contentUrl\":\"https:\/\/talkpal.ai\/wp-content\/uploads\/2024\/03\/Talkpal-Logo-Icon.png\",\"width\":2880,\"height\":2880,\"caption\":\"Talkpal, Inc.\"},\"image\":{\"@id\":\"https:\/\/talkpal.ai\/so\/#\/schema\/logo\/image\/\"},\"sameAs\":[\"https:\/\/www.facebook.com\/profile.php?id=100090733639311\",\"https:\/\/x.com\/talkpalai\",\"https:\/\/www.linkedin.com\/company\/talkpal\/\",\"https:\/\/www.youtube.com\/@TalkPal\/\",\"https:\/\/www.tiktok.com\/@talkpal\",\"https:\/\/www.instagram.com\/talkpal_ai\/\",\"https:\/\/www.crunchbase.com\/organization\/talkpal-9cde\",\"https:\/\/www.g2.com\/products\/talkpal-for-business\/\",\"https:\/\/www.trustpilot.com\/review\/talkpal.ai\",\"https:\/\/www.capterra.com\/p\/10006800\/TalkPal\/\"],\"description\":\"Talkpal is a language learning web and mobile education app, powered by the latest AI technologies, that provides engaging experiences to its customers in many different languages to help them improve their language skills. Users can chat about unlimited amount of topics with the app and use other modes to practice their language learning.\",\"email\":\"support@talkpal.ai\",\"legalName\":\"Talkpal, Inc.\",\"foundingDate\":\"2023-04-03\",\"duns\":\"118989042\",\"numberOfEmployees\":{\"@type\":\"QuantitativeValue\",\"minValue\":\"11\",\"maxValue\":\"50\"},\"publishingPrinciples\":\"https:\/\/talkpal.ai\/publishing-principles\/\",\"actionableFeedbackPolicy\":\"https:\/\/talkpal.ai\/actionable-feedback-policy\/\",\"correctionsPolicy\":\"https:\/\/talkpal.ai\/corrections-policy\/\",\"ethicsPolicy\":\"https:\/\/talkpal.ai\/ethics-policy\/\",\"diversityPolicy\":\"https:\/\/talkpal.ai\/diversity-policy\/\",\"diversityStaffingReport\":\"https:\/\/talkpal.ai\/diversity-policy\/\"}]}<\/script>\n<!-- \/ Yoast SEO Premium plugin. -->","yoast_head_json":{"title":"Naxwaha Thai - Talkpal","description":"Baadh adduunka xiisaha leh ee naxwaha Thai. Soo ogow fududaanteeda iyo sifooyinkeeda gaarka ah ee ka dhigaya barashada mid xiiso leh.","robots":{"index":"index","follow":"follow","max-snippet":"max-snippet:-1","max-image-preview":"max-image-preview:large","max-video-preview":"max-video-preview:-1"},"canonical":"https:\/\/talkpal.ai\/so\/naxwaha-thai\/","og_locale":"so_SO","og_type":"article","og_title":"Naxwaha Thai","og_description":"Naxwaha Thai: Sahaminta Adduunka Luqadaha Gaarka ah Naxwaha Thai - u muuqda mid hal-abuur leh, qalaad, iyo soo jiidasho leh. Markaad u ambabaxayso","og_url":"https:\/\/talkpal.ai\/so\/naxwaha-thai\/","og_site_name":"Talkpal","article_publisher":"https:\/\/www.facebook.com\/profile.php?id=100090733639311","article_modified_time":"2025-12-13T15:46:57+00:00","og_image":[{"width":512,"height":512,"url":"https:\/\/talkpal.ai\/wp-content\/uploads\/2023\/05\/thailand.png","type":"image\/png"}],"twitter_card":"summary_large_image","twitter_site":"@talkpalai","twitter_misc":{"Est. reading time":"3 minutes"},"schema":{"@context":"https:\/\/schema.org","@graph":[{"@type":"WebPage","@id":"https:\/\/talkpal.ai\/so\/naxwaha-thai\/","url":"https:\/\/talkpal.ai\/so\/naxwaha-thai\/","name":"Naxwaha Thai - Talkpal","isPartOf":{"@id":"https:\/\/talkpal.ai\/so\/#website"},"primaryImageOfPage":{"@id":"https:\/\/talkpal.ai\/so\/naxwaha-thai\/#primaryimage"},"image":{"@id":"https:\/\/talkpal.ai\/so\/naxwaha-thai\/#primaryimage"},"thumbnailUrl":"https:\/\/talkpal.ai\/wp-content\/uploads\/2023\/05\/thailand.png","datePublished":"2023-05-14T14:24:42+00:00","dateModified":"2025-12-13T15:46:57+00:00","description":"Baadh adduunka xiisaha leh ee naxwaha Thai. Soo ogow fududaanteeda iyo sifooyinkeeda gaarka ah ee ka dhigaya barashada mid xiiso leh.","breadcrumb":{"@id":"https:\/\/talkpal.ai\/so\/naxwaha-thai\/#breadcrumb"},"inLanguage":"so-SO","potentialAction":[{"@type":"ReadAction","target":["https:\/\/talkpal.ai\/so\/naxwaha-thai\/"]}]},{"@type":"ImageObject","inLanguage":"so-SO","@id":"https:\/\/talkpal.ai\/so\/naxwaha-thai\/#primaryimage","url":"https:\/\/talkpal.ai\/wp-content\/uploads\/2023\/05\/thailand.png","contentUrl":"https:\/\/talkpal.ai\/wp-content\/uploads\/2023\/05\/thailand.png","width":512,"height":512,"caption":"TalkPal Thailand Flag"},{"@type":"BreadcrumbList","@id":"https:\/\/talkpal.ai\/so\/naxwaha-thai\/#breadcrumb","itemListElement":[{"@type":"ListItem","position":1,"name":"Homepage","item":"https:\/\/talkpal.ai\/so\/"},{"@type":"ListItem","position":2,"name":"Naxwaha Thai"}]},{"@type":"WebSite","@id":"https:\/\/talkpal.ai\/so\/#website","url":"https:\/\/talkpal.ai\/so\/","name":"Talkpal","description":"AI Language Learning","publisher":{"@id":"https:\/\/talkpal.ai\/so\/#organization"},"alternateName":"Talkpal AI","potentialAction":[{"@type":"SearchAction","target":{"@type":"EntryPoint","urlTemplate":"https:\/\/talkpal.ai\/so\/?s={search_term_string}"},"query-input":{"@type":"PropertyValueSpecification","valueRequired":true,"valueName":"search_term_string"}}],"inLanguage":"so-SO"},{"@type":"Organization","@id":"https:\/\/talkpal.ai\/so\/#organization","name":"Talkpal, Inc.","alternateName":"Talkpal AI","url":"https:\/\/talkpal.ai\/so\/","logo":{"@type":"ImageObject","inLanguage":"so-SO","@id":"https:\/\/talkpal.ai\/so\/#\/schema\/logo\/image\/","url":"https:\/\/talkpal.ai\/wp-content\/uploads\/2024\/03\/Talkpal-Logo-Icon.png","contentUrl":"https:\/\/talkpal.ai\/wp-content\/uploads\/2024\/03\/Talkpal-Logo-Icon.png","width":2880,"height":2880,"caption":"Talkpal, Inc."},"image":{"@id":"https:\/\/talkpal.ai\/so\/#\/schema\/logo\/image\/"},"sameAs":["https:\/\/www.facebook.com\/profile.php?id=100090733639311","https:\/\/x.com\/talkpalai","https:\/\/www.linkedin.com\/company\/talkpal\/","https:\/\/www.youtube.com\/@TalkPal\/","https:\/\/www.tiktok.com\/@talkpal","https:\/\/www.instagram.com\/talkpal_ai\/","https:\/\/www.crunchbase.com\/organization\/talkpal-9cde","https:\/\/www.g2.com\/products\/talkpal-for-business\/","https:\/\/www.trustpilot.com\/review\/talkpal.ai","https:\/\/www.capterra.com\/p\/10006800\/TalkPal\/"],"description":"Talkpal is a language learning web and mobile education app, powered by the latest AI technologies, that provides engaging experiences to its customers in many different languages to help them improve their language skills. Users can chat about unlimited amount of topics with the app and use other modes to practice their language learning.","email":"support@talkpal.ai","legalName":"Talkpal, Inc.","foundingDate":"2023-04-03","duns":"118989042","numberOfEmployees":{"@type":"QuantitativeValue","minValue":"11","maxValue":"50"},"publishingPrinciples":"https:\/\/talkpal.ai\/publishing-principles\/","actionableFeedbackPolicy":"https:\/\/talkpal.ai\/actionable-feedback-policy\/","correctionsPolicy":"https:\/\/talkpal.ai\/corrections-policy\/","ethicsPolicy":"https:\/\/talkpal.ai\/ethics-policy\/","diversityPolicy":"https:\/\/talkpal.ai\/diversity-policy\/","diversityStaffingReport":"https:\/\/talkpal.ai\/diversity-policy\/"}]}},"_links":{"self":[{"href":"https:\/\/talkpal.ai\/so\/wp-json\/wp\/v2\/pages\/1446305","targetHints":{"allow":["GET"]}}],"collection":[{"href":"https:\/\/talkpal.ai\/so\/wp-json\/wp\/v2\/pages"}],"about":[{"href":"https:\/\/talkpal.ai\/so\/wp-json\/wp\/v2\/types\/page"}],"author":[{"embeddable":true,"href":"https:\/\/talkpal.ai\/so\/wp-json\/wp\/v2\/users\/1"}],"replies":[{"embeddable":true,"href":"https:\/\/talkpal.ai\/so\/wp-json\/wp\/v2\/comments?post=1446305"}],"version-history":[{"count":0,"href":"https:\/\/talkpal.ai\/so\/wp-json\/wp\/v2\/pages\/1446305\/revisions"}],"wp:featuredmedia":[{"embeddable":true,"href":"https:\/\/talkpal.ai\/so\/wp-json\/wp\/v2\/media\/1443027"}],"wp:attachment":[{"href":"https:\/\/talkpal.ai\/so\/wp-json\/wp\/v2\/media?parent=1446305"}],"curies":[{"name":"wp","href":"https:\/\/api.w.org\/{rel}","templated":true}]}}