{"id":1446297,"date":"2023-05-14T14:23:49","date_gmt":"2023-05-14T14:23:49","guid":{"rendered":"https:\/\/talkpal.ai\/naxwaha-turkiga\/"},"modified":"2025-12-13T15:45:44","modified_gmt":"2025-12-13T15:45:44","slug":"naxwaha-turkiga","status":"publish","type":"page","link":"https:\/\/talkpal.ai\/so\/naxwaha-turkiga\/","title":{"rendered":"Naxwaha Turkiga"},"content":{"rendered":"\r\n\r\n\r\n<section class=\"languageChallengeSection\">\r\n    <div class=\"languageInfoWrapper\">\r\n        \r\n        <h1>Naxwaha Turkiga<\/h1>\r\n        <p>Ma jeceshahay inaad barato luqada Turkiga? Sahami naxwaha Turkiga oo arag sida qaabdhismeedkiisa macquulka ah, wada noolaanshaha shaqalka, <a href=\"https:\/\/talkpal.ai\/locations\/language-courses-in-iyo\/\">iyo<\/a> qaabka shaqalka ee sahlan ee loo raaco ay uga dhigayaan mid soo jiidasho leh oo la heli karo. Bilow safarkaaga maanta\u2014aqoonsiga naxwaha Turkiga waa furahaaga isgaarsiinta hufan iyo furitaanka adduun firfircoon oo dhaqan iyo xiriir ah!<\/p>\r\n\r\n                            <a class=\"getStartedHidden\" href=\"https:\/\/app.talkpal.ai\/signup?lng=\">Bilow<\/a>\r\n        \r\n    <\/div>\r\n\r\n    <figure>\r\n    <img decoding=\"async\" width=\"768\" height=\"768\" src=\"https:\/\/talkpal.ai\/wp-content\/uploads\/2023\/06\/turkish-768x768.png\" class=\"languageImage no-lazy\" alt=\"Language learning for increased focus\" fetchpriority=\"high\" sizes=\"(max-width: 768px) 150px, 768px\" srcset=\"https:\/\/talkpal.ai\/wp-content\/uploads\/2023\/06\/turkish-768x768.png 768w, https:\/\/talkpal.ai\/wp-content\/uploads\/2023\/06\/turkish-300x300.png 300w\" \/>\r\n    \r\n\r\n    <\/figure>\r\n\r\n            <a class=\"getStartedVisible\" href=\"https:\/\/app.talkpal.ai\/signup?lng=\">Bilow<\/a>\r\n    \r\n<\/section>\r\n<section class=\"promotionalBanner\">\r\n    <p class=\"promotionalText\">Habka ugu hufan ee lagu barto luqadda<\/p>\r\n    <a class=\"promotionalLink\" href=\"https:\/\/app.talkpal.ai\/signup?lng=\">Isku day Talkpal bilaash<\/a>\r\n<\/section>\n<div class=\"wp-block-group pageContainerStyle\"><div class=\"wp-block-group__inner-container is-layout-constrained wp-block-group-is-layout-constrained\">\n<h2 class=\"wp-block-heading\" id=\"h-the-ultimate-guide-to-turkish-grammar-navigating-the-intricacies-of-a-unique-language\">Tusaha ugu dambeeya ee Naxwaha Turkiga: Ka warhaynta qallafsanaanta Luqadda Gaarka ah<\/h2>\n\n\n\n<p>Naxwaha Turkiga, sida luqadda lafteeda, waxay soo bandhigaysaa cajalad qani ah oo soo jiidasho leh oo ah qaybaha luqadaha. Xubin ka ah qoyska luqadda Turkiga, Turkigu wuxuu soo jiitaa ardayda sifooyinkeeda kala duwan iyo caqabadaha xitaa kuwa ugu aqoonta badan. Tilmaan-bixiyahan, waxaanu ku baari doonaa mabaadi&#8217;da muhiimka ah ee naxwaha Turkiga, waxaanu hoos u dhigi doonaa kakankiisa, waxaanu kugu taageeri doonaa safarkaaga si aad si fiican ugu noqoto luuqadan soo jiidashada leh. Aan bilowno!<\/p>\n\n\n\n<h3 class=\"wp-block-heading\" id=\"h-the-nuts-and-bolts-turkish-sentence-structure\">Nuts iyo Bolts: Qaab-dhismeedka Xukunka Turkiga<\/h3>\n\n\n\n<p>Xagga gundhigga, naxwaha Turkigu waa mid toos ah. Luqadda guud ahaan waxay raacdaa Mawduuca-Shayga-Verb (SOV) qaab-dhismeedka weedha, ka duwan Ingiriisi iyo luqado kale oo badan. Tusaale ahaan, weedha &#8220;Waxaan cunaa tufaax&#8221; waxay u tarjumaysaa &#8220;Ben elma yiyorum&#8221; (Ben=I, elma= tufaax, yiyorum=cun). Fudud, sax? Si kastaba ha ahaatee, marka aan sii qoto dheereyno, waxaad la kulmi doontaa qaar xiiso leh oo gaar ah oo naxwaha Turkiga ah.<\/p>\n\n\n\n<h3 class=\"wp-block-heading\" id=\"h-meet-the-family-turkish-nouns-and-their-suffixes\">La kulan Qoyska: Magacyo Turki ah iyo Dabagalyadooda<\/h3>\n\n\n\n<p>Mid ka mid ah sifooyinka ugu caansan ee naxwaha Turkiga waa isticmaalka daba-galayaasha si loo muujiyo xidhiidhada naxwe ahaaneed ee kala duwan. Ma jiraan wax horudhac ah oo <a href=\"https:\/\/talkpal.ai\/learn-turkish\/\">Turki<\/a> ah; Meeshooda, daba-galeyaal ayaa lagu lifaaqaa magacyada si ay u muujiyaan lahaanshaha, walxaha tooska ah, iyo goobta.<\/p>\n\n\n\n<p>Tusaale ahaan, aynu soo qaadano ereyga &#8220;elma&#8221; (elma) oo macneheedu yahay &#8220;tufaax&#8221;:<\/p>\n\n\n\n<p><strong>&#8211; Haysashada: Benim elmam (tufaaxdayda)<\/strong><\/p>\n\n\n\n<p><strong>&#8211; Shayga tooska ah: Elmay\u0131 yedim (waxaan cunay tufaaxa)<\/strong><\/p>\n\n\n\n<p><strong>&#8211; Goobta: Elmada (Xagga tufaaxa)<\/strong><\/p>\n\n\n\n<p>Waa muhiim in aad is barato daba-galayaashan, maadaama ay si weyn u beddeli karaan macnaha jumladahaaga.<\/p>\n\n\n\n<h3 class=\"wp-block-heading\" id=\"h-playing-with-numbers-turkish-plurals-and-genders\">Ku ciyaarista Tirooyinka: Jamacadaha Turkiga iyo Jinsiga<\/h3>\n\n\n\n<p>Marka la samaynayo jamac turkiga, waxa lama huraan ah in lagu daro hal dabadhis: -ler <a href=\"https:\/\/talkpal.ai\/locations\/language-courses-in-ama\/\">ama<\/a> -lar, taas oo ku xidhan shaqalka kuugu dhaw ee ereyga. Si ka duwan luqado kale oo badan, Turkigu ma laha jinsi naxwe ahaaneed. Tani waxay ka dhigan tahay inaadan ka werwerin inaad barato dhammaadyo ama qaabab kala duwan oo magacyo lab ah, dhedig, ama dhexdhexaad ah.<\/p>\n\n\n\n<p>Tusaale ahaan, &#8220;k\u00f6pek&#8221; (k\u00f6pek, magac macneheedu yahay &#8220;ey&#8221;) wuxuu noqdaa &#8220;k\u00f6pekler&#8221; (k\u00f6pekler, dogs), iyo &#8220;kedi&#8221; (kedi, magac macnihiisu yahay &#8220;bisad&#8221;) wuxuu noqonayaa&#8221; kediler&#8221; (kediler, bisadaha).<\/p>\n\n\n\n<h3 class=\"wp-block-heading\" id=\"h-the-art-of-conjugation-turkish-verbs\">Farshaxanka Isku-xidhka: Falka Turkiga<\/h3>\n\n\n\n<p>Ficillada Turkiga waxay u muuqan karaan kuwo adag marka hore, sababtoo ah waqtigooda tirada badan, niyadda, iyo isku xidhka. Si kastaba ha ahaatee, furaha fahamkooda waa in la aqoonsado qaababka caadiga ah oo si joogto ah loogu tababaro.<\/p>\n\n\n\n<p>Turkiga, shaqalku waxay adeegsadaan habab kala duwan si ay u muujiyaan kacsanaan, niyadda, iyo qofka. Jirridka shaqalku wali waxba kama beddelin. Aan tusaale ahaan u soo qaadanno falka \u201cyemek\u201d (yemek, \u201cinuu cuno\u201d)<\/p>\n\n\n\n<p><strong>Xiisad joogto ah oo joogto ah: Yiyorum (waan wax cunayaa)<\/strong><\/p>\n\n\n\n<p><strong>Waqtigii hore: Yedim (waan cunay)<\/strong><\/p>\n\n\n\n<p><strong>Xiisadda mustaqbalka: Yiyece\u011fim (waan cuni doonaa)<\/strong><\/p>\n\n\n\n<p>Sida aad arki karto, dhammaadka ayaa isbeddelaya iyadoo loo eegayo dareenka iyo qofka. Ku celcelinta iyo dulqaadka, waxaad bilaabi doontaa inaad aqoonsato qaababka oo aad ka adkaato caqabadan.<\/p>\n\n\n\n<h3 class=\"wp-block-heading\" id=\"h-the-finishing-touches-turkish-adjectives-adverbs-and-more\">Taabashooyinka Dhamaystirka: Sifooyinka Turkiga, Aflagaado, iyo in ka badan<\/h3>\n\n\n\n<p>Marka ay timaaddo tibaaxaha iyo tibaaxaha Turkiga, waxay door muhiim ah ka ciyaaraan inay ku daraan qoto dheer iyo kakanaanta hadalkaaga. Sifooyinka Turkiga uma baahna inay ku heshiiyaan magacyada ay wax ka beddelaan, taasoo ka dhigaysa inay si fudud ula macaamilaan luqado kale oo badan.<\/p>\n\n\n\n<p>Tusaale ahaan, &#8220;g\u00fczel&#8221; (g\u00fczel) macneheedu waa &#8220;qurux badan,&#8221; waxaana laga yaabaa inaad u aragto &#8220;g\u00fczel \u00e7i\u00e7ek&#8221; (g\u00fczel \u00e7i\u00e7ek, &#8220;ubax qurxoon&#8221;) ama &#8220;g\u00fczel k\u00f6pek&#8221; (g\u00fczel k\u00f6pek, &#8220;ey qurux badan&#8221;), iyada oo aan wax isbeddel ah ku jirin jamac iyo jinsi.<\/p>\n\n\n\n<p>Sifooyinku caadi ahaan waxay raacaan qaabab isku mid ah, oo inta badan laga soo qaatay sifooyin. Af-Turkiga, fal-faleyaal badan ayaa lagu samayn karaa iyadoo lagu darayo daba-galka -ce ama -ca ee tibaaxaha, taasoo ku xidhan shaqalka ugu dhow.<\/p>\n\n\n\n<p>Gebagebadii, naxwaha naxwaha Turkiga ee kakan iyo waxyaabaha uu <a href=\"https:\/\/talkpal.ai\/locations\/language-courses-in-kaga\/\">kaga<\/a> duwan yahay, in kasta oo ay adag tahay, haddana waxay siinayaan luqadda quruxdeeda iyo dabeecadeeda soo jiidashada leh. Isku darka adkaysiga, xiisaha, iyo codsiga dhabta ah, waxaad si fudud oo kalsooni leh ugu socon doontaa naxwaha Turkiga dhawaan. Barasho wacan!<\/p>\n<\/div><\/div>\n\r\n<section class=\"learnNavigationSection\">\r\n            \r\n        <a href=\"https:\/\/talkpal.ai\/so\/baro-turkiga\/\">\r\n            <div class=\"learnNavigationWrapper\">\r\n                <div class=\"learnNavigationContent\">\r\n                    <img decoding=\"async\" src=\"https:\/\/talkpal.ai\/wp-content\/uploads\/2024\/08\/Turkish.jpg\" alt=\"Turkish Flag\">\r\n                    <div>\r\n                        <h4>Ku saabsan Barashada Turkiga<\/h4>\r\n                        <p>Wax walba ka ogow naxwaha Turkiga.<\/p>\r\n                    <\/div>\r\n                <\/div>\r\n            <\/div>\r\n        <\/a>\r\n\r\n        \r\n        <a href=\"https:\/\/talkpal.ai\/so\/layliyada-naxwaha-turkiga\/\">\r\n            <div class=\"learnNavigationWrapper\">\r\n                <div class=\"learnNavigationContent\">\r\n                    <img decoding=\"async\" src=\"https:\/\/talkpal.ai\/wp-content\/uploads\/2024\/08\/Turkish.jpg\" alt=\"Turkish Flag\">\r\n                    <div>\r\n                        <h4>Layliga Naxwaha Turkiga<\/h4>\r\n                        <p>Ku celceli naxwaha Turkiga.<\/p>\r\n                    <\/div>\r\n                <\/div>\r\n            <\/div>\r\n        <\/a>\r\n\r\n        \r\n        <a href=\"https:\/\/talkpal.ai\/vocabulary_language\/turkish\/\">\r\n            <div class=\"learnNavigationWrapper\">\r\n                <div class=\"learnNavigationContent\">\r\n                    <img decoding=\"async\" src=\"https:\/\/talkpal.ai\/wp-content\/uploads\/2024\/08\/Turkish.jpg\" alt=\"Turkish Flag\">\r\n                    <div>\r\n                        <h4>Erayada Turkiga<\/h4>\r\n                        <p>Kordhi erayadaada Turkiga.<\/p>\r\n                    <\/div>\r\n                <\/div>\r\n            <\/div>\r\n        <\/a>\r\n\r\n            <\/section>","protected":false},"excerpt":{"rendered":"<p>Tusaha ugu dambeeya ee Naxwaha Turkiga: Ka warhaynta qallafsanaanta Luqadda Gaarka ah Naxwaha Turkiga, sida luqadda lafteeda, waxay soo bandhigaysaa cajalad qani ah oo soo jiidasho leh oo ah qaybaha luqadaha. Xubin ka ah qoyska luqadda Turkiga, Turkigu wuxuu soo jiitaa ardayda sifooyinkeeda kala duwan iyo caqabadaha xitaa kuwa ugu aqoonta badan. Tilmaan-bixiyahan, waxaanu ku [&hellip;]<\/p>\n","protected":false},"author":1,"featured_media":1443039,"parent":0,"menu_order":0,"comment_status":"closed","ping_status":"closed","template":"LearningContentPage.php","meta":{"_acf_changed":false,"footnotes":""},"class_list":["post-1446297","page","type-page","status-publish","has-post-thumbnail","hentry"],"acf":[],"yoast_head":"<!-- This site is optimized with the Yoast SEO Premium plugin v27.2 (Yoast SEO v27.2) - https:\/\/yoast.com\/product\/yoast-seo-premium-wordpress\/ -->\n<title>Naxwaha Turkiga - Talkpal<\/title>\n<meta name=\"description\" content=\"Ku fur siraha naxwaha Turkiga hageheena dhamaystiran ee mabaadi&#039;da muhiimka ah iyo qaab dhismeedka jumlada.\" \/>\n<meta name=\"robots\" content=\"index, follow, max-snippet:-1, max-image-preview:large, max-video-preview:-1\" \/>\n<link rel=\"canonical\" href=\"https:\/\/talkpal.ai\/so\/naxwaha-turkiga\/\" \/>\n<meta property=\"og:locale\" content=\"so_SO\" \/>\n<meta property=\"og:type\" content=\"article\" \/>\n<meta property=\"og:title\" content=\"Naxwaha Turkiga\" \/>\n<meta property=\"og:description\" content=\"Tusaha ugu dambeeya ee Naxwaha Turkiga: Ka warhaynta qallafsanaanta Luqadda Gaarka ah Naxwaha Turkiga, sida luqadda lafteeda, waxay soo bandhigaysaa\" \/>\n<meta property=\"og:url\" content=\"https:\/\/talkpal.ai\/so\/naxwaha-turkiga\/\" \/>\n<meta property=\"og:site_name\" content=\"Talkpal\" \/>\n<meta property=\"article:publisher\" content=\"https:\/\/www.facebook.com\/profile.php?id=100090733639311\" \/>\n<meta property=\"article:modified_time\" content=\"2025-12-13T15:45:44+00:00\" \/>\n<meta property=\"og:image\" content=\"https:\/\/talkpal.ai\/wp-content\/uploads\/2023\/05\/turkish.png\" \/>\n\t<meta property=\"og:image:width\" content=\"512\" \/>\n\t<meta property=\"og:image:height\" content=\"512\" \/>\n\t<meta property=\"og:image:type\" content=\"image\/png\" \/>\n<meta name=\"twitter:card\" content=\"summary_large_image\" \/>\n<meta name=\"twitter:site\" content=\"@talkpalai\" \/>\n<meta name=\"twitter:label1\" content=\"Est. reading time\" \/>\n\t<meta name=\"twitter:data1\" content=\"3 minutes\" \/>\n<script type=\"application\/ld+json\" class=\"yoast-schema-graph\">{\"@context\":\"https:\/\/schema.org\",\"@graph\":[{\"@type\":\"WebPage\",\"@id\":\"https:\/\/talkpal.ai\/so\/naxwaha-turkiga\/\",\"url\":\"https:\/\/talkpal.ai\/so\/naxwaha-turkiga\/\",\"name\":\"Naxwaha Turkiga - Talkpal\",\"isPartOf\":{\"@id\":\"https:\/\/talkpal.ai\/so\/#website\"},\"primaryImageOfPage\":{\"@id\":\"https:\/\/talkpal.ai\/so\/naxwaha-turkiga\/#primaryimage\"},\"image\":{\"@id\":\"https:\/\/talkpal.ai\/so\/naxwaha-turkiga\/#primaryimage\"},\"thumbnailUrl\":\"https:\/\/talkpal.ai\/wp-content\/uploads\/2023\/05\/turkish.png\",\"datePublished\":\"2023-05-14T14:23:49+00:00\",\"dateModified\":\"2025-12-13T15:45:44+00:00\",\"description\":\"Ku fur siraha naxwaha Turkiga hageheena dhamaystiran ee mabaadi'da muhiimka ah iyo qaab dhismeedka jumlada.\",\"breadcrumb\":{\"@id\":\"https:\/\/talkpal.ai\/so\/naxwaha-turkiga\/#breadcrumb\"},\"inLanguage\":\"so-SO\",\"potentialAction\":[{\"@type\":\"ReadAction\",\"target\":[\"https:\/\/talkpal.ai\/so\/naxwaha-turkiga\/\"]}]},{\"@type\":\"ImageObject\",\"inLanguage\":\"so-SO\",\"@id\":\"https:\/\/talkpal.ai\/so\/naxwaha-turkiga\/#primaryimage\",\"url\":\"https:\/\/talkpal.ai\/wp-content\/uploads\/2023\/05\/turkish.png\",\"contentUrl\":\"https:\/\/talkpal.ai\/wp-content\/uploads\/2023\/05\/turkish.png\",\"width\":512,\"height\":512,\"caption\":\"TalkPal Turkish Flag\"},{\"@type\":\"BreadcrumbList\",\"@id\":\"https:\/\/talkpal.ai\/so\/naxwaha-turkiga\/#breadcrumb\",\"itemListElement\":[{\"@type\":\"ListItem\",\"position\":1,\"name\":\"Homepage\",\"item\":\"https:\/\/talkpal.ai\/so\/\"},{\"@type\":\"ListItem\",\"position\":2,\"name\":\"Naxwaha Turkiga\"}]},{\"@type\":\"WebSite\",\"@id\":\"https:\/\/talkpal.ai\/so\/#website\",\"url\":\"https:\/\/talkpal.ai\/so\/\",\"name\":\"Talkpal\",\"description\":\"AI Language Learning\",\"publisher\":{\"@id\":\"https:\/\/talkpal.ai\/so\/#organization\"},\"alternateName\":\"Talkpal AI\",\"potentialAction\":[{\"@type\":\"SearchAction\",\"target\":{\"@type\":\"EntryPoint\",\"urlTemplate\":\"https:\/\/talkpal.ai\/so\/?s={search_term_string}\"},\"query-input\":{\"@type\":\"PropertyValueSpecification\",\"valueRequired\":true,\"valueName\":\"search_term_string\"}}],\"inLanguage\":\"so-SO\"},{\"@type\":\"Organization\",\"@id\":\"https:\/\/talkpal.ai\/so\/#organization\",\"name\":\"Talkpal, Inc.\",\"alternateName\":\"Talkpal AI\",\"url\":\"https:\/\/talkpal.ai\/so\/\",\"logo\":{\"@type\":\"ImageObject\",\"inLanguage\":\"so-SO\",\"@id\":\"https:\/\/talkpal.ai\/so\/#\/schema\/logo\/image\/\",\"url\":\"https:\/\/talkpal.ai\/wp-content\/uploads\/2024\/03\/Talkpal-Logo-Icon.png\",\"contentUrl\":\"https:\/\/talkpal.ai\/wp-content\/uploads\/2024\/03\/Talkpal-Logo-Icon.png\",\"width\":2880,\"height\":2880,\"caption\":\"Talkpal, Inc.\"},\"image\":{\"@id\":\"https:\/\/talkpal.ai\/so\/#\/schema\/logo\/image\/\"},\"sameAs\":[\"https:\/\/www.facebook.com\/profile.php?id=100090733639311\",\"https:\/\/x.com\/talkpalai\",\"https:\/\/www.linkedin.com\/company\/talkpal\/\",\"https:\/\/www.youtube.com\/@TalkPal\/\",\"https:\/\/www.tiktok.com\/@talkpal\",\"https:\/\/www.instagram.com\/talkpal_ai\/\",\"https:\/\/www.crunchbase.com\/organization\/talkpal-9cde\",\"https:\/\/www.g2.com\/products\/talkpal-for-business\/\",\"https:\/\/www.trustpilot.com\/review\/talkpal.ai\",\"https:\/\/www.capterra.com\/p\/10006800\/TalkPal\/\"],\"description\":\"Talkpal is a language learning web and mobile education app, powered by the latest AI technologies, that provides engaging experiences to its customers in many different languages to help them improve their language skills. Users can chat about unlimited amount of topics with the app and use other modes to practice their language learning.\",\"email\":\"support@talkpal.ai\",\"legalName\":\"Talkpal, Inc.\",\"foundingDate\":\"2023-04-03\",\"duns\":\"118989042\",\"numberOfEmployees\":{\"@type\":\"QuantitativeValue\",\"minValue\":\"11\",\"maxValue\":\"50\"},\"publishingPrinciples\":\"https:\/\/talkpal.ai\/publishing-principles\/\",\"actionableFeedbackPolicy\":\"https:\/\/talkpal.ai\/actionable-feedback-policy\/\",\"correctionsPolicy\":\"https:\/\/talkpal.ai\/corrections-policy\/\",\"ethicsPolicy\":\"https:\/\/talkpal.ai\/ethics-policy\/\",\"diversityPolicy\":\"https:\/\/talkpal.ai\/diversity-policy\/\",\"diversityStaffingReport\":\"https:\/\/talkpal.ai\/diversity-policy\/\"}]}<\/script>\n<!-- \/ Yoast SEO Premium plugin. -->","yoast_head_json":{"title":"Naxwaha Turkiga - Talkpal","description":"Ku fur siraha naxwaha Turkiga hageheena dhamaystiran ee mabaadi'da muhiimka ah iyo qaab dhismeedka jumlada.","robots":{"index":"index","follow":"follow","max-snippet":"max-snippet:-1","max-image-preview":"max-image-preview:large","max-video-preview":"max-video-preview:-1"},"canonical":"https:\/\/talkpal.ai\/so\/naxwaha-turkiga\/","og_locale":"so_SO","og_type":"article","og_title":"Naxwaha Turkiga","og_description":"Tusaha ugu dambeeya ee Naxwaha Turkiga: Ka warhaynta qallafsanaanta Luqadda Gaarka ah Naxwaha Turkiga, sida luqadda lafteeda, waxay soo bandhigaysaa","og_url":"https:\/\/talkpal.ai\/so\/naxwaha-turkiga\/","og_site_name":"Talkpal","article_publisher":"https:\/\/www.facebook.com\/profile.php?id=100090733639311","article_modified_time":"2025-12-13T15:45:44+00:00","og_image":[{"width":512,"height":512,"url":"https:\/\/talkpal.ai\/wp-content\/uploads\/2023\/05\/turkish.png","type":"image\/png"}],"twitter_card":"summary_large_image","twitter_site":"@talkpalai","twitter_misc":{"Est. reading time":"3 minutes"},"schema":{"@context":"https:\/\/schema.org","@graph":[{"@type":"WebPage","@id":"https:\/\/talkpal.ai\/so\/naxwaha-turkiga\/","url":"https:\/\/talkpal.ai\/so\/naxwaha-turkiga\/","name":"Naxwaha Turkiga - Talkpal","isPartOf":{"@id":"https:\/\/talkpal.ai\/so\/#website"},"primaryImageOfPage":{"@id":"https:\/\/talkpal.ai\/so\/naxwaha-turkiga\/#primaryimage"},"image":{"@id":"https:\/\/talkpal.ai\/so\/naxwaha-turkiga\/#primaryimage"},"thumbnailUrl":"https:\/\/talkpal.ai\/wp-content\/uploads\/2023\/05\/turkish.png","datePublished":"2023-05-14T14:23:49+00:00","dateModified":"2025-12-13T15:45:44+00:00","description":"Ku fur siraha naxwaha Turkiga hageheena dhamaystiran ee mabaadi'da muhiimka ah iyo qaab dhismeedka jumlada.","breadcrumb":{"@id":"https:\/\/talkpal.ai\/so\/naxwaha-turkiga\/#breadcrumb"},"inLanguage":"so-SO","potentialAction":[{"@type":"ReadAction","target":["https:\/\/talkpal.ai\/so\/naxwaha-turkiga\/"]}]},{"@type":"ImageObject","inLanguage":"so-SO","@id":"https:\/\/talkpal.ai\/so\/naxwaha-turkiga\/#primaryimage","url":"https:\/\/talkpal.ai\/wp-content\/uploads\/2023\/05\/turkish.png","contentUrl":"https:\/\/talkpal.ai\/wp-content\/uploads\/2023\/05\/turkish.png","width":512,"height":512,"caption":"TalkPal Turkish Flag"},{"@type":"BreadcrumbList","@id":"https:\/\/talkpal.ai\/so\/naxwaha-turkiga\/#breadcrumb","itemListElement":[{"@type":"ListItem","position":1,"name":"Homepage","item":"https:\/\/talkpal.ai\/so\/"},{"@type":"ListItem","position":2,"name":"Naxwaha Turkiga"}]},{"@type":"WebSite","@id":"https:\/\/talkpal.ai\/so\/#website","url":"https:\/\/talkpal.ai\/so\/","name":"Talkpal","description":"AI Language Learning","publisher":{"@id":"https:\/\/talkpal.ai\/so\/#organization"},"alternateName":"Talkpal AI","potentialAction":[{"@type":"SearchAction","target":{"@type":"EntryPoint","urlTemplate":"https:\/\/talkpal.ai\/so\/?s={search_term_string}"},"query-input":{"@type":"PropertyValueSpecification","valueRequired":true,"valueName":"search_term_string"}}],"inLanguage":"so-SO"},{"@type":"Organization","@id":"https:\/\/talkpal.ai\/so\/#organization","name":"Talkpal, Inc.","alternateName":"Talkpal AI","url":"https:\/\/talkpal.ai\/so\/","logo":{"@type":"ImageObject","inLanguage":"so-SO","@id":"https:\/\/talkpal.ai\/so\/#\/schema\/logo\/image\/","url":"https:\/\/talkpal.ai\/wp-content\/uploads\/2024\/03\/Talkpal-Logo-Icon.png","contentUrl":"https:\/\/talkpal.ai\/wp-content\/uploads\/2024\/03\/Talkpal-Logo-Icon.png","width":2880,"height":2880,"caption":"Talkpal, Inc."},"image":{"@id":"https:\/\/talkpal.ai\/so\/#\/schema\/logo\/image\/"},"sameAs":["https:\/\/www.facebook.com\/profile.php?id=100090733639311","https:\/\/x.com\/talkpalai","https:\/\/www.linkedin.com\/company\/talkpal\/","https:\/\/www.youtube.com\/@TalkPal\/","https:\/\/www.tiktok.com\/@talkpal","https:\/\/www.instagram.com\/talkpal_ai\/","https:\/\/www.crunchbase.com\/organization\/talkpal-9cde","https:\/\/www.g2.com\/products\/talkpal-for-business\/","https:\/\/www.trustpilot.com\/review\/talkpal.ai","https:\/\/www.capterra.com\/p\/10006800\/TalkPal\/"],"description":"Talkpal is a language learning web and mobile education app, powered by the latest AI technologies, that provides engaging experiences to its customers in many different languages to help them improve their language skills. Users can chat about unlimited amount of topics with the app and use other modes to practice their language learning.","email":"support@talkpal.ai","legalName":"Talkpal, Inc.","foundingDate":"2023-04-03","duns":"118989042","numberOfEmployees":{"@type":"QuantitativeValue","minValue":"11","maxValue":"50"},"publishingPrinciples":"https:\/\/talkpal.ai\/publishing-principles\/","actionableFeedbackPolicy":"https:\/\/talkpal.ai\/actionable-feedback-policy\/","correctionsPolicy":"https:\/\/talkpal.ai\/corrections-policy\/","ethicsPolicy":"https:\/\/talkpal.ai\/ethics-policy\/","diversityPolicy":"https:\/\/talkpal.ai\/diversity-policy\/","diversityStaffingReport":"https:\/\/talkpal.ai\/diversity-policy\/"}]}},"_links":{"self":[{"href":"https:\/\/talkpal.ai\/so\/wp-json\/wp\/v2\/pages\/1446297","targetHints":{"allow":["GET"]}}],"collection":[{"href":"https:\/\/talkpal.ai\/so\/wp-json\/wp\/v2\/pages"}],"about":[{"href":"https:\/\/talkpal.ai\/so\/wp-json\/wp\/v2\/types\/page"}],"author":[{"embeddable":true,"href":"https:\/\/talkpal.ai\/so\/wp-json\/wp\/v2\/users\/1"}],"replies":[{"embeddable":true,"href":"https:\/\/talkpal.ai\/so\/wp-json\/wp\/v2\/comments?post=1446297"}],"version-history":[{"count":0,"href":"https:\/\/talkpal.ai\/so\/wp-json\/wp\/v2\/pages\/1446297\/revisions"}],"wp:featuredmedia":[{"embeddable":true,"href":"https:\/\/talkpal.ai\/so\/wp-json\/wp\/v2\/media\/1443039"}],"wp:attachment":[{"href":"https:\/\/talkpal.ai\/so\/wp-json\/wp\/v2\/media?parent=1446297"}],"curies":[{"name":"wp","href":"https:\/\/api.w.org\/{rel}","templated":true}]}}