{"id":1443921,"date":"2023-05-14T14:12:25","date_gmt":"2023-05-14T14:12:25","guid":{"rendered":"https:\/\/talkpal.ai\/naxwaha-maori\/"},"modified":"2025-12-17T16:43:47","modified_gmt":"2025-12-17T16:43:47","slug":"naxwaha-maori","status":"publish","type":"page","link":"https:\/\/talkpal.ai\/so\/naxwaha-maori\/","title":{"rendered":"Naxwaha Maori"},"content":{"rendered":"\r\n\r\n\r\n<section class=\"languageChallengeSection\">\r\n    <div class=\"languageInfoWrapper\">\r\n        \r\n        <h1>Naxwaha Maori<\/h1>\r\n        <p>Ma jeceshahay inaad barato luuqada M\u0101ori? U gudub naxwaha M\u0101ori, oo loo yaqaan fududaantiisa, adeegsiga maqaallada, <a href=\"https:\/\/talkpal.ai\/locations\/language-courses-in-iyo\/\">iyo<\/a> doorka muhiimka ah ee qaybaha si loo qaabeeyo macnaha. Maanta bilow\u2014aqoonsiga naxwaha M\u0101ori waxay kaa caawin doontaa inaad si qoto dheer ugu xidhidhdo dhaxalka hodanka ah ee luqadda iyo dhaqanka firfircoon ee Aotearoa <a href=\"https:\/\/talkpal.ai\/locations\/language-courses-in-new-zealand\/\">New Zealand<\/a>!<\/p>\r\n\r\n                            <a class=\"getStartedHidden\" href=\"https:\/\/app.talkpal.ai\/signup?lng=\">Bilow<\/a>\r\n        \r\n    <\/div>\r\n\r\n    <figure>\r\n    <img decoding=\"async\" width=\"768\" height=\"768\" src=\"https:\/\/talkpal.ai\/wp-content\/uploads\/2023\/06\/maori-768x768.png\" class=\"languageImage no-lazy\" alt=\"Language learning for social and professional settings\" fetchpriority=\"high\" sizes=\"(max-width: 768px) 150px, 768px\" srcset=\"https:\/\/talkpal.ai\/wp-content\/uploads\/2023\/06\/maori-768x768.png 768w, https:\/\/talkpal.ai\/wp-content\/uploads\/2023\/06\/maori-300x300.png 300w\" \/>\r\n    \r\n\r\n    <\/figure>\r\n\r\n            <a class=\"getStartedVisible\" href=\"https:\/\/app.talkpal.ai\/signup?lng=\">Bilow<\/a>\r\n    \r\n<\/section>\r\n<section class=\"promotionalBanner\">\r\n    <p class=\"promotionalText\">Habka ugu hufan ee lagu barto luqadda<\/p>\r\n    <a class=\"promotionalLink\" href=\"https:\/\/app.talkpal.ai\/signup?lng=\">Isku day Talkpal bilaash<\/a>\r\n<\/section>\n<div class=\"wp-block-group pageContainerStyle\"><div class=\"wp-block-group__inner-container is-layout-constrained wp-block-group-is-layout-constrained\">\n<h2 class=\"wp-block-heading\" id=\"h-maori-grammar-your-ticket-to-a-vibrant-bicultural-world\">Naxwaha Maori: Tigidhkaaga Adduunka Labada Dhaqan ee Firfircoon<\/h2>\n\n\n\n<p>Ka hor! Ku soo dhawoow dunida cajiibka ah ee luqadda Maaori. Sida luqadda asaliga ah ee New Zealand, <a href=\"https:\/\/talkpal.ai\/learn-maori\/\">Maori<\/a> <a href=\"https:\/\/talkpal.ai\/locations\/language-courses-in-ama\/\">ama<\/a> te reo Maori waxay ku siinaysaa fursad gaar ah oo aad <a href=\"https:\/\/talkpal.ai\/locations\/language-courses-in-kula\/\">kula<\/a> xidhiidho dhaqan qadiimi ah iyo bulshadeeda firfircoon ee ku hadasha. Sida luqad kasta, naxwaha Maori wuxuu u muuqan karaa mid adag, laakiin ha welwelin! Hagaha saaxiibtinimada bilawga ah waxa uu fududayn doonaa qaybaha asaasiga ah ee naxwaha Maori ee socdaal muuqaal iyo wargelin leh.<\/p>\n\n\n\n<h3 class=\"wp-block-heading\" id=\"h-1-starting-with-the-basics-maori-alphabet-and-pronunciation\">1. Laga bilaabo Aasaaska: Alifbeetada Maori iyo Ku dhawaaqida<\/h3>\n\n\n\n<p>Maori waxa ay isticmaashaa far Laatiinka ah oo wax laga beddelay, oo ka kooban 15 xaraf oo keliya: shan shaqal (a, e, i, o, iyo u) iyo toban shibbane (h, k, m, n, p, r, t, w, ng, iyo wh). Baro xarfahan iyo sida loogu dhawaaqo, maadaama ay aasaas u yihiin dhammaan <a href=\"https:\/\/talkpal.ai\/so\/barashada\/\">barashada<\/a> naxwaha Maori ee xiga.<\/p>\n\n\n\n<h3 class=\"wp-block-heading\" id=\"h-2-exploring-maori-sentence-structure\">2. Sahaminta Qaab-dhismeedka Xukunka Maori<\/h3>\n\n\n\n<p>Xagga udub-dhexaadkiisa, naxwaha Maori wuxuu raacayaa qaab-dhismeedka mawduuc-fal (-shay), oo falku caadi ahaan ka horeeyo mawduuca. Sida ugu cad ee qaab-dhismeedkan loo fahmi karo waa in la arko isagoo ficil ah:<\/p>\n\n\n\n<p><strong>Ingiriis: Ilmuhu wuu ciyaarayaa.<\/strong><\/p>\n\n\n\n<p><strong>Maori: Kei te t\u0101karo te tamaiti.<\/strong><\/p>\n\n\n\n<p>Maori dhexdeeda, falku waxa uu ku tusmeeyaa isku darka qaybo ama in lagu daro tilmaanta wakhtiga jumlada.<\/p>\n\n\n\n<h3 class=\"wp-block-heading\" id=\"h-3-demystifying-particles-building-blocks-of-maori-grammar\">3. Burburinta Qaybaha: Qaybaha Dhismaha ee Naxwaha Maori<\/h3>\n\n\n\n<p>Qaybuhu waxa ay door muhiim ah ka ciyaaraan naxwaha Maori, iyaga oo isku xidha ereyada iyo weedhaha si ay u abuuraan weedho isku xidhan oo muujin kara. Bilaw ahaan, diiradda saar fahamka dhawr qaybood oo muhiim ah:<\/p>\n\n\n\n<p><strong>\u2013 Kia: waxaa loo isticmaalaa amarrada, rabitaannada, iyo in lagu tilmaamo ujeedada fal.<\/strong><\/p>\n\n\n\n<p><strong>&#8211; Kei: waxaa loo isticmaalaa in lagu sameeyo xiisadda joogtada ah.<\/strong><\/p>\n\n\n\n<p><strong>\u2013 Ko: loo isticmaalo in lagu calaamadiyo mawduuca jumlada.<\/strong><\/p>\n\n\n\n<h3 class=\"wp-block-heading\" id=\"h-4-getting-to-know-maori-pronouns\">4. Barashada Magac-u-yaalka Maori<\/h3>\n\n\n\n<p>Magac-u-yaalka Maori waxay beddelaan magacyada oo waxay kaa caawinayaan in wada-hadalladaadu noqdaan kuwo dabiici ah oo dareere ah. Bilaw ahaan, xoogga saar fahamka magac-u-yaalka shakhsi ahaaneed iyo lahaanshaha:<\/p>\n\n\n\n<p>Magac-u-yaal shaqsiyeed: ahau (I), koe (adiga, kali ah), ia (isaga\/iyadu), t\u0101ua (annaga, oo ay ku jiraan qofka lala hadlo), m\u0101ua (annaga, marka laga reebo qofka lala hadlo), koutou (adiga, jamac), r\u0101tau (iyaga)<\/p>\n\n\n\n<p>Magac-u-yaalka lahaanshaha leh: taku\/t\u014dku (my), tou (kaaga, kali ah), tona (isaga\/iyada), to t\u0101ua (anaga, oo ay ku jiraan afhayeenka iyo dhagaystaha), to m\u0101ua (anaga, afhayeenka iyo qof kale), to koutou (kaaga, jamac), to r\u0101tau (kooda)<\/p>\n\n\n\n<h3 class=\"wp-block-heading\" id=\"h-5-navigating-maori-nouns-and-adjectives\">5. Maraya Magacyada Maori iyo Sifooyinka<\/h3>\n\n\n\n<p>Magacyada Maori iyo sifooyinku waxay raacaan xeerar naxwe ahaaneed oo fudud, taasoo u sahlaysa kuwa bilowga ah inay fahmaan. Sifooyinku inta badan waxay raacaan magaca ay sifeynayaan, jamac magacyaduna waxay si fudud uga mid yihiin in lagu daro qayb, &#8220;ng\u0101,&#8221; ka hor magaca. Tusaale ahaan:<\/p>\n\n\n\n<p><strong>Te whare nui &#8211; &#8220;guriga weyn&#8221;<\/strong><\/p>\n\n\n\n<p><strong>Ng\u0101 tamariki &#8211; &#8220;carruurta&#8221;<\/strong><\/p>\n\n\n\n<p>Halkaa ayaad haysaa! Waxaad qaaday tillaabooyinka ugu horreeya ee ku aaddan barashada naxwaha Maori oo aad safarkaaga ku kobcinayso luqadda iyo dhaqanka Maori. Xusuusnow in ku-dhaqanka, dulqaadka, iyo dhex-gelinta ay lagama-maarmaan u yihiin guusha, markaa la xiriir dadka ku hadla afka hooyo, sahamin qoraallada Maori, oo xooji aasaaska luqaddaada. Kia kaha! (xoog ku soco!)<\/p>\n<\/div><\/div>\n\r\n<section class=\"learnNavigationSection\">\r\n            \r\n        <a href=\"https:\/\/talkpal.ai\/so\/baro-maaori\/\">\r\n            <div class=\"learnNavigationWrapper\">\r\n                <div class=\"learnNavigationContent\">\r\n                    <img decoding=\"async\" src=\"https:\/\/talkpal.ai\/wp-content\/uploads\/2024\/08\/Maori.jpg\" alt=\"New Zealand Flag\">\r\n                    <div>\r\n                        <h4>Casharrada Naxwaha Maori<\/h4>\r\n                        <p>Ogow wax walba oo ku saabsan naxwaha Maori.<\/p>\r\n                    <\/div>\r\n                <\/div>\r\n            <\/div>\r\n        <\/a>\r\n\r\n        \r\n        <a href=\"https:\/\/talkpal.ai\/so\/layliga-naxwaha-maori\/\">\r\n            <div class=\"learnNavigationWrapper\">\r\n                <div class=\"learnNavigationContent\">\r\n                    <img decoding=\"async\" src=\"https:\/\/talkpal.ai\/wp-content\/uploads\/2024\/08\/Maori.jpg\" alt=\"New Zealand Flag\">\r\n                    <div>\r\n                        <h4>Layliga Naxwaha Maori<\/h4>\r\n                        <p>Ku celceli naxwaha Maori.<\/p>\r\n                    <\/div>\r\n                <\/div>\r\n            <\/div>\r\n        <\/a>\r\n\r\n        \r\n        <a href=\"https:\/\/talkpal.ai\/vocabulary_language\/maori\/\">\r\n            <div class=\"learnNavigationWrapper\">\r\n                <div class=\"learnNavigationContent\">\r\n                    <img decoding=\"async\" src=\"https:\/\/talkpal.ai\/wp-content\/uploads\/2024\/08\/Maori.jpg\" alt=\"New Zealand Flag\">\r\n                    <div>\r\n                        <h4>Erayada Maori<\/h4>\r\n                        <p>Kordhi erayada Maori.<\/p>\r\n                    <\/div>\r\n                <\/div>\r\n            <\/div>\r\n        <\/a>\r\n\r\n            <\/section>","protected":false},"excerpt":{"rendered":"<p>Naxwaha Maori: Tigidhkaaga Adduunka Labada Dhaqan ee Firfircoon Ka hor! Ku soo dhawoow dunida cajiibka ah ee luqadda Maaori. Sida luqadda asaliga ah ee New Zealand, Maori ama te reo Maori waxay ku siinaysaa fursad gaar ah oo aad kula xidhiidho dhaqan qadiimi ah iyo bulshadeeda firfircoon ee ku hadasha. Sida luqad kasta, naxwaha Maori [&hellip;]<\/p>\n","protected":false},"author":1,"featured_media":1443923,"parent":0,"menu_order":0,"comment_status":"closed","ping_status":"closed","template":"LearningContentPage.php","meta":{"_acf_changed":false,"footnotes":""},"class_list":["post-1443921","page","type-page","status-publish","has-post-thumbnail","hentry"],"acf":[],"yoast_head":"<!-- This site is optimized with the Yoast SEO Premium plugin v27.2 (Yoast SEO v27.2) - https:\/\/yoast.com\/product\/yoast-seo-premium-wordpress\/ -->\n<title>Naxwaha Maori - Talkpal<\/title>\n<meta name=\"description\" content=\"Ku sahamin aasaaska naxwaha Maori hageheena bilowga-saaxiibtinimo. Soo hel 15 xaraf iyo xeerarka muhiimka ah ee te reo Maori.\" \/>\n<meta name=\"robots\" content=\"index, follow, max-snippet:-1, max-image-preview:large, max-video-preview:-1\" \/>\n<link rel=\"canonical\" href=\"https:\/\/talkpal.ai\/so\/naxwaha-maori\/\" \/>\n<meta property=\"og:locale\" content=\"so_SO\" \/>\n<meta property=\"og:type\" content=\"article\" \/>\n<meta property=\"og:title\" content=\"Naxwaha Maori\" \/>\n<meta property=\"og:description\" content=\"Naxwaha Maori: Tigidhkaaga Adduunka Labada Dhaqan ee Firfircoon Ka hor! Ku soo dhawoow dunida cajiibka ah ee luqadda Maaori. Sida luqadda asaliga ah ee\" \/>\n<meta property=\"og:url\" content=\"https:\/\/talkpal.ai\/so\/naxwaha-maori\/\" \/>\n<meta property=\"og:site_name\" content=\"Talkpal\" \/>\n<meta property=\"article:publisher\" content=\"https:\/\/www.facebook.com\/profile.php?id=100090733639311\" \/>\n<meta property=\"article:modified_time\" content=\"2025-12-17T16:43:47+00:00\" \/>\n<meta property=\"og:image\" content=\"https:\/\/talkpal.ai\/wp-content\/uploads\/2023\/05\/Maori-new-zealand.png\" \/>\n\t<meta property=\"og:image:width\" content=\"512\" \/>\n\t<meta property=\"og:image:height\" content=\"512\" \/>\n\t<meta property=\"og:image:type\" content=\"image\/png\" \/>\n<meta name=\"twitter:card\" content=\"summary_large_image\" \/>\n<meta name=\"twitter:site\" content=\"@talkpalai\" \/>\n<meta name=\"twitter:label1\" content=\"Est. reading time\" \/>\n\t<meta name=\"twitter:data1\" content=\"3 minutes\" \/>\n<script type=\"application\/ld+json\" class=\"yoast-schema-graph\">{\"@context\":\"https:\/\/schema.org\",\"@graph\":[{\"@type\":\"WebPage\",\"@id\":\"https:\/\/talkpal.ai\/so\/naxwaha-maori\/\",\"url\":\"https:\/\/talkpal.ai\/so\/naxwaha-maori\/\",\"name\":\"Naxwaha Maori - Talkpal\",\"isPartOf\":{\"@id\":\"https:\/\/talkpal.ai\/so\/#website\"},\"primaryImageOfPage\":{\"@id\":\"https:\/\/talkpal.ai\/so\/naxwaha-maori\/#primaryimage\"},\"image\":{\"@id\":\"https:\/\/talkpal.ai\/so\/naxwaha-maori\/#primaryimage\"},\"thumbnailUrl\":\"https:\/\/talkpal.ai\/wp-content\/uploads\/2023\/05\/Maori-new-zealand.png\",\"datePublished\":\"2023-05-14T14:12:25+00:00\",\"dateModified\":\"2025-12-17T16:43:47+00:00\",\"description\":\"Ku sahamin aasaaska naxwaha Maori hageheena bilowga-saaxiibtinimo. Soo hel 15 xaraf iyo xeerarka muhiimka ah ee te reo Maori.\",\"breadcrumb\":{\"@id\":\"https:\/\/talkpal.ai\/so\/naxwaha-maori\/#breadcrumb\"},\"inLanguage\":\"so-SO\",\"potentialAction\":[{\"@type\":\"ReadAction\",\"target\":[\"https:\/\/talkpal.ai\/so\/naxwaha-maori\/\"]}]},{\"@type\":\"ImageObject\",\"inLanguage\":\"so-SO\",\"@id\":\"https:\/\/talkpal.ai\/so\/naxwaha-maori\/#primaryimage\",\"url\":\"https:\/\/talkpal.ai\/wp-content\/uploads\/2023\/05\/Maori-new-zealand.png\",\"contentUrl\":\"https:\/\/talkpal.ai\/wp-content\/uploads\/2023\/05\/Maori-new-zealand.png\",\"width\":512,\"height\":512,\"caption\":\"TalkPal Maori Flag\"},{\"@type\":\"BreadcrumbList\",\"@id\":\"https:\/\/talkpal.ai\/so\/naxwaha-maori\/#breadcrumb\",\"itemListElement\":[{\"@type\":\"ListItem\",\"position\":1,\"name\":\"Homepage\",\"item\":\"https:\/\/talkpal.ai\/so\/\"},{\"@type\":\"ListItem\",\"position\":2,\"name\":\"Naxwaha Maori\"}]},{\"@type\":\"WebSite\",\"@id\":\"https:\/\/talkpal.ai\/so\/#website\",\"url\":\"https:\/\/talkpal.ai\/so\/\",\"name\":\"Talkpal\",\"description\":\"AI Language Learning\",\"publisher\":{\"@id\":\"https:\/\/talkpal.ai\/so\/#organization\"},\"alternateName\":\"Talkpal AI\",\"potentialAction\":[{\"@type\":\"SearchAction\",\"target\":{\"@type\":\"EntryPoint\",\"urlTemplate\":\"https:\/\/talkpal.ai\/so\/?s={search_term_string}\"},\"query-input\":{\"@type\":\"PropertyValueSpecification\",\"valueRequired\":true,\"valueName\":\"search_term_string\"}}],\"inLanguage\":\"so-SO\"},{\"@type\":\"Organization\",\"@id\":\"https:\/\/talkpal.ai\/so\/#organization\",\"name\":\"Talkpal, Inc.\",\"alternateName\":\"Talkpal AI\",\"url\":\"https:\/\/talkpal.ai\/so\/\",\"logo\":{\"@type\":\"ImageObject\",\"inLanguage\":\"so-SO\",\"@id\":\"https:\/\/talkpal.ai\/so\/#\/schema\/logo\/image\/\",\"url\":\"https:\/\/talkpal.ai\/wp-content\/uploads\/2024\/03\/Talkpal-Logo-Icon.png\",\"contentUrl\":\"https:\/\/talkpal.ai\/wp-content\/uploads\/2024\/03\/Talkpal-Logo-Icon.png\",\"width\":2880,\"height\":2880,\"caption\":\"Talkpal, Inc.\"},\"image\":{\"@id\":\"https:\/\/talkpal.ai\/so\/#\/schema\/logo\/image\/\"},\"sameAs\":[\"https:\/\/www.facebook.com\/profile.php?id=100090733639311\",\"https:\/\/x.com\/talkpalai\",\"https:\/\/www.linkedin.com\/company\/talkpal\/\",\"https:\/\/www.youtube.com\/@TalkPal\/\",\"https:\/\/www.tiktok.com\/@talkpal\",\"https:\/\/www.instagram.com\/talkpal_ai\/\",\"https:\/\/www.crunchbase.com\/organization\/talkpal-9cde\",\"https:\/\/www.g2.com\/products\/talkpal-for-business\/\",\"https:\/\/www.trustpilot.com\/review\/talkpal.ai\",\"https:\/\/www.capterra.com\/p\/10006800\/TalkPal\/\"],\"description\":\"Talkpal is a language learning web and mobile education app, powered by the latest AI technologies, that provides engaging experiences to its customers in many different languages to help them improve their language skills. Users can chat about unlimited amount of topics with the app and use other modes to practice their language learning.\",\"email\":\"support@talkpal.ai\",\"legalName\":\"Talkpal, Inc.\",\"foundingDate\":\"2023-04-03\",\"duns\":\"118989042\",\"numberOfEmployees\":{\"@type\":\"QuantitativeValue\",\"minValue\":\"11\",\"maxValue\":\"50\"},\"publishingPrinciples\":\"https:\/\/talkpal.ai\/publishing-principles\/\",\"actionableFeedbackPolicy\":\"https:\/\/talkpal.ai\/actionable-feedback-policy\/\",\"correctionsPolicy\":\"https:\/\/talkpal.ai\/corrections-policy\/\",\"ethicsPolicy\":\"https:\/\/talkpal.ai\/ethics-policy\/\",\"diversityPolicy\":\"https:\/\/talkpal.ai\/diversity-policy\/\",\"diversityStaffingReport\":\"https:\/\/talkpal.ai\/diversity-policy\/\"}]}<\/script>\n<!-- \/ Yoast SEO Premium plugin. -->","yoast_head_json":{"title":"Naxwaha Maori - Talkpal","description":"Ku sahamin aasaaska naxwaha Maori hageheena bilowga-saaxiibtinimo. Soo hel 15 xaraf iyo xeerarka muhiimka ah ee te reo Maori.","robots":{"index":"index","follow":"follow","max-snippet":"max-snippet:-1","max-image-preview":"max-image-preview:large","max-video-preview":"max-video-preview:-1"},"canonical":"https:\/\/talkpal.ai\/so\/naxwaha-maori\/","og_locale":"so_SO","og_type":"article","og_title":"Naxwaha Maori","og_description":"Naxwaha Maori: Tigidhkaaga Adduunka Labada Dhaqan ee Firfircoon Ka hor! Ku soo dhawoow dunida cajiibka ah ee luqadda Maaori. Sida luqadda asaliga ah ee","og_url":"https:\/\/talkpal.ai\/so\/naxwaha-maori\/","og_site_name":"Talkpal","article_publisher":"https:\/\/www.facebook.com\/profile.php?id=100090733639311","article_modified_time":"2025-12-17T16:43:47+00:00","og_image":[{"width":512,"height":512,"url":"https:\/\/talkpal.ai\/wp-content\/uploads\/2023\/05\/Maori-new-zealand.png","type":"image\/png"}],"twitter_card":"summary_large_image","twitter_site":"@talkpalai","twitter_misc":{"Est. reading time":"3 minutes"},"schema":{"@context":"https:\/\/schema.org","@graph":[{"@type":"WebPage","@id":"https:\/\/talkpal.ai\/so\/naxwaha-maori\/","url":"https:\/\/talkpal.ai\/so\/naxwaha-maori\/","name":"Naxwaha Maori - Talkpal","isPartOf":{"@id":"https:\/\/talkpal.ai\/so\/#website"},"primaryImageOfPage":{"@id":"https:\/\/talkpal.ai\/so\/naxwaha-maori\/#primaryimage"},"image":{"@id":"https:\/\/talkpal.ai\/so\/naxwaha-maori\/#primaryimage"},"thumbnailUrl":"https:\/\/talkpal.ai\/wp-content\/uploads\/2023\/05\/Maori-new-zealand.png","datePublished":"2023-05-14T14:12:25+00:00","dateModified":"2025-12-17T16:43:47+00:00","description":"Ku sahamin aasaaska naxwaha Maori hageheena bilowga-saaxiibtinimo. Soo hel 15 xaraf iyo xeerarka muhiimka ah ee te reo Maori.","breadcrumb":{"@id":"https:\/\/talkpal.ai\/so\/naxwaha-maori\/#breadcrumb"},"inLanguage":"so-SO","potentialAction":[{"@type":"ReadAction","target":["https:\/\/talkpal.ai\/so\/naxwaha-maori\/"]}]},{"@type":"ImageObject","inLanguage":"so-SO","@id":"https:\/\/talkpal.ai\/so\/naxwaha-maori\/#primaryimage","url":"https:\/\/talkpal.ai\/wp-content\/uploads\/2023\/05\/Maori-new-zealand.png","contentUrl":"https:\/\/talkpal.ai\/wp-content\/uploads\/2023\/05\/Maori-new-zealand.png","width":512,"height":512,"caption":"TalkPal Maori Flag"},{"@type":"BreadcrumbList","@id":"https:\/\/talkpal.ai\/so\/naxwaha-maori\/#breadcrumb","itemListElement":[{"@type":"ListItem","position":1,"name":"Homepage","item":"https:\/\/talkpal.ai\/so\/"},{"@type":"ListItem","position":2,"name":"Naxwaha Maori"}]},{"@type":"WebSite","@id":"https:\/\/talkpal.ai\/so\/#website","url":"https:\/\/talkpal.ai\/so\/","name":"Talkpal","description":"AI Language Learning","publisher":{"@id":"https:\/\/talkpal.ai\/so\/#organization"},"alternateName":"Talkpal AI","potentialAction":[{"@type":"SearchAction","target":{"@type":"EntryPoint","urlTemplate":"https:\/\/talkpal.ai\/so\/?s={search_term_string}"},"query-input":{"@type":"PropertyValueSpecification","valueRequired":true,"valueName":"search_term_string"}}],"inLanguage":"so-SO"},{"@type":"Organization","@id":"https:\/\/talkpal.ai\/so\/#organization","name":"Talkpal, Inc.","alternateName":"Talkpal AI","url":"https:\/\/talkpal.ai\/so\/","logo":{"@type":"ImageObject","inLanguage":"so-SO","@id":"https:\/\/talkpal.ai\/so\/#\/schema\/logo\/image\/","url":"https:\/\/talkpal.ai\/wp-content\/uploads\/2024\/03\/Talkpal-Logo-Icon.png","contentUrl":"https:\/\/talkpal.ai\/wp-content\/uploads\/2024\/03\/Talkpal-Logo-Icon.png","width":2880,"height":2880,"caption":"Talkpal, Inc."},"image":{"@id":"https:\/\/talkpal.ai\/so\/#\/schema\/logo\/image\/"},"sameAs":["https:\/\/www.facebook.com\/profile.php?id=100090733639311","https:\/\/x.com\/talkpalai","https:\/\/www.linkedin.com\/company\/talkpal\/","https:\/\/www.youtube.com\/@TalkPal\/","https:\/\/www.tiktok.com\/@talkpal","https:\/\/www.instagram.com\/talkpal_ai\/","https:\/\/www.crunchbase.com\/organization\/talkpal-9cde","https:\/\/www.g2.com\/products\/talkpal-for-business\/","https:\/\/www.trustpilot.com\/review\/talkpal.ai","https:\/\/www.capterra.com\/p\/10006800\/TalkPal\/"],"description":"Talkpal is a language learning web and mobile education app, powered by the latest AI technologies, that provides engaging experiences to its customers in many different languages to help them improve their language skills. Users can chat about unlimited amount of topics with the app and use other modes to practice their language learning.","email":"support@talkpal.ai","legalName":"Talkpal, Inc.","foundingDate":"2023-04-03","duns":"118989042","numberOfEmployees":{"@type":"QuantitativeValue","minValue":"11","maxValue":"50"},"publishingPrinciples":"https:\/\/talkpal.ai\/publishing-principles\/","actionableFeedbackPolicy":"https:\/\/talkpal.ai\/actionable-feedback-policy\/","correctionsPolicy":"https:\/\/talkpal.ai\/corrections-policy\/","ethicsPolicy":"https:\/\/talkpal.ai\/ethics-policy\/","diversityPolicy":"https:\/\/talkpal.ai\/diversity-policy\/","diversityStaffingReport":"https:\/\/talkpal.ai\/diversity-policy\/"}]}},"_links":{"self":[{"href":"https:\/\/talkpal.ai\/so\/wp-json\/wp\/v2\/pages\/1443921","targetHints":{"allow":["GET"]}}],"collection":[{"href":"https:\/\/talkpal.ai\/so\/wp-json\/wp\/v2\/pages"}],"about":[{"href":"https:\/\/talkpal.ai\/so\/wp-json\/wp\/v2\/types\/page"}],"author":[{"embeddable":true,"href":"https:\/\/talkpal.ai\/so\/wp-json\/wp\/v2\/users\/1"}],"replies":[{"embeddable":true,"href":"https:\/\/talkpal.ai\/so\/wp-json\/wp\/v2\/comments?post=1443921"}],"version-history":[{"count":0,"href":"https:\/\/talkpal.ai\/so\/wp-json\/wp\/v2\/pages\/1443921\/revisions"}],"wp:featuredmedia":[{"embeddable":true,"href":"https:\/\/talkpal.ai\/so\/wp-json\/wp\/v2\/media\/1443923"}],"wp:attachment":[{"href":"https:\/\/talkpal.ai\/so\/wp-json\/wp\/v2\/media?parent=1443921"}],"curies":[{"name":"wp","href":"https:\/\/api.w.org\/{rel}","templated":true}]}}