{"id":1443916,"date":"2023-05-14T14:10:42","date_gmt":"2023-05-14T14:10:42","guid":{"rendered":"https:\/\/talkpal.ai\/naxwaha-lithuania\/"},"modified":"2025-12-12T10:42:06","modified_gmt":"2025-12-12T10:42:06","slug":"naxwaha-lithuania","status":"publish","type":"page","link":"https:\/\/talkpal.ai\/so\/naxwaha-lithuania\/","title":{"rendered":"Naxwaha Lithuania"},"content":{"rendered":"\r\n\r\n\r\n<section class=\"languageChallengeSection\">\r\n    <div class=\"languageInfoWrapper\">\r\n        \r\n        <h1>Naxwaha Lithuania<\/h1>\r\n        <p>Ku bilow safarkaaga naxwaha <a href=\"https:\/\/talkpal.ai\/locations\/language-courses-in-lithuania\/\">Lithuania<\/a> oo hel mid ka mid ah luqadaha ugu da&#039;da weyn uguna xiisaha badan Yurub. Baro sharciyada muhiimka ah <a href=\"https:\/\/talkpal.ai\/locations\/language-courses-in-iyo\/\">iyo<\/a> qaababka si aad u dhisto aasaas luqadeed oo adag. Ku quuso hadda oo bilow barashada <a href=\"https:\/\/talkpal.ai\/locations\/learn-english-in-lithuania\/\">Lithuanian<\/a> maanta!<\/p>\r\n\r\n                            <a class=\"getStartedHidden\" href=\"https:\/\/app.talkpal.ai\/signup?lng=\">Bilow<\/a>\r\n        \r\n    <\/div>\r\n\r\n    <figure>\r\n    <img decoding=\"async\" width=\"768\" height=\"768\" src=\"https:\/\/talkpal.ai\/wp-content\/uploads\/2023\/06\/lithuenian-768x768.png\" class=\"languageImage no-lazy\" alt=\"Language learning for boosting creativity\" fetchpriority=\"high\" sizes=\"(max-width: 768px) 150px, 768px\" srcset=\"https:\/\/talkpal.ai\/wp-content\/uploads\/2023\/06\/lithuenian-768x768.png 768w, https:\/\/talkpal.ai\/wp-content\/uploads\/2023\/06\/lithuenian-300x300.png 300w\" \/>\r\n    \r\n\r\n    <\/figure>\r\n\r\n            <a class=\"getStartedVisible\" href=\"https:\/\/app.talkpal.ai\/signup?lng=\">Bilow<\/a>\r\n    \r\n<\/section>\r\n<section class=\"promotionalBanner\">\r\n    <p class=\"promotionalText\">Habka ugu hufan ee lagu barto luqadda<\/p>\r\n    <a class=\"promotionalLink\" href=\"https:\/\/app.talkpal.ai\/signup?lng=\">Isku day Talkpal bilaash<\/a>\r\n<\/section>\n<div class=\"wp-block-group pageContainerStyle\"><div class=\"wp-block-group__inner-container is-layout-constrained wp-block-group-is-layout-constrained\">\n<h2 class=\"wp-block-heading\" id=\"h-lithuanian-grammar-a-fascinating-journey-through-language\">Naxwaha Lithuania: Socdaal xiiso leh oo Luuqad ah<\/h2>\n\n\n\n<p>Weligaa ma ku fakartay inaad barato Lithuania <a href=\"https:\/\/talkpal.ai\/locations\/language-courses-in-ama\/\">ama<\/a> ma isku aragtay inaad xiiseyso naxweheeda gaarka ah? Hagaag, waxaad ku jirtaa daaweyn! Naxwaha Lithuania wuxuu u ekaan karaa mid gaar ah marka hore, laakiin ha khaldin &#8211; waxay soo bandhigaysaa caqli-gal luqadeed oo heersare ah. Maqaalkan, waxaan daaha ka qaadi doonaa dhinacyada kala duwan ee naxwaha Lithuania, anagoo awood kuu siineyno inaad qadariso soo jiidashada.<\/p>\n\n\n\n<p>Marka hore, taariikh kooban: Lithuania waa luqad Baltic ah oo inta badan lagaga hadlo Lithuania laakiin sidoo kale lagula kulmo wadamada deriska ah. Maadaama ay tahay mid ka mid ah luqadaha Indo-Yurub ee ugu da&#8217;da weyn, waxay haysaa astaamaha qadiimiga ah, taasoo siinaysa aragti <a href=\"https:\/\/talkpal.ai\/so\/ku-saabsan\/\">ku saabsan<\/a> horumarinta luqadaha kale ee qoyska luqadda. Muhiimaddan taariikhiga ah ayaa ka dhigaysa Lithuania mid si gaar ah u soo jiidata dadka luqadda jecel.<\/p>\n\n\n\n<p>Aynu hadda u guda galno dhinacyo muhim ah oo naxwaha Lithuania.<\/p>\n\n\n\n<h3 class=\"wp-block-heading\" id=\"h-1-nouns-cases-and-declensions\">1. Magacyada, kiisaska, iyo declenions<\/h3>\n\n\n\n<p>Mid ka mid ah sifooyinka ugu caansan ee naxwaha Lithuania waa nidaamkiisa kiisaska adag. Magacyadu waxay qaataan qaabab kala duwan iyadoo ku xiran shaqadooda jumlada iyo haddii ay ka tarjumayaan mawduuca, shayga, ama qaataha falka. Lithuanianku waxa uu leeyahay todoba kiis: magac-u-yaal, curin, dhallaan, eedayn, qalab, goob, iyo cod-qaadid.<\/p>\n\n\n\n<p>Qaado magaca &#8220;vaikas&#8221; (ilmo) tusaale ahaan. Waxay isu beddeli kartaa &#8220;vaiko,&#8221; &#8220;vaikui,&#8221; &#8220;vaik\u0105,&#8221; iyo wixii la mid ah iyadoo lagu salaynayo doorka ay ku leedahay jumlada dhexdeeda. Intaa waxaa dheer, dhamaadka waxaa saameeya magaca jinsiga (lab ama dheddig) oo loo sii kala qaybiyo hoos u dhigista, taas oo ka dhigaysa luqadda xitaa mid la taaban karo.<\/p>\n\n\n\n<h3 class=\"wp-block-heading\" id=\"h-2-verb-conjugation-and-tenses\">2. Isku xidhka falka iyo xiisadaha<\/h3>\n\n\n\n<p>Ficillada Lithuania waxay beddelaan dhammaadkooda iyadoo ku xiran qofka iyo lambarka (kaliya ama jamac) mawduuca. Tusaale ahaan, falka &#8220;eiti&#8221; (inuu aado) wuxuu noqon karaa &#8220;einu&#8221; (waan tagayaa), &#8220;einate&#8221; (you -plural- go), &#8220;eina&#8221; (way tagaan), iyo qaabab kale.<\/p>\n\n\n\n<p>Lithuania waxay leedahay afar waqti oo waaweyn: hadda, hore, soo noqnoqoshada hore, iyo mustaqbalka. Waxa xiisaha lihi leh, afku sidoo kale waxa uu leeyahay calaamado dhinaca dhinac ah: qumman oo aan qummanayn. Calaamadahani waxay bixiyaan macluumaad dheeraad ah oo ku saabsan haddii ficilku dhammaaday ama uu socdo. Tusaale ahaan, &#8220;ne\u0161ti&#8221; (si loo qaado &#8211; aan qummanayn) iyo &#8220;nat&#8221; (si loo qaaday &#8211; qumman).<\/p>\n\n\n\n<h3 class=\"wp-block-heading\" id=\"h-3-sentence-structure-and-word-order\">3. Qaabka jumlada iyo habaynta erayada<\/h3>\n\n\n\n<p>In kasta oo Lithuania guud ahaan raacdo nidaamka erayga SVO (mawduuc-fal-shay), nidaamkiisu wuxuu u oggolaanayaa dabacsanaan la taaban karo. Si ka duwan Ingiriisi, halkaasoo sida caadiga ah kelmadu u qeexdo macnaha jumlada, kelmadaha ku wareegaya <a href=\"https:\/\/talkpal.ai\/learn-lithuanian\/\">Lithuanian<\/a> ma beddelaan macnaha. Tusaale ahaan, &#8220;kat\u0117 valgo \u017euv\u012f&#8221; (bisadu waxay cuntaa kalluunka) sidoo kale waxay noqon kartaa &#8220;\u017euv\u012f valgo kat\u0117&#8221; iyada oo aan lumin ama beddelin macnaheeda.<\/p>\n\n\n\n<p>Dabacsanaantu waxay kuu ogolaanaysaa inaad ku ciyaarto qaab-dhismeedka jumlada, xooga saarto walxaha qaarkood, ama dhaliso nuances markaad noqoto mid aad u yaqaana luqadda.<\/p>\n\n\n\n<h3 class=\"wp-block-heading\" id=\"h-4-adjectives-adverbs-and-agreement-rules\">4. Sifooyin, fal-fal iyo xeerar heshiis<\/h3>\n\n\n\n<p>Si la mid ah luqado badan, sifayaasha iyo falcelinta Lithuania waxay qeexaan magacyada iyo ficillada, laakiin sidoo kale waxay raacaan xeerar heshiis gaar ah. Gaar ahaan, sifooyinku waa inay ku raacaan magaca ay wax ka beddelaan xaalad, jinsi, iyo lambar. Markaad fahanto kiisaska magaca iyo isku xidhka falka, xeerarkani waxay si dabiici ah u iman doonaan.<\/p>\n\n\n\n<p>Marka, diyaar ma u tahay inaad quusto naxwaha Lithuania? Ku adkaysiga, u hurista, iyo agabka habboon, barashada Lithuanian-ka hodanka ku ah taariikhda iyo hidaha dhaqanka-waa waayo-aragnimo abaal-marin leh. Luuqadda tallaabo tallaabo ula qabso, si joogto ah ugu celceli, una furfurnow inaad wax ka barato khaladaadkaaga. S\u0117km\u0117s! (Nasiib wanaag!)<\/p>\n<\/div><\/div>\n\r\n<section class=\"learnNavigationSection\">\r\n            \r\n        <a href=\"https:\/\/talkpal.ai\/so\/baro-lithuania\/\">\r\n            <div class=\"learnNavigationWrapper\">\r\n                <div class=\"learnNavigationContent\">\r\n                    <img decoding=\"async\" src=\"https:\/\/talkpal.ai\/wp-content\/uploads\/2024\/08\/Lithuanian.jpg\" alt=\"Lithuanian Flag\">\r\n                    <div>\r\n                        <h4>Ku saabsan Barashada Lithuania<\/h4>\r\n                        <p>Soo ogow wax walba oo ku saabsan naxwaha Lithuania<\/p>\r\n                    <\/div>\r\n                <\/div>\r\n            <\/div>\r\n        <\/a>\r\n\r\n        \r\n        <a href=\"https:\/\/talkpal.ai\/so\/layliga-naxwaha-lithuania\/\">\r\n            <div class=\"learnNavigationWrapper\">\r\n                <div class=\"learnNavigationContent\">\r\n                    <img decoding=\"async\" src=\"https:\/\/talkpal.ai\/wp-content\/uploads\/2024\/08\/Lithuanian.jpg\" alt=\"Lithuanian Flag\">\r\n                    <div>\r\n                        <h4>Layliga Naxwaha Lithuania<\/h4>\r\n                        <p>Ku celceli naxwaha Lithuania.<\/p>\r\n                    <\/div>\r\n                <\/div>\r\n            <\/div>\r\n        <\/a>\r\n\r\n        \r\n        <a href=\"https:\/\/talkpal.ai\/vocabulary_language\/lithuanian\/\">\r\n            <div class=\"learnNavigationWrapper\">\r\n                <div class=\"learnNavigationContent\">\r\n                    <img decoding=\"async\" src=\"https:\/\/talkpal.ai\/wp-content\/uploads\/2024\/08\/Lithuanian.jpg\" alt=\"Lithuanian Flag\">\r\n                    <div>\r\n                        <h4>Erayada Lithuania<\/h4>\r\n                        <p>Kordhi erayada Lithuania<\/p>\r\n                    <\/div>\r\n                <\/div>\r\n            <\/div>\r\n        <\/a>\r\n\r\n            <\/section>","protected":false},"excerpt":{"rendered":"<p>Naxwaha Lithuania: Socdaal xiiso leh oo Luuqad ah Weligaa ma ku fakartay inaad barato Lithuania ama ma isku aragtay inaad xiiseyso naxweheeda gaarka ah? Hagaag, waxaad ku jirtaa daaweyn! Naxwaha Lithuania wuxuu u ekaan karaa mid gaar ah marka hore, laakiin ha khaldin &#8211; waxay soo bandhigaysaa caqli-gal luqadeed oo heersare ah. Maqaalkan, waxaan daaha [&hellip;]<\/p>\n","protected":false},"author":1,"featured_media":1443918,"parent":0,"menu_order":0,"comment_status":"closed","ping_status":"closed","template":"LearningContentPage.php","meta":{"_acf_changed":false,"footnotes":""},"class_list":["post-1443916","page","type-page","status-publish","has-post-thumbnail","hentry"],"acf":[],"yoast_head":"<!-- This site is optimized with the Yoast SEO Premium plugin v27.2 (Yoast SEO v27.2) - https:\/\/yoast.com\/product\/yoast-seo-premium-wordpress\/ -->\n<title>Naxwaha Lithuania - Talkpal<\/title>\n<meta name=\"description\" content=\"Soo ogow sida naxwaha Lithuania uu uga tarjumayo qaninimada iyo caqli-galnimada taariikhiga ah, taasoo ka dhigaysa daraasad ku habboon dadka luqadda jecel.\" \/>\n<meta name=\"robots\" content=\"index, follow, max-snippet:-1, max-image-preview:large, max-video-preview:-1\" \/>\n<link rel=\"canonical\" href=\"https:\/\/talkpal.ai\/so\/naxwaha-lithuania\/\" \/>\n<meta property=\"og:locale\" content=\"so_SO\" \/>\n<meta property=\"og:type\" content=\"article\" \/>\n<meta property=\"og:title\" content=\"Naxwaha Lithuania\" \/>\n<meta property=\"og:description\" content=\"Naxwaha Lithuania: Socdaal xiiso leh oo Luuqad ah Weligaa ma ku fakartay inaad barato Lithuania ama ma isku aragtay inaad xiiseyso naxweheeda gaarka ah?\" \/>\n<meta property=\"og:url\" content=\"https:\/\/talkpal.ai\/so\/naxwaha-lithuania\/\" \/>\n<meta property=\"og:site_name\" content=\"Talkpal\" \/>\n<meta property=\"article:publisher\" content=\"https:\/\/www.facebook.com\/profile.php?id=100090733639311\" \/>\n<meta property=\"article:modified_time\" content=\"2025-12-12T10:42:06+00:00\" \/>\n<meta property=\"og:image\" content=\"https:\/\/talkpal.ai\/wp-content\/uploads\/2023\/05\/Lithuanian.png\" \/>\n\t<meta property=\"og:image:width\" content=\"512\" \/>\n\t<meta property=\"og:image:height\" content=\"512\" \/>\n\t<meta property=\"og:image:type\" content=\"image\/png\" \/>\n<meta name=\"twitter:card\" content=\"summary_large_image\" \/>\n<meta name=\"twitter:site\" content=\"@talkpalai\" \/>\n<meta name=\"twitter:label1\" content=\"Est. reading time\" \/>\n\t<meta name=\"twitter:data1\" content=\"3 minutes\" \/>\n<script type=\"application\/ld+json\" class=\"yoast-schema-graph\">{\"@context\":\"https:\/\/schema.org\",\"@graph\":[{\"@type\":\"WebPage\",\"@id\":\"https:\/\/talkpal.ai\/so\/naxwaha-lithuania\/\",\"url\":\"https:\/\/talkpal.ai\/so\/naxwaha-lithuania\/\",\"name\":\"Naxwaha Lithuania - Talkpal\",\"isPartOf\":{\"@id\":\"https:\/\/talkpal.ai\/so\/#website\"},\"primaryImageOfPage\":{\"@id\":\"https:\/\/talkpal.ai\/so\/naxwaha-lithuania\/#primaryimage\"},\"image\":{\"@id\":\"https:\/\/talkpal.ai\/so\/naxwaha-lithuania\/#primaryimage\"},\"thumbnailUrl\":\"https:\/\/talkpal.ai\/wp-content\/uploads\/2023\/05\/Lithuanian.png\",\"datePublished\":\"2023-05-14T14:10:42+00:00\",\"dateModified\":\"2025-12-12T10:42:06+00:00\",\"description\":\"Soo ogow sida naxwaha Lithuania uu uga tarjumayo qaninimada iyo caqli-galnimada taariikhiga ah, taasoo ka dhigaysa daraasad ku habboon dadka luqadda jecel.\",\"breadcrumb\":{\"@id\":\"https:\/\/talkpal.ai\/so\/naxwaha-lithuania\/#breadcrumb\"},\"inLanguage\":\"so-SO\",\"potentialAction\":[{\"@type\":\"ReadAction\",\"target\":[\"https:\/\/talkpal.ai\/so\/naxwaha-lithuania\/\"]}]},{\"@type\":\"ImageObject\",\"inLanguage\":\"so-SO\",\"@id\":\"https:\/\/talkpal.ai\/so\/naxwaha-lithuania\/#primaryimage\",\"url\":\"https:\/\/talkpal.ai\/wp-content\/uploads\/2023\/05\/Lithuanian.png\",\"contentUrl\":\"https:\/\/talkpal.ai\/wp-content\/uploads\/2023\/05\/Lithuanian.png\",\"width\":512,\"height\":512,\"caption\":\"TalkPal Lithuanian Flag\"},{\"@type\":\"BreadcrumbList\",\"@id\":\"https:\/\/talkpal.ai\/so\/naxwaha-lithuania\/#breadcrumb\",\"itemListElement\":[{\"@type\":\"ListItem\",\"position\":1,\"name\":\"Homepage\",\"item\":\"https:\/\/talkpal.ai\/so\/\"},{\"@type\":\"ListItem\",\"position\":2,\"name\":\"Naxwaha Lithuania\"}]},{\"@type\":\"WebSite\",\"@id\":\"https:\/\/talkpal.ai\/so\/#website\",\"url\":\"https:\/\/talkpal.ai\/so\/\",\"name\":\"Talkpal\",\"description\":\"AI Language Learning\",\"publisher\":{\"@id\":\"https:\/\/talkpal.ai\/so\/#organization\"},\"alternateName\":\"Talkpal AI\",\"potentialAction\":[{\"@type\":\"SearchAction\",\"target\":{\"@type\":\"EntryPoint\",\"urlTemplate\":\"https:\/\/talkpal.ai\/so\/?s={search_term_string}\"},\"query-input\":{\"@type\":\"PropertyValueSpecification\",\"valueRequired\":true,\"valueName\":\"search_term_string\"}}],\"inLanguage\":\"so-SO\"},{\"@type\":\"Organization\",\"@id\":\"https:\/\/talkpal.ai\/so\/#organization\",\"name\":\"Talkpal, Inc.\",\"alternateName\":\"Talkpal AI\",\"url\":\"https:\/\/talkpal.ai\/so\/\",\"logo\":{\"@type\":\"ImageObject\",\"inLanguage\":\"so-SO\",\"@id\":\"https:\/\/talkpal.ai\/so\/#\/schema\/logo\/image\/\",\"url\":\"https:\/\/talkpal.ai\/wp-content\/uploads\/2024\/03\/Talkpal-Logo-Icon.png\",\"contentUrl\":\"https:\/\/talkpal.ai\/wp-content\/uploads\/2024\/03\/Talkpal-Logo-Icon.png\",\"width\":2880,\"height\":2880,\"caption\":\"Talkpal, Inc.\"},\"image\":{\"@id\":\"https:\/\/talkpal.ai\/so\/#\/schema\/logo\/image\/\"},\"sameAs\":[\"https:\/\/www.facebook.com\/profile.php?id=100090733639311\",\"https:\/\/x.com\/talkpalai\",\"https:\/\/www.linkedin.com\/company\/talkpal\/\",\"https:\/\/www.youtube.com\/@TalkPal\/\",\"https:\/\/www.tiktok.com\/@talkpal\",\"https:\/\/www.instagram.com\/talkpal_ai\/\",\"https:\/\/www.crunchbase.com\/organization\/talkpal-9cde\",\"https:\/\/www.g2.com\/products\/talkpal-for-business\/\",\"https:\/\/www.trustpilot.com\/review\/talkpal.ai\",\"https:\/\/www.capterra.com\/p\/10006800\/TalkPal\/\"],\"description\":\"Talkpal is a language learning web and mobile education app, powered by the latest AI technologies, that provides engaging experiences to its customers in many different languages to help them improve their language skills. Users can chat about unlimited amount of topics with the app and use other modes to practice their language learning.\",\"email\":\"support@talkpal.ai\",\"legalName\":\"Talkpal, Inc.\",\"foundingDate\":\"2023-04-03\",\"duns\":\"118989042\",\"numberOfEmployees\":{\"@type\":\"QuantitativeValue\",\"minValue\":\"11\",\"maxValue\":\"50\"},\"publishingPrinciples\":\"https:\/\/talkpal.ai\/publishing-principles\/\",\"actionableFeedbackPolicy\":\"https:\/\/talkpal.ai\/actionable-feedback-policy\/\",\"correctionsPolicy\":\"https:\/\/talkpal.ai\/corrections-policy\/\",\"ethicsPolicy\":\"https:\/\/talkpal.ai\/ethics-policy\/\",\"diversityPolicy\":\"https:\/\/talkpal.ai\/diversity-policy\/\",\"diversityStaffingReport\":\"https:\/\/talkpal.ai\/diversity-policy\/\"}]}<\/script>\n<!-- \/ Yoast SEO Premium plugin. -->","yoast_head_json":{"title":"Naxwaha Lithuania - Talkpal","description":"Soo ogow sida naxwaha Lithuania uu uga tarjumayo qaninimada iyo caqli-galnimada taariikhiga ah, taasoo ka dhigaysa daraasad ku habboon dadka luqadda jecel.","robots":{"index":"index","follow":"follow","max-snippet":"max-snippet:-1","max-image-preview":"max-image-preview:large","max-video-preview":"max-video-preview:-1"},"canonical":"https:\/\/talkpal.ai\/so\/naxwaha-lithuania\/","og_locale":"so_SO","og_type":"article","og_title":"Naxwaha Lithuania","og_description":"Naxwaha Lithuania: Socdaal xiiso leh oo Luuqad ah Weligaa ma ku fakartay inaad barato Lithuania ama ma isku aragtay inaad xiiseyso naxweheeda gaarka ah?","og_url":"https:\/\/talkpal.ai\/so\/naxwaha-lithuania\/","og_site_name":"Talkpal","article_publisher":"https:\/\/www.facebook.com\/profile.php?id=100090733639311","article_modified_time":"2025-12-12T10:42:06+00:00","og_image":[{"width":512,"height":512,"url":"https:\/\/talkpal.ai\/wp-content\/uploads\/2023\/05\/Lithuanian.png","type":"image\/png"}],"twitter_card":"summary_large_image","twitter_site":"@talkpalai","twitter_misc":{"Est. reading time":"3 minutes"},"schema":{"@context":"https:\/\/schema.org","@graph":[{"@type":"WebPage","@id":"https:\/\/talkpal.ai\/so\/naxwaha-lithuania\/","url":"https:\/\/talkpal.ai\/so\/naxwaha-lithuania\/","name":"Naxwaha Lithuania - Talkpal","isPartOf":{"@id":"https:\/\/talkpal.ai\/so\/#website"},"primaryImageOfPage":{"@id":"https:\/\/talkpal.ai\/so\/naxwaha-lithuania\/#primaryimage"},"image":{"@id":"https:\/\/talkpal.ai\/so\/naxwaha-lithuania\/#primaryimage"},"thumbnailUrl":"https:\/\/talkpal.ai\/wp-content\/uploads\/2023\/05\/Lithuanian.png","datePublished":"2023-05-14T14:10:42+00:00","dateModified":"2025-12-12T10:42:06+00:00","description":"Soo ogow sida naxwaha Lithuania uu uga tarjumayo qaninimada iyo caqli-galnimada taariikhiga ah, taasoo ka dhigaysa daraasad ku habboon dadka luqadda jecel.","breadcrumb":{"@id":"https:\/\/talkpal.ai\/so\/naxwaha-lithuania\/#breadcrumb"},"inLanguage":"so-SO","potentialAction":[{"@type":"ReadAction","target":["https:\/\/talkpal.ai\/so\/naxwaha-lithuania\/"]}]},{"@type":"ImageObject","inLanguage":"so-SO","@id":"https:\/\/talkpal.ai\/so\/naxwaha-lithuania\/#primaryimage","url":"https:\/\/talkpal.ai\/wp-content\/uploads\/2023\/05\/Lithuanian.png","contentUrl":"https:\/\/talkpal.ai\/wp-content\/uploads\/2023\/05\/Lithuanian.png","width":512,"height":512,"caption":"TalkPal Lithuanian Flag"},{"@type":"BreadcrumbList","@id":"https:\/\/talkpal.ai\/so\/naxwaha-lithuania\/#breadcrumb","itemListElement":[{"@type":"ListItem","position":1,"name":"Homepage","item":"https:\/\/talkpal.ai\/so\/"},{"@type":"ListItem","position":2,"name":"Naxwaha Lithuania"}]},{"@type":"WebSite","@id":"https:\/\/talkpal.ai\/so\/#website","url":"https:\/\/talkpal.ai\/so\/","name":"Talkpal","description":"AI Language Learning","publisher":{"@id":"https:\/\/talkpal.ai\/so\/#organization"},"alternateName":"Talkpal AI","potentialAction":[{"@type":"SearchAction","target":{"@type":"EntryPoint","urlTemplate":"https:\/\/talkpal.ai\/so\/?s={search_term_string}"},"query-input":{"@type":"PropertyValueSpecification","valueRequired":true,"valueName":"search_term_string"}}],"inLanguage":"so-SO"},{"@type":"Organization","@id":"https:\/\/talkpal.ai\/so\/#organization","name":"Talkpal, Inc.","alternateName":"Talkpal AI","url":"https:\/\/talkpal.ai\/so\/","logo":{"@type":"ImageObject","inLanguage":"so-SO","@id":"https:\/\/talkpal.ai\/so\/#\/schema\/logo\/image\/","url":"https:\/\/talkpal.ai\/wp-content\/uploads\/2024\/03\/Talkpal-Logo-Icon.png","contentUrl":"https:\/\/talkpal.ai\/wp-content\/uploads\/2024\/03\/Talkpal-Logo-Icon.png","width":2880,"height":2880,"caption":"Talkpal, Inc."},"image":{"@id":"https:\/\/talkpal.ai\/so\/#\/schema\/logo\/image\/"},"sameAs":["https:\/\/www.facebook.com\/profile.php?id=100090733639311","https:\/\/x.com\/talkpalai","https:\/\/www.linkedin.com\/company\/talkpal\/","https:\/\/www.youtube.com\/@TalkPal\/","https:\/\/www.tiktok.com\/@talkpal","https:\/\/www.instagram.com\/talkpal_ai\/","https:\/\/www.crunchbase.com\/organization\/talkpal-9cde","https:\/\/www.g2.com\/products\/talkpal-for-business\/","https:\/\/www.trustpilot.com\/review\/talkpal.ai","https:\/\/www.capterra.com\/p\/10006800\/TalkPal\/"],"description":"Talkpal is a language learning web and mobile education app, powered by the latest AI technologies, that provides engaging experiences to its customers in many different languages to help them improve their language skills. Users can chat about unlimited amount of topics with the app and use other modes to practice their language learning.","email":"support@talkpal.ai","legalName":"Talkpal, Inc.","foundingDate":"2023-04-03","duns":"118989042","numberOfEmployees":{"@type":"QuantitativeValue","minValue":"11","maxValue":"50"},"publishingPrinciples":"https:\/\/talkpal.ai\/publishing-principles\/","actionableFeedbackPolicy":"https:\/\/talkpal.ai\/actionable-feedback-policy\/","correctionsPolicy":"https:\/\/talkpal.ai\/corrections-policy\/","ethicsPolicy":"https:\/\/talkpal.ai\/ethics-policy\/","diversityPolicy":"https:\/\/talkpal.ai\/diversity-policy\/","diversityStaffingReport":"https:\/\/talkpal.ai\/diversity-policy\/"}]}},"_links":{"self":[{"href":"https:\/\/talkpal.ai\/so\/wp-json\/wp\/v2\/pages\/1443916","targetHints":{"allow":["GET"]}}],"collection":[{"href":"https:\/\/talkpal.ai\/so\/wp-json\/wp\/v2\/pages"}],"about":[{"href":"https:\/\/talkpal.ai\/so\/wp-json\/wp\/v2\/types\/page"}],"author":[{"embeddable":true,"href":"https:\/\/talkpal.ai\/so\/wp-json\/wp\/v2\/users\/1"}],"replies":[{"embeddable":true,"href":"https:\/\/talkpal.ai\/so\/wp-json\/wp\/v2\/comments?post=1443916"}],"version-history":[{"count":0,"href":"https:\/\/talkpal.ai\/so\/wp-json\/wp\/v2\/pages\/1443916\/revisions"}],"wp:featuredmedia":[{"embeddable":true,"href":"https:\/\/talkpal.ai\/so\/wp-json\/wp\/v2\/media\/1443918"}],"wp:attachment":[{"href":"https:\/\/talkpal.ai\/so\/wp-json\/wp\/v2\/media?parent=1443916"}],"curies":[{"name":"wp","href":"https:\/\/api.w.org\/{rel}","templated":true}]}}