{"id":1443880,"date":"2023-05-14T14:10:24","date_gmt":"2023-05-14T14:10:24","guid":{"rendered":"https:\/\/talkpal.ai\/naxwaha-latvia\/"},"modified":"2025-12-17T17:10:52","modified_gmt":"2025-12-17T17:10:52","slug":"naxwaha-latvia","status":"publish","type":"page","link":"https:\/\/talkpal.ai\/so\/naxwaha-latvia\/","title":{"rendered":"Naxwaha Latvia"},"content":{"rendered":"\r\n\r\n\r\n<section class=\"languageChallengeSection\">\r\n    <div class=\"languageInfoWrapper\">\r\n        \r\n        <h1>Naxwaha Latvia<\/h1>\r\n        <p>Sahami adduunka gaarka ah ee naxwaha <a href=\"https:\/\/talkpal.ai\/learn-latvian\/\">Latvia<\/a> oo fur quruxda mid ka mid ah luqadaha ugu firfircoon gobolka Baltic. Markaad fahamto qaab-dhismeedkeeda <a href=\"https:\/\/talkpal.ai\/locations\/language-courses-in-iyo\/\">iyo<\/a> xeerarkeeda, waxaad kor u qaadi doontaa kalsoonidaada iyo xirfadahaaga xiriir. Bilow barashada naxwaha Latvia maanta oo qaado tillaabadaada ugu horreysa xagga faseexnimada!\n\n<\/p>\r\n\r\n                            <a class=\"getStartedHidden\" href=\"https:\/\/app.talkpal.ai\/signup?lng=\">Bilow<\/a>\r\n        \r\n    <\/div>\r\n\r\n    <figure>\r\n    <img decoding=\"async\" width=\"768\" height=\"768\" src=\"https:\/\/talkpal.ai\/wp-content\/uploads\/2023\/06\/latvian-768x768.png\" class=\"languageImage no-lazy\" alt=\"Language learning to access more cultures\" fetchpriority=\"high\" sizes=\"(max-width: 768px) 150px, 768px\" srcset=\"https:\/\/talkpal.ai\/wp-content\/uploads\/2023\/06\/latvian-768x768.png 768w, https:\/\/talkpal.ai\/wp-content\/uploads\/2023\/06\/latvian-300x300.png 300w\" \/>\r\n    \r\n\r\n    <\/figure>\r\n\r\n            <a class=\"getStartedVisible\" href=\"https:\/\/app.talkpal.ai\/signup?lng=\">Bilow<\/a>\r\n    \r\n<\/section>\r\n<section class=\"promotionalBanner\">\r\n    <p class=\"promotionalText\">Habka ugu hufan ee lagu barto luqadda<\/p>\r\n    <a class=\"promotionalLink\" href=\"https:\/\/app.talkpal.ai\/signup?lng=\">Isku day Talkpal bilaash<\/a>\r\n<\/section>\n<div class=\"wp-block-group pageContainerStyle\"><div class=\"wp-block-group__inner-container is-layout-constrained wp-block-group-is-layout-constrained\">\n<h2 class=\"wp-block-heading\" id=\"h-the-ultimate-guide-to-latvian-grammar-navigating-the-intricacies-of-a-unique-language\">Tusaha ugu dambeeya ee Naxwaha Latvia: Ka warhaynta qallafsanaanta Luqadda Gaarka ah<\/h2>\n\n\n\n<p>Naxwaha Latvia, sida luqadda lafteeda, waxay soo bandhigaysaa cajalad qani ah oo soo jiidasho leh oo ah qaybaha luqadaha. Luqadda Baltic-ka ahaan, Latvia waxa ay xiiseysaa ardyada sifooyinkeeda kala duwan iyo caqabadaha xitaa kuwa ugu aqoonta badan. Hagahan, waxaanu ku sahamin doonaa mabaadi&#8217;da muhiimka ah ee naxwaha Latvia, waxaanu hoos u dhigi doonaa kakankiisa, waxaanu kugu taageeri doonaa safarkaaga inaad si fiican ugu hadasho luuqadan soo jiidashada leh. Aan bilowno!<\/p>\n\n\n\n<h3 class=\"wp-block-heading\" id=\"h-the-nuts-and-bolts-latvian-sentence-structure\">Nuts iyo Bolts: Qaab-dhismeedka Xukunka Latvia<\/h3>\n\n\n\n<p>Gundhiggeeda, naxwaha Latvia waa mid toos ah. Luqadda guud ahaan waxay raacdaa qaab-dhismeedka jumlada Mawduu-Verb-Object (SVO), oo la mid ah Ingiriisiga iyo luqado kale oo badan. Tusaale ahaan, weedha &#8220;Waxaan cunaa tufaax&#8221; waxay u tarjumaysaa &#8220;Es \u0113du \u0101bolu&#8221; (Es \u0113du \u0101bolu). Fudud, sax? Si kastaba ha ahaatee, marka aan sii qoto dheereyno, waxaad la kulmi doontaa qaar xiiso leh oo gaar ah oo naxwaha Latvia.<\/p>\n\n\n\n<h3 class=\"wp-block-heading\" id=\"h-meet-the-family-latvian-nouns-and-their-cases\">La kulan Qoyska: Magacyada Latvia iyo Kiisaskooda<\/h3>\n\n\n\n<p>Mid ka mid ah sifooyinka ugu wareersan ee naxwaha Latvia ee loogu talagalay dadka ku hadla Ingiriisiga waa fikradda kiisaska naxwe ahaaneed. Latvia, waxaa jira todoba kiis: magac-u-dhigis, curin, dhalasho, eedayn, goob, qalab, iyo cod-qaadid. Kiis kastaa wuxuu leeyahay hawl u gaar ah wuxuuna saameeyaa qaabka magacyada, tibaaxaha, magac-u-yaalka, iyo mararka qaarkood xataa fal.<\/p>\n\n\n\n<p>Tusaale ahaan, aynu soo qaadano ereyga &#8220;\u0101bols&#8221; (\u0101bols) oo macneheedu yahay &#8220;tufaax&#8221;:<\/p>\n\n\n\n<p><strong>&#8211; Kiis magac-u-yaal ah (loo isticmaalo maadooyinka): \u0101bols<\/strong><\/p>\n\n\n\n<p><strong>&#8211; Kiis jinsiyeed (loo isticmaalo lahaanshaha): \u0101bola<\/strong><\/p>\n\n\n\n<p><strong>&#8211; Kiiska dhalmada (oo loo isticmaalo walxaha aan tooska ahayn): \u0101bolam<\/strong><\/p>\n\n\n\n<p><strong>&#8211; Kiis eedeyn ah (oo loo isticmaalo walxaha tooska ah): \u0101bolu<\/strong><\/p>\n\n\n\n<p><strong>&#8211; Kiis goobeed (loo isticmaalo goobta): \u0101bol\u0101<\/strong><\/p>\n\n\n\n<p><strong>&#8211; Kiis qalab ah (oo loo isticmaalo siyaabaha ficilka loo sameeyo): \u0101bolu\/-iem<\/strong><\/p>\n\n\n\n<p><strong>&#8211; Kiis xirfadeed (oo loo isticmaalo wax ka qabashada qof ama shay): abol<\/strong><\/p>\n\n\n\n<p>Waa muhiim in aad naftaada u barato kiisaskan, maadaama ay si weyn u bedeli karaan macnaha jumladahaaga.<\/p>\n\n\n\n<h3 class=\"wp-block-heading\" id=\"h-playing-with-numbers-latvian-plurals-and-genders\">Ku ciyaarista Tirooyinka: Latvia Plurals iyo Genders<\/h3>\n\n\n\n<p>Marka la samaynayo jamac Latvia, waxaa lama huraan ah in maskaxda lagu hayo jinsiga magaca. Latvia, magacyadu waxay leeyihiin laba jinsi &#8211; lab iyo dhedig. Jinsigu waxa uu saameeyaa dhammaadka magacyada, tibaaxaha, tirooyinka, iyo qaababka falka qaarkood.<\/p>\n\n\n\n<p>Guud ahaan, magacyada labka ah ee kiiska magacaabista jamac waxay ku dhamaanayaan -i, halka magacyada dheddiguna ay ku dhamaadaan -sida. Tusaale ahaan, &#8220;zirgs&#8221; (zirgs, magac lab oo macneheedu yahay &#8220;faras&#8221;) wuxuu noqonayaa &#8220;zirgi&#8221; (zirgi, fardo), iyo &#8220;sieviete&#8221; (sieviete, magac dhedig oo macneheedu yahay &#8220;haween&#8221;) waxay noqotaa &#8220;sievietes&#8221; ( sievietes, haween).<\/p>\n\n\n\n<p>Dabcan, waxyaabo ka reeban ayaa jira, waana sababta ay lama huraan u tahay in la barto magacyada iyo jinsigooda oo laga digtoonaado jamac kasta oo aan joogto ahayn.<\/p>\n\n\n\n<h3 class=\"wp-block-heading\" id=\"h-the-art-of-conjugation-latvian-verbs\">Farshaxanka Isku-xidhka: Filalka Latvia<\/h3>\n\n\n\n<p>Ficillada Latvia waxay marka hore u muuqan karaan kuwo aad u adag iyadoo ay ugu wacan tahay xiisadahooda faraha badan, niyadda, iyo isku xidhka. Si kastaba ha ahaatee, furaha fahamkooda waa in la aqoonsado qaababka caadiga ah oo si joogto ah loogu tababaro.<\/p>\n\n\n\n<p>Latvia, shaqallada waxa loo qaybiyaa saddex kooxood iyadoo lagu salaynayo dhammaadkooda aan dhammaadka lahayn, -t, -ties, iyo -ties\/-t. Koox kastaa waxay leedahay xeerar gaar ah oo isku xidhka ah. Aan tusaale ahaan u soo qaadanno falka \u201clasiit\u201d (lasiit, \u201cin la akhriyo\u201d)<\/p>\n\n\n\n<p><strong>Waqtiga xaadirka ah: Es lasu (Es lasu, &#8220;Waan akhriyey&#8221;)<\/strong><\/p>\n\n\n\n<p><strong>Waqtigii hore: Es las\u012bju (Es las\u012bju, \u201cWaan akhriyey\u201d)<\/strong><\/p>\n\n\n\n<p><strong>Xiisadda mustaqbalka: Es las\u012b\u0161u (Es las\u012b\u0161u, &#8220;Waan akhriyi doonaa&#8221;)<\/strong><\/p>\n\n\n\n<p>Sida aad arki karto, dhamaadka ayaa isbeddelaya iyadoo loo eegayo xiisadda. Tanina xitaa ma xoqdo dusha isku xidhka falka Latvia! Si kastaba ha ahaatee, ha u ogolaan inay ku niyad jabto. Ku celcelinta iyo dulqaadka, waxaad bilaabi doontaa inaad aqoonsato qaababka oo aad ka adkaato caqabadan.<\/p>\n\n\n\n<h3 class=\"wp-block-heading\" id=\"h-the-finishing-touches-latvian-adjectives-adverbs-and-more\">Taabashooyinka Dhamaystirka: Sifooyinka Latvia, Sifooyinka, iyo in ka badan<\/h3>\n\n\n\n<p>Marka ay timaaddo tibaaxaha Latvia iyo tibaaxaha, waxay door muhiim ah ka ciyaaraan inay ku daraan qoto dheer iyo kakanaanta hadalkaaga. Sifooyinku waa inay ku heshiiyaan magacyada ay wax ka beddelaan xagga jinsiga iyo kiiska, oo leh dhammaad kuwaas oo ku kala duwan.<\/p>\n\n\n\n<p>Tusaale ahaan, &#8220;gar\u0161\u012bgs&#8221; (gar\u0161\u012bgs) macneheedu waa &#8221; macaan,&#8221; oo waxaad u arki kartaa sida &#8220;gar\u0161\u012bgs \u0101bols&#8221; (gar\u0161\u012bgs \u0101bols, &#8220;tufaax macaan&#8221;) <a href=\"https:\/\/talkpal.ai\/locations\/language-courses-in-ama\/\">ama<\/a> &#8220;gar\u0161\u012bga zupa&#8221; (gar\u0161\u012bga zupa, &#8221; maraq macaan&#8221;), oo leh dhammaadyo kala duwan oo loogu talagalay magacyada lab iyo dheddig.<\/p>\n\n\n\n<p>Sifooyinku caadi ahaan waxay raacaan qaabab isku mid ah, oo inta badan laga soo qaatay sifooyin. Latvia, inta badan fal-falayaashu waxay ku dhammaadaan -i, taas oo la mid ah qaabka eedaymaha labka ah ee sifayaasha.<\/p>\n\n\n\n<p>Gebagebadii, kakanka naxwaha Latvia iyo waxyaabaha uu <a href=\"https:\/\/talkpal.ai\/locations\/language-courses-in-kaga\/\">kaga<\/a> duwan yahay, in kasta oo ay adag tahay, waxay siiyaan luqadda quruxdeeda iyo dabeecadeeda soo jiidashada leh. Isku darka adkaysiga, xiisaha, iyo codsiga la taaban karo, waxaad si fudud oo kalsooni leh ugu socon doontaa naxwaha Latvia. Barasho wacan!<\/p>\n<\/div><\/div>\n\r\n<section class=\"learnNavigationSection\">\r\n            \r\n        <a href=\"https:\/\/talkpal.ai\/so\/baro-latvia\/\">\r\n            <div class=\"learnNavigationWrapper\">\r\n                <div class=\"learnNavigationContent\">\r\n                    <img decoding=\"async\" src=\"https:\/\/talkpal.ai\/wp-content\/uploads\/2024\/08\/Latvian.jpg\" alt=\"Latvian Flag\">\r\n                    <div>\r\n                        <h4>Ku saabsan Barashada Latvia<\/h4>\r\n                        <p>Wax walba ka ogow naxwaha Latvia<\/p>\r\n                    <\/div>\r\n                <\/div>\r\n            <\/div>\r\n        <\/a>\r\n\r\n        \r\n        <a href=\"https:\/\/talkpal.ai\/so\/layliga-naxwaha-latvia\/\">\r\n            <div class=\"learnNavigationWrapper\">\r\n                <div class=\"learnNavigationContent\">\r\n                    <img decoding=\"async\" src=\"https:\/\/talkpal.ai\/wp-content\/uploads\/2024\/08\/Latvian.jpg\" alt=\"Latvian Flag\">\r\n                    <div>\r\n                        <h4>Layliga Naxwaha Latvia<\/h4>\r\n                        <p>Ku celceli naxwaha Latvia.<\/p>\r\n                    <\/div>\r\n                <\/div>\r\n            <\/div>\r\n        <\/a>\r\n\r\n        \r\n        <a href=\"https:\/\/talkpal.ai\/vocabulary_language\/latvian\/\">\r\n            <div class=\"learnNavigationWrapper\">\r\n                <div class=\"learnNavigationContent\">\r\n                    <img decoding=\"async\" src=\"https:\/\/talkpal.ai\/wp-content\/uploads\/2024\/08\/Latvian.jpg\" alt=\"Latvian Flag\">\r\n                    <div>\r\n                        <h4>Erayada Latvia<\/h4>\r\n                        <p>Kordhi erayadaada Latvia<\/p>\r\n                    <\/div>\r\n                <\/div>\r\n            <\/div>\r\n        <\/a>\r\n\r\n            <\/section>","protected":false},"excerpt":{"rendered":"<p>Tusaha ugu dambeeya ee Naxwaha Latvia: Ka warhaynta qallafsanaanta Luqadda Gaarka ah Naxwaha Latvia, sida luqadda lafteeda, waxay soo bandhigaysaa cajalad qani ah oo soo jiidasho leh oo ah qaybaha luqadaha. Luqadda Baltic-ka ahaan, Latvia waxa ay xiiseysaa ardyada sifooyinkeeda kala duwan iyo caqabadaha xitaa kuwa ugu aqoonta badan. Hagahan, waxaanu ku sahamin doonaa mabaadi&#8217;da [&hellip;]<\/p>\n","protected":false},"author":1,"featured_media":1443881,"parent":0,"menu_order":0,"comment_status":"closed","ping_status":"closed","template":"LearningContentPage.php","meta":{"_acf_changed":false,"footnotes":""},"class_list":["post-1443880","page","type-page","status-publish","has-post-thumbnail","hentry"],"acf":[],"yoast_head":"<!-- This site is optimized with the Yoast SEO Premium plugin v27.2 (Yoast SEO v27.2) - https:\/\/yoast.com\/product\/yoast-seo-premium-wordpress\/ -->\n<title>Naxwaha Latvia - Talkpal<\/title>\n<meta name=\"description\" content=\"Naxwaha Master Latvia si kalsooni leh - baro qawaaniinta, ku celceli isticmaalka, oo kor u qaad saxnaanta luqadda si fudud iyada oo la adeegsanayo hagaha gaarka ah ee TalkPal.\" \/>\n<meta name=\"robots\" content=\"index, follow, max-snippet:-1, max-image-preview:large, max-video-preview:-1\" \/>\n<link rel=\"canonical\" href=\"https:\/\/talkpal.ai\/so\/naxwaha-latvia\/\" \/>\n<meta property=\"og:locale\" content=\"so_SO\" \/>\n<meta property=\"og:type\" content=\"article\" \/>\n<meta property=\"og:title\" content=\"Naxwaha Latvia\" \/>\n<meta property=\"og:description\" content=\"Tusaha ugu dambeeya ee Naxwaha Latvia: Ka warhaynta qallafsanaanta Luqadda Gaarka ah Naxwaha Latvia, sida luqadda lafteeda, waxay soo bandhigaysaa cajalad\" \/>\n<meta property=\"og:url\" content=\"https:\/\/talkpal.ai\/so\/naxwaha-latvia\/\" \/>\n<meta property=\"og:site_name\" content=\"Talkpal\" \/>\n<meta property=\"article:publisher\" content=\"https:\/\/www.facebook.com\/profile.php?id=100090733639311\" \/>\n<meta property=\"article:modified_time\" content=\"2025-12-17T17:10:52+00:00\" \/>\n<meta property=\"og:image\" content=\"https:\/\/talkpal.ai\/wp-content\/uploads\/2023\/05\/latvia.png\" \/>\n\t<meta property=\"og:image:width\" content=\"512\" \/>\n\t<meta property=\"og:image:height\" content=\"512\" \/>\n\t<meta property=\"og:image:type\" content=\"image\/png\" \/>\n<meta name=\"twitter:card\" content=\"summary_large_image\" \/>\n<meta name=\"twitter:site\" content=\"@talkpalai\" \/>\n<meta name=\"twitter:label1\" content=\"Est. reading time\" \/>\n\t<meta name=\"twitter:data1\" content=\"4 minutes\" \/>\n<script type=\"application\/ld+json\" class=\"yoast-schema-graph\">{\"@context\":\"https:\/\/schema.org\",\"@graph\":[{\"@type\":\"WebPage\",\"@id\":\"https:\/\/talkpal.ai\/so\/naxwaha-latvia\/\",\"url\":\"https:\/\/talkpal.ai\/so\/naxwaha-latvia\/\",\"name\":\"Naxwaha Latvia - Talkpal\",\"isPartOf\":{\"@id\":\"https:\/\/talkpal.ai\/so\/#website\"},\"primaryImageOfPage\":{\"@id\":\"https:\/\/talkpal.ai\/so\/naxwaha-latvia\/#primaryimage\"},\"image\":{\"@id\":\"https:\/\/talkpal.ai\/so\/naxwaha-latvia\/#primaryimage\"},\"thumbnailUrl\":\"https:\/\/talkpal.ai\/wp-content\/uploads\/2023\/05\/latvia.png\",\"datePublished\":\"2023-05-14T14:10:24+00:00\",\"dateModified\":\"2025-12-17T17:10:52+00:00\",\"description\":\"Naxwaha Master Latvia si kalsooni leh - baro qawaaniinta, ku celceli isticmaalka, oo kor u qaad saxnaanta luqadda si fudud iyada oo la adeegsanayo hagaha gaarka ah ee TalkPal.\",\"breadcrumb\":{\"@id\":\"https:\/\/talkpal.ai\/so\/naxwaha-latvia\/#breadcrumb\"},\"inLanguage\":\"so-SO\",\"potentialAction\":[{\"@type\":\"ReadAction\",\"target\":[\"https:\/\/talkpal.ai\/so\/naxwaha-latvia\/\"]}]},{\"@type\":\"ImageObject\",\"inLanguage\":\"so-SO\",\"@id\":\"https:\/\/talkpal.ai\/so\/naxwaha-latvia\/#primaryimage\",\"url\":\"https:\/\/talkpal.ai\/wp-content\/uploads\/2023\/05\/latvia.png\",\"contentUrl\":\"https:\/\/talkpal.ai\/wp-content\/uploads\/2023\/05\/latvia.png\",\"width\":512,\"height\":512,\"caption\":\"TalkPal Latvia Flag\"},{\"@type\":\"BreadcrumbList\",\"@id\":\"https:\/\/talkpal.ai\/so\/naxwaha-latvia\/#breadcrumb\",\"itemListElement\":[{\"@type\":\"ListItem\",\"position\":1,\"name\":\"Homepage\",\"item\":\"https:\/\/talkpal.ai\/so\/\"},{\"@type\":\"ListItem\",\"position\":2,\"name\":\"Naxwaha Latvia\"}]},{\"@type\":\"WebSite\",\"@id\":\"https:\/\/talkpal.ai\/so\/#website\",\"url\":\"https:\/\/talkpal.ai\/so\/\",\"name\":\"Talkpal\",\"description\":\"AI Language Learning\",\"publisher\":{\"@id\":\"https:\/\/talkpal.ai\/so\/#organization\"},\"alternateName\":\"Talkpal AI\",\"potentialAction\":[{\"@type\":\"SearchAction\",\"target\":{\"@type\":\"EntryPoint\",\"urlTemplate\":\"https:\/\/talkpal.ai\/so\/?s={search_term_string}\"},\"query-input\":{\"@type\":\"PropertyValueSpecification\",\"valueRequired\":true,\"valueName\":\"search_term_string\"}}],\"inLanguage\":\"so-SO\"},{\"@type\":\"Organization\",\"@id\":\"https:\/\/talkpal.ai\/so\/#organization\",\"name\":\"Talkpal, Inc.\",\"alternateName\":\"Talkpal AI\",\"url\":\"https:\/\/talkpal.ai\/so\/\",\"logo\":{\"@type\":\"ImageObject\",\"inLanguage\":\"so-SO\",\"@id\":\"https:\/\/talkpal.ai\/so\/#\/schema\/logo\/image\/\",\"url\":\"https:\/\/talkpal.ai\/wp-content\/uploads\/2024\/03\/Talkpal-Logo-Icon.png\",\"contentUrl\":\"https:\/\/talkpal.ai\/wp-content\/uploads\/2024\/03\/Talkpal-Logo-Icon.png\",\"width\":2880,\"height\":2880,\"caption\":\"Talkpal, Inc.\"},\"image\":{\"@id\":\"https:\/\/talkpal.ai\/so\/#\/schema\/logo\/image\/\"},\"sameAs\":[\"https:\/\/www.facebook.com\/profile.php?id=100090733639311\",\"https:\/\/x.com\/talkpalai\",\"https:\/\/www.linkedin.com\/company\/talkpal\/\",\"https:\/\/www.youtube.com\/@TalkPal\/\",\"https:\/\/www.tiktok.com\/@talkpal\",\"https:\/\/www.instagram.com\/talkpal_ai\/\",\"https:\/\/www.crunchbase.com\/organization\/talkpal-9cde\",\"https:\/\/www.g2.com\/products\/talkpal-for-business\/\",\"https:\/\/www.trustpilot.com\/review\/talkpal.ai\",\"https:\/\/www.capterra.com\/p\/10006800\/TalkPal\/\"],\"description\":\"Talkpal is a language learning web and mobile education app, powered by the latest AI technologies, that provides engaging experiences to its customers in many different languages to help them improve their language skills. Users can chat about unlimited amount of topics with the app and use other modes to practice their language learning.\",\"email\":\"support@talkpal.ai\",\"legalName\":\"Talkpal, Inc.\",\"foundingDate\":\"2023-04-03\",\"duns\":\"118989042\",\"numberOfEmployees\":{\"@type\":\"QuantitativeValue\",\"minValue\":\"11\",\"maxValue\":\"50\"},\"publishingPrinciples\":\"https:\/\/talkpal.ai\/publishing-principles\/\",\"actionableFeedbackPolicy\":\"https:\/\/talkpal.ai\/actionable-feedback-policy\/\",\"correctionsPolicy\":\"https:\/\/talkpal.ai\/corrections-policy\/\",\"ethicsPolicy\":\"https:\/\/talkpal.ai\/ethics-policy\/\",\"diversityPolicy\":\"https:\/\/talkpal.ai\/diversity-policy\/\",\"diversityStaffingReport\":\"https:\/\/talkpal.ai\/diversity-policy\/\"}]}<\/script>\n<!-- \/ Yoast SEO Premium plugin. -->","yoast_head_json":{"title":"Naxwaha Latvia - Talkpal","description":"Naxwaha Master Latvia si kalsooni leh - baro qawaaniinta, ku celceli isticmaalka, oo kor u qaad saxnaanta luqadda si fudud iyada oo la adeegsanayo hagaha gaarka ah ee TalkPal.","robots":{"index":"index","follow":"follow","max-snippet":"max-snippet:-1","max-image-preview":"max-image-preview:large","max-video-preview":"max-video-preview:-1"},"canonical":"https:\/\/talkpal.ai\/so\/naxwaha-latvia\/","og_locale":"so_SO","og_type":"article","og_title":"Naxwaha Latvia","og_description":"Tusaha ugu dambeeya ee Naxwaha Latvia: Ka warhaynta qallafsanaanta Luqadda Gaarka ah Naxwaha Latvia, sida luqadda lafteeda, waxay soo bandhigaysaa cajalad","og_url":"https:\/\/talkpal.ai\/so\/naxwaha-latvia\/","og_site_name":"Talkpal","article_publisher":"https:\/\/www.facebook.com\/profile.php?id=100090733639311","article_modified_time":"2025-12-17T17:10:52+00:00","og_image":[{"width":512,"height":512,"url":"https:\/\/talkpal.ai\/wp-content\/uploads\/2023\/05\/latvia.png","type":"image\/png"}],"twitter_card":"summary_large_image","twitter_site":"@talkpalai","twitter_misc":{"Est. reading time":"4 minutes"},"schema":{"@context":"https:\/\/schema.org","@graph":[{"@type":"WebPage","@id":"https:\/\/talkpal.ai\/so\/naxwaha-latvia\/","url":"https:\/\/talkpal.ai\/so\/naxwaha-latvia\/","name":"Naxwaha Latvia - Talkpal","isPartOf":{"@id":"https:\/\/talkpal.ai\/so\/#website"},"primaryImageOfPage":{"@id":"https:\/\/talkpal.ai\/so\/naxwaha-latvia\/#primaryimage"},"image":{"@id":"https:\/\/talkpal.ai\/so\/naxwaha-latvia\/#primaryimage"},"thumbnailUrl":"https:\/\/talkpal.ai\/wp-content\/uploads\/2023\/05\/latvia.png","datePublished":"2023-05-14T14:10:24+00:00","dateModified":"2025-12-17T17:10:52+00:00","description":"Naxwaha Master Latvia si kalsooni leh - baro qawaaniinta, ku celceli isticmaalka, oo kor u qaad saxnaanta luqadda si fudud iyada oo la adeegsanayo hagaha gaarka ah ee TalkPal.","breadcrumb":{"@id":"https:\/\/talkpal.ai\/so\/naxwaha-latvia\/#breadcrumb"},"inLanguage":"so-SO","potentialAction":[{"@type":"ReadAction","target":["https:\/\/talkpal.ai\/so\/naxwaha-latvia\/"]}]},{"@type":"ImageObject","inLanguage":"so-SO","@id":"https:\/\/talkpal.ai\/so\/naxwaha-latvia\/#primaryimage","url":"https:\/\/talkpal.ai\/wp-content\/uploads\/2023\/05\/latvia.png","contentUrl":"https:\/\/talkpal.ai\/wp-content\/uploads\/2023\/05\/latvia.png","width":512,"height":512,"caption":"TalkPal Latvia Flag"},{"@type":"BreadcrumbList","@id":"https:\/\/talkpal.ai\/so\/naxwaha-latvia\/#breadcrumb","itemListElement":[{"@type":"ListItem","position":1,"name":"Homepage","item":"https:\/\/talkpal.ai\/so\/"},{"@type":"ListItem","position":2,"name":"Naxwaha Latvia"}]},{"@type":"WebSite","@id":"https:\/\/talkpal.ai\/so\/#website","url":"https:\/\/talkpal.ai\/so\/","name":"Talkpal","description":"AI Language Learning","publisher":{"@id":"https:\/\/talkpal.ai\/so\/#organization"},"alternateName":"Talkpal AI","potentialAction":[{"@type":"SearchAction","target":{"@type":"EntryPoint","urlTemplate":"https:\/\/talkpal.ai\/so\/?s={search_term_string}"},"query-input":{"@type":"PropertyValueSpecification","valueRequired":true,"valueName":"search_term_string"}}],"inLanguage":"so-SO"},{"@type":"Organization","@id":"https:\/\/talkpal.ai\/so\/#organization","name":"Talkpal, Inc.","alternateName":"Talkpal AI","url":"https:\/\/talkpal.ai\/so\/","logo":{"@type":"ImageObject","inLanguage":"so-SO","@id":"https:\/\/talkpal.ai\/so\/#\/schema\/logo\/image\/","url":"https:\/\/talkpal.ai\/wp-content\/uploads\/2024\/03\/Talkpal-Logo-Icon.png","contentUrl":"https:\/\/talkpal.ai\/wp-content\/uploads\/2024\/03\/Talkpal-Logo-Icon.png","width":2880,"height":2880,"caption":"Talkpal, Inc."},"image":{"@id":"https:\/\/talkpal.ai\/so\/#\/schema\/logo\/image\/"},"sameAs":["https:\/\/www.facebook.com\/profile.php?id=100090733639311","https:\/\/x.com\/talkpalai","https:\/\/www.linkedin.com\/company\/talkpal\/","https:\/\/www.youtube.com\/@TalkPal\/","https:\/\/www.tiktok.com\/@talkpal","https:\/\/www.instagram.com\/talkpal_ai\/","https:\/\/www.crunchbase.com\/organization\/talkpal-9cde","https:\/\/www.g2.com\/products\/talkpal-for-business\/","https:\/\/www.trustpilot.com\/review\/talkpal.ai","https:\/\/www.capterra.com\/p\/10006800\/TalkPal\/"],"description":"Talkpal is a language learning web and mobile education app, powered by the latest AI technologies, that provides engaging experiences to its customers in many different languages to help them improve their language skills. Users can chat about unlimited amount of topics with the app and use other modes to practice their language learning.","email":"support@talkpal.ai","legalName":"Talkpal, Inc.","foundingDate":"2023-04-03","duns":"118989042","numberOfEmployees":{"@type":"QuantitativeValue","minValue":"11","maxValue":"50"},"publishingPrinciples":"https:\/\/talkpal.ai\/publishing-principles\/","actionableFeedbackPolicy":"https:\/\/talkpal.ai\/actionable-feedback-policy\/","correctionsPolicy":"https:\/\/talkpal.ai\/corrections-policy\/","ethicsPolicy":"https:\/\/talkpal.ai\/ethics-policy\/","diversityPolicy":"https:\/\/talkpal.ai\/diversity-policy\/","diversityStaffingReport":"https:\/\/talkpal.ai\/diversity-policy\/"}]}},"_links":{"self":[{"href":"https:\/\/talkpal.ai\/so\/wp-json\/wp\/v2\/pages\/1443880","targetHints":{"allow":["GET"]}}],"collection":[{"href":"https:\/\/talkpal.ai\/so\/wp-json\/wp\/v2\/pages"}],"about":[{"href":"https:\/\/talkpal.ai\/so\/wp-json\/wp\/v2\/types\/page"}],"author":[{"embeddable":true,"href":"https:\/\/talkpal.ai\/so\/wp-json\/wp\/v2\/users\/1"}],"replies":[{"embeddable":true,"href":"https:\/\/talkpal.ai\/so\/wp-json\/wp\/v2\/comments?post=1443880"}],"version-history":[{"count":0,"href":"https:\/\/talkpal.ai\/so\/wp-json\/wp\/v2\/pages\/1443880\/revisions"}],"wp:featuredmedia":[{"embeddable":true,"href":"https:\/\/talkpal.ai\/so\/wp-json\/wp\/v2\/media\/1443881"}],"wp:attachment":[{"href":"https:\/\/talkpal.ai\/so\/wp-json\/wp\/v2\/media?parent=1443880"}],"curies":[{"name":"wp","href":"https:\/\/api.w.org\/{rel}","templated":true}]}}