{"id":1443864,"date":"2023-05-14T13:48:36","date_gmt":"2023-05-14T13:48:36","guid":{"rendered":"https:\/\/talkpal.ai\/naxwaha-shiinaha\/"},"modified":"2025-09-06T19:16:57","modified_gmt":"2025-09-06T19:16:57","slug":"naxwaha-shiinaha","status":"publish","type":"page","link":"https:\/\/talkpal.ai\/so\/naxwaha-shiinaha\/","title":{"rendered":"Naxwaha Shiinaha"},"content":{"rendered":"\r\n\r\n\r\n<section class=\"languageChallengeSection\">\r\n    <div class=\"languageInfoWrapper\">\r\n        \r\n        <h1>Naxwaha Shiinaha<\/h1>\r\n        <p>Xooji xirfadaha luqadda Shiinaha adiga oo baranaya qaababka naxwaha muhiimka ah <a href=\"https:\/\/talkpal.ai\/locations\/language-courses-in-iyo\/\">iyo<\/a> qaababka isticmaalka. Bilow hagaajinta naxwaha Shiinaha maanta oo si kalsooni leh ula xiriir!<\/p>\r\n\r\n                            <a class=\"getStartedHidden\" href=\"https:\/\/app.talkpal.ai\/signup?lng=\">Bilow<\/a>\r\n        \r\n    <\/div>\r\n\r\n    <figure>\r\n    <img decoding=\"async\" width=\"768\" height=\"768\" src=\"https:\/\/talkpal.ai\/wp-content\/uploads\/2023\/06\/chinese-768x768.png\" class=\"languageImage no-lazy\" alt=\"Language learning for flexible communication\" fetchpriority=\"high\" sizes=\"(max-width: 768px) 150px, 768px\" srcset=\"https:\/\/talkpal.ai\/wp-content\/uploads\/2023\/06\/chinese-768x768.png 768w, https:\/\/talkpal.ai\/wp-content\/uploads\/2023\/06\/chinese-300x300.png 300w\" \/>\r\n    \r\n\r\n    <\/figure>\r\n\r\n            <a class=\"getStartedVisible\" href=\"https:\/\/app.talkpal.ai\/signup?lng=\">Bilow<\/a>\r\n    \r\n<\/section>\r\n<section class=\"promotionalBanner\">\r\n    <p class=\"promotionalText\">Habka ugu hufan ee lagu barto luqadda<\/p>\r\n    <a class=\"promotionalLink\" href=\"https:\/\/app.talkpal.ai\/signup?lng=\">Isku day Talkpal bilaash<\/a>\r\n<\/section>\n<div class=\"wp-block-group pageContainerStyle\"><div class=\"wp-block-group__inner-container is-layout-constrained wp-block-group-is-layout-constrained\">\n<h2 class=\"wp-block-heading\" id=\"h-chinese-grammar-the-key-to-mastering-mandarin\">Naxwaha Shiinaha: Furaha Sareynta Mandarin<\/h2>\n\n\n\n<p>Ma waxaad tahay bartayaasha luqadda hamiga leh oo hadafkooda ka dhigay inay bartaan Mandarin? Hadday haa tahay, hambalyo! Wax ka qabashada Shiinaha waa hab fantastik ah oo aad ku ballaadhin karto maskaxdaada caalamiga ah, oo aad <a href=\"https:\/\/talkpal.ai\/locations\/language-courses-in-kula\/\">kula<\/a> xidhiidho dad badan oo ku hadla, oo aad naftaada kula tartanto caqli ahaan. Si kastaba ha ahaatee, iyadoo 1.2 bilyan oo ku hadla afka hooyo iyo nidaam luqadeed oo aad uga duwan luqadaha reer galbeedka, naxwaha Shiinaha wuxuu u ekaan karaa mid aad u adag. Ha baqin! U sii wad koorsada shilalka saaxiibtinimada bilawga ah ee naxwaha Shiinaha kaas oo labadaba soo jiidasho leh iyo xogogaalnimo leh.<\/p>\n\n\n\n<p><strong>Waxyaabaha ugu horreeya marka hore: illow waxaad ka taqaan luqadaha Yurub!<\/strong><\/p>\n\n\n\n<p>Mid ka mid ah sababaha ugu weyn ee ardayda luqadda loogu cabsi galiyo naxwaha Shiinaha ayaa ah inay si aad ah uga duwan tahay qaabdhismeedka &#8220;mawduuc-fal-walxeed&#8221; oo aan u barannay luqadaha sida Ingiriisiga, Isbaanishka, <a href=\"https:\/\/talkpal.ai\/locations\/language-courses-in-ama\/\">ama<\/a> Faransiiska. Haddaba si qoto dheer u neefso, oo aynu u dhex galno caalam cusub oo xeerar iyo fikrado luqadeed ah!<\/p>\n\n\n\n<h3 class=\"wp-block-heading\" id=\"h-1-word-order-is-king\">1.Eray habaynta waa boqor<\/h3>\n\n\n\n<p>Iyadoo aanay jirin xiisado, isku xidhka falka, ama jamacyada naxwaha Shiinaha, qaab dhismeedka jumlada saxda ah ayaa muhiim ah. Haddaba sidee lagu helaa hab-dabeecad sax ah? Inta badan, si fudud u raac qaabka &#8220;mawduuc-fal-shay&#8221; (oo la mid ah Ingiriisiga). Tusaale ahaan:<\/p>\n\n\n\n<p>Ingiriis: waan ku jeclahay.<br\/>Shiine: \u6211\u7231\u4f60\u3002W\u01d2 \u00e0i n\u01d0.<\/p>\n\n\n\n<p>Waxaa jira dhismayaal aad u adag laakiin samaynta aasaas adag ayaa kuu sahlaysa in la fahmo markaad horumarto.<\/p>\n\n\n\n<h3 class=\"wp-block-heading\" id=\"h-2-particles-particles-everywhere\">2. Qurub, qurub meel walba!<\/h3>\n\n\n\n<p>Naxwaha Shiinaha, qaybuhu waxay door muhiim ah ka ciyaaraan gudbinta macnaha. Mid ka mid ah qaybaha ugu caansan waa &#8220;\u4e86 (le),&#8221; oo tilmaamaya ficil la dhammeeyey. Tusaale ahaan:<\/p>\n\n\n\n<p>\u6211\u5403\u4e86\u3002W\u01d2 ch\u012b le. &#8211; &#8220;Waan cunay.&#8221;<\/p>\n\n\n\n<p>Qayb kale oo caadi ah waa &#8220;\u5427 (ba),&#8221; oo bayaan u beddela talo ama su&#8217;aal:<\/p>\n\n\n\n<p>\u8d70\u5427!Z\u01d2u ba! \u2013 \u201cAan tagno!\u201d<\/p>\n\n\n\n<p>Fahamka shaqooyinka qaybo kala duwan ayaa fure u ah maaraynta nuucyada naxwaha Shiinaha.<\/p>\n\n\n\n<h3 class=\"wp-block-heading\" id=\"h-3-measure-words-quality-not-quantity\">3. Cabbir erayada: tayada, ma aha tiro<\/h3>\n\n\n\n<p>Shiinaha, magacyadu ma laha jamac. Taa baddalkeeda, waxay isticmaalaan erayada cabbiraadda (sidoo kale loo yaqaan kala-saarayaasha) si ay u muujiyaan tirada. Erayada cabbira waxa lagu daraa inta u dhaxaysa lambarka iyo magaca. Tusaale ahaan:<\/p>\n\n\n\n<p>\u4e00\u672c\u4e66 \u2013 Y\u012b b\u011bn <a href=\"https:\/\/talkpal.ai\/locations\/language-courses-in-shu\/\">sh\u016b<\/a> \u2013 \u201chal buug\u201d<\/p>\n\n\n\n<p>U fiirso isticmaalka \u672c (b\u011bn) sida ereyga cabbiraadda buugaagta. Magacyada kala duwani waxay u baahan yihiin kelmado kala duwan oo cabbir ah, iyadoo tani ay u muuqan karto mid jahawareer leh marka hore, waxay noqon doontaa dabeecad labaad marka la barbar dhigo.<\/p>\n\n\n\n<h3 class=\"wp-block-heading\" id=\"h-4-the-magic-of-compound-words\">4. Sixirka erayada isku dhafan<\/h3>\n\n\n\n<p>Shiineesku waxa ka buuxa ereyo isku dhafan, kuwaas oo la sameeyay iyada oo la isku daray laba ama ka badan oo xaraf. Ma aha oo kaliya in tani ay fududayso <a href=\"https:\/\/talkpal.ai\/so\/barashada\/\">barashada<\/a> erayada, laakiin waxa ay sidoo kale u ogolaataa sawir cad iyo macnaha guud. Tusaale ahaan:<\/p>\n\n\n\n<p>\u706b\u8f66 \u2013 Hu\u01d2ch\u0113 \u2013 \u201ctareen\u201d (macno ahaan: \u201cGaadiidka Dabka\u201d)<br\/>\u7535\u8bdd &#8211; Di\u00e0nhu\u00e0 &#8211; &#8220;telefoon&#8221; (macno ahaan: &#8220;hadalka korontada&#8221;)<\/p>\n\n\n\n<p>Markaad fahamto macnaha jilayaasha gaarka ah, waxaad si fudud u ogaan kartaa macnaha erayada isku dhafan ee aadan waligaa la kulmin.<\/p>\n\n\n\n<h3 class=\"wp-block-heading\" id=\"h-5-no-tenses-no-problem\">5. Wax xiisado ah ma jiraan? Dhib malahan!<\/h3>\n\n\n\n<p>Mid ka mid ah dhinacyada ugu cusboonaysiinta Shiinaha waa la&#8217;aanta isku xidhka fal ee waqtiyo kala duwan. Laakiin sidee baad u muujisaa wakhtiga? Fudud! Kaliya ku dar kelmado tilmaamaya wakhtiga, sida:<\/p>\n\n\n\n<p>\u6628\u5929 &#8211; Zu\u00f3ti\u0101n &#8211; &#8220;shalay&#8221;<br\/>\u660e\u5929 &#8211; M\u00edngti\u0101n &#8211; &#8220;berri&#8221;<\/p>\n\n\n\n<p><strong>Tusaale ahaan:<\/strong><\/p>\n\n\n\n<p>\u6211\u6628\u5929\u5403\u4e86\u996d\u3002W\u01d2 zu\u00f3ti\u0101n ch\u012b le f\u00e0n. &#8211; &#8220;Waxaan cunay cunto shalay.&#8221;<br\/>\u6211\u660e\u5929\u5403\u996d\u3002W\u01d2 m\u00edngti\u0101n ch\u012b f\u00e0n. &#8211; &#8220;Waxaan cuni doonaa cunto berrito.&#8221;<\/p>\n\n\n\n<p>Hambalyo! Waxaad qaaday tillaabooyinka ugu horreeya xagga aqoonta naxwaha Shiinaha. Xusuusnow: ku celcelinta ayaa kaamil ah. Markaa, ha ka fogaan sahaminta habab naxwe ahaaneed oo cusub, la sheekaysiga kuwa ku hadla afka hooyo, iyo xoojinta aasaaskaaga. Dunida Mandarin ayaa ku sugaysa &#8211; waxbarasho farxad leh!<\/p>\n<\/div><\/div>\n\r\n<section class=\"learnNavigationSection\">\r\n            \r\n        <a href=\"https:\/\/talkpal.ai\/so\/baro-shiinaha\/\">\r\n            <div class=\"learnNavigationWrapper\">\r\n                <div class=\"learnNavigationContent\">\r\n                    <img decoding=\"async\" src=\"https:\/\/talkpal.ai\/wp-content\/uploads\/2024\/08\/Chinese.jpg\" alt=\"Chinese Flag\u00a0\">\r\n                    <div>\r\n                        <h4>Ku saabsan Barashada Shiinaha<\/h4>\r\n                        <p>Ogow wax walba oo ku saabsan naxwaha Shiinaha.<\/p>\r\n                    <\/div>\r\n                <\/div>\r\n            <\/div>\r\n        <\/a>\r\n\r\n        \r\n        <a href=\"https:\/\/talkpal.ai\/so\/layliyada-naxwaha-shiinaha\/\">\r\n            <div class=\"learnNavigationWrapper\">\r\n                <div class=\"learnNavigationContent\">\r\n                    <img decoding=\"async\" src=\"https:\/\/talkpal.ai\/wp-content\/uploads\/2024\/08\/Chinese.jpg\" alt=\"Chinese Flag\u00a0\">\r\n                    <div>\r\n                        <h4>Layliga Naxwaha Shiinaha<\/h4>\r\n                        <p>Ku celceli naxwaha Shiinaha<\/p>\r\n                    <\/div>\r\n                <\/div>\r\n            <\/div>\r\n        <\/a>\r\n\r\n        \r\n        <a href=\"https:\/\/talkpal.ai\/vocabulary_language\/chinese\/\">\r\n            <div class=\"learnNavigationWrapper\">\r\n                <div class=\"learnNavigationContent\">\r\n                    <img decoding=\"async\" src=\"https:\/\/talkpal.ai\/wp-content\/uploads\/2024\/08\/Chinese.jpg\" alt=\"Chinese Flag\u00a0\">\r\n                    <div>\r\n                        <h4>Erayada Shiinaha<\/h4>\r\n                        <p>Kordhi erayada Shiinaha.<\/p>\r\n                    <\/div>\r\n                <\/div>\r\n            <\/div>\r\n        <\/a>\r\n\r\n            <\/section>","protected":false},"excerpt":{"rendered":"<p>Naxwaha Shiinaha: Furaha Sareynta Mandarin Ma waxaad tahay bartayaasha luqadda hamiga leh oo hadafkooda ka dhigay inay bartaan Mandarin? Hadday haa tahay, hambalyo! Wax ka qabashada Shiinaha waa hab fantastik ah oo aad ku ballaadhin karto maskaxdaada caalamiga ah, oo aad kula xidhiidho dad badan oo ku hadla, oo aad naftaada kula tartanto caqli ahaan. [&hellip;]<\/p>\n","protected":false},"author":1,"featured_media":1441199,"parent":0,"menu_order":0,"comment_status":"closed","ping_status":"closed","template":"LearningContentPage.php","meta":{"_acf_changed":false,"footnotes":""},"class_list":["post-1443864","page","type-page","status-publish","has-post-thumbnail","hentry"],"acf":[],"yoast_head":"<!-- This site is optimized with the Yoast SEO Premium plugin v27.2 (Yoast SEO v27.2) - https:\/\/yoast.com\/product\/yoast-seo-premium-wordpress\/ -->\n<title>Naxwaha Shiinaha - Talkpal<\/title>\n<meta name=\"description\" content=\"Fur siraha Naxwaha Shiinaha si aad si fiican u fahamto luqadda iyo dhaqanka Shiinaha.\" \/>\n<meta name=\"robots\" content=\"index, follow, max-snippet:-1, max-image-preview:large, max-video-preview:-1\" \/>\n<link rel=\"canonical\" href=\"https:\/\/talkpal.ai\/so\/naxwaha-shiinaha\/\" \/>\n<meta property=\"og:locale\" content=\"so_SO\" \/>\n<meta property=\"og:type\" content=\"article\" \/>\n<meta property=\"og:title\" content=\"Naxwaha Shiinaha\" \/>\n<meta property=\"og:description\" content=\"Naxwaha Shiinaha: Furaha Sareynta Mandarin Ma waxaad tahay bartayaasha luqadda hamiga leh oo hadafkooda ka dhigay inay bartaan Mandarin? Hadday haa tahay,\" \/>\n<meta property=\"og:url\" content=\"https:\/\/talkpal.ai\/so\/naxwaha-shiinaha\/\" \/>\n<meta property=\"og:site_name\" content=\"Talkpal\" \/>\n<meta property=\"article:publisher\" content=\"https:\/\/www.facebook.com\/profile.php?id=100090733639311\" \/>\n<meta property=\"article:modified_time\" content=\"2025-09-06T19:16:57+00:00\" \/>\n<meta property=\"og:image\" content=\"https:\/\/talkpal.ai\/wp-content\/uploads\/2023\/04\/china.png\" \/>\n\t<meta property=\"og:image:width\" content=\"512\" \/>\n\t<meta property=\"og:image:height\" content=\"512\" \/>\n\t<meta property=\"og:image:type\" content=\"image\/png\" \/>\n<meta name=\"twitter:card\" content=\"summary_large_image\" \/>\n<meta name=\"twitter:site\" content=\"@talkpalai\" \/>\n<meta name=\"twitter:label1\" content=\"Est. reading time\" \/>\n\t<meta name=\"twitter:data1\" content=\"3 minutes\" \/>\n<script type=\"application\/ld+json\" class=\"yoast-schema-graph\">{\"@context\":\"https:\/\/schema.org\",\"@graph\":[{\"@type\":\"WebPage\",\"@id\":\"https:\/\/talkpal.ai\/so\/naxwaha-shiinaha\/\",\"url\":\"https:\/\/talkpal.ai\/so\/naxwaha-shiinaha\/\",\"name\":\"Naxwaha Shiinaha - Talkpal\",\"isPartOf\":{\"@id\":\"https:\/\/talkpal.ai\/so\/#website\"},\"primaryImageOfPage\":{\"@id\":\"https:\/\/talkpal.ai\/so\/naxwaha-shiinaha\/#primaryimage\"},\"image\":{\"@id\":\"https:\/\/talkpal.ai\/so\/naxwaha-shiinaha\/#primaryimage\"},\"thumbnailUrl\":\"https:\/\/talkpal.ai\/wp-content\/uploads\/2023\/04\/china.png\",\"datePublished\":\"2023-05-14T13:48:36+00:00\",\"dateModified\":\"2025-09-06T19:16:57+00:00\",\"description\":\"Fur siraha Naxwaha Shiinaha si aad si fiican u fahamto luqadda iyo dhaqanka Shiinaha.\",\"breadcrumb\":{\"@id\":\"https:\/\/talkpal.ai\/so\/naxwaha-shiinaha\/#breadcrumb\"},\"inLanguage\":\"so-SO\",\"potentialAction\":[{\"@type\":\"ReadAction\",\"target\":[\"https:\/\/talkpal.ai\/so\/naxwaha-shiinaha\/\"]}]},{\"@type\":\"ImageObject\",\"inLanguage\":\"so-SO\",\"@id\":\"https:\/\/talkpal.ai\/so\/naxwaha-shiinaha\/#primaryimage\",\"url\":\"https:\/\/talkpal.ai\/wp-content\/uploads\/2023\/04\/china.png\",\"contentUrl\":\"https:\/\/talkpal.ai\/wp-content\/uploads\/2023\/04\/china.png\",\"width\":512,\"height\":512,\"caption\":\"TalkPal Catalan Flag\"},{\"@type\":\"BreadcrumbList\",\"@id\":\"https:\/\/talkpal.ai\/so\/naxwaha-shiinaha\/#breadcrumb\",\"itemListElement\":[{\"@type\":\"ListItem\",\"position\":1,\"name\":\"Homepage\",\"item\":\"https:\/\/talkpal.ai\/so\/\"},{\"@type\":\"ListItem\",\"position\":2,\"name\":\"Naxwaha Shiinaha\"}]},{\"@type\":\"WebSite\",\"@id\":\"https:\/\/talkpal.ai\/so\/#website\",\"url\":\"https:\/\/talkpal.ai\/so\/\",\"name\":\"Talkpal\",\"description\":\"AI Language Learning\",\"publisher\":{\"@id\":\"https:\/\/talkpal.ai\/so\/#organization\"},\"alternateName\":\"Talkpal AI\",\"potentialAction\":[{\"@type\":\"SearchAction\",\"target\":{\"@type\":\"EntryPoint\",\"urlTemplate\":\"https:\/\/talkpal.ai\/so\/?s={search_term_string}\"},\"query-input\":{\"@type\":\"PropertyValueSpecification\",\"valueRequired\":true,\"valueName\":\"search_term_string\"}}],\"inLanguage\":\"so-SO\"},{\"@type\":\"Organization\",\"@id\":\"https:\/\/talkpal.ai\/so\/#organization\",\"name\":\"Talkpal, Inc.\",\"alternateName\":\"Talkpal AI\",\"url\":\"https:\/\/talkpal.ai\/so\/\",\"logo\":{\"@type\":\"ImageObject\",\"inLanguage\":\"so-SO\",\"@id\":\"https:\/\/talkpal.ai\/so\/#\/schema\/logo\/image\/\",\"url\":\"https:\/\/talkpal.ai\/wp-content\/uploads\/2024\/03\/Talkpal-Logo-Icon.png\",\"contentUrl\":\"https:\/\/talkpal.ai\/wp-content\/uploads\/2024\/03\/Talkpal-Logo-Icon.png\",\"width\":2880,\"height\":2880,\"caption\":\"Talkpal, Inc.\"},\"image\":{\"@id\":\"https:\/\/talkpal.ai\/so\/#\/schema\/logo\/image\/\"},\"sameAs\":[\"https:\/\/www.facebook.com\/profile.php?id=100090733639311\",\"https:\/\/x.com\/talkpalai\",\"https:\/\/www.linkedin.com\/company\/talkpal\/\",\"https:\/\/www.youtube.com\/@TalkPal\/\",\"https:\/\/www.tiktok.com\/@talkpal\",\"https:\/\/www.instagram.com\/talkpal_ai\/\",\"https:\/\/www.crunchbase.com\/organization\/talkpal-9cde\",\"https:\/\/www.g2.com\/products\/talkpal-for-business\/\",\"https:\/\/www.trustpilot.com\/review\/talkpal.ai\",\"https:\/\/www.capterra.com\/p\/10006800\/TalkPal\/\"],\"description\":\"Talkpal is a language learning web and mobile education app, powered by the latest AI technologies, that provides engaging experiences to its customers in many different languages to help them improve their language skills. Users can chat about unlimited amount of topics with the app and use other modes to practice their language learning.\",\"email\":\"support@talkpal.ai\",\"legalName\":\"Talkpal, Inc.\",\"foundingDate\":\"2023-04-03\",\"duns\":\"118989042\",\"numberOfEmployees\":{\"@type\":\"QuantitativeValue\",\"minValue\":\"11\",\"maxValue\":\"50\"},\"publishingPrinciples\":\"https:\/\/talkpal.ai\/publishing-principles\/\",\"actionableFeedbackPolicy\":\"https:\/\/talkpal.ai\/actionable-feedback-policy\/\",\"correctionsPolicy\":\"https:\/\/talkpal.ai\/corrections-policy\/\",\"ethicsPolicy\":\"https:\/\/talkpal.ai\/ethics-policy\/\",\"diversityPolicy\":\"https:\/\/talkpal.ai\/diversity-policy\/\",\"diversityStaffingReport\":\"https:\/\/talkpal.ai\/diversity-policy\/\"}]}<\/script>\n<!-- \/ Yoast SEO Premium plugin. -->","yoast_head_json":{"title":"Naxwaha Shiinaha - Talkpal","description":"Fur siraha Naxwaha Shiinaha si aad si fiican u fahamto luqadda iyo dhaqanka Shiinaha.","robots":{"index":"index","follow":"follow","max-snippet":"max-snippet:-1","max-image-preview":"max-image-preview:large","max-video-preview":"max-video-preview:-1"},"canonical":"https:\/\/talkpal.ai\/so\/naxwaha-shiinaha\/","og_locale":"so_SO","og_type":"article","og_title":"Naxwaha Shiinaha","og_description":"Naxwaha Shiinaha: Furaha Sareynta Mandarin Ma waxaad tahay bartayaasha luqadda hamiga leh oo hadafkooda ka dhigay inay bartaan Mandarin? Hadday haa tahay,","og_url":"https:\/\/talkpal.ai\/so\/naxwaha-shiinaha\/","og_site_name":"Talkpal","article_publisher":"https:\/\/www.facebook.com\/profile.php?id=100090733639311","article_modified_time":"2025-09-06T19:16:57+00:00","og_image":[{"width":512,"height":512,"url":"https:\/\/talkpal.ai\/wp-content\/uploads\/2023\/04\/china.png","type":"image\/png"}],"twitter_card":"summary_large_image","twitter_site":"@talkpalai","twitter_misc":{"Est. reading time":"3 minutes"},"schema":{"@context":"https:\/\/schema.org","@graph":[{"@type":"WebPage","@id":"https:\/\/talkpal.ai\/so\/naxwaha-shiinaha\/","url":"https:\/\/talkpal.ai\/so\/naxwaha-shiinaha\/","name":"Naxwaha Shiinaha - Talkpal","isPartOf":{"@id":"https:\/\/talkpal.ai\/so\/#website"},"primaryImageOfPage":{"@id":"https:\/\/talkpal.ai\/so\/naxwaha-shiinaha\/#primaryimage"},"image":{"@id":"https:\/\/talkpal.ai\/so\/naxwaha-shiinaha\/#primaryimage"},"thumbnailUrl":"https:\/\/talkpal.ai\/wp-content\/uploads\/2023\/04\/china.png","datePublished":"2023-05-14T13:48:36+00:00","dateModified":"2025-09-06T19:16:57+00:00","description":"Fur siraha Naxwaha Shiinaha si aad si fiican u fahamto luqadda iyo dhaqanka Shiinaha.","breadcrumb":{"@id":"https:\/\/talkpal.ai\/so\/naxwaha-shiinaha\/#breadcrumb"},"inLanguage":"so-SO","potentialAction":[{"@type":"ReadAction","target":["https:\/\/talkpal.ai\/so\/naxwaha-shiinaha\/"]}]},{"@type":"ImageObject","inLanguage":"so-SO","@id":"https:\/\/talkpal.ai\/so\/naxwaha-shiinaha\/#primaryimage","url":"https:\/\/talkpal.ai\/wp-content\/uploads\/2023\/04\/china.png","contentUrl":"https:\/\/talkpal.ai\/wp-content\/uploads\/2023\/04\/china.png","width":512,"height":512,"caption":"TalkPal Catalan Flag"},{"@type":"BreadcrumbList","@id":"https:\/\/talkpal.ai\/so\/naxwaha-shiinaha\/#breadcrumb","itemListElement":[{"@type":"ListItem","position":1,"name":"Homepage","item":"https:\/\/talkpal.ai\/so\/"},{"@type":"ListItem","position":2,"name":"Naxwaha Shiinaha"}]},{"@type":"WebSite","@id":"https:\/\/talkpal.ai\/so\/#website","url":"https:\/\/talkpal.ai\/so\/","name":"Talkpal","description":"AI Language Learning","publisher":{"@id":"https:\/\/talkpal.ai\/so\/#organization"},"alternateName":"Talkpal AI","potentialAction":[{"@type":"SearchAction","target":{"@type":"EntryPoint","urlTemplate":"https:\/\/talkpal.ai\/so\/?s={search_term_string}"},"query-input":{"@type":"PropertyValueSpecification","valueRequired":true,"valueName":"search_term_string"}}],"inLanguage":"so-SO"},{"@type":"Organization","@id":"https:\/\/talkpal.ai\/so\/#organization","name":"Talkpal, Inc.","alternateName":"Talkpal AI","url":"https:\/\/talkpal.ai\/so\/","logo":{"@type":"ImageObject","inLanguage":"so-SO","@id":"https:\/\/talkpal.ai\/so\/#\/schema\/logo\/image\/","url":"https:\/\/talkpal.ai\/wp-content\/uploads\/2024\/03\/Talkpal-Logo-Icon.png","contentUrl":"https:\/\/talkpal.ai\/wp-content\/uploads\/2024\/03\/Talkpal-Logo-Icon.png","width":2880,"height":2880,"caption":"Talkpal, Inc."},"image":{"@id":"https:\/\/talkpal.ai\/so\/#\/schema\/logo\/image\/"},"sameAs":["https:\/\/www.facebook.com\/profile.php?id=100090733639311","https:\/\/x.com\/talkpalai","https:\/\/www.linkedin.com\/company\/talkpal\/","https:\/\/www.youtube.com\/@TalkPal\/","https:\/\/www.tiktok.com\/@talkpal","https:\/\/www.instagram.com\/talkpal_ai\/","https:\/\/www.crunchbase.com\/organization\/talkpal-9cde","https:\/\/www.g2.com\/products\/talkpal-for-business\/","https:\/\/www.trustpilot.com\/review\/talkpal.ai","https:\/\/www.capterra.com\/p\/10006800\/TalkPal\/"],"description":"Talkpal is a language learning web and mobile education app, powered by the latest AI technologies, that provides engaging experiences to its customers in many different languages to help them improve their language skills. Users can chat about unlimited amount of topics with the app and use other modes to practice their language learning.","email":"support@talkpal.ai","legalName":"Talkpal, Inc.","foundingDate":"2023-04-03","duns":"118989042","numberOfEmployees":{"@type":"QuantitativeValue","minValue":"11","maxValue":"50"},"publishingPrinciples":"https:\/\/talkpal.ai\/publishing-principles\/","actionableFeedbackPolicy":"https:\/\/talkpal.ai\/actionable-feedback-policy\/","correctionsPolicy":"https:\/\/talkpal.ai\/corrections-policy\/","ethicsPolicy":"https:\/\/talkpal.ai\/ethics-policy\/","diversityPolicy":"https:\/\/talkpal.ai\/diversity-policy\/","diversityStaffingReport":"https:\/\/talkpal.ai\/diversity-policy\/"}]}},"_links":{"self":[{"href":"https:\/\/talkpal.ai\/so\/wp-json\/wp\/v2\/pages\/1443864","targetHints":{"allow":["GET"]}}],"collection":[{"href":"https:\/\/talkpal.ai\/so\/wp-json\/wp\/v2\/pages"}],"about":[{"href":"https:\/\/talkpal.ai\/so\/wp-json\/wp\/v2\/types\/page"}],"author":[{"embeddable":true,"href":"https:\/\/talkpal.ai\/so\/wp-json\/wp\/v2\/users\/1"}],"replies":[{"embeddable":true,"href":"https:\/\/talkpal.ai\/so\/wp-json\/wp\/v2\/comments?post=1443864"}],"version-history":[{"count":0,"href":"https:\/\/talkpal.ai\/so\/wp-json\/wp\/v2\/pages\/1443864\/revisions"}],"wp:featuredmedia":[{"embeddable":true,"href":"https:\/\/talkpal.ai\/so\/wp-json\/wp\/v2\/media\/1441199"}],"wp:attachment":[{"href":"https:\/\/talkpal.ai\/so\/wp-json\/wp\/v2\/media?parent=1443864"}],"curies":[{"name":"wp","href":"https:\/\/api.w.org\/{rel}","templated":true}]}}