{"id":1443302,"date":"2023-05-14T14:01:53","date_gmt":"2023-05-14T14:01:53","guid":{"rendered":"https:\/\/talkpal.ai\/naxwaha-istooniya\/"},"modified":"2025-12-13T15:19:25","modified_gmt":"2025-12-13T15:19:25","slug":"naxwaha-istooniya","status":"publish","type":"page","link":"https:\/\/talkpal.ai\/so\/naxwaha-istooniya\/","title":{"rendered":"Naxwaha Istooniya"},"content":{"rendered":"\r\n\r\n\r\n<section class=\"languageChallengeSection\">\r\n    <div class=\"languageInfoWrapper\">\r\n        \r\n        <h1>Naxwaha Istooniya<\/h1>\r\n        <p>Ma ka fakaraysaa inaad barato Estoniya? U gudub aduunka naxwaha Estoniyanka, halkaas oo agglutination, wada noolaanshaha shaqalka, <a href=\"https:\/\/talkpal.ai\/locations\/language-courses-in-iyo\/\">iyo<\/a> kiisas badan oo magacyo ah ay abuuraan khibrad luqadeed oo gaar ah. Bilow sahaminta maanta &#8211; <a href=\"https:\/\/talkpal.ai\/so\/barashada\/\">barashada<\/a> naxwaha Estoniya ma kordhin doonto oo kaliya faseexnimadaada laakiin sidoo kale waxay kugu xidhi doontaa dhaqanka qani ah iyo taariikhda <a href=\"https:\/\/talkpal.ai\/locations\/language-learning-in-estonia\/\">Estonia!<\/a><\/p>\r\n\r\n                            <a class=\"getStartedHidden\" href=\"https:\/\/app.talkpal.ai\/signup?lng=\">Bilow<\/a>\r\n        \r\n    <\/div>\r\n\r\n    <figure>\r\n    <img decoding=\"async\" width=\"768\" height=\"768\" src=\"https:\/\/talkpal.ai\/wp-content\/uploads\/2023\/06\/Estonian-768x768.png\" class=\"languageImage no-lazy\" alt=\"Secret tricks of language learning\" fetchpriority=\"high\" sizes=\"(max-width: 768px) 150px, 768px\" srcset=\"https:\/\/talkpal.ai\/wp-content\/uploads\/2023\/06\/Estonian-768x768.png 768w, https:\/\/talkpal.ai\/wp-content\/uploads\/2023\/06\/Estonian-300x300.png 300w\" \/>\r\n    \r\n\r\n    <\/figure>\r\n\r\n            <a class=\"getStartedVisible\" href=\"https:\/\/app.talkpal.ai\/signup?lng=\">Bilow<\/a>\r\n    \r\n<\/section>\r\n<section class=\"promotionalBanner\">\r\n    <p class=\"promotionalText\">Habka ugu hufan ee lagu barto luqadda<\/p>\r\n    <a class=\"promotionalLink\" href=\"https:\/\/app.talkpal.ai\/signup?lng=\">Isku day Talkpal bilaash<\/a>\r\n<\/section>\n<div class=\"wp-block-group pageContainerStyle\"><div class=\"wp-block-group__inner-container is-layout-constrained wp-block-group-is-layout-constrained\">\n<h2 class=\"wp-block-heading\" id=\"h-estonian-grammar-the-gateway-to-a-unique-language-journey\">Naxwaha Estoniya: Kadinka Socdaalka Luqadda Gaarka ah<\/h2>\n\n\n\n<p>Ku soo dhawoow aduunka xiisaha leh ee Estoniya! In ka badan hal milyan oo ku hadla afka hooyo, Estoniya waxay ku siinaysaa fursad gaar ah oo aad ku balaadhiso aragtidaada luqadeed oo aad u ogaato dhaqan firfircoon. In kasta oo qallafsanaanta naxwaha Estoniya ay u muuqan karaan kuwo adag jaleecada hore, hagaha saaxiibtinimada bilawga ah ayaa halkan u jooga inuu u burburiyo aasaaska naxwaha Estoniya si fudud oo soo jiidasho leh.<\/p>\n\n\n\n<h3 class=\"wp-block-heading\" id=\"h-1-embracing-the-estonian-alphabet\">1. Qabashada xarfaha Istooniyaanka<\/h3>\n\n\n\n<p>Safarka lagu aadayo <a href=\"https:\/\/talkpal.ai\/so\/barashada\/\">barashada<\/a> Estoniya wuxuu ku bilaabmayaa alifbeetada. Estoniya waxay isticmaashaa farta Laatiinka, oo lagu kabo sagaal xaraf oo gaar ah: \u00c4, \u00d6, \u00dc, \u00d5, \u0160, \u017d, iyo kuwa dhigooda ah. Barashada jilayaashan waxay u abuuri doontaa aasaas adag khibradaada waxbarasho ee Estonia.<\/p>\n\n\n\n<h3 class=\"wp-block-heading\" id=\"h-2-getting-a-grip-on-estonian-nouns\">2. La qabsiga Magacyada Estoniyan<\/h3>\n\n\n\n<p>Si ka duwan luqado badan oo Yurub ah, Estoniya ma kala soocaan lab iyo dheddig. Magacyada waxaa loo kala saaraa inay yihiin kali <a href=\"https:\/\/talkpal.ai\/locations\/language-courses-in-ama\/\">ama<\/a> jamac, magac kastaana wuxuu leeyahay 14 xaaladood. Iyadoo tani ay u muuqan karto mid culus, waxaa lagama maarmaan ah in la fahmo in qaab-dhismeedka qaab-dhismeedka magacyadu uu yahay mid joogto ah, taas oo sahlaysa in la barto. Si aad u bilowdo, diirada saara maaraynta kiisaska ugu caansan: Magacaabid, Genitive, iyo Partitive.<\/p>\n\n\n\n<h3 class=\"wp-block-heading\" id=\"h-3-conquering-estonian-verb-conjugation\">3. Kasbashada isku xidhka falka Estoniya<\/h3>\n\n\n\n<p>Ficilka Estoniyanku waxa la isku xidhaa iyadoo lagu salaynayo kacsanaan, qof, iyo tiro. Waxa jira saddex tixood oo keliya: xaadir, tagey (oo ay ku qoran tahay qaybtii hore), iyo mustaqbalka (oo ay ku caddahay qaabka wakhtiga xaadirka ah ee falka, oo ay weheliso caawiye mustaqbalka).<\/p>\n\n\n\n<p>Tusaale ahaan, halkan waxaa ah isku xidhka falka &#8220;lugema&#8221; (in la akhriyo):<\/p>\n\n\n\n<p><strong>&#8211; Hadda: Ma loen (waan akhriyay)<\/strong><\/p>\n\n\n\n<p><strong>&#8211; Hore: Ma lugesin (Waan akhriyay \/ waan akhriyay)<\/strong><\/p>\n\n\n\n<p><strong>\u2013 Mustaqbalka: Ma loen ramatuid (waxaan akhriyi doonaa buugaagta)<\/strong><\/p>\n\n\n\n<h3 class=\"wp-block-heading\" id=\"h-4-unraveling-the-mystery-of-estonian-pronouns\">4. Faah-faahinta Sirta Estoniyan Magac-u-yaal<\/h3>\n\n\n\n<p>Magac-u-yaalka Estoniya waxay u adeegaan inay beddelaan magacyada oo ay hadalka ka dhigaan mid fudud oo firfircoon. Diirada saar inaad barato magac-u-yaalka shaqsiga iyo lahaanshaha:<\/p>\n\n\n\n<p><strong>Magac-u-yaal shaqsiyeed: mina (I), sina (adiga, aan rasmiga ahayn), tema (isaga\/iyadu), meie (annaga), teie (adiga, jamac\/rasmiga ah), nemad (iyaga)<\/strong><\/p>\n\n\n\n<p><strong>Magac-u-yaalka lahaanshaha: minu (my), sinu (kaaga, aan rasmi ahayn), tema (isaga\/iyada), meie (anaga), teie (your, jamac\/rasmiga ah), nende (iyaga)<\/strong><\/p>\n\n\n\n<h3 class=\"wp-block-heading\" id=\"h-5-no-articles-no-problem\">5. Maqaallo, Dhib ma leh!<\/h3>\n\n\n\n<p>Estoniyan ma isticmaalo maqaallo qeexan ama aan xadidnayn, taasoo kuu oggolaanaysa inaad neefsato neefta nasashada. Tusaale ahaan:<\/p>\n\n\n\n<p><strong>&#8211; Koer &#8211; &#8220;ey&#8221; ama &#8220;eyga&#8221;<\/strong><\/p>\n\n\n\n<p><strong>&#8211; Maja &#8211; &#8220;guri&#8221; ama &#8220;guri&#8221;<\/strong><\/p>\n\n\n\n<p>Barashada naxwaha Estoniya waa geedi socod xiiso leh oo kobcin, kaas oo albaabada u furaya khibrad dhaqameed qani ah. Xasuusnoow in ku celcelintaasi ay fure u tahay, marka naftada geli naxwaha Estoniyanka, la falgeli kuwa ku hadla afka hooyo, oo aasaas adag u dhis safarkaaga luqadda. Edu! (Nasiib wanaag!)<\/p>\n<\/div><\/div>\n\r\n<section class=\"learnNavigationSection\">\r\n            \r\n        <a href=\"https:\/\/talkpal.ai\/so\/baro-istooniyaan\/\">\r\n            <div class=\"learnNavigationWrapper\">\r\n                <div class=\"learnNavigationContent\">\r\n                    <img decoding=\"async\" src=\"https:\/\/talkpal.ai\/wp-content\/uploads\/2024\/08\/Estonian.jpg\" alt=\"Estonian Flag\">\r\n                    <div>\r\n                        <h4>Ku saabsan Barashada Estoniya<\/h4>\r\n                        <p>Ogow wax walba oo ku saabsan naxwaha Estoniya<\/p>\r\n                    <\/div>\r\n                <\/div>\r\n            <\/div>\r\n        <\/a>\r\n\r\n        \r\n        <a href=\"https:\/\/talkpal.ai\/so\/layliga-naxwaha-estoniya\/\">\r\n            <div class=\"learnNavigationWrapper\">\r\n                <div class=\"learnNavigationContent\">\r\n                    <img decoding=\"async\" src=\"https:\/\/talkpal.ai\/wp-content\/uploads\/2024\/08\/Estonian.jpg\" alt=\"Estonian Flag\">\r\n                    <div>\r\n                        <h4>Layliga Naxwaha Estoniya<\/h4>\r\n                        <p>Ku celceli naxwaha Estoniya<\/p>\r\n                    <\/div>\r\n                <\/div>\r\n            <\/div>\r\n        <\/a>\r\n\r\n        \r\n        <a href=\"https:\/\/talkpal.ai\/vocabulary_language\/estonian\/\">\r\n            <div class=\"learnNavigationWrapper\">\r\n                <div class=\"learnNavigationContent\">\r\n                    <img decoding=\"async\" src=\"https:\/\/talkpal.ai\/wp-content\/uploads\/2024\/08\/Estonian.jpg\" alt=\"Estonian Flag\">\r\n                    <div>\r\n                        <h4>Estoniyan Erayada<\/h4>\r\n                        <p>Kordhi ereyada Estoniyanka<\/p>\r\n                    <\/div>\r\n                <\/div>\r\n            <\/div>\r\n        <\/a>\r\n\r\n            <\/section>","protected":false},"excerpt":{"rendered":"<p>Naxwaha Estoniya: Kadinka Socdaalka Luqadda Gaarka ah Ku soo dhawoow aduunka xiisaha leh ee Estoniya! In ka badan hal milyan oo ku hadla afka hooyo, Estoniya waxay ku siinaysaa fursad gaar ah oo aad ku balaadhiso aragtidaada luqadeed oo aad u ogaato dhaqan firfircoon. In kasta oo qallafsanaanta naxwaha Estoniya ay u muuqan karaan kuwo [&hellip;]<\/p>\n","protected":false},"author":1,"featured_media":1443304,"parent":0,"menu_order":0,"comment_status":"closed","ping_status":"closed","template":"LearningContentPage.php","meta":{"_acf_changed":false,"footnotes":""},"class_list":["post-1443302","page","type-page","status-publish","has-post-thumbnail","hentry"],"acf":[],"yoast_head":"<!-- This site is optimized with the Yoast SEO Premium plugin v27.2 (Yoast SEO v27.2) - https:\/\/yoast.com\/product\/yoast-seo-premium-wordpress\/ -->\n<title>Naxwaha Istooniya - Talkpal<\/title>\n<meta name=\"description\" content=\"Sahami fikradaha muhiimka ah ee naxwaha Estoniya, oo ay ku jiraan kiisaska, falka, qaab dhismeedka jumlada, ku dhawaaqida, iyo talooyinka.\" \/>\n<meta name=\"robots\" content=\"index, follow, max-snippet:-1, max-image-preview:large, max-video-preview:-1\" \/>\n<link rel=\"canonical\" href=\"https:\/\/talkpal.ai\/so\/naxwaha-istooniya\/\" \/>\n<meta property=\"og:locale\" content=\"so_SO\" \/>\n<meta property=\"og:type\" content=\"article\" \/>\n<meta property=\"og:title\" content=\"Naxwaha Istooniya\" \/>\n<meta property=\"og:description\" content=\"Naxwaha Estoniya: Kadinka Socdaalka Luqadda Gaarka ah Ku soo dhawoow aduunka xiisaha leh ee Estoniya! In ka badan hal milyan oo ku hadla afka hooyo,\" \/>\n<meta property=\"og:url\" content=\"https:\/\/talkpal.ai\/so\/naxwaha-istooniya\/\" \/>\n<meta property=\"og:site_name\" content=\"Talkpal\" \/>\n<meta property=\"article:publisher\" content=\"https:\/\/www.facebook.com\/profile.php?id=100090733639311\" \/>\n<meta property=\"article:modified_time\" content=\"2025-12-13T15:19:25+00:00\" \/>\n<meta property=\"og:image\" content=\"https:\/\/talkpal.ai\/wp-content\/uploads\/2023\/05\/estonia.png\" \/>\n\t<meta property=\"og:image:width\" content=\"512\" \/>\n\t<meta property=\"og:image:height\" content=\"512\" \/>\n\t<meta property=\"og:image:type\" content=\"image\/png\" \/>\n<meta name=\"twitter:card\" content=\"summary_large_image\" \/>\n<meta name=\"twitter:site\" content=\"@talkpalai\" \/>\n<meta name=\"twitter:label1\" content=\"Est. reading time\" \/>\n\t<meta name=\"twitter:data1\" content=\"2 minutes\" \/>\n<script type=\"application\/ld+json\" class=\"yoast-schema-graph\">{\"@context\":\"https:\/\/schema.org\",\"@graph\":[{\"@type\":\"WebPage\",\"@id\":\"https:\/\/talkpal.ai\/so\/naxwaha-istooniya\/\",\"url\":\"https:\/\/talkpal.ai\/so\/naxwaha-istooniya\/\",\"name\":\"Naxwaha Istooniya - Talkpal\",\"isPartOf\":{\"@id\":\"https:\/\/talkpal.ai\/so\/#website\"},\"primaryImageOfPage\":{\"@id\":\"https:\/\/talkpal.ai\/so\/naxwaha-istooniya\/#primaryimage\"},\"image\":{\"@id\":\"https:\/\/talkpal.ai\/so\/naxwaha-istooniya\/#primaryimage\"},\"thumbnailUrl\":\"https:\/\/talkpal.ai\/wp-content\/uploads\/2023\/05\/estonia.png\",\"datePublished\":\"2023-05-14T14:01:53+00:00\",\"dateModified\":\"2025-12-13T15:19:25+00:00\",\"description\":\"Sahami fikradaha muhiimka ah ee naxwaha Estoniya, oo ay ku jiraan kiisaska, falka, qaab dhismeedka jumlada, ku dhawaaqida, iyo talooyinka.\",\"breadcrumb\":{\"@id\":\"https:\/\/talkpal.ai\/so\/naxwaha-istooniya\/#breadcrumb\"},\"inLanguage\":\"so-SO\",\"potentialAction\":[{\"@type\":\"ReadAction\",\"target\":[\"https:\/\/talkpal.ai\/so\/naxwaha-istooniya\/\"]}]},{\"@type\":\"ImageObject\",\"inLanguage\":\"so-SO\",\"@id\":\"https:\/\/talkpal.ai\/so\/naxwaha-istooniya\/#primaryimage\",\"url\":\"https:\/\/talkpal.ai\/wp-content\/uploads\/2023\/05\/estonia.png\",\"contentUrl\":\"https:\/\/talkpal.ai\/wp-content\/uploads\/2023\/05\/estonia.png\",\"width\":512,\"height\":512,\"caption\":\"TalkPal Estonia Flag\"},{\"@type\":\"BreadcrumbList\",\"@id\":\"https:\/\/talkpal.ai\/so\/naxwaha-istooniya\/#breadcrumb\",\"itemListElement\":[{\"@type\":\"ListItem\",\"position\":1,\"name\":\"Homepage\",\"item\":\"https:\/\/talkpal.ai\/so\/\"},{\"@type\":\"ListItem\",\"position\":2,\"name\":\"Naxwaha Istooniya\"}]},{\"@type\":\"WebSite\",\"@id\":\"https:\/\/talkpal.ai\/so\/#website\",\"url\":\"https:\/\/talkpal.ai\/so\/\",\"name\":\"Talkpal\",\"description\":\"AI Language Learning\",\"publisher\":{\"@id\":\"https:\/\/talkpal.ai\/so\/#organization\"},\"alternateName\":\"Talkpal AI\",\"potentialAction\":[{\"@type\":\"SearchAction\",\"target\":{\"@type\":\"EntryPoint\",\"urlTemplate\":\"https:\/\/talkpal.ai\/so\/?s={search_term_string}\"},\"query-input\":{\"@type\":\"PropertyValueSpecification\",\"valueRequired\":true,\"valueName\":\"search_term_string\"}}],\"inLanguage\":\"so-SO\"},{\"@type\":\"Organization\",\"@id\":\"https:\/\/talkpal.ai\/so\/#organization\",\"name\":\"Talkpal, Inc.\",\"alternateName\":\"Talkpal AI\",\"url\":\"https:\/\/talkpal.ai\/so\/\",\"logo\":{\"@type\":\"ImageObject\",\"inLanguage\":\"so-SO\",\"@id\":\"https:\/\/talkpal.ai\/so\/#\/schema\/logo\/image\/\",\"url\":\"https:\/\/talkpal.ai\/wp-content\/uploads\/2024\/03\/Talkpal-Logo-Icon.png\",\"contentUrl\":\"https:\/\/talkpal.ai\/wp-content\/uploads\/2024\/03\/Talkpal-Logo-Icon.png\",\"width\":2880,\"height\":2880,\"caption\":\"Talkpal, Inc.\"},\"image\":{\"@id\":\"https:\/\/talkpal.ai\/so\/#\/schema\/logo\/image\/\"},\"sameAs\":[\"https:\/\/www.facebook.com\/profile.php?id=100090733639311\",\"https:\/\/x.com\/talkpalai\",\"https:\/\/www.linkedin.com\/company\/talkpal\/\",\"https:\/\/www.youtube.com\/@TalkPal\/\",\"https:\/\/www.tiktok.com\/@talkpal\",\"https:\/\/www.instagram.com\/talkpal_ai\/\",\"https:\/\/www.crunchbase.com\/organization\/talkpal-9cde\",\"https:\/\/www.g2.com\/products\/talkpal-for-business\/\",\"https:\/\/www.trustpilot.com\/review\/talkpal.ai\",\"https:\/\/www.capterra.com\/p\/10006800\/TalkPal\/\"],\"description\":\"Talkpal is a language learning web and mobile education app, powered by the latest AI technologies, that provides engaging experiences to its customers in many different languages to help them improve their language skills. Users can chat about unlimited amount of topics with the app and use other modes to practice their language learning.\",\"email\":\"support@talkpal.ai\",\"legalName\":\"Talkpal, Inc.\",\"foundingDate\":\"2023-04-03\",\"duns\":\"118989042\",\"numberOfEmployees\":{\"@type\":\"QuantitativeValue\",\"minValue\":\"11\",\"maxValue\":\"50\"},\"publishingPrinciples\":\"https:\/\/talkpal.ai\/publishing-principles\/\",\"actionableFeedbackPolicy\":\"https:\/\/talkpal.ai\/actionable-feedback-policy\/\",\"correctionsPolicy\":\"https:\/\/talkpal.ai\/corrections-policy\/\",\"ethicsPolicy\":\"https:\/\/talkpal.ai\/ethics-policy\/\",\"diversityPolicy\":\"https:\/\/talkpal.ai\/diversity-policy\/\",\"diversityStaffingReport\":\"https:\/\/talkpal.ai\/diversity-policy\/\"}]}<\/script>\n<!-- \/ Yoast SEO Premium plugin. -->","yoast_head_json":{"title":"Naxwaha Istooniya - Talkpal","description":"Sahami fikradaha muhiimka ah ee naxwaha Estoniya, oo ay ku jiraan kiisaska, falka, qaab dhismeedka jumlada, ku dhawaaqida, iyo talooyinka.","robots":{"index":"index","follow":"follow","max-snippet":"max-snippet:-1","max-image-preview":"max-image-preview:large","max-video-preview":"max-video-preview:-1"},"canonical":"https:\/\/talkpal.ai\/so\/naxwaha-istooniya\/","og_locale":"so_SO","og_type":"article","og_title":"Naxwaha Istooniya","og_description":"Naxwaha Estoniya: Kadinka Socdaalka Luqadda Gaarka ah Ku soo dhawoow aduunka xiisaha leh ee Estoniya! In ka badan hal milyan oo ku hadla afka hooyo,","og_url":"https:\/\/talkpal.ai\/so\/naxwaha-istooniya\/","og_site_name":"Talkpal","article_publisher":"https:\/\/www.facebook.com\/profile.php?id=100090733639311","article_modified_time":"2025-12-13T15:19:25+00:00","og_image":[{"width":512,"height":512,"url":"https:\/\/talkpal.ai\/wp-content\/uploads\/2023\/05\/estonia.png","type":"image\/png"}],"twitter_card":"summary_large_image","twitter_site":"@talkpalai","twitter_misc":{"Est. reading time":"2 minutes"},"schema":{"@context":"https:\/\/schema.org","@graph":[{"@type":"WebPage","@id":"https:\/\/talkpal.ai\/so\/naxwaha-istooniya\/","url":"https:\/\/talkpal.ai\/so\/naxwaha-istooniya\/","name":"Naxwaha Istooniya - Talkpal","isPartOf":{"@id":"https:\/\/talkpal.ai\/so\/#website"},"primaryImageOfPage":{"@id":"https:\/\/talkpal.ai\/so\/naxwaha-istooniya\/#primaryimage"},"image":{"@id":"https:\/\/talkpal.ai\/so\/naxwaha-istooniya\/#primaryimage"},"thumbnailUrl":"https:\/\/talkpal.ai\/wp-content\/uploads\/2023\/05\/estonia.png","datePublished":"2023-05-14T14:01:53+00:00","dateModified":"2025-12-13T15:19:25+00:00","description":"Sahami fikradaha muhiimka ah ee naxwaha Estoniya, oo ay ku jiraan kiisaska, falka, qaab dhismeedka jumlada, ku dhawaaqida, iyo talooyinka.","breadcrumb":{"@id":"https:\/\/talkpal.ai\/so\/naxwaha-istooniya\/#breadcrumb"},"inLanguage":"so-SO","potentialAction":[{"@type":"ReadAction","target":["https:\/\/talkpal.ai\/so\/naxwaha-istooniya\/"]}]},{"@type":"ImageObject","inLanguage":"so-SO","@id":"https:\/\/talkpal.ai\/so\/naxwaha-istooniya\/#primaryimage","url":"https:\/\/talkpal.ai\/wp-content\/uploads\/2023\/05\/estonia.png","contentUrl":"https:\/\/talkpal.ai\/wp-content\/uploads\/2023\/05\/estonia.png","width":512,"height":512,"caption":"TalkPal Estonia Flag"},{"@type":"BreadcrumbList","@id":"https:\/\/talkpal.ai\/so\/naxwaha-istooniya\/#breadcrumb","itemListElement":[{"@type":"ListItem","position":1,"name":"Homepage","item":"https:\/\/talkpal.ai\/so\/"},{"@type":"ListItem","position":2,"name":"Naxwaha Istooniya"}]},{"@type":"WebSite","@id":"https:\/\/talkpal.ai\/so\/#website","url":"https:\/\/talkpal.ai\/so\/","name":"Talkpal","description":"AI Language Learning","publisher":{"@id":"https:\/\/talkpal.ai\/so\/#organization"},"alternateName":"Talkpal AI","potentialAction":[{"@type":"SearchAction","target":{"@type":"EntryPoint","urlTemplate":"https:\/\/talkpal.ai\/so\/?s={search_term_string}"},"query-input":{"@type":"PropertyValueSpecification","valueRequired":true,"valueName":"search_term_string"}}],"inLanguage":"so-SO"},{"@type":"Organization","@id":"https:\/\/talkpal.ai\/so\/#organization","name":"Talkpal, Inc.","alternateName":"Talkpal AI","url":"https:\/\/talkpal.ai\/so\/","logo":{"@type":"ImageObject","inLanguage":"so-SO","@id":"https:\/\/talkpal.ai\/so\/#\/schema\/logo\/image\/","url":"https:\/\/talkpal.ai\/wp-content\/uploads\/2024\/03\/Talkpal-Logo-Icon.png","contentUrl":"https:\/\/talkpal.ai\/wp-content\/uploads\/2024\/03\/Talkpal-Logo-Icon.png","width":2880,"height":2880,"caption":"Talkpal, Inc."},"image":{"@id":"https:\/\/talkpal.ai\/so\/#\/schema\/logo\/image\/"},"sameAs":["https:\/\/www.facebook.com\/profile.php?id=100090733639311","https:\/\/x.com\/talkpalai","https:\/\/www.linkedin.com\/company\/talkpal\/","https:\/\/www.youtube.com\/@TalkPal\/","https:\/\/www.tiktok.com\/@talkpal","https:\/\/www.instagram.com\/talkpal_ai\/","https:\/\/www.crunchbase.com\/organization\/talkpal-9cde","https:\/\/www.g2.com\/products\/talkpal-for-business\/","https:\/\/www.trustpilot.com\/review\/talkpal.ai","https:\/\/www.capterra.com\/p\/10006800\/TalkPal\/"],"description":"Talkpal is a language learning web and mobile education app, powered by the latest AI technologies, that provides engaging experiences to its customers in many different languages to help them improve their language skills. Users can chat about unlimited amount of topics with the app and use other modes to practice their language learning.","email":"support@talkpal.ai","legalName":"Talkpal, Inc.","foundingDate":"2023-04-03","duns":"118989042","numberOfEmployees":{"@type":"QuantitativeValue","minValue":"11","maxValue":"50"},"publishingPrinciples":"https:\/\/talkpal.ai\/publishing-principles\/","actionableFeedbackPolicy":"https:\/\/talkpal.ai\/actionable-feedback-policy\/","correctionsPolicy":"https:\/\/talkpal.ai\/corrections-policy\/","ethicsPolicy":"https:\/\/talkpal.ai\/ethics-policy\/","diversityPolicy":"https:\/\/talkpal.ai\/diversity-policy\/","diversityStaffingReport":"https:\/\/talkpal.ai\/diversity-policy\/"}]}},"_links":{"self":[{"href":"https:\/\/talkpal.ai\/so\/wp-json\/wp\/v2\/pages\/1443302","targetHints":{"allow":["GET"]}}],"collection":[{"href":"https:\/\/talkpal.ai\/so\/wp-json\/wp\/v2\/pages"}],"about":[{"href":"https:\/\/talkpal.ai\/so\/wp-json\/wp\/v2\/types\/page"}],"author":[{"embeddable":true,"href":"https:\/\/talkpal.ai\/so\/wp-json\/wp\/v2\/users\/1"}],"replies":[{"embeddable":true,"href":"https:\/\/talkpal.ai\/so\/wp-json\/wp\/v2\/comments?post=1443302"}],"version-history":[{"count":0,"href":"https:\/\/talkpal.ai\/so\/wp-json\/wp\/v2\/pages\/1443302\/revisions"}],"wp:featuredmedia":[{"embeddable":true,"href":"https:\/\/talkpal.ai\/so\/wp-json\/wp\/v2\/media\/1443304"}],"wp:attachment":[{"href":"https:\/\/talkpal.ai\/so\/wp-json\/wp\/v2\/media?parent=1443302"}],"curies":[{"name":"wp","href":"https:\/\/api.w.org\/{rel}","templated":true}]}}