{"id":1443297,"date":"2023-05-14T14:03:07","date_gmt":"2023-05-14T14:03:07","guid":{"rendered":"https:\/\/talkpal.ai\/naxwaha-czech\/"},"modified":"2025-12-13T15:21:34","modified_gmt":"2025-12-13T15:21:34","slug":"naxwaha-czech","status":"publish","type":"page","link":"https:\/\/talkpal.ai\/so\/naxwaha-czech\/","title":{"rendered":"Naxwaha Czech"},"content":{"rendered":"\r\n\r\n\r\n<section class=\"languageChallengeSection\">\r\n    <div class=\"languageInfoWrapper\">\r\n        \r\n        <h1>Naxwaha Czech<\/h1>\r\n        <p>Sahami qallafsanaanta naxwaha <a href=\"https:\/\/talkpal.ai\/learn-czech\/\">Czech<\/a> oo fur albaabka fahamka luqaddan Bartamaha Yurub. Markaad barato sharciyada muhiimka ah <a href=\"https:\/\/talkpal.ai\/locations\/language-courses-in-iyo\/\">iyo<\/a> qaababka, waxaad si wax ku ool ah ula xiriiri doontaa oo waxaad yeelan doontaa fahan qoto dheer oo ku saabsan dhaqanka Czech. Bilow barashada naxwaha Czech maanta oo qaado tillaabadaada ugu horreysa xagga faseexnimada!<\/p>\r\n\r\n                            <a class=\"getStartedHidden\" href=\"https:\/\/app.talkpal.ai\/signup?lng=\">Bilow<\/a>\r\n        \r\n    <\/div>\r\n\r\n    <figure>\r\n    <img decoding=\"async\" width=\"768\" height=\"768\" src=\"https:\/\/talkpal.ai\/wp-content\/uploads\/2023\/06\/Czech-768x768.png\" class=\"languageImage no-lazy\" alt=\"Language learning for intellectual development\" fetchpriority=\"high\" sizes=\"(max-width: 768px) 150px, 768px\" srcset=\"https:\/\/talkpal.ai\/wp-content\/uploads\/2023\/06\/Czech-768x768.png 768w, https:\/\/talkpal.ai\/wp-content\/uploads\/2023\/06\/Czech-300x300.png 300w\" \/>\r\n    \r\n\r\n    <\/figure>\r\n\r\n            <a class=\"getStartedVisible\" href=\"https:\/\/app.talkpal.ai\/signup?lng=\">Bilow<\/a>\r\n    \r\n<\/section>\r\n<section class=\"promotionalBanner\">\r\n    <p class=\"promotionalText\">Habka ugu hufan ee lagu barto luqadda<\/p>\r\n    <a class=\"promotionalLink\" href=\"https:\/\/app.talkpal.ai\/signup?lng=\">Isku day Talkpal bilaash<\/a>\r\n<\/section>\n<div class=\"wp-block-group pageContainerStyle\"><div class=\"wp-block-group__inner-container is-layout-constrained wp-block-group-is-layout-constrained\">\n<h2 class=\"wp-block-heading\" id=\"h-czech-grammar-making-sense-of-the-czech-language-s-unique-structure\">Naxwaha Czech: Samaynta Dareenka Qaabdhismeedka Gaarka ah ee Luuqadda Czech<\/h2>\n\n\n\n<p>Haddii aad waligaa isku dayday inaad barato Czech &#8211; <a href=\"https:\/\/talkpal.ai\/locations\/language-courses-in-ama\/\">ama<\/a> xitaa kaliya akhriday maqaal ama buug Czech ah &#8211; waxaad u badan tahay inaad dareentay in naxwahaagu uu noqon karo mid adag. Si ballaaran loo tixgaliyo mid ka mid ah nidaamyada luqadda ugu adag, naxwaha Czech ayaa wareeriyay arday badan oo ajnabi ah. Laakin yaanu taasi ku cabsi galin! Noocyada naxwaha Czech ayaa ah waxa ka dhigaya mid soo jiidasho leh oo gaar ah. Maqaalkan, waxaanu ku tirtiri doonaa dhawr waxyaalood oo muhiim ah oo naxwaha Czech ah qaab wada hadal ah, kaa caawin doona inaad si qoto dheer u fahamto luqaddan quruxda badan.<\/p>\n\n\n\n<h3 class=\"wp-block-heading\" id=\"h-1-nouns-declensions-and-cases-galore\">1. Magacyada &#8211; Hoos-u-dhac iyo Kiis Galore!<\/h3>\n\n\n\n<p>Mid ka mid ah waxyaabaha ugu horreeya ee aad ka ogaan doonto naxwaha Czech waa magac-xumo. Declension waa koox magacyo leh sifooyin naxwe ahaaneed oo isku mid ah, Czech waxay leedahay ilaa 14 declension oo kala duwan. Sidee taasi u tahay kala duwanaansho? Declension kastaa wuxuu leeyahay hannaan gaar ah oo lagu matalo foomamka magacyo keli iyo jamac ah.<\/p>\n\n\n\n<p>Magacyada Czech sidoo kale waxay leeyihiin todobo xaaladood oo kala duwan: magac-u-dhigis, curin, dhalasho, eedayn, cod-qaadid, goob, iyo qalab. In kasta oo tiradan oo kale ay u ekaan karto mid adag, haddana waa lama huraan in wax laga barto kiisaskan sababtoo ah waxay udub dhexaad u yihiin gudbinta macnaha. Tusaale ahaan, Czech, erayga nidaamku maaha mid muhiim u ah sida Ingiriisida &#8211; waa kiisaska tilmaamaya xidhiidhka ka dhexeeya erayada.<\/p>\n\n\n\n<h3 class=\"wp-block-heading\" id=\"h-2-adjectives-agreeing-with-nouns\">2. Sifooyin &#8211; Ku heshiinta Magacyada<\/h3>\n\n\n\n<p>Sifooyinka Czech waxay leeyihiin waajibaad gaar ah: waa inay ku heshiiyaan magacyada ay wax ka beddelaan jinsi ahaan, lambar, iyo kiis. Ka fakar in uu yahay laba-jibbaaran, naxwaha tango, halkaas oo kala badh si qurux badan u hagaajiyo si uu kan kale u buuxiyo. Heshiiskani waxa uu caawiyaa in la abuuro is-waafajin jumladaha oo kordhiya caddaynta.<\/p>\n\n\n\n<p>Tusaale ahaan, ereyga &#8220;qurux&#8221; Czech waa &#8220;kr\u00e1sn\u00fd.&#8221; Haddii aad sharraxayso <a href=\"https:\/\/talkpal.ai\/locations\/language-courses-in-guri\/\">guri<\/a> qurux badan (d\u016fm), kaas oo ah lab, waxaad isticmaali doontaa &#8220;kr\u00e1sn\u00fd d\u016fm.&#8221; Gabadha quruxda badan (d\u00edvka), taas oo ah dhedig, waxay noqotaa &#8220;kr\u00e1sn\u00e1 d\u00edvka.&#8221; Oo maalin qurux badan (den), taas oo ah dhexdhexaad, waxaad odhan doontaa &#8220;kr\u00e1sn\u00fd den.&#8221; Eeg sida qoob-ka-ciyaarka sifadu ula socoto magaca?<\/p>\n\n\n\n<h3 class=\"wp-block-heading\" id=\"h-3-verbs-the-art-of-conjugation\">3. Ficillada &#8211; Farshaxanka isku xidhka<\/h3>\n\n\n\n<p>Czech dhexdeeda, farshaxanka isku xidhka &#8211; taas oo ah, beddelidda foomamka falka ee ku salaysan kacsanaanta, niyadda, iyo qofka &#8211; waxay qaadataa nolol u gaar ah. Ficillada Czech waxay u kala baxaan laba qaybood: mid qumman iyo mid aan dhammaystirnayn. Ficillada qummani waxay muujinayaan in fal la dhammaystiray, halka fal-dambiyeedyaduna ay soo jeediyaan ficillo socda ama caado ah.  <\/p>\n\n\n\n<p>Naxwaha Czech wuxuu leeyahay waxyaabo xiiso leh marka ay timaado ficillada. Tusaale ahaan, xiisadda mustaqbalka waxa kaliya oo loo sameeyay si joogto ah ficillada aan dhamaystirnayn. Ficillada qumman, waxay ku milmaysaa wakhtiga xaadirka ah! Sidoo kale, halkii laga lahaan lahaa cod dadban oo gaar ah, Czech waxa ay ku daraysaa dhismooyin dadban iyada oo la adeegsanayo ficillada kaalmaynta. Yaynaan iloobin falka falcelinta ee Czech, halkaas oo ficilladu dib ugu noqdaan mawduuca, iyaga oo ku daraya lakab kale oo nuance ah luqaddan xiisaha leh.<\/p>\n\n\n\n<h3 class=\"wp-block-heading\" id=\"h-4-pronouns-the-mirror-of-linguistic-diversity\">4. Magac-uyaal: Muraayada Kala-duwanaanshaha Luuqad<\/h3>\n\n\n\n<p>Magac-u-yaalka naxwaha Czech &#8211; waxaanu ka hadlaynaa shakhsi ahaan, lahaanshaha, muujinta, su&#8217;aalaha, iyo magac-u-yaalka qaraabada ah &#8211; dhamaantood waxay muujinayaan kala duwanaansho la mid ah qaybaha kale ee hadalka. Iyaga, sidoo kale, waa inay ku heshiiyaan lab iyo dhedig ahaan, nambar, iyo kiisba magacyada ay beddelaan ama tixraacaan.<\/p>\n\n\n\n<p>Tusaale ahaan, haddii aad ka hadlayso buug aad jeceshahay, waxaad odhan lahayd \u201cMam r\u00e1d tu knihu\u201d (Waan ka helay buuggaas). Halkan, &#8220;tu&#8221; waa qaabka dheddigga ee muujinta ereyada &#8220;taas,&#8221; oo ku heshiiyey &#8220;kniha&#8221; (buug), kaas oo sidoo kale ah dhedig.<\/p>\n\n\n\n<h3 class=\"wp-block-heading\" id=\"h-5-embracing-the-challenge\">5. Qabashada Caqabadda<\/h3>\n\n\n\n<p>Naxwaha Czech ayaa laga yaabaa inuu yahay mid wareersan oo cabsi gelinaya, laakiin sidoo kale waa waxa ka dhigaya luqaddan xiisaha leh inay soo baxdo. Ha ka xishoon caqabadda! Xasuusnoow, maaha in aad wax walba hal mar ku guulaysato balse aad horumar talaabo talaabo ah u samayso. Waqti sii si aad u fahamto naxwaha Czech ee nidaamka gaarka ah, oo waxaad ku fiicnaan doontaa inaad si fiican u barato luqaddan quruxda badan, ee adag. Oo, marka aad aqbasho nuxurka quruxda badan ee naxwaha Czech ay tahay inuu bixiyo, waxaad shaki la&#8217;aan heli doontaa mahadnaq cusub oo qotodheer. Barasho wacan!<\/p>\n<\/div><\/div>\n\r\n<section class=\"learnNavigationSection\">\r\n            \r\n        <a href=\"https:\/\/talkpal.ai\/so\/baro-czech\/\">\r\n            <div class=\"learnNavigationWrapper\">\r\n                <div class=\"learnNavigationContent\">\r\n                    <img decoding=\"async\" src=\"https:\/\/talkpal.ai\/wp-content\/uploads\/2024\/08\/Czech.jpg\" alt=\"Czech Flag\">\r\n                    <div>\r\n                        <h4>Ku saabsan Barashada Czech<\/h4>\r\n                        <p>Ogow wax walba oo ku saabsan naxwaha Czech<\/p>\r\n                    <\/div>\r\n                <\/div>\r\n            <\/div>\r\n        <\/a>\r\n\r\n        \r\n        <a href=\"https:\/\/talkpal.ai\/so\/layliga-naxwaha-czech\/\">\r\n            <div class=\"learnNavigationWrapper\">\r\n                <div class=\"learnNavigationContent\">\r\n                    <img decoding=\"async\" src=\"https:\/\/talkpal.ai\/wp-content\/uploads\/2024\/08\/Czech.jpg\" alt=\"Czech Flag\">\r\n                    <div>\r\n                        <h4>Layliga naxwaha Czech<\/h4>\r\n                        <p>Ku celceli naxwaha Czech<\/p>\r\n                    <\/div>\r\n                <\/div>\r\n            <\/div>\r\n        <\/a>\r\n\r\n        \r\n        <a href=\"https:\/\/talkpal.ai\/vocabulary_language\/czech\/\">\r\n            <div class=\"learnNavigationWrapper\">\r\n                <div class=\"learnNavigationContent\">\r\n                    <img decoding=\"async\" src=\"https:\/\/talkpal.ai\/wp-content\/uploads\/2024\/08\/Czech.jpg\" alt=\"Czech Flag\">\r\n                    <div>\r\n                        <h4>Ereyada Czech<\/h4>\r\n                        <p>Kordhi erayada Czech.<\/p>\r\n                    <\/div>\r\n                <\/div>\r\n            <\/div>\r\n        <\/a>\r\n\r\n            <\/section>","protected":false},"excerpt":{"rendered":"<p>Naxwaha Czech: Samaynta Dareenka Qaabdhismeedka Gaarka ah ee Luuqadda Czech Haddii aad waligaa isku dayday inaad barato Czech &#8211; ama xitaa kaliya akhriday maqaal ama buug Czech ah &#8211; waxaad u badan tahay inaad dareentay in naxwahaagu uu noqon karo mid adag. Si ballaaran loo tixgaliyo mid ka mid ah nidaamyada luqadda ugu adag, naxwaha [&hellip;]<\/p>\n","protected":false},"author":1,"featured_media":1443299,"parent":0,"menu_order":0,"comment_status":"closed","ping_status":"closed","template":"LearningContentPage.php","meta":{"_acf_changed":false,"footnotes":""},"class_list":["post-1443297","page","type-page","status-publish","has-post-thumbnail","hentry"],"acf":[],"yoast_head":"<!-- This site is optimized with the Yoast SEO Premium plugin v27.2 (Yoast SEO v27.2) - https:\/\/yoast.com\/product\/yoast-seo-premium-wordpress\/ -->\n<title>Naxwaha Czech - Talkpal<\/title>\n<meta name=\"description\" content=\"Fur sirta naxwaha Czech. Baro wax ku saabsan kakanaanta gaarka ah iyo sida loo maamulo hoos u dhigida magacyada si wax ku ool ah.\" \/>\n<meta name=\"robots\" content=\"index, follow, max-snippet:-1, max-image-preview:large, max-video-preview:-1\" \/>\n<link rel=\"canonical\" href=\"https:\/\/talkpal.ai\/so\/naxwaha-czech\/\" \/>\n<meta property=\"og:locale\" content=\"so_SO\" \/>\n<meta property=\"og:type\" content=\"article\" \/>\n<meta property=\"og:title\" content=\"Naxwaha Czech\" \/>\n<meta property=\"og:description\" content=\"Naxwaha Czech: Samaynta Dareenka Qaabdhismeedka Gaarka ah ee Luuqadda Czech Haddii aad waligaa isku dayday inaad barato Czech - ama xitaa kaliya akhriday\" \/>\n<meta property=\"og:url\" content=\"https:\/\/talkpal.ai\/so\/naxwaha-czech\/\" \/>\n<meta property=\"og:site_name\" content=\"Talkpal\" \/>\n<meta property=\"article:publisher\" content=\"https:\/\/www.facebook.com\/profile.php?id=100090733639311\" \/>\n<meta property=\"article:modified_time\" content=\"2025-12-13T15:21:34+00:00\" \/>\n<meta property=\"og:image\" content=\"https:\/\/talkpal.ai\/wp-content\/uploads\/2023\/05\/czech-republic.png\" \/>\n\t<meta property=\"og:image:width\" content=\"512\" \/>\n\t<meta property=\"og:image:height\" content=\"512\" \/>\n\t<meta property=\"og:image:type\" content=\"image\/png\" \/>\n<meta name=\"twitter:card\" content=\"summary_large_image\" \/>\n<meta name=\"twitter:site\" content=\"@talkpalai\" \/>\n<meta name=\"twitter:label1\" content=\"Est. reading time\" \/>\n\t<meta name=\"twitter:data1\" content=\"4 minutes\" \/>\n<script type=\"application\/ld+json\" class=\"yoast-schema-graph\">{\"@context\":\"https:\/\/schema.org\",\"@graph\":[{\"@type\":\"WebPage\",\"@id\":\"https:\/\/talkpal.ai\/so\/naxwaha-czech\/\",\"url\":\"https:\/\/talkpal.ai\/so\/naxwaha-czech\/\",\"name\":\"Naxwaha Czech - Talkpal\",\"isPartOf\":{\"@id\":\"https:\/\/talkpal.ai\/so\/#website\"},\"primaryImageOfPage\":{\"@id\":\"https:\/\/talkpal.ai\/so\/naxwaha-czech\/#primaryimage\"},\"image\":{\"@id\":\"https:\/\/talkpal.ai\/so\/naxwaha-czech\/#primaryimage\"},\"thumbnailUrl\":\"https:\/\/talkpal.ai\/wp-content\/uploads\/2023\/05\/czech-republic.png\",\"datePublished\":\"2023-05-14T14:03:07+00:00\",\"dateModified\":\"2025-12-13T15:21:34+00:00\",\"description\":\"Fur sirta naxwaha Czech. Baro wax ku saabsan kakanaanta gaarka ah iyo sida loo maamulo hoos u dhigida magacyada si wax ku ool ah.\",\"breadcrumb\":{\"@id\":\"https:\/\/talkpal.ai\/so\/naxwaha-czech\/#breadcrumb\"},\"inLanguage\":\"so-SO\",\"potentialAction\":[{\"@type\":\"ReadAction\",\"target\":[\"https:\/\/talkpal.ai\/so\/naxwaha-czech\/\"]}]},{\"@type\":\"ImageObject\",\"inLanguage\":\"so-SO\",\"@id\":\"https:\/\/talkpal.ai\/so\/naxwaha-czech\/#primaryimage\",\"url\":\"https:\/\/talkpal.ai\/wp-content\/uploads\/2023\/05\/czech-republic.png\",\"contentUrl\":\"https:\/\/talkpal.ai\/wp-content\/uploads\/2023\/05\/czech-republic.png\",\"width\":512,\"height\":512,\"caption\":\"TalkPal Czech republic Flag\"},{\"@type\":\"BreadcrumbList\",\"@id\":\"https:\/\/talkpal.ai\/so\/naxwaha-czech\/#breadcrumb\",\"itemListElement\":[{\"@type\":\"ListItem\",\"position\":1,\"name\":\"Homepage\",\"item\":\"https:\/\/talkpal.ai\/so\/\"},{\"@type\":\"ListItem\",\"position\":2,\"name\":\"Naxwaha Czech\"}]},{\"@type\":\"WebSite\",\"@id\":\"https:\/\/talkpal.ai\/so\/#website\",\"url\":\"https:\/\/talkpal.ai\/so\/\",\"name\":\"Talkpal\",\"description\":\"AI Language Learning\",\"publisher\":{\"@id\":\"https:\/\/talkpal.ai\/so\/#organization\"},\"alternateName\":\"Talkpal AI\",\"potentialAction\":[{\"@type\":\"SearchAction\",\"target\":{\"@type\":\"EntryPoint\",\"urlTemplate\":\"https:\/\/talkpal.ai\/so\/?s={search_term_string}\"},\"query-input\":{\"@type\":\"PropertyValueSpecification\",\"valueRequired\":true,\"valueName\":\"search_term_string\"}}],\"inLanguage\":\"so-SO\"},{\"@type\":\"Organization\",\"@id\":\"https:\/\/talkpal.ai\/so\/#organization\",\"name\":\"Talkpal, Inc.\",\"alternateName\":\"Talkpal AI\",\"url\":\"https:\/\/talkpal.ai\/so\/\",\"logo\":{\"@type\":\"ImageObject\",\"inLanguage\":\"so-SO\",\"@id\":\"https:\/\/talkpal.ai\/so\/#\/schema\/logo\/image\/\",\"url\":\"https:\/\/talkpal.ai\/wp-content\/uploads\/2024\/03\/Talkpal-Logo-Icon.png\",\"contentUrl\":\"https:\/\/talkpal.ai\/wp-content\/uploads\/2024\/03\/Talkpal-Logo-Icon.png\",\"width\":2880,\"height\":2880,\"caption\":\"Talkpal, Inc.\"},\"image\":{\"@id\":\"https:\/\/talkpal.ai\/so\/#\/schema\/logo\/image\/\"},\"sameAs\":[\"https:\/\/www.facebook.com\/profile.php?id=100090733639311\",\"https:\/\/x.com\/talkpalai\",\"https:\/\/www.linkedin.com\/company\/talkpal\/\",\"https:\/\/www.youtube.com\/@TalkPal\/\",\"https:\/\/www.tiktok.com\/@talkpal\",\"https:\/\/www.instagram.com\/talkpal_ai\/\",\"https:\/\/www.crunchbase.com\/organization\/talkpal-9cde\",\"https:\/\/www.g2.com\/products\/talkpal-for-business\/\",\"https:\/\/www.trustpilot.com\/review\/talkpal.ai\",\"https:\/\/www.capterra.com\/p\/10006800\/TalkPal\/\"],\"description\":\"Talkpal is a language learning web and mobile education app, powered by the latest AI technologies, that provides engaging experiences to its customers in many different languages to help them improve their language skills. Users can chat about unlimited amount of topics with the app and use other modes to practice their language learning.\",\"email\":\"support@talkpal.ai\",\"legalName\":\"Talkpal, Inc.\",\"foundingDate\":\"2023-04-03\",\"duns\":\"118989042\",\"numberOfEmployees\":{\"@type\":\"QuantitativeValue\",\"minValue\":\"11\",\"maxValue\":\"50\"},\"publishingPrinciples\":\"https:\/\/talkpal.ai\/publishing-principles\/\",\"actionableFeedbackPolicy\":\"https:\/\/talkpal.ai\/actionable-feedback-policy\/\",\"correctionsPolicy\":\"https:\/\/talkpal.ai\/corrections-policy\/\",\"ethicsPolicy\":\"https:\/\/talkpal.ai\/ethics-policy\/\",\"diversityPolicy\":\"https:\/\/talkpal.ai\/diversity-policy\/\",\"diversityStaffingReport\":\"https:\/\/talkpal.ai\/diversity-policy\/\"}]}<\/script>\n<!-- \/ Yoast SEO Premium plugin. -->","yoast_head_json":{"title":"Naxwaha Czech - Talkpal","description":"Fur sirta naxwaha Czech. Baro wax ku saabsan kakanaanta gaarka ah iyo sida loo maamulo hoos u dhigida magacyada si wax ku ool ah.","robots":{"index":"index","follow":"follow","max-snippet":"max-snippet:-1","max-image-preview":"max-image-preview:large","max-video-preview":"max-video-preview:-1"},"canonical":"https:\/\/talkpal.ai\/so\/naxwaha-czech\/","og_locale":"so_SO","og_type":"article","og_title":"Naxwaha Czech","og_description":"Naxwaha Czech: Samaynta Dareenka Qaabdhismeedka Gaarka ah ee Luuqadda Czech Haddii aad waligaa isku dayday inaad barato Czech - ama xitaa kaliya akhriday","og_url":"https:\/\/talkpal.ai\/so\/naxwaha-czech\/","og_site_name":"Talkpal","article_publisher":"https:\/\/www.facebook.com\/profile.php?id=100090733639311","article_modified_time":"2025-12-13T15:21:34+00:00","og_image":[{"width":512,"height":512,"url":"https:\/\/talkpal.ai\/wp-content\/uploads\/2023\/05\/czech-republic.png","type":"image\/png"}],"twitter_card":"summary_large_image","twitter_site":"@talkpalai","twitter_misc":{"Est. reading time":"4 minutes"},"schema":{"@context":"https:\/\/schema.org","@graph":[{"@type":"WebPage","@id":"https:\/\/talkpal.ai\/so\/naxwaha-czech\/","url":"https:\/\/talkpal.ai\/so\/naxwaha-czech\/","name":"Naxwaha Czech - Talkpal","isPartOf":{"@id":"https:\/\/talkpal.ai\/so\/#website"},"primaryImageOfPage":{"@id":"https:\/\/talkpal.ai\/so\/naxwaha-czech\/#primaryimage"},"image":{"@id":"https:\/\/talkpal.ai\/so\/naxwaha-czech\/#primaryimage"},"thumbnailUrl":"https:\/\/talkpal.ai\/wp-content\/uploads\/2023\/05\/czech-republic.png","datePublished":"2023-05-14T14:03:07+00:00","dateModified":"2025-12-13T15:21:34+00:00","description":"Fur sirta naxwaha Czech. Baro wax ku saabsan kakanaanta gaarka ah iyo sida loo maamulo hoos u dhigida magacyada si wax ku ool ah.","breadcrumb":{"@id":"https:\/\/talkpal.ai\/so\/naxwaha-czech\/#breadcrumb"},"inLanguage":"so-SO","potentialAction":[{"@type":"ReadAction","target":["https:\/\/talkpal.ai\/so\/naxwaha-czech\/"]}]},{"@type":"ImageObject","inLanguage":"so-SO","@id":"https:\/\/talkpal.ai\/so\/naxwaha-czech\/#primaryimage","url":"https:\/\/talkpal.ai\/wp-content\/uploads\/2023\/05\/czech-republic.png","contentUrl":"https:\/\/talkpal.ai\/wp-content\/uploads\/2023\/05\/czech-republic.png","width":512,"height":512,"caption":"TalkPal Czech republic Flag"},{"@type":"BreadcrumbList","@id":"https:\/\/talkpal.ai\/so\/naxwaha-czech\/#breadcrumb","itemListElement":[{"@type":"ListItem","position":1,"name":"Homepage","item":"https:\/\/talkpal.ai\/so\/"},{"@type":"ListItem","position":2,"name":"Naxwaha Czech"}]},{"@type":"WebSite","@id":"https:\/\/talkpal.ai\/so\/#website","url":"https:\/\/talkpal.ai\/so\/","name":"Talkpal","description":"AI Language Learning","publisher":{"@id":"https:\/\/talkpal.ai\/so\/#organization"},"alternateName":"Talkpal AI","potentialAction":[{"@type":"SearchAction","target":{"@type":"EntryPoint","urlTemplate":"https:\/\/talkpal.ai\/so\/?s={search_term_string}"},"query-input":{"@type":"PropertyValueSpecification","valueRequired":true,"valueName":"search_term_string"}}],"inLanguage":"so-SO"},{"@type":"Organization","@id":"https:\/\/talkpal.ai\/so\/#organization","name":"Talkpal, Inc.","alternateName":"Talkpal AI","url":"https:\/\/talkpal.ai\/so\/","logo":{"@type":"ImageObject","inLanguage":"so-SO","@id":"https:\/\/talkpal.ai\/so\/#\/schema\/logo\/image\/","url":"https:\/\/talkpal.ai\/wp-content\/uploads\/2024\/03\/Talkpal-Logo-Icon.png","contentUrl":"https:\/\/talkpal.ai\/wp-content\/uploads\/2024\/03\/Talkpal-Logo-Icon.png","width":2880,"height":2880,"caption":"Talkpal, Inc."},"image":{"@id":"https:\/\/talkpal.ai\/so\/#\/schema\/logo\/image\/"},"sameAs":["https:\/\/www.facebook.com\/profile.php?id=100090733639311","https:\/\/x.com\/talkpalai","https:\/\/www.linkedin.com\/company\/talkpal\/","https:\/\/www.youtube.com\/@TalkPal\/","https:\/\/www.tiktok.com\/@talkpal","https:\/\/www.instagram.com\/talkpal_ai\/","https:\/\/www.crunchbase.com\/organization\/talkpal-9cde","https:\/\/www.g2.com\/products\/talkpal-for-business\/","https:\/\/www.trustpilot.com\/review\/talkpal.ai","https:\/\/www.capterra.com\/p\/10006800\/TalkPal\/"],"description":"Talkpal is a language learning web and mobile education app, powered by the latest AI technologies, that provides engaging experiences to its customers in many different languages to help them improve their language skills. Users can chat about unlimited amount of topics with the app and use other modes to practice their language learning.","email":"support@talkpal.ai","legalName":"Talkpal, Inc.","foundingDate":"2023-04-03","duns":"118989042","numberOfEmployees":{"@type":"QuantitativeValue","minValue":"11","maxValue":"50"},"publishingPrinciples":"https:\/\/talkpal.ai\/publishing-principles\/","actionableFeedbackPolicy":"https:\/\/talkpal.ai\/actionable-feedback-policy\/","correctionsPolicy":"https:\/\/talkpal.ai\/corrections-policy\/","ethicsPolicy":"https:\/\/talkpal.ai\/ethics-policy\/","diversityPolicy":"https:\/\/talkpal.ai\/diversity-policy\/","diversityStaffingReport":"https:\/\/talkpal.ai\/diversity-policy\/"}]}},"_links":{"self":[{"href":"https:\/\/talkpal.ai\/so\/wp-json\/wp\/v2\/pages\/1443297","targetHints":{"allow":["GET"]}}],"collection":[{"href":"https:\/\/talkpal.ai\/so\/wp-json\/wp\/v2\/pages"}],"about":[{"href":"https:\/\/talkpal.ai\/so\/wp-json\/wp\/v2\/types\/page"}],"author":[{"embeddable":true,"href":"https:\/\/talkpal.ai\/so\/wp-json\/wp\/v2\/users\/1"}],"replies":[{"embeddable":true,"href":"https:\/\/talkpal.ai\/so\/wp-json\/wp\/v2\/comments?post=1443297"}],"version-history":[{"count":0,"href":"https:\/\/talkpal.ai\/so\/wp-json\/wp\/v2\/pages\/1443297\/revisions"}],"wp:featuredmedia":[{"embeddable":true,"href":"https:\/\/talkpal.ai\/so\/wp-json\/wp\/v2\/media\/1443299"}],"wp:attachment":[{"href":"https:\/\/talkpal.ai\/so\/wp-json\/wp\/v2\/media?parent=1443297"}],"curies":[{"name":"wp","href":"https:\/\/api.w.org\/{rel}","templated":true}]}}