{"id":1441945,"date":"2023-12-05T11:40:45","date_gmt":"2023-12-05T11:40:45","guid":{"rendered":"https:\/\/talkpal.ai\/shahaadooyinka-luqadda-faransiiska\/"},"modified":"2026-01-07T15:06:23","modified_gmt":"2026-01-07T15:06:23","slug":"shahaadooyinka-luqadda-faransiiska","status":"publish","type":"page","link":"https:\/\/talkpal.ai\/so\/shahaadooyinka-luqadda-faransiiska\/","title":{"rendered":"Shahaadooyinka Luqadda Faransiiska"},"content":{"rendered":"\r\n\r\n\r\n<section class=\"languageChallengeSection\">\r\n    <div class=\"languageInfoWrapper\">\r\n        \r\n        <h1>Shahaadooyinka Luqadda Faransiiska<\/h1>\r\n        <p>TalkPal waa barnaamij barasho luuqadeed oo AI ay soo saartay kaasoo ka caawin kara isticmaalayaasha inay u diyaar garoobaan imtixaannadan Luqadda Ingiriisiga. Iyada oo diiradda koowaad la saarayo horumarinta xirfadaha hadalka iyo dhegeysiga, TalkPal waxa ay bixisa wada sheekaysi is dhexgal oo macquul ah iyo ku dhaqanka ku dhawaaqida. Dabeecaddeeda AI waxay ogolaataa jawaab celin shaqsiyeed, ka caawinta isticmaalayaasha inay fahmaan horumarkooda iyo meelaha ay ku horumariyaan. Shahaadooyinka <a href=\"https:\/\/talkpal.ai\/so\/koorsooyinka-luqadda-faransiiska\/\">luqadda Faransiiska<\/a> waa shahaadooyin rasmi ah oo muujinaya aqoonta qofka ee Faransiiska, waxaana laga aqoonsan yahay adduunka oo dhan. Waxaa ku jira imtixaanada sida DELF\/DALF, TEF, TCF, iyo TEFAQ. Mid kasta oo ka mid ah imtixaanadani waxay qiimeeyaan heerarka kala duwan ee aqoonta luqadda kuwa aan ku hadlin Faransiiska hooyo waxayna u dhaqmaan sidii caddayn la aqoonsan yahay ee xirfadaha luqadda Faransiiska machadyada waxbarashada iyo loo shaqeeyayaasha.<\/p>\r\n\r\n                            <a class=\"getStartedHidden\" href=\"https:\/\/app.talkpal.ai\/signup?lng=\">Bilow<\/a>\r\n        \r\n    <\/div>\r\n\r\n    <figure>\r\n    <img decoding=\"async\" width=\"768\" height=\"768\" src=\"https:\/\/talkpal.ai\/wp-content\/uploads\/2026\/01\/curly-girl-with-phone-light-background-768x768.webp\" class=\"languageImage no-lazy\" alt=\"Default alt text\" fetchpriority=\"high\" sizes=\"(max-width: 768px) 150px, 768px\" srcset=\"https:\/\/talkpal.ai\/wp-content\/uploads\/2026\/01\/curly-girl-with-phone-light-background-768x768.webp 768w, https:\/\/talkpal.ai\/wp-content\/uploads\/2026\/01\/curly-girl-with-phone-light-background-300x300.webp 300w\" \/>\r\n    \r\n\r\n    <\/figure>\r\n\r\n            <a class=\"getStartedVisible\" href=\"https:\/\/app.talkpal.ai\/signup?lng=\">Bilow<\/a>\r\n    \r\n<\/section>\n<div class=\"wp-block-group pageContainerStyle\"><div class=\"wp-block-group__inner-container is-layout-constrained wp-block-group-is-layout-constrained\">\n<h2 class=\"wp-block-heading\" id=\"h-french-language-certificates\">Shahaadooyinka Luqadda Faransiiska<\/h2>\n\n\n\r\n                    <div class=\"methodWraper\">\r\n            <div class=\"methodContent\">\r\n                <img decoding=\"async\" src=\"https:\/\/talkpal.ai\/wp-content\/uploads\/2025\/05\/check_icon.png\" alt=\"Checkmark Icon\">\r\n                <h3>DELF\/DALF:<\/h3>\r\n            <\/div>\r\n            <p>Shahaado rasmi ah oo ay bixiso Wasaaradda Waxbarashada Faransiiska, Dipl\u00f4me d&#039;Etudes en Langue Fran\u00e7aise (DELF) iyo Dipl\u00f4me Approfondi de Langue Fran\u00e7aise (DALF) waxay dabooshaa afar xirfadood oo luqadeed, oo ay ku jiraan ku hadalka iyo dhegeysiga.<\/p>\r\n        <\/div>\r\n                    <div class=\"methodWraper\">\r\n            <div class=\"methodContent\">\r\n                <img decoding=\"async\" src=\"https:\/\/talkpal.ai\/wp-content\/uploads\/2025\/05\/check_icon.png\" alt=\"Checkmark Icon\">\r\n                <h3>TEF:<\/h3>\r\n            <\/div>\r\n            <p>Test d&#039;Evaluation de Fran\u00e7ais (TEF) waa qalab qiimayn luuqadeed oo dhamaystiran oo loo isticmaalo in lagu qiimeeyo aqoonta shakhsiga ee Faransiiska. Imtixaankan wuxuu inta badan diiradda saarayaa qiimeynta xirfadaha qorista iyo hadalka ee musharraxiinta.<\/p>\r\n        <\/div>\r\n                    <div class=\"methodWraper\">\r\n            <div class=\"methodContent\">\r\n                <img decoding=\"async\" src=\"https:\/\/talkpal.ai\/wp-content\/uploads\/2025\/05\/check_icon.png\" alt=\"Checkmark Icon\">\r\n                <h3>TCF:<\/h3>\r\n            <\/div>\r\n            <p>Test de Connaissance du Fran\u00e7ais (TCF) sidoo kale waa imtixaan aqoonta luuqada Faransiiska ee rasmiga ah kaas oo inta badan qiimeeya isticmaalayaasha akhriska, qorista, ku hadalka, iyo xirfadaha dhageysiga.<\/p>\r\n        <\/div>\r\n                    <div class=\"methodWraper\">\r\n            <div class=\"methodContent\">\r\n                <img decoding=\"async\" src=\"https:\/\/talkpal.ai\/wp-content\/uploads\/2025\/05\/check_icon.png\" alt=\"Checkmark Icon\">\r\n                <h3>TEFAQ:<\/h3>\r\n            <\/div>\r\n            <p>Test d&#039;Evaluation de Fran\u00e7ais adapt\u00e9 au Qu\u00e9bec (TEFAQ) waxaa si gaar ah loogu talagalay dadka raba in ay u haajiraan Quebec, oo ah gobol ay ku hadlaan Faransiis inta badan ee Kanada. Imtixaankan wuxuu inta badan diiradda saarayaa dhegeysiga iyo xirfadaha hadalka.<\/p>\r\n        <\/div>\r\n    <\/div><\/div>\n","protected":false},"excerpt":{"rendered":"<p>Shahaadooyinka Luqadda Faransiiska<\/p>\n","protected":false},"author":8,"featured_media":1440353,"parent":0,"menu_order":0,"comment_status":"closed","ping_status":"closed","template":"LearningContentPage.php","meta":{"_acf_changed":false,"footnotes":""},"class_list":["post-1441945","page","type-page","status-publish","has-post-thumbnail","hentry"],"acf":[],"yoast_head":"<!-- This site is optimized with the Yoast SEO Premium plugin v27.2 (Yoast SEO v27.2) - https:\/\/yoast.com\/product\/yoast-seo-premium-wordpress\/ -->\n<title>Shahaadooyinka Luqadda Faransiiska - Talkpal<\/title>\n<meta name=\"description\" content=\"Soo hel shahaadooyinka luqadda Faransiiska ee muhiimka ah sida DELF, DALF, TEF, iyo TCF si loo caddeeyo aqoonta.\" \/>\n<meta name=\"robots\" content=\"index, follow, max-snippet:-1, max-image-preview:large, max-video-preview:-1\" \/>\n<link rel=\"canonical\" href=\"https:\/\/talkpal.ai\/so\/shahaadooyinka-luqadda-faransiiska\/\" \/>\n<meta property=\"og:locale\" content=\"so_SO\" \/>\n<meta property=\"og:type\" content=\"article\" \/>\n<meta property=\"og:title\" content=\"Shahaadooyinka Luqadda Faransiiska\" \/>\n<meta property=\"og:description\" content=\"Shahaadooyinka Luqadda Faransiiska\" \/>\n<meta property=\"og:url\" content=\"https:\/\/talkpal.ai\/so\/shahaadooyinka-luqadda-faransiiska\/\" \/>\n<meta property=\"og:site_name\" content=\"Talkpal\" \/>\n<meta property=\"article:publisher\" content=\"https:\/\/www.facebook.com\/profile.php?id=100090733639311\" \/>\n<meta property=\"article:modified_time\" content=\"2026-01-07T15:06:23+00:00\" \/>\n<meta property=\"og:image\" content=\"https:\/\/talkpal.ai\/wp-content\/uploads\/2023\/03\/france.png\" \/>\n\t<meta property=\"og:image:width\" content=\"512\" \/>\n\t<meta property=\"og:image:height\" content=\"512\" \/>\n\t<meta property=\"og:image:type\" content=\"image\/png\" \/>\n<meta name=\"twitter:card\" content=\"summary_large_image\" \/>\n<meta name=\"twitter:site\" content=\"@talkpalai\" \/>\n<script type=\"application\/ld+json\" class=\"yoast-schema-graph\">{\"@context\":\"https:\/\/schema.org\",\"@graph\":[{\"@type\":\"WebPage\",\"@id\":\"https:\/\/talkpal.ai\/so\/shahaadooyinka-luqadda-faransiiska\/\",\"url\":\"https:\/\/talkpal.ai\/so\/shahaadooyinka-luqadda-faransiiska\/\",\"name\":\"Shahaadooyinka Luqadda Faransiiska - Talkpal\",\"isPartOf\":{\"@id\":\"https:\/\/talkpal.ai\/so\/#website\"},\"primaryImageOfPage\":{\"@id\":\"https:\/\/talkpal.ai\/so\/shahaadooyinka-luqadda-faransiiska\/#primaryimage\"},\"image\":{\"@id\":\"https:\/\/talkpal.ai\/so\/shahaadooyinka-luqadda-faransiiska\/#primaryimage\"},\"thumbnailUrl\":\"https:\/\/talkpal.ai\/wp-content\/uploads\/2023\/03\/france.png\",\"datePublished\":\"2023-12-05T11:40:45+00:00\",\"dateModified\":\"2026-01-07T15:06:23+00:00\",\"description\":\"Soo hel shahaadooyinka luqadda Faransiiska ee muhiimka ah sida DELF, DALF, TEF, iyo TCF si loo caddeeyo aqoonta.\",\"breadcrumb\":{\"@id\":\"https:\/\/talkpal.ai\/so\/shahaadooyinka-luqadda-faransiiska\/#breadcrumb\"},\"inLanguage\":\"so-SO\",\"potentialAction\":[{\"@type\":\"ReadAction\",\"target\":[\"https:\/\/talkpal.ai\/so\/shahaadooyinka-luqadda-faransiiska\/\"]}]},{\"@type\":\"ImageObject\",\"inLanguage\":\"so-SO\",\"@id\":\"https:\/\/talkpal.ai\/so\/shahaadooyinka-luqadda-faransiiska\/#primaryimage\",\"url\":\"https:\/\/talkpal.ai\/wp-content\/uploads\/2023\/03\/france.png\",\"contentUrl\":\"https:\/\/talkpal.ai\/wp-content\/uploads\/2023\/03\/france.png\",\"width\":512,\"height\":512,\"caption\":\"TalkPal AI learn French\"},{\"@type\":\"BreadcrumbList\",\"@id\":\"https:\/\/talkpal.ai\/so\/shahaadooyinka-luqadda-faransiiska\/#breadcrumb\",\"itemListElement\":[{\"@type\":\"ListItem\",\"position\":1,\"name\":\"Homepage\",\"item\":\"https:\/\/talkpal.ai\/so\/\"},{\"@type\":\"ListItem\",\"position\":2,\"name\":\"Shahaadooyinka Luqadda Faransiiska\"}]},{\"@type\":\"WebSite\",\"@id\":\"https:\/\/talkpal.ai\/so\/#website\",\"url\":\"https:\/\/talkpal.ai\/so\/\",\"name\":\"Talkpal\",\"description\":\"AI Language Learning\",\"publisher\":{\"@id\":\"https:\/\/talkpal.ai\/so\/#organization\"},\"alternateName\":\"Talkpal AI\",\"potentialAction\":[{\"@type\":\"SearchAction\",\"target\":{\"@type\":\"EntryPoint\",\"urlTemplate\":\"https:\/\/talkpal.ai\/so\/?s={search_term_string}\"},\"query-input\":{\"@type\":\"PropertyValueSpecification\",\"valueRequired\":true,\"valueName\":\"search_term_string\"}}],\"inLanguage\":\"so-SO\"},{\"@type\":\"Organization\",\"@id\":\"https:\/\/talkpal.ai\/so\/#organization\",\"name\":\"Talkpal, Inc.\",\"alternateName\":\"Talkpal AI\",\"url\":\"https:\/\/talkpal.ai\/so\/\",\"logo\":{\"@type\":\"ImageObject\",\"inLanguage\":\"so-SO\",\"@id\":\"https:\/\/talkpal.ai\/so\/#\/schema\/logo\/image\/\",\"url\":\"https:\/\/talkpal.ai\/wp-content\/uploads\/2024\/03\/Talkpal-Logo-Icon.png\",\"contentUrl\":\"https:\/\/talkpal.ai\/wp-content\/uploads\/2024\/03\/Talkpal-Logo-Icon.png\",\"width\":2880,\"height\":2880,\"caption\":\"Talkpal, Inc.\"},\"image\":{\"@id\":\"https:\/\/talkpal.ai\/so\/#\/schema\/logo\/image\/\"},\"sameAs\":[\"https:\/\/www.facebook.com\/profile.php?id=100090733639311\",\"https:\/\/x.com\/talkpalai\",\"https:\/\/www.linkedin.com\/company\/talkpal\/\",\"https:\/\/www.youtube.com\/@TalkPal\/\",\"https:\/\/www.tiktok.com\/@talkpal\",\"https:\/\/www.instagram.com\/talkpal_ai\/\",\"https:\/\/www.crunchbase.com\/organization\/talkpal-9cde\",\"https:\/\/www.g2.com\/products\/talkpal-for-business\/\",\"https:\/\/www.trustpilot.com\/review\/talkpal.ai\",\"https:\/\/www.capterra.com\/p\/10006800\/TalkPal\/\"],\"description\":\"Talkpal is a language learning web and mobile education app, powered by the latest AI technologies, that provides engaging experiences to its customers in many different languages to help them improve their language skills. Users can chat about unlimited amount of topics with the app and use other modes to practice their language learning.\",\"email\":\"support@talkpal.ai\",\"legalName\":\"Talkpal, Inc.\",\"foundingDate\":\"2023-04-03\",\"duns\":\"118989042\",\"numberOfEmployees\":{\"@type\":\"QuantitativeValue\",\"minValue\":\"11\",\"maxValue\":\"50\"},\"publishingPrinciples\":\"https:\/\/talkpal.ai\/publishing-principles\/\",\"actionableFeedbackPolicy\":\"https:\/\/talkpal.ai\/actionable-feedback-policy\/\",\"correctionsPolicy\":\"https:\/\/talkpal.ai\/corrections-policy\/\",\"ethicsPolicy\":\"https:\/\/talkpal.ai\/ethics-policy\/\",\"diversityPolicy\":\"https:\/\/talkpal.ai\/diversity-policy\/\",\"diversityStaffingReport\":\"https:\/\/talkpal.ai\/diversity-policy\/\"}]}<\/script>\n<!-- \/ Yoast SEO Premium plugin. -->","yoast_head_json":{"title":"Shahaadooyinka Luqadda Faransiiska - Talkpal","description":"Soo hel shahaadooyinka luqadda Faransiiska ee muhiimka ah sida DELF, DALF, TEF, iyo TCF si loo caddeeyo aqoonta.","robots":{"index":"index","follow":"follow","max-snippet":"max-snippet:-1","max-image-preview":"max-image-preview:large","max-video-preview":"max-video-preview:-1"},"canonical":"https:\/\/talkpal.ai\/so\/shahaadooyinka-luqadda-faransiiska\/","og_locale":"so_SO","og_type":"article","og_title":"Shahaadooyinka Luqadda Faransiiska","og_description":"Shahaadooyinka Luqadda Faransiiska","og_url":"https:\/\/talkpal.ai\/so\/shahaadooyinka-luqadda-faransiiska\/","og_site_name":"Talkpal","article_publisher":"https:\/\/www.facebook.com\/profile.php?id=100090733639311","article_modified_time":"2026-01-07T15:06:23+00:00","og_image":[{"width":512,"height":512,"url":"https:\/\/talkpal.ai\/wp-content\/uploads\/2023\/03\/france.png","type":"image\/png"}],"twitter_card":"summary_large_image","twitter_site":"@talkpalai","schema":{"@context":"https:\/\/schema.org","@graph":[{"@type":"WebPage","@id":"https:\/\/talkpal.ai\/so\/shahaadooyinka-luqadda-faransiiska\/","url":"https:\/\/talkpal.ai\/so\/shahaadooyinka-luqadda-faransiiska\/","name":"Shahaadooyinka Luqadda Faransiiska - Talkpal","isPartOf":{"@id":"https:\/\/talkpal.ai\/so\/#website"},"primaryImageOfPage":{"@id":"https:\/\/talkpal.ai\/so\/shahaadooyinka-luqadda-faransiiska\/#primaryimage"},"image":{"@id":"https:\/\/talkpal.ai\/so\/shahaadooyinka-luqadda-faransiiska\/#primaryimage"},"thumbnailUrl":"https:\/\/talkpal.ai\/wp-content\/uploads\/2023\/03\/france.png","datePublished":"2023-12-05T11:40:45+00:00","dateModified":"2026-01-07T15:06:23+00:00","description":"Soo hel shahaadooyinka luqadda Faransiiska ee muhiimka ah sida DELF, DALF, TEF, iyo TCF si loo caddeeyo aqoonta.","breadcrumb":{"@id":"https:\/\/talkpal.ai\/so\/shahaadooyinka-luqadda-faransiiska\/#breadcrumb"},"inLanguage":"so-SO","potentialAction":[{"@type":"ReadAction","target":["https:\/\/talkpal.ai\/so\/shahaadooyinka-luqadda-faransiiska\/"]}]},{"@type":"ImageObject","inLanguage":"so-SO","@id":"https:\/\/talkpal.ai\/so\/shahaadooyinka-luqadda-faransiiska\/#primaryimage","url":"https:\/\/talkpal.ai\/wp-content\/uploads\/2023\/03\/france.png","contentUrl":"https:\/\/talkpal.ai\/wp-content\/uploads\/2023\/03\/france.png","width":512,"height":512,"caption":"TalkPal AI learn French"},{"@type":"BreadcrumbList","@id":"https:\/\/talkpal.ai\/so\/shahaadooyinka-luqadda-faransiiska\/#breadcrumb","itemListElement":[{"@type":"ListItem","position":1,"name":"Homepage","item":"https:\/\/talkpal.ai\/so\/"},{"@type":"ListItem","position":2,"name":"Shahaadooyinka Luqadda Faransiiska"}]},{"@type":"WebSite","@id":"https:\/\/talkpal.ai\/so\/#website","url":"https:\/\/talkpal.ai\/so\/","name":"Talkpal","description":"AI Language Learning","publisher":{"@id":"https:\/\/talkpal.ai\/so\/#organization"},"alternateName":"Talkpal AI","potentialAction":[{"@type":"SearchAction","target":{"@type":"EntryPoint","urlTemplate":"https:\/\/talkpal.ai\/so\/?s={search_term_string}"},"query-input":{"@type":"PropertyValueSpecification","valueRequired":true,"valueName":"search_term_string"}}],"inLanguage":"so-SO"},{"@type":"Organization","@id":"https:\/\/talkpal.ai\/so\/#organization","name":"Talkpal, Inc.","alternateName":"Talkpal AI","url":"https:\/\/talkpal.ai\/so\/","logo":{"@type":"ImageObject","inLanguage":"so-SO","@id":"https:\/\/talkpal.ai\/so\/#\/schema\/logo\/image\/","url":"https:\/\/talkpal.ai\/wp-content\/uploads\/2024\/03\/Talkpal-Logo-Icon.png","contentUrl":"https:\/\/talkpal.ai\/wp-content\/uploads\/2024\/03\/Talkpal-Logo-Icon.png","width":2880,"height":2880,"caption":"Talkpal, Inc."},"image":{"@id":"https:\/\/talkpal.ai\/so\/#\/schema\/logo\/image\/"},"sameAs":["https:\/\/www.facebook.com\/profile.php?id=100090733639311","https:\/\/x.com\/talkpalai","https:\/\/www.linkedin.com\/company\/talkpal\/","https:\/\/www.youtube.com\/@TalkPal\/","https:\/\/www.tiktok.com\/@talkpal","https:\/\/www.instagram.com\/talkpal_ai\/","https:\/\/www.crunchbase.com\/organization\/talkpal-9cde","https:\/\/www.g2.com\/products\/talkpal-for-business\/","https:\/\/www.trustpilot.com\/review\/talkpal.ai","https:\/\/www.capterra.com\/p\/10006800\/TalkPal\/"],"description":"Talkpal is a language learning web and mobile education app, powered by the latest AI technologies, that provides engaging experiences to its customers in many different languages to help them improve their language skills. Users can chat about unlimited amount of topics with the app and use other modes to practice their language learning.","email":"support@talkpal.ai","legalName":"Talkpal, Inc.","foundingDate":"2023-04-03","duns":"118989042","numberOfEmployees":{"@type":"QuantitativeValue","minValue":"11","maxValue":"50"},"publishingPrinciples":"https:\/\/talkpal.ai\/publishing-principles\/","actionableFeedbackPolicy":"https:\/\/talkpal.ai\/actionable-feedback-policy\/","correctionsPolicy":"https:\/\/talkpal.ai\/corrections-policy\/","ethicsPolicy":"https:\/\/talkpal.ai\/ethics-policy\/","diversityPolicy":"https:\/\/talkpal.ai\/diversity-policy\/","diversityStaffingReport":"https:\/\/talkpal.ai\/diversity-policy\/"}]}},"_links":{"self":[{"href":"https:\/\/talkpal.ai\/so\/wp-json\/wp\/v2\/pages\/1441945","targetHints":{"allow":["GET"]}}],"collection":[{"href":"https:\/\/talkpal.ai\/so\/wp-json\/wp\/v2\/pages"}],"about":[{"href":"https:\/\/talkpal.ai\/so\/wp-json\/wp\/v2\/types\/page"}],"author":[{"embeddable":true,"href":"https:\/\/talkpal.ai\/so\/wp-json\/wp\/v2\/users\/8"}],"replies":[{"embeddable":true,"href":"https:\/\/talkpal.ai\/so\/wp-json\/wp\/v2\/comments?post=1441945"}],"version-history":[{"count":0,"href":"https:\/\/talkpal.ai\/so\/wp-json\/wp\/v2\/pages\/1441945\/revisions"}],"wp:featuredmedia":[{"embeddable":true,"href":"https:\/\/talkpal.ai\/so\/wp-json\/wp\/v2\/media\/1440353"}],"wp:attachment":[{"href":"https:\/\/talkpal.ai\/so\/wp-json\/wp\/v2\/media?parent=1441945"}],"curies":[{"name":"wp","href":"https:\/\/api.w.org\/{rel}","templated":true}]}}